{"id":21800,"date":"2022-08-02T11:34:03","date_gmt":"2022-08-02T11:34:03","guid":{"rendered":"https:\/\/mythslegendes.com\/?page_id=21800"},"modified":"2022-08-02T11:44:34","modified_gmt":"2022-08-02T11:44:34","slug":"rituels-yezidis","status":"publish","type":"page","link":"https:\/\/mythslegendes.com\/es\/mitologia-kurda\/rituales-yezidi\/","title":{"rendered":"rituales yazid\u00edes"},"content":{"rendered":"<div data-elementor-type=\"wp-page\" data-elementor-id=\"21800\" class=\"elementor elementor-21800\">\n\t\t\t\t\t\t<section class=\"elementor-section elementor-top-section elementor-element elementor-element-9fee265 elementor-section-boxed elementor-section-height-default elementor-section-height-default\" data-id=\"9fee265\" data-element_type=\"section\" data-e-type=\"section\">\n\t\t\t\t\t\t<div class=\"elementor-container elementor-column-gap-default\">\n\t\t\t\t\t<div class=\"elementor-column elementor-col-50 elementor-top-column elementor-element elementor-element-b6719f8\" data-id=\"b6719f8\" data-element_type=\"column\" data-e-type=\"column\">\n\t\t\t<div class=\"elementor-widget-wrap elementor-element-populated\">\n\t\t\t\t\t\t<div class=\"elementor-element elementor-element-87965c3 elementor-align-justify elementor-widget elementor-widget-button\" data-id=\"87965c3\" data-element_type=\"widget\" data-e-type=\"widget\" data-widget_type=\"button.default\">\n\t\t\t\t<div class=\"elementor-widget-container\">\n\t\t\t\t\t\t\t\t\t<div class=\"elementor-button-wrapper\">\n\t\t\t\t\t<a class=\"elementor-button elementor-button-link elementor-size-sm\" href=\"https:\/\/mythslegendes.com\/es\/mitologia-kurda\/\">\n\t\t\t\t\t\t<span class=\"elementor-button-content-wrapper\">\n\t\t\t\t\t\t\t\t\t<span class=\"elementor-button-text\">Mitolog\u00eda kurda<\/span>\n\t\t\t\t\t<\/span>\n\t\t\t\t\t<\/a>\n\t\t\t\t<\/div>\n\t\t\t\t\t\t\t\t<\/div>\n\t\t\t\t<\/div>\n\t\t\t\t\t<\/div>\n\t\t<\/div>\n\t\t\t\t<div class=\"elementor-column elementor-col-50 elementor-top-column elementor-element elementor-element-670daa9\" data-id=\"670daa9\" data-element_type=\"column\" data-e-type=\"column\">\n\t\t\t<div class=\"elementor-widget-wrap elementor-element-populated\">\n\t\t\t\t\t\t<div class=\"elementor-element elementor-element-9029ecb elementor-align-justify elementor-widget elementor-widget-button\" data-id=\"9029ecb\" data-element_type=\"widget\" data-e-type=\"widget\" data-widget_type=\"button.default\">\n\t\t\t\t<div class=\"elementor-widget-container\">\n\t\t\t\t\t\t\t\t\t<div class=\"elementor-button-wrapper\">\n\t\t\t\t\t<a class=\"elementor-button elementor-button-link elementor-size-sm\" href=\"https:\/\/servantgroup.org\/yezidi-theology-oral-tradition-and-ritual\/\" target=\"_blank\" rel=\"noopener\">\n\t\t\t\t\t\t<span class=\"elementor-button-content-wrapper\">\n\t\t\t\t\t\t\t\t\t<span class=\"elementor-button-text\">Wiki<\/span>\n\t\t\t\t\t<\/span>\n\t\t\t\t\t<\/a>\n\t\t\t\t<\/div>\n\t\t\t\t\t\t\t\t<\/div>\n\t\t\t\t<\/div>\n\t\t\t\t\t<\/div>\n\t\t<\/div>\n\t\t\t\t\t<\/div>\n\t\t<\/section>\n\t\t\t\t<section class=\"elementor-section elementor-top-section elementor-element elementor-element-aaefdbd elementor-section-boxed elementor-section-height-default elementor-section-height-default\" data-id=\"aaefdbd\" data-element_type=\"section\" data-e-type=\"section\">\n\t\t\t\t\t\t<div class=\"elementor-container elementor-column-gap-default\">\n\t\t\t\t\t<div class=\"elementor-column elementor-col-100 elementor-top-column elementor-element elementor-element-4313b59\" data-id=\"4313b59\" data-element_type=\"column\" data-e-type=\"column\">\n\t\t\t<div class=\"elementor-widget-wrap elementor-element-populated\">\n\t\t\t\t\t\t<div class=\"elementor-element elementor-element-d759fc7 elementor-widget elementor-widget-text-editor\" data-id=\"d759fc7\" data-element_type=\"widget\" data-e-type=\"widget\" data-widget_type=\"text-editor.default\">\n\t\t\t\t<div class=\"elementor-widget-container\">\n\t\t\t\t\t\t\t\t\t<p>Como la mayor\u00eda de las religiones, la vida est\u00e1 salpicada de rituales. Aqu\u00ed hay una muestra de los rituales. <a href=\"https:\/\/mythslegendes.com\/es\/mitologia-kurda\/\">yazidis<\/a>.<\/p><p><img decoding=\"async\" class=\"alignnone wp-image-9347 size-full\" src=\"http:\/\/mythslegendes.com\/wp-content\/uploads\/2020\/09\/cropped-AlphaOmega-e1602613368367.png\" alt=\"rituales yazid\u00edes\" width=\"25\" height=\"25\" title=\"\"><\/p>\t\t\t\t\t\t\t\t<\/div>\n\t\t\t\t<\/div>\n\t\t\t\t\t<\/div>\n\t\t<\/div>\n\t\t\t\t\t<\/div>\n\t\t<\/section>\n\t\t\t\t<section class=\"elementor-section elementor-top-section elementor-element elementor-element-b82e443 elementor-section-boxed elementor-section-height-default elementor-section-height-default\" data-id=\"b82e443\" data-element_type=\"section\" data-e-type=\"section\">\n\t\t\t\t\t\t<div class=\"elementor-container elementor-column-gap-default\">\n\t\t\t\t\t<div class=\"elementor-column elementor-col-100 elementor-top-column elementor-element elementor-element-0741219\" data-id=\"0741219\" data-element_type=\"column\" data-e-type=\"column\">\n\t\t\t<div class=\"elementor-widget-wrap elementor-element-populated\">\n\t\t\t\t\t\t<div class=\"elementor-element elementor-element-512af1d elementor-widget elementor-widget-heading\" data-id=\"512af1d\" data-element_type=\"widget\" data-e-type=\"widget\" data-widget_type=\"heading.default\">\n\t\t\t\t<div class=\"elementor-widget-container\">\n\t\t\t\t\t<div id=\"ez-toc-container\" class=\"ez-toc-v2_0_82_2 counter-hierarchy ez-toc-counter ez-toc-grey ez-toc-container-direction\">\n<div class=\"ez-toc-title-container\">\n<p class=\"ez-toc-title\" style=\"cursor:inherit\">Contenido<\/p>\n<span class=\"ez-toc-title-toggle\"><a href=\"#\" class=\"ez-toc-pull-right ez-toc-btn ez-toc-btn-xs ez-toc-btn-default ez-toc-toggle\" aria-label=\"Alternar tabla de contenidos\"><span class=\"ez-toc-js-icon-con\"><span class=\"\"><span class=\"eztoc-hide\" style=\"display:none;\">Palanca<\/span><span class=\"ez-toc-icon-toggle-span\"><svg style=\"fill: #999;color:#999\" xmlns=\"http:\/\/www.w3.org\/2000\/svg\" class=\"list-377408\" width=\"20px\" height=\"20px\" viewbox=\"0 0 24 24\" fill=\"none\"><path d=\"M6 6H4v2h2V6zm14 0H8v2h12V6zM4 11h2v2H4v-2zm16 0H8v2h12v-2zM4 16h2v2H4v-2zm16 0H8v2h12v-2z\" fill=\"currentColor\"><\/path><\/svg><svg style=\"fill: #999;color:#999\" class=\"arrow-unsorted-368013\" xmlns=\"http:\/\/www.w3.org\/2000\/svg\" width=\"10px\" height=\"10px\" viewbox=\"0 0 24 24\" version=\"1.2\" baseprofile=\"tiny\"><path d=\"M18.2 9.3l-6.2-6.3-6.2 6.3c-.2.2-.3.4-.3.7s.1.5.3.7c.2.2.4.3.7.3h11c.3 0 .5-.1.7-.3.2-.2.3-.5.3-.7s-.1-.5-.3-.7zM5.8 14.7l6.2 6.3 6.2-6.3c.2-.2.3-.5.3-.7s-.1-.5-.3-.7c-.2-.2-.4-.3-.7-.3h-11c-.3 0-.5.1-.7.3-.2.2-.3.5-.3.7s.1.5.3.7z\"\/><\/svg><\/span><\/span><\/span><\/a><\/span><\/div>\n<nav><ul class='ez-toc-list ez-toc-list-level-1' ><li class='ez-toc-page-1 ez-toc-heading-level-2'><a class=\"ez-toc-link ez-toc-heading-1\" href=\"https:\/\/mythslegendes.com\/es\/mitologia-kurda\/rituales-yezidi\/#Rituels-Yezidis-prieres-et-jeuns\" >Rituales Yazidi: oraci\u00f3n y ayuno<\/a><\/li><li class='ez-toc-page-1 ez-toc-heading-level-2'><a class=\"ez-toc-link ez-toc-heading-2\" href=\"https:\/\/mythslegendes.com\/es\/mitologia-kurda\/rituales-yezidi\/#Rituels-Yezidis-de-Passage\" >Rituales de paso yazidi<\/a><ul class='ez-toc-list-level-3' ><li class='ez-toc-heading-level-3'><a class=\"ez-toc-link ez-toc-heading-3\" href=\"https:\/\/mythslegendes.com\/es\/mitologia-kurda\/rituales-yezidi\/#Premier-des-Rituels-Yezidis-la-coupe-de-cheveux\" >Primero de los Rituales Yazidi, el corte de pelo<\/a><\/li><li class='ez-toc-page-1 ez-toc-heading-level-3'><a class=\"ez-toc-link ez-toc-heading-4\" href=\"https:\/\/mythslegendes.com\/es\/mitologia-kurda\/rituales-yezidi\/#Rituels-Yezidis-et-bapteme\" >Rituales yazidi y bautismo<\/a><\/li><li class='ez-toc-page-1 ez-toc-heading-level-3'><a class=\"ez-toc-link ez-toc-heading-5\" href=\"https:\/\/mythslegendes.com\/es\/mitologia-kurda\/rituales-yezidi\/#Rituels-Yezidis-et-circoncision\" >Rituales yazid\u00edes y circuncisi\u00f3n<\/a><\/li><li class='ez-toc-page-1 ez-toc-heading-level-3'><a class=\"ez-toc-link ez-toc-heading-6\" href=\"https:\/\/mythslegendes.com\/es\/mitologia-kurda\/rituales-yezidi\/#Rituels-yezidis-les-freres-de-lau-dela\" >Rituales yazid\u00edes, los hermanos del m\u00e1s all\u00e1<\/a><\/li><li class='ez-toc-page-1 ez-toc-heading-level-3'><a class=\"ez-toc-link ez-toc-heading-7\" href=\"https:\/\/mythslegendes.com\/es\/mitologia-kurda\/rituales-yezidi\/#Mariages-arranges\" >Matrimonios arreglados<\/a><\/li><li class='ez-toc-page-1 ez-toc-heading-level-3'><a class=\"ez-toc-link ez-toc-heading-8\" href=\"https:\/\/mythslegendes.com\/es\/mitologia-kurda\/rituales-yezidi\/#Les-rituels-yezidis-a-la-mort\" >Rituales de muerte yazidi<\/a><\/li><\/ul><\/li><\/ul><\/nav><\/div>\n<h2 class=\"elementor-heading-title elementor-size-default\"><span class=\"ez-toc-section\" id=\"Rituels-Yezidis-prieres-et-jeuns\"><\/span>Rituales Yazidi: oraci\u00f3n y ayuno<span class=\"ez-toc-section-end\"><\/span><\/h2>\t\t\t\t<\/div>\n\t\t\t\t<\/div>\n\t\t\t\t\t<\/div>\n\t\t<\/div>\n\t\t\t\t\t<\/div>\n\t\t<\/section>\n\t\t\t\t<section class=\"elementor-section elementor-top-section elementor-element elementor-element-49768ca elementor-section-boxed elementor-section-height-default elementor-section-height-default\" data-id=\"49768ca\" data-element_type=\"section\" data-e-type=\"section\">\n\t\t\t\t\t\t<div class=\"elementor-container elementor-column-gap-default\">\n\t\t\t\t\t<div class=\"elementor-column elementor-col-100 elementor-top-column elementor-element elementor-element-63304ec\" data-id=\"63304ec\" data-element_type=\"column\" data-e-type=\"column\">\n\t\t\t<div class=\"elementor-widget-wrap elementor-element-populated\">\n\t\t\t\t\t\t<div class=\"elementor-element elementor-element-0308fa5 elementor-widget elementor-widget-text-editor\" data-id=\"0308fa5\" data-element_type=\"widget\" data-e-type=\"widget\" data-widget_type=\"text-editor.default\">\n\t\t\t\t<div class=\"elementor-widget-container\">\n\t\t\t\t\t\t\t\t\t<p>Siguen varios rituales Yazidi similares a otras religiones. Rezan, ayunan, observan d\u00edas santos y hacen peregrinaciones.<\/p><p>Sin embargo, no se requiere que ning\u00fan Yazidi ore, ni hay tiempos fijos para la oraci\u00f3n colectiva o individual. Los m\u00e1s religiosos rezan en tres momentos fijos del d\u00eda; amanecer, ma\u00f1ana y atardecer. Cuando oran, primero deben lavarse las manos y la cara, cruzar los brazos sobre el cuerpo y levantar la cara hacia el sol. No hay oraciones de memoria para decir. Todas las oraciones est\u00e1n dirigidas a Tawsi Melek o Shams (el sol). La mayor\u00eda de las oraciones se realizan de pie y terminan besando el borde de su vestido o una pared orientada al este.<\/p><p>El ayuno generalmente solo se practica durante tres d\u00edas cada diciembre. Nuevamente, esto no es un requisito, sino algo que hacen las personas m\u00e1s religiosas. Est\u00e1 hecho en memoria del sult\u00e1n Ezi. Aquellos en los niveles m\u00e1s altos de los estratos religiosos y sociales ayunan durante 40 d\u00edas durante el verano y durante el invierno.<\/p><p>El d\u00eda sagrado de Yazidi es el mi\u00e9rcoles. Al igual que los d\u00edas santos de otras religiones, no se debe hacer ning\u00fan trabajo en el d\u00eda santo. Aquellos lo suficientemente cerca como para visitar un santuario lo har\u00edan en este d\u00eda. Sin embargo, no existe obligaci\u00f3n formal de reunirse con otros miembros de la comunidad o de tener un culto colectivo. Cada Yazidi debe pasar el d\u00eda como desee. Otros d\u00edas festivos requieren peregrinaciones, pero dado que todos vienen con su propio conjunto de rituales y recuerdos, los cubriremos m\u00e1s adelante en su propia secci\u00f3n.<\/p>\t\t\t\t\t\t\t\t<\/div>\n\t\t\t\t<\/div>\n\t\t\t\t\t<\/div>\n\t\t<\/div>\n\t\t\t\t\t<\/div>\n\t\t<\/section>\n\t\t\t\t<section class=\"elementor-section elementor-top-section elementor-element elementor-element-dc38fb8 elementor-section-boxed elementor-section-height-default elementor-section-height-default\" data-id=\"dc38fb8\" data-element_type=\"section\" data-e-type=\"section\">\n\t\t\t\t\t\t<div class=\"elementor-container elementor-column-gap-default\">\n\t\t\t\t\t<div class=\"elementor-column elementor-col-100 elementor-top-column elementor-element elementor-element-439f729\" data-id=\"439f729\" data-element_type=\"column\" data-e-type=\"column\">\n\t\t\t<div class=\"elementor-widget-wrap elementor-element-populated\">\n\t\t\t\t\t\t<div class=\"elementor-element elementor-element-3c9a854 elementor-widget elementor-widget-heading\" data-id=\"3c9a854\" data-element_type=\"widget\" data-e-type=\"widget\" data-widget_type=\"heading.default\">\n\t\t\t\t<div class=\"elementor-widget-container\">\n\t\t\t\t\t<h2 class=\"elementor-heading-title elementor-size-default\"><span class=\"ez-toc-section\" id=\"Rituels-Yezidis-de-Passage\"><\/span>Rituales de paso yazidi<span class=\"ez-toc-section-end\"><\/span><\/h2>\t\t\t\t<\/div>\n\t\t\t\t<\/div>\n\t\t\t\t\t<\/div>\n\t\t<\/div>\n\t\t\t\t\t<\/div>\n\t\t<\/section>\n\t\t\t\t<section class=\"elementor-section elementor-top-section elementor-element elementor-element-61d13c1 elementor-section-boxed elementor-section-height-default elementor-section-height-default\" data-id=\"61d13c1\" data-element_type=\"section\" data-e-type=\"section\">\n\t\t\t\t\t\t<div class=\"elementor-container elementor-column-gap-default\">\n\t\t\t\t\t<div class=\"elementor-column elementor-col-100 elementor-top-column elementor-element elementor-element-d3f097c\" data-id=\"d3f097c\" data-element_type=\"column\" data-e-type=\"column\">\n\t\t\t<div class=\"elementor-widget-wrap elementor-element-populated\">\n\t\t\t\t\t\t<div class=\"elementor-element elementor-element-ff9fa29 elementor-widget elementor-widget-text-editor\" data-id=\"ff9fa29\" data-element_type=\"widget\" data-e-type=\"widget\" data-widget_type=\"text-editor.default\">\n\t\t\t\t<div class=\"elementor-widget-container\">\n\t\t\t\t\t\t\t\t\t<p>Hay seis ritos de iniciaci\u00f3n yazidi por los que pasar\u00e1n todos los hombres y la mayor\u00eda de las mujeres. Los rituales yazid\u00edes son el corte de pelo, el bautismo, la circuncisi\u00f3n, el hermano (o hermana) del m\u00e1s all\u00e1, el matrimonio y el funeral.<\/p><h3><span class=\"ez-toc-section\" id=\"Premier-des-Rituels-Yezidis-la-coupe-de-cheveux\"><\/span>Primero de los Rituales Yazidi, el corte de pelo<span class=\"ez-toc-section-end\"><\/span><\/h3><p>A los ni\u00f1os yazid\u00edes no se les permite cortarse el pelo antes de los seis meses a un a\u00f1o. La tradici\u00f3n es que el &quot;padrino&quot; (hermano del m\u00e1s all\u00e1) del ni\u00f1o corta parte del mech\u00f3n y se lo queda. Se entregan obsequios a la familia del ni\u00f1o y oficialmente se lo considera parte de la sociedad yazid\u00ed.<\/p><h3><span class=\"ez-toc-section\" id=\"Rituels-Yezidis-et-bapteme\"><\/span>Rituales yazidi y bautismo<span class=\"ez-toc-section-end\"><\/span><\/h3><p>Las ni\u00f1as deben esperar para unirse a la sociedad hasta que puedan ser bautizadas. Esto generalmente se hace cuando son muy j\u00f3venes, pero se puede hacer en cualquier momento de la vida de una persona. El ni\u00f1o (hombre o mujer) es bautizado en las aguas del baptisterio de Lalish (el santuario m\u00e1s sagrado de los Yezidi).<\/p><p>Las \u00fanicas personas presentes para el bautismo son el hombre santo, el ni\u00f1o y los padres del ni\u00f1o. El bautismo es m\u00e1s que una simple entrada en la sociedad, tambi\u00e9n indica que el ni\u00f1o ahora es un sirviente del sult\u00e1n Ezi. Este rito de iniciaci\u00f3n es m\u00e1s seguido por aquellos que viven cerca de Lalish en el norte de Irak. Sin embargo, algunos que viven en el extranjero han comenzado a recibir agua bendita. Entonces su hijo puede ser bautizado sin tener que hacer el viaje a \u201ccasa\u201d.<\/p><h3><span class=\"ez-toc-section\" id=\"Rituels-Yezidis-et-circoncision\"><\/span>Rituales yazid\u00edes y circuncisi\u00f3n<span class=\"ez-toc-section-end\"><\/span><\/h3><p>Los varones son circuncidados veinte d\u00edas despu\u00e9s de su bautismo. Los padres eligen un k\u00e9fir para esta ocasi\u00f3n. El k\u00e9fir generalmente se elige de una casta en la que el ni\u00f1o no puede casarse porque el k\u00e9fir se considera un hermano para el ni\u00f1o. A menudo, el k\u00e9fir es alguien fuera de la religi\u00f3n Yazidi. Los musulmanes kurdos a menudo son elegidos para ser k\u00e9fir para fortalecer los lazos con las comunidades externas.<\/p><p>Es posible que algunos yazid\u00edes que viven fuera de Irak no realicen este rito hasta que la persona muera. Creen que todo <a href=\"https:\/\/mythslegendes.com\/es\/mitologia-kurda\/\">yazidi<\/a> el incircunciso es un incr\u00e9dulo y ser\u00e1 castigado en el D\u00eda del Juicio. Si su cultura adoptada desaprueba la circuncisi\u00f3n, pueden esperar hasta el final de la vida de la persona para realizar el rito.<\/p><h3><span class=\"ez-toc-section\" id=\"Rituels-yezidis-les-freres-de-lau-dela\"><\/span>Rituales yazid\u00edes, los hermanos del m\u00e1s all\u00e1<span class=\"ez-toc-section-end\"><\/span><\/h3><p>Los hermanos del m\u00e1s all\u00e1 son elegidos para toda la vida. Cada Yezidi debe tener dos para ayudarlos y protegerlos mientras navegan por los ritos de la vida. Los hombres solo pueden elegir entre las dos clases altas de la sociedad, mientras que las mujeres son libres de elegir lo que quieran. Sin embargo, si una mujer se casa, entonces el hermano o hermana de su esposo se convertir\u00e1 en su hermano (o hermana) del m\u00e1s all\u00e1.<\/p><h3><span class=\"ez-toc-section\" id=\"Mariages-arranges\"><\/span>Matrimonios arreglados<span class=\"ez-toc-section-end\"><\/span><\/h3><p>La mayor\u00eda de los matrimonios se celebran j\u00f3venes (15-16 a\u00f1os) y son arreglados por los padres de la pareja. Al igual que con la mayor\u00eda de las bodas del Medio Oriente, la familia del novio paga el precio de la novia y la boda debe ser realizada por un hombre santo. La novia se somete a la aplicaci\u00f3n de henna, se viste de rojo y es escoltada desde la casa de su familia hasta la de su prometido.<\/p><p>\u00a0Suele haber una oveja sacrificada como sacrificio, seguida de una fiesta y un baile. El matrimonio solo est\u00e1 permitido dentro de la comunidad yazidi, pero incluso eso est\u00e1 limitado por la casta y el estatus social. Las bodas pueden tener lugar en cualquier \u00e9poca del a\u00f1o, excepto durante el mes sagrado de abril.<\/p><h3><span class=\"ez-toc-section\" id=\"Les-rituels-yezidis-a-la-mort\"><\/span>Rituales de muerte yazidi<span class=\"ez-toc-section-end\"><\/span><\/h3><p>Un entierro no significa el paso de un alma, sino solo el final de su tiempo en este cuerpo. El alma transmigrar\u00e1 a un nuevo cuerpo despu\u00e9s de pasar por el D\u00eda del Juicio y no tendr\u00e1 memoria de su vida anterior. El cad\u00e1ver es lavado, vestido con un sudario blanco y colocado en un sarc\u00f3fago. El suelo del santuario de Sheik Adi se coloca en la boca y el cuerpo se entierra con la cabeza hacia el este.<\/p><p>Despu\u00e9s del funeral, la familia le pide a un clarividente que determine el destino del difunto. Si se ve que el alma ha entrado como yazidi, la familia celebra con una fiesta. Si, en cambio, resulta que est\u00e1 alojado en otro ser vivo, la familia ofrece sacrificios para &quot;redimir&quot; su alma.\u00a0<\/p><p>Durante una semana despu\u00e9s de eso, el hermano del m\u00e1s all\u00e1 visita a la familia. Su trabajo es consolar, cantar las alabanzas de Tawsi Melek y compartir los recuerdos felices de los difuntos. Despu\u00e9s de cuatro d\u00edas, se sacrifica un buey en la tumba y su carne se da a los transe\u00fantes como limosna.<\/p>\t\t\t\t\t\t\t\t<\/div>\n\t\t\t\t<\/div>\n\t\t\t\t\t<\/div>\n\t\t<\/div>\n\t\t\t\t\t<\/div>\n\t\t<\/section>\n\t\t\t\t<\/div>","protected":false},"excerpt":{"rendered":"<p>Wiki Mitolog\u00eda kurda Como la mayor\u00eda de las religiones, la vida est\u00e1 marcada por rituales. Aqu\u00ed hay una muestra de los rituales yazid\u00edes. \u2026 <\/p>","protected":false},"author":1,"featured_media":0,"parent":3095,"menu_order":0,"comment_status":"closed","ping_status":"closed","template":"","meta":{"footnotes":""},"class_list":["post-21800","page","type-page","status-publish","hentry"],"amp_enabled":true,"_links":{"self":[{"href":"https:\/\/mythslegendes.com\/es\/wp-json\/wp\/v2\/pages\/21800","targetHints":{"allow":["GET"]}}],"collection":[{"href":"https:\/\/mythslegendes.com\/es\/wp-json\/wp\/v2\/pages"}],"about":[{"href":"https:\/\/mythslegendes.com\/es\/wp-json\/wp\/v2\/types\/page"}],"author":[{"embeddable":true,"href":"https:\/\/mythslegendes.com\/es\/wp-json\/wp\/v2\/users\/1"}],"replies":[{"embeddable":true,"href":"https:\/\/mythslegendes.com\/es\/wp-json\/wp\/v2\/comments?post=21800"}],"version-history":[{"count":3,"href":"https:\/\/mythslegendes.com\/es\/wp-json\/wp\/v2\/pages\/21800\/revisions"}],"predecessor-version":[{"id":21813,"href":"https:\/\/mythslegendes.com\/es\/wp-json\/wp\/v2\/pages\/21800\/revisions\/21813"}],"up":[{"embeddable":true,"href":"https:\/\/mythslegendes.com\/es\/wp-json\/wp\/v2\/pages\/3095"}],"wp:attachment":[{"href":"https:\/\/mythslegendes.com\/es\/wp-json\/wp\/v2\/media?parent=21800"}],"curies":[{"name":"wp","href":"https:\/\/api.w.org\/{rel}","templated":true}]}}