{"id":21840,"date":"2022-08-02T18:45:45","date_gmt":"2022-08-02T18:45:45","guid":{"rendered":"https:\/\/mythslegendes.com\/?page_id=21840"},"modified":"2022-08-02T18:49:18","modified_gmt":"2022-08-02T18:49:18","slug":"conte-lakota-bashful-courtship","status":"publish","type":"page","link":"https:\/\/mythslegendes.com\/es\/sioux-mitologia-lakota-dakota-nakota\/cuento-lakota-timido-cortejo\/","title":{"rendered":"Lakota Tale: cortejo t\u00edmido"},"content":{"rendered":"<div data-elementor-type=\"wp-page\" data-elementor-id=\"21840\" class=\"elementor elementor-21840\">\n\t\t\t\t\t\t<section class=\"elementor-section elementor-top-section elementor-element elementor-element-dc1167c elementor-section-boxed elementor-section-height-default elementor-section-height-default\" data-id=\"dc1167c\" data-element_type=\"section\" data-e-type=\"section\">\n\t\t\t\t\t\t<div class=\"elementor-container elementor-column-gap-default\">\n\t\t\t\t\t<div class=\"elementor-column elementor-col-50 elementor-top-column elementor-element elementor-element-3d236a1\" data-id=\"3d236a1\" data-element_type=\"column\" data-e-type=\"column\">\n\t\t\t<div class=\"elementor-widget-wrap elementor-element-populated\">\n\t\t\t\t\t\t<div class=\"elementor-element elementor-element-0fe1805 elementor-align-justify elementor-widget elementor-widget-button\" data-id=\"0fe1805\" data-element_type=\"widget\" data-e-type=\"widget\" data-widget_type=\"button.default\">\n\t\t\t\t<div class=\"elementor-widget-container\">\n\t\t\t\t\t\t\t\t\t<div class=\"elementor-button-wrapper\">\n\t\t\t\t\t<a class=\"elementor-button elementor-button-link elementor-size-sm\" href=\"https:\/\/mythslegendes.com\/es\/sioux-mitologia-lakota-dakota-nakota\/\">\n\t\t\t\t\t\t<span class=\"elementor-button-content-wrapper\">\n\t\t\t\t\t\t\t\t\t<span class=\"elementor-button-text\">Mitolog\u00eda sioux<\/span>\n\t\t\t\t\t<\/span>\n\t\t\t\t\t<\/a>\n\t\t\t\t<\/div>\n\t\t\t\t\t\t\t\t<\/div>\n\t\t\t\t<\/div>\n\t\t\t\t\t<\/div>\n\t\t<\/div>\n\t\t\t\t<div class=\"elementor-column elementor-col-50 elementor-top-column elementor-element elementor-element-0307f9c\" data-id=\"0307f9c\" data-element_type=\"column\" data-e-type=\"column\">\n\t\t\t<div class=\"elementor-widget-wrap elementor-element-populated\">\n\t\t\t\t\t\t<div class=\"elementor-element elementor-element-0c4f070 elementor-align-justify elementor-widget elementor-widget-button\" data-id=\"0c4f070\" data-element_type=\"widget\" data-e-type=\"widget\" data-widget_type=\"button.default\">\n\t\t\t\t<div class=\"elementor-widget-container\">\n\t\t\t\t\t\t\t\t\t<div class=\"elementor-button-wrapper\">\n\t\t\t\t\t<a class=\"elementor-button elementor-button-link elementor-size-sm\" href=\"https:\/\/www.firstpeople.us\/FP-Html-Legends\/ABashfulCourtship-Lakota.html\" target=\"_blank\" rel=\"noopener\">\n\t\t\t\t\t\t<span class=\"elementor-button-content-wrapper\">\n\t\t\t\t\t\t\t\t\t<span class=\"elementor-button-text\">Wiki<\/span>\n\t\t\t\t\t<\/span>\n\t\t\t\t\t<\/a>\n\t\t\t\t<\/div>\n\t\t\t\t\t\t\t\t<\/div>\n\t\t\t\t<\/div>\n\t\t\t\t\t<\/div>\n\t\t<\/div>\n\t\t\t\t\t<\/div>\n\t\t<\/section>\n\t\t\t\t<section class=\"elementor-section elementor-top-section elementor-element elementor-element-9bdd1c3 elementor-section-boxed elementor-section-height-default elementor-section-height-default\" data-id=\"9bdd1c3\" data-element_type=\"section\" data-e-type=\"section\">\n\t\t\t\t\t\t<div class=\"elementor-container elementor-column-gap-default\">\n\t\t\t\t\t<div class=\"elementor-column elementor-col-100 elementor-top-column elementor-element elementor-element-c2100fa\" data-id=\"c2100fa\" data-element_type=\"column\" data-e-type=\"column\">\n\t\t\t<div class=\"elementor-widget-wrap elementor-element-populated\">\n\t\t\t\t\t\t<div class=\"elementor-element elementor-element-e1d3af7 elementor-widget elementor-widget-text-editor\" data-id=\"e1d3af7\" data-element_type=\"widget\" data-e-type=\"widget\" data-widget_type=\"text-editor.default\">\n\t\t\t\t<div class=\"elementor-widget-container\">\n\t\t\t\t\t\t\t\t\t<p><strong>El Lakota<\/strong> o Titunwans (&quot;gente de la pradera&quot;) o Tetons en ingl\u00e9s (territorio tradicional de Dakota\/Wyoming) fue originalmente uno de los siete incendios del consejo. Aqu\u00ed est\u00e1 su historia: un cortejo t\u00edmido.<\/p><p><img decoding=\"async\" class=\"alignnone wp-image-9347 size-full\" src=\"http:\/\/mythslegendes.com\/wp-content\/uploads\/2020\/09\/cropped-AlphaOmega-e1602613368367.png\" alt=\"un cortejo t\u00edmido\" width=\"25\" height=\"25\" title=\"\"><\/p>\t\t\t\t\t\t\t\t<\/div>\n\t\t\t\t<\/div>\n\t\t\t\t\t<\/div>\n\t\t<\/div>\n\t\t\t\t\t<\/div>\n\t\t<\/section>\n\t\t\t\t<section class=\"elementor-section elementor-top-section elementor-element elementor-element-c0e4321 elementor-section-boxed elementor-section-height-default elementor-section-height-default\" data-id=\"c0e4321\" data-element_type=\"section\" data-e-type=\"section\">\n\t\t\t\t\t\t<div class=\"elementor-container elementor-column-gap-default\">\n\t\t\t\t\t<div class=\"elementor-column elementor-col-100 elementor-top-column elementor-element elementor-element-874f08d\" data-id=\"874f08d\" data-element_type=\"column\" data-e-type=\"column\">\n\t\t\t<div class=\"elementor-widget-wrap elementor-element-populated\">\n\t\t\t\t\t\t<div class=\"elementor-element elementor-element-fdec017 elementor-widget elementor-widget-heading\" data-id=\"fdec017\" data-element_type=\"widget\" data-e-type=\"widget\" data-widget_type=\"heading.default\">\n\t\t\t\t<div class=\"elementor-widget-container\">\n\t\t\t\t\t<div id=\"ez-toc-container\" class=\"ez-toc-v2_0_82_2 counter-hierarchy ez-toc-counter ez-toc-grey ez-toc-container-direction\">\n<div class=\"ez-toc-title-container\">\n<p class=\"ez-toc-title\" style=\"cursor:inherit\">Contenido<\/p>\n<span class=\"ez-toc-title-toggle\"><a href=\"#\" class=\"ez-toc-pull-right ez-toc-btn ez-toc-btn-xs ez-toc-btn-default ez-toc-toggle\" aria-label=\"Alternar tabla de contenidos\"><span class=\"ez-toc-js-icon-con\"><span class=\"\"><span class=\"eztoc-hide\" style=\"display:none;\">Palanca<\/span><span class=\"ez-toc-icon-toggle-span\"><svg style=\"fill: #999;color:#999\" xmlns=\"http:\/\/www.w3.org\/2000\/svg\" class=\"list-377408\" width=\"20px\" height=\"20px\" viewbox=\"0 0 24 24\" fill=\"none\"><path d=\"M6 6H4v2h2V6zm14 0H8v2h12V6zM4 11h2v2H4v-2zm16 0H8v2h12v-2zM4 16h2v2H4v-2zm16 0H8v2h12v-2z\" fill=\"currentColor\"><\/path><\/svg><svg style=\"fill: #999;color:#999\" class=\"arrow-unsorted-368013\" xmlns=\"http:\/\/www.w3.org\/2000\/svg\" width=\"10px\" height=\"10px\" viewbox=\"0 0 24 24\" version=\"1.2\" baseprofile=\"tiny\"><path d=\"M18.2 9.3l-6.2-6.3-6.2 6.3c-.2.2-.3.4-.3.7s.1.5.3.7c.2.2.4.3.7.3h11c.3 0 .5-.1.7-.3.2-.2.3-.5.3-.7s-.1-.5-.3-.7zM5.8 14.7l6.2 6.3 6.2-6.3c.2-.2.3-.5.3-.7s-.1-.5-.3-.7c-.2-.2-.4-.3-.7-.3h-11c-.3 0-.5.1-.7.3-.2.2-.3.5-.3.7s.1.5.3.7z\"\/><\/svg><\/span><\/span><\/span><\/a><\/span><\/div>\n<nav><ul class='ez-toc-list ez-toc-list-level-1' ><li class='ez-toc-page-1 ez-toc-heading-level-2'><a class=\"ez-toc-link ez-toc-heading-1\" href=\"https:\/\/mythslegendes.com\/es\/sioux-mitologia-lakota-dakota-nakota\/cuento-lakota-timido-cortejo\/#A-Bashful-Courtship\" >Un cortejo t\u00edmido<\/a><\/li><\/ul><\/nav><\/div>\n<h2 class=\"elementor-heading-title elementor-size-default\"><span class=\"ez-toc-section\" id=\"A-Bashful-Courtship\"><\/span>Un cortejo t\u00edmido<span class=\"ez-toc-section-end\"><\/span><\/h2>\t\t\t\t<\/div>\n\t\t\t\t<\/div>\n\t\t\t\t\t<\/div>\n\t\t<\/div>\n\t\t\t\t\t<\/div>\n\t\t<\/section>\n\t\t\t\t<section class=\"elementor-section elementor-top-section elementor-element elementor-element-f763459 elementor-section-boxed elementor-section-height-default elementor-section-height-default\" data-id=\"f763459\" data-element_type=\"section\" data-e-type=\"section\">\n\t\t\t\t\t\t<div class=\"elementor-container elementor-column-gap-default\">\n\t\t\t\t\t<div class=\"elementor-column elementor-col-100 elementor-top-column elementor-element elementor-element-a13b4d2\" data-id=\"a13b4d2\" data-element_type=\"column\" data-e-type=\"column\">\n\t\t\t<div class=\"elementor-widget-wrap elementor-element-populated\">\n\t\t\t\t\t\t<div class=\"elementor-element elementor-element-6f93ec7 elementor-widget elementor-widget-text-editor\" data-id=\"6f93ec7\" data-element_type=\"widget\" data-e-type=\"widget\" data-widget_type=\"text-editor.default\">\n\t\t\t\t<div class=\"elementor-widget-container\">\n\t\t\t\t\t\t\t\t\t<p>Un joven viv\u00eda con su abuela. Era un buen cazador y<br \/>deseaba casarse. Conoc\u00eda a una chica que era buena tejedora de mocasines, pero<br \/>pertenec\u00eda a una gran familia. Se pregunt\u00f3 c\u00f3mo podr\u00eda conquistarla.<\/p><p>Un d\u00eda pas\u00f3 junto a la tienda en su camino a buscar agua en el r\u00edo.<br \/>Su abuela estaba trabajando en el tipi con un par de viejos y gastados<br \/>mocasines descuidados. El joven se puso en pie de un salto. &quot;R\u00e1pido,<br \/>\u00a1abuela! \u00a1D\u00e9jame tener esos viejos mocasines descuidados que tienes en tus pies! grit\u00f3.<\/p><p>\u201cMis viejos mocasines, \u00bfqu\u00e9 quieres de ellos? exclam\u00f3 la mujer asombrada.<\/p><p>&quot;\u00a1No importa! \u00a1R\u00e1pido! No puedo dejar de hablar&quot;, respondi\u00f3 el<br \/>nieto mientras recog\u00eda los viejos mocasines que la anciana se hab\u00eda quitado,<br \/>y p\u00f3ntelos. Se ech\u00f3 una bata sobre los hombros, se desliz\u00f3 a trav\u00e9s<br \/>la puerta, y se apresur\u00f3 al abrevadero. La ni\u00f1a acababa de llegar con su balde.<\/p><p>\u201cD\u00e9jame llenar tu balde por ti\u201d, dijo el joven.<\/p><p>&quot;Oh, no, puedo hacerlo&quot;, dijo la ni\u00f1a.<\/p><p>\u201cOh, d\u00e9jame, puedo ir al barro. Seguro que no quieres<br \/>ensuciad vuestros mocasines \u2014y tomando el balde que desliz\u00f3 en el<br \/>barro, teniendo cuidado de sacar sus mocasines viejos y descuidados para que la ni\u00f1a<br \/>pod\u00eda verlos. Ella se ri\u00f3 abiertamente.<\/p><p>\u201c\u00a1Vaya, qu\u00e9 mocasines viejos tienes! ella llor\u00f3.<\/p><p>\u201cS\u00ed, no tengo a nadie que me haga un par nuevo\u201d, respondi\u00f3.<\/p><p>&quot;\u00bfPor qu\u00e9 no le pides a tu abuela que te haga un par nuevo?&quot; ella pregunt\u00f3.<\/p><p>Es vieja y ciega y ya no puede hacerlos. Eso es<br \/>por qu\u00e9 te quiero \u2014respondi\u00f3.<\/p><p>\u201cOh, me est\u00e1s enga\u00f1ando. No est\u00e1s diciendo la verdad\u201d, dijo.<\/p><p>&quot;S\u00ed, lo soy. Si no crees, \u00a1ven conmigo ahora! dijo el hombre.<\/p><p>La chica mir\u00f3 hacia abajo; tambi\u00e9n lo hizo la juventud. Por fin dijo en voz baja,<br \/>\u201cBueno, \u00bfcu\u00e1l es? \u00bfTomo tu balde o vienes conmigo? \u00bb<\/p><p>Y ella respondi\u00f3, a\u00fan m\u00e1s suavemente: &quot;\u00a1Supongo que ir\u00e9 contigo!&quot; \u00bb<\/p><p>La t\u00eda de la ni\u00f1a baj\u00f3 al r\u00edo, pregunt\u00e1ndose qu\u00e9 la manten\u00eda<br \/>sobrina tanto tiempo. En el barro encontr\u00f3 dos pares de huellas de mocas\u00edn.<br \/>muy juntos; al borde del agua hab\u00eda un barril vac\u00edo.<\/p>\t\t\t\t\t\t\t\t<\/div>\n\t\t\t\t<\/div>\n\t\t\t\t\t<\/div>\n\t\t<\/div>\n\t\t\t\t\t<\/div>\n\t\t<\/section>\n\t\t\t\t<\/div>","protected":false},"excerpt":{"rendered":"<p>Sioux Mythology Wiki Los Lakotas o Titunwans (&quot;gente de la pradera&quot;) o Tetons en ingl\u00e9s (territorio tradicional de Dakota\/Wyoming) constitu\u00edan... <\/p>","protected":false},"author":1,"featured_media":0,"parent":3889,"menu_order":0,"comment_status":"closed","ping_status":"closed","template":"","meta":{"footnotes":""},"class_list":["post-21840","page","type-page","status-publish","hentry"],"amp_enabled":true,"_links":{"self":[{"href":"https:\/\/mythslegendes.com\/es\/wp-json\/wp\/v2\/pages\/21840","targetHints":{"allow":["GET"]}}],"collection":[{"href":"https:\/\/mythslegendes.com\/es\/wp-json\/wp\/v2\/pages"}],"about":[{"href":"https:\/\/mythslegendes.com\/es\/wp-json\/wp\/v2\/types\/page"}],"author":[{"embeddable":true,"href":"https:\/\/mythslegendes.com\/es\/wp-json\/wp\/v2\/users\/1"}],"replies":[{"embeddable":true,"href":"https:\/\/mythslegendes.com\/es\/wp-json\/wp\/v2\/comments?post=21840"}],"version-history":[{"count":3,"href":"https:\/\/mythslegendes.com\/es\/wp-json\/wp\/v2\/pages\/21840\/revisions"}],"predecessor-version":[{"id":21850,"href":"https:\/\/mythslegendes.com\/es\/wp-json\/wp\/v2\/pages\/21840\/revisions\/21850"}],"up":[{"embeddable":true,"href":"https:\/\/mythslegendes.com\/es\/wp-json\/wp\/v2\/pages\/3889"}],"wp:attachment":[{"href":"https:\/\/mythslegendes.com\/es\/wp-json\/wp\/v2\/media?parent=21840"}],"curies":[{"name":"wp","href":"https:\/\/api.w.org\/{rel}","templated":true}]}}