{"id":21851,"date":"2022-08-02T18:50:12","date_gmt":"2022-08-02T18:50:12","guid":{"rendered":"https:\/\/mythslegendes.com\/?page_id=21851"},"modified":"2022-08-02T18:52:24","modified_gmt":"2022-08-02T18:52:24","slug":"conte-lakota-little-brave","status":"publish","type":"page","link":"https:\/\/mythslegendes.com\/es\/sioux-mitologia-lakota-dakota-nakota\/cuento-lakota-poco-valiente\/","title":{"rendered":"Lakota Tale: Peque\u00f1o Valiente"},"content":{"rendered":"<div data-elementor-type=\"wp-page\" data-elementor-id=\"21851\" class=\"elementor elementor-21851\">\n\t\t\t\t\t\t<section class=\"elementor-section elementor-top-section elementor-element elementor-element-2bb2a04 elementor-section-boxed elementor-section-height-default elementor-section-height-default\" data-id=\"2bb2a04\" data-element_type=\"section\" data-e-type=\"section\">\n\t\t\t\t\t\t<div class=\"elementor-container elementor-column-gap-default\">\n\t\t\t\t\t<div class=\"elementor-column elementor-col-50 elementor-top-column elementor-element elementor-element-4d9e65d\" data-id=\"4d9e65d\" data-element_type=\"column\" data-e-type=\"column\">\n\t\t\t<div class=\"elementor-widget-wrap elementor-element-populated\">\n\t\t\t\t\t\t<div class=\"elementor-element elementor-element-c1bd715 elementor-align-justify elementor-widget elementor-widget-button\" data-id=\"c1bd715\" data-element_type=\"widget\" data-e-type=\"widget\" data-widget_type=\"button.default\">\n\t\t\t\t<div class=\"elementor-widget-container\">\n\t\t\t\t\t\t\t\t\t<div class=\"elementor-button-wrapper\">\n\t\t\t\t\t<a class=\"elementor-button elementor-button-link elementor-size-sm\" href=\"https:\/\/mythslegendes.com\/es\/sioux-mitologia-lakota-dakota-nakota\/\">\n\t\t\t\t\t\t<span class=\"elementor-button-content-wrapper\">\n\t\t\t\t\t\t\t\t\t<span class=\"elementor-button-text\">Mitolog\u00eda sioux<\/span>\n\t\t\t\t\t<\/span>\n\t\t\t\t\t<\/a>\n\t\t\t\t<\/div>\n\t\t\t\t\t\t\t\t<\/div>\n\t\t\t\t<\/div>\n\t\t\t\t\t<\/div>\n\t\t<\/div>\n\t\t\t\t<div class=\"elementor-column elementor-col-50 elementor-top-column elementor-element elementor-element-d2a0a76\" data-id=\"d2a0a76\" data-element_type=\"column\" data-e-type=\"column\">\n\t\t\t<div class=\"elementor-widget-wrap elementor-element-populated\">\n\t\t\t\t\t\t<div class=\"elementor-element elementor-element-12823ca elementor-align-justify elementor-widget elementor-widget-button\" data-id=\"12823ca\" data-element_type=\"widget\" data-e-type=\"widget\" data-widget_type=\"button.default\">\n\t\t\t\t<div class=\"elementor-widget-container\">\n\t\t\t\t\t\t\t\t\t<div class=\"elementor-button-wrapper\">\n\t\t\t\t\t<a class=\"elementor-button elementor-button-link elementor-size-sm\" href=\"https:\/\/www.firstpeople.us\/FP-Html-Legends\/ALittleBraveandtheMedicineWoman-Lakota.html\" target=\"_blank\" rel=\"noopener\">\n\t\t\t\t\t\t<span class=\"elementor-button-content-wrapper\">\n\t\t\t\t\t\t\t\t\t<span class=\"elementor-button-text\">Wiki<\/span>\n\t\t\t\t\t<\/span>\n\t\t\t\t\t<\/a>\n\t\t\t\t<\/div>\n\t\t\t\t\t\t\t\t<\/div>\n\t\t\t\t<\/div>\n\t\t\t\t\t<\/div>\n\t\t<\/div>\n\t\t\t\t\t<\/div>\n\t\t<\/section>\n\t\t\t\t<section class=\"elementor-section elementor-top-section elementor-element elementor-element-4dd6d16 elementor-section-boxed elementor-section-height-default elementor-section-height-default\" data-id=\"4dd6d16\" data-element_type=\"section\" data-e-type=\"section\">\n\t\t\t\t\t\t<div class=\"elementor-container elementor-column-gap-default\">\n\t\t\t\t\t<div class=\"elementor-column elementor-col-100 elementor-top-column elementor-element elementor-element-1cf3e37\" data-id=\"1cf3e37\" data-element_type=\"column\" data-e-type=\"column\">\n\t\t\t<div class=\"elementor-widget-wrap elementor-element-populated\">\n\t\t\t\t\t\t<div class=\"elementor-element elementor-element-226e34e elementor-widget elementor-widget-text-editor\" data-id=\"226e34e\" data-element_type=\"widget\" data-e-type=\"widget\" data-widget_type=\"text-editor.default\">\n\t\t\t\t<div class=\"elementor-widget-container\">\n\t\t\t\t\t\t\t\t\t<p><strong>El Lakota<\/strong> o Titunwans (&quot;gente de la pradera&quot;) o Tetons en ingl\u00e9s (territorio tradicional de Dakota\/Wyoming) fue originalmente uno de los siete incendios del consejo. Aqu\u00ed est\u00e1 su historia: Little Brave and the Medicine Woman.<\/p><p><img decoding=\"async\" class=\"alignnone wp-image-9347 size-full\" src=\"http:\/\/mythslegendes.com\/wp-content\/uploads\/2020\/09\/cropped-AlphaOmega-e1602613368367.png\" alt=\"un peque\u00f1o valiente y la curandera\" width=\"25\" height=\"25\" title=\"\"><\/p>\t\t\t\t\t\t\t\t<\/div>\n\t\t\t\t<\/div>\n\t\t\t\t\t<\/div>\n\t\t<\/div>\n\t\t\t\t\t<\/div>\n\t\t<\/section>\n\t\t\t\t<section class=\"elementor-section elementor-top-section elementor-element elementor-element-79e0cae elementor-section-boxed elementor-section-height-default elementor-section-height-default\" data-id=\"79e0cae\" data-element_type=\"section\" data-e-type=\"section\">\n\t\t\t\t\t\t<div class=\"elementor-container elementor-column-gap-default\">\n\t\t\t\t\t<div class=\"elementor-column elementor-col-100 elementor-top-column elementor-element elementor-element-f16a514\" data-id=\"f16a514\" data-element_type=\"column\" data-e-type=\"column\">\n\t\t\t<div class=\"elementor-widget-wrap elementor-element-populated\">\n\t\t\t\t\t\t<div class=\"elementor-element elementor-element-a957ea4 elementor-widget elementor-widget-heading\" data-id=\"a957ea4\" data-element_type=\"widget\" data-e-type=\"widget\" data-widget_type=\"heading.default\">\n\t\t\t\t<div class=\"elementor-widget-container\">\n\t\t\t\t\t<div id=\"ez-toc-container\" class=\"ez-toc-v2_0_83 counter-hierarchy ez-toc-counter ez-toc-grey ez-toc-container-direction\">\n<div class=\"ez-toc-title-container\">\n<p class=\"ez-toc-title\" style=\"cursor:inherit\">Contenido<\/p>\n<span class=\"ez-toc-title-toggle\"><a href=\"#\" class=\"ez-toc-pull-right ez-toc-btn ez-toc-btn-xs ez-toc-btn-default ez-toc-toggle\" aria-label=\"Alternar tabla de contenidos\"><span class=\"ez-toc-js-icon-con\"><span class=\"\"><span class=\"eztoc-hide\" style=\"display:none;\">Palanca<\/span><span class=\"ez-toc-icon-toggle-span\"><svg style=\"fill: #999;color:#999\" xmlns=\"http:\/\/www.w3.org\/2000\/svg\" class=\"list-377408\" width=\"20px\" height=\"20px\" viewbox=\"0 0 24 24\" fill=\"none\"><path d=\"M6 6H4v2h2V6zm14 0H8v2h12V6zM4 11h2v2H4v-2zm16 0H8v2h12v-2zM4 16h2v2H4v-2zm16 0H8v2h12v-2z\" fill=\"currentColor\"><\/path><\/svg><svg style=\"fill: #999;color:#999\" class=\"arrow-unsorted-368013\" xmlns=\"http:\/\/www.w3.org\/2000\/svg\" width=\"10px\" height=\"10px\" viewbox=\"0 0 24 24\" version=\"1.2\" baseprofile=\"tiny\"><path d=\"M18.2 9.3l-6.2-6.3-6.2 6.3c-.2.2-.3.4-.3.7s.1.5.3.7c.2.2.4.3.7.3h11c.3 0 .5-.1.7-.3.2-.2.3-.5.3-.7s-.1-.5-.3-.7zM5.8 14.7l6.2 6.3 6.2-6.3c.2-.2.3-.5.3-.7s-.1-.5-.3-.7c-.2-.2-.4-.3-.7-.3h-11c-.3 0-.5.1-.7.3-.2.2-.3.5-.3.7s.1.5.3.7z\"\/><\/svg><\/span><\/span><\/span><\/a><\/span><\/div>\n<nav><ul class='ez-toc-list ez-toc-list-level-1' ><li class='ez-toc-page-1 ez-toc-heading-level-2'><a class=\"ez-toc-link ez-toc-heading-1\" href=\"https:\/\/mythslegendes.com\/es\/sioux-mitologia-lakota-dakota-nakota\/cuento-lakota-poco-valiente\/#A-Little-Brave-and-the-Medicine-Woman\" >Un poco valiente y la curandera<\/a><\/li><\/ul><\/nav><\/div>\n<h2 class=\"elementor-heading-title elementor-size-default\"><span class=\"ez-toc-section\" id=\"A-Little-Brave-and-the-Medicine-Woman\"><\/span>Un poco valiente y la curandera<span class=\"ez-toc-section-end\"><\/span><\/h2>\t\t\t\t<\/div>\n\t\t\t\t<\/div>\n\t\t\t\t\t<\/div>\n\t\t<\/div>\n\t\t\t\t\t<\/div>\n\t\t<\/section>\n\t\t\t\t<section class=\"elementor-section elementor-top-section elementor-element elementor-element-237b1aa elementor-section-boxed elementor-section-height-default elementor-section-height-default\" data-id=\"237b1aa\" data-element_type=\"section\" data-e-type=\"section\">\n\t\t\t\t\t\t<div class=\"elementor-container elementor-column-gap-default\">\n\t\t\t\t\t<div class=\"elementor-column elementor-col-100 elementor-top-column elementor-element elementor-element-01a3a7f\" data-id=\"01a3a7f\" data-element_type=\"column\" data-e-type=\"column\">\n\t\t\t<div class=\"elementor-widget-wrap elementor-element-populated\">\n\t\t\t\t\t\t<div class=\"elementor-element elementor-element-b31edf2 elementor-widget elementor-widget-text-editor\" data-id=\"b31edf2\" data-element_type=\"widget\" data-e-type=\"widget\" data-widget_type=\"text-editor.default\">\n\t\t\t\t<div class=\"elementor-widget-container\">\n\t\t\t\t\t\t\t\t\t<p>Un pueblo de indios se mud\u00f3 del campamento de invierno y plant\u00f3 sus<br \/>carpas en c\u00edrculo en terreno alto con vista a un lago. un peque\u00f1o camino<br \/>abajo de la colina hab\u00eda una tumba. Las cerezas Choke hab\u00edan crecido, escondiendo el<br \/>serio a la vista. Pero como el suelo se hab\u00eda hundido un poco, la tumba<br \/>estaba marcado por un ligero hueco.<\/p><p>Uno de los aldeanos que sal\u00eda a cazar tom\u00f3 un atajo por<br \/>los arbustos de cerezo estranguladores. Cuando los empuj\u00f3 a un lado, vio el hueco<br \/>serio, pero pens\u00e9 que era un lavado hecho por las lluvias.<\/p><p>Pero cuando se movi\u00f3 para pasar por encima de \u00e9l, para su gran sorpresa, tropez\u00f3<br \/>y Cayo. Curioso por su percance, retrocedi\u00f3 y lo intent\u00f3 de nuevo;<br \/>pero volvi\u00f3 a caer. Cuando volvi\u00f3 al pueblo le dijo a la<br \/>viejos lo que le hab\u00eda pasado. Recordaron entonces que un largo<br \/>tiempo antes hab\u00eda sido enterrada all\u00ed una curandera o prestidigitadora.<br \/>Sin duda fue su medicina lo que lo hizo tropezar.<\/p><p>La historia de la aventura del aldeano se extendi\u00f3 por el campamento y<br \/>hizo que muchos sintieran curiosidad por ver la tumba. Entre otros hab\u00eda seis peque\u00f1os<br \/>muchachos que, sin embargo, eran bastante t\u00edmidos, porque estaban muy asombrados<br \/>de la curandera muerta. Pero ten\u00edan un peque\u00f1o compa\u00f1ero de juegos llamado<br \/>Brave, un peque\u00f1o p\u00edcaro travieso, cuyo cabello siempre estaba despeinado<br \/>y sacudido y que nunca estaba quieto por un momento.<\/p><p>\u201cPid\u00e1mosle a Brave que nos acompa\u00f1e\u201d, dijeron.<br \/>fuimos en grupo a verlo.<\/p><p>&quot;Est\u00e1 bien&quot;, dijo Valiente; &quot;Ir\u00e9 contigo. Objetivo<br \/>Tengo algo que hacer primero. Vas por la colina de esa manera,<br \/>y me dar\u00e9 prisa por este camino, y te encontrar\u00e9 un poco m\u00e1s tarde cerca de la tumba. \u00bb<\/p><p>As\u00ed que los seis ni\u00f1os peque\u00f1os siguieron como se les orden\u00f3 hasta que llegaron a un lugar<br \/>cerca de la tumba. All\u00ed se detuvieron.<\/p><p>&quot;\u00bfD\u00f3nde est\u00e1 Valiente?&quot; &quot; ellos preguntaron.<\/p><p>Ahora Valiente, lleno de picard\u00eda, hab\u00eda pensado en jugarle una broma a su<br \/>peque\u00f1os amigos Tan pronto como se perdieron de vista, aceler\u00f3.<br \/>alrededor de la colina a la orilla del lago y metiendo las manos<br \/>en el barro se lo restreg\u00f3 por la cara, se lo peg\u00f3 al pelo,<br \/>y se ensuciaba las manos hasta que parec\u00eda un cad\u00e1ver reci\u00e9n resucitado con<br \/>la carne pudri\u00e9ndose de sus huesos. Luego fue y se acost\u00f3 en el<br \/>serios y esperados los chicos.<\/p><p>Cuando llegaron los seis ni\u00f1os peque\u00f1os estaban m\u00e1s t\u00edmidos que nunca cuando<br \/>no encontraron a Bravo; pero tem\u00edan volver al pueblo<br \/>sin ver la tumba, por miedo a que los viejos los llamaran cobardes.<\/p><p>As\u00ed que se acercaron lentamente a la tumba y uno de ellos llam\u00f3 t\u00edmidamente<br \/>\u201cPor favor, abuela, no vamos a perturbar tu tumba. Nosotros<br \/>S\u00f3lo quiero ver d\u00f3nde mientes. No te enojes. \u00bb<\/p><p>De inmediato, una voz delgada y temblorosa, como la de una anciana, grit\u00f3:<br \/>\u201c\u00a1Han, han, takoja, hechetuya, hechetuya! S\u00ed, s\u00ed, as\u00ed es,<br \/>As\u00ed es. \u00bb<\/p><p>Los muchachos estaban asustados fuera de sus sentidos, creyendo que el viejo<br \/>mujer hab\u00eda vuelto a la vida.<\/p><p>\u201cAy, abuela\u201d, jadearon, \u201cno nos hagas da\u00f1o;<br \/>por favor no, nos vamos. \u00bb<\/p><p>En ese momento, Brave levant\u00f3 su cara embarrada y sus manos a trav\u00e9s de la<br \/>ahogue los arbustos de cerezo. Con el barro rezumante goteando de sus facciones<br \/>parec\u00eda un verdadero brujo reci\u00e9n levantado de la tumba. Los chicos<br \/>grit\u00f3 abiertamente. Uno fingido. El resto corri\u00f3 gritando colina arriba.<br \/>al pueblo, donde cada uno parti\u00f3 a la vez por el tipi de su madre.<\/p><p>Como todas las carpas en un <a href=\"https:\/\/mythslegendes.com\/es\/sioux-mitologia-lakota-dakota-nakota\/\">Dakota<\/a> el c\u00edrculo de campamento mira hacia el centro, el<br \/>los muchachos, cuando llegaron corriendo al campamento, estaban a la vista desde el<br \/>tipis Al escuchar los gritos, todas las mujeres del campamento corrieron a su tipi.<br \/>puerta para ver qu\u00e9 hab\u00eda pasado. En ese momento peque\u00f1o Valiente, tan mal<br \/>asustado como los dem\u00e1s, entr\u00f3 corriendo tras ellos, con los pelos de punta<br \/>y cubierto de lodo y gritando, todo olvidado de su apariencia,<br \/>&quot;\u00a1Soy yo, soy yo!&quot; \u00bb<\/p><p>Las mujeres aullaron y huyeron aterrorizadas del pueblo. valiente punteado<br \/>en el tipi de su madre, asust\u00e1ndola. Dejar caer frascos<br \/>y teteras, sali\u00f3 a trompicones de la tienda para correr gritando con el<br \/>descansar. Ni un solo aldeano se acerc\u00f3 al pobrecito Valiente hasta que<br \/>hab\u00eda bajado al lago y se hab\u00eda lavado.<\/p>\t\t\t\t\t\t\t\t<\/div>\n\t\t\t\t<\/div>\n\t\t\t\t\t<\/div>\n\t\t<\/div>\n\t\t\t\t\t<\/div>\n\t\t<\/section>\n\t\t\t\t<\/div>","protected":false},"excerpt":{"rendered":"<p>Sioux Mythology Wiki Los Lakotas o Titunwans (&quot;gente de la pradera&quot;) o Tetons en ingl\u00e9s (territorio tradicional de Dakota\/Wyoming) constitu\u00edan... <\/p>","protected":false},"author":1,"featured_media":0,"parent":3889,"menu_order":0,"comment_status":"closed","ping_status":"closed","template":"","meta":{"footnotes":""},"class_list":["post-21851","page","type-page","status-publish","hentry"],"amp_enabled":true,"_links":{"self":[{"href":"https:\/\/mythslegendes.com\/es\/wp-json\/wp\/v2\/pages\/21851","targetHints":{"allow":["GET"]}}],"collection":[{"href":"https:\/\/mythslegendes.com\/es\/wp-json\/wp\/v2\/pages"}],"about":[{"href":"https:\/\/mythslegendes.com\/es\/wp-json\/wp\/v2\/types\/page"}],"author":[{"embeddable":true,"href":"https:\/\/mythslegendes.com\/es\/wp-json\/wp\/v2\/users\/1"}],"replies":[{"embeddable":true,"href":"https:\/\/mythslegendes.com\/es\/wp-json\/wp\/v2\/comments?post=21851"}],"version-history":[{"count":3,"href":"https:\/\/mythslegendes.com\/es\/wp-json\/wp\/v2\/pages\/21851\/revisions"}],"predecessor-version":[{"id":21855,"href":"https:\/\/mythslegendes.com\/es\/wp-json\/wp\/v2\/pages\/21851\/revisions\/21855"}],"up":[{"embeddable":true,"href":"https:\/\/mythslegendes.com\/es\/wp-json\/wp\/v2\/pages\/3889"}],"wp:attachment":[{"href":"https:\/\/mythslegendes.com\/es\/wp-json\/wp\/v2\/media?parent=21851"}],"curies":[{"name":"wp","href":"https:\/\/api.w.org\/{rel}","templated":true}]}}