{"id":21856,"date":"2022-08-02T18:53:06","date_gmt":"2022-08-02T18:53:06","guid":{"rendered":"https:\/\/mythslegendes.com\/?page_id=21856"},"modified":"2022-08-02T18:54:52","modified_gmt":"2022-08-02T18:54:52","slug":"conte-lakota-black-corn","status":"publish","type":"page","link":"https:\/\/mythslegendes.com\/es\/sioux-mitologia-lakota-dakota-nakota\/cuento-lakota-maiz-negro\/","title":{"rendered":"Cuento Lakota: Ma\u00edz Negro"},"content":{"rendered":"<div data-elementor-type=\"wp-page\" data-elementor-id=\"21856\" class=\"elementor elementor-21856\">\n\t\t\t\t\t\t<section class=\"elementor-section elementor-top-section elementor-element elementor-element-31c1ccd elementor-section-boxed elementor-section-height-default elementor-section-height-default\" data-id=\"31c1ccd\" data-element_type=\"section\" data-e-type=\"section\">\n\t\t\t\t\t\t<div class=\"elementor-container elementor-column-gap-default\">\n\t\t\t\t\t<div class=\"elementor-column elementor-col-50 elementor-top-column elementor-element elementor-element-32b5f34\" data-id=\"32b5f34\" data-element_type=\"column\" data-e-type=\"column\">\n\t\t\t<div class=\"elementor-widget-wrap elementor-element-populated\">\n\t\t\t\t\t\t<div class=\"elementor-element elementor-element-ad50f83 elementor-align-justify elementor-widget elementor-widget-button\" data-id=\"ad50f83\" data-element_type=\"widget\" data-e-type=\"widget\" data-widget_type=\"button.default\">\n\t\t\t\t<div class=\"elementor-widget-container\">\n\t\t\t\t\t\t\t\t\t<div class=\"elementor-button-wrapper\">\n\t\t\t\t\t<a class=\"elementor-button elementor-button-link elementor-size-sm\" href=\"https:\/\/mythslegendes.com\/es\/sioux-mitologia-lakota-dakota-nakota\/\">\n\t\t\t\t\t\t<span class=\"elementor-button-content-wrapper\">\n\t\t\t\t\t\t\t\t\t<span class=\"elementor-button-text\">Mitolog\u00eda sioux<\/span>\n\t\t\t\t\t<\/span>\n\t\t\t\t\t<\/a>\n\t\t\t\t<\/div>\n\t\t\t\t\t\t\t\t<\/div>\n\t\t\t\t<\/div>\n\t\t\t\t\t<\/div>\n\t\t<\/div>\n\t\t\t\t<div class=\"elementor-column elementor-col-50 elementor-top-column elementor-element elementor-element-b972a77\" data-id=\"b972a77\" data-element_type=\"column\" data-e-type=\"column\">\n\t\t\t<div class=\"elementor-widget-wrap elementor-element-populated\">\n\t\t\t\t\t\t<div class=\"elementor-element elementor-element-3f5660c elementor-align-justify elementor-widget elementor-widget-button\" data-id=\"3f5660c\" data-element_type=\"widget\" data-e-type=\"widget\" data-widget_type=\"button.default\">\n\t\t\t\t<div class=\"elementor-widget-container\">\n\t\t\t\t\t\t\t\t\t<div class=\"elementor-button-wrapper\">\n\t\t\t\t\t<a class=\"elementor-button elementor-button-link elementor-size-sm\" href=\"https:\/\/www.firstpeople.us\/FP-Html-Legends\/BlackCorn-Lakota.html\" target=\"_blank\" rel=\"noopener\">\n\t\t\t\t\t\t<span class=\"elementor-button-content-wrapper\">\n\t\t\t\t\t\t\t\t\t<span class=\"elementor-button-text\">Wiki<\/span>\n\t\t\t\t\t<\/span>\n\t\t\t\t\t<\/a>\n\t\t\t\t<\/div>\n\t\t\t\t\t\t\t\t<\/div>\n\t\t\t\t<\/div>\n\t\t\t\t\t<\/div>\n\t\t<\/div>\n\t\t\t\t\t<\/div>\n\t\t<\/section>\n\t\t\t\t<section class=\"elementor-section elementor-top-section elementor-element elementor-element-db77d72 elementor-section-boxed elementor-section-height-default elementor-section-height-default\" data-id=\"db77d72\" data-element_type=\"section\" data-e-type=\"section\">\n\t\t\t\t\t\t<div class=\"elementor-container elementor-column-gap-default\">\n\t\t\t\t\t<div class=\"elementor-column elementor-col-100 elementor-top-column elementor-element elementor-element-170f697\" data-id=\"170f697\" data-element_type=\"column\" data-e-type=\"column\">\n\t\t\t<div class=\"elementor-widget-wrap elementor-element-populated\">\n\t\t\t\t\t\t<div class=\"elementor-element elementor-element-8fa4148 elementor-widget elementor-widget-text-editor\" data-id=\"8fa4148\" data-element_type=\"widget\" data-e-type=\"widget\" data-widget_type=\"text-editor.default\">\n\t\t\t\t<div class=\"elementor-widget-container\">\n\t\t\t\t\t\t\t\t\t<p><strong>El Lakota<\/strong> o Titunwans (&quot;gente de la pradera&quot;) o Tetons en ingl\u00e9s (territorio tradicional de Dakota\/Wyoming) fue originalmente uno de los siete incendios del consejo. Aqu\u00ed est\u00e1 su historia: ma\u00edz negro.<\/p><p><img decoding=\"async\" class=\"alignnone wp-image-9347 size-full\" src=\"http:\/\/mythslegendes.com\/wp-content\/uploads\/2020\/09\/cropped-AlphaOmega-e1602613368367.png\" alt=\"Ma\u00edz negro\" width=\"25\" height=\"25\" title=\"\"><\/p>\t\t\t\t\t\t\t\t<\/div>\n\t\t\t\t<\/div>\n\t\t\t\t\t<\/div>\n\t\t<\/div>\n\t\t\t\t\t<\/div>\n\t\t<\/section>\n\t\t\t\t<section class=\"elementor-section elementor-top-section elementor-element elementor-element-8ae7149 elementor-section-boxed elementor-section-height-default elementor-section-height-default\" data-id=\"8ae7149\" data-element_type=\"section\" data-e-type=\"section\">\n\t\t\t\t\t\t<div class=\"elementor-container elementor-column-gap-default\">\n\t\t\t\t\t<div class=\"elementor-column elementor-col-100 elementor-top-column elementor-element elementor-element-af5ebcd\" data-id=\"af5ebcd\" data-element_type=\"column\" data-e-type=\"column\">\n\t\t\t<div class=\"elementor-widget-wrap elementor-element-populated\">\n\t\t\t\t\t\t<div class=\"elementor-element elementor-element-0d0a6a5 elementor-widget elementor-widget-heading\" data-id=\"0d0a6a5\" data-element_type=\"widget\" data-e-type=\"widget\" data-widget_type=\"heading.default\">\n\t\t\t\t<div class=\"elementor-widget-container\">\n\t\t\t\t\t<div id=\"ez-toc-container\" class=\"ez-toc-v2_0_82_2 counter-hierarchy ez-toc-counter ez-toc-grey ez-toc-container-direction\">\n<div class=\"ez-toc-title-container\">\n<p class=\"ez-toc-title\" style=\"cursor:inherit\">Contenido<\/p>\n<span class=\"ez-toc-title-toggle\"><a href=\"#\" class=\"ez-toc-pull-right ez-toc-btn ez-toc-btn-xs ez-toc-btn-default ez-toc-toggle\" aria-label=\"Alternar tabla de contenidos\"><span class=\"ez-toc-js-icon-con\"><span class=\"\"><span class=\"eztoc-hide\" style=\"display:none;\">Palanca<\/span><span class=\"ez-toc-icon-toggle-span\"><svg style=\"fill: #999;color:#999\" xmlns=\"http:\/\/www.w3.org\/2000\/svg\" class=\"list-377408\" width=\"20px\" height=\"20px\" viewbox=\"0 0 24 24\" fill=\"none\"><path d=\"M6 6H4v2h2V6zm14 0H8v2h12V6zM4 11h2v2H4v-2zm16 0H8v2h12v-2zM4 16h2v2H4v-2zm16 0H8v2h12v-2z\" fill=\"currentColor\"><\/path><\/svg><svg style=\"fill: #999;color:#999\" class=\"arrow-unsorted-368013\" xmlns=\"http:\/\/www.w3.org\/2000\/svg\" width=\"10px\" height=\"10px\" viewbox=\"0 0 24 24\" version=\"1.2\" baseprofile=\"tiny\"><path d=\"M18.2 9.3l-6.2-6.3-6.2 6.3c-.2.2-.3.4-.3.7s.1.5.3.7c.2.2.4.3.7.3h11c.3 0 .5-.1.7-.3.2-.2.3-.5.3-.7s-.1-.5-.3-.7zM5.8 14.7l6.2 6.3 6.2-6.3c.2-.2.3-.5.3-.7s-.1-.5-.3-.7c-.2-.2-.4-.3-.7-.3h-11c-.3 0-.5.1-.7.3-.2.2-.3.5-.3.7s.1.5.3.7z\"\/><\/svg><\/span><\/span><\/span><\/a><\/span><\/div>\n<nav><ul class='ez-toc-list ez-toc-list-level-1' ><li class='ez-toc-page-1 ez-toc-heading-level-2'><a class=\"ez-toc-link ez-toc-heading-1\" href=\"https:\/\/mythslegendes.com\/es\/sioux-mitologia-lakota-dakota-nakota\/cuento-lakota-maiz-negro\/#Black-Corn\" >Ma\u00edz negro<\/a><\/li><\/ul><\/nav><\/div>\n<h2 class=\"elementor-heading-title elementor-size-default\"><span class=\"ez-toc-section\" id=\"Black-Corn\"><\/span>Ma\u00edz negro<span class=\"ez-toc-section-end\"><\/span><\/h2>\t\t\t\t<\/div>\n\t\t\t\t<\/div>\n\t\t\t\t\t<\/div>\n\t\t<\/div>\n\t\t\t\t\t<\/div>\n\t\t<\/section>\n\t\t\t\t<section class=\"elementor-section elementor-top-section elementor-element elementor-element-726bcfc elementor-section-boxed elementor-section-height-default elementor-section-height-default\" data-id=\"726bcfc\" data-element_type=\"section\" data-e-type=\"section\">\n\t\t\t\t\t\t<div class=\"elementor-container elementor-column-gap-default\">\n\t\t\t\t\t<div class=\"elementor-column elementor-col-100 elementor-top-column elementor-element elementor-element-c941964\" data-id=\"c941964\" data-element_type=\"column\" data-e-type=\"column\">\n\t\t\t<div class=\"elementor-widget-wrap elementor-element-populated\">\n\t\t\t\t\t\t<div class=\"elementor-element elementor-element-f9dabe8 elementor-widget elementor-widget-text-editor\" data-id=\"f9dabe8\" data-element_type=\"widget\" data-e-type=\"widget\" data-widget_type=\"text-editor.default\">\n\t\t\t\t<div class=\"elementor-widget-container\">\n\t\t\t\t\t\t\t\t\t<p>Hab\u00eda una vez una mujer llamada Black Corn. Viv\u00eda en un pueblo rodeado de una belleza incre\u00edble. Hab\u00eda belleza en el bosque, en las llanuras, en el cielo arriba y en la tierra abajo. Ma\u00edz Negro era muy alta, m\u00e1s alta que todas las dem\u00e1s mujeres de su pueblo, de hecho, m\u00e1s alta que la mayor\u00eda de los hombres tambi\u00e9n. Era fuerte de extremidades y hermosa de ver. Sin embargo, en lo m\u00e1s profundo se escond\u00edan aguas m\u00e1s profundas, agitadas por el descontento y... Bueno, nadie sab\u00eda realmente qu\u00e9 m\u00e1s, ni siquiera ella.<\/p>\n<p>Black Corn era muy infeliz, ten\u00eda tanto amor para dar, pero parec\u00eda que no pod\u00eda encontrar a quien d\u00e1rselo. Todo lo que quer\u00eda hacer era amar a alguien y que alguien la amara. Ella amaba mucho a su Pueblo e hizo todo lo que pudo por ellos, incluso hasta el punto de sacrificar sus propios deseos para ayudar a su Pueblo.<\/p>\n<p>Wakan Tanka le hab\u00eda dado muchos regalos, pero parec\u00eda que no pod\u00eda encontrarlos cuando m\u00e1s los necesitaba. Muchos se burlaron de ella por cosas que no pod\u00eda entender. Comenz\u00f3 a creer, al principio con resistencia, luego de buena gana, que las mentiras y las acciones se merec\u00edan. Cuando contemplaba su imagen en las tranquilas aguas del estanque, pensaba: &quot;Eres demasiado directo, demasiado alto, demasiado fuerte, demasiado\u2026 bueno, \u00a1demasiado todo! Tienes demasiada pasi\u00f3n, demasiado amor, demasiado \u00a1Mucho... bueno, demasiado de todo, y nadie quiere lo que tienes para dar!&quot;<\/p>\n<p>Sin embargo, el amor que albergaba en su interior por toda la Gente estaba lleno a reventar dentro de su pecho y todo lo que deseaba era alguien que aceptara su amor. Todo lo que quer\u00eda era que la Gente aceptara su amor y lo que ella pudiera darles. Bajaba y bajaba sin nadie a quien amar, sin Personas que quisieran su amor, o eso cre\u00eda ella.<\/p>\n<p>Entonces, un d\u00eda, despu\u00e9s de un incidente particularmente dif\u00edcil, se despert\u00f3 como de un sue\u00f1o y pens\u00f3: &quot;\u00bfPor qu\u00e9 es as\u00ed? \u00bfQu\u00e9 hice que fue tan horrible que debo ser tratada de esta manera?&quot; En el fondo de s\u00ed misma busc\u00f3 una respuesta a estas preguntas. Profundamente, m\u00e1s all\u00e1 de todo el dolor, de todo el dolor que le hab\u00edan infligido, detr\u00e1s de los hombres que la hab\u00edan utilizado sin su consentimiento y, finalmente, cuando su autoestima disminuy\u00f3, con su consentimiento. Se hab\u00edan dictado tantos juicios sobre ella, pero ninguno tan duro como el que se hab\u00eda dictado ella misma.<\/p>\n<p>Cuanto m\u00e1s profundamente miraba, m\u00e1s feo se volv\u00eda, y m\u00e1s r\u00e1pido aumentaba la ira hasta convertirse en furia en toda regla. Al rojo vivo, la rabia quemaba y recorr\u00eda su cuerpo. Se enfureci\u00f3 cegadoramente, pero esto tambi\u00e9n era otra ilusi\u00f3n. S\u00ed, la rabia era un enga\u00f1o, un escudo para protegerla de lo que hab\u00eda debajo.<\/p>\n<p>Finalmente, ya no pudo esconderse detr\u00e1s de la rabia y el dolor que hab\u00eda tratado desesperadamente de ocultar a lo largo de los a\u00f1os. Vino hacia ella como un maremoto y ella se qued\u00f3 indefensa en su camino. Ya no ten\u00eda fuerzas para luchar; No quedaba nada para detener la inundaci\u00f3n, por lo que se qued\u00f3 indefensa en su camino, sin escudo que la protegiera por m\u00e1s tiempo.<\/p>\n<p>Corri\u00f3 hacia el bosque, escuchando la vocecita adentro gritando en agon\u00eda, muriendo, muriendo, muriendo, gritando NNNNNOOOOOOOOoooooooo... y supo que todo lo que hab\u00eda pensado era que estaba muriendo lentamente de una muerte dolorosa. Finalmente, no pudo contenerse m\u00e1s y grit\u00f3 de angustia, aferr\u00e1ndose al dolor en su pecho, sintiendo que se le escapaba. Grit\u00f3, con toda su voz, que conten\u00eda todo el dolor y la agon\u00eda, rogando, en su forma m\u00e1s lamentable, a Wakan Tanka que la alejara de este dolor.<\/p>\n<p>&quot;Por favor, por favor Wakan Tanka, Tunkasila, puedo soportar esta vida, este dolor, no m\u00e1s, es demasiado, \u00a1Por favor, por favor, ll\u00e9vame a casa, por favor d\u00e9jame tener paz!&quot; Y cuando ella hubo terminado de gritar estas palabras y oraciones, y toda la fealdad que hab\u00eda dentro de ella hab\u00eda sido dada voz, el sonido tan horrible de escuchar que ni los animales ni los p\u00e1jaros emitieron un sonido por respeto a su dolor, ella se acost\u00f3 en el suelo h\u00famedo y perfumado del bosque. Su alma se abri\u00f3 y desoll\u00f3 un desastre sangriento ante ella y ante el Creador, finalmente vio la verdad.<\/p>\n<p>Empez\u00f3 cuando ella ten\u00eda 7 veranos; ella ir\u00eda al bosque a jugar. Un d\u00eda, un hombre extra\u00f1o se le acerc\u00f3 y comenz\u00f3 a hablar con ella. Sus palabras eran intrigantes y hablaba de cosas de adultos que a ella le gustaba escuchar. Eventualmente, este extra\u00f1o la sedujo cuando era ni\u00f1a, y como ni\u00f1a, sin saber nada mejor, se lo hab\u00eda permitido. Pasar\u00edan muchos a\u00f1os antes de que Black Corn se diera cuenta de lo que le hab\u00edan hecho, y cuando se dio cuenta, emiti\u00f3 un juicio tan severo sobre s\u00ed misma que comenz\u00f3 a creer que no era digna de amor. Perdi\u00f3 todo respeto por s\u00ed misma y, de hecho, esto es lo que proyect\u00f3 sin saberlo a todas las personas con las que entr\u00f3 en contacto. Las voces de los dem\u00e1s que se burlaban de ella eran en realidad reflejos de su propia voz interior que, hasta ahora, no pod\u00eda escuchar.<\/p>\n<p>En ese momento de su derrota, tendida en el suelo del bosque, comenz\u00f3 a ver con claridad qu\u00e9 era lo que hac\u00eda que la Gente la tratara como era, y con ese conocimiento, comenz\u00f3 a llorar, grandes gritos desgarradores que desgarraban hasta el mismo coraz\u00f3n. tejido de su alma y as\u00ed comenz\u00f3 el proceso de limpieza desde adentro. Descubri\u00f3 que, si bien hab\u00eda perdonado a ese hombre extra\u00f1o su transgresi\u00f3n contra ella, nunca se hab\u00eda perdonado a s\u00ed misma por su parte en eso, nunca se hab\u00eda hecho responsable de eso tampoco, prefiriendo vivir en una fantas\u00eda en su mente de que ella hab\u00eda sido la v\u00edctima. , todo el tiempo sintiendo la culpa del participante. Hubo otro que la hab\u00eda usado de esta manera, un pariente, que no sab\u00eda del primer extra\u00f1o. Pero para entonces, el da\u00f1o a su alma ya estaba hecho y, sin darse cuenta de por qu\u00e9, se dej\u00f3 degradar a\u00fan m\u00e1s por este segundo hombre.<\/p>\n<p>Despu\u00e9s de eso, no hubo lugar para el respeto propio o el amor propio, sintiendo como ella sent\u00eda que era digna de las cosas que hab\u00eda hecho.<\/p>\n<p>Despu\u00e9s de que los sollozos disminuyeron, Black Corn comenz\u00f3 a sentirse diferente, habiendo aceptado todo lo que era feo dentro de ella, comenz\u00f3 a sanar. Finalmente, despu\u00e9s de todos estos a\u00f1os. Le tom\u00f3 mucho tiempo, pero finalmente pudo perdonarse a s\u00ed misma y perdonar a aquellos que la tomaron injustamente y de mala fe, tomaron su inocencia y la convirtieron en algo feo, al mismo tiempo que aceptaba su propia responsabilidad. . Finalmente pudo perdonarse a s\u00ed misma. Con ese perd\u00f3n, ahora hab\u00eda lugar para el amor; todo el amor que quer\u00eda dar a la Gente era el amor que se hab\u00eda estado negando a s\u00ed misma. Una vez que pudo aprender a amarse a s\u00ed misma y aceptarse a s\u00ed misma, tambi\u00e9n pudo amar a la Gente mucho m\u00e1s de lo que nunca pens\u00f3 posible, \u00a1y la Gente se regocij\u00f3!<\/p>\n<p>Ver\u00e1s, siempre hab\u00edan amado a Black Corn, pero como ella no se amaba a s\u00ed misma, no pod\u00eda ver esto, nunca lo hubiera visto si no se hubiera preguntado a s\u00ed misma &quot;por qu\u00e9 me tratan de esta manera&quot;. La respuesta estuvo dentro de ella todo el tiempo... Esta fue la respuesta de Wakan Tanka a sus oraciones; este fue su regalo para ella.<\/p>\t\t\t\t\t\t\t\t<\/div>\n\t\t\t\t<\/div>\n\t\t\t\t\t<\/div>\n\t\t<\/div>\n\t\t\t\t\t<\/div>\n\t\t<\/section>\n\t\t\t\t<\/div>","protected":false},"excerpt":{"rendered":"<p>Sioux Mythology Wiki Los Lakotas o Titunwans (&quot;gente de la pradera&quot;) o Tetons en ingl\u00e9s (territorio tradicional de Dakota\/Wyoming) constitu\u00edan... <\/p>","protected":false},"author":1,"featured_media":0,"parent":3889,"menu_order":0,"comment_status":"closed","ping_status":"closed","template":"","meta":{"footnotes":""},"class_list":["post-21856","page","type-page","status-publish","hentry"],"amp_enabled":true,"_links":{"self":[{"href":"https:\/\/mythslegendes.com\/es\/wp-json\/wp\/v2\/pages\/21856","targetHints":{"allow":["GET"]}}],"collection":[{"href":"https:\/\/mythslegendes.com\/es\/wp-json\/wp\/v2\/pages"}],"about":[{"href":"https:\/\/mythslegendes.com\/es\/wp-json\/wp\/v2\/types\/page"}],"author":[{"embeddable":true,"href":"https:\/\/mythslegendes.com\/es\/wp-json\/wp\/v2\/users\/1"}],"replies":[{"embeddable":true,"href":"https:\/\/mythslegendes.com\/es\/wp-json\/wp\/v2\/comments?post=21856"}],"version-history":[{"count":3,"href":"https:\/\/mythslegendes.com\/es\/wp-json\/wp\/v2\/pages\/21856\/revisions"}],"predecessor-version":[{"id":21860,"href":"https:\/\/mythslegendes.com\/es\/wp-json\/wp\/v2\/pages\/21856\/revisions\/21860"}],"up":[{"embeddable":true,"href":"https:\/\/mythslegendes.com\/es\/wp-json\/wp\/v2\/pages\/3889"}],"wp:attachment":[{"href":"https:\/\/mythslegendes.com\/es\/wp-json\/wp\/v2\/media?parent=21856"}],"curies":[{"name":"wp","href":"https:\/\/api.w.org\/{rel}","templated":true}]}}