{"id":21861,"date":"2022-08-02T18:55:49","date_gmt":"2022-08-02T18:55:49","guid":{"rendered":"https:\/\/mythslegendes.com\/?page_id=21861"},"modified":"2022-08-02T18:58:03","modified_gmt":"2022-08-02T18:58:03","slug":"conte-lakota-brave-woman-counts-coup","status":"publish","type":"page","link":"https:\/\/mythslegendes.com\/es\/sioux-mitologia-lakota-dakota-nakota\/cuento-lakota-mujer-valiente-cuenta-golpe\/","title":{"rendered":"Cuento Lakota: Mujer valiente da golpe de estado"},"content":{"rendered":"<div data-elementor-type=\"wp-page\" data-elementor-id=\"21861\" class=\"elementor elementor-21861\">\n\t\t\t\t\t\t<section class=\"elementor-section elementor-top-section elementor-element elementor-element-0213dcd elementor-section-boxed elementor-section-height-default elementor-section-height-default\" data-id=\"0213dcd\" data-element_type=\"section\" data-e-type=\"section\">\n\t\t\t\t\t\t<div class=\"elementor-container elementor-column-gap-default\">\n\t\t\t\t\t<div class=\"elementor-column elementor-col-50 elementor-top-column elementor-element elementor-element-fe03723\" data-id=\"fe03723\" data-element_type=\"column\" data-e-type=\"column\">\n\t\t\t<div class=\"elementor-widget-wrap elementor-element-populated\">\n\t\t\t\t\t\t<div class=\"elementor-element elementor-element-ead0a9a elementor-align-justify elementor-widget elementor-widget-button\" data-id=\"ead0a9a\" data-element_type=\"widget\" data-e-type=\"widget\" data-widget_type=\"button.default\">\n\t\t\t\t<div class=\"elementor-widget-container\">\n\t\t\t\t\t\t\t\t\t<div class=\"elementor-button-wrapper\">\n\t\t\t\t\t<a class=\"elementor-button elementor-button-link elementor-size-sm\" href=\"https:\/\/mythslegendes.com\/es\/sioux-mitologia-lakota-dakota-nakota\/\">\n\t\t\t\t\t\t<span class=\"elementor-button-content-wrapper\">\n\t\t\t\t\t\t\t\t\t<span class=\"elementor-button-text\">Mitolog\u00eda sioux<\/span>\n\t\t\t\t\t<\/span>\n\t\t\t\t\t<\/a>\n\t\t\t\t<\/div>\n\t\t\t\t\t\t\t\t<\/div>\n\t\t\t\t<\/div>\n\t\t\t\t\t<\/div>\n\t\t<\/div>\n\t\t\t\t<div class=\"elementor-column elementor-col-50 elementor-top-column elementor-element elementor-element-0f4a8fe\" data-id=\"0f4a8fe\" data-element_type=\"column\" data-e-type=\"column\">\n\t\t\t<div class=\"elementor-widget-wrap elementor-element-populated\">\n\t\t\t\t\t\t<div class=\"elementor-element elementor-element-9edbf38 elementor-align-justify elementor-widget elementor-widget-button\" data-id=\"9edbf38\" data-element_type=\"widget\" data-e-type=\"widget\" data-widget_type=\"button.default\">\n\t\t\t\t<div class=\"elementor-widget-container\">\n\t\t\t\t\t\t\t\t\t<div class=\"elementor-button-wrapper\">\n\t\t\t\t\t<a class=\"elementor-button elementor-button-link elementor-size-sm\" href=\"https:\/\/www.firstpeople.us\/FP-Html-Legends\/BraveWomanCountsCoup-Lakota.html\" target=\"_blank\" rel=\"noopener\">\n\t\t\t\t\t\t<span class=\"elementor-button-content-wrapper\">\n\t\t\t\t\t\t\t\t\t<span class=\"elementor-button-text\">Wiki<\/span>\n\t\t\t\t\t<\/span>\n\t\t\t\t\t<\/a>\n\t\t\t\t<\/div>\n\t\t\t\t\t\t\t\t<\/div>\n\t\t\t\t<\/div>\n\t\t\t\t\t<\/div>\n\t\t<\/div>\n\t\t\t\t\t<\/div>\n\t\t<\/section>\n\t\t\t\t<section class=\"elementor-section elementor-top-section elementor-element elementor-element-d602c73 elementor-section-boxed elementor-section-height-default elementor-section-height-default\" data-id=\"d602c73\" data-element_type=\"section\" data-e-type=\"section\">\n\t\t\t\t\t\t<div class=\"elementor-container elementor-column-gap-default\">\n\t\t\t\t\t<div class=\"elementor-column elementor-col-100 elementor-top-column elementor-element elementor-element-20cbb04\" data-id=\"20cbb04\" data-element_type=\"column\" data-e-type=\"column\">\n\t\t\t<div class=\"elementor-widget-wrap elementor-element-populated\">\n\t\t\t\t\t\t<div class=\"elementor-element elementor-element-3bb6599 elementor-widget elementor-widget-text-editor\" data-id=\"3bb6599\" data-element_type=\"widget\" data-e-type=\"widget\" data-widget_type=\"text-editor.default\">\n\t\t\t\t<div class=\"elementor-widget-container\">\n\t\t\t\t\t\t\t\t\t<p><strong>El Lakota<\/strong> o Titunwans (&quot;gente de la pradera&quot;) o Tetons en ingl\u00e9s (territorio tradicional de Dakota\/Wyoming) constitu\u00edan originalmente uno de los siete fuegos del consejo. Aqu\u00ed est\u00e1 su historia: Mujer valiente cuenta el golpe.<\/p><p><img decoding=\"async\" class=\"alignnone wp-image-9347 size-full\" src=\"http:\/\/mythslegendes.com\/wp-content\/uploads\/2020\/09\/cropped-AlphaOmega-e1602613368367.png\" alt=\"Mujer valiente cuenta golpe\" width=\"25\" height=\"25\" title=\"\"><\/p>\t\t\t\t\t\t\t\t<\/div>\n\t\t\t\t<\/div>\n\t\t\t\t\t<\/div>\n\t\t<\/div>\n\t\t\t\t\t<\/div>\n\t\t<\/section>\n\t\t\t\t<section class=\"elementor-section elementor-top-section elementor-element elementor-element-3695471 elementor-section-boxed elementor-section-height-default elementor-section-height-default\" data-id=\"3695471\" data-element_type=\"section\" data-e-type=\"section\">\n\t\t\t\t\t\t<div class=\"elementor-container elementor-column-gap-default\">\n\t\t\t\t\t<div class=\"elementor-column elementor-col-100 elementor-top-column elementor-element elementor-element-3018a10\" data-id=\"3018a10\" data-element_type=\"column\" data-e-type=\"column\">\n\t\t\t<div class=\"elementor-widget-wrap elementor-element-populated\">\n\t\t\t\t\t\t<div class=\"elementor-element elementor-element-188a183 elementor-widget elementor-widget-heading\" data-id=\"188a183\" data-element_type=\"widget\" data-e-type=\"widget\" data-widget_type=\"heading.default\">\n\t\t\t\t<div class=\"elementor-widget-container\">\n\t\t\t\t\t<div id=\"ez-toc-container\" class=\"ez-toc-v2_0_82_2 counter-hierarchy ez-toc-counter ez-toc-grey ez-toc-container-direction\">\n<div class=\"ez-toc-title-container\">\n<p class=\"ez-toc-title\" style=\"cursor:inherit\">Contenido<\/p>\n<span class=\"ez-toc-title-toggle\"><a href=\"#\" class=\"ez-toc-pull-right ez-toc-btn ez-toc-btn-xs ez-toc-btn-default ez-toc-toggle\" aria-label=\"Alternar tabla de contenidos\"><span class=\"ez-toc-js-icon-con\"><span class=\"\"><span class=\"eztoc-hide\" style=\"display:none;\">Palanca<\/span><span class=\"ez-toc-icon-toggle-span\"><svg style=\"fill: #999;color:#999\" xmlns=\"http:\/\/www.w3.org\/2000\/svg\" class=\"list-377408\" width=\"20px\" height=\"20px\" viewbox=\"0 0 24 24\" fill=\"none\"><path d=\"M6 6H4v2h2V6zm14 0H8v2h12V6zM4 11h2v2H4v-2zm16 0H8v2h12v-2zM4 16h2v2H4v-2zm16 0H8v2h12v-2z\" fill=\"currentColor\"><\/path><\/svg><svg style=\"fill: #999;color:#999\" class=\"arrow-unsorted-368013\" xmlns=\"http:\/\/www.w3.org\/2000\/svg\" width=\"10px\" height=\"10px\" viewbox=\"0 0 24 24\" version=\"1.2\" baseprofile=\"tiny\"><path d=\"M18.2 9.3l-6.2-6.3-6.2 6.3c-.2.2-.3.4-.3.7s.1.5.3.7c.2.2.4.3.7.3h11c.3 0 .5-.1.7-.3.2-.2.3-.5.3-.7s-.1-.5-.3-.7zM5.8 14.7l6.2 6.3 6.2-6.3c.2-.2.3-.5.3-.7s-.1-.5-.3-.7c-.2-.2-.4-.3-.7-.3h-11c-.3 0-.5.1-.7.3-.2.2-.3.5-.3.7s.1.5.3.7z\"\/><\/svg><\/span><\/span><\/span><\/a><\/span><\/div>\n<nav><ul class='ez-toc-list ez-toc-list-level-1' ><li class='ez-toc-page-1 ez-toc-heading-level-2'><a class=\"ez-toc-link ez-toc-heading-1\" href=\"https:\/\/mythslegendes.com\/es\/sioux-mitologia-lakota-dakota-nakota\/cuento-lakota-mujer-valiente-cuenta-golpe\/#Brave-Woman-Counts-Coup\" >Mujer valiente cuenta golpe<\/a><\/li><\/ul><\/nav><\/div>\n<h2 class=\"elementor-heading-title elementor-size-default\"><span class=\"ez-toc-section\" id=\"Brave-Woman-Counts-Coup\"><\/span>Mujer valiente cuenta golpe<span class=\"ez-toc-section-end\"><\/span><\/h2>\t\t\t\t<\/div>\n\t\t\t\t<\/div>\n\t\t\t\t\t<\/div>\n\t\t<\/div>\n\t\t\t\t\t<\/div>\n\t\t<\/section>\n\t\t\t\t<section class=\"elementor-section elementor-top-section elementor-element elementor-element-a01c6fc elementor-section-boxed elementor-section-height-default elementor-section-height-default\" data-id=\"a01c6fc\" data-element_type=\"section\" data-e-type=\"section\">\n\t\t\t\t\t\t<div class=\"elementor-container elementor-column-gap-default\">\n\t\t\t\t\t<div class=\"elementor-column elementor-col-100 elementor-top-column elementor-element elementor-element-231b99b\" data-id=\"231b99b\" data-element_type=\"column\" data-e-type=\"column\">\n\t\t\t<div class=\"elementor-widget-wrap elementor-element-populated\">\n\t\t\t\t\t\t<div class=\"elementor-element elementor-element-9dc5a63 elementor-widget elementor-widget-text-editor\" data-id=\"9dc5a63\" data-element_type=\"widget\" data-e-type=\"widget\" data-widget_type=\"text-editor.default\">\n\t\t\t\t<div class=\"elementor-widget-container\">\n\t\t\t\t\t\t\t\t\t<p>Hace m\u00e1s de cien a\u00f1os, cuando muchos <a href=\"https:\/\/mythslegendes.com\/es\/mythes-et-legendes-siouans-2127\/\">siux<\/a> todav\u00eda viv\u00edan en<br \/>lo que ahora es Minnesota, hab\u00eda una banda de Hunkpapa Sioux en Spirit<br \/>Lago bajo un jefe llamado Tawa Makoce, que significa Su Pa\u00eds.<\/p><p>It was his country, too &#8211; Indian country, until the white soldiers<br \/>con su ca\u00f1\u00f3n finalmente condujo el <a href=\"https:\/\/mythslegendes.com\/es\/sioux-mitologia-lakota-dakota-nakota\/\">Lakota<\/a> tribus a lo largo del Mni<br \/>Shoshay: El gran fangoso, el <a href=\"https:\/\/mythslegendes.com\/es\/mitologia-winnebago\/\">Misuri<\/a>.<\/p><p>En su juventud, el jefe hab\u00eda sido uno de los m\u00e1s grandes guerreros. M\u00e1s tarde<br \/>cuando terminaron sus d\u00edas de lucha, era conocido como un l\u00edder sabio,<br \/>inestimable en el concilio, y como gran dador de fiestas, proveedor de los pobres.<\/p><p>El jefe tuvo tres hijos y una hija. Los hijos intentaron ser<br \/>guerreros tan poderosos como su padre, pero eso era algo dif\u00edcil de lograr.<br \/>hacer. Una y otra vez lucharon contra los indios Crow con imprudencia.<br \/>valent\u00eda, exponi\u00e9ndose en la primera fila, luchando mano a mano.<br \/>mano, hasta que uno a uno fueron asesinados.<\/p><p>Ahora s\u00f3lo le quedaba su hija al viejo y triste jefe. algunos dicen que ella<br \/>Su nombre era Makhta. Otros la llaman Winyan Ohitika, Mujer Valiente.<\/p><p>La ni\u00f1a era hermosa y orgullosa. Muchos j\u00f3venes huelen a sus padres.<br \/>al viejo jefe con obsequios de excelentes caballos que eran preliminares a las propuestas de matrimonio.<\/p><p>Entre los que la deseaban como esposa se encontraba un joven guerrero llamado<br \/>Red Horn, \u00e9l mismo hijo de un jefe, que envi\u00f3 a su padre nuevamente<br \/>y otra vez para pedir su mano. Pero Mujer Valiente no se casar\u00eda.<\/p><p>\u201cNo tomar\u00e9 marido\u201d, dijo, \u201chasta que<br \/>He contado con el golpe de los Cuervos para vengar a mis hermanos muertos. \u00bb<\/p><p>Otro joven que amaba a Brave Woman fue Wanblee Cikala, o<br \/>Peque\u00f1a \u00c1guila. Era demasiado t\u00edmido para declarar su amor, porque era<br \/>un ni\u00f1o pobre que nunca hab\u00eda sido capaz de distinguirse.<\/p><p>En esta \u00e9poca los Kangi Oyate, la naci\u00f3n Cuervo, hicieron un gran esfuerzo<br \/>establecerse a lo largo de las orillas del alto Misuri en<br \/>pa\u00eds que los sioux consideraban suyo.<\/p><p>Los sioux deciden enviar un fuerte grupo de guerra para perseguirlos.<br \/>y entre los j\u00f3venes que cabalgaban estaban Red Horn y Little Eagle.<\/p><p>\u201cIr\u00e9 contigo\u201d, dijo Mujer Valiente.<\/p><p>Se puso su mejor vestido de ante blanco ricamente decorado con<br \/>cuentas y p\u00faas de puercoesp\u00edn, y alrededor del cuello llevaba una gargantilla<br \/>de conchas de dentalium. Ella fue hacia el viejo jefe.<\/p><p>\u201cPadre\u201d, dijo, \u201cdebo ir al lugar donde<br \/>mis hermanos murieron. Debo contar los golpes por ellos. Dime que puedo ir. \u00bb<\/p><p>El viejo jefe llor\u00f3 de orgullo y pena. &quot;Eres mi \u00faltimo<br \/>ni\u00f1o&quot;, dijo, &quot;y temo por ti y por un solitario<br \/>vejez sin hijos que me consuelen. Pero tu mente ha estado durante mucho tiempo<br \/>arreglado. Veo que debes irte; hazlo r\u00e1pido. Usa mi gorro de guerra<br \/>a la batalla. Ve y no mires atr\u00e1s. \u00bb<\/p><p>And so his daughter, taking her brothers&rsquo; weapons and her father&rsquo;s<br \/>sombrero de guerra y el mejor pony de guerra, cabalg\u00f3 con los guerreros.<\/p><p>Encontraron una aldea enemiga tan grande que parec\u00eda contener la<br \/>whole Crow nation &#8211; hundreds of men and thousands of horses. There<br \/>Hab\u00eda muchos m\u00e1s cuervos que sioux, pero los sioux atacaron de todos modos.<\/p><p>Mujer Valiente era un espect\u00e1culo que incitaba a los guerreros a realizar grandes haza\u00f1as. A<br \/>Red Horn she gave her oldest brother&rsquo;s lance and shield. \u00ab\u00a0Count<br \/>Un golpe por mi hermano muerto\u201d, dijo. A Little Eagle le dio<br \/>her second brother&rsquo;s bow and arrows. \u00ab\u00a0Count coup for him who<br \/>Era due\u00f1o de estos\u201d, le dijo. A otro joven guerrero ella le dio<br \/>her youngest brother&rsquo;s war club. She herself carried only her father&rsquo;s<br \/>viejo palo de golpe curvo envuelto en piel de nutria.<\/p><p>Al principio, Mujer Valiente se abstuvo de luchar. Ella apoy\u00f3 el<br \/>Sioux cantando canciones de coraz\u00f3n valiente y haciendo que los sonidos estridentes y temblorosos<br \/>Grito de guerra con el que las mujeres indias alientan a sus hombres.<\/p><p>Pero cuando los sioux, incluidos sus propios guerreros de Hunkpapa,<br \/>banda, fueron rechazados por un n\u00famero abrumador, ella cabalg\u00f3 hacia el<br \/>en medio de la batalla. Ella no intent\u00f3 matar a sus enemigos, pero cont\u00f3<br \/>Golpe a izquierda y derecha, toc\u00e1ndolos con su palo golpe. Con una mujer<br \/>Luchando con tanta valent\u00eda entre ellos, \u00bfqu\u00e9 guerrero sioux podr\u00eda pensar en retirarse?<\/p><p>A\u00fan as\u00ed, la presi\u00f3n de los Cuervos y sus caballos hizo retroceder a los Sioux.<br \/>a second time. Brave Woman&rsquo;s horse was hit by a musket bullet and<br \/>baj\u00f3. Estaba a pie, indefensa, cuando Red Horn pas\u00f3 junto a ella.<br \/>en su pony moteado. Estaba demasiado orgullosa para pedir ayuda y<br \/>fingi\u00f3 no verla.<\/p><p>Entonces Little Eagle lleg\u00f3 cabalgando hacia ella desde el polvo de la batalla.<br \/>\u00c9l desmont\u00f3 y le dijo que subiera a su caballo. Ella lo hizo, esperando<br \/>Le pidi\u00f3 que subiera detr\u00e1s de ella, pero no lo hizo.<\/p><p>&quot;Este caballo est\u00e1 herido y demasiado d\u00e9bil para llevarnos a los dos&quot;, dijo.<br \/>\u00ab\u00a0I won&rsquo;t leave you to be killed,\u00a0\u00bb she told him.<\/p><p>He took her brother&rsquo;s bow and struck the horse sharply with it<br \/>a lo largo de la grupa. El caballo sali\u00f3 disparado, tal como pretend\u00eda, y Little Eagle<br \/>Regres\u00f3 a la batalla a pie. La propia Mujer Valiente reuni\u00f3 a los guerreros.<br \/>para una carga final, que hicieron con tal furia que los Cuervos<br \/>por fin tuvo que ceder.<\/p><p>Esta fue la batalla en la que la naci\u00f3n Crow fue expulsada de<br \/>Missouri para siempre. Fue una gran victoria, pero muchos j\u00f3venes valientes<br \/>los hombres murieron. Entre ellos se encontraba Little Eagle, derribado de cara al enemigo.<\/p><p>The Sioux warriors broke Red Horn&rsquo;s bow, took his eagle feathers<br \/>de \u00e9l y lo env\u00eda a casa.<\/p><p>Pero colocaron el cuerpo de Little Eagle en un alto andamio en<br \/>el lugar donde hab\u00eda estado el campamento enemigo. Mataron su caballo para<br \/>s\u00edrvele en la tierra de muchas logias.<\/p><p>\u201cVe de buena gana\u201d, le dijeron al caballo. &quot;Tu maestro<br \/>te necesita en el mundo espiritual. \u00bb<\/p><p>Mujer Valiente se cort\u00f3 los brazos y las piernas con un cuchillo afilado. Ella corta<br \/>llevaba el pelo corto y rasg\u00f3 su vestido blanco de piel de ante. As\u00ed ella llor\u00f3<br \/>para Peque\u00f1a \u00c1guila. No hab\u00edan sido marido y mujer; de hecho el tenia<br \/>Casi no se atrev\u00eda a hablarle ni a mirarla, pero ahora les pregunt\u00f3 a todos<br \/>to treat her as if she were the young warrior&rsquo;s widow.<\/p><p>Mujer Valiente nunca tom\u00f3 marido y nunca dej\u00f3 de llorar<br \/>para Peque\u00f1a \u00c1guila.<\/p><p>\u201cSoy su viuda\u201d, les dijo a todos. Ella muri\u00f3 de vieja<br \/>edad. Hab\u00eda hecho una gran cosa y su fama perdur\u00f3.<\/p>\t\t\t\t\t\t\t\t<\/div>\n\t\t\t\t<\/div>\n\t\t\t\t\t<\/div>\n\t\t<\/div>\n\t\t\t\t\t<\/div>\n\t\t<\/section>\n\t\t\t\t<\/div>","protected":false},"excerpt":{"rendered":"<p>Sioux Mythology Wiki Los Lakotas o Titunwans (&quot;gente de la pradera&quot;) o Tetons en ingl\u00e9s (territorio tradicional de Dakota\/Wyoming) constitu\u00edan... <\/p>","protected":false},"author":1,"featured_media":0,"parent":3889,"menu_order":0,"comment_status":"closed","ping_status":"closed","template":"","meta":{"footnotes":""},"class_list":["post-21861","page","type-page","status-publish","hentry"],"amp_enabled":true,"_links":{"self":[{"href":"https:\/\/mythslegendes.com\/es\/wp-json\/wp\/v2\/pages\/21861","targetHints":{"allow":["GET"]}}],"collection":[{"href":"https:\/\/mythslegendes.com\/es\/wp-json\/wp\/v2\/pages"}],"about":[{"href":"https:\/\/mythslegendes.com\/es\/wp-json\/wp\/v2\/types\/page"}],"author":[{"embeddable":true,"href":"https:\/\/mythslegendes.com\/es\/wp-json\/wp\/v2\/users\/1"}],"replies":[{"embeddable":true,"href":"https:\/\/mythslegendes.com\/es\/wp-json\/wp\/v2\/comments?post=21861"}],"version-history":[{"count":3,"href":"https:\/\/mythslegendes.com\/es\/wp-json\/wp\/v2\/pages\/21861\/revisions"}],"predecessor-version":[{"id":21865,"href":"https:\/\/mythslegendes.com\/es\/wp-json\/wp\/v2\/pages\/21861\/revisions\/21865"}],"up":[{"embeddable":true,"href":"https:\/\/mythslegendes.com\/es\/wp-json\/wp\/v2\/pages\/3889"}],"wp:attachment":[{"href":"https:\/\/mythslegendes.com\/es\/wp-json\/wp\/v2\/media?parent=21861"}],"curies":[{"name":"wp","href":"https:\/\/api.w.org\/{rel}","templated":true}]}}