{"id":21866,"date":"2022-08-02T18:59:33","date_gmt":"2022-08-02T18:59:33","guid":{"rendered":"https:\/\/mythslegendes.com\/?page_id=21866"},"modified":"2022-08-02T19:01:38","modified_gmt":"2022-08-02T19:01:38","slug":"conte-lakota-chief-roman-nose","status":"publish","type":"page","link":"https:\/\/mythslegendes.com\/es\/sioux-mitologia-lakota-dakota-nakota\/cuento-lakota-jefe-novela-nariz\/","title":{"rendered":"Cuento Lakota: Jefe Nariz Romana"},"content":{"rendered":"<div data-elementor-type=\"wp-page\" data-elementor-id=\"21866\" class=\"elementor elementor-21866\">\n\t\t\t\t\t\t<section class=\"elementor-section elementor-top-section elementor-element elementor-element-4808a23 elementor-section-boxed elementor-section-height-default elementor-section-height-default\" data-id=\"4808a23\" data-element_type=\"section\" data-e-type=\"section\">\n\t\t\t\t\t\t<div class=\"elementor-container elementor-column-gap-default\">\n\t\t\t\t\t<div class=\"elementor-column elementor-col-50 elementor-top-column elementor-element elementor-element-32c67d3\" data-id=\"32c67d3\" data-element_type=\"column\" data-e-type=\"column\">\n\t\t\t<div class=\"elementor-widget-wrap elementor-element-populated\">\n\t\t\t\t\t\t<div class=\"elementor-element elementor-element-53a616c elementor-align-justify elementor-widget elementor-widget-button\" data-id=\"53a616c\" data-element_type=\"widget\" data-e-type=\"widget\" data-widget_type=\"button.default\">\n\t\t\t\t<div class=\"elementor-widget-container\">\n\t\t\t\t\t\t\t\t\t<div class=\"elementor-button-wrapper\">\n\t\t\t\t\t<a class=\"elementor-button elementor-button-link elementor-size-sm\" href=\"https:\/\/mythslegendes.com\/es\/sioux-mitologia-lakota-dakota-nakota\/\">\n\t\t\t\t\t\t<span class=\"elementor-button-content-wrapper\">\n\t\t\t\t\t\t\t\t\t<span class=\"elementor-button-text\">Mitolog\u00eda sioux<\/span>\n\t\t\t\t\t<\/span>\n\t\t\t\t\t<\/a>\n\t\t\t\t<\/div>\n\t\t\t\t\t\t\t\t<\/div>\n\t\t\t\t<\/div>\n\t\t\t\t\t<\/div>\n\t\t<\/div>\n\t\t\t\t<div class=\"elementor-column elementor-col-50 elementor-top-column elementor-element elementor-element-1c2ce0c\" data-id=\"1c2ce0c\" data-element_type=\"column\" data-e-type=\"column\">\n\t\t\t<div class=\"elementor-widget-wrap elementor-element-populated\">\n\t\t\t\t\t\t<div class=\"elementor-element elementor-element-181f092 elementor-align-justify elementor-widget elementor-widget-button\" data-id=\"181f092\" data-element_type=\"widget\" data-e-type=\"widget\" data-widget_type=\"button.default\">\n\t\t\t\t<div class=\"elementor-widget-container\">\n\t\t\t\t\t\t\t\t\t<div class=\"elementor-button-wrapper\">\n\t\t\t\t\t<a class=\"elementor-button elementor-button-link elementor-size-sm\" href=\"https:\/\/www.firstpeople.us\/FP-Html-Legends\/ChiefRomanNoseLosesHisMedicine-Lakota.html\" target=\"_blank\" rel=\"noopener\">\n\t\t\t\t\t\t<span class=\"elementor-button-content-wrapper\">\n\t\t\t\t\t\t\t\t\t<span class=\"elementor-button-text\">Wiki<\/span>\n\t\t\t\t\t<\/span>\n\t\t\t\t\t<\/a>\n\t\t\t\t<\/div>\n\t\t\t\t\t\t\t\t<\/div>\n\t\t\t\t<\/div>\n\t\t\t\t\t<\/div>\n\t\t<\/div>\n\t\t\t\t\t<\/div>\n\t\t<\/section>\n\t\t\t\t<section class=\"elementor-section elementor-top-section elementor-element elementor-element-a73460d elementor-section-boxed elementor-section-height-default elementor-section-height-default\" data-id=\"a73460d\" data-element_type=\"section\" data-e-type=\"section\">\n\t\t\t\t\t\t<div class=\"elementor-container elementor-column-gap-default\">\n\t\t\t\t\t<div class=\"elementor-column elementor-col-100 elementor-top-column elementor-element elementor-element-28bf46b\" data-id=\"28bf46b\" data-element_type=\"column\" data-e-type=\"column\">\n\t\t\t<div class=\"elementor-widget-wrap elementor-element-populated\">\n\t\t\t\t\t\t<div class=\"elementor-element elementor-element-e6c332d elementor-widget elementor-widget-text-editor\" data-id=\"e6c332d\" data-element_type=\"widget\" data-e-type=\"widget\" data-widget_type=\"text-editor.default\">\n\t\t\t\t<div class=\"elementor-widget-container\">\n\t\t\t\t\t\t\t\t\t<p><strong>El Lakota<\/strong> o Titunwans (&quot;gente de la pradera&quot;) o Tetons en ingl\u00e9s (territorio tradicional de Dakota\/Wyoming) fue originalmente uno de los siete incendios del consejo. Esta es su historia: El Jefe Nariz Romana pierde su Medicina.<\/p><p><img decoding=\"async\" class=\"alignnone wp-image-9347 size-full\" src=\"http:\/\/mythslegendes.com\/wp-content\/uploads\/2020\/09\/cropped-AlphaOmega-e1602613368367.png\" alt=\"Jefe Nariz Romana pierde su Medicina\" width=\"25\" height=\"25\" title=\"\"><\/p>\t\t\t\t\t\t\t\t<\/div>\n\t\t\t\t<\/div>\n\t\t\t\t\t<\/div>\n\t\t<\/div>\n\t\t\t\t\t<\/div>\n\t\t<\/section>\n\t\t\t\t<section class=\"elementor-section elementor-top-section elementor-element elementor-element-4f60749 elementor-section-boxed elementor-section-height-default elementor-section-height-default\" data-id=\"4f60749\" data-element_type=\"section\" data-e-type=\"section\">\n\t\t\t\t\t\t<div class=\"elementor-container elementor-column-gap-default\">\n\t\t\t\t\t<div class=\"elementor-column elementor-col-100 elementor-top-column elementor-element elementor-element-a57fe41\" data-id=\"a57fe41\" data-element_type=\"column\" data-e-type=\"column\">\n\t\t\t<div class=\"elementor-widget-wrap elementor-element-populated\">\n\t\t\t\t\t\t<div class=\"elementor-element elementor-element-5cf8b36 elementor-widget elementor-widget-heading\" data-id=\"5cf8b36\" data-element_type=\"widget\" data-e-type=\"widget\" data-widget_type=\"heading.default\">\n\t\t\t\t<div class=\"elementor-widget-container\">\n\t\t\t\t\t<div id=\"ez-toc-container\" class=\"ez-toc-v2_0_82_2 counter-hierarchy ez-toc-counter ez-toc-grey ez-toc-container-direction\">\n<div class=\"ez-toc-title-container\">\n<p class=\"ez-toc-title\" style=\"cursor:inherit\">Contenido<\/p>\n<span class=\"ez-toc-title-toggle\"><a href=\"#\" class=\"ez-toc-pull-right ez-toc-btn ez-toc-btn-xs ez-toc-btn-default ez-toc-toggle\" aria-label=\"Alternar tabla de contenidos\"><span class=\"ez-toc-js-icon-con\"><span class=\"\"><span class=\"eztoc-hide\" style=\"display:none;\">Palanca<\/span><span class=\"ez-toc-icon-toggle-span\"><svg style=\"fill: #999;color:#999\" xmlns=\"http:\/\/www.w3.org\/2000\/svg\" class=\"list-377408\" width=\"20px\" height=\"20px\" viewbox=\"0 0 24 24\" fill=\"none\"><path d=\"M6 6H4v2h2V6zm14 0H8v2h12V6zM4 11h2v2H4v-2zm16 0H8v2h12v-2zM4 16h2v2H4v-2zm16 0H8v2h12v-2z\" fill=\"currentColor\"><\/path><\/svg><svg style=\"fill: #999;color:#999\" class=\"arrow-unsorted-368013\" xmlns=\"http:\/\/www.w3.org\/2000\/svg\" width=\"10px\" height=\"10px\" viewbox=\"0 0 24 24\" version=\"1.2\" baseprofile=\"tiny\"><path d=\"M18.2 9.3l-6.2-6.3-6.2 6.3c-.2.2-.3.4-.3.7s.1.5.3.7c.2.2.4.3.7.3h11c.3 0 .5-.1.7-.3.2-.2.3-.5.3-.7s-.1-.5-.3-.7zM5.8 14.7l6.2 6.3 6.2-6.3c.2-.2.3-.5.3-.7s-.1-.5-.3-.7c-.2-.2-.4-.3-.7-.3h-11c-.3 0-.5.1-.7.3-.2.2-.3.5-.3.7s.1.5.3.7z\"\/><\/svg><\/span><\/span><\/span><\/a><\/span><\/div>\n<nav><ul class='ez-toc-list ez-toc-list-level-1' ><li class='ez-toc-page-1 ez-toc-heading-level-2'><a class=\"ez-toc-link ez-toc-heading-1\" href=\"https:\/\/mythslegendes.com\/es\/sioux-mitologia-lakota-dakota-nakota\/cuento-lakota-jefe-novela-nariz\/#Chief-Roman-Nose-loses-his-Medicine\" >Jefe Nariz Romana pierde su Medicina<\/a><\/li><\/ul><\/nav><\/div>\n<h2 class=\"elementor-heading-title elementor-size-default\"><span class=\"ez-toc-section\" id=\"Chief-Roman-Nose-loses-his-Medicine\"><\/span>Jefe Nariz Romana pierde su Medicina<span class=\"ez-toc-section-end\"><\/span><\/h2>\t\t\t\t<\/div>\n\t\t\t\t<\/div>\n\t\t\t\t\t<\/div>\n\t\t<\/div>\n\t\t\t\t\t<\/div>\n\t\t<\/section>\n\t\t\t\t<section class=\"elementor-section elementor-top-section elementor-element elementor-element-096bd07 elementor-section-boxed elementor-section-height-default elementor-section-height-default\" data-id=\"096bd07\" data-element_type=\"section\" data-e-type=\"section\">\n\t\t\t\t\t\t<div class=\"elementor-container elementor-column-gap-default\">\n\t\t\t\t\t<div class=\"elementor-column elementor-col-100 elementor-top-column elementor-element elementor-element-434f564\" data-id=\"434f564\" data-element_type=\"column\" data-e-type=\"column\">\n\t\t\t<div class=\"elementor-widget-wrap elementor-element-populated\">\n\t\t\t\t\t\t<div class=\"elementor-element elementor-element-f194497 elementor-widget elementor-widget-text-editor\" data-id=\"f194497\" data-element_type=\"widget\" data-e-type=\"widget\" data-widget_type=\"text-editor.default\">\n\t\t\t\t<div class=\"elementor-widget-container\">\n\t\t\t\t\t\t\t\t\t<p>T\u00e9 <a href=\"https:\/\/mythslegendes.com\/es\/sioux-mitologia-lakota-dakota-nakota\/\">Lakota<\/a> y el Shahiyela - el <a href=\"https:\/\/mythslegendes.com\/es\/mythes-et-legendes-siouans-2127\/\">siux<\/a> y el <a href=\"https:\/\/mythslegendes.com\/es\/cheyenne-arapaho-mitologia\/\">Cheyenne<\/a> \u2013 han sido buenos amigos durante mucho tiempo. A menudo han luchado hombro con hombro. Lucharon contra los soldados blancos en el camino de Bozeman, que los indios llamamos el camino de los ladrones porque fue construido para robar nuestra tierra. Lucharon juntos en el r\u00edo Rosebud, y las dos tribus se unieron para derrotar a Custer en la gran batalla de Little Bighorn. Incluso ahora, en una pelea de bar, un sioux siempre acudir\u00e1 en ayuda de un cheyenne y viceversa. Nosotros, los sioux, nunca olvidaremos lo valientes que eran los luchadores Cheyenne.<\/p>\n<p>Hace m\u00e1s de cien a\u00f1os, los Cheyenne ten\u00edan un famoso jefe de guerra a quien los blancos llamaban Nariz Romana. Ten\u00eda el rostro feroz y orgulloso de un halc\u00f3n, y sus haza\u00f1as eran legendarias. Siempre cabalgaba hacia la batalla con un largo gorro de guerra colgando detr\u00e1s de \u00e9l. Estaba lleno de plumas de \u00e1guila, y cada uno representaba una haza\u00f1a valiente, un golpe contado contra el enemigo.Roman Nose ten\u00eda una poderosa medicina de guerra, una piedra m\u00e1gica que llevaba atada a su cabello en la parte posterior de su cabeza. Antes de una pelea, rociaba su camisa de guerra con polvo sagrado de tuza y pintaba su caballo con patrones de granizo. Todas estas cosas, especialmente la piedra m\u00e1gica, lo hicieron a prueba de balas. Por supuesto que pod\u00eda ser asesinado con una lanza, un cuchillo o un tomahawk, pero no con una pistola. Y nadie super\u00f3 nunca a Roman Nose en el combate cuerpo a cuerpo.<\/p>\n<p>Hab\u00eda una cosa sobre la medicina de Roman Nose: no se le permit\u00eda tocar nada hecho de metal cuando com\u00eda. Ten\u00eda que usar cucharas de cuerno o de madera y comer en cuencos de madera o de barro. Su carne ten\u00eda que ser cocinada en una bolsa de b\u00fafalo o en una olla de barro, no en la olla de hierro de un hombre blanco.<\/p>\n<p>Un d\u00eda, Roman Nose recibi\u00f3 noticias de una batalla entre soldados blancos y guerreros Cheyenne. La pelea se hab\u00eda estado balanceando de un lado a otro durante m\u00e1s de un d\u00eda. \u201cVen y ay\u00fadanos, te necesitamos\u201d, fue el mensaje. Roman Nose reuni\u00f3 a sus guerreros. Tuvieron una comida apresurada y Roman Nose se olvid\u00f3 de las leyes de su medicina. Usando una cuchara de metal y un cuchillo de acero de hombre blanco, comi\u00f3 carne de b\u00fafalo cocinada en una olla de hierro.<\/p>\n<p>Los soldados blancos hab\u00edan construido un fuerte en una isla de arena en medio de un r\u00edo. Disparaban por la espalda y ten\u00edan un nuevo tipo de rifle que era mejor y pod\u00eda disparar m\u00e1s r\u00e1pido y m\u00e1s lejos que las flechas de los indios y las viejas armas de avancarga.<\/p>\n<p>Los cheyenne se lanzaban contra los soldados ataque tras ataque, pero en algunos puntos el agua llegaba hasta las monturas de sus caballos y el fondo del r\u00edo estaba resbaladizo. No pod\u00edan cabalgar r\u00e1pidamente sobre el enemigo y se enfrentaban a un fuego asesino. Sus ataques fueron repelidos, sus p\u00e9rdidas cuantiosas.<\/p>\n<p>Roman Nose se prepar\u00f3 para la pelea poni\u00e9ndose sus mejores ropas, camisa de guerra y calzas. Pint\u00f3 su mejor caballo, con dise\u00f1os de granizo, y se at\u00f3 la piedra que lo hizo a prueba de balas en el cabello en la parte posterior de la cabeza.<\/p>\n<p>Pero un anciano guerrero se acerc\u00f3 a \u00e9l y le dijo: &quot;Has comido de una olla de hierro con una cuchara de metal y un cuchillo de acero. Tu medicina es impotente; no debes pelear hoy. Purif\u00edcate durante cuatro d\u00edas para que tu medicina sea bien de nuevo&quot;.<\/p>\n<p>\u201cPero la pelea es hoy, no en cuatro d\u00edas\u201d, dijo Nariz Romana. &quot;Debo liderar a mis guerreros. Morir\u00e9, pero solo las monta\u00f1as y las rocas son eternas&quot;. Se puso su gran gorro de guerra, cant\u00f3 su canci\u00f3n de muerte y luego carg\u00f3. Mientras cabalgaba hacia el parapeto de \u00e1lamo de los blancos, una bala lo alcanz\u00f3 en el pecho. Se cay\u00f3 de su caballo; su cuerpo fue inmediatamente levantado por sus guerreros, y los Cheyenne se retiraron con su jefe muerto. Honrarlo en la muerte, darle un entierro digno, era m\u00e1s importante que continuar la batalla. Toda la noche los soldados en su fuerte pudieron escuchar las canciones de duelo de los Cheyenne, los lamentos de las mujeres. Ellos tambi\u00e9n sab\u00edan que el gran jefe Nariz Romana estaba muerto. Hab\u00eda muerto como hab\u00eda vivido. Hab\u00eda demostrado que a veces es m\u00e1s importante actuar como un jefe que vivir hasta una gran vejez.<\/p>\t\t\t\t\t\t\t\t<\/div>\n\t\t\t\t<\/div>\n\t\t\t\t\t<\/div>\n\t\t<\/div>\n\t\t\t\t\t<\/div>\n\t\t<\/section>\n\t\t\t\t<\/div>","protected":false},"excerpt":{"rendered":"<p>Sioux Mythology Wiki Los Lakotas o Titunwans (&quot;gente de la pradera&quot;) o Tetons en ingl\u00e9s (territorio tradicional de Dakota\/Wyoming) constitu\u00edan... <\/p>","protected":false},"author":1,"featured_media":0,"parent":3889,"menu_order":0,"comment_status":"closed","ping_status":"closed","template":"","meta":{"footnotes":""},"class_list":["post-21866","page","type-page","status-publish","hentry"],"amp_enabled":true,"_links":{"self":[{"href":"https:\/\/mythslegendes.com\/es\/wp-json\/wp\/v2\/pages\/21866","targetHints":{"allow":["GET"]}}],"collection":[{"href":"https:\/\/mythslegendes.com\/es\/wp-json\/wp\/v2\/pages"}],"about":[{"href":"https:\/\/mythslegendes.com\/es\/wp-json\/wp\/v2\/types\/page"}],"author":[{"embeddable":true,"href":"https:\/\/mythslegendes.com\/es\/wp-json\/wp\/v2\/users\/1"}],"replies":[{"embeddable":true,"href":"https:\/\/mythslegendes.com\/es\/wp-json\/wp\/v2\/comments?post=21866"}],"version-history":[{"count":3,"href":"https:\/\/mythslegendes.com\/es\/wp-json\/wp\/v2\/pages\/21866\/revisions"}],"predecessor-version":[{"id":21870,"href":"https:\/\/mythslegendes.com\/es\/wp-json\/wp\/v2\/pages\/21866\/revisions\/21870"}],"up":[{"embeddable":true,"href":"https:\/\/mythslegendes.com\/es\/wp-json\/wp\/v2\/pages\/3889"}],"wp:attachment":[{"href":"https:\/\/mythslegendes.com\/es\/wp-json\/wp\/v2\/media?parent=21866"}],"curies":[{"name":"wp","href":"https:\/\/api.w.org\/{rel}","templated":true}]}}