{"id":21871,"date":"2022-08-02T19:04:55","date_gmt":"2022-08-02T19:04:55","guid":{"rendered":"https:\/\/mythslegendes.com\/?page_id=21871"},"modified":"2022-08-02T19:07:22","modified_gmt":"2022-08-02T19:07:22","slug":"conte-lakota-dance-in-a-buffalo-skull","status":"publish","type":"page","link":"https:\/\/mythslegendes.com\/es\/sioux-mitologia-lakota-dakota-nakota\/tale-lakota-dance-in-a-buffalo-skull\/","title":{"rendered":"Lakota Tale: Danza en un cr\u00e1neo de b\u00fafalo"},"content":{"rendered":"<div data-elementor-type=\"wp-page\" data-elementor-id=\"21871\" class=\"elementor elementor-21871\">\n\t\t\t\t\t\t<section class=\"elementor-section elementor-top-section elementor-element elementor-element-f6c1a64 elementor-section-boxed elementor-section-height-default elementor-section-height-default\" data-id=\"f6c1a64\" data-element_type=\"section\" data-e-type=\"section\">\n\t\t\t\t\t\t<div class=\"elementor-container elementor-column-gap-default\">\n\t\t\t\t\t<div class=\"elementor-column elementor-col-50 elementor-top-column elementor-element elementor-element-bd4c1d7\" data-id=\"bd4c1d7\" data-element_type=\"column\" data-e-type=\"column\">\n\t\t\t<div class=\"elementor-widget-wrap elementor-element-populated\">\n\t\t\t\t\t\t<div class=\"elementor-element elementor-element-91546e4 elementor-align-justify elementor-widget elementor-widget-button\" data-id=\"91546e4\" data-element_type=\"widget\" data-e-type=\"widget\" data-widget_type=\"button.default\">\n\t\t\t\t<div class=\"elementor-widget-container\">\n\t\t\t\t\t\t\t\t\t<div class=\"elementor-button-wrapper\">\n\t\t\t\t\t<a class=\"elementor-button elementor-button-link elementor-size-sm\" href=\"https:\/\/mythslegendes.com\/es\/sioux-mitologia-lakota-dakota-nakota\/\">\n\t\t\t\t\t\t<span class=\"elementor-button-content-wrapper\">\n\t\t\t\t\t\t\t\t\t<span class=\"elementor-button-text\">Mitolog\u00eda sioux<\/span>\n\t\t\t\t\t<\/span>\n\t\t\t\t\t<\/a>\n\t\t\t\t<\/div>\n\t\t\t\t\t\t\t\t<\/div>\n\t\t\t\t<\/div>\n\t\t\t\t\t<\/div>\n\t\t<\/div>\n\t\t\t\t<div class=\"elementor-column elementor-col-50 elementor-top-column elementor-element elementor-element-8f1be98\" data-id=\"8f1be98\" data-element_type=\"column\" data-e-type=\"column\">\n\t\t\t<div class=\"elementor-widget-wrap elementor-element-populated\">\n\t\t\t\t\t\t<div class=\"elementor-element elementor-element-71b83b0 elementor-align-justify elementor-widget elementor-widget-button\" data-id=\"71b83b0\" data-element_type=\"widget\" data-e-type=\"widget\" data-widget_type=\"button.default\">\n\t\t\t\t<div class=\"elementor-widget-container\">\n\t\t\t\t\t\t\t\t\t<div class=\"elementor-button-wrapper\">\n\t\t\t\t\t<a class=\"elementor-button elementor-button-link elementor-size-sm\" href=\"https:\/\/www.firstpeople.us\/FP-Html-Legends\/DanceinaBuffaloSkull-Lakota.html\" target=\"_blank\" rel=\"noopener\">\n\t\t\t\t\t\t<span class=\"elementor-button-content-wrapper\">\n\t\t\t\t\t\t\t\t\t<span class=\"elementor-button-text\">Wiki<\/span>\n\t\t\t\t\t<\/span>\n\t\t\t\t\t<\/a>\n\t\t\t\t<\/div>\n\t\t\t\t\t\t\t\t<\/div>\n\t\t\t\t<\/div>\n\t\t\t\t\t<\/div>\n\t\t<\/div>\n\t\t\t\t\t<\/div>\n\t\t<\/section>\n\t\t\t\t<section class=\"elementor-section elementor-top-section elementor-element elementor-element-79b4916 elementor-section-boxed elementor-section-height-default elementor-section-height-default\" data-id=\"79b4916\" data-element_type=\"section\" data-e-type=\"section\">\n\t\t\t\t\t\t<div class=\"elementor-container elementor-column-gap-default\">\n\t\t\t\t\t<div class=\"elementor-column elementor-col-100 elementor-top-column elementor-element elementor-element-911b46a\" data-id=\"911b46a\" data-element_type=\"column\" data-e-type=\"column\">\n\t\t\t<div class=\"elementor-widget-wrap elementor-element-populated\">\n\t\t\t\t\t\t<div class=\"elementor-element elementor-element-cec45e4 elementor-widget elementor-widget-text-editor\" data-id=\"cec45e4\" data-element_type=\"widget\" data-e-type=\"widget\" data-widget_type=\"text-editor.default\">\n\t\t\t\t<div class=\"elementor-widget-container\">\n\t\t\t\t\t\t\t\t\t<p><strong>El Lakota<\/strong> o Titunwans (&quot;gente de la pradera&quot;) o Tetons en ingl\u00e9s (territorio tradicional de Dakota\/Wyoming) fue originalmente uno de los siete incendios del consejo. Esta es su historia: Danza en un cr\u00e1neo de b\u00fafalo.<\/p><p><img decoding=\"async\" class=\"alignnone wp-image-9347 size-full\" src=\"http:\/\/mythslegendes.com\/wp-content\/uploads\/2020\/09\/cropped-AlphaOmega-e1602613368367.png\" alt=\"Bailar en un cr\u00e1neo de b\u00fafalo\" width=\"25\" height=\"25\" title=\"\"><\/p>\t\t\t\t\t\t\t\t<\/div>\n\t\t\t\t<\/div>\n\t\t\t\t\t<\/div>\n\t\t<\/div>\n\t\t\t\t\t<\/div>\n\t\t<\/section>\n\t\t\t\t<section class=\"elementor-section elementor-top-section elementor-element elementor-element-4c49e88 elementor-section-boxed elementor-section-height-default elementor-section-height-default\" data-id=\"4c49e88\" data-element_type=\"section\" data-e-type=\"section\">\n\t\t\t\t\t\t<div class=\"elementor-container elementor-column-gap-default\">\n\t\t\t\t\t<div class=\"elementor-column elementor-col-100 elementor-top-column elementor-element elementor-element-d75e58b\" data-id=\"d75e58b\" data-element_type=\"column\" data-e-type=\"column\">\n\t\t\t<div class=\"elementor-widget-wrap elementor-element-populated\">\n\t\t\t\t\t\t<div class=\"elementor-element elementor-element-bd96124 elementor-widget elementor-widget-heading\" data-id=\"bd96124\" data-element_type=\"widget\" data-e-type=\"widget\" data-widget_type=\"heading.default\">\n\t\t\t\t<div class=\"elementor-widget-container\">\n\t\t\t\t\t<div id=\"ez-toc-container\" class=\"ez-toc-v2_0_82_2 counter-hierarchy ez-toc-counter ez-toc-grey ez-toc-container-direction\">\n<div class=\"ez-toc-title-container\">\n<p class=\"ez-toc-title\" style=\"cursor:inherit\">Contenido<\/p>\n<span class=\"ez-toc-title-toggle\"><a href=\"#\" class=\"ez-toc-pull-right ez-toc-btn ez-toc-btn-xs ez-toc-btn-default ez-toc-toggle\" aria-label=\"Alternar tabla de contenidos\"><span class=\"ez-toc-js-icon-con\"><span class=\"\"><span class=\"eztoc-hide\" style=\"display:none;\">Palanca<\/span><span class=\"ez-toc-icon-toggle-span\"><svg style=\"fill: #999;color:#999\" xmlns=\"http:\/\/www.w3.org\/2000\/svg\" class=\"list-377408\" width=\"20px\" height=\"20px\" viewbox=\"0 0 24 24\" fill=\"none\"><path d=\"M6 6H4v2h2V6zm14 0H8v2h12V6zM4 11h2v2H4v-2zm16 0H8v2h12v-2zM4 16h2v2H4v-2zm16 0H8v2h12v-2z\" fill=\"currentColor\"><\/path><\/svg><svg style=\"fill: #999;color:#999\" class=\"arrow-unsorted-368013\" xmlns=\"http:\/\/www.w3.org\/2000\/svg\" width=\"10px\" height=\"10px\" viewbox=\"0 0 24 24\" version=\"1.2\" baseprofile=\"tiny\"><path d=\"M18.2 9.3l-6.2-6.3-6.2 6.3c-.2.2-.3.4-.3.7s.1.5.3.7c.2.2.4.3.7.3h11c.3 0 .5-.1.7-.3.2-.2.3-.5.3-.7s-.1-.5-.3-.7zM5.8 14.7l6.2 6.3 6.2-6.3c.2-.2.3-.5.3-.7s-.1-.5-.3-.7c-.2-.2-.4-.3-.7-.3h-11c-.3 0-.5.1-.7.3-.2.2-.3.5-.3.7s.1.5.3.7z\"\/><\/svg><\/span><\/span><\/span><\/a><\/span><\/div>\n<nav><ul class='ez-toc-list ez-toc-list-level-1' ><li class='ez-toc-page-1 ez-toc-heading-level-2'><a class=\"ez-toc-link ez-toc-heading-1\" href=\"https:\/\/mythslegendes.com\/es\/sioux-mitologia-lakota-dakota-nakota\/tale-lakota-dance-in-a-buffalo-skull\/#Dance-in-a-Buffalo-Skull\" >Bailar en un cr\u00e1neo de b\u00fafalo<\/a><\/li><\/ul><\/nav><\/div>\n<h2 class=\"elementor-heading-title elementor-size-default\"><span class=\"ez-toc-section\" id=\"Dance-in-a-Buffalo-Skull\"><\/span>Bailar en un cr\u00e1neo de b\u00fafalo<span class=\"ez-toc-section-end\"><\/span><\/h2>\t\t\t\t<\/div>\n\t\t\t\t<\/div>\n\t\t\t\t\t<\/div>\n\t\t<\/div>\n\t\t\t\t\t<\/div>\n\t\t<\/section>\n\t\t\t\t<section class=\"elementor-section elementor-top-section elementor-element elementor-element-da8d7f0 elementor-section-boxed elementor-section-height-default elementor-section-height-default\" data-id=\"da8d7f0\" data-element_type=\"section\" data-e-type=\"section\">\n\t\t\t\t\t\t<div class=\"elementor-container elementor-column-gap-default\">\n\t\t\t\t\t<div class=\"elementor-column elementor-col-100 elementor-top-column elementor-element elementor-element-66bc8eb\" data-id=\"66bc8eb\" data-element_type=\"column\" data-e-type=\"column\">\n\t\t\t<div class=\"elementor-widget-wrap elementor-element-populated\">\n\t\t\t\t\t\t<div class=\"elementor-element elementor-element-d7e53cd elementor-widget elementor-widget-text-editor\" data-id=\"d7e53cd\" data-element_type=\"widget\" data-e-type=\"widget\" data-widget_type=\"text-editor.default\">\n\t\t\t\t<div class=\"elementor-widget-container\">\n\t\t\t\t\t\t\t\t\t<p>Era de noche en la pradera. En lo alto, las estrellas brillaban con sus luces rojas y amarillas. La luna era joven. Un hilo plateado entre las estrellas, pronto se desliz\u00f3 bajo el horizonte. Sobre el suelo, la tierra estaba completamente negra.<\/p>\n<p>Hay gente nocturna en la llanura que ama la oscuridad. En medio de la tierra llana y negra se re\u00fanen para retozar bajo las estrellas. Luego, cuando sus agudos o\u00eddos escuchan pasos extra\u00f1os cerca, corretean hacia las profundas sombras de la noche.<\/p>\n<p>All\u00ed est\u00e1n a salvo de todos los peligros, piensan.<\/p>\n<p>As\u00ed fue que una noche muy negra, lejos del borde de la tierra llana, del fondo del r\u00edo boscoso se deslizaron dos bolas de fuego. Se adentraron m\u00e1s y m\u00e1s en la tierra llana. Se hicieron m\u00e1s grandes y brillantes. La oscuridad escond\u00eda el cuerpo de la criatura con esos ojos de fuego. Siguieron y siguieron, justo por encima de la parte superior de la hierba de la pradera. Podr\u00eda haber sido un gato mont\u00e9s merodeando bajo con pies suaves y sigilosos.<\/p>\n<p>Lento pero seguro, los terribles ojos se acercaron m\u00e1s y m\u00e1s al coraz\u00f3n de la tierra llana. \u00a1All\u00ed, en un enorme y viejo cr\u00e1neo de b\u00fafalo, hab\u00eda una alegre fiesta y baile! Diminutos ratoncitos de campo cantaban y bailaban en c\u00edrculo al son del boom-boom de un peque\u00f1o, peque\u00f1o tambor. Estaban riendo y hablando entre ellos mientras sus cantantes elegidos cantaban en voz alta una melod\u00eda alegre.<\/p>\n<p>Construyeron un peque\u00f1o fuego abierto en el centro de su casa de baile queer. La luz sali\u00f3 a raudales del cr\u00e1neo de b\u00fafalo a trav\u00e9s de todas las curiosas cavidades y agujeros. Una luz en la llanura en medio de la noche era algo inusual.<\/p>\n<p>Pero tan alegres estaban los ratones que no oyeron el &quot;rey, rey&quot; de los p\u00e1jaros somnolientos, perturbados por el fuego desacostumbrado.<\/p>\n<p>Una manada de lobos, temiendo acercarse a este fuego nocturno, se mantuvieron juntos a poca distancia y, volviendo sus puntiagudos hocicos hacia las estrellas, aullaron y aullaron de lo m\u00e1s l\u00fagubre. Incluso el grito de los lobos fue ignorado por los ratones dentro del cr\u00e1neo de b\u00fafalo iluminado.<\/p>\n<p>Estaban festejando y bailando; estaban cantando y riendo, esos graciosos amiguitos peludos. Mientras tanto, a trav\u00e9s de la oscuridad, desde el fondo bajo del r\u00edo, apareci\u00f3 ese par de ojos ardientes. Ahora m\u00e1s cerca y m\u00e1s r\u00e1pido, ahora m\u00e1s feroces y deslumbrantes, los ojos se movieron hacia el cr\u00e1neo de b\u00fafalo. Todos inconscientes de esos ojos temerosos, los ratones felices mordisquearon ra\u00edces secas y carne de venado. Los cantantes hab\u00edan comenzado otra canci\u00f3n.<\/p>\n<p>Los tamborileros marcan el tiempo, girando la cabeza de un lado a otro al ritmo. En un c\u00edrculo alrededor del fuego, los ratones saltaban, cada uno rebotando con fuerza sobre sus dos patas traseras. Algunos llevaban la cola sobre los brazos, mientras que otros la arrastraban con orgullo. \u00a1Ah, muy cerca est\u00e1n esos ojos redondos y amarillos! Muy cerca del suelo, parecen arrastrarse, arrastrarse hacia el cr\u00e1neo del b\u00fafalo.<\/p>\n<p>De repente se deslizan en las cuencas de los ojos del viejo cr\u00e1neo. &quot;\u00a1Esp\u00edritu del b\u00fafalo!&quot; chill\u00f3 un rat\u00f3n asustado mientras saltaba por un agujero en la parte trasera del cr\u00e1neo.<\/p>\n<p>&quot;\u00a1Gato gato!&quot; gritaron otros ratones mientras sal\u00edan de agujeros grandes y c\u00f3modos. Sin hacer ruido, huyeron hacia la oscuridad.<\/p>\t\t\t\t\t\t\t\t<\/div>\n\t\t\t\t<\/div>\n\t\t\t\t\t<\/div>\n\t\t<\/div>\n\t\t\t\t\t<\/div>\n\t\t<\/section>\n\t\t\t\t<\/div>","protected":false},"excerpt":{"rendered":"<p>Sioux Mythology Wiki Los Lakotas o Titunwans (&quot;gente de la pradera&quot;) o Tetons en ingl\u00e9s (territorio tradicional de Dakota\/Wyoming) constitu\u00edan... <\/p>","protected":false},"author":1,"featured_media":0,"parent":3889,"menu_order":0,"comment_status":"closed","ping_status":"closed","template":"","meta":{"footnotes":""},"class_list":["post-21871","page","type-page","status-publish","hentry"],"amp_enabled":true,"_links":{"self":[{"href":"https:\/\/mythslegendes.com\/es\/wp-json\/wp\/v2\/pages\/21871","targetHints":{"allow":["GET"]}}],"collection":[{"href":"https:\/\/mythslegendes.com\/es\/wp-json\/wp\/v2\/pages"}],"about":[{"href":"https:\/\/mythslegendes.com\/es\/wp-json\/wp\/v2\/types\/page"}],"author":[{"embeddable":true,"href":"https:\/\/mythslegendes.com\/es\/wp-json\/wp\/v2\/users\/1"}],"replies":[{"embeddable":true,"href":"https:\/\/mythslegendes.com\/es\/wp-json\/wp\/v2\/comments?post=21871"}],"version-history":[{"count":3,"href":"https:\/\/mythslegendes.com\/es\/wp-json\/wp\/v2\/pages\/21871\/revisions"}],"predecessor-version":[{"id":21881,"href":"https:\/\/mythslegendes.com\/es\/wp-json\/wp\/v2\/pages\/21871\/revisions\/21881"}],"up":[{"embeddable":true,"href":"https:\/\/mythslegendes.com\/es\/wp-json\/wp\/v2\/pages\/3889"}],"wp:attachment":[{"href":"https:\/\/mythslegendes.com\/es\/wp-json\/wp\/v2\/media?parent=21871"}],"curies":[{"name":"wp","href":"https:\/\/api.w.org\/{rel}","templated":true}]}}