{"id":21882,"date":"2022-08-02T19:08:09","date_gmt":"2022-08-02T19:08:09","guid":{"rendered":"https:\/\/mythslegendes.com\/?page_id=21882"},"modified":"2022-08-02T19:10:38","modified_gmt":"2022-08-02T19:10:38","slug":"conte-lakota-dreamcatcher","status":"publish","type":"page","link":"https:\/\/mythslegendes.com\/es\/sioux-mitologia-lakota-dakota-nakota\/cuento-lakota-atrapasuenos\/","title":{"rendered":"Lakota Tale: Atrapasue\u00f1os"},"content":{"rendered":"<div data-elementor-type=\"wp-page\" data-elementor-id=\"21882\" class=\"elementor elementor-21882\">\n\t\t\t\t\t\t<section class=\"elementor-section elementor-top-section elementor-element elementor-element-587eba3 elementor-section-boxed elementor-section-height-default elementor-section-height-default\" data-id=\"587eba3\" data-element_type=\"section\" data-e-type=\"section\">\n\t\t\t\t\t\t<div class=\"elementor-container elementor-column-gap-default\">\n\t\t\t\t\t<div class=\"elementor-column elementor-col-50 elementor-top-column elementor-element elementor-element-26edc82\" data-id=\"26edc82\" data-element_type=\"column\" data-e-type=\"column\">\n\t\t\t<div class=\"elementor-widget-wrap elementor-element-populated\">\n\t\t\t\t\t\t<div class=\"elementor-element elementor-element-7252df0 elementor-align-justify elementor-widget elementor-widget-button\" data-id=\"7252df0\" data-element_type=\"widget\" data-e-type=\"widget\" data-widget_type=\"button.default\">\n\t\t\t\t<div class=\"elementor-widget-container\">\n\t\t\t\t\t\t\t\t\t<div class=\"elementor-button-wrapper\">\n\t\t\t\t\t<a class=\"elementor-button elementor-button-link elementor-size-sm\" href=\"https:\/\/mythslegendes.com\/es\/sioux-mitologia-lakota-dakota-nakota\/\">\n\t\t\t\t\t\t<span class=\"elementor-button-content-wrapper\">\n\t\t\t\t\t\t\t\t\t<span class=\"elementor-button-text\">Mitolog\u00eda sioux<\/span>\n\t\t\t\t\t<\/span>\n\t\t\t\t\t<\/a>\n\t\t\t\t<\/div>\n\t\t\t\t\t\t\t\t<\/div>\n\t\t\t\t<\/div>\n\t\t\t\t\t<\/div>\n\t\t<\/div>\n\t\t\t\t<div class=\"elementor-column elementor-col-50 elementor-top-column elementor-element elementor-element-6238283\" data-id=\"6238283\" data-element_type=\"column\" data-e-type=\"column\">\n\t\t\t<div class=\"elementor-widget-wrap elementor-element-populated\">\n\t\t\t\t\t\t<div class=\"elementor-element elementor-element-d6e17d7 elementor-align-justify elementor-widget elementor-widget-button\" data-id=\"d6e17d7\" data-element_type=\"widget\" data-e-type=\"widget\" data-widget_type=\"button.default\">\n\t\t\t\t<div class=\"elementor-widget-container\">\n\t\t\t\t\t\t\t\t\t<div class=\"elementor-button-wrapper\">\n\t\t\t\t\t<a class=\"elementor-button elementor-button-link elementor-size-sm\" href=\"https:\/\/www.firstpeople.us\/FP-Html-Legends\/Dreamcatcher-Lakota.html\" target=\"_blank\" rel=\"noopener\">\n\t\t\t\t\t\t<span class=\"elementor-button-content-wrapper\">\n\t\t\t\t\t\t\t\t\t<span class=\"elementor-button-text\">Wiki<\/span>\n\t\t\t\t\t<\/span>\n\t\t\t\t\t<\/a>\n\t\t\t\t<\/div>\n\t\t\t\t\t\t\t\t<\/div>\n\t\t\t\t<\/div>\n\t\t\t\t\t<\/div>\n\t\t<\/div>\n\t\t\t\t\t<\/div>\n\t\t<\/section>\n\t\t\t\t<section class=\"elementor-section elementor-top-section elementor-element elementor-element-a13f62e elementor-section-boxed elementor-section-height-default elementor-section-height-default\" data-id=\"a13f62e\" data-element_type=\"section\" data-e-type=\"section\">\n\t\t\t\t\t\t<div class=\"elementor-container elementor-column-gap-default\">\n\t\t\t\t\t<div class=\"elementor-column elementor-col-100 elementor-top-column elementor-element elementor-element-0612d14\" data-id=\"0612d14\" data-element_type=\"column\" data-e-type=\"column\">\n\t\t\t<div class=\"elementor-widget-wrap elementor-element-populated\">\n\t\t\t\t\t\t<div class=\"elementor-element elementor-element-84ad604 elementor-widget elementor-widget-text-editor\" data-id=\"84ad604\" data-element_type=\"widget\" data-e-type=\"widget\" data-widget_type=\"text-editor.default\">\n\t\t\t\t<div class=\"elementor-widget-container\">\n\t\t\t\t\t\t\t\t\t<p><strong>El Lakota<\/strong> o Titunwans (&quot;gente de la pradera&quot;) o Tetons en ingl\u00e9s (territorio tradicional de Dakota\/Wyoming) fue originalmente uno de los siete incendios del consejo. Aqu\u00ed est\u00e1 su cuento: Dreamcatcher.<\/p><p><img decoding=\"async\" class=\"alignnone wp-image-9347 size-full\" src=\"http:\/\/mythslegendes.com\/wp-content\/uploads\/2020\/09\/cropped-AlphaOmega-e1602613368367.png\" alt=\"Atrapasue\u00f1os\" width=\"25\" height=\"25\" title=\"\"><\/p>\t\t\t\t\t\t\t\t<\/div>\n\t\t\t\t<\/div>\n\t\t\t\t\t<\/div>\n\t\t<\/div>\n\t\t\t\t\t<\/div>\n\t\t<\/section>\n\t\t\t\t<section class=\"elementor-section elementor-top-section elementor-element elementor-element-ed54176 elementor-section-boxed elementor-section-height-default elementor-section-height-default\" data-id=\"ed54176\" data-element_type=\"section\" data-e-type=\"section\">\n\t\t\t\t\t\t<div class=\"elementor-container elementor-column-gap-default\">\n\t\t\t\t\t<div class=\"elementor-column elementor-col-100 elementor-top-column elementor-element elementor-element-a683f52\" data-id=\"a683f52\" data-element_type=\"column\" data-e-type=\"column\">\n\t\t\t<div class=\"elementor-widget-wrap elementor-element-populated\">\n\t\t\t\t\t\t<div class=\"elementor-element elementor-element-d7a2b93 elementor-widget elementor-widget-heading\" data-id=\"d7a2b93\" data-element_type=\"widget\" data-e-type=\"widget\" data-widget_type=\"heading.default\">\n\t\t\t\t<div class=\"elementor-widget-container\">\n\t\t\t\t\t<div id=\"ez-toc-container\" class=\"ez-toc-v2_0_82_2 counter-hierarchy ez-toc-counter ez-toc-grey ez-toc-container-direction\">\n<div class=\"ez-toc-title-container\">\n<p class=\"ez-toc-title\" style=\"cursor:inherit\">Contenido<\/p>\n<span class=\"ez-toc-title-toggle\"><a href=\"#\" class=\"ez-toc-pull-right ez-toc-btn ez-toc-btn-xs ez-toc-btn-default ez-toc-toggle\" aria-label=\"Alternar tabla de contenidos\"><span class=\"ez-toc-js-icon-con\"><span class=\"\"><span class=\"eztoc-hide\" style=\"display:none;\">Palanca<\/span><span class=\"ez-toc-icon-toggle-span\"><svg style=\"fill: #999;color:#999\" xmlns=\"http:\/\/www.w3.org\/2000\/svg\" class=\"list-377408\" width=\"20px\" height=\"20px\" viewbox=\"0 0 24 24\" fill=\"none\"><path d=\"M6 6H4v2h2V6zm14 0H8v2h12V6zM4 11h2v2H4v-2zm16 0H8v2h12v-2zM4 16h2v2H4v-2zm16 0H8v2h12v-2z\" fill=\"currentColor\"><\/path><\/svg><svg style=\"fill: #999;color:#999\" class=\"arrow-unsorted-368013\" xmlns=\"http:\/\/www.w3.org\/2000\/svg\" width=\"10px\" height=\"10px\" viewbox=\"0 0 24 24\" version=\"1.2\" baseprofile=\"tiny\"><path d=\"M18.2 9.3l-6.2-6.3-6.2 6.3c-.2.2-.3.4-.3.7s.1.5.3.7c.2.2.4.3.7.3h11c.3 0 .5-.1.7-.3.2-.2.3-.5.3-.7s-.1-.5-.3-.7zM5.8 14.7l6.2 6.3 6.2-6.3c.2-.2.3-.5.3-.7s-.1-.5-.3-.7c-.2-.2-.4-.3-.7-.3h-11c-.3 0-.5.1-.7.3-.2.2-.3.5-.3.7s.1.5.3.7z\"\/><\/svg><\/span><\/span><\/span><\/a><\/span><\/div>\n<nav><ul class='ez-toc-list ez-toc-list-level-1' ><li class='ez-toc-page-1 ez-toc-heading-level-2'><a class=\"ez-toc-link ez-toc-heading-1\" href=\"https:\/\/mythslegendes.com\/es\/sioux-mitologia-lakota-dakota-nakota\/cuento-lakota-atrapasuenos\/#Dreamcatcher\" >Atrapasue\u00f1os<\/a><\/li><\/ul><\/nav><\/div>\n<h2 class=\"elementor-heading-title elementor-size-default\"><span class=\"ez-toc-section\" id=\"Dreamcatcher\"><\/span>Atrapasue\u00f1os<span class=\"ez-toc-section-end\"><\/span><\/h2>\t\t\t\t<\/div>\n\t\t\t\t<\/div>\n\t\t\t\t\t<\/div>\n\t\t<\/div>\n\t\t\t\t\t<\/div>\n\t\t<\/section>\n\t\t\t\t<section class=\"elementor-section elementor-top-section elementor-element elementor-element-0b73a89 elementor-section-boxed elementor-section-height-default elementor-section-height-default\" data-id=\"0b73a89\" data-element_type=\"section\" data-e-type=\"section\">\n\t\t\t\t\t\t<div class=\"elementor-container elementor-column-gap-default\">\n\t\t\t\t\t<div class=\"elementor-column elementor-col-100 elementor-top-column elementor-element elementor-element-9677e81\" data-id=\"9677e81\" data-element_type=\"column\" data-e-type=\"column\">\n\t\t\t<div class=\"elementor-widget-wrap elementor-element-populated\">\n\t\t\t\t\t\t<div class=\"elementor-element elementor-element-3cf7054 elementor-widget elementor-widget-text-editor\" data-id=\"3cf7054\" data-element_type=\"widget\" data-e-type=\"widget\" data-widget_type=\"text-editor.default\">\n\t\t\t\t<div class=\"elementor-widget-container\">\n\t\t\t\t\t\t\t\t\t<p>Hace mucho tiempo cuando el mundo era joven, un viejo <a href=\"https:\/\/mythslegendes.com\/es\/sioux-mitologia-lakota-dakota-nakota\/\">Lakota<\/a> l\u00edder espiritual estaba en una monta\u00f1a alta y tuvo una visi\u00f3n.<\/p>\n<p>En su visi\u00f3n, Iktomi, el gran tramposo y maestro de sabidur\u00eda, apareci\u00f3 en forma de ara\u00f1a.<\/p>\n<p>Iktomi le habl\u00f3 en un idioma sagrado que solo los l\u00edderes espirituales de los Lakota pod\u00edan entender.<\/p>\n<p>Mientras hablaba, Iktomi, la ara\u00f1a, tom\u00f3 el aro de sauce del anciano que ten\u00eda plumas, pelo de caballo, cuentas y ofrendas y comenz\u00f3 a tejer una red.<\/p>\n<p>Le habl\u00f3 al anciano sobre los ciclos de la vida... y c\u00f3mo comenzamos nuestras vidas como beb\u00e9s y pasamos a la ni\u00f1ez y luego a la edad adulta. Finalmente, pasamos a la vejez donde debemos ser atendidos como infantes, completando el ciclo.<\/p>\n<p>&quot;Pero&quot;, dijo Iktomi mientras continuaba tejiendo su red, &quot;en cada momento de la vida hay muchas fuerzas, algunas buenas y otras malas. Si escuchas a las buenas fuerzas, te guiar\u00e1n en la direcci\u00f3n correcta. Pero si escuchas a las fuerzas del mal, te lastimar\u00e1n y te llevar\u00e1n en la direcci\u00f3n equivocada&quot;.<\/p>\n<p>Continu\u00f3: &quot;Hay muchas fuerzas y diferentes direcciones que pueden ayudar o interferir con la armon\u00eda de la naturaleza, y tambi\u00e9n con el gran esp\u00edritu y todas sus maravillosas ense\u00f1anzas&quot;.<\/p>\n<p>Mientras la ara\u00f1a hablaba, continuaba tejiendo su tela comenzando desde el exterior y trabajando hacia el centro.<\/p>\n<p>Cuando Iktomi termin\u00f3 de hablar, le dio la red al anciano Lakota y dijo... &quot;Mira, la red es un c\u00edrculo perfecto pero hay un agujero en el centro del c\u00edrculo&quot;.<\/p>\n<p>\u00c9l dijo: &quot;Use la web para ayudarse a s\u00ed mismo y a su gente a alcanzar sus metas y hacer un buen uso de las ideas, los sue\u00f1os y las visiones de su gente.<\/p>\n<p>&quot;Si crees en el gran esp\u00edritu, la web captar\u00e1 tus buenas ideas y las malas pasar\u00e1n por el agujero&quot;.<\/p>\n<p>El anciano Lakota transmiti\u00f3 su visi\u00f3n a su pueblo y ahora el <a href=\"https:\/\/mythslegendes.com\/es\/mythes-et-legendes-siouans-2127\/\">siux<\/a> Los indios usan el <a href=\"\/es\/native-american-art-for-sale\/painted-pony\/dreamcatchers.html\/\">atrapasue\u00f1os<\/a> como la red de su vida.<\/p>\n<p>Se cuelga encima de sus camas o en su casa para tamizar sus sue\u00f1os y visiones.<\/p>\n<p>El bien en sus sue\u00f1os es capturado en la red de vida y llevado con ellos... pero el mal en sus sue\u00f1os escapa por el agujero en el centro de la red y ya no es parte de ellos.<\/p>\n<p>Creen que el atrapasue\u00f1os tiene el destino de sus vidas.<\/p>\t\t\t\t\t\t\t\t<\/div>\n\t\t\t\t<\/div>\n\t\t\t\t\t<\/div>\n\t\t<\/div>\n\t\t\t\t\t<\/div>\n\t\t<\/section>\n\t\t\t\t<\/div>","protected":false},"excerpt":{"rendered":"<p>Sioux Mythology Wiki Los Lakotas o Titunwans (&quot;gente de la pradera&quot;) o Tetons en ingl\u00e9s (territorio tradicional de Dakota\/Wyoming) constitu\u00edan... <\/p>","protected":false},"author":1,"featured_media":0,"parent":3889,"menu_order":0,"comment_status":"closed","ping_status":"closed","template":"","meta":{"footnotes":""},"class_list":["post-21882","page","type-page","status-publish","hentry"],"amp_enabled":true,"_links":{"self":[{"href":"https:\/\/mythslegendes.com\/es\/wp-json\/wp\/v2\/pages\/21882","targetHints":{"allow":["GET"]}}],"collection":[{"href":"https:\/\/mythslegendes.com\/es\/wp-json\/wp\/v2\/pages"}],"about":[{"href":"https:\/\/mythslegendes.com\/es\/wp-json\/wp\/v2\/types\/page"}],"author":[{"embeddable":true,"href":"https:\/\/mythslegendes.com\/es\/wp-json\/wp\/v2\/users\/1"}],"replies":[{"embeddable":true,"href":"https:\/\/mythslegendes.com\/es\/wp-json\/wp\/v2\/comments?post=21882"}],"version-history":[{"count":3,"href":"https:\/\/mythslegendes.com\/es\/wp-json\/wp\/v2\/pages\/21882\/revisions"}],"predecessor-version":[{"id":21895,"href":"https:\/\/mythslegendes.com\/es\/wp-json\/wp\/v2\/pages\/21882\/revisions\/21895"}],"up":[{"embeddable":true,"href":"https:\/\/mythslegendes.com\/es\/wp-json\/wp\/v2\/pages\/3889"}],"wp:attachment":[{"href":"https:\/\/mythslegendes.com\/es\/wp-json\/wp\/v2\/media?parent=21882"}],"curies":[{"name":"wp","href":"https:\/\/api.w.org\/{rel}","templated":true}]}}