{"id":21896,"date":"2022-08-02T19:12:13","date_gmt":"2022-08-02T19:12:13","guid":{"rendered":"https:\/\/mythslegendes.com\/?page_id=21896"},"modified":"2022-08-02T19:45:09","modified_gmt":"2022-08-02T19:45:09","slug":"conte-lakota-how-people-learned-to-fish","status":"publish","type":"page","link":"https:\/\/mythslegendes.com\/es\/sioux-mitologia-lakota-dakota-nakota\/cuento-de-lakota-como-la-gente-aprendio-a-pescar\/","title":{"rendered":"Historia Lakota: C\u00f3mo la gente aprendi\u00f3 a pescar"},"content":{"rendered":"<div data-elementor-type=\"wp-page\" data-elementor-id=\"21896\" class=\"elementor elementor-21896\">\n\t\t\t\t\t\t<section class=\"elementor-section elementor-top-section elementor-element elementor-element-6497785 elementor-section-boxed elementor-section-height-default elementor-section-height-default\" data-id=\"6497785\" data-element_type=\"section\" data-e-type=\"section\">\n\t\t\t\t\t\t<div class=\"elementor-container elementor-column-gap-default\">\n\t\t\t\t\t<div class=\"elementor-column elementor-col-50 elementor-top-column elementor-element elementor-element-4bd8077\" data-id=\"4bd8077\" data-element_type=\"column\" data-e-type=\"column\">\n\t\t\t<div class=\"elementor-widget-wrap elementor-element-populated\">\n\t\t\t\t\t\t<div class=\"elementor-element elementor-element-d87fd84 elementor-align-justify elementor-widget elementor-widget-button\" data-id=\"d87fd84\" data-element_type=\"widget\" data-e-type=\"widget\" data-widget_type=\"button.default\">\n\t\t\t\t<div class=\"elementor-widget-container\">\n\t\t\t\t\t\t\t\t\t<div class=\"elementor-button-wrapper\">\n\t\t\t\t\t<a class=\"elementor-button elementor-button-link elementor-size-sm\" href=\"https:\/\/mythslegendes.com\/es\/sioux-mitologia-lakota-dakota-nakota\/\">\n\t\t\t\t\t\t<span class=\"elementor-button-content-wrapper\">\n\t\t\t\t\t\t\t\t\t<span class=\"elementor-button-text\">Mitolog\u00eda sioux<\/span>\n\t\t\t\t\t<\/span>\n\t\t\t\t\t<\/a>\n\t\t\t\t<\/div>\n\t\t\t\t\t\t\t\t<\/div>\n\t\t\t\t<\/div>\n\t\t\t\t\t<\/div>\n\t\t<\/div>\n\t\t\t\t<div class=\"elementor-column elementor-col-50 elementor-top-column elementor-element elementor-element-28e8180\" data-id=\"28e8180\" data-element_type=\"column\" data-e-type=\"column\">\n\t\t\t<div class=\"elementor-widget-wrap elementor-element-populated\">\n\t\t\t\t\t\t<div class=\"elementor-element elementor-element-8667134 elementor-align-justify elementor-widget elementor-widget-button\" data-id=\"8667134\" data-element_type=\"widget\" data-e-type=\"widget\" data-widget_type=\"button.default\">\n\t\t\t\t<div class=\"elementor-widget-container\">\n\t\t\t\t\t\t\t\t\t<div class=\"elementor-button-wrapper\">\n\t\t\t\t\t<a class=\"elementor-button elementor-button-link elementor-size-sm\" href=\"https:\/\/www.firstpeople.us\/FP-Html-Legends\/HowPeopleLearnedToFish-Lakota.html\" target=\"_blank\" rel=\"noopener\">\n\t\t\t\t\t\t<span class=\"elementor-button-content-wrapper\">\n\t\t\t\t\t\t\t\t\t<span class=\"elementor-button-text\">Wiki<\/span>\n\t\t\t\t\t<\/span>\n\t\t\t\t\t<\/a>\n\t\t\t\t<\/div>\n\t\t\t\t\t\t\t\t<\/div>\n\t\t\t\t<\/div>\n\t\t\t\t\t<\/div>\n\t\t<\/div>\n\t\t\t\t\t<\/div>\n\t\t<\/section>\n\t\t\t\t<section class=\"elementor-section elementor-top-section elementor-element elementor-element-3ad9fc3 elementor-section-boxed elementor-section-height-default elementor-section-height-default\" data-id=\"3ad9fc3\" data-element_type=\"section\" data-e-type=\"section\">\n\t\t\t\t\t\t<div class=\"elementor-container elementor-column-gap-default\">\n\t\t\t\t\t<div class=\"elementor-column elementor-col-100 elementor-top-column elementor-element elementor-element-eadb5ee\" data-id=\"eadb5ee\" data-element_type=\"column\" data-e-type=\"column\">\n\t\t\t<div class=\"elementor-widget-wrap elementor-element-populated\">\n\t\t\t\t\t\t<div class=\"elementor-element elementor-element-f48e4a4 elementor-widget elementor-widget-text-editor\" data-id=\"f48e4a4\" data-element_type=\"widget\" data-e-type=\"widget\" data-widget_type=\"text-editor.default\">\n\t\t\t\t<div class=\"elementor-widget-container\">\n\t\t\t\t\t\t\t\t\t<p><strong>El Lakota<\/strong> o Titunwans (&quot;gente de la pradera&quot;) o Tetons en ingl\u00e9s (territorio tradicional de Dakota\/Wyoming) constitu\u00edan originalmente uno de los siete fuegos del consejo. Aqu\u00ed est\u00e1 su historia: C\u00f3mo la gente aprendi\u00f3 a pescar.<\/p><p><img decoding=\"async\" class=\"alignnone wp-image-9347 size-full\" src=\"http:\/\/mythslegendes.com\/wp-content\/uploads\/2020\/09\/cropped-AlphaOmega-e1602613368367.png\" alt=\"C\u00f3mo la gente aprendi\u00f3 a pescar\" width=\"25\" height=\"25\" title=\"\"><\/p>\t\t\t\t\t\t\t\t<\/div>\n\t\t\t\t<\/div>\n\t\t\t\t\t<\/div>\n\t\t<\/div>\n\t\t\t\t\t<\/div>\n\t\t<\/section>\n\t\t\t\t<section class=\"elementor-section elementor-top-section elementor-element elementor-element-efc9017 elementor-section-boxed elementor-section-height-default elementor-section-height-default\" data-id=\"efc9017\" data-element_type=\"section\" data-e-type=\"section\">\n\t\t\t\t\t\t<div class=\"elementor-container elementor-column-gap-default\">\n\t\t\t\t\t<div class=\"elementor-column elementor-col-100 elementor-top-column elementor-element elementor-element-e7459f5\" data-id=\"e7459f5\" data-element_type=\"column\" data-e-type=\"column\">\n\t\t\t<div class=\"elementor-widget-wrap elementor-element-populated\">\n\t\t\t\t\t\t<div class=\"elementor-element elementor-element-8507a71 elementor-widget elementor-widget-heading\" data-id=\"8507a71\" data-element_type=\"widget\" data-e-type=\"widget\" data-widget_type=\"heading.default\">\n\t\t\t\t<div class=\"elementor-widget-container\">\n\t\t\t\t\t<div id=\"ez-toc-container\" class=\"ez-toc-v2_0_82_2 counter-hierarchy ez-toc-counter ez-toc-grey ez-toc-container-direction\">\n<div class=\"ez-toc-title-container\">\n<p class=\"ez-toc-title\" style=\"cursor:inherit\">Contenido<\/p>\n<span class=\"ez-toc-title-toggle\"><a href=\"#\" class=\"ez-toc-pull-right ez-toc-btn ez-toc-btn-xs ez-toc-btn-default ez-toc-toggle\" aria-label=\"Alternar tabla de contenidos\"><span class=\"ez-toc-js-icon-con\"><span class=\"\"><span class=\"eztoc-hide\" style=\"display:none;\">Palanca<\/span><span class=\"ez-toc-icon-toggle-span\"><svg style=\"fill: #999;color:#999\" xmlns=\"http:\/\/www.w3.org\/2000\/svg\" class=\"list-377408\" width=\"20px\" height=\"20px\" viewbox=\"0 0 24 24\" fill=\"none\"><path d=\"M6 6H4v2h2V6zm14 0H8v2h12V6zM4 11h2v2H4v-2zm16 0H8v2h12v-2zM4 16h2v2H4v-2zm16 0H8v2h12v-2z\" fill=\"currentColor\"><\/path><\/svg><svg style=\"fill: #999;color:#999\" class=\"arrow-unsorted-368013\" xmlns=\"http:\/\/www.w3.org\/2000\/svg\" width=\"10px\" height=\"10px\" viewbox=\"0 0 24 24\" version=\"1.2\" baseprofile=\"tiny\"><path d=\"M18.2 9.3l-6.2-6.3-6.2 6.3c-.2.2-.3.4-.3.7s.1.5.3.7c.2.2.4.3.7.3h11c.3 0 .5-.1.7-.3.2-.2.3-.5.3-.7s-.1-.5-.3-.7zM5.8 14.7l6.2 6.3 6.2-6.3c.2-.2.3-.5.3-.7s-.1-.5-.3-.7c-.2-.2-.4-.3-.7-.3h-11c-.3 0-.5.1-.7.3-.2.2-.3.5-.3.7s.1.5.3.7z\"\/><\/svg><\/span><\/span><\/span><\/a><\/span><\/div>\n<nav><ul class='ez-toc-list ez-toc-list-level-1' ><li class='ez-toc-page-1 ez-toc-heading-level-2'><a class=\"ez-toc-link ez-toc-heading-1\" href=\"https:\/\/mythslegendes.com\/es\/sioux-mitologia-lakota-dakota-nakota\/cuento-de-lakota-como-la-gente-aprendio-a-pescar\/#How-people-learned-to-fish\" >C\u00f3mo la gente aprendi\u00f3 a pescar<\/a><\/li><\/ul><\/nav><\/div>\n<h2 class=\"elementor-heading-title elementor-size-default\"><span class=\"ez-toc-section\" id=\"How-people-learned-to-fish\"><\/span>C\u00f3mo la gente aprendi\u00f3 a pescar<span class=\"ez-toc-section-end\"><\/span><\/h2>\t\t\t\t<\/div>\n\t\t\t\t<\/div>\n\t\t\t\t\t<\/div>\n\t\t<\/div>\n\t\t\t\t\t<\/div>\n\t\t<\/section>\n\t\t\t\t<section class=\"elementor-section elementor-top-section elementor-element elementor-element-952b881 elementor-section-boxed elementor-section-height-default elementor-section-height-default\" data-id=\"952b881\" data-element_type=\"section\" data-e-type=\"section\">\n\t\t\t\t\t\t<div class=\"elementor-container elementor-column-gap-default\">\n\t\t\t\t\t<div class=\"elementor-column elementor-col-100 elementor-top-column elementor-element elementor-element-2fe4014\" data-id=\"2fe4014\" data-element_type=\"column\" data-e-type=\"column\">\n\t\t\t<div class=\"elementor-widget-wrap elementor-element-populated\">\n\t\t\t\t\t\t<div class=\"elementor-element elementor-element-b922340 elementor-widget elementor-widget-text-editor\" data-id=\"b922340\" data-element_type=\"widget\" data-e-type=\"widget\" data-widget_type=\"text-editor.default\">\n\t\t\t\t<div class=\"elementor-widget-container\">\n\t\t\t\t\t\t\t\t\t<p>Mahto era un oso muy peque\u00f1o cuando vino a este mundo. Naci\u00f3 en una cueva en lo profundo de la tierra y no era lo suficientemente grande como para da\u00f1ar a nadie. Su madre lo llam\u00f3 Mahtociqala en el idioma del pueblo.<\/p>\n<p>Cuando su madre despert\u00f3 de su largo sue\u00f1o, llev\u00f3 a Osito al brillante sol de primavera. &quot;\u00bfQu\u00e9 son estas criaturas que vuelan muy por encima de mi cabeza?&quot; pregunt\u00f3 el Oso Peque\u00f1o. &quot;Wambli&quot;, respondi\u00f3 su madre en su voz baja y \u00e1spera. &quot;Es de Eagle que aprendemos a vivir nuestra vida con dignidad.&quot; &quot;Los ojos de Eagle son m\u00e1s agudos que los nuestros, por eso siempre escuchamos las advertencias que env\u00eda desde arriba&quot;.<\/p>\n<p>La madre del osito lo llev\u00f3 a trav\u00e9s del prado perfumado hasta la orilla de un r\u00edo, donde le ense\u00f1ar\u00eda a beber. Meti\u00f3 la nariz en el agua fr\u00eda y clara y prob\u00f3. El impacto del agua que corr\u00eda lo puso instant\u00e1neamente alerta y alerta. Muchos a\u00f1os m\u00e1s tarde, cuando ya hab\u00eda adquirido su nombre de guerrero, Mahto recordar\u00eda su primer trago. Siempre que necesitaba claridad de pensamiento o estar alerta para cazar, se sumerg\u00eda en el r\u00edo para prepararse para la tarea.<\/p>\n<p>Mahto recordaba con cari\u00f1o sus primeros d\u00edas, pues su madre era una gran maestra. Ella siempre lo protegi\u00f3 y le dio orientaci\u00f3n para vivir la vida en plenitud.<\/p>\n<p>Ella le ense\u00f1\u00f3 a buscar larvas dentro de los troncos podridos de los abetos ca\u00eddos. Ella le ense\u00f1\u00f3 qu\u00e9 flores y hierbas eran m\u00e1s dulces, qu\u00e9 ra\u00edces lo har\u00edan fuerte y qu\u00e9 bayas llenar\u00edan su carne para su primer largo sue\u00f1o invernal.<\/p>\n<p>Y ella le ense\u00f1\u00f3 a pescar los peces rojos que chocaban contra \u00e9l en el r\u00edo resbaladizo. La madre de Mahto le mostr\u00f3 un lugar especial entre dos rocas escarpadas donde pod\u00eda alojarse.<\/p>\n<p> \u201cEspera en silencio y con paciencia en este lugar\u201d, dijo, \u201cy las grandes cosas rojas que parpadean y se agitan saltar\u00e1n directamente a tu boca\u201d.<\/p>\n<p>Y as\u00ed fue que la gente aprendi\u00f3 a pescar... observando a Mahto y su madre. A partir de ese momento, Mahto y la gente nunca pasaron hambre, mientras a \u00e9l y a sus hermanos se les pod\u00eda ver pescando en el r\u00edo. Y el pueblo cant\u00f3 alabanzas y bail\u00f3 por el regalo de Mahto y su Madre.<\/p>\t\t\t\t\t\t\t\t<\/div>\n\t\t\t\t<\/div>\n\t\t\t\t\t<\/div>\n\t\t<\/div>\n\t\t\t\t\t<\/div>\n\t\t<\/section>\n\t\t\t\t<\/div>","protected":false},"excerpt":{"rendered":"<p>Sioux Mythology Wiki Los Lakotas o Titunwans (&quot;gente de la pradera&quot;) o Tetons en ingl\u00e9s (territorio tradicional de Dakota\/Wyoming) constitu\u00edan... <\/p>","protected":false},"author":1,"featured_media":0,"parent":3889,"menu_order":0,"comment_status":"closed","ping_status":"closed","template":"","meta":{"footnotes":""},"class_list":["post-21896","page","type-page","status-publish","hentry"],"amp_enabled":true,"_links":{"self":[{"href":"https:\/\/mythslegendes.com\/es\/wp-json\/wp\/v2\/pages\/21896","targetHints":{"allow":["GET"]}}],"collection":[{"href":"https:\/\/mythslegendes.com\/es\/wp-json\/wp\/v2\/pages"}],"about":[{"href":"https:\/\/mythslegendes.com\/es\/wp-json\/wp\/v2\/types\/page"}],"author":[{"embeddable":true,"href":"https:\/\/mythslegendes.com\/es\/wp-json\/wp\/v2\/users\/1"}],"replies":[{"embeddable":true,"href":"https:\/\/mythslegendes.com\/es\/wp-json\/wp\/v2\/comments?post=21896"}],"version-history":[{"count":3,"href":"https:\/\/mythslegendes.com\/es\/wp-json\/wp\/v2\/pages\/21896\/revisions"}],"predecessor-version":[{"id":21907,"href":"https:\/\/mythslegendes.com\/es\/wp-json\/wp\/v2\/pages\/21896\/revisions\/21907"}],"up":[{"embeddable":true,"href":"https:\/\/mythslegendes.com\/es\/wp-json\/wp\/v2\/pages\/3889"}],"wp:attachment":[{"href":"https:\/\/mythslegendes.com\/es\/wp-json\/wp\/v2\/media?parent=21896"}],"curies":[{"name":"wp","href":"https:\/\/api.w.org\/{rel}","templated":true}]}}