{"id":21915,"date":"2022-08-03T17:41:21","date_gmt":"2022-08-03T17:41:21","guid":{"rendered":"https:\/\/mythslegendes.com\/?page_id=21915"},"modified":"2022-08-03T17:51:40","modified_gmt":"2022-08-03T17:51:40","slug":"religion-tokelau","status":"publish","type":"page","link":"https:\/\/mythslegendes.com\/es\/tokelau-mitologia\/religion-tokelau\/","title":{"rendered":"Religi\u00f3n Tokelau"},"content":{"rendered":"<div data-elementor-type=\"wp-page\" data-elementor-id=\"21915\" class=\"elementor elementor-21915\">\n\t\t\t\t\t\t<section class=\"elementor-section elementor-top-section elementor-element elementor-element-7732f91 elementor-section-boxed elementor-section-height-default elementor-section-height-default\" data-id=\"7732f91\" data-element_type=\"section\" data-e-type=\"section\">\n\t\t\t\t\t\t<div class=\"elementor-container elementor-column-gap-default\">\n\t\t\t\t\t<div class=\"elementor-column elementor-col-50 elementor-top-column elementor-element elementor-element-06a8f82\" data-id=\"06a8f82\" data-element_type=\"column\" data-e-type=\"column\">\n\t\t\t<div class=\"elementor-widget-wrap elementor-element-populated\">\n\t\t\t\t\t\t<div class=\"elementor-element elementor-element-6b0b8c2 elementor-align-justify elementor-widget elementor-widget-button\" data-id=\"6b0b8c2\" data-element_type=\"widget\" data-e-type=\"widget\" data-widget_type=\"button.default\">\n\t\t\t\t<div class=\"elementor-widget-container\">\n\t\t\t\t\t\t\t\t\t<div class=\"elementor-button-wrapper\">\n\t\t\t\t\t<a class=\"elementor-button elementor-button-link elementor-size-sm\" href=\"https:\/\/mythslegendes.com\/es\/tokelau-mitologia\/\">\n\t\t\t\t\t\t<span class=\"elementor-button-content-wrapper\">\n\t\t\t\t\t\t\t\t\t<span class=\"elementor-button-text\">Mitolog\u00eda de Tokelau<\/span>\n\t\t\t\t\t<\/span>\n\t\t\t\t\t<\/a>\n\t\t\t\t<\/div>\n\t\t\t\t\t\t\t\t<\/div>\n\t\t\t\t<\/div>\n\t\t\t\t\t<\/div>\n\t\t<\/div>\n\t\t\t\t<div class=\"elementor-column elementor-col-50 elementor-top-column elementor-element elementor-element-5ca3745\" data-id=\"5ca3745\" data-element_type=\"column\" data-e-type=\"column\">\n\t\t\t<div class=\"elementor-widget-wrap elementor-element-populated\">\n\t\t\t\t\t\t<div class=\"elementor-element elementor-element-6e12e34 elementor-align-justify elementor-widget elementor-widget-button\" data-id=\"6e12e34\" data-element_type=\"widget\" data-e-type=\"widget\" data-widget_type=\"button.default\">\n\t\t\t\t<div class=\"elementor-widget-container\">\n\t\t\t\t\t\t\t\t\t<div class=\"elementor-button-wrapper\">\n\t\t\t\t\t<a class=\"elementor-button elementor-button-link elementor-size-sm\" href=\"https:\/\/nzetc.victoria.ac.nz\/tm\/scholarly\/tei-MacToke-t1-body-d1-d4.html\" target=\"_blank\" rel=\"noopener\">\n\t\t\t\t\t\t<span class=\"elementor-button-content-wrapper\">\n\t\t\t\t\t\t\t\t\t<span class=\"elementor-button-text\">Wiki<\/span>\n\t\t\t\t\t<\/span>\n\t\t\t\t\t<\/a>\n\t\t\t\t<\/div>\n\t\t\t\t\t\t\t\t<\/div>\n\t\t\t\t<\/div>\n\t\t\t\t\t<\/div>\n\t\t<\/div>\n\t\t\t\t\t<\/div>\n\t\t<\/section>\n\t\t\t\t<section class=\"elementor-section elementor-top-section elementor-element elementor-element-22ee448 elementor-section-boxed elementor-section-height-default elementor-section-height-default\" data-id=\"22ee448\" data-element_type=\"section\" data-e-type=\"section\">\n\t\t\t\t\t\t<div class=\"elementor-container elementor-column-gap-default\">\n\t\t\t\t\t<div class=\"elementor-column elementor-col-100 elementor-top-column elementor-element elementor-element-491bb8c\" data-id=\"491bb8c\" data-element_type=\"column\" data-e-type=\"column\">\n\t\t\t<div class=\"elementor-widget-wrap elementor-element-populated\">\n\t\t\t\t\t\t<div class=\"elementor-element elementor-element-1fe7eae elementor-widget elementor-widget-text-editor\" data-id=\"1fe7eae\" data-element_type=\"widget\" data-e-type=\"widget\" data-widget_type=\"text-editor.default\">\n\t\t\t\t<div class=\"elementor-widget-container\">\n\t\t\t\t\t\t\t\t\t<p>Los elementos de la religi\u00f3n <a href=\"https:\/\/mythslegendes.com\/es\/tokelau-mitologia\/\">Tokelau<\/a> eran caracter\u00edsticos de las religiones de la Polinesia Occidental. El pante\u00f3n constaba de una deidad suprema que resid\u00eda en el cielo y un grupo de dioses de la naturaleza que resid\u00edan en el mundo.<\/p><p>No se erigi\u00f3 ning\u00fan marae o plataforma de piedra para los dioses. El ritual era muy ligero y se limitaba casi por completo a una ceremonia anual a la deidad suprema. La comunicaci\u00f3n tuvo lugar con los esp\u00edritus ancestrales. Los esp\u00edritus de la naturaleza abundaban en los bosques y el mar.<\/p><p><img decoding=\"async\" class=\"alignnone wp-image-9347 size-full\" src=\"http:\/\/mythslegendes.com\/wp-content\/uploads\/2020\/09\/cropped-AlphaOmega-e1602613368367.png\" alt=\"religi\u00f3n tokelau\" width=\"25\" height=\"25\" title=\"\"><\/p>\t\t\t\t\t\t\t\t<\/div>\n\t\t\t\t<\/div>\n\t\t\t\t\t<\/div>\n\t\t<\/div>\n\t\t\t\t\t<\/div>\n\t\t<\/section>\n\t\t\t\t<section class=\"elementor-section elementor-top-section elementor-element elementor-element-3f886e9 elementor-section-boxed elementor-section-height-default elementor-section-height-default\" data-id=\"3f886e9\" data-element_type=\"section\" data-e-type=\"section\">\n\t\t\t\t\t\t<div class=\"elementor-container elementor-column-gap-default\">\n\t\t\t\t\t<div class=\"elementor-column elementor-col-100 elementor-top-column elementor-element elementor-element-038382a\" data-id=\"038382a\" data-element_type=\"column\" data-e-type=\"column\">\n\t\t\t<div class=\"elementor-widget-wrap elementor-element-populated\">\n\t\t\t\t\t\t<div class=\"elementor-element elementor-element-8187357 elementor-widget elementor-widget-heading\" data-id=\"8187357\" data-element_type=\"widget\" data-e-type=\"widget\" data-widget_type=\"heading.default\">\n\t\t\t\t<div class=\"elementor-widget-container\">\n\t\t\t\t\t<div id=\"ez-toc-container\" class=\"ez-toc-v2_0_82_2 counter-hierarchy ez-toc-counter ez-toc-grey ez-toc-container-direction\">\n<div class=\"ez-toc-title-container\">\n<p class=\"ez-toc-title\" style=\"cursor:inherit\">Contenido<\/p>\n<span class=\"ez-toc-title-toggle\"><a href=\"#\" class=\"ez-toc-pull-right ez-toc-btn ez-toc-btn-xs ez-toc-btn-default ez-toc-toggle\" aria-label=\"Alternar tabla de contenidos\"><span class=\"ez-toc-js-icon-con\"><span class=\"\"><span class=\"eztoc-hide\" style=\"display:none;\">Palanca<\/span><span class=\"ez-toc-icon-toggle-span\"><svg style=\"fill: #999;color:#999\" xmlns=\"http:\/\/www.w3.org\/2000\/svg\" class=\"list-377408\" width=\"20px\" height=\"20px\" viewbox=\"0 0 24 24\" fill=\"none\"><path d=\"M6 6H4v2h2V6zm14 0H8v2h12V6zM4 11h2v2H4v-2zm16 0H8v2h12v-2zM4 16h2v2H4v-2zm16 0H8v2h12v-2z\" fill=\"currentColor\"><\/path><\/svg><svg style=\"fill: #999;color:#999\" class=\"arrow-unsorted-368013\" xmlns=\"http:\/\/www.w3.org\/2000\/svg\" width=\"10px\" height=\"10px\" viewbox=\"0 0 24 24\" version=\"1.2\" baseprofile=\"tiny\"><path d=\"M18.2 9.3l-6.2-6.3-6.2 6.3c-.2.2-.3.4-.3.7s.1.5.3.7c.2.2.4.3.7.3h11c.3 0 .5-.1.7-.3.2-.2.3-.5.3-.7s-.1-.5-.3-.7zM5.8 14.7l6.2 6.3 6.2-6.3c.2-.2.3-.5.3-.7s-.1-.5-.3-.7c-.2-.2-.4-.3-.7-.3h-11c-.3 0-.5.1-.7.3-.2.2-.3.5-.3.7s.1.5.3.7z\"\/><\/svg><\/span><\/span><\/span><\/a><\/span><\/div>\n<nav><ul class='ez-toc-list ez-toc-list-level-1' ><li class='ez-toc-page-1 ez-toc-heading-level-2'><a class=\"ez-toc-link ez-toc-heading-1\" href=\"https:\/\/mythslegendes.com\/es\/tokelau-mitologia\/religion-tokelau\/#Religion-Tokelau-les-pretres-et-shamans\" >Religi\u00f3n Tokelau: sacerdotes y chamanes<\/a><\/li><li class='ez-toc-page-1 ez-toc-heading-level-2'><a class=\"ez-toc-link ez-toc-heading-2\" href=\"https:\/\/mythslegendes.com\/es\/tokelau-mitologia\/religion-tokelau\/#Religion-Tokelau-election-des-pretres\" >Religi\u00f3n Tokelau: elecci\u00f3n de sacerdotes<\/a><\/li><li class='ez-toc-page-1 ez-toc-heading-level-2'><a class=\"ez-toc-link ez-toc-heading-3\" href=\"https:\/\/mythslegendes.com\/es\/tokelau-mitologia\/religion-tokelau\/#Religion-Tokelau-les-eglises\" >Religi\u00f3n Tokelau: iglesias<\/a><\/li><\/ul><\/nav><\/div>\n<h2 class=\"elementor-heading-title elementor-size-default\"><span class=\"ez-toc-section\" id=\"Religion-Tokelau-les-pretres-et-shamans\"><\/span>Religi\u00f3n Tokelau: sacerdotes y chamanes<span class=\"ez-toc-section-end\"><\/span><\/h2>\t\t\t\t<\/div>\n\t\t\t\t<\/div>\n\t\t\t\t\t<\/div>\n\t\t<\/div>\n\t\t\t\t\t<\/div>\n\t\t<\/section>\n\t\t\t\t<section class=\"elementor-section elementor-top-section elementor-element elementor-element-efb2ed0 elementor-section-boxed elementor-section-height-default elementor-section-height-default\" data-id=\"efb2ed0\" data-element_type=\"section\" data-e-type=\"section\">\n\t\t\t\t\t\t<div class=\"elementor-container elementor-column-gap-default\">\n\t\t\t\t\t<div class=\"elementor-column elementor-col-100 elementor-top-column elementor-element elementor-element-f71d21e\" data-id=\"f71d21e\" data-element_type=\"column\" data-e-type=\"column\">\n\t\t\t<div class=\"elementor-widget-wrap elementor-element-populated\">\n\t\t\t\t\t\t<div class=\"elementor-element elementor-element-644166f elementor-widget elementor-widget-text-editor\" data-id=\"644166f\" data-element_type=\"widget\" data-e-type=\"widget\" data-widget_type=\"text-editor.default\">\n\t\t\t\t<div class=\"elementor-widget-container\">\n\t\t\t\t\t\t\t\t\t<p>Los sacerdotes (taulaitu) de Fakaofu probablemente pertenec\u00edan a un grupo social superior que comprend\u00eda al gran jefe y al consejo de ancianos. Eran venerados por su antig\u00fcedad y por su sacralidad.<\/p><p>El sumo sacerdote era el sacerdote de Tui Tokelau. Otros dioses tambi\u00e9n ten\u00edan sus propios sacerdotes, pero poco se recuerda de sus funciones y poderes. Los profetas y chamanes, llamados vaka atua (literalmente, canoa del dios, arriero o casco del dios), no oficiaban en ninguna ceremonia religiosa sino que actuaban como intermediarios con los dioses.\u00a0<\/p><p>Cuando un profeta estaba en comunicaci\u00f3n con su deidad patrona, por lo general entraba en frenes\u00ed. Se cre\u00eda que el dios pose\u00eda (tokaia) su cuerpo y usaba su voz para hablar con voz atronadora a aquellos que deseaban un consejo o una explicaci\u00f3n. Turner describe las actividades de un vaka atua:<\/p><p>Despu\u00e9s de la muerte, los amigos del difunto estaban ansiosos por saber la causa de la muerte. Fueron con un presente al sacerdote y le rogaron que hiciera hablar al muerto y confesara los pecados que le hab\u00edan causado la muerte. El sacerdote pod\u00eda ser quitado del cad\u00e1ver, pero \u00e9l afirmaba llamar al esp\u00edritu y tenerlo dentro de \u00e9l. Habl\u00f3 en su tono habitual y le dijo que les contara todo lo que hab\u00eda hecho para provocar su muerte.\u00a0<\/p><p>Entonces \u00e9l, el sacerdote, gimi\u00f3 con voz d\u00e9bil y vacilante, una respuesta como si viniera del esp\u00edritu del difunto, confesando que hab\u00eda robado cocos de tal lugar, o que hab\u00eda pescado en tal lugar en particular. lugar prohibido por el rey donde com\u00eda el pescado que era la encarnaci\u00f3n del dios de su familia. Mientras el sacerdote gem\u00eda algo as\u00ed, logr\u00f3 exprimir algunas l\u00e1grimas y sollozar y llorar por eso. Los amigos del occiso se sintieron aliviados al saber la causa, se levantaron y se fueron a sus casas.<\/p><p>Estos chamanes o profetas eran consultados en busca de presagios y consejos de los dioses antes de emprender cualquier actividad importante. Antes de que la gente abandonara su isla, rezaron a Tui Tokelau y a su hijo para pedir ayuda. Los antepasados eran llamados en caso de problema familiar, enfermedad o muerte inminente, a trav\u00e9s de la familia vaka atua. Por estos servicios, el cham\u00e1n recib\u00eda una ofrenda de comida o una estera. No se hac\u00edan ofrendas directas a los dioses cuando conversaban con sus m\u00e9diums.<\/p><p>Se cre\u00eda que un dios completar\u00eda cualquier tarea o conceder\u00eda cualquier pedido si su vaka atua se le acercaba adecuadamente. Si el vaka atua no lograba el resultado deseado, anunciaba que una deidad m\u00e1s fuerte, sobre la que no ten\u00eda control, hab\u00eda expulsado a su propia deidad.<\/p>\t\t\t\t\t\t\t\t<\/div>\n\t\t\t\t<\/div>\n\t\t\t\t\t<\/div>\n\t\t<\/div>\n\t\t\t\t\t<\/div>\n\t\t<\/section>\n\t\t\t\t<section class=\"elementor-section elementor-top-section elementor-element elementor-element-b969a5f elementor-section-boxed elementor-section-height-default elementor-section-height-default\" data-id=\"b969a5f\" data-element_type=\"section\" data-e-type=\"section\">\n\t\t\t\t\t\t<div class=\"elementor-container elementor-column-gap-default\">\n\t\t\t\t\t<div class=\"elementor-column elementor-col-100 elementor-top-column elementor-element elementor-element-a6dbd66\" data-id=\"a6dbd66\" data-element_type=\"column\" data-e-type=\"column\">\n\t\t\t<div class=\"elementor-widget-wrap elementor-element-populated\">\n\t\t\t\t\t\t<div class=\"elementor-element elementor-element-5055055 elementor-widget elementor-widget-heading\" data-id=\"5055055\" data-element_type=\"widget\" data-e-type=\"widget\" data-widget_type=\"heading.default\">\n\t\t\t\t<div class=\"elementor-widget-container\">\n\t\t\t\t\t<h2 class=\"elementor-heading-title elementor-size-default\"><span class=\"ez-toc-section\" id=\"Religion-Tokelau-election-des-pretres\"><\/span>Religi\u00f3n Tokelau: elecci\u00f3n de sacerdotes<span class=\"ez-toc-section-end\"><\/span><\/h2>\t\t\t\t<\/div>\n\t\t\t\t<\/div>\n\t\t\t\t\t<\/div>\n\t\t<\/div>\n\t\t\t\t\t<\/div>\n\t\t<\/section>\n\t\t\t\t<section class=\"elementor-section elementor-top-section elementor-element elementor-element-d6be0ad elementor-section-boxed elementor-section-height-default elementor-section-height-default\" data-id=\"d6be0ad\" data-element_type=\"section\" data-e-type=\"section\">\n\t\t\t\t\t\t<div class=\"elementor-container elementor-column-gap-default\">\n\t\t\t\t\t<div class=\"elementor-column elementor-col-100 elementor-top-column elementor-element elementor-element-af6f372\" data-id=\"af6f372\" data-element_type=\"column\" data-e-type=\"column\">\n\t\t\t<div class=\"elementor-widget-wrap elementor-element-populated\">\n\t\t\t\t\t\t<div class=\"elementor-element elementor-element-b2d1199 elementor-widget elementor-widget-text-editor\" data-id=\"b2d1199\" data-element_type=\"widget\" data-e-type=\"widget\" data-widget_type=\"text-editor.default\">\n\t\t\t\t<div class=\"elementor-widget-container\">\n\t\t\t\t\t\t\t\t\t<p>En la religi\u00f3n de Tokelau, tras la muerte de un sacerdote, se eleg\u00eda a su sucesor haciendo girar una bola de madera (niufilo) en el centro de un c\u00edrculo de candidatos. Esta bala ten\u00eda unas 15 pulgadas de di\u00e1metro y ten\u00eda una muesca o boca cortada en un lado. El hombre al que apuntaba esa muesca cuando la bola dejaba de girar era el candidato elegido por el dios.\u00a0<\/p><p>El nombre niufilo (coco giratorio) sugiere que se pudo haber usado un coco, como en Vaitupu. El niufilo se guardaba en la casa del dios de Tui Tokelau.<\/p><p>Otra confirmaci\u00f3n de la selecci\u00f3n del sacerdote se hizo mediante un par de bastones cruzados (filifili) suspendidos por encima de las cabezas de los candidatos. Si los palos se mov\u00edan cuando se pronunciaba el nombre del candidato indicado por el niufilo, se cre\u00eda que el dios hab\u00eda verificado la elecci\u00f3n.<\/p><p>El Gran Jefe, con sus oficiales superiores, realiz\u00f3 la adivinaci\u00f3n e hizo girar la bola de adivinaci\u00f3n. Se dice que a menudo lo giraba para seleccionar su elecci\u00f3n personal, pero se cre\u00eda que tal acci\u00f3n traer\u00eda una gran angustia al rey y su familia. Una vez, un l\u00edder, Kakaia, estaba girando la pelota, que se detuvo con la boca frente a Pakao, pero Kakaia la gir\u00f3 para apuntar a Savaiki.\u00a0<\/p><p>El padre de Pakao salt\u00f3 y maldijo a la gente de Fakaofu con el exilio y la tortura a manos de extranjeros por permitir este truco. El hurac\u00e1n que luego arroj\u00f3 a mucha gente por la borda y las incursiones de los mirlos ser\u00edan el cumplimiento de su maldici\u00f3n.<\/p>\t\t\t\t\t\t\t\t<\/div>\n\t\t\t\t<\/div>\n\t\t\t\t\t<\/div>\n\t\t<\/div>\n\t\t\t\t\t<\/div>\n\t\t<\/section>\n\t\t\t\t<section class=\"elementor-section elementor-top-section elementor-element elementor-element-3e5dd7d elementor-section-boxed elementor-section-height-default elementor-section-height-default\" data-id=\"3e5dd7d\" data-element_type=\"section\" data-e-type=\"section\">\n\t\t\t\t\t\t<div class=\"elementor-container elementor-column-gap-default\">\n\t\t\t\t\t<div class=\"elementor-column elementor-col-100 elementor-top-column elementor-element elementor-element-1430e09\" data-id=\"1430e09\" data-element_type=\"column\" data-e-type=\"column\">\n\t\t\t<div class=\"elementor-widget-wrap elementor-element-populated\">\n\t\t\t\t\t\t<div class=\"elementor-element elementor-element-782a9ea elementor-widget elementor-widget-heading\" data-id=\"782a9ea\" data-element_type=\"widget\" data-e-type=\"widget\" data-widget_type=\"heading.default\">\n\t\t\t\t<div class=\"elementor-widget-container\">\n\t\t\t\t\t<h2 class=\"elementor-heading-title elementor-size-default\"><span class=\"ez-toc-section\" id=\"Religion-Tokelau-les-eglises\"><\/span>Religi\u00f3n Tokelau: iglesias<span class=\"ez-toc-section-end\"><\/span><\/h2>\t\t\t\t<\/div>\n\t\t\t\t<\/div>\n\t\t\t\t\t<\/div>\n\t\t<\/div>\n\t\t\t\t\t<\/div>\n\t\t<\/section>\n\t\t\t\t<section class=\"elementor-section elementor-top-section elementor-element elementor-element-8f31185 elementor-section-boxed elementor-section-height-default elementor-section-height-default\" data-id=\"8f31185\" data-element_type=\"section\" data-e-type=\"section\">\n\t\t\t\t\t\t<div class=\"elementor-container elementor-column-gap-default\">\n\t\t\t\t\t<div class=\"elementor-column elementor-col-100 elementor-top-column elementor-element elementor-element-6852707\" data-id=\"6852707\" data-element_type=\"column\" data-e-type=\"column\">\n\t\t\t<div class=\"elementor-widget-wrap elementor-element-populated\">\n\t\t\t\t\t\t<div class=\"elementor-element elementor-element-ef1a621 elementor-widget elementor-widget-text-editor\" data-id=\"ef1a621\" data-element_type=\"widget\" data-e-type=\"widget\" data-widget_type=\"text-editor.default\">\n\t\t\t\t<div class=\"elementor-widget-container\">\n\t\t\t\t\t\t\t\t\t<p>Cada pueblo de Tokelau ten\u00eda el lugar de reuni\u00f3n polinesio habitual llamado malae, donde se llevaban a cabo la mayor\u00eda de las ceremonias de la religi\u00f3n de Tokelau, todos los bailes, la divisi\u00f3n ceremonial de peces, tortugas y ballenas, y otras festividades comunales. EN <a href=\"https:\/\/mythslegendes.com\/es\/tokelau-mitologia\/\">Atafu<\/a>, el malae ten\u00eda unos 180 pies cuadrados y estaba cubierto de arena y guijarros. Una casa divina (fale atua) se alzaba en un extremo, a cierta distancia del pueblo.\u00a0<\/p><p>Un informante dijo que conten\u00eda tres losas de coral que representaban a Tui Tokelau, Te Pusi y Te Lio. Un segundo informante dijo que hab\u00eda dos losas de Tui Tokelau y Fakaofu frente a la casa del dios y que ninguna estaba adentro. Estas losas eran tupua, las residencias de los dioses durante las ceremonias. Una de las losas fue tomada por un misionero (Powell o Davis de la Sociedad Misionera de Londres) en 1884, y la otra fue colocada dentro de los muros de la iglesia actual.<\/p><p>Thomson inspeccion\u00f3 el sitio de la casa del dios y las losas de coral con un nativo que las hab\u00eda visto y las ceremonias realizadas ante ellas en tiempos precristianos. Dos losas de 7 pies de alto, 6 pies de ancho y 1,5 pies de espesor estaban una al lado de la otra y a unos 40 pies frente a la casa del dios, que era un edificio de estructura rectangular de 40 pies de largo y 20 pies de ancho, de pie sobre una plataforma baja o cimiento y similar. en apariencia a la actual casa del consejo de Atafu (l\u00e1mina 5, C).\u00a0<\/p><p>Dentro de la casa hab\u00eda una habitaci\u00f3n rodeada de esteras, la parte m\u00e1s sagrada, donde solo entraba el sacerdote. En el lado derecho del malae sagrado, a unos 60 pies de las losas de coral y mirando hacia adelante en un \u00e1ngulo de 45\u00b0, hab\u00eda un recinto de piedra (sai) de 18 por 18 pies cuadrados y 3,5 pies desde arriba.\u00a0<\/p><p>Aqu\u00ed se depositaban las esteras podridas que se quitaban de las losas de coral durante la ceremonia anual. Eran absolutamente tapu, y cualquiera que se atreviera a molestarlos morir\u00eda al tocar tales objetos sagrados. Toda la zona era un recinto sagrado al que s\u00f3lo pod\u00edan entrar el sacerdote y sus asistentes.<\/p><p>Fakaofu ten\u00eda dos malae: uno para el dios Tui Tokelau y su hijo, O te Moana, y otro para Fakafotu. Wilkes describe la casa del dios de Tui Tokelau y las dos losas de coral o \u00eddolos del dios y su hijo erigidas ante ella (l\u00e1mina 6, B):<\/p><p>Sus dioses o \u00eddolos se colocaron afuera cerca. El m\u00e1s grande de ellos ten\u00eda 14 pies de alto y 18 pulgadas de di\u00e1metro. Este se cubr\u00eda o envolv\u00eda con esteras, y sobre \u00e9l se pasaba uno angosto, como un chal, y atado al frente, con los extremos del nudo colgando hacia abajo\u2026 El \u00eddolo era de piedra y de 4 pies de alto, pero solo parcialmente cubierto con estera. Unos 10 pies frente al \u00eddolo estaba una de las mesas talladas, que fue ahuecada. Med\u00eda 4 pies de largo por 3 de ancho y la misma altura.<\/p><p>La Casa del Viejo Dios era la estructura m\u00e1s grande de Fakaofu. Alrededor del interior de los aleros colgaba una hilera de collares de conchas de n\u00e1car hechos con las ofrendas anuales de estos ornamentos al dios. Los enormes postes de la casa estaban adornados con encuadernaciones sennit, seg\u00fan Hale:<\/p><p>En el centro de la casa, alrededor del poste m\u00e1s alto, se amontonaban confusamente una docena de macizos bancos, o grandes taburetes, de dos pies de alto, otros tantos de ancho y unos tres pies de largo. Fueron hechos torpemente, muy gruesos y pesados, cada uno aparentemente tallado en un solo bloque. Los nativos los llamaron asientos del dios, y supusimos que podr\u00edan ser para los ancianos del pueblo cuando se reun\u00edan en consejo o para una celebraci\u00f3n religiosa.<\/p><p>Apoyadas en el poste m\u00e1s alto de la casa hab\u00eda varias lanzas, todas muy gastadas y maltratadas, que los nativos dec\u00edan que ven\u00edan del mar y las llamaban lakau taua (madera de guerra).<\/p><p>La \u00faltima casa divina de Fakaofu fue destruida por el Padre Padel en 1852 (p. 32). Los \u00fanicos art\u00edculos sagrados que trajo dentro de la casa del dios fueron dos pistolas oxidadas rescatadas de un accidente. No mencion\u00f3 los postes altos, los asientos o la mesa vistos por Hale y Wilkes. Estos pueden haber sido destruidos en el hurac\u00e1n de 1846 o 1852.<\/p><p>El culto y la comunicaci\u00f3n con los dioses familiares se llevaban a cabo en los hogares. Los esp\u00edritus ancestrales ven\u00edan a visitar a los sacerdotes o m\u00e9diums descendientes del antepasado. Muchas casas conten\u00edan dos o tres botellas de agua de coco reservadas para el esp\u00edritu ancestral. Se colgaban de un poste o viga y se les echaba agua fresca todos los d\u00edas.<\/p>\t\t\t\t\t\t\t\t<\/div>\n\t\t\t\t<\/div>\n\t\t\t\t\t<\/div>\n\t\t<\/div>\n\t\t\t\t\t<\/div>\n\t\t<\/section>\n\t\t\t\t<\/div>","protected":false},"excerpt":{"rendered":"<p>Mitolog\u00eda Tokelau Wiki Los elementos de la religi\u00f3n de Tokelau eran caracter\u00edsticos de las religiones de la Polinesia Occidental. El pante\u00f3n era... <\/p>","protected":false},"author":1,"featured_media":0,"parent":10192,"menu_order":0,"comment_status":"closed","ping_status":"closed","template":"","meta":{"footnotes":""},"class_list":["post-21915","page","type-page","status-publish","hentry"],"amp_enabled":true,"_links":{"self":[{"href":"https:\/\/mythslegendes.com\/es\/wp-json\/wp\/v2\/pages\/21915","targetHints":{"allow":["GET"]}}],"collection":[{"href":"https:\/\/mythslegendes.com\/es\/wp-json\/wp\/v2\/pages"}],"about":[{"href":"https:\/\/mythslegendes.com\/es\/wp-json\/wp\/v2\/types\/page"}],"author":[{"embeddable":true,"href":"https:\/\/mythslegendes.com\/es\/wp-json\/wp\/v2\/users\/1"}],"replies":[{"embeddable":true,"href":"https:\/\/mythslegendes.com\/es\/wp-json\/wp\/v2\/comments?post=21915"}],"version-history":[{"count":3,"href":"https:\/\/mythslegendes.com\/es\/wp-json\/wp\/v2\/pages\/21915\/revisions"}],"predecessor-version":[{"id":21923,"href":"https:\/\/mythslegendes.com\/es\/wp-json\/wp\/v2\/pages\/21915\/revisions\/21923"}],"up":[{"embeddable":true,"href":"https:\/\/mythslegendes.com\/es\/wp-json\/wp\/v2\/pages\/10192"}],"wp:attachment":[{"href":"https:\/\/mythslegendes.com\/es\/wp-json\/wp\/v2\/media?parent=21915"}],"curies":[{"name":"wp","href":"https:\/\/api.w.org\/{rel}","templated":true}]}}