{"id":21940,"date":"2022-08-03T18:17:16","date_gmt":"2022-08-03T18:17:16","guid":{"rendered":"https:\/\/mythslegendes.com\/?page_id=21940"},"modified":"2022-08-03T18:21:00","modified_gmt":"2022-08-03T18:21:00","slug":"danses-tokelau","status":"publish","type":"page","link":"https:\/\/mythslegendes.com\/es\/tokelau-mitologia\/bailes-tokelau\/","title":{"rendered":"Danzas de Tokelau"},"content":{"rendered":"<div data-elementor-type=\"wp-page\" data-elementor-id=\"21940\" class=\"elementor elementor-21940\">\n\t\t\t\t\t\t<section class=\"elementor-section elementor-top-section elementor-element elementor-element-4e6a605 elementor-section-boxed elementor-section-height-default elementor-section-height-default\" data-id=\"4e6a605\" data-element_type=\"section\" data-e-type=\"section\">\n\t\t\t\t\t\t<div class=\"elementor-container elementor-column-gap-default\">\n\t\t\t\t\t<div class=\"elementor-column elementor-col-50 elementor-top-column elementor-element elementor-element-ea3df28\" data-id=\"ea3df28\" data-element_type=\"column\" data-e-type=\"column\">\n\t\t\t<div class=\"elementor-widget-wrap elementor-element-populated\">\n\t\t\t\t\t\t<div class=\"elementor-element elementor-element-0eb9d74 elementor-align-justify elementor-widget elementor-widget-button\" data-id=\"0eb9d74\" data-element_type=\"widget\" data-e-type=\"widget\" data-widget_type=\"button.default\">\n\t\t\t\t<div class=\"elementor-widget-container\">\n\t\t\t\t\t\t\t\t\t<div class=\"elementor-button-wrapper\">\n\t\t\t\t\t<a class=\"elementor-button elementor-button-link elementor-size-sm\" href=\"https:\/\/mythslegendes.com\/es\/tokelau-mitologia\/\">\n\t\t\t\t\t\t<span class=\"elementor-button-content-wrapper\">\n\t\t\t\t\t\t\t\t\t<span class=\"elementor-button-text\">Mitolog\u00eda de Tokelau<\/span>\n\t\t\t\t\t<\/span>\n\t\t\t\t\t<\/a>\n\t\t\t\t<\/div>\n\t\t\t\t\t\t\t\t<\/div>\n\t\t\t\t<\/div>\n\t\t\t\t\t<\/div>\n\t\t<\/div>\n\t\t\t\t<div class=\"elementor-column elementor-col-50 elementor-top-column elementor-element elementor-element-c72e1ec\" data-id=\"c72e1ec\" data-element_type=\"column\" data-e-type=\"column\">\n\t\t\t<div class=\"elementor-widget-wrap elementor-element-populated\">\n\t\t\t\t\t\t<div class=\"elementor-element elementor-element-a31be57 elementor-align-justify elementor-widget elementor-widget-button\" data-id=\"a31be57\" data-element_type=\"widget\" data-e-type=\"widget\" data-widget_type=\"button.default\">\n\t\t\t\t<div class=\"elementor-widget-container\">\n\t\t\t\t\t\t\t\t\t<div class=\"elementor-button-wrapper\">\n\t\t\t\t\t<a class=\"elementor-button elementor-button-link elementor-size-sm\" href=\"https:\/\/nzetc.victoria.ac.nz\/tm\/scholarly\/tei-MacToke-t1-body-d1-d6.html\" target=\"_blank\" rel=\"noopener\">\n\t\t\t\t\t\t<span class=\"elementor-button-content-wrapper\">\n\t\t\t\t\t\t\t\t\t<span class=\"elementor-button-text\">Wiki<\/span>\n\t\t\t\t\t<\/span>\n\t\t\t\t\t<\/a>\n\t\t\t\t<\/div>\n\t\t\t\t\t\t\t\t<\/div>\n\t\t\t\t<\/div>\n\t\t\t\t\t<\/div>\n\t\t<\/div>\n\t\t\t\t\t<\/div>\n\t\t<\/section>\n\t\t\t\t<section class=\"elementor-section elementor-top-section elementor-element elementor-element-4418474 elementor-section-boxed elementor-section-height-default elementor-section-height-default\" data-id=\"4418474\" data-element_type=\"section\" data-e-type=\"section\">\n\t\t\t\t\t\t<div class=\"elementor-container elementor-column-gap-default\">\n\t\t\t\t\t<div class=\"elementor-column elementor-col-100 elementor-top-column elementor-element elementor-element-7288f4e\" data-id=\"7288f4e\" data-element_type=\"column\" data-e-type=\"column\">\n\t\t\t<div class=\"elementor-widget-wrap elementor-element-populated\">\n\t\t\t\t\t\t<div class=\"elementor-element elementor-element-f10d698 elementor-widget elementor-widget-text-editor\" data-id=\"f10d698\" data-element_type=\"widget\" data-e-type=\"widget\" data-widget_type=\"text-editor.default\">\n\t\t\t\t<div class=\"elementor-widget-container\">\n\t\t\t\t\t\t\t\t\t<p>Recordamos muy pocos bailes <a href=\"https:\/\/mythslegendes.com\/es\/tokelau-mitologia\/\">Tokelau<\/a>. Su representaci\u00f3n fue prohibida por los primeros misioneros y r\u00e1pidamente fueron olvidadas. Los bailes modernos consisten principalmente en gestos interpretando la letra de la canci\u00f3n que los acompa\u00f1a y conservan poco de la forma antigua.<\/p><p><img decoding=\"async\" class=\"alignnone wp-image-9347 size-full\" src=\"http:\/\/mythslegendes.com\/wp-content\/uploads\/2020\/09\/cropped-AlphaOmega-e1602613368367.png\" alt=\"bailes tokelauanos\" width=\"25\" height=\"25\" title=\"\"><\/p>\t\t\t\t\t\t\t\t<\/div>\n\t\t\t\t<\/div>\n\t\t\t\t\t<\/div>\n\t\t<\/div>\n\t\t\t\t\t<\/div>\n\t\t<\/section>\n\t\t\t\t<section class=\"elementor-section elementor-top-section elementor-element elementor-element-d3d9103 elementor-section-boxed elementor-section-height-default elementor-section-height-default\" data-id=\"d3d9103\" data-element_type=\"section\" data-e-type=\"section\">\n\t\t\t\t\t\t<div class=\"elementor-container elementor-column-gap-default\">\n\t\t\t\t\t<div class=\"elementor-column elementor-col-100 elementor-top-column elementor-element elementor-element-2172b39\" data-id=\"2172b39\" data-element_type=\"column\" data-e-type=\"column\">\n\t\t\t<div class=\"elementor-widget-wrap elementor-element-populated\">\n\t\t\t\t\t\t<div class=\"elementor-element elementor-element-bdf6f89 elementor-widget elementor-widget-heading\" data-id=\"bdf6f89\" data-element_type=\"widget\" data-e-type=\"widget\" data-widget_type=\"heading.default\">\n\t\t\t\t<div class=\"elementor-widget-container\">\n\t\t\t\t\t<div id=\"ez-toc-container\" class=\"ez-toc-v2_0_82_2 counter-hierarchy ez-toc-counter ez-toc-grey ez-toc-container-direction\">\n<div class=\"ez-toc-title-container\">\n<p class=\"ez-toc-title\" style=\"cursor:inherit\">Contenido<\/p>\n<span class=\"ez-toc-title-toggle\"><a href=\"#\" class=\"ez-toc-pull-right ez-toc-btn ez-toc-btn-xs ez-toc-btn-default ez-toc-toggle\" aria-label=\"Alternar tabla de contenidos\"><span class=\"ez-toc-js-icon-con\"><span class=\"\"><span class=\"eztoc-hide\" style=\"display:none;\">Palanca<\/span><span class=\"ez-toc-icon-toggle-span\"><svg style=\"fill: #999;color:#999\" xmlns=\"http:\/\/www.w3.org\/2000\/svg\" class=\"list-377408\" width=\"20px\" height=\"20px\" viewbox=\"0 0 24 24\" fill=\"none\"><path d=\"M6 6H4v2h2V6zm14 0H8v2h12V6zM4 11h2v2H4v-2zm16 0H8v2h12v-2zM4 16h2v2H4v-2zm16 0H8v2h12v-2z\" fill=\"currentColor\"><\/path><\/svg><svg style=\"fill: #999;color:#999\" class=\"arrow-unsorted-368013\" xmlns=\"http:\/\/www.w3.org\/2000\/svg\" width=\"10px\" height=\"10px\" viewbox=\"0 0 24 24\" version=\"1.2\" baseprofile=\"tiny\"><path d=\"M18.2 9.3l-6.2-6.3-6.2 6.3c-.2.2-.3.4-.3.7s.1.5.3.7c.2.2.4.3.7.3h11c.3 0 .5-.1.7-.3.2-.2.3-.5.3-.7s-.1-.5-.3-.7zM5.8 14.7l6.2 6.3 6.2-6.3c.2-.2.3-.5.3-.7s-.1-.5-.3-.7c-.2-.2-.4-.3-.7-.3h-11c-.3 0-.5.1-.7.3-.2.2-.3.5-.3.7s.1.5.3.7z\"\/><\/svg><\/span><\/span><\/span><\/a><\/span><\/div>\n<nav><ul class='ez-toc-list ez-toc-list-level-1' ><li class='ez-toc-page-1 ez-toc-heading-level-2'><a class=\"ez-toc-link ez-toc-heading-1\" href=\"https:\/\/mythslegendes.com\/es\/tokelau-mitologia\/bailes-tokelau\/#Les-danses-Tokelau\" >bailes tokelauanos<\/a><\/li><\/ul><\/nav><\/div>\n<h2 class=\"elementor-heading-title elementor-size-default\"><span class=\"ez-toc-section\" id=\"Les-danses-Tokelau\"><\/span>bailes tokelauanos<span class=\"ez-toc-section-end\"><\/span><\/h2>\t\t\t\t<\/div>\n\t\t\t\t<\/div>\n\t\t\t\t\t<\/div>\n\t\t<\/div>\n\t\t\t\t\t<\/div>\n\t\t<\/section>\n\t\t\t\t<section class=\"elementor-section elementor-top-section elementor-element elementor-element-fa81050 elementor-section-boxed elementor-section-height-default elementor-section-height-default\" data-id=\"fa81050\" data-element_type=\"section\" data-e-type=\"section\">\n\t\t\t\t\t\t<div class=\"elementor-container elementor-column-gap-default\">\n\t\t\t\t\t<div class=\"elementor-column elementor-col-100 elementor-top-column elementor-element elementor-element-a72f653\" data-id=\"a72f653\" data-element_type=\"column\" data-e-type=\"column\">\n\t\t\t<div class=\"elementor-widget-wrap elementor-element-populated\">\n\t\t\t\t\t\t<div class=\"elementor-element elementor-element-0a402ea elementor-widget elementor-widget-text-editor\" data-id=\"0a402ea\" data-element_type=\"widget\" data-e-type=\"widget\" data-widget_type=\"text-editor.default\">\n\t\t\t\t<div class=\"elementor-widget-container\">\n\t\t\t\t\t\t\t\t\t<p>Suelen tener lugar por la noche en la casa de reuniones y est\u00e1n acompa\u00f1ados por un tamborilero que golpea una caja o un rollo de esteras y un grupo de cantantes detr\u00e1s de la l\u00ednea de baile. Un grupo de 8 o 12 bailarines o bailarinas se sientan en el piso en filas de 4. Poco despu\u00e9s de que comienza la canci\u00f3n, se levantan y hacen sus movimientos al un\u00edsono, uni\u00e9ndose a la canci\u00f3n.\u00a0<\/p><p>Los bailes se alternan entre dos grupos en los extremos de la casa. Seg\u00fan Burrows, este estilo de baile es similar al de las Islas Ellice y un tipo de baile en Samoa. El siva samoano moderno se toca a menudo en Tokelau.<\/p><p>Durante la visita de campo a <a href=\"https:\/\/mythslegendes.com\/es\/tokelau-mitologia\/\">Atafu<\/a>, se ofreci\u00f3 una exhibici\u00f3n de danzas antiguas, acompa\u00f1adas del canto de los ejecutantes. Los bailarines se pararon uno al lado del otro en una sola l\u00ednea durante todo el baile. Se mov\u00edan 1 o 2, a veces 3 pasos; pero los principales movimientos se hac\u00edan con los brazos o con los remos de canoa (foe), utilizados en algunas danzas en sustituci\u00f3n de los antiguos remos de baile (paki). La exhibici\u00f3n fue dirigida por una mujer que hab\u00eda aprendido las canciones y los movimientos de su padre.<\/p><p>Un grupo de mujeres realiz\u00f3 una segunda forma de bailes de Tokelauan para celebrar un partido de cricket victorioso. Los bailarines formaban en fila india, de pie muy juntos, y marchaban alrededor del campo de cricket con pasos cortos y ligeros, deteni\u00e9ndose regularmente para balancearse al un\u00edsono o para saludar o saludar con las hojas que sosten\u00edan en sus manos. Mantuvieron el tiempo aplaudiendo con sus manos abiertas con estas hojas.\u00a0<\/p><p>Todos los movimientos fueron dirigidos por la primera mujer en la fila. Varias veces hizo figuras en espiral en las que se colocaba en el centro de los bailarines que circulaban, luego desenrollaba la figura, girando y bailando entre las l\u00edneas convergentes. Burrows y Lister fueron testigos de actuaciones similares de esta antigua danza en Fakaofu.\u00a0<\/p><p>Lister vio a hombres bailando, acompa\u00f1ados de mujeres que tocaban el comp\u00e1s y cantaban.\u00a0<span style=\"color: var( --e-global-color-text ); font-family: var( --e-global-typography-text-font-family ), Sans-serif; font-weight: var( --e-global-typography-text-font-weight );\">Burrows vio a mujeres bailando, manteniendo el ritmo golpeando un trozo de madera con la mano abierta, pero sin cantar. Wilkes describe una danza de gatillo similar realizada en Nonuti en las Islas Gilbert.<\/span><\/p>\t\t\t\t\t\t\t\t<\/div>\n\t\t\t\t<\/div>\n\t\t\t\t\t<\/div>\n\t\t<\/div>\n\t\t\t\t\t<\/div>\n\t\t<\/section>\n\t\t\t\t<\/div>","protected":false},"excerpt":{"rendered":"<p>Mythologie Tokelau Wiki On se souvient de tr\u00e8s peu de danses Tokelau. Leur repr\u00e9sentation a \u00e9t\u00e9 interdite par les premiers &hellip; <\/p>","protected":false},"author":1,"featured_media":0,"parent":10192,"menu_order":0,"comment_status":"closed","ping_status":"closed","template":"","meta":{"footnotes":""},"class_list":["post-21940","page","type-page","status-publish","hentry"],"amp_enabled":true,"_links":{"self":[{"href":"https:\/\/mythslegendes.com\/es\/wp-json\/wp\/v2\/pages\/21940","targetHints":{"allow":["GET"]}}],"collection":[{"href":"https:\/\/mythslegendes.com\/es\/wp-json\/wp\/v2\/pages"}],"about":[{"href":"https:\/\/mythslegendes.com\/es\/wp-json\/wp\/v2\/types\/page"}],"author":[{"embeddable":true,"href":"https:\/\/mythslegendes.com\/es\/wp-json\/wp\/v2\/users\/1"}],"replies":[{"embeddable":true,"href":"https:\/\/mythslegendes.com\/es\/wp-json\/wp\/v2\/comments?post=21940"}],"version-history":[{"count":3,"href":"https:\/\/mythslegendes.com\/es\/wp-json\/wp\/v2\/pages\/21940\/revisions"}],"predecessor-version":[{"id":21945,"href":"https:\/\/mythslegendes.com\/es\/wp-json\/wp\/v2\/pages\/21940\/revisions\/21945"}],"up":[{"embeddable":true,"href":"https:\/\/mythslegendes.com\/es\/wp-json\/wp\/v2\/pages\/10192"}],"wp:attachment":[{"href":"https:\/\/mythslegendes.com\/es\/wp-json\/wp\/v2\/media?parent=21940"}],"curies":[{"name":"wp","href":"https:\/\/api.w.org\/{rel}","templated":true}]}}