{"id":21955,"date":"2022-08-03T18:43:43","date_gmt":"2022-08-03T18:43:43","guid":{"rendered":"https:\/\/mythslegendes.com\/?page_id=21955"},"modified":"2022-08-03T18:48:23","modified_gmt":"2022-08-03T18:48:23","slug":"conte-tokelau-sinaiono","status":"publish","type":"page","link":"https:\/\/mythslegendes.com\/es\/tokelau-mitologia\/cuento-tokelau-sinaiono\/","title":{"rendered":"Cuento Tokelau: Sinaiono"},"content":{"rendered":"<div data-elementor-type=\"wp-page\" data-elementor-id=\"21955\" class=\"elementor elementor-21955\">\n\t\t\t\t\t\t<section class=\"elementor-section elementor-top-section elementor-element elementor-element-73ba5e1 elementor-section-boxed elementor-section-height-default elementor-section-height-default\" data-id=\"73ba5e1\" data-element_type=\"section\" data-e-type=\"section\">\n\t\t\t\t\t\t<div class=\"elementor-container elementor-column-gap-default\">\n\t\t\t\t\t<div class=\"elementor-column elementor-col-50 elementor-top-column elementor-element elementor-element-0bdd851\" data-id=\"0bdd851\" data-element_type=\"column\" data-e-type=\"column\">\n\t\t\t<div class=\"elementor-widget-wrap elementor-element-populated\">\n\t\t\t\t\t\t<div class=\"elementor-element elementor-element-e0386fd elementor-align-justify elementor-widget elementor-widget-button\" data-id=\"e0386fd\" data-element_type=\"widget\" data-e-type=\"widget\" data-widget_type=\"button.default\">\n\t\t\t\t<div class=\"elementor-widget-container\">\n\t\t\t\t\t\t\t\t\t<div class=\"elementor-button-wrapper\">\n\t\t\t\t\t<a class=\"elementor-button elementor-button-link elementor-size-sm\" href=\"https:\/\/mythslegendes.com\/es\/tokelau-mitologia\/\">\n\t\t\t\t\t\t<span class=\"elementor-button-content-wrapper\">\n\t\t\t\t\t\t\t\t\t<span class=\"elementor-button-text\">Mitolog\u00eda de Tokelau<\/span>\n\t\t\t\t\t<\/span>\n\t\t\t\t\t<\/a>\n\t\t\t\t<\/div>\n\t\t\t\t\t\t\t\t<\/div>\n\t\t\t\t<\/div>\n\t\t\t\t\t<\/div>\n\t\t<\/div>\n\t\t\t\t<div class=\"elementor-column elementor-col-50 elementor-top-column elementor-element elementor-element-7538da1\" data-id=\"7538da1\" data-element_type=\"column\" data-e-type=\"column\">\n\t\t\t<div class=\"elementor-widget-wrap elementor-element-populated\">\n\t\t\t\t\t\t<div class=\"elementor-element elementor-element-32eede6 elementor-align-justify elementor-widget elementor-widget-button\" data-id=\"32eede6\" data-element_type=\"widget\" data-e-type=\"widget\" data-widget_type=\"button.default\">\n\t\t\t\t<div class=\"elementor-widget-container\">\n\t\t\t\t\t\t\t\t\t<div class=\"elementor-button-wrapper\">\n\t\t\t\t\t<a class=\"elementor-button elementor-button-link elementor-size-sm\" href=\"https:\/\/nzetc.victoria.ac.nz\/tm\/scholarly\/tei-MacToke-t1-body-d1-d8.html\" target=\"_blank\" rel=\"noopener\">\n\t\t\t\t\t\t<span class=\"elementor-button-content-wrapper\">\n\t\t\t\t\t\t\t\t\t<span class=\"elementor-button-text\">Wiki<\/span>\n\t\t\t\t\t<\/span>\n\t\t\t\t\t<\/a>\n\t\t\t\t<\/div>\n\t\t\t\t\t\t\t\t<\/div>\n\t\t\t\t<\/div>\n\t\t\t\t\t<\/div>\n\t\t<\/div>\n\t\t\t\t\t<\/div>\n\t\t<\/section>\n\t\t\t\t<section class=\"elementor-section elementor-top-section elementor-element elementor-element-e4f8bd5 elementor-section-boxed elementor-section-height-default elementor-section-height-default\" data-id=\"e4f8bd5\" data-element_type=\"section\" data-e-type=\"section\">\n\t\t\t\t\t\t<div class=\"elementor-container elementor-column-gap-default\">\n\t\t\t\t\t<div class=\"elementor-column elementor-col-100 elementor-top-column elementor-element elementor-element-6a4255e\" data-id=\"6a4255e\" data-element_type=\"column\" data-e-type=\"column\">\n\t\t\t<div class=\"elementor-widget-wrap elementor-element-populated\">\n\t\t\t\t\t\t<div class=\"elementor-element elementor-element-ae74784 elementor-widget elementor-widget-text-editor\" data-id=\"ae74784\" data-element_type=\"widget\" data-e-type=\"widget\" data-widget_type=\"text-editor.default\">\n\t\t\t\t<div class=\"elementor-widget-container\">\n\t\t\t\t\t\t\t\t\t<p>los cuentos de <a href=\"https:\/\/mythslegendes.com\/es\/tokelau-mitologia\/\">Tokelau<\/a> contienen muchas referencias a personajes y eventos mitol\u00f3gicos que se encuentran en cuentos de otras partes de Polinesia. Varios <a href=\"https:\/\/mythslegendes.com\/es\/\">mitos<\/a> mencionar los viajes a Fiji y la gente de all\u00ed, una caracter\u00edstica com\u00fan de los cuentos de Samoa. Este es el cuento de Tokelauan de Sinaiono.<\/p><p><img decoding=\"async\" class=\"alignnone wp-image-9347 size-full\" src=\"http:\/\/mythslegendes.com\/wp-content\/uploads\/2020\/09\/cropped-AlphaOmega-e1602613368367.png\" alt=\"Sinaiono\" width=\"25\" height=\"25\" title=\"\"><\/p>\t\t\t\t\t\t\t\t<\/div>\n\t\t\t\t<\/div>\n\t\t\t\t\t<\/div>\n\t\t<\/div>\n\t\t\t\t\t<\/div>\n\t\t<\/section>\n\t\t\t\t<section class=\"elementor-section elementor-top-section elementor-element elementor-element-a8d9023 elementor-section-boxed elementor-section-height-default elementor-section-height-default\" data-id=\"a8d9023\" data-element_type=\"section\" data-e-type=\"section\">\n\t\t\t\t\t\t<div class=\"elementor-container elementor-column-gap-default\">\n\t\t\t\t\t<div class=\"elementor-column elementor-col-100 elementor-top-column elementor-element elementor-element-206e3be\" data-id=\"206e3be\" data-element_type=\"column\" data-e-type=\"column\">\n\t\t\t<div class=\"elementor-widget-wrap elementor-element-populated\">\n\t\t\t\t\t\t<div class=\"elementor-element elementor-element-4f530f8 elementor-widget elementor-widget-heading\" data-id=\"4f530f8\" data-element_type=\"widget\" data-e-type=\"widget\" data-widget_type=\"heading.default\">\n\t\t\t\t<div class=\"elementor-widget-container\">\n\t\t\t\t\t<div id=\"ez-toc-container\" class=\"ez-toc-v2_0_82_2 counter-hierarchy ez-toc-counter ez-toc-grey ez-toc-container-direction\">\n<div class=\"ez-toc-title-container\">\n<p class=\"ez-toc-title\" style=\"cursor:inherit\">Contenido<\/p>\n<span class=\"ez-toc-title-toggle\"><a href=\"#\" class=\"ez-toc-pull-right ez-toc-btn ez-toc-btn-xs ez-toc-btn-default ez-toc-toggle\" aria-label=\"Alternar tabla de contenidos\"><span class=\"ez-toc-js-icon-con\"><span class=\"\"><span class=\"eztoc-hide\" style=\"display:none;\">Palanca<\/span><span class=\"ez-toc-icon-toggle-span\"><svg style=\"fill: #999;color:#999\" xmlns=\"http:\/\/www.w3.org\/2000\/svg\" class=\"list-377408\" width=\"20px\" height=\"20px\" viewbox=\"0 0 24 24\" fill=\"none\"><path d=\"M6 6H4v2h2V6zm14 0H8v2h12V6zM4 11h2v2H4v-2zm16 0H8v2h12v-2zM4 16h2v2H4v-2zm16 0H8v2h12v-2z\" fill=\"currentColor\"><\/path><\/svg><svg style=\"fill: #999;color:#999\" class=\"arrow-unsorted-368013\" xmlns=\"http:\/\/www.w3.org\/2000\/svg\" width=\"10px\" height=\"10px\" viewbox=\"0 0 24 24\" version=\"1.2\" baseprofile=\"tiny\"><path d=\"M18.2 9.3l-6.2-6.3-6.2 6.3c-.2.2-.3.4-.3.7s.1.5.3.7c.2.2.4.3.7.3h11c.3 0 .5-.1.7-.3.2-.2.3-.5.3-.7s-.1-.5-.3-.7zM5.8 14.7l6.2 6.3 6.2-6.3c.2-.2.3-.5.3-.7s-.1-.5-.3-.7c-.2-.2-.4-.3-.7-.3h-11c-.3 0-.5.1-.7.3-.2.2-.3.5-.3.7s.1.5.3.7z\"\/><\/svg><\/span><\/span><\/span><\/a><\/span><\/div>\n<nav><ul class='ez-toc-list ez-toc-list-level-1' ><li class='ez-toc-page-1 ez-toc-heading-level-2'><a class=\"ez-toc-link ez-toc-heading-1\" href=\"https:\/\/mythslegendes.com\/es\/tokelau-mitologia\/cuento-tokelau-sinaiono\/#The-Story-of-Sinaiono\" >La historia de Sinaiono<\/a><\/li><\/ul><\/nav><\/div>\n<h2 class=\"elementor-heading-title elementor-size-default\"><span class=\"ez-toc-section\" id=\"The-Story-of-Sinaiono\"><\/span>La historia de Sinaiono<span class=\"ez-toc-section-end\"><\/span><\/h2>\t\t\t\t<\/div>\n\t\t\t\t<\/div>\n\t\t\t\t\t<\/div>\n\t\t<\/div>\n\t\t\t\t\t<\/div>\n\t\t<\/section>\n\t\t\t\t<section class=\"elementor-section elementor-top-section elementor-element elementor-element-d51ceea elementor-section-boxed elementor-section-height-default elementor-section-height-default\" data-id=\"d51ceea\" data-element_type=\"section\" data-e-type=\"section\">\n\t\t\t\t\t\t<div class=\"elementor-container elementor-column-gap-default\">\n\t\t\t\t\t<div class=\"elementor-column elementor-col-100 elementor-top-column elementor-element elementor-element-fc1e1fc\" data-id=\"fc1e1fc\" data-element_type=\"column\" data-e-type=\"column\">\n\t\t\t<div class=\"elementor-widget-wrap elementor-element-populated\">\n\t\t\t\t\t\t<div class=\"elementor-element elementor-element-93520d7 elementor-widget elementor-widget-text-editor\" data-id=\"93520d7\" data-element_type=\"widget\" data-e-type=\"widget\" data-widget_type=\"text-editor.default\">\n\t\t\t\t<div class=\"elementor-widget-container\">\n\t\t\t\t\t\t\t\t\t<p>Maliliona Tane y Maliliona Fafine estaban casadas y ten\u00edan dos hijos, un ni\u00f1o y una ni\u00f1a, llamados Mangeleponapona y Sinaleulu. El ni\u00f1o, Mangeleponapona, estaba casado con Lafailafaitonga. Qued\u00f3 embarazada y deseaba algo de pescado.<a id=\"reference-to-fn10_80\" title=\"Tal deseo de alimentos especiales por parte de las mujeres embarazadas es llamado umiti por la gente de Tokelau, y se hace el mayor esfuerzo para satisfacer tales deseos.\" href=\"https:\/\/nzetc.victoria.ac.nz\/tm\/scholarly\/tei-MacToke-t1-body-d1-d8.html#fn10_80\" target=\"_blank\" rel=\"noopener\"><sup>10<\/sup><\/a>\u00a0Cuando Mangeleponapona escuch\u00f3 la petici\u00f3n de su esposa, fue directamente a la casa de sus padres y les cont\u00f3 el deseo de su esposa. Enviaron a su hermana, Sinaleulu, al arrecife a pescar para que Mangeleponapona se los llevara a su esposa.\u00a0<\/p><p>Sinaleulu no ten\u00eda red para pescar en el arrecife, as\u00ed que se sent\u00f3 en la ensenada de cara a la corriente y abri\u00f3 las piernas, y de esta manera hizo una trampa de horquilla en la que los peces deb\u00edan correr. Cuando los peces nadaron contra ella, los atrap\u00f3 con las manos. Despu\u00e9s de atrapar a muchos de esta manera, se los llev\u00f3 a su hermano, quien los llev\u00f3 a Lafailafaitonga. Los cocin\u00f3 para que ella los comiera, pero cuando los trag\u00f3, inmediatamente vomit\u00f3.<\/p><p>Nuevamente, Mangeleponapona fue a sus padres con un pedido de pescado para su esposa, quien deseaba algo para comer, y nuevamente enviaron a Sinaleulu al arrecife para pescar algo. Se sent\u00f3 como antes en la ensenada, y cuando los peces nadaban entre sus piernas, los atrap\u00f3 con las manos y se los llev\u00f3 a su casa. Su hermano Mangeleponapona los prepar\u00f3 para su esposa, pero estos tambi\u00e9n la enfermaron cuando los comi\u00f3.<\/p><p>Mangeleponapona pidi\u00f3 pescado a sus padres por tercera vez, y observ\u00f3 desde la distancia para descubrir c\u00f3mo los pescaba su hermana. Cuando ella volvi\u00f3, \u00e9l le quit\u00f3 el pescado, pero no lo hizo. <a href=\"https:\/\/mythslegendes.com\/es\/cocinera-mitologia\/\">cocinero<\/a> ellos o permitir que su esposa los toque.<\/p><p>Al d\u00eda siguiente fue a ver a sus padres y les cont\u00f3 c\u00f3mo su hermana hab\u00eda pescado el pez. Sinaleulu estaba acostada en las esteras de la casa cuando entr\u00f3 su hermano y pens\u00f3 que estaba dormida. Pero ella escuch\u00f3 lo que le dijo a sus padres y se enoj\u00f3 mucho. Tan pronto como \u00e9l sali\u00f3 de la casa, ella se dirigi\u00f3 a un punto de la isla y lo empuj\u00f3 con un palo (<i>toko<\/i>) para impulsar una canoa en aguas poco profundas, separ\u00e1ndola as\u00ed del resto de la tierra. Luego se abri\u00f3 camino hacia la tierra de Saluelakaniva, con quien se cas\u00f3.<\/p><p>Lafailafaitonga tuvo una ni\u00f1a, Sinaiono, que se cas\u00f3 con Tinilau y se fue a su isla. Aqu\u00ed Tinilau tuvo muchas esposas, las Kaunofoitalau, pero Sinaiono se convirti\u00f3 en su favorita. Los Kaunofoitalau estaban celosos de ella porque Tinilau siempre le llevaba un bonito cuando regresaba de pescar pero hac\u00eda que los Kaunofoitalau sacaran el pescado de la canoa.\u00a0<\/p><p>Una noche estas mujeres hicieron un plato de cocos tiernos,\u00a0<i>tamokomoko<\/i>\u00a0gusanos y estrellas de mar, que trituraban y luego mezclaban con su orina. Cuando Tinilau sali\u00f3 temprano a la ma\u00f1ana siguiente a pescar bonito, obligaron a Sinaiono a beber la comida que hab\u00edan preparado. Ella muri\u00f3 y luego examinaron su cuerpo para averiguar por qu\u00e9 era la favorita de su esposo. Decidieron que era por sus genitales bien formados.<\/p><p>Cuando Tinilau volvi\u00f3 con un bonito grande para Sinaiono, la encontr\u00f3 muerta en el suelo. Fue al Kaunofoitalau, sus esposas espirituales (<i>atu<\/i>), y les orden\u00f3 que la devolvieran a la vida. \u00c9l les dijo que deb\u00edan construir una isla cerca de la suya para ella apilando rocas en el fondo del mar donde iban a vivir y cuidar de Sinaiono, llevarle comida todos los d\u00edas y hacer un fuego para darle luz por la noche. . La isla era peque\u00f1a y redonda, y en ella no crec\u00eda nada m\u00e1s que las flores\u00a0<i>cial<\/i>\u00a0\u00e1rboles.<\/p><p>Despu\u00e9s de que las mujeres y Sinaiono se establecieron en la isla, le quitaron el alma todos los d\u00edas y la dejaron sola. Obligaron al cuerpo de Sinaiono a limpiar la isla y arrojar la basura al mar cada ma\u00f1ana y hacer una fogata cada noche para que Tinilau creyera que la estaban cuidando.<\/p><p>Un d\u00eda, el Kaunofoitalau se fue como de costumbre pero se olvid\u00f3 de llevarse el alma de Sinaiono. Sigui\u00f3 con su trabajo, recogiendo todas las hojas y flores muertas y arroj\u00e1ndolas al mar. Estos pedazos muertos se alejaron flotando y llegaron a la isla donde Sinaleulu, la hermana de su padre, viv\u00eda con Saluelakaniva. Sinaleulu vio estas cosas y se pregunt\u00f3 de d\u00f3nde ven\u00edan, y parti\u00f3 en busca de la tierra. Encontr\u00f3 a Sinaiono y descubri\u00f3 su relaci\u00f3n.<\/p><p>Cuando el Kaunofoitalau regres\u00f3 al final del d\u00eda, Sinaiono baj\u00f3 a la playa para mostrar su verg\u00fcenza ante ellos y realizar\u00a0<i>\u00fanico<\/i>, (sentarse con las piernas cruzadas de espaldas a las personas superiores y luego sentarse hacia adelante sobre las rodillas para que las nalgas queden expuestas a los de atr\u00e1s). El Kaunofoitalau le dijo a Sinaiono que estaban haciendo todo lo que Tinilau les hab\u00eda ordenado. Cuando Sinaleulu escuch\u00f3 esto, arroj\u00f3 todos los Kaunofoitalau al mar, donde fueron devorados por tiburones y peces.<\/p><p>Entonces Sinaleulu llam\u00f3 a todos los peces y los hizo llevar a Sinaiono a la isla de Tinilau en una casa construida sobre una balsa. Cuando lleg\u00f3 Sinaiono encontr\u00f3 una casa larga con 10 puertas llamada el\u00a0<i>Faitutoka o fafine<\/i>, cuyas puertas se llamaban\u00a0<i>puangafulu<\/i>\u00a0(d\u00e9cima puerta),\u00a0<i>puangahiva<\/i>\u00a0(novena puerta),\u00a0<i>puangavalu<\/i>\u00a0(octava puerta), y hacia abajo hasta\u00a0<i>puangatasi<\/i>\u00a0(primera puerta). Detr\u00e1s de cada puerta hab\u00eda tantas mujeres como el n\u00famero marcado en la puerta. Cuando lleg\u00f3 a la primera puerta, donde dorm\u00eda Tinilau, entr\u00f3 y vivi\u00f3 como su primera esposa.<\/p>\t\t\t\t\t\t\t\t<\/div>\n\t\t\t\t<\/div>\n\t\t\t\t\t<\/div>\n\t\t<\/div>\n\t\t\t\t\t<\/div>\n\t\t<\/section>\n\t\t\t\t<\/div>","protected":false},"excerpt":{"rendered":"<p>Mitolog\u00eda Tokelau Wiki The Tales of Tokelau contiene numerosas referencias a personajes y eventos mitol\u00f3gicos que se encuentran en \u2026 <\/p>","protected":false},"author":1,"featured_media":0,"parent":10192,"menu_order":0,"comment_status":"closed","ping_status":"closed","template":"","meta":{"footnotes":""},"class_list":["post-21955","page","type-page","status-publish","hentry"],"amp_enabled":true,"_links":{"self":[{"href":"https:\/\/mythslegendes.com\/es\/wp-json\/wp\/v2\/pages\/21955","targetHints":{"allow":["GET"]}}],"collection":[{"href":"https:\/\/mythslegendes.com\/es\/wp-json\/wp\/v2\/pages"}],"about":[{"href":"https:\/\/mythslegendes.com\/es\/wp-json\/wp\/v2\/types\/page"}],"author":[{"embeddable":true,"href":"https:\/\/mythslegendes.com\/es\/wp-json\/wp\/v2\/users\/1"}],"replies":[{"embeddable":true,"href":"https:\/\/mythslegendes.com\/es\/wp-json\/wp\/v2\/comments?post=21955"}],"version-history":[{"count":3,"href":"https:\/\/mythslegendes.com\/es\/wp-json\/wp\/v2\/pages\/21955\/revisions"}],"predecessor-version":[{"id":21962,"href":"https:\/\/mythslegendes.com\/es\/wp-json\/wp\/v2\/pages\/21955\/revisions\/21962"}],"up":[{"embeddable":true,"href":"https:\/\/mythslegendes.com\/es\/wp-json\/wp\/v2\/pages\/10192"}],"wp:attachment":[{"href":"https:\/\/mythslegendes.com\/es\/wp-json\/wp\/v2\/media?parent=21955"}],"curies":[{"name":"wp","href":"https:\/\/api.w.org\/{rel}","templated":true}]}}