{"id":21969,"date":"2022-08-03T19:31:47","date_gmt":"2022-08-03T19:31:47","guid":{"rendered":"https:\/\/mythslegendes.com\/?page_id=21969"},"modified":"2022-08-03T19:36:24","modified_gmt":"2022-08-03T19:36:24","slug":"conte-tokelau-alomoanaki","status":"publish","type":"page","link":"https:\/\/mythslegendes.com\/es\/tokelau-mitologia\/cuento-tokelau-alomoanaki\/","title":{"rendered":"Cuento de Tokelau: Alomoanaki"},"content":{"rendered":"<div data-elementor-type=\"wp-page\" data-elementor-id=\"21969\" class=\"elementor elementor-21969\">\n\t\t\t\t\t\t<section class=\"elementor-section elementor-top-section elementor-element elementor-element-f650bc8 elementor-section-boxed elementor-section-height-default elementor-section-height-default\" data-id=\"f650bc8\" data-element_type=\"section\" data-e-type=\"section\">\n\t\t\t\t\t\t<div class=\"elementor-container elementor-column-gap-default\">\n\t\t\t\t\t<div class=\"elementor-column elementor-col-50 elementor-top-column elementor-element elementor-element-a9a95f2\" data-id=\"a9a95f2\" data-element_type=\"column\" data-e-type=\"column\">\n\t\t\t<div class=\"elementor-widget-wrap elementor-element-populated\">\n\t\t\t\t\t\t<div class=\"elementor-element elementor-element-ef20dfe elementor-align-justify elementor-widget elementor-widget-button\" data-id=\"ef20dfe\" data-element_type=\"widget\" data-e-type=\"widget\" data-widget_type=\"button.default\">\n\t\t\t\t<div class=\"elementor-widget-container\">\n\t\t\t\t\t\t\t\t\t<div class=\"elementor-button-wrapper\">\n\t\t\t\t\t<a class=\"elementor-button elementor-button-link elementor-size-sm\" href=\"https:\/\/mythslegendes.com\/es\/tokelau-mitologia\/\">\n\t\t\t\t\t\t<span class=\"elementor-button-content-wrapper\">\n\t\t\t\t\t\t\t\t\t<span class=\"elementor-button-text\">Mitolog\u00eda de Tokelau<\/span>\n\t\t\t\t\t<\/span>\n\t\t\t\t\t<\/a>\n\t\t\t\t<\/div>\n\t\t\t\t\t\t\t\t<\/div>\n\t\t\t\t<\/div>\n\t\t\t\t\t<\/div>\n\t\t<\/div>\n\t\t\t\t<div class=\"elementor-column elementor-col-50 elementor-top-column elementor-element elementor-element-0d6960a\" data-id=\"0d6960a\" data-element_type=\"column\" data-e-type=\"column\">\n\t\t\t<div class=\"elementor-widget-wrap elementor-element-populated\">\n\t\t\t\t\t\t<div class=\"elementor-element elementor-element-631e9ac elementor-align-justify elementor-widget elementor-widget-button\" data-id=\"631e9ac\" data-element_type=\"widget\" data-e-type=\"widget\" data-widget_type=\"button.default\">\n\t\t\t\t<div class=\"elementor-widget-container\">\n\t\t\t\t\t\t\t\t\t<div class=\"elementor-button-wrapper\">\n\t\t\t\t\t<a class=\"elementor-button elementor-button-link elementor-size-sm\" href=\"https:\/\/nzetc.victoria.ac.nz\/tm\/scholarly\/tei-MacToke-t1-body-d1-d8.html\" target=\"_blank\" rel=\"noopener\">\n\t\t\t\t\t\t<span class=\"elementor-button-content-wrapper\">\n\t\t\t\t\t\t\t\t\t<span class=\"elementor-button-text\">Wiki<\/span>\n\t\t\t\t\t<\/span>\n\t\t\t\t\t<\/a>\n\t\t\t\t<\/div>\n\t\t\t\t\t\t\t\t<\/div>\n\t\t\t\t<\/div>\n\t\t\t\t\t<\/div>\n\t\t<\/div>\n\t\t\t\t\t<\/div>\n\t\t<\/section>\n\t\t\t\t<section class=\"elementor-section elementor-top-section elementor-element elementor-element-093f551 elementor-section-boxed elementor-section-height-default elementor-section-height-default\" data-id=\"093f551\" data-element_type=\"section\" data-e-type=\"section\">\n\t\t\t\t\t\t<div class=\"elementor-container elementor-column-gap-default\">\n\t\t\t\t\t<div class=\"elementor-column elementor-col-100 elementor-top-column elementor-element elementor-element-5d512f6\" data-id=\"5d512f6\" data-element_type=\"column\" data-e-type=\"column\">\n\t\t\t<div class=\"elementor-widget-wrap elementor-element-populated\">\n\t\t\t\t\t\t<div class=\"elementor-element elementor-element-57ed220 elementor-widget elementor-widget-text-editor\" data-id=\"57ed220\" data-element_type=\"widget\" data-e-type=\"widget\" data-widget_type=\"text-editor.default\">\n\t\t\t\t<div class=\"elementor-widget-container\">\n\t\t\t\t\t\t\t\t\t<p>los cuentos de <a href=\"https:\/\/mythslegendes.com\/es\/tokelau-mitologia\/\">Tokelau<\/a> contienen muchas referencias a personajes y eventos mitol\u00f3gicos que se encuentran en cuentos de otras partes de Polinesia. Varios <a href=\"https:\/\/mythslegendes.com\/es\/\">mitos<\/a> mencione los viajes a Fiji y la gente de all\u00ed, una caracter\u00edstica com\u00fan de los cuentos de Samoa. Aqu\u00ed est\u00e1 la historia de Tokelau de Alomoanaki.<\/p><p><img decoding=\"async\" class=\"alignnone wp-image-9347 size-full\" src=\"http:\/\/mythslegendes.com\/wp-content\/uploads\/2020\/09\/cropped-AlphaOmega-e1602613368367.png\" alt=\"Alomoanaki\" width=\"25\" height=\"25\" title=\"\"><\/p>\t\t\t\t\t\t\t\t<\/div>\n\t\t\t\t<\/div>\n\t\t\t\t\t<\/div>\n\t\t<\/div>\n\t\t\t\t\t<\/div>\n\t\t<\/section>\n\t\t\t\t<section class=\"elementor-section elementor-top-section elementor-element elementor-element-3dbd72f elementor-section-boxed elementor-section-height-default elementor-section-height-default\" data-id=\"3dbd72f\" data-element_type=\"section\" data-e-type=\"section\">\n\t\t\t\t\t\t<div class=\"elementor-container elementor-column-gap-default\">\n\t\t\t\t\t<div class=\"elementor-column elementor-col-100 elementor-top-column elementor-element elementor-element-4b137ac\" data-id=\"4b137ac\" data-element_type=\"column\" data-e-type=\"column\">\n\t\t\t<div class=\"elementor-widget-wrap elementor-element-populated\">\n\t\t\t\t\t\t<div class=\"elementor-element elementor-element-1202eec elementor-widget elementor-widget-heading\" data-id=\"1202eec\" data-element_type=\"widget\" data-e-type=\"widget\" data-widget_type=\"heading.default\">\n\t\t\t\t<div class=\"elementor-widget-container\">\n\t\t\t\t\t<div id=\"ez-toc-container\" class=\"ez-toc-v2_0_82_2 counter-hierarchy ez-toc-counter ez-toc-grey ez-toc-container-direction\">\n<div class=\"ez-toc-title-container\">\n<p class=\"ez-toc-title\" style=\"cursor:inherit\">Contenido<\/p>\n<span class=\"ez-toc-title-toggle\"><a href=\"#\" class=\"ez-toc-pull-right ez-toc-btn ez-toc-btn-xs ez-toc-btn-default ez-toc-toggle\" aria-label=\"Alternar tabla de contenidos\"><span class=\"ez-toc-js-icon-con\"><span class=\"\"><span class=\"eztoc-hide\" style=\"display:none;\">Palanca<\/span><span class=\"ez-toc-icon-toggle-span\"><svg style=\"fill: #999;color:#999\" xmlns=\"http:\/\/www.w3.org\/2000\/svg\" class=\"list-377408\" width=\"20px\" height=\"20px\" viewbox=\"0 0 24 24\" fill=\"none\"><path d=\"M6 6H4v2h2V6zm14 0H8v2h12V6zM4 11h2v2H4v-2zm16 0H8v2h12v-2zM4 16h2v2H4v-2zm16 0H8v2h12v-2z\" fill=\"currentColor\"><\/path><\/svg><svg style=\"fill: #999;color:#999\" class=\"arrow-unsorted-368013\" xmlns=\"http:\/\/www.w3.org\/2000\/svg\" width=\"10px\" height=\"10px\" viewbox=\"0 0 24 24\" version=\"1.2\" baseprofile=\"tiny\"><path d=\"M18.2 9.3l-6.2-6.3-6.2 6.3c-.2.2-.3.4-.3.7s.1.5.3.7c.2.2.4.3.7.3h11c.3 0 .5-.1.7-.3.2-.2.3-.5.3-.7s-.1-.5-.3-.7zM5.8 14.7l6.2 6.3 6.2-6.3c.2-.2.3-.5.3-.7s-.1-.5-.3-.7c-.2-.2-.4-.3-.7-.3h-11c-.3 0-.5.1-.7.3-.2.2-.3.5-.3.7s.1.5.3.7z\"\/><\/svg><\/span><\/span><\/span><\/a><\/span><\/div>\n<nav><ul class='ez-toc-list ez-toc-list-level-1' ><li class='ez-toc-page-1 ez-toc-heading-level-2'><a class=\"ez-toc-link ez-toc-heading-1\" href=\"https:\/\/mythslegendes.com\/es\/tokelau-mitologia\/cuento-tokelau-alomoanaki\/#The-Story-of-Alomoanaki\" >La historia de Alomoanaki<\/a><\/li><\/ul><\/nav><\/div>\n<h2 class=\"elementor-heading-title elementor-size-default\"><span class=\"ez-toc-section\" id=\"The-Story-of-Alomoanaki\"><\/span>La historia de Alomoanaki<span class=\"ez-toc-section-end\"><\/span><\/h2>\t\t\t\t<\/div>\n\t\t\t\t<\/div>\n\t\t\t\t\t<\/div>\n\t\t<\/div>\n\t\t\t\t\t<\/div>\n\t\t<\/section>\n\t\t\t\t<section class=\"elementor-section elementor-top-section elementor-element elementor-element-6508387 elementor-section-boxed elementor-section-height-default elementor-section-height-default\" data-id=\"6508387\" data-element_type=\"section\" data-e-type=\"section\">\n\t\t\t\t\t\t<div class=\"elementor-container elementor-column-gap-default\">\n\t\t\t\t\t<div class=\"elementor-column elementor-col-100 elementor-top-column elementor-element elementor-element-0ff6984\" data-id=\"0ff6984\" data-element_type=\"column\" data-e-type=\"column\">\n\t\t\t<div class=\"elementor-widget-wrap elementor-element-populated\">\n\t\t\t\t\t\t<div class=\"elementor-element elementor-element-2122da9 elementor-widget elementor-widget-text-editor\" data-id=\"2122da9\" data-element_type=\"widget\" data-e-type=\"widget\" data-widget_type=\"text-editor.default\">\n\t\t\t\t<div class=\"elementor-widget-container\">\n\t\t\t\t\t\t\t\t\t<p>Una vez un jefe baj\u00f3 al mar a ba\u00f1arse y cuando termin\u00f3 se sec\u00f3 con c\u00e1scaras de coco. Los arroj\u00f3 al suelo y se fue, pero vino una mujer llamada Sinafatukimoa, los recogi\u00f3 y los chup\u00f3. De las c\u00e1scaras qued\u00f3 embarazada y tuvo un ni\u00f1o al que llam\u00f3 Alomoanaki y una ni\u00f1a, Sinamoanaki, con quien Tinilau se cas\u00f3 y llev\u00f3 a su isla.<\/p><p>Cuando todav\u00eda era un ni\u00f1o peque\u00f1o que jugaba en el suelo junto a su madre, le pregunt\u00f3 qui\u00e9n era su padre. Ella no se lo dijo, y \u00e9l sigui\u00f3 preguntando hasta que Sinafatukimoa le dijo que su padre era Fatutaulalanga, la roca que sujetaba un extremo de la estera en la que Sinafatukimoa estaba complaciendo. El ni\u00f1o le pregunt\u00f3 a la roca: \u201cFatutaulalanga, \u00bferes mi padre?\u201d La piedra no respondi\u00f3, as\u00ed que volvi\u00f3 a preguntarle a su madre.\u00a0<\/p><p>Ella no se lo dijo, aunque \u00e9l se lo pregunt\u00f3 todos los d\u00edas durante varios d\u00edas. Finalmente ella le dijo que su padre era Kaupuipui, el estante entre dos postes de la casa. Alomoanaki pregunt\u00f3: &quot;Kaupuipui, \u00bferes mi padre?&quot; Pero la mesa entre los postes qued\u00f3 en silencio y volvi\u00f3 a pedirle a su madre que le dijera el nombre de su padre. Sinafatukimoa no le respondi\u00f3 durante varios d\u00edas; Luego dijo que su padre era Pou, el puesto de la casa. Nuevamente el ni\u00f1o fue a hablar con su padre pero el Pou no habl\u00f3.\u00a0<\/p><p>Alomoanaki volvi\u00f3 con su madre y le pregunt\u00f3 una y otra vez todos los d\u00edas hasta que finalmente le dijo que Alo, el jefe de la aldea, era su padre. Ella le cont\u00f3 que hab\u00eda ido a la playa despu\u00e9s de que \u00e9l se ba\u00f1ara y chupara las c\u00e1scaras de coco que hab\u00eda usado para secarse.\u00a0<\/p><p>Luego envi\u00f3 a Alomoanaki al pueblo a buscar a su padre. \u201cVe a la casa de todos los jefes a quienes encontrar\u00e1s reunidos en consejo. Uno estar\u00e1 sentado sobre una pila de esteras m\u00e1s alta que los dem\u00e1s. Este es Alo, tu padre. Ve con \u00e9l y qu\u00e9date a su lado hasta que te pregunte qui\u00e9n eres. Entonces debes decirle que eres su hijo y c\u00f3mo naciste\u201d.<\/p><p>Alomoanaki fue al pueblo y encontr\u00f3 a su padre en la casa de reuniones y se sent\u00f3 a su lado. El jefe le pregunt\u00f3 qui\u00e9n era, y cuando escuch\u00f3 que Alomoanaki era su hijo, baj\u00f3 de su asiento, puso a Alomoanaki en su lugar y fue a sentarse con los dem\u00e1s jefes. Mientras Alomoanaki estaba sentado en la casa del consejo, escuch\u00f3 un ruido afuera y pregunt\u00f3 qu\u00e9 era. Su padre respondi\u00f3 que no saliera y se uniera a los j\u00f3venes que hac\u00edan ruido y se dispon\u00edan a lanzar dardos en un concurso.\u00a0<\/p><p>Pero \u00e9l sali\u00f3 y se uni\u00f3 a ellos en el partido. El objetivo era la casa de la doncella del pueblo. Cualquier hombre que pudiera disparar su dardo a trav\u00e9s de la pared de la casa hacia esta doncella la ganar\u00eda como esposa. Los primeros j\u00f3venes que gritaron con sus lanzas perforaron las paredes de la casa, pero cuando las lanzas atravesaron, Met\u00f3n, que estaba sentado dentro, los hizo a un lado. Cuando le lleg\u00f3 el turno a Alomoanaki lanz\u00f3 y perfor\u00f3 la pared. Met\u00f3n observ\u00f3 al extra\u00f1o lanzar y gui\u00f3 su dardo hacia ella, llam\u00e1ndola: &quot;Ven a m\u00ed, ven a m\u00ed&quot;.\u00a0<\/p><p>El dardo atraves\u00f3 el suelo y se desliz\u00f3 a trav\u00e9s de su falda de hojas mientras ella se sentaba en el suelo. Cuando todos los hombres vieron esto gritaron: \u201c\u00a1Avanga! Kaitauso, kaitauso\u201d (\u00a1El marido! \u00a1El pez tiene su cebo!, el anuncio de matrimonio en Tokelau). Cuando Alomoanaki entr\u00f3 en la casa a buscar su dardo, Met\u00f3n lo tom\u00f3 de los brazos y lo atrajo hacia ella.<\/p><p>Despu\u00e9s se casaron y la primera noche que Alomoanaki durmi\u00f3 con su esposa, el techo de la casa goteaba por la lluvia. Por la ma\u00f1ana, Met\u00f3n le pidi\u00f3 a Alomoanaki que le hiciera un tejado de paja y \u00e9l fue a ver a su padre para pedirle ayuda. Alo respondi\u00f3 que le hab\u00eda dicho a su hijo que no saliera con los j\u00f3venes que compet\u00edan por Met\u00f3n y lo envi\u00f3 a buscar ayuda a su madre.\u00a0<\/p><p>Su madre fue con sus primas, las cuatro ratas, y les pidi\u00f3 que vinieran a techar la casa de Meto y Alomoanaki. Alomoanaki se fue a casa y durmi\u00f3. Temprano a la ma\u00f1ana siguiente escuch\u00f3 a las cuatro ratas gritando: &quot;Ki, ki, ki&quot; en el techo y corriendo para colocar paja nueva.<\/p><p>Cuando el techo estuvo reparado, Met\u00f3n le pidi\u00f3 a su marido que trajera algunas conchas de perlas para hacer el piso de la casa. Esta vez Alomoanaki fue a Tonga para pedir ayuda a su hermana que se hab\u00eda casado con Tinilau. Un sirviente de la jefa de Tonga vio a Alomoanaki sentado en la orilla de un r\u00edo e inform\u00f3 a su amante de la llegada de un extra\u00f1o muy apuesto.\u00a0<\/p><p>R\u00e1pidamente envi\u00f3 al sirviente, Te Lulu, de regreso para invitar al extra\u00f1o a su casa, pero Alomoanaki rechaz\u00f3 la invitaci\u00f3n. Luego le pregunt\u00f3 a Te Lulu el nombre de su amante y \u00e9l respondi\u00f3: \u201cFaufauitafafine\u201d. Alomoanaki dijo: &quot;Soy Faufauitatane&quot;, y mientras pronunciaba estas palabras, la jefa muri\u00f3. El sirviente regres\u00f3 y encontr\u00f3 un consejo reunido para elegir un nuevo gobernante y descubrir la causa de la muerte de la jefa.\u00a0<\/p><p>Te Lulu le dijo al consejo que hab\u00eda muerto de una enfermedad del coraz\u00f3n y \u00e9l cont\u00f3 la historia del extra\u00f1o. Llamaron a Alomoanaki y cuando mir\u00f3 a la mujer, ella volvi\u00f3 a la vida.<\/p><p>Luego Alomoanaki regres\u00f3 al r\u00edo y se sent\u00f3 all\u00ed. Kalesa y Tafaki, los dos hijos de su hermana Sinamoanaki, lo vieron y notaron lo mucho que se parec\u00eda a uno de ellos. Se lo dijeron a su madre y ella los mand\u00f3 a traerle al hombre. Sinamoanaki le dio a su hermano conchas de perlas para que las colocara en el suelo de su casa. Alomoanaki regal\u00f3 a sus sobrinos un collar de\u00a0<i>Hibisco<\/i>\u00a0flores que hab\u00eda tra\u00eddo de su casa y luego naveg\u00f3 de regreso con su esposa. Despu\u00e9s de darle las conchas de perlas a su esposa, baj\u00f3 a ba\u00f1arse.<\/p><p>\u00a0Envi\u00f3 a su esposa a la casa a traer algunas c\u00e1scaras de coco para secarse, pero mientras ella estaba en la casa, salt\u00f3 a su canoa y emprendi\u00f3 el regreso hacia la jefa de Tonga, a quien le hab\u00eda prometido regresar. Alomoanaki entr\u00f3 en su casa, pero tan pronto como ella entr\u00f3 por la puerta, oli\u00f3 el\u00a0<i>Hibisco<\/i>\u00a0collar que hab\u00eda regalado a los hijos de Sinamoanaki. Sab\u00eda que su padre, Tinalau, lo hab\u00eda robado y se lo hab\u00eda dado a Faufauitafafine y se acostaba con ella. Alomoanaki sali\u00f3 de la casa y parti\u00f3 de Tonga.<\/p>\t\t\t\t\t\t\t\t<\/div>\n\t\t\t\t<\/div>\n\t\t\t\t\t<\/div>\n\t\t<\/div>\n\t\t\t\t\t<\/div>\n\t\t<\/section>\n\t\t\t\t<\/div>","protected":false},"excerpt":{"rendered":"<p>Mitolog\u00eda Tokelau Wiki The Tales of Tokelau contiene numerosas referencias a personajes y eventos mitol\u00f3gicos que se encuentran en \u2026 <\/p>","protected":false},"author":1,"featured_media":0,"parent":10192,"menu_order":0,"comment_status":"closed","ping_status":"closed","template":"","meta":{"footnotes":""},"class_list":["post-21969","page","type-page","status-publish","hentry"],"amp_enabled":true,"_links":{"self":[{"href":"https:\/\/mythslegendes.com\/es\/wp-json\/wp\/v2\/pages\/21969","targetHints":{"allow":["GET"]}}],"collection":[{"href":"https:\/\/mythslegendes.com\/es\/wp-json\/wp\/v2\/pages"}],"about":[{"href":"https:\/\/mythslegendes.com\/es\/wp-json\/wp\/v2\/types\/page"}],"author":[{"embeddable":true,"href":"https:\/\/mythslegendes.com\/es\/wp-json\/wp\/v2\/users\/1"}],"replies":[{"embeddable":true,"href":"https:\/\/mythslegendes.com\/es\/wp-json\/wp\/v2\/comments?post=21969"}],"version-history":[{"count":3,"href":"https:\/\/mythslegendes.com\/es\/wp-json\/wp\/v2\/pages\/21969\/revisions"}],"predecessor-version":[{"id":21973,"href":"https:\/\/mythslegendes.com\/es\/wp-json\/wp\/v2\/pages\/21969\/revisions\/21973"}],"up":[{"embeddable":true,"href":"https:\/\/mythslegendes.com\/es\/wp-json\/wp\/v2\/pages\/10192"}],"wp:attachment":[{"href":"https:\/\/mythslegendes.com\/es\/wp-json\/wp\/v2\/media?parent=21969"}],"curies":[{"name":"wp","href":"https:\/\/api.w.org\/{rel}","templated":true}]}}