{"id":21974,"date":"2022-08-03T19:37:13","date_gmt":"2022-08-03T19:37:13","guid":{"rendered":"https:\/\/mythslegendes.com\/?page_id=21974"},"modified":"2022-08-03T19:40:49","modified_gmt":"2022-08-03T19:40:49","slug":"conte-tokelau-sifo","status":"publish","type":"page","link":"https:\/\/mythslegendes.com\/es\/tokelau-mitologia\/cuento-tokelau-sifo\/","title":{"rendered":"Cuento Tokelau: Sifo"},"content":{"rendered":"<div data-elementor-type=\"wp-page\" data-elementor-id=\"21974\" class=\"elementor elementor-21974\">\n\t\t\t\t\t\t<section class=\"elementor-section elementor-top-section elementor-element elementor-element-b7888b1 elementor-section-boxed elementor-section-height-default elementor-section-height-default\" data-id=\"b7888b1\" data-element_type=\"section\" data-e-type=\"section\">\n\t\t\t\t\t\t<div class=\"elementor-container elementor-column-gap-default\">\n\t\t\t\t\t<div class=\"elementor-column elementor-col-50 elementor-top-column elementor-element elementor-element-f37733c\" data-id=\"f37733c\" data-element_type=\"column\" data-e-type=\"column\">\n\t\t\t<div class=\"elementor-widget-wrap elementor-element-populated\">\n\t\t\t\t\t\t<div class=\"elementor-element elementor-element-5e1e96a elementor-align-justify elementor-widget elementor-widget-button\" data-id=\"5e1e96a\" data-element_type=\"widget\" data-e-type=\"widget\" data-widget_type=\"button.default\">\n\t\t\t\t<div class=\"elementor-widget-container\">\n\t\t\t\t\t\t\t\t\t<div class=\"elementor-button-wrapper\">\n\t\t\t\t\t<a class=\"elementor-button elementor-button-link elementor-size-sm\" href=\"https:\/\/mythslegendes.com\/es\/tokelau-mitologia\/\">\n\t\t\t\t\t\t<span class=\"elementor-button-content-wrapper\">\n\t\t\t\t\t\t\t\t\t<span class=\"elementor-button-text\">Mitolog\u00eda de Tokelau<\/span>\n\t\t\t\t\t<\/span>\n\t\t\t\t\t<\/a>\n\t\t\t\t<\/div>\n\t\t\t\t\t\t\t\t<\/div>\n\t\t\t\t<\/div>\n\t\t\t\t\t<\/div>\n\t\t<\/div>\n\t\t\t\t<div class=\"elementor-column elementor-col-50 elementor-top-column elementor-element elementor-element-c710630\" data-id=\"c710630\" data-element_type=\"column\" data-e-type=\"column\">\n\t\t\t<div class=\"elementor-widget-wrap elementor-element-populated\">\n\t\t\t\t\t\t<div class=\"elementor-element elementor-element-61a139b elementor-align-justify elementor-widget elementor-widget-button\" data-id=\"61a139b\" data-element_type=\"widget\" data-e-type=\"widget\" data-widget_type=\"button.default\">\n\t\t\t\t<div class=\"elementor-widget-container\">\n\t\t\t\t\t\t\t\t\t<div class=\"elementor-button-wrapper\">\n\t\t\t\t\t<a class=\"elementor-button elementor-button-link elementor-size-sm\" href=\"https:\/\/nzetc.victoria.ac.nz\/tm\/scholarly\/tei-MacToke-t1-body-d1-d8.html\" target=\"_blank\" rel=\"noopener\">\n\t\t\t\t\t\t<span class=\"elementor-button-content-wrapper\">\n\t\t\t\t\t\t\t\t\t<span class=\"elementor-button-text\">Wiki<\/span>\n\t\t\t\t\t<\/span>\n\t\t\t\t\t<\/a>\n\t\t\t\t<\/div>\n\t\t\t\t\t\t\t\t<\/div>\n\t\t\t\t<\/div>\n\t\t\t\t\t<\/div>\n\t\t<\/div>\n\t\t\t\t\t<\/div>\n\t\t<\/section>\n\t\t\t\t<section class=\"elementor-section elementor-top-section elementor-element elementor-element-0bd32d5 elementor-section-boxed elementor-section-height-default elementor-section-height-default\" data-id=\"0bd32d5\" data-element_type=\"section\" data-e-type=\"section\">\n\t\t\t\t\t\t<div class=\"elementor-container elementor-column-gap-default\">\n\t\t\t\t\t<div class=\"elementor-column elementor-col-100 elementor-top-column elementor-element elementor-element-6e26d14\" data-id=\"6e26d14\" data-element_type=\"column\" data-e-type=\"column\">\n\t\t\t<div class=\"elementor-widget-wrap elementor-element-populated\">\n\t\t\t\t\t\t<div class=\"elementor-element elementor-element-396036b elementor-widget elementor-widget-text-editor\" data-id=\"396036b\" data-element_type=\"widget\" data-e-type=\"widget\" data-widget_type=\"text-editor.default\">\n\t\t\t\t<div class=\"elementor-widget-container\">\n\t\t\t\t\t\t\t\t\t<p>los cuentos de <a href=\"https:\/\/mythslegendes.com\/es\/tokelau-mitologia\/\">Tokelau<\/a> contienen muchas referencias a personajes y eventos mitol\u00f3gicos que se encuentran en cuentos de otras partes de Polinesia. Varios <a href=\"https:\/\/mythslegendes.com\/es\/\">mitos<\/a> mencionar los viajes a Fiji y la gente de all\u00ed, una caracter\u00edstica com\u00fan de los cuentos de Samoa. Este es el cuento de Tokelauan de Sifo.<\/p><p><img decoding=\"async\" class=\"alignnone wp-image-9347 size-full\" src=\"http:\/\/mythslegendes.com\/wp-content\/uploads\/2020\/09\/cropped-AlphaOmega-e1602613368367.png\" alt=\"Sifo\" width=\"25\" height=\"25\" title=\"\"><\/p>\t\t\t\t\t\t\t\t<\/div>\n\t\t\t\t<\/div>\n\t\t\t\t\t<\/div>\n\t\t<\/div>\n\t\t\t\t\t<\/div>\n\t\t<\/section>\n\t\t\t\t<section class=\"elementor-section elementor-top-section elementor-element elementor-element-df7118e elementor-section-boxed elementor-section-height-default elementor-section-height-default\" data-id=\"df7118e\" data-element_type=\"section\" data-e-type=\"section\">\n\t\t\t\t\t\t<div class=\"elementor-container elementor-column-gap-default\">\n\t\t\t\t\t<div class=\"elementor-column elementor-col-100 elementor-top-column elementor-element elementor-element-0db6388\" data-id=\"0db6388\" data-element_type=\"column\" data-e-type=\"column\">\n\t\t\t<div class=\"elementor-widget-wrap elementor-element-populated\">\n\t\t\t\t\t\t<div class=\"elementor-element elementor-element-609c316 elementor-widget elementor-widget-heading\" data-id=\"609c316\" data-element_type=\"widget\" data-e-type=\"widget\" data-widget_type=\"heading.default\">\n\t\t\t\t<div class=\"elementor-widget-container\">\n\t\t\t\t\t<div id=\"ez-toc-container\" class=\"ez-toc-v2_0_82_2 counter-hierarchy ez-toc-counter ez-toc-grey ez-toc-container-direction\">\n<div class=\"ez-toc-title-container\">\n<p class=\"ez-toc-title\" style=\"cursor:inherit\">Contenido<\/p>\n<span class=\"ez-toc-title-toggle\"><a href=\"#\" class=\"ez-toc-pull-right ez-toc-btn ez-toc-btn-xs ez-toc-btn-default ez-toc-toggle\" aria-label=\"Alternar tabla de contenidos\"><span class=\"ez-toc-js-icon-con\"><span class=\"\"><span class=\"eztoc-hide\" style=\"display:none;\">Palanca<\/span><span class=\"ez-toc-icon-toggle-span\"><svg style=\"fill: #999;color:#999\" xmlns=\"http:\/\/www.w3.org\/2000\/svg\" class=\"list-377408\" width=\"20px\" height=\"20px\" viewbox=\"0 0 24 24\" fill=\"none\"><path d=\"M6 6H4v2h2V6zm14 0H8v2h12V6zM4 11h2v2H4v-2zm16 0H8v2h12v-2zM4 16h2v2H4v-2zm16 0H8v2h12v-2z\" fill=\"currentColor\"><\/path><\/svg><svg style=\"fill: #999;color:#999\" class=\"arrow-unsorted-368013\" xmlns=\"http:\/\/www.w3.org\/2000\/svg\" width=\"10px\" height=\"10px\" viewbox=\"0 0 24 24\" version=\"1.2\" baseprofile=\"tiny\"><path d=\"M18.2 9.3l-6.2-6.3-6.2 6.3c-.2.2-.3.4-.3.7s.1.5.3.7c.2.2.4.3.7.3h11c.3 0 .5-.1.7-.3.2-.2.3-.5.3-.7s-.1-.5-.3-.7zM5.8 14.7l6.2 6.3 6.2-6.3c.2-.2.3-.5.3-.7s-.1-.5-.3-.7c-.2-.2-.4-.3-.7-.3h-11c-.3 0-.5.1-.7.3-.2.2-.3.5-.3.7s.1.5.3.7z\"\/><\/svg><\/span><\/span><\/span><\/a><\/span><\/div>\n<nav><ul class='ez-toc-list ez-toc-list-level-1' ><li class='ez-toc-page-1 ez-toc-heading-level-2'><a class=\"ez-toc-link ez-toc-heading-1\" href=\"https:\/\/mythslegendes.com\/es\/tokelau-mitologia\/cuento-tokelau-sifo\/#The-Story-of-Sifo\" >La historia de Sifo<\/a><\/li><\/ul><\/nav><\/div>\n<h2 class=\"elementor-heading-title elementor-size-default\"><span class=\"ez-toc-section\" id=\"The-Story-of-Sifo\"><\/span>La historia de Sifo<span class=\"ez-toc-section-end\"><\/span><\/h2>\t\t\t\t<\/div>\n\t\t\t\t<\/div>\n\t\t\t\t\t<\/div>\n\t\t<\/div>\n\t\t\t\t\t<\/div>\n\t\t<\/section>\n\t\t\t\t<section class=\"elementor-section elementor-top-section elementor-element elementor-element-c5e429d elementor-section-boxed elementor-section-height-default elementor-section-height-default\" data-id=\"c5e429d\" data-element_type=\"section\" data-e-type=\"section\">\n\t\t\t\t\t\t<div class=\"elementor-container elementor-column-gap-default\">\n\t\t\t\t\t<div class=\"elementor-column elementor-col-100 elementor-top-column elementor-element elementor-element-1295333\" data-id=\"1295333\" data-element_type=\"column\" data-e-type=\"column\">\n\t\t\t<div class=\"elementor-widget-wrap elementor-element-populated\">\n\t\t\t\t\t\t<div class=\"elementor-element elementor-element-2c45d1f elementor-widget elementor-widget-text-editor\" data-id=\"2c45d1f\" data-element_type=\"widget\" data-e-type=\"widget\" data-widget_type=\"text-editor.default\">\n\t\t\t\t<div class=\"elementor-widget-container\">\n\t\t\t\t\t\t\t\t\t<p>Hab\u00eda una vez una virgen muy hermosa llamada Sina que ten\u00eda cuatro pretendientes: Pili, Ulio y Moko, que eran lagartijas; y Sifo, que era un hombre. Pili vino primero a pedirle matrimonio y al acercarse le cant\u00f3 una cancioncilla: \u201cSoy Pili, la lagartija, que ha venido a pedirte que te cases conmigo; pero, \u00a1ay!, no puedo caminar y solo puedo arrastrarme\u201d. Sina se volvi\u00f3 hacia Pili y le dijo: \u201c\u00bfC\u00f3mo puedes ser mi esposo? No puedes caminar y no puedes hacer tu trabajo\u201d.\u00a0<\/p><p>Entonces Ulia se acerc\u00f3 a ella y le cant\u00f3 una cancioncilla: \u201cSoy Ulia, la lagartija, que ha venido a pedirte que seas mi esposa; pero, \u00a1ay!, solo puedo arrastrarme y no puedo caminar\u201d. Sina siente a Ulia lejos, porque \u00e9l tampoco pod\u00eda hacer nada. Moko fue el siguiente, pero Sina tambi\u00e9n lo despidi\u00f3 porque era un lagarto. Finalmente, el hombre se acerc\u00f3 a Sina y le dijo: \u201cYa voy. Soy un hombre que camina y no gatea. Me gustar\u00eda que fueras mi esposa\u201d. Sus padres aceptaron su matrimonio y Sina se convirti\u00f3 en la esposa de Sifo y se fue a vivir con \u00e9l a su isla.<\/p><p>Cuando estaban en la casa de Sifo, Sina hizo un sonido de succi\u00f3n con los labios (<i>miso<\/i>). Sifo le pregunt\u00f3 qu\u00e9 deseaba y ella dijo que quer\u00eda beber. Afuera de la casa hab\u00eda dos cocoteros, uno el \u00e1rbol de los dioses y el otro el \u00e1rbol de los hombres. Sifo trep\u00f3 al \u00e1rbol de los dioses, que era un \u00e1rbol tapu cuyas nueces nadie pod\u00eda beber sin morir, y recogi\u00f3 una nuez para su esposa. Tinilau estaba a la mitad del \u00e1rbol, atrap\u00f3 la nuez y la arroj\u00f3 al \u00e1rbol de los hombres, quit\u00e1ndose as\u00ed el tapu antes de que la nuez cayera al suelo. Sina bebi\u00f3 el coco y comi\u00f3 el grano sin efectos desastrosos.<\/p><p>Despu\u00e9s de eso, el hombre llev\u00f3 a su esposa al bosque que era propiedad de los esp\u00edritus. Se fue por el lado del mar del monte, pero envi\u00f3 a su esposa por el camino del medio. Mientras avanzaban, llam\u00f3 a su esposa para ver si a\u00fan viv\u00eda y para preguntarle d\u00f3nde estaba. Tinilau caminaba detr\u00e1s de ella y cuando llegaron a cada lugar espiritual (<i>malae atu<\/i>) en el monte, que hab\u00eda much\u00edsimo, le dijo el nombre y ella lo grit\u00f3 a su marido.\u00a0<\/p><p>As\u00ed con Tinilau escap\u00f3 de ser raptada por los esp\u00edritus de la selva. Finalmente llegaron a un anciano, Patikole, que estaba machacando c\u00e1scaras de coco para obtener fibra para hacer cuerdas. Tinilau le pidi\u00f3 a Patikoli que pusiera a Sina debajo de su pierna mientras \u00e9l se sentaba como un sastre. Sifo se acerc\u00f3 a ellos y en ese momento Sina hizo un sonido con los labios (<i>miso<\/i>) llam\u00e1ndolo. Sifo la escuch\u00f3 y pregunt\u00f3 qu\u00e9 era, pero Patikoli dijo que era su rodilla la que hac\u00eda el sonido. Patikoli estaba muy enojado porque Sina hab\u00eda hecho un\u00a0<i>miso<\/i>\u00a0y no la dejaba levantarse.\u00a0<\/p><p>Sifo regres\u00f3 a casa y llev\u00f3 su flauta al borde del arbusto y toc\u00f3 para su esposa. Ella lo escuch\u00f3 pero no pudo ir hacia \u00e9l. Finalmente Tinilau la llev\u00f3 a su tierra y se cas\u00f3 con ella, y Sifo volvi\u00f3 a casa a llorar por su esposa.<\/p>\t\t\t\t\t\t\t\t<\/div>\n\t\t\t\t<\/div>\n\t\t\t\t\t<\/div>\n\t\t<\/div>\n\t\t\t\t\t<\/div>\n\t\t<\/section>\n\t\t\t\t<\/div>","protected":false},"excerpt":{"rendered":"<p>Mitolog\u00eda Tokelau Wiki The Tales of Tokelau contiene numerosas referencias a personajes y eventos mitol\u00f3gicos que se encuentran en \u2026 <\/p>","protected":false},"author":1,"featured_media":0,"parent":10192,"menu_order":0,"comment_status":"closed","ping_status":"closed","template":"","meta":{"footnotes":""},"class_list":["post-21974","page","type-page","status-publish","hentry"],"amp_enabled":true,"_links":{"self":[{"href":"https:\/\/mythslegendes.com\/es\/wp-json\/wp\/v2\/pages\/21974","targetHints":{"allow":["GET"]}}],"collection":[{"href":"https:\/\/mythslegendes.com\/es\/wp-json\/wp\/v2\/pages"}],"about":[{"href":"https:\/\/mythslegendes.com\/es\/wp-json\/wp\/v2\/types\/page"}],"author":[{"embeddable":true,"href":"https:\/\/mythslegendes.com\/es\/wp-json\/wp\/v2\/users\/1"}],"replies":[{"embeddable":true,"href":"https:\/\/mythslegendes.com\/es\/wp-json\/wp\/v2\/comments?post=21974"}],"version-history":[{"count":3,"href":"https:\/\/mythslegendes.com\/es\/wp-json\/wp\/v2\/pages\/21974\/revisions"}],"predecessor-version":[{"id":21978,"href":"https:\/\/mythslegendes.com\/es\/wp-json\/wp\/v2\/pages\/21974\/revisions\/21978"}],"up":[{"embeddable":true,"href":"https:\/\/mythslegendes.com\/es\/wp-json\/wp\/v2\/pages\/10192"}],"wp:attachment":[{"href":"https:\/\/mythslegendes.com\/es\/wp-json\/wp\/v2\/media?parent=21974"}],"curies":[{"name":"wp","href":"https:\/\/api.w.org\/{rel}","templated":true}]}}