{"id":21979,"date":"2022-08-03T19:41:26","date_gmt":"2022-08-03T19:41:26","guid":{"rendered":"https:\/\/mythslegendes.com\/?page_id=21979"},"modified":"2022-08-03T19:49:52","modified_gmt":"2022-08-03T19:49:52","slug":"conte-tokelau-matilafoafoa","status":"publish","type":"page","link":"https:\/\/mythslegendes.com\/es\/tokelau-mitologia\/cuento-tokelau-matilafoafoa\/","title":{"rendered":"Cuento Tokelau: Matilafoafoa"},"content":{"rendered":"<div data-elementor-type=\"wp-page\" data-elementor-id=\"21979\" class=\"elementor elementor-21979\">\n\t\t\t\t\t\t<section class=\"elementor-section elementor-top-section elementor-element elementor-element-b399042 elementor-section-boxed elementor-section-height-default elementor-section-height-default\" data-id=\"b399042\" data-element_type=\"section\" data-e-type=\"section\">\n\t\t\t\t\t\t<div class=\"elementor-container elementor-column-gap-default\">\n\t\t\t\t\t<div class=\"elementor-column elementor-col-50 elementor-top-column elementor-element elementor-element-70ac5f1\" data-id=\"70ac5f1\" data-element_type=\"column\" data-e-type=\"column\">\n\t\t\t<div class=\"elementor-widget-wrap elementor-element-populated\">\n\t\t\t\t\t\t<div class=\"elementor-element elementor-element-bbec18f elementor-align-justify elementor-widget elementor-widget-button\" data-id=\"bbec18f\" data-element_type=\"widget\" data-e-type=\"widget\" data-widget_type=\"button.default\">\n\t\t\t\t<div class=\"elementor-widget-container\">\n\t\t\t\t\t\t\t\t\t<div class=\"elementor-button-wrapper\">\n\t\t\t\t\t<a class=\"elementor-button elementor-button-link elementor-size-sm\" href=\"https:\/\/mythslegendes.com\/es\/tokelau-mitologia\/\">\n\t\t\t\t\t\t<span class=\"elementor-button-content-wrapper\">\n\t\t\t\t\t\t\t\t\t<span class=\"elementor-button-text\">Mitolog\u00eda de Tokelau<\/span>\n\t\t\t\t\t<\/span>\n\t\t\t\t\t<\/a>\n\t\t\t\t<\/div>\n\t\t\t\t\t\t\t\t<\/div>\n\t\t\t\t<\/div>\n\t\t\t\t\t<\/div>\n\t\t<\/div>\n\t\t\t\t<div class=\"elementor-column elementor-col-50 elementor-top-column elementor-element elementor-element-ff55e27\" data-id=\"ff55e27\" data-element_type=\"column\" data-e-type=\"column\">\n\t\t\t<div class=\"elementor-widget-wrap elementor-element-populated\">\n\t\t\t\t\t\t<div class=\"elementor-element elementor-element-04ec2f3 elementor-align-justify elementor-widget elementor-widget-button\" data-id=\"04ec2f3\" data-element_type=\"widget\" data-e-type=\"widget\" data-widget_type=\"button.default\">\n\t\t\t\t<div class=\"elementor-widget-container\">\n\t\t\t\t\t\t\t\t\t<div class=\"elementor-button-wrapper\">\n\t\t\t\t\t<a class=\"elementor-button elementor-button-link elementor-size-sm\" href=\"https:\/\/nzetc.victoria.ac.nz\/tm\/scholarly\/tei-MacToke-t1-body-d1-d8.html\" target=\"_blank\" rel=\"noopener\">\n\t\t\t\t\t\t<span class=\"elementor-button-content-wrapper\">\n\t\t\t\t\t\t\t\t\t<span class=\"elementor-button-text\">Wiki<\/span>\n\t\t\t\t\t<\/span>\n\t\t\t\t\t<\/a>\n\t\t\t\t<\/div>\n\t\t\t\t\t\t\t\t<\/div>\n\t\t\t\t<\/div>\n\t\t\t\t\t<\/div>\n\t\t<\/div>\n\t\t\t\t\t<\/div>\n\t\t<\/section>\n\t\t\t\t<section class=\"elementor-section elementor-top-section elementor-element elementor-element-21509a0 elementor-section-boxed elementor-section-height-default elementor-section-height-default\" data-id=\"21509a0\" data-element_type=\"section\" data-e-type=\"section\">\n\t\t\t\t\t\t<div class=\"elementor-container elementor-column-gap-default\">\n\t\t\t\t\t<div class=\"elementor-column elementor-col-100 elementor-top-column elementor-element elementor-element-bceae17\" data-id=\"bceae17\" data-element_type=\"column\" data-e-type=\"column\">\n\t\t\t<div class=\"elementor-widget-wrap elementor-element-populated\">\n\t\t\t\t\t\t<div class=\"elementor-element elementor-element-47afd5b elementor-widget elementor-widget-text-editor\" data-id=\"47afd5b\" data-element_type=\"widget\" data-e-type=\"widget\" data-widget_type=\"text-editor.default\">\n\t\t\t\t<div class=\"elementor-widget-container\">\n\t\t\t\t\t\t\t\t\t<p>los cuentos de <a href=\"https:\/\/mythslegendes.com\/es\/tokelau-mitologia\/\">Tokelau<\/a> contienen muchas referencias a personajes y eventos mitol\u00f3gicos que se encuentran en cuentos de otras partes de Polinesia. Este es el cuento de Tokelauan de Matilafoafoa.<\/p><p><img decoding=\"async\" class=\"alignnone wp-image-9347 size-full\" src=\"http:\/\/mythslegendes.com\/wp-content\/uploads\/2020\/09\/cropped-AlphaOmega-e1602613368367.png\" alt=\"Matilafoafoa\" width=\"25\" height=\"25\" title=\"\"><\/p>\t\t\t\t\t\t\t\t<\/div>\n\t\t\t\t<\/div>\n\t\t\t\t\t<\/div>\n\t\t<\/div>\n\t\t\t\t\t<\/div>\n\t\t<\/section>\n\t\t\t\t<section class=\"elementor-section elementor-top-section elementor-element elementor-element-6f8fd41 elementor-section-boxed elementor-section-height-default elementor-section-height-default\" data-id=\"6f8fd41\" data-element_type=\"section\" data-e-type=\"section\">\n\t\t\t\t\t\t<div class=\"elementor-container elementor-column-gap-default\">\n\t\t\t\t\t<div class=\"elementor-column elementor-col-100 elementor-top-column elementor-element elementor-element-a90cd5c\" data-id=\"a90cd5c\" data-element_type=\"column\" data-e-type=\"column\">\n\t\t\t<div class=\"elementor-widget-wrap elementor-element-populated\">\n\t\t\t\t\t\t<div class=\"elementor-element elementor-element-2b9781d elementor-widget elementor-widget-heading\" data-id=\"2b9781d\" data-element_type=\"widget\" data-e-type=\"widget\" data-widget_type=\"heading.default\">\n\t\t\t\t<div class=\"elementor-widget-container\">\n\t\t\t\t\t<div id=\"ez-toc-container\" class=\"ez-toc-v2_0_82_2 counter-hierarchy ez-toc-counter ez-toc-grey ez-toc-container-direction\">\n<div class=\"ez-toc-title-container\">\n<p class=\"ez-toc-title\" style=\"cursor:inherit\">Contenido<\/p>\n<span class=\"ez-toc-title-toggle\"><a href=\"#\" class=\"ez-toc-pull-right ez-toc-btn ez-toc-btn-xs ez-toc-btn-default ez-toc-toggle\" aria-label=\"Alternar tabla de contenidos\"><span class=\"ez-toc-js-icon-con\"><span class=\"\"><span class=\"eztoc-hide\" style=\"display:none;\">Palanca<\/span><span class=\"ez-toc-icon-toggle-span\"><svg style=\"fill: #999;color:#999\" xmlns=\"http:\/\/www.w3.org\/2000\/svg\" class=\"list-377408\" width=\"20px\" height=\"20px\" viewbox=\"0 0 24 24\" fill=\"none\"><path d=\"M6 6H4v2h2V6zm14 0H8v2h12V6zM4 11h2v2H4v-2zm16 0H8v2h12v-2zM4 16h2v2H4v-2zm16 0H8v2h12v-2z\" fill=\"currentColor\"><\/path><\/svg><svg style=\"fill: #999;color:#999\" class=\"arrow-unsorted-368013\" xmlns=\"http:\/\/www.w3.org\/2000\/svg\" width=\"10px\" height=\"10px\" viewbox=\"0 0 24 24\" version=\"1.2\" baseprofile=\"tiny\"><path d=\"M18.2 9.3l-6.2-6.3-6.2 6.3c-.2.2-.3.4-.3.7s.1.5.3.7c.2.2.4.3.7.3h11c.3 0 .5-.1.7-.3.2-.2.3-.5.3-.7s-.1-.5-.3-.7zM5.8 14.7l6.2 6.3 6.2-6.3c.2-.2.3-.5.3-.7s-.1-.5-.3-.7c-.2-.2-.4-.3-.7-.3h-11c-.3 0-.5.1-.7.3-.2.2-.3.5-.3.7s.1.5.3.7z\"\/><\/svg><\/span><\/span><\/span><\/a><\/span><\/div>\n<nav><ul class='ez-toc-list ez-toc-list-level-1' ><li class='ez-toc-page-1 ez-toc-heading-level-2'><a class=\"ez-toc-link ez-toc-heading-1\" href=\"https:\/\/mythslegendes.com\/es\/tokelau-mitologia\/cuento-tokelau-matilafoafoa\/#The-Story-of-Matilafoafoa\" >La historia de Matilafoafoa<\/a><\/li><\/ul><\/nav><\/div>\n<h2 class=\"elementor-heading-title elementor-size-default\"><span class=\"ez-toc-section\" id=\"The-Story-of-Matilafoafoa\"><\/span>La historia de Matilafoafoa<span class=\"ez-toc-section-end\"><\/span><\/h2>\t\t\t\t<\/div>\n\t\t\t\t<\/div>\n\t\t\t\t\t<\/div>\n\t\t<\/div>\n\t\t\t\t\t<\/div>\n\t\t<\/section>\n\t\t\t\t<section class=\"elementor-section elementor-top-section elementor-element elementor-element-11b232d elementor-section-boxed elementor-section-height-default elementor-section-height-default\" data-id=\"11b232d\" data-element_type=\"section\" data-e-type=\"section\">\n\t\t\t\t\t\t<div class=\"elementor-container elementor-column-gap-default\">\n\t\t\t\t\t<div class=\"elementor-column elementor-col-100 elementor-top-column elementor-element elementor-element-ba4813f\" data-id=\"ba4813f\" data-element_type=\"column\" data-e-type=\"column\">\n\t\t\t<div class=\"elementor-widget-wrap elementor-element-populated\">\n\t\t\t\t\t\t<div class=\"elementor-element elementor-element-7b75c5a elementor-widget elementor-widget-text-editor\" data-id=\"7b75c5a\" data-element_type=\"widget\" data-e-type=\"widget\" data-widget_type=\"text-editor.default\">\n\t\t\t\t<div class=\"elementor-widget-container\">\n\t\t\t\t\t\t\t\t\t<p>Matilafoafoa, el rey de los cielos (<i>tupu o lunga<\/i>) vio a una mujer desde su lugar en el cielo. Ella estaba recogiendo basura en la tierra de abajo. Matilafoafoa cant\u00f3: \u201cSoy rey arriba y abajo. Que venga un viento y me lleve a la mujer de abajo. Inmediatamente vino un viento y una fuerte lluvia y lo llevaron a tierra y lo pusieron junto a una mujer llamada Sina.\u00a0<\/p><p>Se volvi\u00f3 hacia Matilafoafoa y le pregunt\u00f3: &quot;\u00bfQui\u00e9n eres, un hombre o un dios?&quot; Matilafoafoa respondi\u00f3: \u201cSoy un hombre\u201d. Se qued\u00f3 con Sina en la tierra hasta que qued\u00f3 embarazada. Luego dese\u00f3 regresar a su hogar en los cielos. Cuando dej\u00f3 a su esposa le dijo que si ella daba a luz un hijo, deb\u00eda llamarlo Limaleimakoloa.<\/p><p>Sina m\u00e1s tarde dio a luz a un hijo y lo nombr\u00f3 como su padre hab\u00eda deseado. No mucho despu\u00e9s de que Matilafoafoa se fuera, Sina se cas\u00f3 con Punga, y con \u00e9l tuvo muchos hijos. Punga iba a pescar todos los d\u00edas, y cuando varaba su canoa a la vuelta por la tarde, todos sus propios hijos corr\u00edan a llevarle el pescado; pero echaron de Limaleimakoloa, porque Punga no era su padre.<\/p><p>Limaleimakoloa, enojado por las burlas de los otros ni\u00f1os, le pregunt\u00f3 a su madre por qu\u00e9 Punga no era su padre. Sina le dijo que Matilafoafoa era su padre y lo envi\u00f3 con su padre en el cielo, pero Punga lo llam\u00f3. Limaleimakoloa le grit\u00f3: \u201cPunga, te gustan tus propios hijos pero no me amas\u201d, y sigui\u00f3 su camino.<\/p><p>Durante el viaje, Limaleimakoloa se encontr\u00f3 con muchos esp\u00edritus y criaturas malvadas que intentaron impedirle llegar al cielo. Tan pronto como el muchacho les dijo que \u00e9l era el hijo del rey del cielo, huyeron de \u00e9l. M\u00e1s all\u00e1 de estos seres se encontr\u00f3 con dos mujeres, Limalei y Makoloa, hermanas del rey del cielo, quienes lo golpearon y le cortaron la carne.\u00a0<\/p><p>Cuando lleg\u00f3 a Matilafoafoa, le cont\u00f3 el trato que hab\u00eda recibido de las dos hermanas de su padre. Matilafoafoa envi\u00f3 por estas dos mujeres y las mat\u00f3. Luego tom\u00f3 al hijo de Sina y lo puso en su propio lugar alto.<\/p>\t\t\t\t\t\t\t\t<\/div>\n\t\t\t\t<\/div>\n\t\t\t\t\t<\/div>\n\t\t<\/div>\n\t\t\t\t\t<\/div>\n\t\t<\/section>\n\t\t\t\t<\/div>","protected":false},"excerpt":{"rendered":"<p>Mitolog\u00eda Tokelau Wiki The Tales of Tokelau contiene numerosas referencias a personajes y eventos mitol\u00f3gicos que se encuentran en \u2026 <\/p>","protected":false},"author":1,"featured_media":0,"parent":10192,"menu_order":0,"comment_status":"closed","ping_status":"closed","template":"","meta":{"footnotes":""},"class_list":["post-21979","page","type-page","status-publish","hentry"],"amp_enabled":true,"_links":{"self":[{"href":"https:\/\/mythslegendes.com\/es\/wp-json\/wp\/v2\/pages\/21979","targetHints":{"allow":["GET"]}}],"collection":[{"href":"https:\/\/mythslegendes.com\/es\/wp-json\/wp\/v2\/pages"}],"about":[{"href":"https:\/\/mythslegendes.com\/es\/wp-json\/wp\/v2\/types\/page"}],"author":[{"embeddable":true,"href":"https:\/\/mythslegendes.com\/es\/wp-json\/wp\/v2\/users\/1"}],"replies":[{"embeddable":true,"href":"https:\/\/mythslegendes.com\/es\/wp-json\/wp\/v2\/comments?post=21979"}],"version-history":[{"count":3,"href":"https:\/\/mythslegendes.com\/es\/wp-json\/wp\/v2\/pages\/21979\/revisions"}],"predecessor-version":[{"id":21984,"href":"https:\/\/mythslegendes.com\/es\/wp-json\/wp\/v2\/pages\/21979\/revisions\/21984"}],"up":[{"embeddable":true,"href":"https:\/\/mythslegendes.com\/es\/wp-json\/wp\/v2\/pages\/10192"}],"wp:attachment":[{"href":"https:\/\/mythslegendes.com\/es\/wp-json\/wp\/v2\/media?parent=21979"}],"curies":[{"name":"wp","href":"https:\/\/api.w.org\/{rel}","templated":true}]}}