{"id":21985,"date":"2022-08-03T20:33:53","date_gmt":"2022-08-03T20:33:53","guid":{"rendered":"https:\/\/mythslegendes.com\/?page_id=21985"},"modified":"2022-08-03T20:36:52","modified_gmt":"2022-08-03T20:36:52","slug":"conte-tokelau-les-etoiles","status":"publish","type":"page","link":"https:\/\/mythslegendes.com\/es\/tokelau-mitologia\/cuento-tokelau-las-estrellas\/","title":{"rendered":"Cuento Tokelau: las estrellas"},"content":{"rendered":"<div data-elementor-type=\"wp-page\" data-elementor-id=\"21985\" class=\"elementor elementor-21985\">\n\t\t\t\t\t\t<section class=\"elementor-section elementor-top-section elementor-element elementor-element-a143869 elementor-section-boxed elementor-section-height-default elementor-section-height-default\" data-id=\"a143869\" data-element_type=\"section\" data-e-type=\"section\">\n\t\t\t\t\t\t<div class=\"elementor-container elementor-column-gap-default\">\n\t\t\t\t\t<div class=\"elementor-column elementor-col-50 elementor-top-column elementor-element elementor-element-2d87fdc\" data-id=\"2d87fdc\" data-element_type=\"column\" data-e-type=\"column\">\n\t\t\t<div class=\"elementor-widget-wrap elementor-element-populated\">\n\t\t\t\t\t\t<div class=\"elementor-element elementor-element-068effb elementor-align-justify elementor-widget elementor-widget-button\" data-id=\"068effb\" data-element_type=\"widget\" data-e-type=\"widget\" data-widget_type=\"button.default\">\n\t\t\t\t<div class=\"elementor-widget-container\">\n\t\t\t\t\t\t\t\t\t<div class=\"elementor-button-wrapper\">\n\t\t\t\t\t<a class=\"elementor-button elementor-button-link elementor-size-sm\" href=\"https:\/\/mythslegendes.com\/es\/tokelau-mitologia\/\">\n\t\t\t\t\t\t<span class=\"elementor-button-content-wrapper\">\n\t\t\t\t\t\t\t\t\t<span class=\"elementor-button-text\">Mitolog\u00eda de Tokelau<\/span>\n\t\t\t\t\t<\/span>\n\t\t\t\t\t<\/a>\n\t\t\t\t<\/div>\n\t\t\t\t\t\t\t\t<\/div>\n\t\t\t\t<\/div>\n\t\t\t\t\t<\/div>\n\t\t<\/div>\n\t\t\t\t<div class=\"elementor-column elementor-col-50 elementor-top-column elementor-element elementor-element-5181fbb\" data-id=\"5181fbb\" data-element_type=\"column\" data-e-type=\"column\">\n\t\t\t<div class=\"elementor-widget-wrap elementor-element-populated\">\n\t\t\t\t\t\t<div class=\"elementor-element elementor-element-34fffaf elementor-align-justify elementor-widget elementor-widget-button\" data-id=\"34fffaf\" data-element_type=\"widget\" data-e-type=\"widget\" data-widget_type=\"button.default\">\n\t\t\t\t<div class=\"elementor-widget-container\">\n\t\t\t\t\t\t\t\t\t<div class=\"elementor-button-wrapper\">\n\t\t\t\t\t<a class=\"elementor-button elementor-button-link elementor-size-sm\" href=\"https:\/\/nzetc.victoria.ac.nz\/tm\/scholarly\/tei-MacToke-t1-body-d1-d8.html\" target=\"_blank\" rel=\"noopener\">\n\t\t\t\t\t\t<span class=\"elementor-button-content-wrapper\">\n\t\t\t\t\t\t\t\t\t<span class=\"elementor-button-text\">Wiki<\/span>\n\t\t\t\t\t<\/span>\n\t\t\t\t\t<\/a>\n\t\t\t\t<\/div>\n\t\t\t\t\t\t\t\t<\/div>\n\t\t\t\t<\/div>\n\t\t\t\t\t<\/div>\n\t\t<\/div>\n\t\t\t\t\t<\/div>\n\t\t<\/section>\n\t\t\t\t<section class=\"elementor-section elementor-top-section elementor-element elementor-element-13b6e2d elementor-section-boxed elementor-section-height-default elementor-section-height-default\" data-id=\"13b6e2d\" data-element_type=\"section\" data-e-type=\"section\">\n\t\t\t\t\t\t<div class=\"elementor-container elementor-column-gap-default\">\n\t\t\t\t\t<div class=\"elementor-column elementor-col-100 elementor-top-column elementor-element elementor-element-142a9a9\" data-id=\"142a9a9\" data-element_type=\"column\" data-e-type=\"column\">\n\t\t\t<div class=\"elementor-widget-wrap elementor-element-populated\">\n\t\t\t\t\t\t<div class=\"elementor-element elementor-element-d65639a elementor-widget elementor-widget-text-editor\" data-id=\"d65639a\" data-element_type=\"widget\" data-e-type=\"widget\" data-widget_type=\"text-editor.default\">\n\t\t\t\t<div class=\"elementor-widget-container\">\n\t\t\t\t\t\t\t\t\t<p>los cuentos de <a href=\"https:\/\/mythslegendes.com\/es\/tokelau-mitologia\/\">Tokelau<\/a> contienen muchas referencias a personajes y eventos mitol\u00f3gicos que se encuentran en cuentos de otras partes de Polinesia. Varios <a href=\"https:\/\/mythslegendes.com\/es\/\">mitos<\/a> mencionar los viajes a Fiji y la gente de all\u00ed, una caracter\u00edstica com\u00fan de los cuentos de Samoa. Aqu\u00ed est\u00e1 el cuento de Tokelau sobre las estrellas en ingl\u00e9s.<\/p><p><img decoding=\"async\" class=\"alignnone wp-image-9347 size-full\" src=\"http:\/\/mythslegendes.com\/wp-content\/uploads\/2020\/09\/cropped-AlphaOmega-e1602613368367.png\" alt=\"las estrellas\" width=\"25\" height=\"25\" title=\"\"><\/p>\t\t\t\t\t\t\t\t<\/div>\n\t\t\t\t<\/div>\n\t\t\t\t\t<\/div>\n\t\t<\/div>\n\t\t\t\t\t<\/div>\n\t\t<\/section>\n\t\t\t\t<section class=\"elementor-section elementor-top-section elementor-element elementor-element-17fa7fb elementor-section-boxed elementor-section-height-default elementor-section-height-default\" data-id=\"17fa7fb\" data-element_type=\"section\" data-e-type=\"section\">\n\t\t\t\t\t\t<div class=\"elementor-container elementor-column-gap-default\">\n\t\t\t\t\t<div class=\"elementor-column elementor-col-100 elementor-top-column elementor-element elementor-element-322c407\" data-id=\"322c407\" data-element_type=\"column\" data-e-type=\"column\">\n\t\t\t<div class=\"elementor-widget-wrap elementor-element-populated\">\n\t\t\t\t\t\t<div class=\"elementor-element elementor-element-dc1177f elementor-widget elementor-widget-heading\" data-id=\"dc1177f\" data-element_type=\"widget\" data-e-type=\"widget\" data-widget_type=\"heading.default\">\n\t\t\t\t<div class=\"elementor-widget-container\">\n\t\t\t\t\t<div id=\"ez-toc-container\" class=\"ez-toc-v2_0_82_2 counter-hierarchy ez-toc-counter ez-toc-grey ez-toc-container-direction\">\n<div class=\"ez-toc-title-container\">\n<p class=\"ez-toc-title\" style=\"cursor:inherit\">Contenido<\/p>\n<span class=\"ez-toc-title-toggle\"><a href=\"#\" class=\"ez-toc-pull-right ez-toc-btn ez-toc-btn-xs ez-toc-btn-default ez-toc-toggle\" aria-label=\"Alternar tabla de contenidos\"><span class=\"ez-toc-js-icon-con\"><span class=\"\"><span class=\"eztoc-hide\" style=\"display:none;\">Palanca<\/span><span class=\"ez-toc-icon-toggle-span\"><svg style=\"fill: #999;color:#999\" xmlns=\"http:\/\/www.w3.org\/2000\/svg\" class=\"list-377408\" width=\"20px\" height=\"20px\" viewbox=\"0 0 24 24\" fill=\"none\"><path d=\"M6 6H4v2h2V6zm14 0H8v2h12V6zM4 11h2v2H4v-2zm16 0H8v2h12v-2zM4 16h2v2H4v-2zm16 0H8v2h12v-2z\" fill=\"currentColor\"><\/path><\/svg><svg style=\"fill: #999;color:#999\" class=\"arrow-unsorted-368013\" xmlns=\"http:\/\/www.w3.org\/2000\/svg\" width=\"10px\" height=\"10px\" viewbox=\"0 0 24 24\" version=\"1.2\" baseprofile=\"tiny\"><path d=\"M18.2 9.3l-6.2-6.3-6.2 6.3c-.2.2-.3.4-.3.7s.1.5.3.7c.2.2.4.3.7.3h11c.3 0 .5-.1.7-.3.2-.2.3-.5.3-.7s-.1-.5-.3-.7zM5.8 14.7l6.2 6.3 6.2-6.3c.2-.2.3-.5.3-.7s-.1-.5-.3-.7c-.2-.2-.4-.3-.7-.3h-11c-.3 0-.5.1-.7.3-.2.2-.3.5-.3.7s.1.5.3.7z\"\/><\/svg><\/span><\/span><\/span><\/a><\/span><\/div>\n<nav><ul class='ez-toc-list ez-toc-list-level-1' ><li class='ez-toc-page-1 ez-toc-heading-level-2'><a class=\"ez-toc-link ez-toc-heading-1\" href=\"https:\/\/mythslegendes.com\/es\/tokelau-mitologia\/cuento-tokelau-las-estrellas\/#Les-etoiles-Legend-of-the-Stars\" >Las estrellas: Leyenda de las estrellas<\/a><\/li><\/ul><\/nav><\/div>\n<h2 class=\"elementor-heading-title elementor-size-default\"><span class=\"ez-toc-section\" id=\"Les-etoiles-Legend-of-the-Stars\"><\/span>Las estrellas: Leyenda de las estrellas<span class=\"ez-toc-section-end\"><\/span><\/h2>\t\t\t\t<\/div>\n\t\t\t\t<\/div>\n\t\t\t\t\t<\/div>\n\t\t<\/div>\n\t\t\t\t\t<\/div>\n\t\t<\/section>\n\t\t\t\t<section class=\"elementor-section elementor-top-section elementor-element elementor-element-20881f4 elementor-section-boxed elementor-section-height-default elementor-section-height-default\" data-id=\"20881f4\" data-element_type=\"section\" data-e-type=\"section\">\n\t\t\t\t\t\t<div class=\"elementor-container elementor-column-gap-default\">\n\t\t\t\t\t<div class=\"elementor-column elementor-col-100 elementor-top-column elementor-element elementor-element-2ff7bca\" data-id=\"2ff7bca\" data-element_type=\"column\" data-e-type=\"column\">\n\t\t\t<div class=\"elementor-widget-wrap elementor-element-populated\">\n\t\t\t\t\t\t<div class=\"elementor-element elementor-element-12d3723 elementor-widget elementor-widget-text-editor\" data-id=\"12d3723\" data-element_type=\"widget\" data-e-type=\"widget\" data-widget_type=\"text-editor.default\">\n\t\t\t\t<div class=\"elementor-widget-container\">\n\t\t\t\t\t\t\t\t\t<p>Hab\u00eda dos hermanos, Kupenga y Kakau, cada uno de los cuales ten\u00eda dos hijos. Los cuatro ni\u00f1os fueron a pescar juntos, pero Filo y Mea, los hijos de Kupenga, siempre pescaban m\u00e1s. Jugaban juntos y luchaban, pero Filo y Mea siempre ganaban. Los hijos de Kakau se pusieron celosos de sus primos, por lo que Kakau mand\u00f3 llamar a los dos hijos de Kupenga y les orden\u00f3 que fueran a pescar un gran\u00a0<i>sumu<\/i>\u00a0(un pez).<\/p><p>Filo y Mea fueron a la playa y recogieron todos los desechos que pudieron encontrar y los tiraron al mar. Flot\u00f3 a lo grande\u00a0<i>sumu<\/i>\u00a0que yac\u00eda en la boca del canal. El pez se lo comi\u00f3 y se hinch\u00f3. Entonces los dos muchachos salieron, pescaron el pez y lo llevaron a tierra. Kakau estaba asombrado y pregunt\u00f3: &quot;\u00bfC\u00f3mo lograron matar a un pez tan grande?&quot;<\/p><p>Kakau los envi\u00f3 de nuevo, esta vez para matar al gran Matuku, un p\u00e1jaro que hab\u00eda atrapado a su hermana y se la hab\u00eda llevado para que fuera su esposa. Los dos ni\u00f1os fueron a Matuku y lo mataron y luego comenzaron su regreso con Sina, su hermana. En el camino llegaron a un gran agujero que conduc\u00eda al fondo del mar. En su intento de cruzar, Sina y un ni\u00f1o saltaron por encima, pero el segundo hermano se cay\u00f3.\u00a0<\/p><p>El hermano que se qued\u00f3 con Sina le dijo que volviera con su padre y que le dijera que cuando ella llegara all\u00ed, saliera esa noche de su casa y \u00e9l ver\u00eda a sus dos hijos. Luego salt\u00f3 al agujero. Los muchachos y los Matuku subieron al cielo, donde se les puede ver con el\u00a0<i>sumu<\/i>\u00a0en las constelaciones de cuatro estrellas: Na Tangata, los chicos; Te Manu, el p\u00e1jaro esposo de Sina; y Te Sumu, el pez que hab\u00edan pescado. Se pueden ver sobre las islas de Samoa.<\/p>\t\t\t\t\t\t\t\t<\/div>\n\t\t\t\t<\/div>\n\t\t\t\t\t<\/div>\n\t\t<\/div>\n\t\t\t\t\t<\/div>\n\t\t<\/section>\n\t\t\t\t<\/div>","protected":false},"excerpt":{"rendered":"<p>Mitolog\u00eda Tokelau Wiki The Tales of Tokelau contiene numerosas referencias a personajes y eventos mitol\u00f3gicos que se encuentran en \u2026 <\/p>","protected":false},"author":1,"featured_media":0,"parent":10192,"menu_order":0,"comment_status":"closed","ping_status":"closed","template":"","meta":{"footnotes":""},"class_list":["post-21985","page","type-page","status-publish","hentry"],"amp_enabled":true,"_links":{"self":[{"href":"https:\/\/mythslegendes.com\/es\/wp-json\/wp\/v2\/pages\/21985","targetHints":{"allow":["GET"]}}],"collection":[{"href":"https:\/\/mythslegendes.com\/es\/wp-json\/wp\/v2\/pages"}],"about":[{"href":"https:\/\/mythslegendes.com\/es\/wp-json\/wp\/v2\/types\/page"}],"author":[{"embeddable":true,"href":"https:\/\/mythslegendes.com\/es\/wp-json\/wp\/v2\/users\/1"}],"replies":[{"embeddable":true,"href":"https:\/\/mythslegendes.com\/es\/wp-json\/wp\/v2\/comments?post=21985"}],"version-history":[{"count":3,"href":"https:\/\/mythslegendes.com\/es\/wp-json\/wp\/v2\/pages\/21985\/revisions"}],"predecessor-version":[{"id":21989,"href":"https:\/\/mythslegendes.com\/es\/wp-json\/wp\/v2\/pages\/21985\/revisions\/21989"}],"up":[{"embeddable":true,"href":"https:\/\/mythslegendes.com\/es\/wp-json\/wp\/v2\/pages\/10192"}],"wp:attachment":[{"href":"https:\/\/mythslegendes.com\/es\/wp-json\/wp\/v2\/media?parent=21985"}],"curies":[{"name":"wp","href":"https:\/\/api.w.org\/{rel}","templated":true}]}}