{"id":21990,"date":"2022-08-03T20:38:08","date_gmt":"2022-08-03T20:38:08","guid":{"rendered":"https:\/\/mythslegendes.com\/?page_id=21990"},"modified":"2022-08-03T20:41:19","modified_gmt":"2022-08-03T20:41:19","slug":"conte-tokelau-tae-a-tangaloa","status":"publish","type":"page","link":"https:\/\/mythslegendes.com\/es\/tokelau-mitologia\/cuento-tokelau-tae-a-tangaloa\/","title":{"rendered":"Cuento Tokelau: Tae-A-Tangaloa"},"content":{"rendered":"<div data-elementor-type=\"wp-page\" data-elementor-id=\"21990\" class=\"elementor elementor-21990\">\n\t\t\t\t\t\t<section class=\"elementor-section elementor-top-section elementor-element elementor-element-c89c952 elementor-section-boxed elementor-section-height-default elementor-section-height-default\" data-id=\"c89c952\" data-element_type=\"section\" data-e-type=\"section\">\n\t\t\t\t\t\t<div class=\"elementor-container elementor-column-gap-default\">\n\t\t\t\t\t<div class=\"elementor-column elementor-col-50 elementor-top-column elementor-element elementor-element-6a23430\" data-id=\"6a23430\" data-element_type=\"column\" data-e-type=\"column\">\n\t\t\t<div class=\"elementor-widget-wrap elementor-element-populated\">\n\t\t\t\t\t\t<div class=\"elementor-element elementor-element-d6063f1 elementor-align-justify elementor-widget elementor-widget-button\" data-id=\"d6063f1\" data-element_type=\"widget\" data-e-type=\"widget\" data-widget_type=\"button.default\">\n\t\t\t\t<div class=\"elementor-widget-container\">\n\t\t\t\t\t\t\t\t\t<div class=\"elementor-button-wrapper\">\n\t\t\t\t\t<a class=\"elementor-button elementor-button-link elementor-size-sm\" href=\"https:\/\/mythslegendes.com\/es\/tokelau-mitologia\/\">\n\t\t\t\t\t\t<span class=\"elementor-button-content-wrapper\">\n\t\t\t\t\t\t\t\t\t<span class=\"elementor-button-text\">Mitolog\u00eda de Tokelau<\/span>\n\t\t\t\t\t<\/span>\n\t\t\t\t\t<\/a>\n\t\t\t\t<\/div>\n\t\t\t\t\t\t\t\t<\/div>\n\t\t\t\t<\/div>\n\t\t\t\t\t<\/div>\n\t\t<\/div>\n\t\t\t\t<div class=\"elementor-column elementor-col-50 elementor-top-column elementor-element elementor-element-1684f36\" data-id=\"1684f36\" data-element_type=\"column\" data-e-type=\"column\">\n\t\t\t<div class=\"elementor-widget-wrap elementor-element-populated\">\n\t\t\t\t\t\t<div class=\"elementor-element elementor-element-d0e2bfd elementor-align-justify elementor-widget elementor-widget-button\" data-id=\"d0e2bfd\" data-element_type=\"widget\" data-e-type=\"widget\" data-widget_type=\"button.default\">\n\t\t\t\t<div class=\"elementor-widget-container\">\n\t\t\t\t\t\t\t\t\t<div class=\"elementor-button-wrapper\">\n\t\t\t\t\t<a class=\"elementor-button elementor-button-link elementor-size-sm\" href=\"https:\/\/nzetc.victoria.ac.nz\/tm\/scholarly\/tei-MacToke-t1-body-d1-d8.html\" target=\"_blank\" rel=\"noopener\">\n\t\t\t\t\t\t<span class=\"elementor-button-content-wrapper\">\n\t\t\t\t\t\t\t\t\t<span class=\"elementor-button-text\">Wiki<\/span>\n\t\t\t\t\t<\/span>\n\t\t\t\t\t<\/a>\n\t\t\t\t<\/div>\n\t\t\t\t\t\t\t\t<\/div>\n\t\t\t\t<\/div>\n\t\t\t\t\t<\/div>\n\t\t<\/div>\n\t\t\t\t\t<\/div>\n\t\t<\/section>\n\t\t\t\t<section class=\"elementor-section elementor-top-section elementor-element elementor-element-46a7a52 elementor-section-boxed elementor-section-height-default elementor-section-height-default\" data-id=\"46a7a52\" data-element_type=\"section\" data-e-type=\"section\">\n\t\t\t\t\t\t<div class=\"elementor-container elementor-column-gap-default\">\n\t\t\t\t\t<div class=\"elementor-column elementor-col-100 elementor-top-column elementor-element elementor-element-bfb407f\" data-id=\"bfb407f\" data-element_type=\"column\" data-e-type=\"column\">\n\t\t\t<div class=\"elementor-widget-wrap elementor-element-populated\">\n\t\t\t\t\t\t<div class=\"elementor-element elementor-element-2174f3b elementor-widget elementor-widget-text-editor\" data-id=\"2174f3b\" data-element_type=\"widget\" data-e-type=\"widget\" data-widget_type=\"text-editor.default\">\n\t\t\t\t<div class=\"elementor-widget-container\">\n\t\t\t\t\t\t\t\t\t<p>los cuentos de <a href=\"https:\/\/mythslegendes.com\/es\/tokelau-mitologia\/\">Tokelau<\/a> contienen muchas referencias a personajes y eventos mitol\u00f3gicos que se encuentran en cuentos de otras partes de Polinesia. Varios <a href=\"https:\/\/mythslegendes.com\/es\/\">mitos<\/a> mencionar los viajes a Fiji y la gente de all\u00ed, una caracter\u00edstica com\u00fan de los cuentos de Samoa. Este es el cuento tokelauano de Tae-A-Tangaloa.<\/p><p><img decoding=\"async\" class=\"alignnone wp-image-9347 size-full\" src=\"http:\/\/mythslegendes.com\/wp-content\/uploads\/2020\/09\/cropped-AlphaOmega-e1602613368367.png\" alt=\"Tae-A-Tangaloa\" width=\"25\" height=\"25\" title=\"\"><\/p>\t\t\t\t\t\t\t\t<\/div>\n\t\t\t\t<\/div>\n\t\t\t\t\t<\/div>\n\t\t<\/div>\n\t\t\t\t\t<\/div>\n\t\t<\/section>\n\t\t\t\t<section class=\"elementor-section elementor-top-section elementor-element elementor-element-d670ede elementor-section-boxed elementor-section-height-default elementor-section-height-default\" data-id=\"d670ede\" data-element_type=\"section\" data-e-type=\"section\">\n\t\t\t\t\t\t<div class=\"elementor-container elementor-column-gap-default\">\n\t\t\t\t\t<div class=\"elementor-column elementor-col-100 elementor-top-column elementor-element elementor-element-d04e940\" data-id=\"d04e940\" data-element_type=\"column\" data-e-type=\"column\">\n\t\t\t<div class=\"elementor-widget-wrap elementor-element-populated\">\n\t\t\t\t\t\t<div class=\"elementor-element elementor-element-0984061 elementor-widget elementor-widget-heading\" data-id=\"0984061\" data-element_type=\"widget\" data-e-type=\"widget\" data-widget_type=\"heading.default\">\n\t\t\t\t<div class=\"elementor-widget-container\">\n\t\t\t\t\t<div id=\"ez-toc-container\" class=\"ez-toc-v2_0_82_2 counter-hierarchy ez-toc-counter ez-toc-grey ez-toc-container-direction\">\n<div class=\"ez-toc-title-container\">\n<p class=\"ez-toc-title\" style=\"cursor:inherit\">Contenido<\/p>\n<span class=\"ez-toc-title-toggle\"><a href=\"#\" class=\"ez-toc-pull-right ez-toc-btn ez-toc-btn-xs ez-toc-btn-default ez-toc-toggle\" aria-label=\"Alternar tabla de contenidos\"><span class=\"ez-toc-js-icon-con\"><span class=\"\"><span class=\"eztoc-hide\" style=\"display:none;\">Palanca<\/span><span class=\"ez-toc-icon-toggle-span\"><svg style=\"fill: #999;color:#999\" xmlns=\"http:\/\/www.w3.org\/2000\/svg\" class=\"list-377408\" width=\"20px\" height=\"20px\" viewbox=\"0 0 24 24\" fill=\"none\"><path d=\"M6 6H4v2h2V6zm14 0H8v2h12V6zM4 11h2v2H4v-2zm16 0H8v2h12v-2zM4 16h2v2H4v-2zm16 0H8v2h12v-2z\" fill=\"currentColor\"><\/path><\/svg><svg style=\"fill: #999;color:#999\" class=\"arrow-unsorted-368013\" xmlns=\"http:\/\/www.w3.org\/2000\/svg\" width=\"10px\" height=\"10px\" viewbox=\"0 0 24 24\" version=\"1.2\" baseprofile=\"tiny\"><path d=\"M18.2 9.3l-6.2-6.3-6.2 6.3c-.2.2-.3.4-.3.7s.1.5.3.7c.2.2.4.3.7.3h11c.3 0 .5-.1.7-.3.2-.2.3-.5.3-.7s-.1-.5-.3-.7zM5.8 14.7l6.2 6.3 6.2-6.3c.2-.2.3-.5.3-.7s-.1-.5-.3-.7c-.2-.2-.4-.3-.7-.3h-11c-.3 0-.5.1-.7.3-.2.2-.3.5-.3.7s.1.5.3.7z\"\/><\/svg><\/span><\/span><\/span><\/a><\/span><\/div>\n<nav><ul class='ez-toc-list ez-toc-list-level-1' ><li class='ez-toc-page-1 ez-toc-heading-level-2'><a class=\"ez-toc-link ez-toc-heading-1\" href=\"https:\/\/mythslegendes.com\/es\/tokelau-mitologia\/cuento-tokelau-tae-a-tangaloa\/#The-Story-of-Tae-A-Tangaloa\" >La historia de Tae-A-Tangaloa<\/a><\/li><\/ul><\/nav><\/div>\n<h2 class=\"elementor-heading-title elementor-size-default\"><span class=\"ez-toc-section\" id=\"The-Story-of-Tae-A-Tangaloa\"><\/span>La historia de Tae-A-Tangaloa<span class=\"ez-toc-section-end\"><\/span><\/h2>\t\t\t\t<\/div>\n\t\t\t\t<\/div>\n\t\t\t\t\t<\/div>\n\t\t<\/div>\n\t\t\t\t\t<\/div>\n\t\t<\/section>\n\t\t\t\t<section class=\"elementor-section elementor-top-section elementor-element elementor-element-6ffcdb4 elementor-section-boxed elementor-section-height-default elementor-section-height-default\" data-id=\"6ffcdb4\" data-element_type=\"section\" data-e-type=\"section\">\n\t\t\t\t\t\t<div class=\"elementor-container elementor-column-gap-default\">\n\t\t\t\t\t<div class=\"elementor-column elementor-col-100 elementor-top-column elementor-element elementor-element-aa242a0\" data-id=\"aa242a0\" data-element_type=\"column\" data-e-type=\"column\">\n\t\t\t<div class=\"elementor-widget-wrap elementor-element-populated\">\n\t\t\t\t\t\t<div class=\"elementor-element elementor-element-16fb29a elementor-widget elementor-widget-text-editor\" data-id=\"16fb29a\" data-element_type=\"widget\" data-e-type=\"widget\" data-widget_type=\"text-editor.default\">\n\t\t\t\t<div class=\"elementor-widget-container\">\n\t\t\t\t\t\t\t\t\t<p>Una vez, Fakataka y su esposa, Paua, y Luafatu y su esposa, Kui, viajaban en una canoa desde Fakaofu a Fiji. Surgi\u00f3 una disputa entre las dos parejas que finalmente deriv\u00f3 en una pelea. Fakataka y Paua saltaron de la canoa y bajaron al fondo del mar, donde se quedaron mientras las conchas llamaban\u00a0<i>fas\u00faa<\/i>\u00a0y\u00a0<i>pa\u00faa<\/i>.<\/p><p>Kui y Luafatu continuaron en su canoa hacia Fiji, pero se encontraron con una gran tormenta. La canoa se hundi\u00f3 y Luafatu fue arrojado y se ahog\u00f3. Su cuerpo se hundi\u00f3 en el fondo del oc\u00e9ano y se convirti\u00f3 en una roca (<i>fatu<\/i>). Kui nad\u00f3 a trav\u00e9s de la tormenta, rezando para poder poner un pie en tierra: \u201cko au, ko au, ko Kui e oku lunga, e oku lalo, ke akahi toku vae ke tu ki he motu\u201d (I\u2026 I\u2026 Kui. Mi patada arriba, mi patada abajo, que mi pie se pare en una isla).<\/p><p>Pronto lleg\u00f3 al arrecife de una isla y se arrastr\u00f3 hasta \u00e9l. Kui estaba embarazada, y cuando lleg\u00f3 a un agujero (<i>tafeta<\/i>) en el arrecife, se acost\u00f3 y dio a luz a su hijo y luego camin\u00f3 hasta la playa y muri\u00f3.<\/p><p>Tangaloa, en el cielo, vio morir al ni\u00f1o reci\u00e9n nacido en el arrecife de abajo y envi\u00f3 la agachadiza,\u00a0<i>tul\u00ed<\/i>, por nombrarlo. Tuli vol\u00f3 con dos regalos para el ni\u00f1o, una peque\u00f1a adz (<i>atupa<\/i>) y un hacha de mango largo (<i>ualoa<\/i>). Cuando se encontr\u00f3 con el beb\u00e9, lo llam\u00f3 Tae-a-Tangaloa y nombr\u00f3 las partes de su cuerpo con su nombre; llamando a la rodilla\u00a0<i>tuli vae<\/i>; el codo\u00a0<i>tuli lima<\/i>, la cabeza\u00a0<i>tuli ulu<\/i>, y nombrando las otras partes de la misma manera.<\/p><p>El ni\u00f1o, Tae-a-Tangaloa, camin\u00f3 hasta la orilla y en la playa encontr\u00f3 el charco de sangre dejado por su madre y su cad\u00e1ver. Luego camin\u00f3 entre los \u00e1rboles a lo largo de la orilla y se encontr\u00f3 con Kui Kava, un carpintero, que estaba haciendo una canoa con la ayuda de su hijo, Pepe-le-kava.\u00a0<\/p><p>Tae-a-Tangaloa mir\u00f3 el casco que estaban armando y le dijo a Kui Kava: &quot;Tu canoa est\u00e1 torcida&quot;. Kui Kava se enoj\u00f3 y respondi\u00f3: \u201cEres un chico malvado. Soy el principal constructor de canoas y, sin embargo, me dices que mi canoa est\u00e1 torcida. Tae-a-Tangaloa repiti\u00f3 muchas veces que la canoa estaba hecha fuera de l\u00ednea, y finalmente Kui Kava lleg\u00f3 y se par\u00f3 con \u00e9l al final de la canoa y vio que Tae-a-Tangaloa ten\u00eda raz\u00f3n. Kui Kava le pidi\u00f3 a Tae-a-Tangaloa que se quedara con \u00e9l y lo ayudara a construir la canoa con su hacha y az.<\/p><p>Tae-a-Tangaloa se puso a trabajar con el carpintero. Primero coloc\u00f3 varios troncos de coco cortos en fila, como una cuna para el casco, mientras encajaba las secciones del casco en <span id=\"n93\" class=\"pb\" lang=\"en\"><\/span>l\u00ednea. Pero Pepe-le-kava, enfadado porque Tae-a-Tangaloa hab\u00eda encontrado torcida la canoa de su padre, puso el pie en un extremo de uno de los troncos y ech\u00f3 fuera de l\u00ednea el tramo que descansaba sobre \u00e9l.\u00a0<\/p><p>Cuando Tae-a-Tangaloa descubri\u00f3 que se hab\u00edan equivocado, comenz\u00f3 de nuevo a montar el casco; pero cada vez que terminaba se daba cuenta de que las secciones no se un\u00edan. Trabajando de nuevo para enderezar la canoa, vio a Pepe-le-kava volcando un tramo apretando con el pie uno de los troncos, y lo mat\u00f3 con su hacha. Luego de esto, Tae-a-Tangaloa termin\u00f3 la canoa en tres d\u00edas.<\/p><p>Hecho esto, Tae-a-Tangaloa llev\u00f3 el cuerpo de Pepe-le-kava a Tangaloa y pidi\u00f3 que se le devolviera la vida al ni\u00f1o. Regresaron a la isla de Kui Kava, donde Tae-a-Tangaloa encontr\u00f3 a la gente navegando hacia Fiji. Se par\u00f3 en el pasaje de la canoa mientras las canoas se adentraban en el mar y les pidi\u00f3 a cada uno que lo llevara en la canoa, pero todos se negaron porque era demasiado joven. Cuando la \u00faltima canoa sali\u00f3 al arrecife, Tae-a-Tangaloa se ofreci\u00f3 a ir con ellos como alimento vivo (<i>oso o te vaka<\/i>) para ser consumido por el grupo durante el viaje; y fue llevado.<\/p><p>Durante la traves\u00eda se levant\u00f3 una gran tempestad y muchas de las canoas se hundieron. Tae-a-Tangaloa se levant\u00f3 en su canoa y rez\u00f3 a Tangaloa para que los salvara de la fuerza de las olas: \u201cTangaloa, kua ita kuku ki faitalia kae tafia, tafia, tafia\u201d (Tangaloa, \u00bfpor qu\u00e9 tu ira nos diecis\u00e9is? sea ahuyentado). Entonces el agua se calm\u00f3, pero la gente en la canoa exigi\u00f3 que se comieran al hombre que se hab\u00eda ofrecido a venir como comida.<\/p><p>Tae-a-Tangaloa se levant\u00f3 de nuevo en la canoa y rez\u00f3 a Tangaloa por comida, y cay\u00f3 del cielo a la canoa. La gente comi\u00f3 y luego se volvi\u00f3 hacia Tae-a-Tangaloa y grit\u00f3 que ten\u00edan sed. Les dijo que bebieran el agua que se hab\u00eda metido en la canoa, y cuando la probaron encontraron que estaba fresca y beb\u00eda.<\/p><p>Con mucha comida y un viento favorable, continuaron su viaje y finalmente llegaron a la vista de Fiji. Cerca del paso viv\u00eda el gran jefe Tui Viti, que destruy\u00f3 todas las canoas que llegaban a su isla. Tae-a-Tangaloa se par\u00f3 de nuevo en la canoa y le dijo a la gente: \u201cCuando Tui Viti levante la mano, no lo miren a \u00e9l, m\u00edrenme a m\u00ed\u201d. (Tui Viti levant\u00f3 su mano derecha en se\u00f1al a las canoas que entraban; las tripulaciones levantaron sus manos a modo de saludo y cayeron muertas). Cuando Tae-a-Tangaloa lleg\u00f3 al pasaje, la gente en la canoa lo mir\u00f3 y \u00e9l recit\u00f3 :<\/p><p class=\"lg verse\"><span class=\"l\">Sua, lau putuputu lau manunu<\/span><br \/><span class=\"l\">Kaho ia ka \u00e9l kaho lakulu<\/span><br \/><span class=\"l\">Talotalo ki le tua i manunu. S\u00faa.<\/span><br \/><span class=\"l\">Sua, demanda mi tukutukua mataseua<\/span><br \/><span class=\"l\">Kae mulisau ma the tokamea<\/span><br \/><span class=\"l\">Tu ki tai se kava se ula ma ke<\/span><br \/><span class=\"l\">Tapatapa keli ake te ika he<\/span><br \/><span class=\"l\">Palaoa e fakatalau ki te taotao<\/span><br \/><span class=\"l\">Amakula ko ai le ia le kava ola<\/span><br \/><span class=\"l\">Koa ia la ia la kava kona ui ifo<\/span><br \/><span class=\"l\">Aliki kei na ola ko au ko<\/span><br \/><span class=\"l\">Tae-a-Tangaloa. S\u00faa.<\/span><\/p><p>Al final de esta recitaci\u00f3n muri\u00f3 Tui Viti. Tae-a-Tangaloa desembarc\u00f3 y resucit\u00f3 a todas las personas que Tui Viti hab\u00eda matado al llegar a su isla y las hab\u00eda colgado de los \u00e1rboles. Tom\u00f3 un coco joven y la punta de una hoja de coco y fue al lugar donde hab\u00eda muerto Tui Viti. Abanic\u00f3 al viejo jefe con la hoja y parti\u00f3 la nuez joven, vertiendo el jugo sobre la cara de Tui Viti, y lo devolvi\u00f3 a la vida. Tui Viti gobern\u00f3 nuevamente sobre su isla y se cas\u00f3 con Te Malamafitakia<a id=\"reference-to-fn13_86\" title=\"La hija de Tae-a-Tangaloa aparece en la historia sin ninguna referencia a su origen o c\u00f3mo lleg\u00f3 a Fiji.\" href=\"https:\/\/nzetc.victoria.ac.nz\/tm\/scholarly\/tei-MacToke-t1-body-d1-d8.html#fn13_86\" target=\"_blank\" rel=\"noopener\"><\/a>, la hija de Tae-a-Tangaloa.<\/p>\t\t\t\t\t\t\t\t<\/div>\n\t\t\t\t<\/div>\n\t\t\t\t\t<\/div>\n\t\t<\/div>\n\t\t\t\t\t<\/div>\n\t\t<\/section>\n\t\t\t\t<\/div>","protected":false},"excerpt":{"rendered":"<p>Mitolog\u00eda Tokelau Wiki The Tales of Tokelau contiene numerosas referencias a personajes y eventos mitol\u00f3gicos que se encuentran en \u2026 <\/p>","protected":false},"author":1,"featured_media":0,"parent":10192,"menu_order":0,"comment_status":"closed","ping_status":"closed","template":"","meta":{"footnotes":""},"class_list":["post-21990","page","type-page","status-publish","hentry"],"amp_enabled":true,"_links":{"self":[{"href":"https:\/\/mythslegendes.com\/es\/wp-json\/wp\/v2\/pages\/21990","targetHints":{"allow":["GET"]}}],"collection":[{"href":"https:\/\/mythslegendes.com\/es\/wp-json\/wp\/v2\/pages"}],"about":[{"href":"https:\/\/mythslegendes.com\/es\/wp-json\/wp\/v2\/types\/page"}],"author":[{"embeddable":true,"href":"https:\/\/mythslegendes.com\/es\/wp-json\/wp\/v2\/users\/1"}],"replies":[{"embeddable":true,"href":"https:\/\/mythslegendes.com\/es\/wp-json\/wp\/v2\/comments?post=21990"}],"version-history":[{"count":3,"href":"https:\/\/mythslegendes.com\/es\/wp-json\/wp\/v2\/pages\/21990\/revisions"}],"predecessor-version":[{"id":21994,"href":"https:\/\/mythslegendes.com\/es\/wp-json\/wp\/v2\/pages\/21990\/revisions\/21994"}],"up":[{"embeddable":true,"href":"https:\/\/mythslegendes.com\/es\/wp-json\/wp\/v2\/pages\/10192"}],"wp:attachment":[{"href":"https:\/\/mythslegendes.com\/es\/wp-json\/wp\/v2\/media?parent=21990"}],"curies":[{"name":"wp","href":"https:\/\/api.w.org\/{rel}","templated":true}]}}