{"id":21995,"date":"2022-08-03T20:42:04","date_gmt":"2022-08-03T20:42:04","guid":{"rendered":"https:\/\/mythslegendes.com\/?page_id=21995"},"modified":"2022-08-03T20:46:12","modified_gmt":"2022-08-03T20:46:12","slug":"conte-tokelau-pupunatavai","status":"publish","type":"page","link":"https:\/\/mythslegendes.com\/es\/tokelau-mitologia\/cuento-tokelau-pupunatavai\/","title":{"rendered":"Cuento Tokelau: Pupunatavai"},"content":{"rendered":"<div data-elementor-type=\"wp-page\" data-elementor-id=\"21995\" class=\"elementor elementor-21995\">\n\t\t\t\t\t\t<section class=\"elementor-section elementor-top-section elementor-element elementor-element-592eb02 elementor-section-boxed elementor-section-height-default elementor-section-height-default\" data-id=\"592eb02\" data-element_type=\"section\" data-e-type=\"section\">\n\t\t\t\t\t\t<div class=\"elementor-container elementor-column-gap-default\">\n\t\t\t\t\t<div class=\"elementor-column elementor-col-50 elementor-top-column elementor-element elementor-element-8a50739\" data-id=\"8a50739\" data-element_type=\"column\" data-e-type=\"column\">\n\t\t\t<div class=\"elementor-widget-wrap elementor-element-populated\">\n\t\t\t\t\t\t<div class=\"elementor-element elementor-element-a70b6ac elementor-align-justify elementor-widget elementor-widget-button\" data-id=\"a70b6ac\" data-element_type=\"widget\" data-e-type=\"widget\" data-widget_type=\"button.default\">\n\t\t\t\t<div class=\"elementor-widget-container\">\n\t\t\t\t\t\t\t\t\t<div class=\"elementor-button-wrapper\">\n\t\t\t\t\t<a class=\"elementor-button elementor-button-link elementor-size-sm\" href=\"https:\/\/mythslegendes.com\/es\/tokelau-mitologia\/\">\n\t\t\t\t\t\t<span class=\"elementor-button-content-wrapper\">\n\t\t\t\t\t\t\t\t\t<span class=\"elementor-button-text\">Mitolog\u00eda de Tokelau<\/span>\n\t\t\t\t\t<\/span>\n\t\t\t\t\t<\/a>\n\t\t\t\t<\/div>\n\t\t\t\t\t\t\t\t<\/div>\n\t\t\t\t<\/div>\n\t\t\t\t\t<\/div>\n\t\t<\/div>\n\t\t\t\t<div class=\"elementor-column elementor-col-50 elementor-top-column elementor-element elementor-element-389709d\" data-id=\"389709d\" data-element_type=\"column\" data-e-type=\"column\">\n\t\t\t<div class=\"elementor-widget-wrap elementor-element-populated\">\n\t\t\t\t\t\t<div class=\"elementor-element elementor-element-2805854 elementor-align-justify elementor-widget elementor-widget-button\" data-id=\"2805854\" data-element_type=\"widget\" data-e-type=\"widget\" data-widget_type=\"button.default\">\n\t\t\t\t<div class=\"elementor-widget-container\">\n\t\t\t\t\t\t\t\t\t<div class=\"elementor-button-wrapper\">\n\t\t\t\t\t<a class=\"elementor-button elementor-button-link elementor-size-sm\" href=\"https:\/\/nzetc.victoria.ac.nz\/tm\/scholarly\/tei-MacToke-t1-body-d1-d8.html\" target=\"_blank\" rel=\"noopener\">\n\t\t\t\t\t\t<span class=\"elementor-button-content-wrapper\">\n\t\t\t\t\t\t\t\t\t<span class=\"elementor-button-text\">Wiki<\/span>\n\t\t\t\t\t<\/span>\n\t\t\t\t\t<\/a>\n\t\t\t\t<\/div>\n\t\t\t\t\t\t\t\t<\/div>\n\t\t\t\t<\/div>\n\t\t\t\t\t<\/div>\n\t\t<\/div>\n\t\t\t\t\t<\/div>\n\t\t<\/section>\n\t\t\t\t<section class=\"elementor-section elementor-top-section elementor-element elementor-element-2acf111 elementor-section-boxed elementor-section-height-default elementor-section-height-default\" data-id=\"2acf111\" data-element_type=\"section\" data-e-type=\"section\">\n\t\t\t\t\t\t<div class=\"elementor-container elementor-column-gap-default\">\n\t\t\t\t\t<div class=\"elementor-column elementor-col-100 elementor-top-column elementor-element elementor-element-eadc049\" data-id=\"eadc049\" data-element_type=\"column\" data-e-type=\"column\">\n\t\t\t<div class=\"elementor-widget-wrap elementor-element-populated\">\n\t\t\t\t\t\t<div class=\"elementor-element elementor-element-ccac181 elementor-widget elementor-widget-text-editor\" data-id=\"ccac181\" data-element_type=\"widget\" data-e-type=\"widget\" data-widget_type=\"text-editor.default\">\n\t\t\t\t<div class=\"elementor-widget-container\">\n\t\t\t\t\t\t\t\t\t<p>los cuentos de <a href=\"https:\/\/mythslegendes.com\/es\/tokelau-mitologia\/\">Tokelau<\/a> contienen muchas referencias a personajes y eventos mitol\u00f3gicos que se encuentran en cuentos de otras partes de Polinesia. Varios <a href=\"https:\/\/mythslegendes.com\/es\/\">mitos<\/a> mencionar los viajes a Fiji y la gente de all\u00ed, una caracter\u00edstica com\u00fan de los cuentos de Samoa. Esta es la historia de Tokelauan de Pupunatavai.<\/p><p><img decoding=\"async\" class=\"alignnone wp-image-9347 size-full\" src=\"http:\/\/mythslegendes.com\/wp-content\/uploads\/2020\/09\/cropped-AlphaOmega-e1602613368367.png\" alt=\"Pupunatavai\" width=\"25\" height=\"25\" title=\"\"><\/p>\t\t\t\t\t\t\t\t<\/div>\n\t\t\t\t<\/div>\n\t\t\t\t\t<\/div>\n\t\t<\/div>\n\t\t\t\t\t<\/div>\n\t\t<\/section>\n\t\t\t\t<section class=\"elementor-section elementor-top-section elementor-element elementor-element-a385552 elementor-section-boxed elementor-section-height-default elementor-section-height-default\" data-id=\"a385552\" data-element_type=\"section\" data-e-type=\"section\">\n\t\t\t\t\t\t<div class=\"elementor-container elementor-column-gap-default\">\n\t\t\t\t\t<div class=\"elementor-column elementor-col-100 elementor-top-column elementor-element elementor-element-015beab\" data-id=\"015beab\" data-element_type=\"column\" data-e-type=\"column\">\n\t\t\t<div class=\"elementor-widget-wrap elementor-element-populated\">\n\t\t\t\t\t\t<div class=\"elementor-element elementor-element-7b60abb elementor-widget elementor-widget-heading\" data-id=\"7b60abb\" data-element_type=\"widget\" data-e-type=\"widget\" data-widget_type=\"heading.default\">\n\t\t\t\t<div class=\"elementor-widget-container\">\n\t\t\t\t\t<div id=\"ez-toc-container\" class=\"ez-toc-v2_0_82_2 counter-hierarchy ez-toc-counter ez-toc-grey ez-toc-container-direction\">\n<div class=\"ez-toc-title-container\">\n<p class=\"ez-toc-title\" style=\"cursor:inherit\">Contenido<\/p>\n<span class=\"ez-toc-title-toggle\"><a href=\"#\" class=\"ez-toc-pull-right ez-toc-btn ez-toc-btn-xs ez-toc-btn-default ez-toc-toggle\" aria-label=\"Alternar tabla de contenidos\"><span class=\"ez-toc-js-icon-con\"><span class=\"\"><span class=\"eztoc-hide\" style=\"display:none;\">Palanca<\/span><span class=\"ez-toc-icon-toggle-span\"><svg style=\"fill: #999;color:#999\" xmlns=\"http:\/\/www.w3.org\/2000\/svg\" class=\"list-377408\" width=\"20px\" height=\"20px\" viewbox=\"0 0 24 24\" fill=\"none\"><path d=\"M6 6H4v2h2V6zm14 0H8v2h12V6zM4 11h2v2H4v-2zm16 0H8v2h12v-2zM4 16h2v2H4v-2zm16 0H8v2h12v-2z\" fill=\"currentColor\"><\/path><\/svg><svg style=\"fill: #999;color:#999\" class=\"arrow-unsorted-368013\" xmlns=\"http:\/\/www.w3.org\/2000\/svg\" width=\"10px\" height=\"10px\" viewbox=\"0 0 24 24\" version=\"1.2\" baseprofile=\"tiny\"><path d=\"M18.2 9.3l-6.2-6.3-6.2 6.3c-.2.2-.3.4-.3.7s.1.5.3.7c.2.2.4.3.7.3h11c.3 0 .5-.1.7-.3.2-.2.3-.5.3-.7s-.1-.5-.3-.7zM5.8 14.7l6.2 6.3 6.2-6.3c.2-.2.3-.5.3-.7s-.1-.5-.3-.7c-.2-.2-.4-.3-.7-.3h-11c-.3 0-.5.1-.7.3-.2.2-.3.5-.3.7s.1.5.3.7z\"\/><\/svg><\/span><\/span><\/span><\/a><\/span><\/div>\n<nav><ul class='ez-toc-list ez-toc-list-level-1' ><li class='ez-toc-page-1 ez-toc-heading-level-2'><a class=\"ez-toc-link ez-toc-heading-1\" href=\"https:\/\/mythslegendes.com\/es\/tokelau-mitologia\/cuento-tokelau-pupunatavai\/#The-Story-of-Pupunatavai\" >La historia de Pupunatavai<\/a><\/li><\/ul><\/nav><\/div>\n<h2 class=\"elementor-heading-title elementor-size-default\"><span class=\"ez-toc-section\" id=\"The-Story-of-Pupunatavai\"><\/span>La historia de Pupunatavai<span class=\"ez-toc-section-end\"><\/span><\/h2>\t\t\t\t<\/div>\n\t\t\t\t<\/div>\n\t\t\t\t\t<\/div>\n\t\t<\/div>\n\t\t\t\t\t<\/div>\n\t\t<\/section>\n\t\t\t\t<section class=\"elementor-section elementor-top-section elementor-element elementor-element-6facf24 elementor-section-boxed elementor-section-height-default elementor-section-height-default\" data-id=\"6facf24\" data-element_type=\"section\" data-e-type=\"section\">\n\t\t\t\t\t\t<div class=\"elementor-container elementor-column-gap-default\">\n\t\t\t\t\t<div class=\"elementor-column elementor-col-100 elementor-top-column elementor-element elementor-element-2deacce\" data-id=\"2deacce\" data-element_type=\"column\" data-e-type=\"column\">\n\t\t\t<div class=\"elementor-widget-wrap elementor-element-populated\">\n\t\t\t\t\t\t<div class=\"elementor-element elementor-element-73cd0a6 elementor-widget elementor-widget-text-editor\" data-id=\"73cd0a6\" data-element_type=\"widget\" data-e-type=\"widget\" data-widget_type=\"text-editor.default\">\n\t\t\t\t<div class=\"elementor-widget-container\">\n\t\t\t\t\t\t\t\t\t<p>Hab\u00eda una vez una pareja casada del mismo nombre, Pupunatavai. Con ellos viv\u00eda un esp\u00edritu, Matapula, quien not\u00f3 que Pupunatavai, la mujer, estaba embarazada; y empez\u00f3 a contar sus meses. Al acercarse el \u00faltimo mes, Matapula le envi\u00f3 un mensaje a esta mujer: \u201cCuando des a luz a tu beb\u00e9, me lo tienes que mandar a comer\u201d. Cuando naci\u00f3 el ni\u00f1o, ella hizo lo que Matapula le hab\u00eda ordenado y le envi\u00f3 el beb\u00e9; y se lo comi\u00f3.<\/p><p>Tiempo despu\u00e9s, Matapula not\u00f3 que Pupunatavai estaba embarazada nuevamente, y cont\u00f3 los meses de embarazo hasta que lleg\u00f3 el momento de que naciera el ni\u00f1o. Nuevamente envi\u00f3 a sus sirvientes con el mensaje: \u201cPupunatavai, si vas a tener otro hijo, debes envi\u00e1rmelo para comer\u201d. El ni\u00f1o naci\u00f3 poco despu\u00e9s de que los sirvientes de Matapula hubieran entregado el mensaje, y Pupunatavai envi\u00f3 a su segundo hijo a Matapula, quien tambi\u00e9n se comi\u00f3 a este.\u00a0<\/p><p>Sus embarazos continuaron, y cada vez que Matapula enviaba a sus sirvientes con el mismo mensaje y cada vez que el ni\u00f1o era enviado para que Matapula comiera, tan pronto como naci\u00f3. Esto continu\u00f3 hasta que Matapula hubo comido nueve hijos de Pupunatavai.<\/p><p>Cuando el d\u00e9cimo hijo estaba a punto de nacer, Matapula envi\u00f3 a sus sirvientes como de costumbre a Pupunatavai con la demanda del ni\u00f1o. Pero el ni\u00f1o que a\u00fan estaba en el vientre de su madre escuch\u00f3 lo que los sirvientes le hab\u00edan dicho y le cant\u00f3:<\/p><p class=\"lg verse\"><span class=\"l\">Punapunatevae\u2026e<\/span><br \/><span class=\"l\">Auma ia ko te tamaliki.<\/span><br \/><span class=\"l\">Ke faiai ko te kava.<\/span><br \/><span class=\"l\">Fakatali mai koe.<\/span><br \/><span class=\"l\">Ke fano ifo au.<\/span><br \/><span class=\"l\">Punapunatevai<\/span><br \/><span class=\"l\">La hinchaz\u00f3n del ni\u00f1o.<\/span><br \/><span class=\"l\">Haz la kava.<\/span><br \/><span class=\"l\">Espera aqu\u00ed,<\/span><br \/><span class=\"l\">bajar\u00e9.<\/span><\/p><p>Entonces el ni\u00f1o le dijo a su madre: &quot;\u00bfD\u00f3nde est\u00e1 el lugar para bajar?&quot; La madre respondi\u00f3: \u201cVen enseguida de mi pie\u201d. Pero el ni\u00f1o respondi\u00f3: &quot;No, no quiero venir del pie porque las piernas siempre est\u00e1n en los excrementos de los p\u00e1jaros y en las cosas sucias&quot;. Y grit\u00f3: &quot;\u00bfD\u00f3nde est\u00e1 el camino para salir?&quot; Entonces la madre respondi\u00f3: \u201cTienes que salir de mi mano\u201d. Pero el ni\u00f1o respondi\u00f3: \u201cNo, no quiero salir de tu mano porque la mano siempre huele a huevos de piojos en el cabello\u201d.<\/p><p>\u00a0Y de nuevo pregunt\u00f3 en voz alta: &quot;\u00bfPor d\u00f3nde voy a salir?&quot; Entonces su madre dijo: \u201cM\u00e1s vale que salgas como nacen todas las personas, de entre las piernas de una mujer\u201d. Luego naci\u00f3 el ni\u00f1o y un hombre alto se par\u00f3 frente a Pupunatavai.<\/p><p>Este hijo de Pupunatavai pregunt\u00f3 a los dos sirvientes de Matapula: \u201c\u00bfSon ustedes los dos que vinieron con el mensaje de Matapula? Sabes que soy un hombre fuerte y puedo romperlos en pedazos en poco tiempo. Incluso puedo romper tu legado. Y con eso quebr\u00f3 las piernas de un sirviente y la quijada del otro sirviente y los despidi\u00f3. El sirviente con la mand\u00edbula rota corri\u00f3 hacia su amo, mientras que el otro se arrastr\u00f3. Cuando lleg\u00f3 el primero, Matapula le pregunt\u00f3: &quot;\u00bfD\u00f3nde est\u00e1 el ni\u00f1o que te envi\u00e9 a traer aqu\u00ed?&quot;\u00a0<\/p><p>El sirviente trat\u00f3 de responder, pero todo lo que pudo hacer fue emitir sonidos ininteligibles. Entonces lleg\u00f3 el segundo sirviente, arrastr\u00e1ndose con las manos, y cont\u00f3 a su se\u00f1or todo lo que hab\u00eda sucedido: c\u00f3mo el ni\u00f1o les hab\u00eda hablado desde el vientre de su madre y c\u00f3mo, cuando naci\u00f3, se present\u00f3 ante ellos un gigante que parti\u00f3. el legado de uno de ellos y la quijada del otro.<\/p><p>Al escuchar esto, Matapula golpe\u00f3 su tambor de registro y convoc\u00f3 a toda su gente. Se reunieron en su casa y el ni\u00f1o gigante vino con ellos. Matapula se puso de pie ante su pueblo. Para mostrarles su fuerza, tom\u00f3 un gran palo y lo blandi\u00f3 sobre su cabeza, pero ninguna piedra se movi\u00f3 donde estaba, y la gente vio que sus piernas eran d\u00e9biles.<\/p><p>Entonces Vaea, el gigante reci\u00e9n nacido, tom\u00f3 el palo de Matapula y le dijo que se sentara. Blandi\u00f3 el palo y todas las piedras volaron. Matapula se alarm\u00f3 y grit\u00f3: &quot;Ning\u00fan gigante en el mundo o en el cielo vendr\u00e1 y pelear\u00e1 con el hombre fuerte, Vaea&quot;. La gente de Matapula lo abandon\u00f3 y Vaea regres\u00f3 con su madre.<\/p><p>Esa noche, Vaea le pidi\u00f3 a su hermana que fuera a pescar para \u00e9l. La ni\u00f1a tom\u00f3 su linterna y baj\u00f3 al mar donde vio que se acercaba una canoa. La canoa conten\u00eda a Malokilafulu, un gigante, y sus hermanos, Tauaputuputu, Tauatiniulu, Talofialekava y su hermana, Apakula. Llegaron al arrecife pero no pudieron varar su canoa. La hermana de Vaea volvi\u00f3 corriendo a dec\u00edrselo a Vaea y se ech\u00f3 a llorar. Vaea le dijo: \u201cNo llores por m\u00ed ni tengas miedo\u201d.<\/p><p>Los gigantes pensaron que nadie los hab\u00eda visto llegar en la oscuridad, as\u00ed que anclaron su canoa y se fueron a dormir en ella. Vaea baj\u00f3 al mar, tom\u00f3 la canoa anclada con un dedo, la dej\u00f3 en la orilla y durmi\u00f3 junto a ella. Durante la noche uno de los gigantes durmientes fue despertado por un sue\u00f1o.\u00a0<\/p><p>Despert\u00f3 a los dem\u00e1s y dijo: \u201cMi sue\u00f1o es que achiquemos nuestra canoa en la orilla y no en tierra\u201d. Cuando termin\u00f3, sus hermanos contaron sus sue\u00f1os; cada uno hab\u00eda so\u00f1ado con lo mismo. Malokilafulu dijo: &quot;Todav\u00eda estamos en la noche, pero ma\u00f1ana comeremos el h\u00edgado de Vaea&quot;.<\/p><p>Con la salida del sol descubrieron que hab\u00edan sido llevados a la casa de Vaea. Estaban muy asustados y le suplicaron a Vaea que no los matara. Malokilafulu prometi\u00f3 a su hermana, Apakula, a Vaea si los dejaba vivir. Vaea se cas\u00f3 con Apakula.<\/p><p>Despu\u00e9s de haber estado casado por alg\u00fan tiempo, les dijo a los cuatro hermanos: \u201cQuiero ir y ver algunas otras islas. Espera aqu\u00ed y vive con tu hermana. Entonces le dijo a su esposa: \u201cSi tienes un hijo que nos nazca mientras estoy fuera, debes darle mi nombre; pero si tienes una hija, puedes llamarla como quieras. Apakula viv\u00eda con su hermano, Malokilafulu, quien se enoj\u00f3 cuando llam\u00f3 Vaea a su beb\u00e9. Fue a sus hermanos y les dijo que Apakula ten\u00eda un hijo al que hab\u00eda llamado Vaea y que deb\u00edan planear matarlo.<\/p><p>Cuando Malokilafulu no estaba con ellos un d\u00eda, los hermanos le contaron a su hermana todo lo que Malokilafulu planeaba contra su hijo. Cuando Malokilafulu regres\u00f3 a su casa, Apakula dijo: \u201cSi est\u00e1s enojado conmigo y deseas matar a mi hijo, debes traerme su coraz\u00f3n\u201d. Malokilafulu inmediatamente sali\u00f3 de la casa. Prepar\u00f3 algunas fibras de c\u00e1scara de coco para hacer una cuerda sennit y las extendi\u00f3 en el suelo.\u00a0<\/p><p>Luego derram\u00f3 agua de una c\u00e1scara de coco sobre ellos y volvi\u00f3 a su lugar en la casa de los hermanos. &quot;\u00bfEl beb\u00e9 de Apakula me rompi\u00f3 las fibras?&quot; les pregunt\u00f3. Pero su respuesta fue que ning\u00fan ni\u00f1o se hab\u00eda acercado a las fibras. Entonces les orden\u00f3 que le trajeran el ni\u00f1o, diciendo que deseaba matarlo, porque si no lo hac\u00eda, el ni\u00f1o ir\u00eda a su padre. Trajeron al beb\u00e9 y, mientras los hermanos estaban sentados en la casa, Malokilafulu golpe\u00f3 al ni\u00f1o con un garrote hasta matarlo.<\/p><p>Apakula lleg\u00f3 a la casa y pidi\u00f3 el coraz\u00f3n de su beb\u00e9. Lo envolvieron en tapa y se lo dieron. Lo llev\u00f3 a cabo y fue al arrecife, donde grit\u00f3:<\/p><p class=\"lg verse\"><span class=\"l\">sihusihu launiu<\/span><br \/><span class=\"l\">Mau kau fakalava<\/span><br \/><span class=\"l\">Ko leo lauatau<\/span><br \/><span class=\"l\">Ay laku tama.<\/span><\/p><p class=\"lg verse\"><span class=\"l\">Kai ke ko puakina atu<\/span><br \/><span class=\"l\">Takumea nei fatu manava<\/span><br \/><span class=\"l\">Namaumau ete carne te alofa.<\/span><\/p><p>Se zambull\u00f3 en el mar y nad\u00f3 hasta el lugar donde Vaea se hab\u00eda ido a vivir. Ella le cont\u00f3 la historia de su hijo y le dio el coraz\u00f3n. Vaea le devolvi\u00f3 la vida al ni\u00f1o. Entonces Apakula le dijo que todos sus hermanos la amaban menos Malokilafulu, que hab\u00eda sido muy cruel y enojado con ella. Vaea dijo: &quot;Regresaremos a nuestra tierra y lucharemos&quot;. As\u00ed que \u00e9l, su esposa, su hijo y sus tres hijos, Fakataufili, Vakataufiki y Lae, a quienes hab\u00eda ense\u00f1ado a ser inteligentes en la lucha y r\u00e1pidos en la carrera, partieron hacia casa.<\/p><p>Cuando llegaron a su tierra donde viv\u00edan los hermanos gigantes, Apakula le se\u00f1al\u00f3 a Vaea a los hermanos que hab\u00edan sido amables con ella y luego con Malokilafulu. Vaea y los tres ni\u00f1os fueron a la casa de los gigantes y comenzaron a pelear. Apakula se escondi\u00f3 debajo de una \u00e1spera hoja de coco en la canoa.\u00a0<\/p><p>Malokilafulu huy\u00f3 de Vaea al lugar donde estaba la canoa y se par\u00f3 junto a la estera bajo la cual se escond\u00eda Apakula. Reconoci\u00f3 las piernas de su hermano y las cort\u00f3 con una azuela. Grit\u00f3: \u201cApakula e lofuatini\u201d. Su hermana respondi\u00f3: \u201cKo koe tena na e te pofepoa\u201d. Entonces ella lo mat\u00f3 con su adz.<\/p>\t\t\t\t\t\t\t\t<\/div>\n\t\t\t\t<\/div>\n\t\t\t\t\t<\/div>\n\t\t<\/div>\n\t\t\t\t\t<\/div>\n\t\t<\/section>\n\t\t\t\t<\/div>","protected":false},"excerpt":{"rendered":"<p>Mitolog\u00eda Tokelau Wiki The Tales of Tokelau contiene numerosas referencias a personajes y eventos mitol\u00f3gicos que se encuentran en \u2026 <\/p>","protected":false},"author":1,"featured_media":0,"parent":10192,"menu_order":0,"comment_status":"closed","ping_status":"closed","template":"","meta":{"footnotes":""},"class_list":["post-21995","page","type-page","status-publish","hentry"],"amp_enabled":true,"_links":{"self":[{"href":"https:\/\/mythslegendes.com\/es\/wp-json\/wp\/v2\/pages\/21995","targetHints":{"allow":["GET"]}}],"collection":[{"href":"https:\/\/mythslegendes.com\/es\/wp-json\/wp\/v2\/pages"}],"about":[{"href":"https:\/\/mythslegendes.com\/es\/wp-json\/wp\/v2\/types\/page"}],"author":[{"embeddable":true,"href":"https:\/\/mythslegendes.com\/es\/wp-json\/wp\/v2\/users\/1"}],"replies":[{"embeddable":true,"href":"https:\/\/mythslegendes.com\/es\/wp-json\/wp\/v2\/comments?post=21995"}],"version-history":[{"count":3,"href":"https:\/\/mythslegendes.com\/es\/wp-json\/wp\/v2\/pages\/21995\/revisions"}],"predecessor-version":[{"id":22011,"href":"https:\/\/mythslegendes.com\/es\/wp-json\/wp\/v2\/pages\/21995\/revisions\/22011"}],"up":[{"embeddable":true,"href":"https:\/\/mythslegendes.com\/es\/wp-json\/wp\/v2\/pages\/10192"}],"wp:attachment":[{"href":"https:\/\/mythslegendes.com\/es\/wp-json\/wp\/v2\/media?parent=21995"}],"curies":[{"name":"wp","href":"https:\/\/api.w.org\/{rel}","templated":true}]}}