{"id":2201,"date":"2020-07-10T10:33:45","date_gmt":"2020-07-10T09:33:45","guid":{"rendered":"https:\/\/mythslegendes.com\/?page_id=2201"},"modified":"2022-12-03T22:07:06","modified_gmt":"2022-12-03T22:07:06","slug":"antillia-lile-des-sept-cites","status":"publish","type":"page","link":"https:\/\/mythslegendes.com\/es\/mitologia-iberica\/antillia-lile-de-las-siete-ciudades\/","title":{"rendered":"Antillia la isla de las Siete Ciudades"},"content":{"rendered":"<div data-elementor-type=\"wp-page\" data-elementor-id=\"2201\" class=\"elementor elementor-2201\">\n\t\t\t\t\t\t<section class=\"elementor-section elementor-top-section elementor-element elementor-element-015f4be elementor-section-boxed elementor-section-height-default elementor-section-height-default\" data-id=\"015f4be\" data-element_type=\"section\" data-e-type=\"section\">\n\t\t\t\t\t\t<div class=\"elementor-container elementor-column-gap-default\">\n\t\t\t\t\t<div class=\"elementor-column elementor-col-50 elementor-top-column elementor-element elementor-element-3c3dc91\" data-id=\"3c3dc91\" data-element_type=\"column\" data-e-type=\"column\">\n\t\t\t<div class=\"elementor-widget-wrap elementor-element-populated\">\n\t\t\t\t\t\t<div class=\"elementor-element elementor-element-c861b78 elementor-align-justify elementor-widget elementor-widget-button\" data-id=\"c861b78\" data-element_type=\"widget\" data-e-type=\"widget\" data-widget_type=\"button.default\">\n\t\t\t\t<div class=\"elementor-widget-container\">\n\t\t\t\t\t\t\t\t\t<div class=\"elementor-button-wrapper\">\n\t\t\t\t\t<a class=\"elementor-button elementor-button-link elementor-size-sm\" href=\"https:\/\/mythslegendes.com\/es\/mitologia-iberica\/\">\n\t\t\t\t\t\t<span class=\"elementor-button-content-wrapper\">\n\t\t\t\t\t\t\t\t\t<span class=\"elementor-button-text\">Mitolog\u00eda ib\u00e9rica<\/span>\n\t\t\t\t\t<\/span>\n\t\t\t\t\t<\/a>\n\t\t\t\t<\/div>\n\t\t\t\t\t\t\t\t<\/div>\n\t\t\t\t<\/div>\n\t\t\t\t\t<\/div>\n\t\t<\/div>\n\t\t\t\t<div class=\"elementor-column elementor-col-50 elementor-top-column elementor-element elementor-element-39c54f6\" data-id=\"39c54f6\" data-element_type=\"column\" data-e-type=\"column\">\n\t\t\t<div class=\"elementor-widget-wrap elementor-element-populated\">\n\t\t\t\t\t\t<div class=\"elementor-element elementor-element-d9e56a4 elementor-align-justify elementor-widget elementor-widget-button\" data-id=\"d9e56a4\" data-element_type=\"widget\" data-e-type=\"widget\" data-widget_type=\"button.default\">\n\t\t\t\t<div class=\"elementor-widget-container\">\n\t\t\t\t\t\t\t\t\t<div class=\"elementor-button-wrapper\">\n\t\t\t\t\t<a class=\"elementor-button elementor-button-link elementor-size-sm\" href=\"https:\/\/en.wikipedia.org\/wiki\/Spanish_mythology\" target=\"_blank\" rel=\"noopener\">\n\t\t\t\t\t\t<span class=\"elementor-button-content-wrapper\">\n\t\t\t\t\t\t\t\t\t<span class=\"elementor-button-text\">Wiki<\/span>\n\t\t\t\t\t<\/span>\n\t\t\t\t\t<\/a>\n\t\t\t\t<\/div>\n\t\t\t\t\t\t\t\t<\/div>\n\t\t\t\t<\/div>\n\t\t\t\t\t<\/div>\n\t\t<\/div>\n\t\t\t\t\t<\/div>\n\t\t<\/section>\n\t\t\t\t<section class=\"elementor-section elementor-top-section elementor-element elementor-element-3a34ec71 elementor-section-boxed elementor-section-height-default elementor-section-height-default\" data-id=\"3a34ec71\" data-element_type=\"section\" data-e-type=\"section\">\n\t\t\t\t\t\t<div class=\"elementor-container elementor-column-gap-default\">\n\t\t\t\t\t<div class=\"elementor-column elementor-col-100 elementor-top-column elementor-element elementor-element-98f1f3b\" data-id=\"98f1f3b\" data-element_type=\"column\" data-e-type=\"column\">\n\t\t\t<div class=\"elementor-widget-wrap elementor-element-populated\">\n\t\t\t\t\t\t<div class=\"elementor-element elementor-element-6141c54e elementor-widget elementor-widget-text-editor\" data-id=\"6141c54e\" data-element_type=\"widget\" data-e-type=\"widget\" data-widget_type=\"text-editor.default\">\n\t\t\t\t<div class=\"elementor-widget-container\">\n\t\t\t\t\t\t\t\t\t<p><\/p>\n<div>La isla de Antillia o Antilia es una isla fantasma en el Oc\u00e9ano Atl\u00e1ntico, supuestamente ubicada al oeste de Espa\u00f1a. A menudo se confunde con la isla de las Siete Ciudades, Seven Cities, ilha das Sete Cidades (en portugu\u00e9s), Septe Cidades, Sanbrandan (o Saint-Brendan).<\/div>\n<div>\u00a0<\/div>\n<div><img decoding=\"async\" class=\"alignnone wp-image-5284 size-full\" src=\"https:\/\/mythslegendes.com\/wp-content\/uploads\/2020\/09\/AlphaOmega-e1602613368367.png\" alt=\"Antillia la isla de las siete ciudades\" width=\"25\" height=\"26\" title=\"\"><\/div>\n<div id=\"ez-toc-container\" class=\"ez-toc-v2_0_82_2 counter-hierarchy ez-toc-counter ez-toc-grey ez-toc-container-direction\">\n<div class=\"ez-toc-title-container\">\n<p class=\"ez-toc-title\" style=\"cursor:inherit\">Contenido<\/p>\n<span class=\"ez-toc-title-toggle\"><a href=\"#\" class=\"ez-toc-pull-right ez-toc-btn ez-toc-btn-xs ez-toc-btn-default ez-toc-toggle\" aria-label=\"Alternar tabla de contenidos\"><span class=\"ez-toc-js-icon-con\"><span class=\"\"><span class=\"eztoc-hide\" style=\"display:none;\">Palanca<\/span><span class=\"ez-toc-icon-toggle-span\"><svg style=\"fill: #999;color:#999\" xmlns=\"http:\/\/www.w3.org\/2000\/svg\" class=\"list-377408\" width=\"20px\" height=\"20px\" viewbox=\"0 0 24 24\" fill=\"none\"><path d=\"M6 6H4v2h2V6zm14 0H8v2h12V6zM4 11h2v2H4v-2zm16 0H8v2h12v-2zM4 16h2v2H4v-2zm16 0H8v2h12v-2z\" fill=\"currentColor\"><\/path><\/svg><svg style=\"fill: #999;color:#999\" class=\"arrow-unsorted-368013\" xmlns=\"http:\/\/www.w3.org\/2000\/svg\" width=\"10px\" height=\"10px\" viewbox=\"0 0 24 24\" version=\"1.2\" baseprofile=\"tiny\"><path d=\"M18.2 9.3l-6.2-6.3-6.2 6.3c-.2.2-.3.4-.3.7s.1.5.3.7c.2.2.4.3.7.3h11c.3 0 .5-.1.7-.3.2-.2.3-.5.3-.7s-.1-.5-.3-.7zM5.8 14.7l6.2 6.3 6.2-6.3c.2-.2.3-.5.3-.7s-.1-.5-.3-.7c-.2-.2-.4-.3-.7-.3h-11c-.3 0-.5.1-.7.3-.2.2-.3.5-.3.7s.1.5.3.7z\"\/><\/svg><\/span><\/span><\/span><\/a><\/span><\/div>\n<nav><ul class='ez-toc-list ez-toc-list-level-1' ><li class='ez-toc-page-1 ez-toc-heading-level-2'><a class=\"ez-toc-link ez-toc-heading-1\" href=\"https:\/\/mythslegendes.com\/es\/mitologia-iberica\/antillia-lile-de-las-siete-ciudades\/#Antillia-lile-des-sept-cites\" >Antillia la isla de las siete ciudades<\/a><\/li><\/ul><\/nav><\/div>\n<h2><span class=\"ez-toc-section\" id=\"Antillia-lile-des-sept-cites\"><\/span>Antillia la isla de las siete ciudades<span class=\"ez-toc-section-end\"><\/span><\/h2>\n<div>\u00a0<\/div>\n<div>Algunos todav\u00eda encuentran una conexi\u00f3n entre Antilia y Atlantis; otros, versados en el conocimiento de las lenguas orientales, pensaban que Antilia correspond\u00eda a Djeziret-el-Tennyn o la isla de las serpientes de los cosm\u00f3grafos \u00e1rabes; de hecho, en algunos mapas de los siglos XIV y XV se muestra una isla cerca de la cual un hombre es devorado por serpientes. Antilia tambi\u00e9n podr\u00eda ser la traducci\u00f3n del \u00e1rabe Tennyn. Tambi\u00e9n se ha afirmado que la etimolog\u00eda de Antilia era ante insula, isla anterior, y, en este caso, Antilia no ser\u00eda m\u00e1s que una reminiscencia de aquella misteriosa isla en el oc\u00e9ano que Arist\u00f3teles llam\u00f3 antiporymos y Ptolomeo &#039;aprositos&#039;.<\/div>\n<p><\/p>\n<p><\/p>\n<p>Pedro de Medina, escritor <a href=\"https:\/\/mythslegendes.com\/es\/mitologia-iberica\/\">espa\u00f1ol<\/a> del siglo XVI, informa que, en un Ptolomeo ofrecido al Papa Urbano VI, quien rein\u00f3 de 1378 a 1389, se percat\u00f3 de la isla Antilia que albergaba el <a href=\"https:\/\/mythslegendes.com\/es\/\">leyenda<\/a> siguiente, pr\u00f3ximo :<\/p>\n<p><\/p>\n<p><\/p>\n<p><em>\u201cIsla insula Antilia, aliquando a Lusitanis est inventa, sed modo quando quaeritur, non inventur\u201d.<\/em><\/p>\n<p><\/p>\n<p><\/p>\n<p>Es probable que este sea solo uno de esos mapas adicionales que los eruditos agregaron a los manuscritos de Ptolomeo, a medida que avanzaban los descubrimientos geogr\u00e1ficos, para informar de alguna manera a su autor favorito, porque no encontramos la isla de Antilia marcada en ninguno de los mapas del siglo XIV. Es cierto que todav\u00eda se quer\u00eda encontrar Antilia en el mapa trazado en 1367 por Pizzigani. Efectivamente podemos distinguir en una isla muy al oeste del Atl\u00e1ntico en la que aparecen dos estatuas con la siguiente menci\u00f3n:<\/p>\n<p><\/p>\n<p><\/p>\n<p><em>\u201cHae sunt statuae quae stant ante ripas Antilliae, quarum quae in fundo ad securandos homines navigantes, quare est fusum ad ista maria quousque possint navigare, et foras porrecta statua est mare sorde quo non possint intrare nautae\u201d.<\/em><\/p>\n<p><\/p>\n<p><\/p>\n<p>Pero el mapa de Pizzigani es dif\u00edcil de leer.\u00a0<em>Ad ripas antillae<\/em>\u00a0lee tan bien como\u00a0<em>ad ripas atullio<\/em>, e incluso\u00a0<em>Adripas istius insulae<\/em>. Por lo tanto, no es en el siglo XIV cuando encontramos a Antilia mencionada con precisi\u00f3n.<\/p>\n<p><\/p>\n<p><\/p>\n<p>El primer indicio cierto de Antilia se fija en el a\u00f1o 1414, cuando, seg\u00fan Behaim, un barco espa\u00f1ol se acerc\u00f3 por primera vez a esta isla y la dio a conocer a Europa. A partir de entonces, Antilia aparece en casi todos los mapas. Jean-Antoine Letronne en una serie de art\u00edculos sobre la <a href=\"https:\/\/mythslegendes.com\/es\/bibliotecas-de-libros\/\">libro<\/a> por Alejandro de Humboldt\u00a0<em>Rese\u00f1a cr\u00edtica de la historia de la geograf\u00eda del Nuevo Continente y los avances de la astronom\u00eda n\u00e1utica en los siglos XV y XVI<\/em>\u00a0siglos, indicado en\u00a0<em>Revista de acad\u00e9micos del Institut de France<\/em>, confirma que el t\u00e9rmino Antillia aparece en cartas n\u00e1uticas y mapas del mundo despu\u00e9s del siglo XIV.<\/p>\n<p>La isla de Antilia est\u00e1 indicada en particular en el globo terr\u00e1queo de Martin Behaim (1491-1493), en el mapa de Paolo Toscanelli (1468), el del genov\u00e9s Bartolomeo Pareto, elaborado en 1455 y publicado por Andr\u00e9s, el mapamundi de Fra Mauro en 1457 y el mapa de Andrea Benincasa elaborado en 1476, as\u00ed como en el Atlas de Andrea Bianco (1436) publicado por Formaleoni en 1789. El mapa de Vinland (1434) indica una isla llamada &quot;Antilia&quot; situada al norte de otra isla llamada &quot;Isla Branzil\u00e6&quot;.<\/p>\n<p>La carta n\u00e1utica de Pizzigano (1424) tambi\u00e9n indica una isla de color rojo llamada \u201cAntilia\u201d. Se encuentra en el Portulan Anc\u00f4nitain de 1474, conservado en el <a href=\"https:\/\/mythslegendes.com\/es\/bibliotecas-de-libros\/\">biblioteca<\/a> gran ducal de Weimar, y en la de los genoveses Beccaria o Becclaria conservada en la biblioteca de Parma.<\/p>\n<p><\/p>\n<p><\/p>\n<p>El matem\u00e1tico florentino Toscanelli, que fue corresponsal de Col\u00f3n y le confirm\u00f3 en su resoluci\u00f3n de buscar la ruta de las Indias por el oeste, hab\u00eda trazado cuidadosamente un mapa del viaje que deb\u00eda emprenderse en esa direcci\u00f3n, y figuraba all\u00ed Antilia como estaci\u00f3n intermediaria. en el camino de Lisboa a las Indias por el oeste. En la carta que acompa\u00f1a este mapa, habla de Antilia como pa\u00eds conocido:<\/p>\n<p><\/p>\n<p><\/p>\n<p><em>\u201cDesde la isla de Antilia, que ya sab\u00e9is, hasta la isla m\u00e1s noble de Cippangu, etc. &quot;.<\/em><\/p>\n<p><\/p>\n<p><\/p>\n<p>Lamentablemente, el mapa de Toscanelli se ha perdido y es casi imposible evaluar con precisi\u00f3n las distancias fijadas por el erudito florentino.<\/p>\n<p><\/p>\n<p><\/p>\n<p>Sin embargo, un globo dibujado unos a\u00f1os m\u00e1s tarde por Behaim, y que se cree que es una reproducci\u00f3n del mapa de Toscanelli, sit\u00faa a Antilia bajo el 33\u00ba de longitud occidental. Ortelius y Mercator todav\u00eda lo dibujan en sus atlas. En general todos estos mapas le dan forma rectangular, y lo convierten en un pa\u00eds del tama\u00f1o de Espa\u00f1a.<\/p>\n<p>Las costillas se describen con una gran apariencia de exactitud. Encontramos all\u00ed los mismos detalles que en aquellas tierras imaginarias del Polo Norte o del Polo Sur que con tanto cuidado se dibujaron en los atlas hasta el siglo XVIII. As\u00ed que desde el siglo XIV todos los marineros cre\u00edan en la existencia del Antilia.<\/p>\n<p><\/p>\n<p><\/p>\n<p>Antilia desaparecer\u00e1 de los mapas cuando se descubra el Nuevo Mundo. Si hoy en d\u00eda este nombre todav\u00eda se aplica a todo un archipi\u00e9lago, es el efecto de pura casualidad geogr\u00e1fica. Col\u00f3n, Oviedo, Acosta, Gomara y los primeros historiadores espa\u00f1oles de Am\u00e9rica nunca hablan de Antilia. Los mapas del mundo agregados como de costumbre a las ediciones de Ptolomeo no lo mencionan m\u00e1s. En los mapas de Juan de la Cosa o Ribeira no hay rastro del nombre de las Antillas.<\/p>\n<p><\/p>\n<p><\/p>\n<p>En la colecci\u00f3n italiana de Todas las islas del mundo de Benedetto Bordone, en el Isolario de Porcacchi, en la Cosmograf\u00eda de Andr\u00e9 Thevet, en la Descripci\u00f3n de las Indias de Herrera, nunca aparece el nombre de las Antillas.<\/p>\n<p><\/p>\n<p><\/p>\n<p>El archipi\u00e9lago que hoy lleva este nombre se conoce como Lucayes, Caribe o incluso Camercanes. Sin duda, Pierre Martyr d&#039;Anghiera ya hab\u00eda propuesto este nombre en sus D\u00e9cadas, y Amerigo Vespucci, la \u00fanica vez que cita a Col\u00f3n, tambi\u00e9n habla de Antilia, pero, a pesar de esta doble autoridad, el nombre de Antillas, todav\u00eda un siglo entero, debe han sido desconocidos. Fue solo a partir del siglo XVII que la gran fama de los mapas de Wytfliet y Ortelius, quienes, sin duda por memoria de erudici\u00f3n, hab\u00edan revivido esta denominaci\u00f3n, se fijaron para siempre en los mapas de Am\u00e9rica.<\/p>\n<p><\/p>\n<p><\/p>\n<p>El Antilia era por lo tanto s\u00f3lo uno <a href=\"https:\/\/mythslegendes.com\/es\/\">mito<\/a> geogr\u00e1fica, pero en la que dejamos de creer mucho antes que en la isla de San Brand\u00e1n. S\u00f3lo que, por una singular coincidencia, ninguna tierra lleva hoy el nombre del santo <a href=\"https:\/\/mythslegendes.com\/es\/mitologia-irlandesa\/\">irlandesa<\/a>, mientras que el hermoso archipi\u00e9lago del Mar de M\u00e9xico conserv\u00f3 el nombre que no le fue asignado definitivamente hasta mucho despu\u00e9s de su descubrimiento. Este mito, cualquiera que sea su fortuna, demuestra, pues, una vez m\u00e1s, cu\u00e1n profundamente qued\u00f3 grabada en la mente de las personas la creencia en la existencia de islas o continentes en el Oc\u00e9ano Atl\u00e1ntico.<\/p>\n<p><\/p>\t\t\t\t\t\t\t\t<\/div>\n\t\t\t\t<\/div>\n\t\t\t\t\t<\/div>\n\t\t<\/div>\n\t\t\t\t\t<\/div>\n\t\t<\/section>\n\t\t\t\t<\/div>","protected":false},"excerpt":{"rendered":"<p>Wiki Mitolog\u00eda Ib\u00e9rica La isla de Antillia o Antilia es una isla fantasma en el Oc\u00e9ano Atl\u00e1ntico, supuestamente ubicada al oeste de Espa\u00f1a. \u2026 <\/p>","protected":false},"author":1,"featured_media":0,"parent":2187,"menu_order":0,"comment_status":"closed","ping_status":"closed","template":"","meta":{"footnotes":""},"class_list":["post-2201","page","type-page","status-publish","hentry"],"amp_enabled":true,"_links":{"self":[{"href":"https:\/\/mythslegendes.com\/es\/wp-json\/wp\/v2\/pages\/2201","targetHints":{"allow":["GET"]}}],"collection":[{"href":"https:\/\/mythslegendes.com\/es\/wp-json\/wp\/v2\/pages"}],"about":[{"href":"https:\/\/mythslegendes.com\/es\/wp-json\/wp\/v2\/types\/page"}],"author":[{"embeddable":true,"href":"https:\/\/mythslegendes.com\/es\/wp-json\/wp\/v2\/users\/1"}],"replies":[{"embeddable":true,"href":"https:\/\/mythslegendes.com\/es\/wp-json\/wp\/v2\/comments?post=2201"}],"version-history":[{"count":1,"href":"https:\/\/mythslegendes.com\/es\/wp-json\/wp\/v2\/pages\/2201\/revisions"}],"predecessor-version":[{"id":24739,"href":"https:\/\/mythslegendes.com\/es\/wp-json\/wp\/v2\/pages\/2201\/revisions\/24739"}],"up":[{"embeddable":true,"href":"https:\/\/mythslegendes.com\/es\/wp-json\/wp\/v2\/pages\/2187"}],"wp:attachment":[{"href":"https:\/\/mythslegendes.com\/es\/wp-json\/wp\/v2\/media?parent=2201"}],"curies":[{"name":"wp","href":"https:\/\/api.w.org\/{rel}","templated":true}]}}