{"id":22012,"date":"2022-08-03T23:54:24","date_gmt":"2022-08-03T23:54:24","guid":{"rendered":"https:\/\/mythslegendes.com\/?page_id=22012"},"modified":"2022-08-03T23:57:27","modified_gmt":"2022-08-03T23:57:27","slug":"conte-cheyenne-arrow-boy","status":"publish","type":"page","link":"https:\/\/mythslegendes.com\/es\/cheyenne-arapaho-mitologia\/cuento-cheyenne-arrow-boy\/","title":{"rendered":"Cuento de Cheyenne: Arrow Boy"},"content":{"rendered":"<div data-elementor-type=\"wp-page\" data-elementor-id=\"22012\" class=\"elementor elementor-22012\">\n\t\t\t\t\t\t<section class=\"elementor-section elementor-top-section elementor-element elementor-element-246a90e elementor-section-boxed elementor-section-height-default elementor-section-height-default\" data-id=\"246a90e\" data-element_type=\"section\" data-e-type=\"section\">\n\t\t\t\t\t\t<div class=\"elementor-container elementor-column-gap-default\">\n\t\t\t\t\t<div class=\"elementor-column elementor-col-50 elementor-top-column elementor-element elementor-element-4947c48\" data-id=\"4947c48\" data-element_type=\"column\" data-e-type=\"column\">\n\t\t\t<div class=\"elementor-widget-wrap elementor-element-populated\">\n\t\t\t\t\t\t<div class=\"elementor-element elementor-element-b3935ce elementor-align-justify elementor-widget elementor-widget-button\" data-id=\"b3935ce\" data-element_type=\"widget\" data-e-type=\"widget\" data-widget_type=\"button.default\">\n\t\t\t\t<div class=\"elementor-widget-container\">\n\t\t\t\t\t\t\t\t\t<div class=\"elementor-button-wrapper\">\n\t\t\t\t\t<a class=\"elementor-button elementor-button-link elementor-size-sm\" href=\"https:\/\/mythslegendes.com\/es\/cheyenne-arapaho-mitologia\/\">\n\t\t\t\t\t\t<span class=\"elementor-button-content-wrapper\">\n\t\t\t\t\t\t\t\t\t<span class=\"elementor-button-text\">Mitolog\u00eda Cheyenne-Arapaho<\/span>\n\t\t\t\t\t<\/span>\n\t\t\t\t\t<\/a>\n\t\t\t\t<\/div>\n\t\t\t\t\t\t\t\t<\/div>\n\t\t\t\t<\/div>\n\t\t\t\t\t<\/div>\n\t\t<\/div>\n\t\t\t\t<div class=\"elementor-column elementor-col-50 elementor-top-column elementor-element elementor-element-c172095\" data-id=\"c172095\" data-element_type=\"column\" data-e-type=\"column\">\n\t\t\t<div class=\"elementor-widget-wrap elementor-element-populated\">\n\t\t\t\t\t\t<div class=\"elementor-element elementor-element-f5686a7 elementor-align-justify elementor-widget elementor-widget-button\" data-id=\"f5686a7\" data-element_type=\"widget\" data-e-type=\"widget\" data-widget_type=\"button.default\">\n\t\t\t\t<div class=\"elementor-widget-container\">\n\t\t\t\t\t\t\t\t\t<div class=\"elementor-button-wrapper\">\n\t\t\t\t\t<a class=\"elementor-button elementor-button-link elementor-size-sm\" href=\"https:\/\/www.firstpeople.us\/FP-Html-Legends\/ArrowBoy-Cheyenne.html\" target=\"_blank\" rel=\"noopener\">\n\t\t\t\t\t\t<span class=\"elementor-button-content-wrapper\">\n\t\t\t\t\t\t\t\t\t<span class=\"elementor-button-text\">Wiki<\/span>\n\t\t\t\t\t<\/span>\n\t\t\t\t\t<\/a>\n\t\t\t\t<\/div>\n\t\t\t\t\t\t\t\t<\/div>\n\t\t\t\t<\/div>\n\t\t\t\t\t<\/div>\n\t\t<\/div>\n\t\t\t\t\t<\/div>\n\t\t<\/section>\n\t\t\t\t<section class=\"elementor-section elementor-top-section elementor-element elementor-element-fc82f61 elementor-section-boxed elementor-section-height-default elementor-section-height-default\" data-id=\"fc82f61\" data-element_type=\"section\" data-e-type=\"section\">\n\t\t\t\t\t\t<div class=\"elementor-container elementor-column-gap-default\">\n\t\t\t\t\t<div class=\"elementor-column elementor-col-100 elementor-top-column elementor-element elementor-element-3ebc338\" data-id=\"3ebc338\" data-element_type=\"column\" data-e-type=\"column\">\n\t\t\t<div class=\"elementor-widget-wrap elementor-element-populated\">\n\t\t\t\t\t\t<div class=\"elementor-element elementor-element-cd4b1e1 elementor-widget elementor-widget-text-editor\" data-id=\"cd4b1e1\" data-element_type=\"widget\" data-e-type=\"widget\" data-widget_type=\"text-editor.default\">\n\t\t\t\t<div class=\"elementor-widget-container\">\n\t\t\t\t\t\t\t\t\t<p>los\u00a0<strong><a href=\"https:\/\/mythslegendes.com\/es\/cheyenne-arapaho-mitologia\/\">Cheyennes<\/a><\/strong> son una naci\u00f3n nativa americana de las Grandes Llanuras, aliados cercanos de los <a href=\"https:\/\/mythslegendes.com\/es\/cheyenne-arapaho-mitologia\/\">Arapahos<\/a> y generalmente aliados de los Lakotas (<a href=\"https:\/\/mythslegendes.com\/es\/mythes-et-legendes-siouans-2127\/\">siux<\/a>). Son una de las tribus de las Llanuras m\u00e1s famosas e importantes. Aqu\u00ed est\u00e1 su historia: Arrow Boy.<\/p><p><img decoding=\"async\" class=\"alignnone wp-image-9347 size-full\" src=\"http:\/\/mythslegendes.com\/wp-content\/uploads\/2020\/09\/cropped-AlphaOmega-e1602613368367.png\" alt=\"Chico flecha\" width=\"25\" height=\"25\" title=\"\"><\/p>\t\t\t\t\t\t\t\t<\/div>\n\t\t\t\t<\/div>\n\t\t\t\t\t<\/div>\n\t\t<\/div>\n\t\t\t\t\t<\/div>\n\t\t<\/section>\n\t\t\t\t<section class=\"elementor-section elementor-top-section elementor-element elementor-element-de1c63e elementor-section-boxed elementor-section-height-default elementor-section-height-default\" data-id=\"de1c63e\" data-element_type=\"section\" data-e-type=\"section\">\n\t\t\t\t\t\t<div class=\"elementor-container elementor-column-gap-default\">\n\t\t\t\t\t<div class=\"elementor-column elementor-col-100 elementor-top-column elementor-element elementor-element-0a7c6e6\" data-id=\"0a7c6e6\" data-element_type=\"column\" data-e-type=\"column\">\n\t\t\t<div class=\"elementor-widget-wrap elementor-element-populated\">\n\t\t\t\t\t\t<div class=\"elementor-element elementor-element-9bfffc9 elementor-widget elementor-widget-heading\" data-id=\"9bfffc9\" data-element_type=\"widget\" data-e-type=\"widget\" data-widget_type=\"heading.default\">\n\t\t\t\t<div class=\"elementor-widget-container\">\n\t\t\t\t\t<div id=\"ez-toc-container\" class=\"ez-toc-v2_0_82_2 counter-hierarchy ez-toc-counter ez-toc-grey ez-toc-container-direction\">\n<div class=\"ez-toc-title-container\">\n<p class=\"ez-toc-title\" style=\"cursor:inherit\">Contenido<\/p>\n<span class=\"ez-toc-title-toggle\"><a href=\"#\" class=\"ez-toc-pull-right ez-toc-btn ez-toc-btn-xs ez-toc-btn-default ez-toc-toggle\" aria-label=\"Alternar tabla de contenidos\"><span class=\"ez-toc-js-icon-con\"><span class=\"\"><span class=\"eztoc-hide\" style=\"display:none;\">Palanca<\/span><span class=\"ez-toc-icon-toggle-span\"><svg style=\"fill: #999;color:#999\" xmlns=\"http:\/\/www.w3.org\/2000\/svg\" class=\"list-377408\" width=\"20px\" height=\"20px\" viewbox=\"0 0 24 24\" fill=\"none\"><path d=\"M6 6H4v2h2V6zm14 0H8v2h12V6zM4 11h2v2H4v-2zm16 0H8v2h12v-2zM4 16h2v2H4v-2zm16 0H8v2h12v-2z\" fill=\"currentColor\"><\/path><\/svg><svg style=\"fill: #999;color:#999\" class=\"arrow-unsorted-368013\" xmlns=\"http:\/\/www.w3.org\/2000\/svg\" width=\"10px\" height=\"10px\" viewbox=\"0 0 24 24\" version=\"1.2\" baseprofile=\"tiny\"><path d=\"M18.2 9.3l-6.2-6.3-6.2 6.3c-.2.2-.3.4-.3.7s.1.5.3.7c.2.2.4.3.7.3h11c.3 0 .5-.1.7-.3.2-.2.3-.5.3-.7s-.1-.5-.3-.7zM5.8 14.7l6.2 6.3 6.2-6.3c.2-.2.3-.5.3-.7s-.1-.5-.3-.7c-.2-.2-.4-.3-.7-.3h-11c-.3 0-.5.1-.7.3-.2.2-.3.5-.3.7s.1.5.3.7z\"\/><\/svg><\/span><\/span><\/span><\/a><\/span><\/div>\n<nav><ul class='ez-toc-list ez-toc-list-level-1' ><li class='ez-toc-page-1 ez-toc-heading-level-2'><a class=\"ez-toc-link ez-toc-heading-1\" href=\"https:\/\/mythslegendes.com\/es\/cheyenne-arapaho-mitologia\/cuento-cheyenne-arrow-boy\/#Arrow-Boy\" >Chico flecha<\/a><\/li><\/ul><\/nav><\/div>\n<h2 class=\"elementor-heading-title elementor-size-default\"><span class=\"ez-toc-section\" id=\"Arrow-Boy\"><\/span>Chico flecha<span class=\"ez-toc-section-end\"><\/span><\/h2>\t\t\t\t<\/div>\n\t\t\t\t<\/div>\n\t\t\t\t\t<\/div>\n\t\t<\/div>\n\t\t\t\t\t<\/div>\n\t\t<\/section>\n\t\t\t\t<section class=\"elementor-section elementor-top-section elementor-element elementor-element-6322b4d elementor-section-boxed elementor-section-height-default elementor-section-height-default\" data-id=\"6322b4d\" data-element_type=\"section\" data-e-type=\"section\">\n\t\t\t\t\t\t<div class=\"elementor-container elementor-column-gap-default\">\n\t\t\t\t\t<div class=\"elementor-column elementor-col-100 elementor-top-column elementor-element elementor-element-3e02619\" data-id=\"3e02619\" data-element_type=\"column\" data-e-type=\"column\">\n\t\t\t<div class=\"elementor-widget-wrap elementor-element-populated\">\n\t\t\t\t\t\t<div class=\"elementor-element elementor-element-819f63b elementor-widget elementor-widget-text-editor\" data-id=\"819f63b\" data-element_type=\"widget\" data-e-type=\"widget\" data-widget_type=\"text-editor.default\">\n\t\t\t\t<div class=\"elementor-widget-container\">\n\t\t\t\t\t\t\t\t\t<p>Arrow Boy, el ni\u00f1o maravilloso, realiza una actuaci\u00f3n m\u00e1gica que a\u00fan se representa durante las ceremonias Sioux Yuwipi, en las que el curandero est\u00e1 atado con una correa de cuero sin curtir y cubierto con una manta de estrellas (anteriormente una t\u00fanica de b\u00fafalo) mientras luces espeluznantes parpadean y sonajeros invisibles y se escuchan voces extra\u00f1as.<\/p>\n<p>la alfarer\u00eda <a href=\"https:\/\/mythslegendes.com\/es\/mitologia-de-los-pueblos\/\">Pueblos<\/a> tienen otra versi\u00f3n de este cuento que llaman la leyenda del Ni\u00f1o de Agua-Olla.<\/p>\n<p>Despu\u00e9s de que los Cheyenne recibieron su ma\u00edz, y mientras a\u00fan estaban en el norte, un hombre y una mujer j\u00f3venes de la tribu se casaron.<\/p>\n<p>La mujer qued\u00f3 embarazada y llev\u00f3 a su hijo en el vientre durante cuatro a\u00f1os. La gente miraba con gran inter\u00e9s para ver lo que suceder\u00eda, y cuando la mujer dio a luz a un hermoso ni\u00f1o en el cuarto a\u00f1o, lo consideraron sobrenatural. Al poco tiempo, la mujer y su esposo murieron, y el ni\u00f1o fue acogido por su abuela, que viv\u00eda sola.<\/p>\n<p>Aprendi\u00f3 a caminar y hablar muy r\u00e1pido. Le dieron una t\u00fanica de becerro de b\u00fafalo e inmediatamente le dio la vuelta para que el lado del cabello quedara hacia afuera, como la usaban los curanderos.<\/p>\n<p>Entre los Cheyenne hab\u00eda ciertos curanderos de extraordinaria sabidur\u00eda y poderes sobrenaturales. A veces se reun\u00edan y levantaban una caba\u00f1a. Sentados en un gran c\u00edrculo, cantaron y realizaron curiosos rituales, despu\u00e9s de lo cual cada hombre se levant\u00f3 y realiz\u00f3 maravillas ante la multitud.<\/p>\n<p>Uno de estos bailes m\u00e1gicos se llev\u00f3 a cabo cuando el ni\u00f1o ten\u00eda unos diez a\u00f1os. Hizo que su abuela le preguntara si pod\u00eda participar, y los curanderos lo dejaron entrar al albergue.<\/p>\n<p>&quot;\u00bfDonde quieres vivir?&quot; pregunt\u00f3 el jefe de los curanderos, queriendo decir &quot;\u00bfD\u00f3nde quieres sentarte?&quot;<\/p>\n<p>Sin ceremonia, el ni\u00f1o se sent\u00f3 junto al jefe. Al hombre que lo hab\u00eda hecho pasar, el ni\u00f1o le dio instrucciones para que pintara su cuerpo de rojo y dibujara anillos negros alrededor de su cara, mu\u00f1ecas y tobillos.<\/p>\n<p>La actuaci\u00f3n comenz\u00f3 en un extremo del c\u00edrculo. Cuando lleg\u00f3 el turno del ni\u00f1o, le dijo a la gente lo que iba a hacer. Us\u00f3 hierba dulce para quemar incienso. Luego pas\u00f3 la cuerda de su arco de tend\u00f3n de b\u00fafalo al este, sur, oeste y norte a trav\u00e9s del humo. Pidi\u00f3 a dos hombres que lo ayudaran y les dijo que ataran la cuerda de su arco alrededor de su cuello, cubrieran su cuerpo con su t\u00fanica y tiraran de los extremos de la cuerda.<\/p>\n<p>Tiraron con todas sus fuerzas, pero no pudieron moverlo. Les dijo que tiraran m\u00e1s fuerte y, mientras tiraban de la cuerda, le cortaron la cabeza. Sali\u00f3 rodando de debajo de la t\u00fanica y los hombres se la volvieron a poner.<\/p>\n<p>A continuaci\u00f3n, los hombres levantaron la t\u00fanica. En lugar del ni\u00f1o, un anciano estaba sentado en su lugar.<\/p>\n<p>Cubrieron al anciano con la t\u00fanica y se la quitaron nuevamente, esta vez revelando una pila de huesos humanos con una calavera.<\/p>\n<p>Por tercera vez colocaron el manto sobre los huesos y lo levantaron. No hab\u00eda nada en absoluto all\u00ed.<\/p>\n<p>Pero cuando por cuarta vez extendieron la bata sobre el espacio vac\u00edo y la quitaron, el maravilloso ni\u00f1o se sent\u00f3 en su lugar como si nada hubiera pasado.<\/p>\n<p>Despu\u00e9s de la danza m\u00e1gica, los Cheyenne trasladaron su campamento para cazar b\u00fafalos. Cuando se hizo una matanza, el ni\u00f1o maravilloso lider\u00f3 una multitud de ni\u00f1os que fueron a cazar terneros que pudieran regresar al lugar donde vieron por \u00faltima vez a sus madres. Los muchachos encontraron cinco o seis terneros, los rodearon y mataron a un ni\u00f1o de dos a\u00f1os con sus flechas.<\/p>\n<p>Comenzaron a desollarlo con mucho cuidado con cuchillos de hueso, manteniendo intacta la piel de la cabeza y dejando puestas las pezu\u00f1as, porque el ni\u00f1o maravilloso quer\u00eda la piel por t\u00fanica.<\/p>\n<p>Mientras trabajaban, un hombre que conduc\u00eda un tiro de perros se les acerc\u00f3. Era Young Wolf, jefe principal de la tribu, que hab\u00eda ido al lugar de la matanza para recoger los huesos que hab\u00edan quedado.<\/p>\n<p>\u00c9l dijo: &quot;\u00a1Mis hijos me han favorecido por fin! Yo me har\u00e9 cargo de este b\u00fafalo; ustedes, muchachos, v\u00e1yanse&quot;. Los ni\u00f1os obedecieron, excepto el ni\u00f1o maravilloso, que sigui\u00f3 desollando mientras explicaba que solo quer\u00eda la piel como t\u00fanica. El jefe empuj\u00f3 al ni\u00f1o maravilloso a un lado, pero el ni\u00f1o regres\u00f3 y continu\u00f3 desollando.<\/p>\n<p>Luego, el jefe tir\u00f3 del ni\u00f1o y lo tir\u00f3 al suelo. El ni\u00f1o se levant\u00f3 y continu\u00f3 con su trabajo. Alegando que estaba desollando una de las patas traseras, cort\u00f3 la pata a la altura de la rodilla y dej\u00f3 la pezu\u00f1a puesta.<\/p>\n<p>Cuando el jefe apart\u00f3 al ni\u00f1o con el hombro y se hizo cargo del trabajo, el ni\u00f1o maravilloso lo golpe\u00f3 en la parte posterior de la cabeza con la pata de b\u00fafalo.<\/p>\n<p>El jefe cay\u00f3 muerto. Los muchachos corrieron al campamento y contaron la historia, lo que caus\u00f3 gran emoci\u00f3n. Los guerreros se reunieron y decidieron matar al ni\u00f1o maravilloso.<\/p>\n<p>Salieron a buscarlo cerca del cuerpo de su jefe, pero el ni\u00f1o hab\u00eda regresado al campamento. Estaba sentado en la caba\u00f1a de su abuela mientras ella le cocinaba la comida en una olla de barro, cuando de repente los guerreros levantaron todo el tipi.<\/p>\n<p>R\u00e1pidamente, el ni\u00f1o maravilloso pate\u00f3 la olla y envi\u00f3 el contenido al fuego. A medida que el humo se elevaba, el ni\u00f1o se levant\u00f3 con \u00e9l. La anciana se qued\u00f3 sentada sola.<\/p>\n<p>Los guerreros miraron a su alrededor y vieron al ni\u00f1o a un cuarto de milla de distancia, caminando hacia el Este. Corrieron tras \u00e9l pero no parec\u00edan poder acercarse. Cuatro veces lo persiguieron sin \u00e9xito y luego se dieron por vencidos.<\/p>\n<p>La gente se asust\u00f3 del ni\u00f1o maravilloso. A\u00fan as\u00ed, lo buscaron todos los d\u00edas y finalmente lo vieron en la cima de una colina cercana. Todo el campamento se reuni\u00f3 para verlo aparecer en la cumbre cinco veces, cada vez con un vestido diferente.<\/p>\n<p>Primero apareci\u00f3 como un guerrero Escudo Rojo con un tocado hecho de piel de b\u00fafalo. Ten\u00eda cuernos, una lanza, un escudo rojo. y dos colas de b\u00fafalo atadas a cada brazo.<\/p>\n<p>La segunda vez era un guerrero Coyote, con el cuerpo pintado de negro y amarillo y con dos plumas de \u00e1guila sobresaliendo de su cabeza.<\/p>\n<p>La tercera vez apareci\u00f3 como un guerrero Dog Men con un tocado de plumas y un silbato de hueso de \u00e1guila, un sonajero de pezu\u00f1a de b\u00fafalo y un arco y flechas.<\/p>\n<p>La cuarta vez era un guerrero Hoof Rattle. Su cuerpo estaba pintado, y ten\u00eda un cascabel para cantar y una lanza de unos ocho pies de largo, con un cayado en un extremo y el eje en el otro extremo doblado en semic\u00edrculo.<\/p>\n<p>La quinta vez su cuerpo fue pintado de blanco, y en su frente vest\u00eda una piel de lechuza blanca.<\/p>\n<p>Despu\u00e9s de esto, el maravilloso ni\u00f1o desapareci\u00f3 por completo. Nadie sab\u00eda ad\u00f3nde fue, la gente pens\u00f3 que estaba muerto, y pronto fue olvidado, porque los b\u00fafalos desaparecieron y el hambre lleg\u00f3 a Cheyenne.<\/p>\n<p>Durante este tiempo, el ni\u00f1o maravilloso viaj\u00f3 solo a las m\u00e1s altas cordilleras de las monta\u00f1as. Cuando se acerc\u00f3 a cierto pico, se abri\u00f3 una puerta en la ladera de la monta\u00f1a.<\/p>\n<p>\u00bfPodr\u00eda ser esta tambi\u00e9n la referencia que hacen los sioux de d\u00f3nde desaparecieron los b\u00fafalos cuando &quot;entraron en una monta\u00f1a&quot;?<\/p>\n<p>Tenga en cuenta que casi TODAS las tribus tienen leyendas de una monta\u00f1a o monta\u00f1as con una &quot;puerta&quot; que conduce a otros lugares. Este, y algunos de los t\u00faneles que lo conectan, algunos de los cuales tienen literalmente cientos de millas de largo, se extienden bajo tierra a varios lugares en toda Am\u00e9rica del Sur, y tambi\u00e9n pueden ser el lugar al que aludi\u00f3 Moctezuma, cuando le dijo a su gente que tomara el oro restante. a otras tierras yendo &quot;dentro de las monta\u00f1as&quot;, despu\u00e9s de que los espa\u00f1oles rompieran sus promesas, y luego lo mataran, ...<\/p>\n<p>\u00a1Sin embargo, nunca resolvieron el misterio de d\u00f3nde desaparecieron cantidades tan enormes de oro en tan poco tiempo!).<\/p>\n<p>Pas\u00f3 a la Tierra y la abertura se cerr\u00f3 tras \u00e9l. All\u00ed dentro de la monta\u00f1a encontr\u00f3 un gran c\u00edrculo de hombres. Cada uno representaba una tribu y estaba sentado debajo del bulto de esa tribu.<\/p>\n<p>Dieron la bienvenida al ni\u00f1o maravilloso y se\u00f1alaron el \u00fanico lugar vac\u00edo debajo de un bulto envuelto en piel de zorro.<\/p>\n<p>&quot;Si toma este asiento, el paquete ser\u00e1 suyo para llevarlo de vuelta al Cheyenne&quot;, dijo el jefe. &quot;Pero primero permanecer\u00e1s aqu\u00ed cuatro a\u00f1os, recibiendo instrucci\u00f3n para convertirte en el profeta y consejero de tu tribu&quot;.<\/p>\n<p>El ni\u00f1o maravilloso acept\u00f3 el bulto y todos los hombres dieron gracias. Cuando lleg\u00f3 su turno para realizar la ceremonia del bulto, lo bajaron y le mostraron sus ceremonias sagradas, canciones y cuatro flechas medicinales, cada una de las cuales representaba ciertos poderes.<\/p>\n<p>Luego, durante cuatro a\u00f1os bajo el pico de la monta\u00f1a, le ense\u00f1aron profec\u00edas, magia y ceremonias para la guerra y la caza.<\/p>\n<p>Mientras tanto, los Cheyenne estaban d\u00e9biles por el hambre, amenazados por la inanici\u00f3n. Todos los animales hab\u00edan muerto y la gente com\u00eda hierbas.<\/p>\n<p>Un d\u00eda, mientras la tribu viajaba en busca de comida, cinco ni\u00f1os se quedaron atr\u00e1s para buscar hierbas y hongos. De repente, el ni\u00f1o maravilloso, ahora un joven con el nombre de Arrow Boy, apareci\u00f3 ante ellos.<\/p>\n<p>&quot;Mis pobres ni\u00f1os, tiren esos hongos&quot;, dijo. Soy yo quien trajo el hambre entre vosotros, porque estaba enojado con tu pueblo cuando me expulsaron de su campamento. Te Alimentare.&quot;<\/p>\n<p>Los ni\u00f1os corrieron y recogieron huesos de b\u00fafalo, y el ni\u00f1o maravilloso, Arrow Boy, hizo algunos pases que los convirtieron en carne fresca. Aliment\u00f3 a los ni\u00f1os con grasa, m\u00e9dula, h\u00edgado y otras partes fortalecedoras del b\u00fafalo. Cuando hubieron comido todo lo que quisieron, les dio grasa y carne.<\/p>\n<p>&quot;Ll\u00e9vale esto a tu gente&quot;, dijo. &quot;Diles que yo, Motzeyouf, Arrow Boy, he regresado&quot;.<\/p>\n<p>Aunque los chicos corrieron al campamento, Motzeyouf us\u00f3 magia para llegar primero. Entr\u00f3 en la caba\u00f1a de su t\u00edo y se acost\u00f3 a descansar, pues estaba cansado. El t\u00edo y su esposa estaban sentados afuera, pero no vieron pasar a Arrow Boy.<\/p>\n<p>Los chicos llegaron al campamento con su cuento, lo que gener\u00f3 gran expectaci\u00f3n. La esposa del t\u00edo entr\u00f3 en el albergue para conseguir una pipa, y fue entonces cuando vio a Arrow Boy acostado cubierto con una t\u00fanica de b\u00fafalo. La t\u00fanica, la camisa, las calzas y los mocasines, todo estaba pintado de rojo. Adivinando que era Motzeyouf, los hombres entraron en la caba\u00f1a, le pidieron al extra\u00f1o que se sentara y lloraron por \u00e9l.<\/p>\n<p>Vieron su fardo, y sabiendo que ten\u00eda poder, le preguntaron qu\u00e9 deb\u00edan hacer. Motzeyouf les dijo a los Cheyenne que acamparan en un c\u00edrculo y colocaron un gran tipi en el centro.<\/p>\n<p>Cuando hubo hecho esto, llam\u00f3 a todos los curanderos para que trajeran sus cascabeles y pipas. Luego se meti\u00f3 en el tipi y cant\u00f3 los cantos sagrados que hab\u00eda aprendido. Era de noche antes de que llegara a la canci\u00f3n sobre la cuarta flecha.<\/p>\n<p>En la oscuridad, el b\u00fafalo regres\u00f3 con un rugido como un trueno. El asustado Cheyenne fue a Arrow Boy y le pregunt\u00f3 qu\u00e9 hacer. &quot;Ve a dormir&quot;, dijo, &quot;porque el b\u00fafalo, tu comida, ha regresado a ti&quot;.<\/p>\n<p>El rugido del b\u00fafalo continu\u00f3 a lo largo de la noche tanto como la sangre. A la ma\u00f1ana siguiente la tierra estaba cubierta de b\u00fafalos, y la gente sali\u00f3 y mat\u00f3 todo lo que quiso. A partir de ese momento, debido a las flechas medicinales, los Cheyenne tuvieron mucho que comer y grandes poderes.<\/p>\n<p>Nota:<br>\nLas flechas medicinales tra\u00eddas de las monta\u00f1as por Motzeyouf todav\u00eda existen y son cuidadas por Arrow Keeper of the Southern Cheyenne en Oklahoma.<\/p>\t\t\t\t\t\t\t\t<\/div>\n\t\t\t\t<\/div>\n\t\t\t\t\t<\/div>\n\t\t<\/div>\n\t\t\t\t\t<\/div>\n\t\t<\/section>\n\t\t\t\t<\/div>","protected":false},"excerpt":{"rendered":"<p>Cheyenne-Arapaho Mythology Wiki Los Cheyennes son una naci\u00f3n nativa americana de las Grandes Llanuras, aliados cercanos de los Arapahos y en general aliados de los Lakotas... <\/p>","protected":false},"author":1,"featured_media":0,"parent":3895,"menu_order":0,"comment_status":"closed","ping_status":"closed","template":"","meta":{"footnotes":""},"class_list":["post-22012","page","type-page","status-publish","hentry"],"amp_enabled":true,"_links":{"self":[{"href":"https:\/\/mythslegendes.com\/es\/wp-json\/wp\/v2\/pages\/22012","targetHints":{"allow":["GET"]}}],"collection":[{"href":"https:\/\/mythslegendes.com\/es\/wp-json\/wp\/v2\/pages"}],"about":[{"href":"https:\/\/mythslegendes.com\/es\/wp-json\/wp\/v2\/types\/page"}],"author":[{"embeddable":true,"href":"https:\/\/mythslegendes.com\/es\/wp-json\/wp\/v2\/users\/1"}],"replies":[{"embeddable":true,"href":"https:\/\/mythslegendes.com\/es\/wp-json\/wp\/v2\/comments?post=22012"}],"version-history":[{"count":3,"href":"https:\/\/mythslegendes.com\/es\/wp-json\/wp\/v2\/pages\/22012\/revisions"}],"predecessor-version":[{"id":22018,"href":"https:\/\/mythslegendes.com\/es\/wp-json\/wp\/v2\/pages\/22012\/revisions\/22018"}],"up":[{"embeddable":true,"href":"https:\/\/mythslegendes.com\/es\/wp-json\/wp\/v2\/pages\/3895"}],"wp:attachment":[{"href":"https:\/\/mythslegendes.com\/es\/wp-json\/wp\/v2\/media?parent=22012"}],"curies":[{"name":"wp","href":"https:\/\/api.w.org\/{rel}","templated":true}]}}