{"id":22024,"date":"2022-08-04T00:04:20","date_gmt":"2022-08-04T00:04:20","guid":{"rendered":"https:\/\/mythslegendes.com\/?page_id=22024"},"modified":"2022-08-04T00:06:33","modified_gmt":"2022-08-04T00:06:33","slug":"conte-cheyenne-coyote-dances-with-a-star","status":"publish","type":"page","link":"https:\/\/mythslegendes.com\/es\/cheyenne-arapaho-mitologia\/cuento-cheyenne-coyote-baila-con-una-estrella\/","title":{"rendered":"Cuento de Cheyenne: Coyote baila con una estrella"},"content":{"rendered":"<div data-elementor-type=\"wp-page\" data-elementor-id=\"22024\" class=\"elementor elementor-22024\">\n\t\t\t\t\t\t<section class=\"elementor-section elementor-top-section elementor-element elementor-element-546ba5e elementor-section-boxed elementor-section-height-default elementor-section-height-default\" data-id=\"546ba5e\" data-element_type=\"section\" data-e-type=\"section\">\n\t\t\t\t\t\t<div class=\"elementor-container elementor-column-gap-default\">\n\t\t\t\t\t<div class=\"elementor-column elementor-col-50 elementor-top-column elementor-element elementor-element-11e2b5e\" data-id=\"11e2b5e\" data-element_type=\"column\" data-e-type=\"column\">\n\t\t\t<div class=\"elementor-widget-wrap elementor-element-populated\">\n\t\t\t\t\t\t<div class=\"elementor-element elementor-element-8389bb1 elementor-align-justify elementor-widget elementor-widget-button\" data-id=\"8389bb1\" data-element_type=\"widget\" data-e-type=\"widget\" data-widget_type=\"button.default\">\n\t\t\t\t<div class=\"elementor-widget-container\">\n\t\t\t\t\t\t\t\t\t<div class=\"elementor-button-wrapper\">\n\t\t\t\t\t<a class=\"elementor-button elementor-button-link elementor-size-sm\" href=\"https:\/\/mythslegendes.com\/es\/cheyenne-arapaho-mitologia\/\">\n\t\t\t\t\t\t<span class=\"elementor-button-content-wrapper\">\n\t\t\t\t\t\t\t\t\t<span class=\"elementor-button-text\">Mitolog\u00eda Cheyenne-Arapaho<\/span>\n\t\t\t\t\t<\/span>\n\t\t\t\t\t<\/a>\n\t\t\t\t<\/div>\n\t\t\t\t\t\t\t\t<\/div>\n\t\t\t\t<\/div>\n\t\t\t\t\t<\/div>\n\t\t<\/div>\n\t\t\t\t<div class=\"elementor-column elementor-col-50 elementor-top-column elementor-element elementor-element-7df3867\" data-id=\"7df3867\" data-element_type=\"column\" data-e-type=\"column\">\n\t\t\t<div class=\"elementor-widget-wrap elementor-element-populated\">\n\t\t\t\t\t\t<div class=\"elementor-element elementor-element-9d411b5 elementor-align-justify elementor-widget elementor-widget-button\" data-id=\"9d411b5\" data-element_type=\"widget\" data-e-type=\"widget\" data-widget_type=\"button.default\">\n\t\t\t\t<div class=\"elementor-widget-container\">\n\t\t\t\t\t\t\t\t\t<div class=\"elementor-button-wrapper\">\n\t\t\t\t\t<a class=\"elementor-button elementor-button-link elementor-size-sm\" href=\"https:\/\/www.firstpeople.us\/FP-Html-Legends\/CoyoteDancesWithAStar-Cheyenne.html\" target=\"_blank\" rel=\"noopener\">\n\t\t\t\t\t\t<span class=\"elementor-button-content-wrapper\">\n\t\t\t\t\t\t\t\t\t<span class=\"elementor-button-text\">Wiki<\/span>\n\t\t\t\t\t<\/span>\n\t\t\t\t\t<\/a>\n\t\t\t\t<\/div>\n\t\t\t\t\t\t\t\t<\/div>\n\t\t\t\t<\/div>\n\t\t\t\t\t<\/div>\n\t\t<\/div>\n\t\t\t\t\t<\/div>\n\t\t<\/section>\n\t\t\t\t<section class=\"elementor-section elementor-top-section elementor-element elementor-element-2489e45 elementor-section-boxed elementor-section-height-default elementor-section-height-default\" data-id=\"2489e45\" data-element_type=\"section\" data-e-type=\"section\">\n\t\t\t\t\t\t<div class=\"elementor-container elementor-column-gap-default\">\n\t\t\t\t\t<div class=\"elementor-column elementor-col-100 elementor-top-column elementor-element elementor-element-0dcf5b7\" data-id=\"0dcf5b7\" data-element_type=\"column\" data-e-type=\"column\">\n\t\t\t<div class=\"elementor-widget-wrap elementor-element-populated\">\n\t\t\t\t\t\t<div class=\"elementor-element elementor-element-0fc83c4 elementor-widget elementor-widget-text-editor\" data-id=\"0fc83c4\" data-element_type=\"widget\" data-e-type=\"widget\" data-widget_type=\"text-editor.default\">\n\t\t\t\t<div class=\"elementor-widget-container\">\n\t\t\t\t\t\t\t\t\t<p>los\u00a0<strong><a href=\"https:\/\/mythslegendes.com\/es\/cheyenne-arapaho-mitologia\/\">Cheyennes<\/a><\/strong> son una naci\u00f3n nativa americana de las Grandes Llanuras, aliados cercanos de los <a href=\"https:\/\/mythslegendes.com\/es\/cheyenne-arapaho-mitologia\/\">Arapahos<\/a> y generalmente aliados de los Lakotas (<a href=\"https:\/\/mythslegendes.com\/es\/mythes-et-legendes-siouans-2127\/\">siux<\/a>). Son una de las tribus m\u00e1s famosas e importantes de las Llanuras. Aqu\u00ed est\u00e1 su historia: Coyote baila con una estrella (es).<\/p><p><img decoding=\"async\" class=\"alignnone wp-image-9347 size-full\" src=\"http:\/\/mythslegendes.com\/wp-content\/uploads\/2020\/09\/cropped-AlphaOmega-e1602613368367.png\" alt=\"Coyote baila con una estrella\" width=\"25\" height=\"25\" title=\"\"><\/p>\t\t\t\t\t\t\t\t<\/div>\n\t\t\t\t<\/div>\n\t\t\t\t\t<\/div>\n\t\t<\/div>\n\t\t\t\t\t<\/div>\n\t\t<\/section>\n\t\t\t\t<section class=\"elementor-section elementor-top-section elementor-element elementor-element-326b344 elementor-section-boxed elementor-section-height-default elementor-section-height-default\" data-id=\"326b344\" data-element_type=\"section\" data-e-type=\"section\">\n\t\t\t\t\t\t<div class=\"elementor-container elementor-column-gap-default\">\n\t\t\t\t\t<div class=\"elementor-column elementor-col-100 elementor-top-column elementor-element elementor-element-c57b87d\" data-id=\"c57b87d\" data-element_type=\"column\" data-e-type=\"column\">\n\t\t\t<div class=\"elementor-widget-wrap elementor-element-populated\">\n\t\t\t\t\t\t<div class=\"elementor-element elementor-element-b76fd68 elementor-widget elementor-widget-heading\" data-id=\"b76fd68\" data-element_type=\"widget\" data-e-type=\"widget\" data-widget_type=\"heading.default\">\n\t\t\t\t<div class=\"elementor-widget-container\">\n\t\t\t\t\t<div id=\"ez-toc-container\" class=\"ez-toc-v2_0_82_2 counter-hierarchy ez-toc-counter ez-toc-grey ez-toc-container-direction\">\n<div class=\"ez-toc-title-container\">\n<p class=\"ez-toc-title\" style=\"cursor:inherit\">Contenido<\/p>\n<span class=\"ez-toc-title-toggle\"><a href=\"#\" class=\"ez-toc-pull-right ez-toc-btn ez-toc-btn-xs ez-toc-btn-default ez-toc-toggle\" aria-label=\"Alternar tabla de contenidos\"><span class=\"ez-toc-js-icon-con\"><span class=\"\"><span class=\"eztoc-hide\" style=\"display:none;\">Palanca<\/span><span class=\"ez-toc-icon-toggle-span\"><svg style=\"fill: #999;color:#999\" xmlns=\"http:\/\/www.w3.org\/2000\/svg\" class=\"list-377408\" width=\"20px\" height=\"20px\" viewbox=\"0 0 24 24\" fill=\"none\"><path d=\"M6 6H4v2h2V6zm14 0H8v2h12V6zM4 11h2v2H4v-2zm16 0H8v2h12v-2zM4 16h2v2H4v-2zm16 0H8v2h12v-2z\" fill=\"currentColor\"><\/path><\/svg><svg style=\"fill: #999;color:#999\" class=\"arrow-unsorted-368013\" xmlns=\"http:\/\/www.w3.org\/2000\/svg\" width=\"10px\" height=\"10px\" viewbox=\"0 0 24 24\" version=\"1.2\" baseprofile=\"tiny\"><path d=\"M18.2 9.3l-6.2-6.3-6.2 6.3c-.2.2-.3.4-.3.7s.1.5.3.7c.2.2.4.3.7.3h11c.3 0 .5-.1.7-.3.2-.2.3-.5.3-.7s-.1-.5-.3-.7zM5.8 14.7l6.2 6.3 6.2-6.3c.2-.2.3-.5.3-.7s-.1-.5-.3-.7c-.2-.2-.4-.3-.7-.3h-11c-.3 0-.5.1-.7.3-.2.2-.3.5-.3.7s.1.5.3.7z\"\/><\/svg><\/span><\/span><\/span><\/a><\/span><\/div>\n<nav><ul class='ez-toc-list ez-toc-list-level-1' ><li class='ez-toc-page-1 ez-toc-heading-level-2'><a class=\"ez-toc-link ez-toc-heading-1\" href=\"https:\/\/mythslegendes.com\/es\/cheyenne-arapaho-mitologia\/cuento-cheyenne-coyote-baila-con-una-estrella\/#Coyote-dances-with-a-star\" >Coyote baila con una estrella<\/a><\/li><\/ul><\/nav><\/div>\n<h2 class=\"elementor-heading-title elementor-size-default\"><span class=\"ez-toc-section\" id=\"Coyote-dances-with-a-star\"><\/span>Coyote baila con una estrella<span class=\"ez-toc-section-end\"><\/span><\/h2>\t\t\t\t<\/div>\n\t\t\t\t<\/div>\n\t\t\t\t\t<\/div>\n\t\t<\/div>\n\t\t\t\t\t<\/div>\n\t\t<\/section>\n\t\t\t\t<section class=\"elementor-section elementor-top-section elementor-element elementor-element-87cb585 elementor-section-boxed elementor-section-height-default elementor-section-height-default\" data-id=\"87cb585\" data-element_type=\"section\" data-e-type=\"section\">\n\t\t\t\t\t\t<div class=\"elementor-container elementor-column-gap-default\">\n\t\t\t\t\t<div class=\"elementor-column elementor-col-100 elementor-top-column elementor-element elementor-element-55d7819\" data-id=\"55d7819\" data-element_type=\"column\" data-e-type=\"column\">\n\t\t\t<div class=\"elementor-widget-wrap elementor-element-populated\">\n\t\t\t\t\t\t<div class=\"elementor-element elementor-element-dd98b81 elementor-widget elementor-widget-text-editor\" data-id=\"dd98b81\" data-element_type=\"widget\" data-e-type=\"widget\" data-widget_type=\"text-editor.default\">\n\t\t\t\t<div class=\"elementor-widget-container\">\n\t\t\t\t\t\t\t\t\t<p>Debido a que el Gran Poder Misterioso le hab\u00eda dado a Coyote gran parte de su medicina, el propio Coyote se volvi\u00f3 muy poderoso y muy engre\u00eddo. No hab\u00eda nada, \u00e9l cre\u00eda que no pod\u00eda hacer. Incluso pens\u00f3 que era m\u00e1s poderoso que el Gran Misterio, porque Coyote a veces era sabio pero tambi\u00e9n tonto. Un d\u00eda, hace mucho tiempo, se le ocurri\u00f3 bailar con una estrella. &quot;Tengo muchas ganas de hacer esto&quot;, dijo. Vio una estrella brillante que sal\u00eda de detr\u00e1s de una monta\u00f1a y grit\u00f3: &quot;\u00a1Hoh, estrella, espera y baja! Quiero bailar contigo&quot;.<\/p>\n<p>La estrella descendi\u00f3 hasta que Coyote pudo agarrarlo, y luego se elev\u00f3 hacia el cielo, con Coyote aferr\u00e1ndose por su vida. Girando y girando el cielo fue la estrella. Coyote se cans\u00f3 mucho, y el brazo que sosten\u00eda la estrella se entumeci\u00f3, como si se saliera de su \u00f3rbita.<\/p>\n<p>&quot;Star&quot;, dijo, &quot;creo que he bailado suficiente por ahora. Me dejar\u00e9 ir y volver\u00e9 a casa&quot;.<\/p>\n<p>&quot;No, espera, estamos muy arriba&quot; dijo la estrella. &quot;Espera hasta que baje por encima de la monta\u00f1a donde te recog\u00ed&quot;.<\/p>\n<p>Coyote mir\u00f3 hacia la tierra. Pens\u00f3 que parec\u00eda bastante cerca. &quot;Estoy cansado, estrella; creo que me ir\u00e9 ahora; estamos lo suficientemente bajos&quot;, dijo, y la solt\u00f3.<\/p>\n<p>Coyote hab\u00eda cometido un grave error. Se dej\u00f3 caer, abajo, abajo. Cay\u00f3 durante diez inviernos completos. Se dej\u00f3 caer por fin a trav\u00e9s de las nubes de tierra y cuando finalmente toc\u00f3 tierra, estaba aplastado como una piel de venado estirada y bronceada. As\u00ed que muri\u00f3 all\u00ed mismo.<\/p>\n<p>Ahora, el Gran Poder Misterioso se hab\u00eda divertido d\u00e1ndole varias vidas a Coyote. Sin embargo, a Coyote le llev\u00f3 bastantes inviernos recuperarse y recuperar su antigua forma. Hab\u00eda envejecido bastante en todo ese tiempo, pero no se hab\u00eda vuelto menos tonto. se jact\u00f3: &quot;\u00bfQui\u00e9n adem\u00e1s de m\u00ed podr\u00eda bailar con las estrellas, y caer del cielo durante diez largos inviernos, y ser aplastado como la piel de un venado, y vivir para contarlo? Soy Coyote. Soy poderoso. Puedo hacer cualquier cosa.<\/p>\n<p>Coyote estaba sentado frente a su albergue una noche, cuando de detr\u00e1s de la monta\u00f1a se elev\u00f3 una especie de estrella extra\u00f1a, muy r\u00e1pida, arrastrando una cola larga y brillante. Coyote se dijo a s\u00ed mismo: &quot;Mira esa estrella veloz, \u00a1qu\u00e9 divertido bailar con \u00e9l!&quot; Grit\u00f3: &quot;\u00a1Ho, estrella extra\u00f1a con la cola larga! Esp\u00e9rame, baja, \u00a1vamos a bailar!&quot;<\/p>\n<p>La estrella extra\u00f1a y veloz se dispar\u00f3 y Coyote la agarr\u00f3. La estrella gir\u00f3 hacia la inmensidad del universo. Nuevamente Coyote hab\u00eda cometido un grave error. Mirando hacia el cielo desde su alojamiento, no ten\u00eda idea de la velocidad real de esa estrella. Era la cosa m\u00e1s r\u00e1pida del universo. Hizo girar a Coyote con tanta rapidez que primero se le cay\u00f3 una y luego la otra pierna. Poco a poco, peque\u00f1os pedazos de Coyote fueron arrancados en esta loca carrera por los cielos, hasta que finalmente solo la mano derecha de Coyote se aferr\u00f3 a esa veloz estrella.<\/p>\n<p>Coyote volvi\u00f3 a caer a la tierra en pedacitos, un poco aqu\u00ed y un poco all\u00e1. Pero pronto las piezas comenzaron a buscarse, uni\u00e9ndose lentamente, formando Coyote nuevamente. Llev\u00f3 mucho tiempo, varios inviernos. Por fin, Coyote volvi\u00f3 a estar completo excepto por su mano derecha, que todav\u00eda giraba en el espacio con la estrella. Coyote grit\u00f3: &quot;\u00a1Gran misterio! Me equivoqu\u00e9. No soy tan poderoso como t\u00fa. No soy tan poderoso como pensaba. \u00a1Ten piedad de m\u00ed!&quot;<\/p>\n<p>Entonces el Gran Poder Misterioso habl\u00f3: &quot;Amigo Coyote. Te he dado cuatro vidas. Dos ya las has desperdiciado tontamente. \u00a1Mejor cu\u00eddate!&quot;<\/p>\n<p>&quot;Ten piedad de m\u00ed&quot;, se lament\u00f3 Coyote. &quot;Devu\u00e9lveme mi mano derecha&quot;.<\/p>\n<p>&quot;Eso depende de la estrella con la cola larga, amigo m\u00edo. Debes tener paciencia. Espera hasta que la estrella se te aparezca, saliendo de detr\u00e1s de la monta\u00f1a nuevamente. Entonces tal vez te quite la mano&quot;.<\/p>\n<p>&quot;\u00bfCon qu\u00e9 frecuencia viene esta estrella sobre la monta\u00f1a?&quot;<\/p>\n<p>&quot;Una vez en cien vidas&quot;, dijo el Gran Misterio.<\/p>\t\t\t\t\t\t\t\t<\/div>\n\t\t\t\t<\/div>\n\t\t\t\t\t<\/div>\n\t\t<\/div>\n\t\t\t\t\t<\/div>\n\t\t<\/section>\n\t\t\t\t<\/div>","protected":false},"excerpt":{"rendered":"<p>Cheyenne-Arapaho Mythology Wiki Los Cheyennes son una naci\u00f3n nativa americana de las Grandes Llanuras, aliados cercanos de los Arapahos y en general aliados de los Lakotas... <\/p>","protected":false},"author":1,"featured_media":0,"parent":3895,"menu_order":0,"comment_status":"closed","ping_status":"closed","template":"","meta":{"footnotes":""},"class_list":["post-22024","page","type-page","status-publish","hentry"],"amp_enabled":true,"_links":{"self":[{"href":"https:\/\/mythslegendes.com\/es\/wp-json\/wp\/v2\/pages\/22024","targetHints":{"allow":["GET"]}}],"collection":[{"href":"https:\/\/mythslegendes.com\/es\/wp-json\/wp\/v2\/pages"}],"about":[{"href":"https:\/\/mythslegendes.com\/es\/wp-json\/wp\/v2\/types\/page"}],"author":[{"embeddable":true,"href":"https:\/\/mythslegendes.com\/es\/wp-json\/wp\/v2\/users\/1"}],"replies":[{"embeddable":true,"href":"https:\/\/mythslegendes.com\/es\/wp-json\/wp\/v2\/comments?post=22024"}],"version-history":[{"count":3,"href":"https:\/\/mythslegendes.com\/es\/wp-json\/wp\/v2\/pages\/22024\/revisions"}],"predecessor-version":[{"id":22028,"href":"https:\/\/mythslegendes.com\/es\/wp-json\/wp\/v2\/pages\/22024\/revisions\/22028"}],"up":[{"embeddable":true,"href":"https:\/\/mythslegendes.com\/es\/wp-json\/wp\/v2\/pages\/3895"}],"wp:attachment":[{"href":"https:\/\/mythslegendes.com\/es\/wp-json\/wp\/v2\/media?parent=22024"}],"curies":[{"name":"wp","href":"https:\/\/api.w.org\/{rel}","templated":true}]}}