{"id":22034,"date":"2022-08-04T00:10:44","date_gmt":"2022-08-04T00:10:44","guid":{"rendered":"https:\/\/mythslegendes.com\/?page_id=22034"},"modified":"2022-08-04T00:14:45","modified_gmt":"2022-08-04T00:14:45","slug":"conte-cheyenne-falling-star","status":"publish","type":"page","link":"https:\/\/mythslegendes.com\/es\/cheyenne-arapaho-mitologia\/cuento-cheyenne-estrella-fugaz\/","title":{"rendered":"Cuento de Cheyenne: Estrella fugaz"},"content":{"rendered":"<div data-elementor-type=\"wp-page\" data-elementor-id=\"22034\" class=\"elementor elementor-22034\">\n\t\t\t\t\t\t<section class=\"elementor-section elementor-top-section elementor-element elementor-element-dbc43f9 elementor-section-boxed elementor-section-height-default elementor-section-height-default\" data-id=\"dbc43f9\" data-element_type=\"section\" data-e-type=\"section\">\n\t\t\t\t\t\t<div class=\"elementor-container elementor-column-gap-default\">\n\t\t\t\t\t<div class=\"elementor-column elementor-col-50 elementor-top-column elementor-element elementor-element-7ee809f\" data-id=\"7ee809f\" data-element_type=\"column\" data-e-type=\"column\">\n\t\t\t<div class=\"elementor-widget-wrap elementor-element-populated\">\n\t\t\t\t\t\t<div class=\"elementor-element elementor-element-2991540 elementor-align-justify elementor-widget elementor-widget-button\" data-id=\"2991540\" data-element_type=\"widget\" data-e-type=\"widget\" data-widget_type=\"button.default\">\n\t\t\t\t<div class=\"elementor-widget-container\">\n\t\t\t\t\t\t\t\t\t<div class=\"elementor-button-wrapper\">\n\t\t\t\t\t<a class=\"elementor-button elementor-button-link elementor-size-sm\" href=\"https:\/\/mythslegendes.com\/es\/cheyenne-arapaho-mitologia\/\">\n\t\t\t\t\t\t<span class=\"elementor-button-content-wrapper\">\n\t\t\t\t\t\t\t\t\t<span class=\"elementor-button-text\">Mitolog\u00eda Cheyenne-Arapaho<\/span>\n\t\t\t\t\t<\/span>\n\t\t\t\t\t<\/a>\n\t\t\t\t<\/div>\n\t\t\t\t\t\t\t\t<\/div>\n\t\t\t\t<\/div>\n\t\t\t\t\t<\/div>\n\t\t<\/div>\n\t\t\t\t<div class=\"elementor-column elementor-col-50 elementor-top-column elementor-element elementor-element-c82862d\" data-id=\"c82862d\" data-element_type=\"column\" data-e-type=\"column\">\n\t\t\t<div class=\"elementor-widget-wrap elementor-element-populated\">\n\t\t\t\t\t\t<div class=\"elementor-element elementor-element-3c51781 elementor-align-justify elementor-widget elementor-widget-button\" data-id=\"3c51781\" data-element_type=\"widget\" data-e-type=\"widget\" data-widget_type=\"button.default\">\n\t\t\t\t<div class=\"elementor-widget-container\">\n\t\t\t\t\t\t\t\t\t<div class=\"elementor-button-wrapper\">\n\t\t\t\t\t<a class=\"elementor-button elementor-button-link elementor-size-sm\" href=\"https:\/\/www.firstpeople.us\/FP-Html-Legends\/FallingStar-Cheyenne.html\" target=\"_blank\" rel=\"noopener\">\n\t\t\t\t\t\t<span class=\"elementor-button-content-wrapper\">\n\t\t\t\t\t\t\t\t\t<span class=\"elementor-button-text\">Wiki<\/span>\n\t\t\t\t\t<\/span>\n\t\t\t\t\t<\/a>\n\t\t\t\t<\/div>\n\t\t\t\t\t\t\t\t<\/div>\n\t\t\t\t<\/div>\n\t\t\t\t\t<\/div>\n\t\t<\/div>\n\t\t\t\t\t<\/div>\n\t\t<\/section>\n\t\t\t\t<section class=\"elementor-section elementor-top-section elementor-element elementor-element-1b7bc18 elementor-section-boxed elementor-section-height-default elementor-section-height-default\" data-id=\"1b7bc18\" data-element_type=\"section\" data-e-type=\"section\">\n\t\t\t\t\t\t<div class=\"elementor-container elementor-column-gap-default\">\n\t\t\t\t\t<div class=\"elementor-column elementor-col-100 elementor-top-column elementor-element elementor-element-101725d\" data-id=\"101725d\" data-element_type=\"column\" data-e-type=\"column\">\n\t\t\t<div class=\"elementor-widget-wrap elementor-element-populated\">\n\t\t\t\t\t\t<div class=\"elementor-element elementor-element-cd64b18 elementor-widget elementor-widget-text-editor\" data-id=\"cd64b18\" data-element_type=\"widget\" data-e-type=\"widget\" data-widget_type=\"text-editor.default\">\n\t\t\t\t<div class=\"elementor-widget-container\">\n\t\t\t\t\t\t\t\t\t<p>los\u00a0<strong><a href=\"https:\/\/mythslegendes.com\/es\/cheyenne-arapaho-mitologia\/\">Cheyennes<\/a><\/strong> son una naci\u00f3n nativa americana de las Grandes Llanuras, aliados cercanos de los <a href=\"https:\/\/mythslegendes.com\/es\/cheyenne-arapaho-mitologia\/\">Arapahos<\/a> y generalmente aliados de los Lakotas (<a href=\"https:\/\/mythslegendes.com\/es\/mythes-et-legendes-siouans-2127\/\">siux<\/a>). Son una de las tribus de las Llanuras m\u00e1s famosas e importantes. Aqu\u00ed est\u00e1 su historia: Falling Star.<\/p><p><img decoding=\"async\" class=\"alignnone wp-image-9347 size-full\" src=\"http:\/\/mythslegendes.com\/wp-content\/uploads\/2020\/09\/cropped-AlphaOmega-e1602613368367.png\" alt=\"Estrella fugaz\" width=\"25\" height=\"25\" title=\"\"><\/p>\t\t\t\t\t\t\t\t<\/div>\n\t\t\t\t<\/div>\n\t\t\t\t\t<\/div>\n\t\t<\/div>\n\t\t\t\t\t<\/div>\n\t\t<\/section>\n\t\t\t\t<section class=\"elementor-section elementor-top-section elementor-element elementor-element-7c67167 elementor-section-boxed elementor-section-height-default elementor-section-height-default\" data-id=\"7c67167\" data-element_type=\"section\" data-e-type=\"section\">\n\t\t\t\t\t\t<div class=\"elementor-container elementor-column-gap-default\">\n\t\t\t\t\t<div class=\"elementor-column elementor-col-100 elementor-top-column elementor-element elementor-element-e4d9d62\" data-id=\"e4d9d62\" data-element_type=\"column\" data-e-type=\"column\">\n\t\t\t<div class=\"elementor-widget-wrap elementor-element-populated\">\n\t\t\t\t\t\t<div class=\"elementor-element elementor-element-cc5e44a elementor-widget elementor-widget-heading\" data-id=\"cc5e44a\" data-element_type=\"widget\" data-e-type=\"widget\" data-widget_type=\"heading.default\">\n\t\t\t\t<div class=\"elementor-widget-container\">\n\t\t\t\t\t<div id=\"ez-toc-container\" class=\"ez-toc-v2_0_82_2 counter-hierarchy ez-toc-counter ez-toc-grey ez-toc-container-direction\">\n<div class=\"ez-toc-title-container\">\n<p class=\"ez-toc-title\" style=\"cursor:inherit\">Contenido<\/p>\n<span class=\"ez-toc-title-toggle\"><a href=\"#\" class=\"ez-toc-pull-right ez-toc-btn ez-toc-btn-xs ez-toc-btn-default ez-toc-toggle\" aria-label=\"Alternar tabla de contenidos\"><span class=\"ez-toc-js-icon-con\"><span class=\"\"><span class=\"eztoc-hide\" style=\"display:none;\">Palanca<\/span><span class=\"ez-toc-icon-toggle-span\"><svg style=\"fill: #999;color:#999\" xmlns=\"http:\/\/www.w3.org\/2000\/svg\" class=\"list-377408\" width=\"20px\" height=\"20px\" viewbox=\"0 0 24 24\" fill=\"none\"><path d=\"M6 6H4v2h2V6zm14 0H8v2h12V6zM4 11h2v2H4v-2zm16 0H8v2h12v-2zM4 16h2v2H4v-2zm16 0H8v2h12v-2z\" fill=\"currentColor\"><\/path><\/svg><svg style=\"fill: #999;color:#999\" class=\"arrow-unsorted-368013\" xmlns=\"http:\/\/www.w3.org\/2000\/svg\" width=\"10px\" height=\"10px\" viewbox=\"0 0 24 24\" version=\"1.2\" baseprofile=\"tiny\"><path d=\"M18.2 9.3l-6.2-6.3-6.2 6.3c-.2.2-.3.4-.3.7s.1.5.3.7c.2.2.4.3.7.3h11c.3 0 .5-.1.7-.3.2-.2.3-.5.3-.7s-.1-.5-.3-.7zM5.8 14.7l6.2 6.3 6.2-6.3c.2-.2.3-.5.3-.7s-.1-.5-.3-.7c-.2-.2-.4-.3-.7-.3h-11c-.3 0-.5.1-.7.3-.2.2-.3.5-.3.7s.1.5.3.7z\"\/><\/svg><\/span><\/span><\/span><\/a><\/span><\/div>\n<nav><ul class='ez-toc-list ez-toc-list-level-1' ><li class='ez-toc-page-1 ez-toc-heading-level-2'><a class=\"ez-toc-link ez-toc-heading-1\" href=\"https:\/\/mythslegendes.com\/es\/cheyenne-arapaho-mitologia\/cuento-cheyenne-estrella-fugaz\/#Falling-Star\" >Estrella fugaz<\/a><\/li><\/ul><\/nav><\/div>\n<h2 class=\"elementor-heading-title elementor-size-default\"><span class=\"ez-toc-section\" id=\"Falling-Star\"><\/span>Estrella fugaz<span class=\"ez-toc-section-end\"><\/span><\/h2>\t\t\t\t<\/div>\n\t\t\t\t<\/div>\n\t\t\t\t\t<\/div>\n\t\t<\/div>\n\t\t\t\t\t<\/div>\n\t\t<\/section>\n\t\t\t\t<section class=\"elementor-section elementor-top-section elementor-element elementor-element-80e7fcf elementor-section-boxed elementor-section-height-default elementor-section-height-default\" data-id=\"80e7fcf\" data-element_type=\"section\" data-e-type=\"section\">\n\t\t\t\t\t\t<div class=\"elementor-container elementor-column-gap-default\">\n\t\t\t\t\t<div class=\"elementor-column elementor-col-100 elementor-top-column elementor-element elementor-element-2e15613\" data-id=\"2e15613\" data-element_type=\"column\" data-e-type=\"column\">\n\t\t\t<div class=\"elementor-widget-wrap elementor-element-populated\">\n\t\t\t\t\t\t<div class=\"elementor-element elementor-element-dd6c88e elementor-widget elementor-widget-text-editor\" data-id=\"dd6c88e\" data-element_type=\"widget\" data-e-type=\"widget\" data-widget_type=\"text-editor.default\">\n\t\t\t\t<div class=\"elementor-widget-container\">\n\t\t\t\t\t\t\t\t\t<p>Un d\u00eda, hace mucho tiempo, dos ni\u00f1as estaban tumbadas en la hierba.<br \/>fuera de su tipi en una c\u00e1lida tarde de verano. estaban mirando hacia arriba<br \/>en el cielo, describiendo im\u00e1genes de estrellas formadas por su imaginaci\u00f3n.<\/p><p>\u201cEsa es una linda estrella. Me gusta ese\u201d, dijo First Girl.<\/p><p>&quot;Me gusta m\u00e1s ese de todos, el de all\u00ed&quot;, se\u00f1al\u00f3 Second Girl.<\/p><p>La Primera Ni\u00f1a se\u00f1al\u00f3 la estrella m\u00e1s brillante del cielo y dijo: \u201cYo<br \/>como el m\u00e1s brillante mejor de todos. Esa es con la que me quiero casar. \u00bb<\/p><p>Esa noche acordaron salir al d\u00eda siguiente a recoger le\u00f1a.<\/p><p>A la ma\u00f1ana siguiente partieron hacia la zona boscosa. En su camino ellos<br \/>vio un puercoesp\u00edn trepar a un \u00e1rbol.<\/p><p>&quot;Subir\u00e9 al \u00e1rbol y lo tirar\u00e9 hacia abajo&quot;, dijo First Girl.<br \/>Trep\u00f3 pero no pudo alcanzar al puercoesp\u00edn.<\/p><p>Cada vez que ella le tend\u00eda la mano, el puercoesp\u00edn trepaba<br \/>un poco mas alto. Entonces el \u00e1rbol comenz\u00f3 a crecer m\u00e1s alto.<\/p><p>La segunda chica de abajo llam\u00f3 a su amiga: \u201cPor favor, baja,<br \/>\u00a1el \u00e1rbol est\u00e1 creciendo m\u00e1s alto! \u00bb<\/p><p>&quot;No&quot;, dijo la Primera Ni\u00f1a mientras el puercoesp\u00edn sub\u00eda m\u00e1s alto.<br \/>y el \u00e1rbol se hizo m\u00e1s alto.<\/p><p>La Segunda Chica pudo ver lo que estaba sucediendo, as\u00ed que corri\u00f3 de regreso a la<br \/>campamento y le dijo a su gente. Corrieron hacia el \u00e1rbol, pero First Girl<br \/>hab\u00eda desaparecido por completo!<\/p><p>El \u00e1rbol sigui\u00f3 creciendo m\u00e1s y m\u00e1s alto. Finalmente, Primera Chica<br \/>lleg\u00f3 a otra tierra. Se baj\u00f3 de la rama del \u00e1rbol y camin\u00f3<br \/>sobre el cielo!<\/p><p>Al poco tiempo conoci\u00f3 a un hombre de mediana edad de aspecto amable que hablaba<br \/>a ella. La Primera Ni\u00f1a comenz\u00f3 a llorar.<\/p><p>\u201c\u00bfCu\u00e1l es el problema? Solo anoche te escuch\u00e9 desear<br \/>que podr\u00edas casarte conmigo. Soy la estrella m\u00e1s brillante\u201d, dijo.<\/p><p>First Girl se complaci\u00f3 en conocer a Brightest-Star y se puso feliz<br \/>de nuevo cuando cumpli\u00f3 su deseo y se cas\u00f3 con \u00e9l. \u00c9l le dijo que ella<br \/>podr\u00eda echar ra\u00edces con las otras estrellas-mujeres, pero tener cuidado con cierta<br \/>especie de nabo blanco con una gran copa verde. Este tipo ella debe<br \/>nunca cavar Hacer eso estaba \u201cen contra de la medicina\u201d, en contra de<br \/>las reglas del Jefe del Cielo.<\/p><p>Todos los d\u00edas First Girl cav\u00f3 ra\u00edces. Su curiosidad por lo extra\u00f1o.<br \/>nabo blanco se volvi\u00f3 tan intenso que decidi\u00f3 desenterrar uno de<br \/>a ellos. Le tom\u00f3 mucho, mucho tiempo.<\/p><p>Cuando finalmente sac\u00f3 la ra\u00edz, qued\u00f3 un enorme agujero. Ella<br \/>Mir\u00f3 en el agujero y muy, muy abajo vio el campamento de su propia gente.<\/p><p>Todo y todos eran muy peque\u00f1os, pero ella pod\u00eda ver logias<br \/>y gente caminando. Instant\u00e1neamente sinti\u00f3 nostalgia de ver su propio<br \/>gente de nuevo. \u00bfC\u00f3mo podr\u00eda alguna vez bajar del cielo?<\/p><p>Se dio cuenta de que era un largo, largo camino hacia la tierra. Entonces sus ojos<br \/>cay\u00f3 sobre la hierba larga y dura que crec\u00eda cerca de ella. \u00bfPodr\u00eda ella trenzar<br \/>en una cuerda larga? Decidi\u00f3 intentarlo, cada d\u00eda tirando m\u00e1s<br \/>hierba larga y trenzando m\u00e1s cuerda.<\/p><p>Una vez, su esposo Brightest-Star pregunt\u00f3: &quot;\u00bfQu\u00e9 es lo que<br \/>te mantiene al aire libre la mayor parte del tiempo? \u00bb<\/p><p>\u201cCamino una gran distancia y eso me cansa. Necesito<br \/>si\u00e9ntate y descansa antes de que pueda regresar a casa. \u00bb<\/p><p>Por fin termin\u00f3 de hacer su cuerda fuerte, pensando que ya<br \/>debe ser lo suficientemente largo. At\u00f3 un extremo de la cuerda a un tronco que<br \/>ella rod\u00f3 por la parte superior del agujero como un ancla. ella defrauda<br \/>la cuerda. Parec\u00eda como si hubiera tocado el suelo.<\/p><p>Se meti\u00f3 en el agujero, agarr\u00e1ndose a la cuerda trenzada.<br \/>Pareci\u00f3 tomar mucho tiempo mientras bajaba lentamente hasta<br \/>lleg\u00f3 al final de la cuerda. \u00a1Pero no toc\u00f3 la Tierra!<\/p><p>Durante mucho tiempo se qued\u00f3 colgando en el aire y llamando in\u00fatilmente<br \/>por ayuda Cuando ya no pudo aguantar m\u00e1s, cay\u00f3 al suelo<br \/>y se rompi\u00f3 en muchos pedazos.<\/p><p>Aunque ella muri\u00f3, su hijo por nacer no muri\u00f3, porque fue hecho<br \/>de piedra estelar y no se rompi\u00f3.<\/p><p>Una alondra vio lo que pas\u00f3 y se llev\u00f3 al beb\u00e9 de la estrella fugaz a<br \/>su nido. All\u00ed la alondra lo mantuvo con sus propios pajaritos.<\/p><p>Cuando eran mayores, Falling-Star sali\u00f3 sigilosamente del nido con el<br \/>peque\u00f1as aves. Cuanto m\u00e1s fuertes crec\u00edan los p\u00e1jaros, m\u00e1s fuerte crec\u00eda Falling-Star.<br \/>Pronto todos ellos pudieron gatear y correr. Los p\u00e1jaros j\u00f3venes practicaban<br \/>su vuelo mientras Falling-Star corri\u00f3 tras ellos.<\/p><p>Entonces los p\u00e1jaros j\u00f3venes podr\u00edan volar a donde quisieran, mientras Falling Star<br \/>corri\u00f3 cada vez m\u00e1s r\u00e1pido para mantenerse al d\u00eda con ellos.<\/p><p>&quot;Hijo, es mejor que te vayas a casa con tu propia gente&quot;, dijo<br \/>Madre Pradera. \u201cEs hora de que vuelemos hacia el sur por el<br \/>invierno. En poco tiempo, el clima aqu\u00ed ser\u00e1 muy fr\u00edo. \u00bb<\/p><p>\u201cMadre Meadowlark\u201d, pregunt\u00f3 Falling Star. &quot;Por qu\u00e9<br \/>quieres que te deje? quiero ir contigo &quot;Sin sonido,&quot;<br \/>ella respondio. \u201cDebes irte a casa ahora. \u201cIr\u00e9 si<br \/>El padre Meadowlark me har\u00e1 un arco y algunas flechas. \u00bb<\/p><p>El padre Meadowlark hizo una reverencia y sac\u00f3 algunas de sus propias plumas.<br \/>para emplumar las flechas. Hizo cuatro flechas y un arco para Falling-Star.<br \/>Luego comenz\u00f3 Falling Star en la direcci\u00f3n correcta hacia su casa, r\u00edo abajo.<\/p><p>Falling Star viaj\u00f3 mucho tiempo antes de llegar al campamento de<br \/>su gente. Entr\u00f3 en el albergue m\u00e1s cercano propiedad de una anciana abuela.<br \/>&quot;Abuela&quot;, dijo. \u201cNecesito un trago de agua. \u00bb<\/p><p>\u201cMi nieto\u201d, le dijo, \u201cs\u00f3lo el joven<br \/>los hombres que son los corredores m\u00e1s r\u00e1pidos pueden ir por agua. hay un monstruo de agua<br \/>que chupa a cualquier persona que se le acerque demasiado. \u00bb<\/p><p>&quot;Abuela, si me das tu bolsa de b\u00fafalo y tu<br \/>cuchar\u00f3n de cuerno de b\u00fafalo, te traer\u00e9 agua. \u00bb<\/p><p>\u201cNieto, te advierto que muchos de nuestros mejores j\u00f3venes han<br \/>sido destruido por el monstruo de agua. Temo que a ti tambi\u00e9n te maten. \u00bb<\/p><p>Pero ella le dio las cosas que \u00e9l pidi\u00f3. Se fue r\u00edo arriba y<br \/>sumergido en agua, al mismo tiempo vigilando al monstruo.<\/p><p>En el mismo momento en que Falling-Star llen\u00f3 su balde, Watermonster<br \/>levant\u00f3 la cabeza sobre el agua. Su boca era enorme. \u00e9l chup\u00f3<br \/>Inhal\u00f3 y tom\u00f3 Falling Star, el balde, el agua y el cuchar\u00f3n.<\/p><p>Cuando Falling Star se encontr\u00f3 dentro del est\u00f3mago del monstruo, \u00e9l<br \/>vio a todas las dem\u00e1s personas que alguna vez hab\u00edan sido tragadas. con su piedra estelar,<br \/>cort\u00f3 un agujero en el costado del animal. Fuera se arrastr\u00f3 toda la gente,<br \/>y Falling-Star rescat\u00f3 su bolsa y cuchar\u00f3n para su abuela,<br \/>llev\u00e1ndole un poco de agua fresca y fresca.<\/p><p>\u201cMi nieto, \u00bfqui\u00e9n eres? pregunt\u00f3 ella, maravill\u00e1ndose de su supervivencia.<\/p><p>\u201cAbuela, soy Falling Star. Mat\u00e9 al monstruo que<br \/>ha causado mucho sufrimiento a nuestro pueblo, y yo rescat\u00e9 a todo el pueblo<br \/>que hab\u00eda sido tragado. \u00bb<\/p><p>La anciana le dijo al pregonero del pueblo que difundiera la buena noticia de que<br \/>el monstruo estaba muerto. Ahora que Falling Star hab\u00eda salvado a la gente del campamento<br \/>all\u00ed, le pregunt\u00f3 a la abuela: \u201c\u00bfHay otros campamentos de<br \/>nuestra gente cerca? \u00bb<\/p><p>\u201cS\u00ed, hay uno r\u00edo abajo\u201d, dijo.<\/p><p>Falling-Star tom\u00f3 su arco y flechas y abandon\u00f3 el campamento. La ca\u00edda de<br \/>el a\u00f1o ya hab\u00eda llegado.<\/p><p>Despu\u00e9s de viajar muchos d\u00edas, lleg\u00f3 al otro campamento. otra vez el<br \/>entr\u00f3 en la caba\u00f1a de una anciana donde se sent\u00f3 cerca de su fuego. &quot;Abuela,<br \/>Tengo mucha hambre\u201d, dijo.<\/p><p>\u201cHijo m\u00edo, hijo m\u00edo, no tenemos comida. No podemos conseguir ning\u00fan b\u00fafalo.<br \/>carne. Cada vez que nuestros cazadores salen a cazar b\u00fafalos, un gran cuervo blanco<br \/>advierte el b\u00fafalo, que los ahuyenta.<\/p><p>\u201cQu\u00e9 triste\u201d, dijo. &quot;Tratar\u00e9 de ayudar. salir<br \/>y busca una t\u00fanica de b\u00fafalo desgastada y con poco pelo. Cuenta tu<br \/>jefe que elija a dos de sus corredores m\u00e1s r\u00e1pidos y me los env\u00ede. \u00bb<\/p><p>M\u00e1s tarde volvi\u00f3 la anciana con la t\u00fanica y los dos veloces corredores.<br \/>Falling Star les cont\u00f3 su plan.<\/p><p>\u201cIr\u00e9 a cierto lugar y esperar\u00e9 al b\u00fafalo. Cuando<br \/>la manada corre, yo la seguir\u00e9, disfrazado de b\u00fafalo en el desgastado<br \/>vestido. Ustedes dos corredores nos persiguen a m\u00ed y al b\u00fafalo durante una larga distancia.<br \/>Cuando me alcances, debes dispararme. voy a pretender ser<br \/>muerto. Pretendes abrirme y dejarme en el suelo. \u00bb<\/p><p>Cuando lleg\u00f3 el b\u00fafalo real, el cuervo blanco vol\u00f3 sobre ellos gritando:<br \/>&quot;\u00a1Ellos estan viniendo! \u00a1Est\u00e1n tras de ti! \u00a1Corre corre! \u00bb<\/p><p>La manada de b\u00fafalos ech\u00f3 a correr, seguida por un toro de aspecto andrajoso. Los dos<br \/>veloces corredores persiguieron al viejo toro seg\u00fan el plan. Todo tipo de<br \/>p\u00e1jaros, lobos y coyotes se acercaron al cad\u00e1ver desde todas las direcciones.<br \/>Entre ellos estaba el cuervo blanco. Mientras volaba sobre Falling Star disfrazado,<br \/>grit\u00f3 estridentemente, &quot;Me pregunto si esto es Falling-Star?&quot; \u00bb<\/p><p>Una y otra vez el cuervo vol\u00f3 sobre el cad\u00e1ver, todav\u00eda llamando,<br \/>\u201cMe pregunto si esto es Falling Star. \u00bb<\/p><p>Se acerc\u00f3 m\u00e1s y m\u00e1s con cada pase. Cuando estuvo lo suficientemente cerca,<br \/>Falling Star salt\u00f3 y agarr\u00f3 las patas del cuervo blanco. Todo<br \/>de las otras aves y animales esparcidos en todas direcciones.<\/p><p>Cuando Falling Star llev\u00f3 el cuervo blanco cautivo a casa de la abuela,<br \/>ella siente palabra por el jefe.<\/p><p>\u201cLlevar\u00e9 al cuervo blanco a mi albergue. lo atar\u00e9 a<br \/>el hoyo de humo y fumarlo muerto\u201d, dijo el jefe.<\/p><p>A partir de ese momento, los buenos Cheyennes pudieron matar a muchos<br \/>b\u00fafalo y ten\u00edan mucha carne de b\u00fafalo para todas sus necesidades.<\/p><p>La gente, en agradecimiento, le dio a Falling Star una encantadora casa de campo y<br \/>una hermosa doncella india que esperaba all\u00ed para convertirse en su esposa. se quedaron<br \/>toda su vida con la tribu india Cheyenne del Norte.<\/p>\t\t\t\t\t\t\t\t<\/div>\n\t\t\t\t<\/div>\n\t\t\t\t\t<\/div>\n\t\t<\/div>\n\t\t\t\t\t<\/div>\n\t\t<\/section>\n\t\t\t\t<\/div>","protected":false},"excerpt":{"rendered":"<p>Cheyenne-Arapaho Mythology Wiki Los Cheyennes son una naci\u00f3n nativa americana de las Grandes Llanuras, aliados cercanos de los Arapahos y en general aliados de los Lakotas... <\/p>","protected":false},"author":1,"featured_media":0,"parent":3895,"menu_order":0,"comment_status":"closed","ping_status":"closed","template":"","meta":{"footnotes":""},"class_list":["post-22034","page","type-page","status-publish","hentry"],"amp_enabled":true,"_links":{"self":[{"href":"https:\/\/mythslegendes.com\/es\/wp-json\/wp\/v2\/pages\/22034","targetHints":{"allow":["GET"]}}],"collection":[{"href":"https:\/\/mythslegendes.com\/es\/wp-json\/wp\/v2\/pages"}],"about":[{"href":"https:\/\/mythslegendes.com\/es\/wp-json\/wp\/v2\/types\/page"}],"author":[{"embeddable":true,"href":"https:\/\/mythslegendes.com\/es\/wp-json\/wp\/v2\/users\/1"}],"replies":[{"embeddable":true,"href":"https:\/\/mythslegendes.com\/es\/wp-json\/wp\/v2\/comments?post=22034"}],"version-history":[{"count":3,"href":"https:\/\/mythslegendes.com\/es\/wp-json\/wp\/v2\/pages\/22034\/revisions"}],"predecessor-version":[{"id":22041,"href":"https:\/\/mythslegendes.com\/es\/wp-json\/wp\/v2\/pages\/22034\/revisions\/22041"}],"up":[{"embeddable":true,"href":"https:\/\/mythslegendes.com\/es\/wp-json\/wp\/v2\/pages\/3895"}],"wp:attachment":[{"href":"https:\/\/mythslegendes.com\/es\/wp-json\/wp\/v2\/media?parent=22034"}],"curies":[{"name":"wp","href":"https:\/\/api.w.org\/{rel}","templated":true}]}}