{"id":22043,"date":"2022-08-04T00:15:43","date_gmt":"2022-08-04T00:15:43","guid":{"rendered":"https:\/\/mythslegendes.com\/?page_id=22043"},"modified":"2022-08-04T00:18:07","modified_gmt":"2022-08-04T00:18:07","slug":"conte-cheyenne-buffalo-hunt","status":"publish","type":"page","link":"https:\/\/mythslegendes.com\/es\/cheyenne-arapaho-mitologia\/cuento-cheyenne-bufalo-caza\/","title":{"rendered":"Cuento de Cheyenne: Caza de b\u00fafalos"},"content":{"rendered":"<div data-elementor-type=\"wp-page\" data-elementor-id=\"22043\" class=\"elementor elementor-22043\">\n\t\t\t\t\t\t<section class=\"elementor-section elementor-top-section elementor-element elementor-element-273329d elementor-section-boxed elementor-section-height-default elementor-section-height-default\" data-id=\"273329d\" data-element_type=\"section\" data-e-type=\"section\">\n\t\t\t\t\t\t<div class=\"elementor-container elementor-column-gap-default\">\n\t\t\t\t\t<div class=\"elementor-column elementor-col-50 elementor-top-column elementor-element elementor-element-a8e5215\" data-id=\"a8e5215\" data-element_type=\"column\" data-e-type=\"column\">\n\t\t\t<div class=\"elementor-widget-wrap elementor-element-populated\">\n\t\t\t\t\t\t<div class=\"elementor-element elementor-element-e2e0f6e elementor-align-justify elementor-widget elementor-widget-button\" data-id=\"e2e0f6e\" data-element_type=\"widget\" data-e-type=\"widget\" data-widget_type=\"button.default\">\n\t\t\t\t<div class=\"elementor-widget-container\">\n\t\t\t\t\t\t\t\t\t<div class=\"elementor-button-wrapper\">\n\t\t\t\t\t<a class=\"elementor-button elementor-button-link elementor-size-sm\" href=\"https:\/\/mythslegendes.com\/es\/cheyenne-arapaho-mitologia\/\">\n\t\t\t\t\t\t<span class=\"elementor-button-content-wrapper\">\n\t\t\t\t\t\t\t\t\t<span class=\"elementor-button-text\">Mitolog\u00eda Cheyenne-Arapaho<\/span>\n\t\t\t\t\t<\/span>\n\t\t\t\t\t<\/a>\n\t\t\t\t<\/div>\n\t\t\t\t\t\t\t\t<\/div>\n\t\t\t\t<\/div>\n\t\t\t\t\t<\/div>\n\t\t<\/div>\n\t\t\t\t<div class=\"elementor-column elementor-col-50 elementor-top-column elementor-element elementor-element-5a0539a\" data-id=\"5a0539a\" data-element_type=\"column\" data-e-type=\"column\">\n\t\t\t<div class=\"elementor-widget-wrap elementor-element-populated\">\n\t\t\t\t\t\t<div class=\"elementor-element elementor-element-0bc56da elementor-align-justify elementor-widget elementor-widget-button\" data-id=\"0bc56da\" data-element_type=\"widget\" data-e-type=\"widget\" data-widget_type=\"button.default\">\n\t\t\t\t<div class=\"elementor-widget-container\">\n\t\t\t\t\t\t\t\t\t<div class=\"elementor-button-wrapper\">\n\t\t\t\t\t<a class=\"elementor-button elementor-button-link elementor-size-sm\" href=\"https:\/\/www.firstpeople.us\/FP-Html-Legends\/HowTheBuffaloHuntBegan-Cheyenne.html\" target=\"_blank\" rel=\"noopener\">\n\t\t\t\t\t\t<span class=\"elementor-button-content-wrapper\">\n\t\t\t\t\t\t\t\t\t<span class=\"elementor-button-text\">Wiki<\/span>\n\t\t\t\t\t<\/span>\n\t\t\t\t\t<\/a>\n\t\t\t\t<\/div>\n\t\t\t\t\t\t\t\t<\/div>\n\t\t\t\t<\/div>\n\t\t\t\t\t<\/div>\n\t\t<\/div>\n\t\t\t\t\t<\/div>\n\t\t<\/section>\n\t\t\t\t<section class=\"elementor-section elementor-top-section elementor-element elementor-element-d3ae7f1 elementor-section-boxed elementor-section-height-default elementor-section-height-default\" data-id=\"d3ae7f1\" data-element_type=\"section\" data-e-type=\"section\">\n\t\t\t\t\t\t<div class=\"elementor-container elementor-column-gap-default\">\n\t\t\t\t\t<div class=\"elementor-column elementor-col-100 elementor-top-column elementor-element elementor-element-3dc3017\" data-id=\"3dc3017\" data-element_type=\"column\" data-e-type=\"column\">\n\t\t\t<div class=\"elementor-widget-wrap elementor-element-populated\">\n\t\t\t\t\t\t<div class=\"elementor-element elementor-element-88f2fcc elementor-widget elementor-widget-text-editor\" data-id=\"88f2fcc\" data-element_type=\"widget\" data-e-type=\"widget\" data-widget_type=\"text-editor.default\">\n\t\t\t\t<div class=\"elementor-widget-container\">\n\t\t\t\t\t\t\t\t\t<p>los\u00a0<strong><a href=\"https:\/\/mythslegendes.com\/es\/cheyenne-arapaho-mitologia\/\">Cheyennes<\/a><\/strong> son una naci\u00f3n nativa americana de las Grandes Llanuras, aliados cercanos de los <a href=\"https:\/\/mythslegendes.com\/es\/cheyenne-arapaho-mitologia\/\">Arapahos<\/a> y generalmente aliados de los Lakotas (<a href=\"https:\/\/mythslegendes.com\/es\/mythes-et-legendes-siouans-2127\/\">siux<\/a>). Son una de las tribus de las Llanuras m\u00e1s famosas e importantes. Aqu\u00ed est\u00e1 su historia: C\u00f3mo comenz\u00f3 la caza del b\u00fafalo.<\/p><p><img decoding=\"async\" class=\"alignnone wp-image-9347 size-full\" src=\"http:\/\/mythslegendes.com\/wp-content\/uploads\/2020\/09\/cropped-AlphaOmega-e1602613368367.png\" alt=\"C\u00f3mo comenz\u00f3 la caza del b\u00fafalo\" width=\"25\" height=\"25\" title=\"\"><\/p>\t\t\t\t\t\t\t\t<\/div>\n\t\t\t\t<\/div>\n\t\t\t\t\t<\/div>\n\t\t<\/div>\n\t\t\t\t\t<\/div>\n\t\t<\/section>\n\t\t\t\t<section class=\"elementor-section elementor-top-section elementor-element elementor-element-7b5d063 elementor-section-boxed elementor-section-height-default elementor-section-height-default\" data-id=\"7b5d063\" data-element_type=\"section\" data-e-type=\"section\">\n\t\t\t\t\t\t<div class=\"elementor-container elementor-column-gap-default\">\n\t\t\t\t\t<div class=\"elementor-column elementor-col-100 elementor-top-column elementor-element elementor-element-6b93e5f\" data-id=\"6b93e5f\" data-element_type=\"column\" data-e-type=\"column\">\n\t\t\t<div class=\"elementor-widget-wrap elementor-element-populated\">\n\t\t\t\t\t\t<div class=\"elementor-element elementor-element-9e6f591 elementor-widget elementor-widget-heading\" data-id=\"9e6f591\" data-element_type=\"widget\" data-e-type=\"widget\" data-widget_type=\"heading.default\">\n\t\t\t\t<div class=\"elementor-widget-container\">\n\t\t\t\t\t<div id=\"ez-toc-container\" class=\"ez-toc-v2_0_82_2 counter-hierarchy ez-toc-counter ez-toc-grey ez-toc-container-direction\">\n<div class=\"ez-toc-title-container\">\n<p class=\"ez-toc-title\" style=\"cursor:inherit\">Contenido<\/p>\n<span class=\"ez-toc-title-toggle\"><a href=\"#\" class=\"ez-toc-pull-right ez-toc-btn ez-toc-btn-xs ez-toc-btn-default ez-toc-toggle\" aria-label=\"Alternar tabla de contenidos\"><span class=\"ez-toc-js-icon-con\"><span class=\"\"><span class=\"eztoc-hide\" style=\"display:none;\">Palanca<\/span><span class=\"ez-toc-icon-toggle-span\"><svg style=\"fill: #999;color:#999\" xmlns=\"http:\/\/www.w3.org\/2000\/svg\" class=\"list-377408\" width=\"20px\" height=\"20px\" viewbox=\"0 0 24 24\" fill=\"none\"><path d=\"M6 6H4v2h2V6zm14 0H8v2h12V6zM4 11h2v2H4v-2zm16 0H8v2h12v-2zM4 16h2v2H4v-2zm16 0H8v2h12v-2z\" fill=\"currentColor\"><\/path><\/svg><svg style=\"fill: #999;color:#999\" class=\"arrow-unsorted-368013\" xmlns=\"http:\/\/www.w3.org\/2000\/svg\" width=\"10px\" height=\"10px\" viewbox=\"0 0 24 24\" version=\"1.2\" baseprofile=\"tiny\"><path d=\"M18.2 9.3l-6.2-6.3-6.2 6.3c-.2.2-.3.4-.3.7s.1.5.3.7c.2.2.4.3.7.3h11c.3 0 .5-.1.7-.3.2-.2.3-.5.3-.7s-.1-.5-.3-.7zM5.8 14.7l6.2 6.3 6.2-6.3c.2-.2.3-.5.3-.7s-.1-.5-.3-.7c-.2-.2-.4-.3-.7-.3h-11c-.3 0-.5.1-.7.3-.2.2-.3.5-.3.7s.1.5.3.7z\"\/><\/svg><\/span><\/span><\/span><\/a><\/span><\/div>\n<nav><ul class='ez-toc-list ez-toc-list-level-1' ><li class='ez-toc-page-1 ez-toc-heading-level-2'><a class=\"ez-toc-link ez-toc-heading-1\" href=\"https:\/\/mythslegendes.com\/es\/cheyenne-arapaho-mitologia\/cuento-cheyenne-bufalo-caza\/#How-the-Buffalo-Hunt-Began\" >C\u00f3mo comenz\u00f3 la caza del b\u00fafalo<\/a><\/li><\/ul><\/nav><\/div>\n<h2 class=\"elementor-heading-title elementor-size-default\"><span class=\"ez-toc-section\" id=\"How-the-Buffalo-Hunt-Began\"><\/span>C\u00f3mo comenz\u00f3 la caza del b\u00fafalo<span class=\"ez-toc-section-end\"><\/span><\/h2>\t\t\t\t<\/div>\n\t\t\t\t<\/div>\n\t\t\t\t\t<\/div>\n\t\t<\/div>\n\t\t\t\t\t<\/div>\n\t\t<\/section>\n\t\t\t\t<section class=\"elementor-section elementor-top-section elementor-element elementor-element-4581a06 elementor-section-boxed elementor-section-height-default elementor-section-height-default\" data-id=\"4581a06\" data-element_type=\"section\" data-e-type=\"section\">\n\t\t\t\t\t\t<div class=\"elementor-container elementor-column-gap-default\">\n\t\t\t\t\t<div class=\"elementor-column elementor-col-100 elementor-top-column elementor-element elementor-element-342c233\" data-id=\"342c233\" data-element_type=\"column\" data-e-type=\"column\">\n\t\t\t<div class=\"elementor-widget-wrap elementor-element-populated\">\n\t\t\t\t\t\t<div class=\"elementor-element elementor-element-9131cbc elementor-widget elementor-widget-text-editor\" data-id=\"9131cbc\" data-element_type=\"widget\" data-e-type=\"widget\" data-widget_type=\"text-editor.default\">\n\t\t\t\t<div class=\"elementor-widget-container\">\n\t\t\t\t\t\t\t\t\t<p>El b\u00fafalo antiguamente com\u00eda al hombre. La urraca y el halc\u00f3n estaban del lado del pueblo, porque ninguno se com\u00eda al otro ni al pueblo. Estos dos p\u00e1jaros se alejaron volando de un consejo entre animales y hombres.<\/p>\n<p>Determinaron que se realizar\u00eda una carrera, los ganadores se comer\u00edan a los perdedores. El recorrido era largo, alrededor de una monta\u00f1a.<\/p>\n<p>El b\u00fafalo m\u00e1s veloz era una vaca llamada Neika, &quot;cabeza veloz&quot;. Ella crey\u00f3 que ganar\u00eda y entr\u00f3 en la carrera. Por otro lado, la gente ten\u00eda miedo por la larga distancia. Estaban tratando de conseguir medicamentos para prevenir la fatiga.<\/p>\n<p>Todos los p\u00e1jaros y animales se pintaron para la carrera, y desde entonces todos han sido de colores brillantes. Incluso la tortuga de agua se puso pintura roja alrededor de los ojos. La urraca se pint\u00f3 de blanco la cabeza, los hombros y la cola. Por fin todos estaban listos para la carrera y se pararon en fila para la salida.<\/p>\n<p>Corrieron y corrieron, haciendo algunos ruidos fuertes en lugar de cantar para ayudarse a correr m\u00e1s r\u00e1pido. Todas las aves peque\u00f1as, tortugas, conejos, coyotes, lobos, moscas, hormigas, insectos y <a href=\"https:\/\/mythslegendes.com\/es\/mitologia-digital-norte-y-oeste\/\">serpientes<\/a> pronto quedaron muy atr\u00e1s. Cuando se acercaron a la monta\u00f1a, la vaca-b\u00fafalo iba delante; luego ven\u00eda la urraca, el gavil\u00e1n y la gente; el resto se dispers\u00f3 a lo largo del camino. El polvo se elev\u00f3 tan r\u00e1pidamente que no se pod\u00eda ver nada.<\/p>\n<p>Alrededor de la monta\u00f1a, la vaca b\u00fafalo lider\u00f3 la carrera, pero los dos p\u00e1jaros sab\u00edan que pod\u00edan ganar, y simplemente la siguieron hasta que se acercaron a la l\u00ednea de meta, que estaba de vuelta al lugar de partida. Luego, ambos p\u00e1jaros pasaron zumbando junto a ella y ganaron la carrera por el hombre. Mientras volaban el curso, hab\u00edan visto animales y p\u00e1jaros ca\u00eddos por todo el lugar, que se hab\u00edan muerto corriendo, volviendo el suelo y las rocas rojas de sangre.<\/p>\n<p>El b\u00fafalo entonces les dijo a sus cr\u00edas que se escondieran de la gente, que sal\u00eda a cazarlos; y tambi\u00e9n les dijo que llevaran algo de carne humana con ellos por \u00faltima vez. Los j\u00f3venes b\u00fafalos hicieron esto y metieron esa carne frente a sus pechos, debajo de la garganta. Por lo tanto, la gente no come esa parte del b\u00fafalo, diciendo que es parte carne humana.<\/p>\n<p>A partir de ese d\u00eda, los Cheyenne comenzaron a cazar b\u00fafalos. Dado que todos los animales y p\u00e1jaros amistosos estaban del lado de la gente, la gente no los come, pero s\u00ed visten y usan sus hermosas plumas como adornos.<\/p>\t\t\t\t\t\t\t\t<\/div>\n\t\t\t\t<\/div>\n\t\t\t\t\t<\/div>\n\t\t<\/div>\n\t\t\t\t\t<\/div>\n\t\t<\/section>\n\t\t\t\t<\/div>","protected":false},"excerpt":{"rendered":"<p>Cheyenne-Arapaho Mythology Wiki Los Cheyennes son una naci\u00f3n nativa americana de las Grandes Llanuras, aliados cercanos de los Arapahos y en general aliados de los Lakotas... <\/p>","protected":false},"author":1,"featured_media":0,"parent":3895,"menu_order":0,"comment_status":"closed","ping_status":"closed","template":"","meta":{"footnotes":""},"class_list":["post-22043","page","type-page","status-publish","hentry"],"amp_enabled":true,"_links":{"self":[{"href":"https:\/\/mythslegendes.com\/es\/wp-json\/wp\/v2\/pages\/22043","targetHints":{"allow":["GET"]}}],"collection":[{"href":"https:\/\/mythslegendes.com\/es\/wp-json\/wp\/v2\/pages"}],"about":[{"href":"https:\/\/mythslegendes.com\/es\/wp-json\/wp\/v2\/types\/page"}],"author":[{"embeddable":true,"href":"https:\/\/mythslegendes.com\/es\/wp-json\/wp\/v2\/users\/1"}],"replies":[{"embeddable":true,"href":"https:\/\/mythslegendes.com\/es\/wp-json\/wp\/v2\/comments?post=22043"}],"version-history":[{"count":3,"href":"https:\/\/mythslegendes.com\/es\/wp-json\/wp\/v2\/pages\/22043\/revisions"}],"predecessor-version":[{"id":22050,"href":"https:\/\/mythslegendes.com\/es\/wp-json\/wp\/v2\/pages\/22043\/revisions\/22050"}],"up":[{"embeddable":true,"href":"https:\/\/mythslegendes.com\/es\/wp-json\/wp\/v2\/pages\/3895"}],"wp:attachment":[{"href":"https:\/\/mythslegendes.com\/es\/wp-json\/wp\/v2\/media?parent=22043"}],"curies":[{"name":"wp","href":"https:\/\/api.w.org\/{rel}","templated":true}]}}