{"id":22062,"date":"2022-08-04T00:24:03","date_gmt":"2022-08-04T00:24:03","guid":{"rendered":"https:\/\/mythslegendes.com\/?page_id=22062"},"modified":"2022-08-04T00:26:13","modified_gmt":"2022-08-04T00:26:13","slug":"conte-cheyenne-origin-of-the-buffalo","status":"publish","type":"page","link":"https:\/\/mythslegendes.com\/es\/cheyenne-arapaho-mitologia\/cuento-cheyenne-origen-del-bufalo\/","title":{"rendered":"Cuento de Cheyenne: Origen del b\u00fafalo"},"content":{"rendered":"<div data-elementor-type=\"wp-page\" data-elementor-id=\"22062\" class=\"elementor elementor-22062\">\n\t\t\t\t\t\t<section class=\"elementor-section elementor-top-section elementor-element elementor-element-6b08872 elementor-section-boxed elementor-section-height-default elementor-section-height-default\" data-id=\"6b08872\" data-element_type=\"section\" data-e-type=\"section\">\n\t\t\t\t\t\t<div class=\"elementor-container elementor-column-gap-default\">\n\t\t\t\t\t<div class=\"elementor-column elementor-col-50 elementor-top-column elementor-element elementor-element-21cfd01\" data-id=\"21cfd01\" data-element_type=\"column\" data-e-type=\"column\">\n\t\t\t<div class=\"elementor-widget-wrap elementor-element-populated\">\n\t\t\t\t\t\t<div class=\"elementor-element elementor-element-aba3bac elementor-align-justify elementor-widget elementor-widget-button\" data-id=\"aba3bac\" data-element_type=\"widget\" data-e-type=\"widget\" data-widget_type=\"button.default\">\n\t\t\t\t<div class=\"elementor-widget-container\">\n\t\t\t\t\t\t\t\t\t<div class=\"elementor-button-wrapper\">\n\t\t\t\t\t<a class=\"elementor-button elementor-button-link elementor-size-sm\" href=\"https:\/\/mythslegendes.com\/es\/cheyenne-arapaho-mitologia\/\">\n\t\t\t\t\t\t<span class=\"elementor-button-content-wrapper\">\n\t\t\t\t\t\t\t\t\t<span class=\"elementor-button-text\">Mitolog\u00eda Cheyenne-Arapaho<\/span>\n\t\t\t\t\t<\/span>\n\t\t\t\t\t<\/a>\n\t\t\t\t<\/div>\n\t\t\t\t\t\t\t\t<\/div>\n\t\t\t\t<\/div>\n\t\t\t\t\t<\/div>\n\t\t<\/div>\n\t\t\t\t<div class=\"elementor-column elementor-col-50 elementor-top-column elementor-element elementor-element-d1f3833\" data-id=\"d1f3833\" data-element_type=\"column\" data-e-type=\"column\">\n\t\t\t<div class=\"elementor-widget-wrap elementor-element-populated\">\n\t\t\t\t\t\t<div class=\"elementor-element elementor-element-34f7e2d elementor-align-justify elementor-widget elementor-widget-button\" data-id=\"34f7e2d\" data-element_type=\"widget\" data-e-type=\"widget\" data-widget_type=\"button.default\">\n\t\t\t\t<div class=\"elementor-widget-container\">\n\t\t\t\t\t\t\t\t\t<div class=\"elementor-button-wrapper\">\n\t\t\t\t\t<a class=\"elementor-button elementor-button-link elementor-size-sm\" href=\"https:\/\/www.firstpeople.us\/FP-Html-Legends\/OriginoftheBuffalo-Cheyenne.html\" target=\"_blank\" rel=\"noopener\">\n\t\t\t\t\t\t<span class=\"elementor-button-content-wrapper\">\n\t\t\t\t\t\t\t\t\t<span class=\"elementor-button-text\">Wiki<\/span>\n\t\t\t\t\t<\/span>\n\t\t\t\t\t<\/a>\n\t\t\t\t<\/div>\n\t\t\t\t\t\t\t\t<\/div>\n\t\t\t\t<\/div>\n\t\t\t\t\t<\/div>\n\t\t<\/div>\n\t\t\t\t\t<\/div>\n\t\t<\/section>\n\t\t\t\t<section class=\"elementor-section elementor-top-section elementor-element elementor-element-4dbb844 elementor-section-boxed elementor-section-height-default elementor-section-height-default\" data-id=\"4dbb844\" data-element_type=\"section\" data-e-type=\"section\">\n\t\t\t\t\t\t<div class=\"elementor-container elementor-column-gap-default\">\n\t\t\t\t\t<div class=\"elementor-column elementor-col-100 elementor-top-column elementor-element elementor-element-7677d8c\" data-id=\"7677d8c\" data-element_type=\"column\" data-e-type=\"column\">\n\t\t\t<div class=\"elementor-widget-wrap elementor-element-populated\">\n\t\t\t\t\t\t<div class=\"elementor-element elementor-element-8014e37 elementor-widget elementor-widget-text-editor\" data-id=\"8014e37\" data-element_type=\"widget\" data-e-type=\"widget\" data-widget_type=\"text-editor.default\">\n\t\t\t\t<div class=\"elementor-widget-container\">\n\t\t\t\t\t\t\t\t\t<p>los\u00a0<strong><a href=\"https:\/\/mythslegendes.com\/es\/cheyenne-arapaho-mitologia\/\">Cheyennes<\/a><\/strong> son una naci\u00f3n nativa americana de las Grandes Llanuras, aliados cercanos de los <a href=\"https:\/\/mythslegendes.com\/es\/cheyenne-arapaho-mitologia\/\">Arapahos<\/a> y generalmente aliados de los Lakotas (<a href=\"https:\/\/mythslegendes.com\/es\/mythes-et-legendes-siouans-2127\/\">siux<\/a>). Son una de las tribus m\u00e1s famosas e importantes de las Llanuras. Aqu\u00ed est\u00e1 su historia: Origen del B\u00fafalo.<\/p><p><img decoding=\"async\" class=\"alignnone wp-image-9347 size-full\" src=\"http:\/\/mythslegendes.com\/wp-content\/uploads\/2020\/09\/cropped-AlphaOmega-e1602613368367.png\" alt=\"Origen del b\u00fafalo\" width=\"25\" height=\"25\" title=\"\"><\/p>\t\t\t\t\t\t\t\t<\/div>\n\t\t\t\t<\/div>\n\t\t\t\t\t<\/div>\n\t\t<\/div>\n\t\t\t\t\t<\/div>\n\t\t<\/section>\n\t\t\t\t<section class=\"elementor-section elementor-top-section elementor-element elementor-element-bc4b9a4 elementor-section-boxed elementor-section-height-default elementor-section-height-default\" data-id=\"bc4b9a4\" data-element_type=\"section\" data-e-type=\"section\">\n\t\t\t\t\t\t<div class=\"elementor-container elementor-column-gap-default\">\n\t\t\t\t\t<div class=\"elementor-column elementor-col-100 elementor-top-column elementor-element elementor-element-9d95ca7\" data-id=\"9d95ca7\" data-element_type=\"column\" data-e-type=\"column\">\n\t\t\t<div class=\"elementor-widget-wrap elementor-element-populated\">\n\t\t\t\t\t\t<div class=\"elementor-element elementor-element-11c8726 elementor-widget elementor-widget-heading\" data-id=\"11c8726\" data-element_type=\"widget\" data-e-type=\"widget\" data-widget_type=\"heading.default\">\n\t\t\t\t<div class=\"elementor-widget-container\">\n\t\t\t\t\t<div id=\"ez-toc-container\" class=\"ez-toc-v2_0_82_2 counter-hierarchy ez-toc-counter ez-toc-grey ez-toc-container-direction\">\n<div class=\"ez-toc-title-container\">\n<p class=\"ez-toc-title\" style=\"cursor:inherit\">Contenido<\/p>\n<span class=\"ez-toc-title-toggle\"><a href=\"#\" class=\"ez-toc-pull-right ez-toc-btn ez-toc-btn-xs ez-toc-btn-default ez-toc-toggle\" aria-label=\"Alternar tabla de contenidos\"><span class=\"ez-toc-js-icon-con\"><span class=\"\"><span class=\"eztoc-hide\" style=\"display:none;\">Palanca<\/span><span class=\"ez-toc-icon-toggle-span\"><svg style=\"fill: #999;color:#999\" xmlns=\"http:\/\/www.w3.org\/2000\/svg\" class=\"list-377408\" width=\"20px\" height=\"20px\" viewbox=\"0 0 24 24\" fill=\"none\"><path d=\"M6 6H4v2h2V6zm14 0H8v2h12V6zM4 11h2v2H4v-2zm16 0H8v2h12v-2zM4 16h2v2H4v-2zm16 0H8v2h12v-2z\" fill=\"currentColor\"><\/path><\/svg><svg style=\"fill: #999;color:#999\" class=\"arrow-unsorted-368013\" xmlns=\"http:\/\/www.w3.org\/2000\/svg\" width=\"10px\" height=\"10px\" viewbox=\"0 0 24 24\" version=\"1.2\" baseprofile=\"tiny\"><path d=\"M18.2 9.3l-6.2-6.3-6.2 6.3c-.2.2-.3.4-.3.7s.1.5.3.7c.2.2.4.3.7.3h11c.3 0 .5-.1.7-.3.2-.2.3-.5.3-.7s-.1-.5-.3-.7zM5.8 14.7l6.2 6.3 6.2-6.3c.2-.2.3-.5.3-.7s-.1-.5-.3-.7c-.2-.2-.4-.3-.7-.3h-11c-.3 0-.5.1-.7.3-.2.2-.3.5-.3.7s.1.5.3.7z\"\/><\/svg><\/span><\/span><\/span><\/a><\/span><\/div>\n<nav><ul class='ez-toc-list ez-toc-list-level-1' ><li class='ez-toc-page-1 ez-toc-heading-level-2'><a class=\"ez-toc-link ez-toc-heading-1\" href=\"https:\/\/mythslegendes.com\/es\/cheyenne-arapaho-mitologia\/cuento-cheyenne-origen-del-bufalo\/#Origin-of-the-Buffalo\" >Origen del b\u00fafalo<\/a><\/li><\/ul><\/nav><\/div>\n<h2 class=\"elementor-heading-title elementor-size-default\"><span class=\"ez-toc-section\" id=\"Origin-of-the-Buffalo\"><\/span>Origen del b\u00fafalo<span class=\"ez-toc-section-end\"><\/span><\/h2>\t\t\t\t<\/div>\n\t\t\t\t<\/div>\n\t\t\t\t\t<\/div>\n\t\t<\/div>\n\t\t\t\t\t<\/div>\n\t\t<\/section>\n\t\t\t\t<section class=\"elementor-section elementor-top-section elementor-element elementor-element-4023e0f elementor-section-boxed elementor-section-height-default elementor-section-height-default\" data-id=\"4023e0f\" data-element_type=\"section\" data-e-type=\"section\">\n\t\t\t\t\t\t<div class=\"elementor-container elementor-column-gap-default\">\n\t\t\t\t\t<div class=\"elementor-column elementor-col-100 elementor-top-column elementor-element elementor-element-d26fb77\" data-id=\"d26fb77\" data-element_type=\"column\" data-e-type=\"column\">\n\t\t\t<div class=\"elementor-widget-wrap elementor-element-populated\">\n\t\t\t\t\t\t<div class=\"elementor-element elementor-element-eb66e0f elementor-widget elementor-widget-text-editor\" data-id=\"eb66e0f\" data-element_type=\"widget\" data-e-type=\"widget\" data-widget_type=\"text-editor.default\">\n\t\t\t\t<div class=\"elementor-widget-container\">\n\t\t\t\t\t\t\t\t\t<p>Hace mucho tiempo, una tribu de cazadores cheyenne viv\u00eda en la cabecera de un torrente que eventualmente desembocaba en una gran cueva.<\/p>\n<p>Debido a la gran necesidad de un nuevo suministro de alimentos para su pueblo, el Jefe convoc\u00f3 una reuni\u00f3n del consejo.<\/p>\n<p>&quot;Deber\u00edamos explorar la cueva grande&quot;, dijo a su gente. &quot;\u00bfCu\u00e1ntos cazadores valientes se ofrecer\u00e1n a emprender esta aventura? Por supuesto, puede ser muy peligroso, pero tenemos cazadores valientes&quot;. Nadie respondi\u00f3 a la petici\u00f3n del Jefe.<\/p>\n<p>Finalmente, un joven valiente se pint\u00f3 para cazar y dio un paso adelante, respondiendo al Jefe: &quot;Ir\u00e9 y me sacrificar\u00e9 por nuestra gente&quot;. Lleg\u00f3 a la cueva y, para su sorpresa, First Brave encontr\u00f3 a otros dos cazadores cheyenne cerca de la abertura, donde el arroyo corr\u00eda bajo tierra.<\/p>\n<p>\u201c\u00bfEst\u00e1n aqu\u00ed para burlarse de m\u00ed\u201d, se pregunt\u00f3 First Brave? \u201c\u00bfSolo fingir\u00e1n saltar cuando yo lo haga?\u201d<\/p>\n<p>Pero los otros dos valientes le aseguraron que ir\u00edan.<\/p>\n<p>&quot;No, est\u00e1s equivocado acerca de nosotros. Realmente queremos entrar a la cueva contigo&quot;, dijeron.<\/p>\n<p>Primero, Brave se tom\u00f3 de la mano y juntos saltaron a la enorme abertura de la cueva. Debido a la oscuridad, sus ojos tardaron alg\u00fan tiempo en adaptarse. Luego descubrieron lo que parec\u00eda una puerta.<\/p>\n<p>Primero Brave llam\u00f3, pero no hubo respuesta. Volvi\u00f3 a llamar, m\u00e1s fuerte.<\/p>\n<p>\u201c\u00bfQu\u00e9 quer\u00e9is, mis valientes?\u201d pregunt\u00f3 una anciana abuela india mientras abr\u00eda la puerta.<\/p>\n<p>\u201cAbuela, estamos buscando un nuevo suministro de alimentos para nuestra tribu\u201d, respondi\u00f3 First Brave. &quot;Nuestra gente nunca parece tener suficiente comida para comer&quot;.<\/p>\n<p>&quot;\u00bfTienes hambre ahora?&quot; ella pregunt\u00f3.<\/p>\n<p>\u201cOh, s\u00ed, amable abuela, tenemos mucha hambre\u201d, respondieron los tres valientes.<\/p>\n<p>La abuela abri\u00f3 de par en par la puerta, invitando a los j\u00f3venes valientes a entrar.<\/p>\n<p>\u201c\u00a1Cuidado ah\u00ed afuera!\u201d Les indic\u00f3 que miraran por la ventana.<\/p>\n<p>Una hermosa y amplia pradera se extend\u00eda ante sus ojos. Grandes manadas de b\u00fafalos pastaban contentos. \u00a1Los j\u00f3venes cazadores apenas pod\u00edan creer lo que vieron!<\/p>\n<p>La abuela trajo a cada uno una cacerola de piedra llena de carne de b\u00fafalo. Qu\u00e9 bien sab\u00eda, mientras com\u00edan y com\u00edan hasta saciarse. Para su sorpresa, \u00a1quedaba m\u00e1s carne de b\u00fafalo en sus cacerolas de piedra!<\/p>\n<p>\u201cQuiero que lleves tus trozos de carne de b\u00fafalo de piedra a tu gente en tu campamento\u201d, dijo la abuela. \u201cDiles que pronto enviar\u00e9 algunos b\u00fafalos vivos\u201d.<\/p>\n<p>\u201cGracias, gracias, gracias, amable abuela\u201d, dijeron los tres j\u00f3venes valientes cheyenne.<\/p>\n<p>Cuando los j\u00f3venes cazadores regresaron a su tribu con los regalos de carne de b\u00fafalo, su gente se regocij\u00f3 con la nueva y buena comida. Toda su tribu comi\u00f3 con entusiasmo de las tres cacerolas m\u00e1gicas de la abuela y se mostr\u00f3 agradecida.<\/p>\n<p>Cuando los cheyenne se despertaron al amanecer del d\u00eda siguiente, \u00a1hab\u00edan aparecido misteriosamente manadas de b\u00fafalos rodeando su aldea! Estaban realmente agradecidos con la abuela india y con los esp\u00edritus del cielo por su buena suerte.<\/p>\t\t\t\t\t\t\t\t<\/div>\n\t\t\t\t<\/div>\n\t\t\t\t\t<\/div>\n\t\t<\/div>\n\t\t\t\t\t<\/div>\n\t\t<\/section>\n\t\t\t\t<\/div>","protected":false},"excerpt":{"rendered":"<p>Cheyenne-Arapaho Mythology Wiki Los Cheyennes son una naci\u00f3n nativa americana de las Grandes Llanuras, aliados cercanos de los Arapahos y en general aliados de los Lakotas... <\/p>","protected":false},"author":1,"featured_media":0,"parent":3895,"menu_order":0,"comment_status":"closed","ping_status":"closed","template":"","meta":{"footnotes":""},"class_list":["post-22062","page","type-page","status-publish","hentry"],"amp_enabled":true,"_links":{"self":[{"href":"https:\/\/mythslegendes.com\/es\/wp-json\/wp\/v2\/pages\/22062","targetHints":{"allow":["GET"]}}],"collection":[{"href":"https:\/\/mythslegendes.com\/es\/wp-json\/wp\/v2\/pages"}],"about":[{"href":"https:\/\/mythslegendes.com\/es\/wp-json\/wp\/v2\/types\/page"}],"author":[{"embeddable":true,"href":"https:\/\/mythslegendes.com\/es\/wp-json\/wp\/v2\/users\/1"}],"replies":[{"embeddable":true,"href":"https:\/\/mythslegendes.com\/es\/wp-json\/wp\/v2\/comments?post=22062"}],"version-history":[{"count":3,"href":"https:\/\/mythslegendes.com\/es\/wp-json\/wp\/v2\/pages\/22062\/revisions"}],"predecessor-version":[{"id":22067,"href":"https:\/\/mythslegendes.com\/es\/wp-json\/wp\/v2\/pages\/22062\/revisions\/22067"}],"up":[{"embeddable":true,"href":"https:\/\/mythslegendes.com\/es\/wp-json\/wp\/v2\/pages\/3895"}],"wp:attachment":[{"href":"https:\/\/mythslegendes.com\/es\/wp-json\/wp\/v2\/media?parent=22062"}],"curies":[{"name":"wp","href":"https:\/\/api.w.org\/{rel}","templated":true}]}}