{"id":22068,"date":"2022-08-04T00:27:03","date_gmt":"2022-08-04T00:27:03","guid":{"rendered":"https:\/\/mythslegendes.com\/?page_id=22068"},"modified":"2022-08-04T00:29:51","modified_gmt":"2022-08-04T00:29:51","slug":"conte-cheyenne-race-with-the-buffalo","status":"publish","type":"page","link":"https:\/\/mythslegendes.com\/es\/cheyenne-arapaho-mitologia\/cuento-cheyenne-carrera-con-el-bufalo\/","title":{"rendered":"Cheyenne Tale: Carrera con el b\u00fafalo"},"content":{"rendered":"<div data-elementor-type=\"wp-page\" data-elementor-id=\"22068\" class=\"elementor elementor-22068\">\n\t\t\t\t\t\t<section class=\"elementor-section elementor-top-section elementor-element elementor-element-7ea2471 elementor-section-boxed elementor-section-height-default elementor-section-height-default\" data-id=\"7ea2471\" data-element_type=\"section\" data-e-type=\"section\">\n\t\t\t\t\t\t<div class=\"elementor-container elementor-column-gap-default\">\n\t\t\t\t\t<div class=\"elementor-column elementor-col-50 elementor-top-column elementor-element elementor-element-742e5be\" data-id=\"742e5be\" data-element_type=\"column\" data-e-type=\"column\">\n\t\t\t<div class=\"elementor-widget-wrap elementor-element-populated\">\n\t\t\t\t\t\t<div class=\"elementor-element elementor-element-858192f elementor-align-justify elementor-widget elementor-widget-button\" data-id=\"858192f\" data-element_type=\"widget\" data-e-type=\"widget\" data-widget_type=\"button.default\">\n\t\t\t\t<div class=\"elementor-widget-container\">\n\t\t\t\t\t\t\t\t\t<div class=\"elementor-button-wrapper\">\n\t\t\t\t\t<a class=\"elementor-button elementor-button-link elementor-size-sm\" href=\"https:\/\/mythslegendes.com\/es\/cheyenne-arapaho-mitologia\/\">\n\t\t\t\t\t\t<span class=\"elementor-button-content-wrapper\">\n\t\t\t\t\t\t\t\t\t<span class=\"elementor-button-text\">Mitolog\u00eda Cheyenne-Arapaho<\/span>\n\t\t\t\t\t<\/span>\n\t\t\t\t\t<\/a>\n\t\t\t\t<\/div>\n\t\t\t\t\t\t\t\t<\/div>\n\t\t\t\t<\/div>\n\t\t\t\t\t<\/div>\n\t\t<\/div>\n\t\t\t\t<div class=\"elementor-column elementor-col-50 elementor-top-column elementor-element elementor-element-bdc3a76\" data-id=\"bdc3a76\" data-element_type=\"column\" data-e-type=\"column\">\n\t\t\t<div class=\"elementor-widget-wrap elementor-element-populated\">\n\t\t\t\t\t\t<div class=\"elementor-element elementor-element-714110b elementor-align-justify elementor-widget elementor-widget-button\" data-id=\"714110b\" data-element_type=\"widget\" data-e-type=\"widget\" data-widget_type=\"button.default\">\n\t\t\t\t<div class=\"elementor-widget-container\">\n\t\t\t\t\t\t\t\t\t<div class=\"elementor-button-wrapper\">\n\t\t\t\t\t<a class=\"elementor-button elementor-button-link elementor-size-sm\" href=\"https:\/\/www.firstpeople.us\/FP-Html-Legends\/RaceWiththeBuffalo-Cheyenne.html\" target=\"_blank\" rel=\"noopener\">\n\t\t\t\t\t\t<span class=\"elementor-button-content-wrapper\">\n\t\t\t\t\t\t\t\t\t<span class=\"elementor-button-text\">Wiki<\/span>\n\t\t\t\t\t<\/span>\n\t\t\t\t\t<\/a>\n\t\t\t\t<\/div>\n\t\t\t\t\t\t\t\t<\/div>\n\t\t\t\t<\/div>\n\t\t\t\t\t<\/div>\n\t\t<\/div>\n\t\t\t\t\t<\/div>\n\t\t<\/section>\n\t\t\t\t<section class=\"elementor-section elementor-top-section elementor-element elementor-element-a8f58a4 elementor-section-boxed elementor-section-height-default elementor-section-height-default\" data-id=\"a8f58a4\" data-element_type=\"section\" data-e-type=\"section\">\n\t\t\t\t\t\t<div class=\"elementor-container elementor-column-gap-default\">\n\t\t\t\t\t<div class=\"elementor-column elementor-col-100 elementor-top-column elementor-element elementor-element-a7b82be\" data-id=\"a7b82be\" data-element_type=\"column\" data-e-type=\"column\">\n\t\t\t<div class=\"elementor-widget-wrap elementor-element-populated\">\n\t\t\t\t\t\t<div class=\"elementor-element elementor-element-35a37c7 elementor-widget elementor-widget-text-editor\" data-id=\"35a37c7\" data-element_type=\"widget\" data-e-type=\"widget\" data-widget_type=\"text-editor.default\">\n\t\t\t\t<div class=\"elementor-widget-container\">\n\t\t\t\t\t\t\t\t\t<p>los\u00a0<strong><a href=\"https:\/\/mythslegendes.com\/es\/cheyenne-arapaho-mitologia\/\">Cheyennes<\/a><\/strong> son una naci\u00f3n nativa americana de las Grandes Llanuras, aliados cercanos de los <a href=\"https:\/\/mythslegendes.com\/es\/cheyenne-arapaho-mitologia\/\">Arapahos<\/a> y generalmente aliados de los Lakotas (<a href=\"https:\/\/mythslegendes.com\/es\/mythes-et-legendes-siouans-2127\/\">siux<\/a>). Son una de las tribus de las Llanuras m\u00e1s famosas e importantes. Esta es su historia: Carrera con el b\u00fafalo.<\/p><p><img decoding=\"async\" class=\"alignnone wp-image-9347 size-full\" src=\"http:\/\/mythslegendes.com\/wp-content\/uploads\/2020\/09\/cropped-AlphaOmega-e1602613368367.png\" alt=\"Carrera con el b\u00fafalo\" width=\"25\" height=\"25\" title=\"\"><\/p>\t\t\t\t\t\t\t\t<\/div>\n\t\t\t\t<\/div>\n\t\t\t\t\t<\/div>\n\t\t<\/div>\n\t\t\t\t\t<\/div>\n\t\t<\/section>\n\t\t\t\t<section class=\"elementor-section elementor-top-section elementor-element elementor-element-d6f4b9c elementor-section-boxed elementor-section-height-default elementor-section-height-default\" data-id=\"d6f4b9c\" data-element_type=\"section\" data-e-type=\"section\">\n\t\t\t\t\t\t<div class=\"elementor-container elementor-column-gap-default\">\n\t\t\t\t\t<div class=\"elementor-column elementor-col-100 elementor-top-column elementor-element elementor-element-4bbf2f3\" data-id=\"4bbf2f3\" data-element_type=\"column\" data-e-type=\"column\">\n\t\t\t<div class=\"elementor-widget-wrap elementor-element-populated\">\n\t\t\t\t\t\t<div class=\"elementor-element elementor-element-4534cdb elementor-widget elementor-widget-heading\" data-id=\"4534cdb\" data-element_type=\"widget\" data-e-type=\"widget\" data-widget_type=\"heading.default\">\n\t\t\t\t<div class=\"elementor-widget-container\">\n\t\t\t\t\t<div id=\"ez-toc-container\" class=\"ez-toc-v2_0_82_2 counter-hierarchy ez-toc-counter ez-toc-grey ez-toc-container-direction\">\n<div class=\"ez-toc-title-container\">\n<p class=\"ez-toc-title\" style=\"cursor:inherit\">Contenido<\/p>\n<span class=\"ez-toc-title-toggle\"><a href=\"#\" class=\"ez-toc-pull-right ez-toc-btn ez-toc-btn-xs ez-toc-btn-default ez-toc-toggle\" aria-label=\"Alternar tabla de contenidos\"><span class=\"ez-toc-js-icon-con\"><span class=\"\"><span class=\"eztoc-hide\" style=\"display:none;\">Palanca<\/span><span class=\"ez-toc-icon-toggle-span\"><svg style=\"fill: #999;color:#999\" xmlns=\"http:\/\/www.w3.org\/2000\/svg\" class=\"list-377408\" width=\"20px\" height=\"20px\" viewbox=\"0 0 24 24\" fill=\"none\"><path d=\"M6 6H4v2h2V6zm14 0H8v2h12V6zM4 11h2v2H4v-2zm16 0H8v2h12v-2zM4 16h2v2H4v-2zm16 0H8v2h12v-2z\" fill=\"currentColor\"><\/path><\/svg><svg style=\"fill: #999;color:#999\" class=\"arrow-unsorted-368013\" xmlns=\"http:\/\/www.w3.org\/2000\/svg\" width=\"10px\" height=\"10px\" viewbox=\"0 0 24 24\" version=\"1.2\" baseprofile=\"tiny\"><path d=\"M18.2 9.3l-6.2-6.3-6.2 6.3c-.2.2-.3.4-.3.7s.1.5.3.7c.2.2.4.3.7.3h11c.3 0 .5-.1.7-.3.2-.2.3-.5.3-.7s-.1-.5-.3-.7zM5.8 14.7l6.2 6.3 6.2-6.3c.2-.2.3-.5.3-.7s-.1-.5-.3-.7c-.2-.2-.4-.3-.7-.3h-11c-.3 0-.5.1-.7.3-.2.2-.3.5-.3.7s.1.5.3.7z\"\/><\/svg><\/span><\/span><\/span><\/a><\/span><\/div>\n<nav><ul class='ez-toc-list ez-toc-list-level-1' ><li class='ez-toc-page-1 ez-toc-heading-level-2'><a class=\"ez-toc-link ez-toc-heading-1\" href=\"https:\/\/mythslegendes.com\/es\/cheyenne-arapaho-mitologia\/cuento-cheyenne-carrera-con-el-bufalo\/#Race-with-the-Buffalo\" >Carrera con el b\u00fafalo<\/a><\/li><\/ul><\/nav><\/div>\n<h2 class=\"elementor-heading-title elementor-size-default\"><span class=\"ez-toc-section\" id=\"Race-with-the-Buffalo\"><\/span>Carrera con el b\u00fafalo<span class=\"ez-toc-section-end\"><\/span><\/h2>\t\t\t\t<\/div>\n\t\t\t\t<\/div>\n\t\t\t\t\t<\/div>\n\t\t<\/div>\n\t\t\t\t\t<\/div>\n\t\t<\/section>\n\t\t\t\t<section class=\"elementor-section elementor-top-section elementor-element elementor-element-a1b4396 elementor-section-boxed elementor-section-height-default elementor-section-height-default\" data-id=\"a1b4396\" data-element_type=\"section\" data-e-type=\"section\">\n\t\t\t\t\t\t<div class=\"elementor-container elementor-column-gap-default\">\n\t\t\t\t\t<div class=\"elementor-column elementor-col-100 elementor-top-column elementor-element elementor-element-ef20463\" data-id=\"ef20463\" data-element_type=\"column\" data-e-type=\"column\">\n\t\t\t<div class=\"elementor-widget-wrap elementor-element-populated\">\n\t\t\t\t\t\t<div class=\"elementor-element elementor-element-78c3606 elementor-widget elementor-widget-text-editor\" data-id=\"78c3606\" data-element_type=\"widget\" data-e-type=\"widget\" data-widget_type=\"text-editor.default\">\n\t\t\t\t<div class=\"elementor-widget-container\">\n\t\t\t\t\t\t\t\t\t<p>Hubo un tiempo en que todos los animales viv\u00edan en paz, cuando nadie<br \/>comi\u00f3 a nadie m\u00e1s. Todos los animales eran del mismo color, porque<br \/>a\u00fan no se hab\u00edan pintado la cara.<\/p><p>Buffalo era el m\u00e1s grande y fuerte de los animales, y era<br \/>teniendo hambre, quiso ser el jefe de todos los animales. Oye<br \/>quer\u00eda sacar fuerza de todos los otros animales comi\u00e9ndose sus<br \/>carne. Buffalo quer\u00eda convertirse en el devorador de todos los animales.<\/p><p>El Pueblo Humano tambi\u00e9n dijo que deber\u00edan convertirse en el jefe de<br \/>todos los animales. La gente quer\u00eda sacar fuerza de todos los dem\u00e1s<br \/>animales comiendo su carne. La gente quer\u00eda convertirse en los comedores.<br \/>de todos los dem\u00e1s animales.<\/p><p>Buffalo desafi\u00f3 a Human People a una carrera, el ganador de la<br \/>raza se convertir\u00eda en el jefe de todos los animales. La gente dijo<br \/>que aceptar\u00edan tal desaf\u00edo, pero dado que los b\u00fafalos tienen<br \/>cuatro patas y el Pueblo tiene s\u00f3lo dos, el Pueblo reclam\u00f3 el derecho<br \/>hacer que otro animal corra la carrera en lugar del Pueblo. los b\u00fafalos<br \/>consentido<\/p><p>El Pueblo eligi\u00f3 al Pueblo P\u00e1jaro para que los representara en la carrera.<br \/>Eligieron Hummingbird, Meadow lark, Hawk y Urraca. Todo los dem\u00e1s<br \/>animales y p\u00e1jaros tambi\u00e9n quer\u00edan unirse a la carrera, cada uno de ellos pensando<br \/>que tal vez ellos tambi\u00e9n tuvieron la oportunidad de convertirse en jefes de todos los<br \/>animales Todos los animales tomaron pintura y pintaron las caras para el<br \/>raza, cada uno seg\u00fan su visi\u00f3n espiritual.<\/p><p>Skunk se pint\u00f3 una franja blanca sobre s\u00ed mismo y su s\u00edmbolo de la raza.<br \/>Antelope se pint\u00f3 del color de la tierra para la carrera. Mapache<br \/>pint\u00f3 c\u00edrculos negros alrededor de sus ojos y alrededor de su cola. Robin<br \/>se pint\u00f3 de marr\u00f3n con un peto rojo.<\/p><p>La carrera se llevar\u00eda a cabo al borde de Black Hills en el lugar<br \/>conocido como Buffalo Gap. Los competidores correr\u00edan desde la salida.<br \/>la l\u00ednea se pega al palo de dar la vuelta y luego vuelve al punto de partida<br \/>l\u00ednea. Todos los animales, pintados seg\u00fan su visi\u00f3n, alineados<br \/>arriba entre los palos. Entre los animales estaba la Gente P\u00e1jaro, que<br \/>correr\u00eda la carrera con sus alas por el Pueblo Humano, y Corre<br \/>Slender Buffalo, el corredor m\u00e1s r\u00e1pido de todos los b\u00fafalos.<\/p><p>Se dio el grito de comenzar y todos los animales y p\u00e1jaros partieron<br \/>en la carrera Hummingbird tom\u00f3 la delantera, por delante de Runs Slender Buffalo,<br \/>pero sus alas eran tan peque\u00f1as que pronto se qued\u00f3 atr\u00e1s. como los animales<br \/>cerca del palo de giro, Runs Slender Buffalo tom\u00f3 la delantera.<br \/>Entonces Meadow Lark se acerc\u00f3 a Runs Slender Buffalo, y los dos<br \/>fue a lo largo de lado a lado a la derecha en la curva. Corre Slender Buffalo<br \/>gir\u00f3 alrededor del palo, sus cascos retumbando, y tir\u00f3<br \/>lejos de Meadow Lark, quien se fue de par en par para hacer el giro.<\/p><p>Los animales que iban en cabeza adelantaron a los \u00faltimos corredores que todav\u00eda estaban<br \/>se dirigi\u00f3 al palo. La alondra de la pradera se qued\u00f3 atr\u00e1s y anim\u00f3 a Hawk.<br \/>cuando pas\u00f3 junto a ella. Hawk le gan\u00f3 a Run Slender Buffalo, y parec\u00eda<br \/>como si pudiera pasarla. Su coraz\u00f3n lat\u00eda con fuerza y sus piernas estaban<br \/>tiroteo. Pero las alas de Hawk tambi\u00e9n se dispararon, y pronto se qued\u00f3 atr\u00e1s.<\/p><p>Runs Slender Buffalo se acercaba a la l\u00ednea de meta como ganador.<br \/>Parec\u00eda que Buffalo People se convertir\u00eda en los comedores de todos<br \/>\u00a1los animales!<\/p><p>Entonces, detr\u00e1s de la mujer b\u00fafalo, con las alas batiendo constantemente, apareci\u00f3 Urraca.<br \/>Ella no era una principiante r\u00e1pida, pero sus golpes de ala eran duros y verdaderos.<br \/>Su coraz\u00f3n era fuerte. Su mirada no se desvi\u00f3 de la l\u00ednea de meta.<br \/>Ella nunca mir\u00f3 hacia atr\u00e1s. Sus alas eran anchas y se conduc\u00eda a s\u00ed misma<br \/>adelante con latido tras latido tras latido. Todos los dem\u00e1s animales ten\u00edan<br \/>rezagado Runs Slender Buffalo mir\u00f3 a la urraca, pero<br \/>la urraca nunca apart\u00f3 la mirada de los palos de salida.<\/p><p>Con cada batir de sus alas se mov\u00eda m\u00e1s all\u00e1 de Runs Slender Buffalo<br \/>por no m\u00e1s que la longitud de su factura. En los palos de salida,<br \/>muchos animales comenzaron a hacer fila para ver la meta. mapache, que<br \/>se hab\u00eda ca\u00eddo de la carrera temprano, hab\u00eda regresado a los palos de salida.<br \/>Ahora se puso de pie entre los palos y extendi\u00f3 sus manitas<br \/>para que los corredores se toquen al pasar. \u00c9l sentir\u00eda el toque<br \/>de quien iba a la cabeza, y girar hacia el ganador.<\/p><p>M\u00e1s y m\u00e1s cerca se acerc\u00f3 Runs Slender Buffalo, y algunos de los animales<br \/>tem\u00eda que Raccoon fuera pisoteado. Urraca vol\u00f3 gradualmente m\u00e1s cerca de<br \/>el suelo para poder cepillar las manitas de Raccoon mientras volaba<br \/>pasado. Mapache no se movi\u00f3, pero mir\u00f3 fijamente a la embestida<br \/>par. Urraca parec\u00eda estar tirando hacia adelante. Corre Slender Buffalo inclinado<br \/>adelante mientras corr\u00eda para tocar la mano de Raccoon con su gran nariz.<\/p><p>La punta del ala de Urraca toc\u00f3 la manita de Mapache y \u00e9ste se volvi\u00f3 hacia<br \/>ella y un instante antes de que Runs Slender Buffalo pasara como un trueno y \u00e9l<br \/>estaba rodeado por una gran nube de polvo. Todos los animales esperaron<br \/>sin aliento para que el polvo se asiente. Por fin, ah\u00ed estaba Raccoon<br \/>con su manita levantada hacia el camino de Urraca.<\/p><p>\u00a1La Gente Humana hab\u00eda ganado la carrera con el B\u00fafalo!<\/p><p>El b\u00fafalo vagaba por las grandes llanuras y com\u00eda hierba y la gente<br \/>se convirtieron en los grandes cazadores, el jefe de todos los animales.<\/p>\t\t\t\t\t\t\t\t<\/div>\n\t\t\t\t<\/div>\n\t\t\t\t\t<\/div>\n\t\t<\/div>\n\t\t\t\t\t<\/div>\n\t\t<\/section>\n\t\t\t\t<\/div>","protected":false},"excerpt":{"rendered":"<p>Cheyenne-Arapaho Mythology Wiki Los Cheyennes son una naci\u00f3n nativa americana de las Grandes Llanuras, aliados cercanos de los Arapahos y en general aliados de los Lakotas... <\/p>","protected":false},"author":1,"featured_media":0,"parent":3895,"menu_order":0,"comment_status":"closed","ping_status":"closed","template":"","meta":{"footnotes":""},"class_list":["post-22068","page","type-page","status-publish","hentry"],"amp_enabled":true,"_links":{"self":[{"href":"https:\/\/mythslegendes.com\/es\/wp-json\/wp\/v2\/pages\/22068","targetHints":{"allow":["GET"]}}],"collection":[{"href":"https:\/\/mythslegendes.com\/es\/wp-json\/wp\/v2\/pages"}],"about":[{"href":"https:\/\/mythslegendes.com\/es\/wp-json\/wp\/v2\/types\/page"}],"author":[{"embeddable":true,"href":"https:\/\/mythslegendes.com\/es\/wp-json\/wp\/v2\/users\/1"}],"replies":[{"embeddable":true,"href":"https:\/\/mythslegendes.com\/es\/wp-json\/wp\/v2\/comments?post=22068"}],"version-history":[{"count":3,"href":"https:\/\/mythslegendes.com\/es\/wp-json\/wp\/v2\/pages\/22068\/revisions"}],"predecessor-version":[{"id":22075,"href":"https:\/\/mythslegendes.com\/es\/wp-json\/wp\/v2\/pages\/22068\/revisions\/22075"}],"up":[{"embeddable":true,"href":"https:\/\/mythslegendes.com\/es\/wp-json\/wp\/v2\/pages\/3895"}],"wp:attachment":[{"href":"https:\/\/mythslegendes.com\/es\/wp-json\/wp\/v2\/media?parent=22068"}],"curies":[{"name":"wp","href":"https:\/\/api.w.org\/{rel}","templated":true}]}}