{"id":22090,"date":"2022-08-04T00:36:28","date_gmt":"2022-08-04T00:36:28","guid":{"rendered":"https:\/\/mythslegendes.com\/?page_id=22090"},"modified":"2022-08-04T00:38:45","modified_gmt":"2022-08-04T00:38:45","slug":"conte-cheyenne-girl-who-married-a-dog","status":"publish","type":"page","link":"https:\/\/mythslegendes.com\/es\/cheyenne-arapaho-mitologia\/cuento-chica-cheyenne-que-se-caso-con-un-perro\/","title":{"rendered":"Cuento de Cheyenne: La chica que se cas\u00f3 con un perro"},"content":{"rendered":"<div data-elementor-type=\"wp-page\" data-elementor-id=\"22090\" class=\"elementor elementor-22090\">\n\t\t\t\t\t\t<section class=\"elementor-section elementor-top-section elementor-element elementor-element-099dc2c elementor-section-boxed elementor-section-height-default elementor-section-height-default\" data-id=\"099dc2c\" data-element_type=\"section\" data-e-type=\"section\">\n\t\t\t\t\t\t<div class=\"elementor-container elementor-column-gap-default\">\n\t\t\t\t\t<div class=\"elementor-column elementor-col-50 elementor-top-column elementor-element elementor-element-f5c7b04\" data-id=\"f5c7b04\" data-element_type=\"column\" data-e-type=\"column\">\n\t\t\t<div class=\"elementor-widget-wrap elementor-element-populated\">\n\t\t\t\t\t\t<div class=\"elementor-element elementor-element-9f99cff elementor-align-justify elementor-widget elementor-widget-button\" data-id=\"9f99cff\" data-element_type=\"widget\" data-e-type=\"widget\" data-widget_type=\"button.default\">\n\t\t\t\t<div class=\"elementor-widget-container\">\n\t\t\t\t\t\t\t\t\t<div class=\"elementor-button-wrapper\">\n\t\t\t\t\t<a class=\"elementor-button elementor-button-link elementor-size-sm\" href=\"https:\/\/mythslegendes.com\/es\/cheyenne-arapaho-mitologia\/\">\n\t\t\t\t\t\t<span class=\"elementor-button-content-wrapper\">\n\t\t\t\t\t\t\t\t\t<span class=\"elementor-button-text\">Mitolog\u00eda Cheyenne-Arapaho<\/span>\n\t\t\t\t\t<\/span>\n\t\t\t\t\t<\/a>\n\t\t\t\t<\/div>\n\t\t\t\t\t\t\t\t<\/div>\n\t\t\t\t<\/div>\n\t\t\t\t\t<\/div>\n\t\t<\/div>\n\t\t\t\t<div class=\"elementor-column elementor-col-50 elementor-top-column elementor-element elementor-element-080fffe\" data-id=\"080fffe\" data-element_type=\"column\" data-e-type=\"column\">\n\t\t\t<div class=\"elementor-widget-wrap elementor-element-populated\">\n\t\t\t\t\t\t<div class=\"elementor-element elementor-element-b3845dc elementor-align-justify elementor-widget elementor-widget-button\" data-id=\"b3845dc\" data-element_type=\"widget\" data-e-type=\"widget\" data-widget_type=\"button.default\">\n\t\t\t\t<div class=\"elementor-widget-container\">\n\t\t\t\t\t\t\t\t\t<div class=\"elementor-button-wrapper\">\n\t\t\t\t\t<a class=\"elementor-button elementor-button-link elementor-size-sm\" href=\"https:\/\/www.firstpeople.us\/FP-Html-Legends\/TheGirlWhoMarriedADog-Cheyenne.html\" target=\"_blank\" rel=\"noopener\">\n\t\t\t\t\t\t<span class=\"elementor-button-content-wrapper\">\n\t\t\t\t\t\t\t\t\t<span class=\"elementor-button-text\">Wiki<\/span>\n\t\t\t\t\t<\/span>\n\t\t\t\t\t<\/a>\n\t\t\t\t<\/div>\n\t\t\t\t\t\t\t\t<\/div>\n\t\t\t\t<\/div>\n\t\t\t\t\t<\/div>\n\t\t<\/div>\n\t\t\t\t\t<\/div>\n\t\t<\/section>\n\t\t\t\t<section class=\"elementor-section elementor-top-section elementor-element elementor-element-1ad3838 elementor-section-boxed elementor-section-height-default elementor-section-height-default\" data-id=\"1ad3838\" data-element_type=\"section\" data-e-type=\"section\">\n\t\t\t\t\t\t<div class=\"elementor-container elementor-column-gap-default\">\n\t\t\t\t\t<div class=\"elementor-column elementor-col-100 elementor-top-column elementor-element elementor-element-8cd089f\" data-id=\"8cd089f\" data-element_type=\"column\" data-e-type=\"column\">\n\t\t\t<div class=\"elementor-widget-wrap elementor-element-populated\">\n\t\t\t\t\t\t<div class=\"elementor-element elementor-element-677147e elementor-widget elementor-widget-text-editor\" data-id=\"677147e\" data-element_type=\"widget\" data-e-type=\"widget\" data-widget_type=\"text-editor.default\">\n\t\t\t\t<div class=\"elementor-widget-container\">\n\t\t\t\t\t\t\t\t\t<p>los\u00a0<strong><a href=\"https:\/\/mythslegendes.com\/es\/cheyenne-arapaho-mitologia\/\">Cheyennes<\/a><\/strong> son una naci\u00f3n nativa americana de las Grandes Llanuras, aliados cercanos de los <a href=\"https:\/\/mythslegendes.com\/es\/cheyenne-arapaho-mitologia\/\">Arapahos<\/a> y generalmente aliados de los Lakotas (<a href=\"https:\/\/mythslegendes.com\/es\/mythes-et-legendes-siouans-2127\/\">siux<\/a>). Son una de las tribus m\u00e1s famosas e importantes de las Llanuras. Aqu\u00ed est\u00e1 su historia: La chica que se cas\u00f3 con un perro.<\/p><p><img decoding=\"async\" class=\"alignnone wp-image-9347 size-full\" src=\"http:\/\/mythslegendes.com\/wp-content\/uploads\/2020\/09\/cropped-AlphaOmega-e1602613368367.png\" alt=\"La chica que se cas\u00f3 con un perro\" width=\"25\" height=\"25\" title=\"\"><\/p>\t\t\t\t\t\t\t\t<\/div>\n\t\t\t\t<\/div>\n\t\t\t\t\t<\/div>\n\t\t<\/div>\n\t\t\t\t\t<\/div>\n\t\t<\/section>\n\t\t\t\t<section class=\"elementor-section elementor-top-section elementor-element elementor-element-6316b6d elementor-section-boxed elementor-section-height-default elementor-section-height-default\" data-id=\"6316b6d\" data-element_type=\"section\" data-e-type=\"section\">\n\t\t\t\t\t\t<div class=\"elementor-container elementor-column-gap-default\">\n\t\t\t\t\t<div class=\"elementor-column elementor-col-100 elementor-top-column elementor-element elementor-element-b7b5b17\" data-id=\"b7b5b17\" data-element_type=\"column\" data-e-type=\"column\">\n\t\t\t<div class=\"elementor-widget-wrap elementor-element-populated\">\n\t\t\t\t\t\t<div class=\"elementor-element elementor-element-c571182 elementor-widget elementor-widget-heading\" data-id=\"c571182\" data-element_type=\"widget\" data-e-type=\"widget\" data-widget_type=\"heading.default\">\n\t\t\t\t<div class=\"elementor-widget-container\">\n\t\t\t\t\t<div id=\"ez-toc-container\" class=\"ez-toc-v2_0_82_2 counter-hierarchy ez-toc-counter ez-toc-grey ez-toc-container-direction\">\n<div class=\"ez-toc-title-container\">\n<p class=\"ez-toc-title\" style=\"cursor:inherit\">Contenido<\/p>\n<span class=\"ez-toc-title-toggle\"><a href=\"#\" class=\"ez-toc-pull-right ez-toc-btn ez-toc-btn-xs ez-toc-btn-default ez-toc-toggle\" aria-label=\"Alternar tabla de contenidos\"><span class=\"ez-toc-js-icon-con\"><span class=\"\"><span class=\"eztoc-hide\" style=\"display:none;\">Palanca<\/span><span class=\"ez-toc-icon-toggle-span\"><svg style=\"fill: #999;color:#999\" xmlns=\"http:\/\/www.w3.org\/2000\/svg\" class=\"list-377408\" width=\"20px\" height=\"20px\" viewbox=\"0 0 24 24\" fill=\"none\"><path d=\"M6 6H4v2h2V6zm14 0H8v2h12V6zM4 11h2v2H4v-2zm16 0H8v2h12v-2zM4 16h2v2H4v-2zm16 0H8v2h12v-2z\" fill=\"currentColor\"><\/path><\/svg><svg style=\"fill: #999;color:#999\" class=\"arrow-unsorted-368013\" xmlns=\"http:\/\/www.w3.org\/2000\/svg\" width=\"10px\" height=\"10px\" viewbox=\"0 0 24 24\" version=\"1.2\" baseprofile=\"tiny\"><path d=\"M18.2 9.3l-6.2-6.3-6.2 6.3c-.2.2-.3.4-.3.7s.1.5.3.7c.2.2.4.3.7.3h11c.3 0 .5-.1.7-.3.2-.2.3-.5.3-.7s-.1-.5-.3-.7zM5.8 14.7l6.2 6.3 6.2-6.3c.2-.2.3-.5.3-.7s-.1-.5-.3-.7c-.2-.2-.4-.3-.7-.3h-11c-.3 0-.5.1-.7.3-.2.2-.3.5-.3.7s.1.5.3.7z\"\/><\/svg><\/span><\/span><\/span><\/a><\/span><\/div>\n<nav><ul class='ez-toc-list ez-toc-list-level-1' ><li class='ez-toc-page-1 ez-toc-heading-level-2'><a class=\"ez-toc-link ez-toc-heading-1\" href=\"https:\/\/mythslegendes.com\/es\/cheyenne-arapaho-mitologia\/cuento-chica-cheyenne-que-se-caso-con-un-perro\/#The-Girl-Who-Married-a-Dog\" >La chica que se cas\u00f3 con un perro<\/a><\/li><\/ul><\/nav><\/div>\n<h2 class=\"elementor-heading-title elementor-size-default\"><span class=\"ez-toc-section\" id=\"The-Girl-Who-Married-a-Dog\"><\/span>La chica que se cas\u00f3 con un perro<span class=\"ez-toc-section-end\"><\/span><\/h2>\t\t\t\t<\/div>\n\t\t\t\t<\/div>\n\t\t\t\t\t<\/div>\n\t\t<\/div>\n\t\t\t\t\t<\/div>\n\t\t<\/section>\n\t\t\t\t<section class=\"elementor-section elementor-top-section elementor-element elementor-element-f7693d3 elementor-section-boxed elementor-section-height-default elementor-section-height-default\" data-id=\"f7693d3\" data-element_type=\"section\" data-e-type=\"section\">\n\t\t\t\t\t\t<div class=\"elementor-container elementor-column-gap-default\">\n\t\t\t\t\t<div class=\"elementor-column elementor-col-100 elementor-top-column elementor-element elementor-element-db6ba50\" data-id=\"db6ba50\" data-element_type=\"column\" data-e-type=\"column\">\n\t\t\t<div class=\"elementor-widget-wrap elementor-element-populated\">\n\t\t\t\t\t\t<div class=\"elementor-element elementor-element-13301c7 elementor-widget elementor-widget-text-editor\" data-id=\"13301c7\" data-element_type=\"widget\" data-e-type=\"widget\" data-widget_type=\"text-editor.default\">\n\t\t\t\t<div class=\"elementor-widget-container\">\n\t\t\t\t\t\t\t\t\t<p>Un jefe ten\u00eda una hija muy guapa. Ten\u00eda muchos admiradores. Por la noche la visit\u00f3 un joven, pero ella no sab\u00eda qui\u00e9n era. Ella se preocup\u00f3 por esto y decidi\u00f3 descubrirlo. Puso pintura roja cerca de su cama. Cuando \u00e9l se arrastr\u00f3 sobre su cama, ella meti\u00f3 la mano en la pintura. Cuando se abrazaron, ella le dej\u00f3 marcas rojas en la espalda.<\/p>\n<p>Al d\u00eda siguiente, ella le dijo a su padre que convocara a todos los j\u00f3venes a un baile frente a su tienda. Todos vinieron y todo el pueblo sali\u00f3 a verlos. Observ\u00f3 todo lo que ven\u00eda, buscando las marcas rojas que hab\u00eda hecho. Al darse vuelta, vio uno de los perros de su padre con marcas rojas en el lomo. Esto la hizo tan infeliz que se fue directamente a su tienda. Esto rompi\u00f3 el baile.<\/p>\n<p>Al d\u00eda siguiente fue al bosque cerca del campamento y llev\u00f3 al perro atado a una cuerda. Ella lo golpe\u00f3. Finalmente se solt\u00f3. Estaba muy infeliz y varios meses despu\u00e9s dio a luz siete cachorros. Le dijo a su madre que los matara, pero su madre fue amable con ellos y les hizo un peque\u00f1o refugio. Comenzaron a crecer y, a veces, por las noches, el perro viejo se acercaba a ellos. Despu\u00e9s de un tiempo, la mujer empez\u00f3 a interesarse por ellos y en ocasiones jugaba con ellos. Cuando crecieron lo suficiente para correr, vino el perro viejo y se los llev\u00f3.<\/p>\n<p>Cuando la mujer fue a verlos por la ma\u00f1ana, ya no estaban. Vio las huellas del perro grande y de varios peque\u00f1os, y los sigui\u00f3 a distancia. Ella estaba triste y llor\u00f3. Regres\u00f3 con su madre y le dijo: &quot;Madre, hazme siete pares de mocasines. Voy a seguir a los peque\u00f1os, busc\u00e1ndolos&quot;. Su madre hizo siete pares de mocasines y la mujer empez\u00f3 a seguirlos durante todo el camino. Finalmente, a lo lejos, vio un intento. El m\u00e1s joven se acerc\u00f3 a ella y le dijo: &quot;Madre, el padre quiere que regreses. Nos vamos a casa. No puedes venir&quot;. \u00a1Ella dijo que no!&quot; A donde t\u00fa vayas, yo voy.&quot; Tom\u00f3 al peque\u00f1o y lo llev\u00f3 a la tienda. Entr\u00f3 y vio a un joven, que no le hizo caso. Le dio un poco de comida y de bebida, que no menguaba por mucho. cu\u00e1nto comi\u00f3. At\u00f3 al cachorrito a su cintur\u00f3n con una cuerda. A la ma\u00f1ana siguiente, se qued\u00f3 sola y la tienda hab\u00eda desaparecido por cuarta vez.<\/p>\n<p>Ella mir\u00f3 hacia el cielo. All\u00ed vio a sus siete cachorros. Se hab\u00edan convertido en siete estrellas, las Pl\u00e9yades.<\/p>\t\t\t\t\t\t\t\t<\/div>\n\t\t\t\t<\/div>\n\t\t\t\t\t<\/div>\n\t\t<\/div>\n\t\t\t\t\t<\/div>\n\t\t<\/section>\n\t\t\t\t<\/div>","protected":false},"excerpt":{"rendered":"<p>Cheyenne-Arapaho Mythology Wiki Los Cheyennes son una naci\u00f3n nativa americana de las Grandes Llanuras, aliados cercanos de los Arapahos y en general aliados de los Lakotas... <\/p>","protected":false},"author":1,"featured_media":0,"parent":3895,"menu_order":0,"comment_status":"closed","ping_status":"closed","template":"","meta":{"footnotes":""},"class_list":["post-22090","page","type-page","status-publish","hentry"],"amp_enabled":true,"_links":{"self":[{"href":"https:\/\/mythslegendes.com\/es\/wp-json\/wp\/v2\/pages\/22090","targetHints":{"allow":["GET"]}}],"collection":[{"href":"https:\/\/mythslegendes.com\/es\/wp-json\/wp\/v2\/pages"}],"about":[{"href":"https:\/\/mythslegendes.com\/es\/wp-json\/wp\/v2\/types\/page"}],"author":[{"embeddable":true,"href":"https:\/\/mythslegendes.com\/es\/wp-json\/wp\/v2\/users\/1"}],"replies":[{"embeddable":true,"href":"https:\/\/mythslegendes.com\/es\/wp-json\/wp\/v2\/comments?post=22090"}],"version-history":[{"count":3,"href":"https:\/\/mythslegendes.com\/es\/wp-json\/wp\/v2\/pages\/22090\/revisions"}],"predecessor-version":[{"id":22094,"href":"https:\/\/mythslegendes.com\/es\/wp-json\/wp\/v2\/pages\/22090\/revisions\/22094"}],"up":[{"embeddable":true,"href":"https:\/\/mythslegendes.com\/es\/wp-json\/wp\/v2\/pages\/3895"}],"wp:attachment":[{"href":"https:\/\/mythslegendes.com\/es\/wp-json\/wp\/v2\/media?parent=22090"}],"curies":[{"name":"wp","href":"https:\/\/api.w.org\/{rel}","templated":true}]}}