{"id":22095,"date":"2022-08-04T00:39:35","date_gmt":"2022-08-04T00:39:35","guid":{"rendered":"https:\/\/mythslegendes.com\/?page_id=22095"},"modified":"2022-08-04T00:41:56","modified_gmt":"2022-08-04T00:41:56","slug":"conte-cheyenne-the-old-woman-of-the-spring","status":"publish","type":"page","link":"https:\/\/mythslegendes.com\/es\/cheyenne-arapaho-mitologia\/cuento-cheyenne-la-vieja-de-la-primavera\/","title":{"rendered":"Cuento de Cheyenne: La anciana de la primavera"},"content":{"rendered":"<div data-elementor-type=\"wp-page\" data-elementor-id=\"22095\" class=\"elementor elementor-22095\">\n\t\t\t\t\t\t<section class=\"elementor-section elementor-top-section elementor-element elementor-element-ae5ee0e elementor-section-boxed elementor-section-height-default elementor-section-height-default\" data-id=\"ae5ee0e\" data-element_type=\"section\" data-e-type=\"section\">\n\t\t\t\t\t\t<div class=\"elementor-container elementor-column-gap-default\">\n\t\t\t\t\t<div class=\"elementor-column elementor-col-50 elementor-top-column elementor-element elementor-element-ce8f4c1\" data-id=\"ce8f4c1\" data-element_type=\"column\" data-e-type=\"column\">\n\t\t\t<div class=\"elementor-widget-wrap elementor-element-populated\">\n\t\t\t\t\t\t<div class=\"elementor-element elementor-element-eed1815 elementor-align-justify elementor-widget elementor-widget-button\" data-id=\"eed1815\" data-element_type=\"widget\" data-e-type=\"widget\" data-widget_type=\"button.default\">\n\t\t\t\t<div class=\"elementor-widget-container\">\n\t\t\t\t\t\t\t\t\t<div class=\"elementor-button-wrapper\">\n\t\t\t\t\t<a class=\"elementor-button elementor-button-link elementor-size-sm\" href=\"https:\/\/mythslegendes.com\/es\/cheyenne-arapaho-mitologia\/\">\n\t\t\t\t\t\t<span class=\"elementor-button-content-wrapper\">\n\t\t\t\t\t\t\t\t\t<span class=\"elementor-button-text\">Mitolog\u00eda Cheyenne-Arapaho<\/span>\n\t\t\t\t\t<\/span>\n\t\t\t\t\t<\/a>\n\t\t\t\t<\/div>\n\t\t\t\t\t\t\t\t<\/div>\n\t\t\t\t<\/div>\n\t\t\t\t\t<\/div>\n\t\t<\/div>\n\t\t\t\t<div class=\"elementor-column elementor-col-50 elementor-top-column elementor-element elementor-element-94e557e\" data-id=\"94e557e\" data-element_type=\"column\" data-e-type=\"column\">\n\t\t\t<div class=\"elementor-widget-wrap elementor-element-populated\">\n\t\t\t\t\t\t<div class=\"elementor-element elementor-element-375ad65 elementor-align-justify elementor-widget elementor-widget-button\" data-id=\"375ad65\" data-element_type=\"widget\" data-e-type=\"widget\" data-widget_type=\"button.default\">\n\t\t\t\t<div class=\"elementor-widget-container\">\n\t\t\t\t\t\t\t\t\t<div class=\"elementor-button-wrapper\">\n\t\t\t\t\t<a class=\"elementor-button elementor-button-link elementor-size-sm\" href=\"https:\/\/www.firstpeople.us\/FP-Html-Legends\/The-Old-Woman-Of-The-Spring-Cheyenne.html\" target=\"_blank\" rel=\"noopener\">\n\t\t\t\t\t\t<span class=\"elementor-button-content-wrapper\">\n\t\t\t\t\t\t\t\t\t<span class=\"elementor-button-text\">Wiki<\/span>\n\t\t\t\t\t<\/span>\n\t\t\t\t\t<\/a>\n\t\t\t\t<\/div>\n\t\t\t\t\t\t\t\t<\/div>\n\t\t\t\t<\/div>\n\t\t\t\t\t<\/div>\n\t\t<\/div>\n\t\t\t\t\t<\/div>\n\t\t<\/section>\n\t\t\t\t<section class=\"elementor-section elementor-top-section elementor-element elementor-element-bacb82a elementor-section-boxed elementor-section-height-default elementor-section-height-default\" data-id=\"bacb82a\" data-element_type=\"section\" data-e-type=\"section\">\n\t\t\t\t\t\t<div class=\"elementor-container elementor-column-gap-default\">\n\t\t\t\t\t<div class=\"elementor-column elementor-col-100 elementor-top-column elementor-element elementor-element-c439ff4\" data-id=\"c439ff4\" data-element_type=\"column\" data-e-type=\"column\">\n\t\t\t<div class=\"elementor-widget-wrap elementor-element-populated\">\n\t\t\t\t\t\t<div class=\"elementor-element elementor-element-e75e393 elementor-widget elementor-widget-text-editor\" data-id=\"e75e393\" data-element_type=\"widget\" data-e-type=\"widget\" data-widget_type=\"text-editor.default\">\n\t\t\t\t<div class=\"elementor-widget-container\">\n\t\t\t\t\t\t\t\t\t<p>los\u00a0<strong><a href=\"https:\/\/mythslegendes.com\/es\/cheyenne-arapaho-mitologia\/\">Cheyennes<\/a><\/strong> son una naci\u00f3n nativa americana de las Grandes Llanuras, aliados cercanos de los <a href=\"https:\/\/mythslegendes.com\/es\/cheyenne-arapaho-mitologia\/\">Arapahos<\/a> y generalmente aliados de los Lakotas (<a href=\"https:\/\/mythslegendes.com\/es\/mythes-et-legendes-siouans-2127\/\">siux<\/a>). Son una de las tribus de las Llanuras m\u00e1s famosas e importantes. Aqu\u00ed est\u00e1 su cuento: La anciana de la primavera.<\/p><p><img decoding=\"async\" class=\"alignnone wp-image-9347 size-full\" src=\"http:\/\/mythslegendes.com\/wp-content\/uploads\/2020\/09\/cropped-AlphaOmega-e1602613368367.png\" alt=\"La vieja de la primavera\" width=\"25\" height=\"25\" title=\"\"><\/p>\t\t\t\t\t\t\t\t<\/div>\n\t\t\t\t<\/div>\n\t\t\t\t\t<\/div>\n\t\t<\/div>\n\t\t\t\t\t<\/div>\n\t\t<\/section>\n\t\t\t\t<section class=\"elementor-section elementor-top-section elementor-element elementor-element-efb40a6 elementor-section-boxed elementor-section-height-default elementor-section-height-default\" data-id=\"efb40a6\" data-element_type=\"section\" data-e-type=\"section\">\n\t\t\t\t\t\t<div class=\"elementor-container elementor-column-gap-default\">\n\t\t\t\t\t<div class=\"elementor-column elementor-col-100 elementor-top-column elementor-element elementor-element-5a7a011\" data-id=\"5a7a011\" data-element_type=\"column\" data-e-type=\"column\">\n\t\t\t<div class=\"elementor-widget-wrap elementor-element-populated\">\n\t\t\t\t\t\t<div class=\"elementor-element elementor-element-285c8f3 elementor-widget elementor-widget-heading\" data-id=\"285c8f3\" data-element_type=\"widget\" data-e-type=\"widget\" data-widget_type=\"heading.default\">\n\t\t\t\t<div class=\"elementor-widget-container\">\n\t\t\t\t\t<div id=\"ez-toc-container\" class=\"ez-toc-v2_0_82_2 counter-hierarchy ez-toc-counter ez-toc-grey ez-toc-container-direction\">\n<div class=\"ez-toc-title-container\">\n<p class=\"ez-toc-title\" style=\"cursor:inherit\">Contenido<\/p>\n<span class=\"ez-toc-title-toggle\"><a href=\"#\" class=\"ez-toc-pull-right ez-toc-btn ez-toc-btn-xs ez-toc-btn-default ez-toc-toggle\" aria-label=\"Alternar tabla de contenidos\"><span class=\"ez-toc-js-icon-con\"><span class=\"\"><span class=\"eztoc-hide\" style=\"display:none;\">Palanca<\/span><span class=\"ez-toc-icon-toggle-span\"><svg style=\"fill: #999;color:#999\" xmlns=\"http:\/\/www.w3.org\/2000\/svg\" class=\"list-377408\" width=\"20px\" height=\"20px\" viewbox=\"0 0 24 24\" fill=\"none\"><path d=\"M6 6H4v2h2V6zm14 0H8v2h12V6zM4 11h2v2H4v-2zm16 0H8v2h12v-2zM4 16h2v2H4v-2zm16 0H8v2h12v-2z\" fill=\"currentColor\"><\/path><\/svg><svg style=\"fill: #999;color:#999\" class=\"arrow-unsorted-368013\" xmlns=\"http:\/\/www.w3.org\/2000\/svg\" width=\"10px\" height=\"10px\" viewbox=\"0 0 24 24\" version=\"1.2\" baseprofile=\"tiny\"><path d=\"M18.2 9.3l-6.2-6.3-6.2 6.3c-.2.2-.3.4-.3.7s.1.5.3.7c.2.2.4.3.7.3h11c.3 0 .5-.1.7-.3.2-.2.3-.5.3-.7s-.1-.5-.3-.7zM5.8 14.7l6.2 6.3 6.2-6.3c.2-.2.3-.5.3-.7s-.1-.5-.3-.7c-.2-.2-.4-.3-.7-.3h-11c-.3 0-.5.1-.7.3-.2.2-.3.5-.3.7s.1.5.3.7z\"\/><\/svg><\/span><\/span><\/span><\/a><\/span><\/div>\n<nav><ul class='ez-toc-list ez-toc-list-level-1' ><li class='ez-toc-page-1 ez-toc-heading-level-2'><a class=\"ez-toc-link ez-toc-heading-1\" href=\"https:\/\/mythslegendes.com\/es\/cheyenne-arapaho-mitologia\/cuento-cheyenne-la-vieja-de-la-primavera\/#The-Old-Woman-of-the-Spring\" >La vieja de la primavera<\/a><\/li><\/ul><\/nav><\/div>\n<h2 class=\"elementor-heading-title elementor-size-default\"><span class=\"ez-toc-section\" id=\"The-Old-Woman-of-the-Spring\"><\/span>La vieja de la primavera<span class=\"ez-toc-section-end\"><\/span><\/h2>\t\t\t\t<\/div>\n\t\t\t\t<\/div>\n\t\t\t\t\t<\/div>\n\t\t<\/div>\n\t\t\t\t\t<\/div>\n\t\t<\/section>\n\t\t\t\t<section class=\"elementor-section elementor-top-section elementor-element elementor-element-675cb4c elementor-section-boxed elementor-section-height-default elementor-section-height-default\" data-id=\"675cb4c\" data-element_type=\"section\" data-e-type=\"section\">\n\t\t\t\t\t\t<div class=\"elementor-container elementor-column-gap-default\">\n\t\t\t\t\t<div class=\"elementor-column elementor-col-100 elementor-top-column elementor-element elementor-element-4446081\" data-id=\"4446081\" data-element_type=\"column\" data-e-type=\"column\">\n\t\t\t<div class=\"elementor-widget-wrap elementor-element-populated\">\n\t\t\t\t\t\t<div class=\"elementor-element elementor-element-d47edde elementor-widget elementor-widget-text-editor\" data-id=\"d47edde\" data-element_type=\"widget\" data-e-type=\"widget\" data-widget_type=\"text-editor.default\">\n\t\t\t\t<div class=\"elementor-widget-container\">\n\t\t\t\t\t\t\t\t\t<p>Cuando los Cheyenne todav\u00eda estaban en el norte, acamparon en un gran c\u00edrculo en cuya entrada flu\u00eda un manantial r\u00e1pido y profundo desde la ladera de una colina. El manantial proporcionaba agua al campamento, pero era m\u00e1s dif\u00edcil encontrar comida. El b\u00fafalo hab\u00eda desaparecido y mucha gente pas\u00f3 hambre.<\/p>\n<p>Un d\u00eda brillante, algunos hombres estaban jugando al juego del anillo y la jabalina en el centro del c\u00edrculo del campamento. Usaron un aro rojo y negro y cuatro palos largos, dos rojos y dos negros, que arrojaron al aro mientras rodaba. Para ganar, un jugador ten\u00eda que lanzar su palo a trav\u00e9s del aro mientras a\u00fan se estaba moviendo.<\/p>\n<p>Una gran audiencia ya se hab\u00eda reunido cuando un joven lleg\u00f3 desde el lado sur del c\u00edrculo del campamento para unirse a ellos. Llevaba una t\u00fanica de b\u00fafalo con el pelo hacia afuera. Su cuerpo estaba pintado de amarillo, y una pluma de \u00e1guila pintada de amarillo estaba sujeta a su cabeza.<\/p>\n<p>Pronto, otro joven vestido exactamente como el primero vino desde el lado norte del c\u00edrculo para ver el juego. No se conoc\u00edan, pero cuando los dos se vieron, se movieron entre la multitud para hablar. &quot;Amigo m\u00edo&quot;, dijo el hombre del lado sur, &quot;est\u00e1s imitando mi vestido. \u00bfPor qu\u00e9 lo haces?&quot;<\/p>\n<p>El otro hombre dijo: &quot;Eres t\u00fa quien me est\u00e1 imitando. \u00bfPor qu\u00e9?&quot; En sus explicaciones, ambos hombres contaron la misma historia.<\/p>\n<p>Hab\u00edan entrado en el manantial que brotaba de la ladera y all\u00ed les hab\u00edan ense\u00f1ado c\u00f3mo vestirse. Para entonces, la multitud hab\u00eda dejado de ver el juego y se reun\u00eda alrededor para escuchar, y los j\u00f3venes le dijeron a la gente que volver\u00edan al manantial y saldr\u00edan pronto.<\/p>\n<p>Mientras la multitud observaba, los dos se acercaron al manantial. El hombre del sur se cubri\u00f3 la cabeza con su t\u00fanica de b\u00fafalo y entr\u00f3. El otro hizo lo mismo. Los j\u00f3venes chapotearon en el agua y pronto se encontraron en una gran cueva.<\/p>\n<p>Cerca de la entrada estaba sentada una anciana cocinando carne de b\u00fafalo y ma\u00edz en dos ollas de barro separadas. Ella les dio la bienvenida: &quot;Nietos, han venido. Aqu\u00ed, si\u00e9ntense a mi lado&quot;.<\/p>\n<p>Se sentaron, uno a cada lado de ella, y le dijeron que la gente ten\u00eda hambre y que hab\u00edan venido a ella por comida. Ella les dio ma\u00edz de una olla y carne de la otra. Comieron hasta que se hartaron, y cuando terminaron, las ollas todav\u00eda estaban llenas.<\/p>\n<p>Entonces ella les dijo que miraran hacia el sur, y vieron que la tierra en esa direcci\u00f3n estaba cubierta de b\u00fafalos. Ella les dijo que miraran hacia el oeste y vieron todo tipo de animales, grandes y peque\u00f1os, incluidos los ponis, aunque en esos d\u00edas no sab\u00edan nada de ponis. Ella les dijo que miraran hacia el norte y vieron crecer ma\u00edz por todas partes.<\/p>\n<p>La anciana les dijo: &quot;Todo esto que hab\u00e9is visto ser\u00e1 vuestro en el futuro. Esta noche har\u00e9 que os devuelvan el b\u00fafalo. Cuando dej\u00e9is este lugar, el b\u00fafalo os seguir\u00e1, y vuestra gente los ver\u00e1 venir&quot;. antes de la puesta del sol. Toma este ma\u00edz crudo en tus ropas y pl\u00e1ntalo cada primavera en un terreno bajo y h\u00famedo. Despu\u00e9s de que madure, podr\u00e1s alimentarte de \u00e9l&quot;.<\/p>\n<p>&quot;Toma tambi\u00e9n esta carne y el ma\u00edz que tengo&quot;, dijo ella cocinada, &quot;y cuando hayas vuelto con tu gente, p\u00eddeles que se sienten a comer en el siguiente orden: - primero, todos los varones, desde el m\u00e1s joven hasta el m\u00e1s viejo , con la excepci\u00f3n de un ni\u00f1o hu\u00e9rfano; segundo, todas las mujeres, desde la mayor hasta la m\u00e1s joven, con la excepci\u00f3n de una ni\u00f1a hu\u00e9rfana. Cuando todos hayan terminado de comer, el resto de la comida en las ollas se la comer\u00e1n los el ni\u00f1o hu\u00e9rfano y la ni\u00f1a hu\u00e9rfana&quot;.<\/p>\n<p>Los dos hombres obedecieron a la anciana. Cuando salieron del manantial, vieron que todo su cuerpo estaba pintado de rojo y que las plumas amarillas de sus cabezas se hab\u00edan vuelto rojas. Fueron a su gente, quienes comieron como se les indic\u00f3 del ma\u00edz y la carne. Hab\u00eda suficiente para todos, y el contenido de las ollas permaneci\u00f3 lleno hasta que se lo pasaron a los dos ni\u00f1os hu\u00e9rfanos, quienes se comieron todo el resto de la comida.<\/p>\n<p>Hacia la puesta del sol, la gente fue a sus caba\u00f1as y comenz\u00f3 a observar el manantial de cerca, y en poco tiempo vieron saltar un b\u00fafalo. La criatura salt\u00f3, jug\u00f3 y rod\u00f3, luego volvi\u00f3 al manantial. Al rato salt\u00f3 otro b\u00fafalo, luego otro y otro, y finalmente llegaron tan r\u00e1pido que los Cheyenne ya no los pudieron contar. Los b\u00fafalos continuaron saliendo toda la noche, y al d\u00eda siguiente todo el pa\u00eds a lo lejos estaba cubierto de b\u00fafalos. El b\u00fafalo olfate\u00f3 el gran campamento.<\/p>\n<p>Al d\u00eda siguiente, los Cheyenne los rodearon, porque aunque los hombres cazaban a pie, corr\u00edan muy r\u00e1pido. Por un tiempo la gente tuvo abundancia de carne de b\u00fafalo.<\/p>\n<p>En la primavera trasladaron su campamento a un terreno bajo y pantanoso, donde plantaron el ma\u00edz que hab\u00edan recibido del arroyo medicinal. Creci\u00f3 r\u00e1pidamente, y cada grano que plantaron produjo fuertes tallos que daban de dos a cuatro mazorcas de ma\u00edz. La gente sembr\u00f3 ma\u00edz todos los a\u00f1os despu\u00e9s de esto.<\/p>\n<p>Una primavera despu\u00e9s de sembrar ma\u00edz, los Cheyenne fueron a cazar b\u00fafalos. Cuando tuvieron suficiente carne para durar mucho tiempo, regresaron a sus campos. Para su sorpresa, descubrieron que el ma\u00edz hab\u00eda sido robado por alguna tribu vecina. No qued\u00f3 nada m\u00e1s que tallos, ni siquiera un grano para semilla.<\/p>\n<p>Aunque el robo hab\u00eda ocurrido una luna antes, el Cheyenne sigui\u00f3 las huellas de los enemigos durante varios d\u00edas. Incluso lucharon con dos o tres tribus, pero nunca lograron rastrear a los ladrones o recuperar la cosecha robada. Pas\u00f3 mucho tiempo antes de que los Cheyenne sembraran m\u00e1s ma\u00edz.<\/p>\t\t\t\t\t\t\t\t<\/div>\n\t\t\t\t<\/div>\n\t\t\t\t\t<\/div>\n\t\t<\/div>\n\t\t\t\t\t<\/div>\n\t\t<\/section>\n\t\t\t\t<\/div>","protected":false},"excerpt":{"rendered":"<p>Cheyenne-Arapaho Mythology Wiki Los Cheyennes son una naci\u00f3n nativa americana de las Grandes Llanuras, aliados cercanos de los Arapahos y en general aliados de los Lakotas... <\/p>","protected":false},"author":1,"featured_media":0,"parent":3895,"menu_order":0,"comment_status":"closed","ping_status":"closed","template":"","meta":{"footnotes":""},"class_list":["post-22095","page","type-page","status-publish","hentry"],"amp_enabled":true,"_links":{"self":[{"href":"https:\/\/mythslegendes.com\/es\/wp-json\/wp\/v2\/pages\/22095","targetHints":{"allow":["GET"]}}],"collection":[{"href":"https:\/\/mythslegendes.com\/es\/wp-json\/wp\/v2\/pages"}],"about":[{"href":"https:\/\/mythslegendes.com\/es\/wp-json\/wp\/v2\/types\/page"}],"author":[{"embeddable":true,"href":"https:\/\/mythslegendes.com\/es\/wp-json\/wp\/v2\/users\/1"}],"replies":[{"embeddable":true,"href":"https:\/\/mythslegendes.com\/es\/wp-json\/wp\/v2\/comments?post=22095"}],"version-history":[{"count":3,"href":"https:\/\/mythslegendes.com\/es\/wp-json\/wp\/v2\/pages\/22095\/revisions"}],"predecessor-version":[{"id":22099,"href":"https:\/\/mythslegendes.com\/es\/wp-json\/wp\/v2\/pages\/22095\/revisions\/22099"}],"up":[{"embeddable":true,"href":"https:\/\/mythslegendes.com\/es\/wp-json\/wp\/v2\/pages\/3895"}],"wp:attachment":[{"href":"https:\/\/mythslegendes.com\/es\/wp-json\/wp\/v2\/media?parent=22095"}],"curies":[{"name":"wp","href":"https:\/\/api.w.org\/{rel}","templated":true}]}}