{"id":22100,"date":"2022-08-04T00:43:15","date_gmt":"2022-08-04T00:43:15","guid":{"rendered":"https:\/\/mythslegendes.com\/?page_id=22100"},"modified":"2022-08-04T00:47:34","modified_gmt":"2022-08-04T00:47:34","slug":"conte-cheyenne-quill-work-girl","status":"publish","type":"page","link":"https:\/\/mythslegendes.com\/es\/cheyenne-arapaho-mitologia\/cuento-cheyenne-pluma-trabajo-chica\/","title":{"rendered":"Cuento de Cheyenne: La chica que trabaja con plumas"},"content":{"rendered":"<div data-elementor-type=\"wp-page\" data-elementor-id=\"22100\" class=\"elementor elementor-22100\">\n\t\t\t\t\t\t<section class=\"elementor-section elementor-top-section elementor-element elementor-element-cf4c8e8 elementor-section-boxed elementor-section-height-default elementor-section-height-default\" data-id=\"cf4c8e8\" data-element_type=\"section\" data-e-type=\"section\">\n\t\t\t\t\t\t<div class=\"elementor-container elementor-column-gap-default\">\n\t\t\t\t\t<div class=\"elementor-column elementor-col-50 elementor-top-column elementor-element elementor-element-9d8b7aa\" data-id=\"9d8b7aa\" data-element_type=\"column\" data-e-type=\"column\">\n\t\t\t<div class=\"elementor-widget-wrap elementor-element-populated\">\n\t\t\t\t\t\t<div class=\"elementor-element elementor-element-2518379 elementor-align-justify elementor-widget elementor-widget-button\" data-id=\"2518379\" data-element_type=\"widget\" data-e-type=\"widget\" data-widget_type=\"button.default\">\n\t\t\t\t<div class=\"elementor-widget-container\">\n\t\t\t\t\t\t\t\t\t<div class=\"elementor-button-wrapper\">\n\t\t\t\t\t<a class=\"elementor-button elementor-button-link elementor-size-sm\" href=\"https:\/\/mythslegendes.com\/es\/cheyenne-arapaho-mitologia\/\">\n\t\t\t\t\t\t<span class=\"elementor-button-content-wrapper\">\n\t\t\t\t\t\t\t\t\t<span class=\"elementor-button-text\">Mitolog\u00eda Cheyenne-Arapaho<\/span>\n\t\t\t\t\t<\/span>\n\t\t\t\t\t<\/a>\n\t\t\t\t<\/div>\n\t\t\t\t\t\t\t\t<\/div>\n\t\t\t\t<\/div>\n\t\t\t\t\t<\/div>\n\t\t<\/div>\n\t\t\t\t<div class=\"elementor-column elementor-col-50 elementor-top-column elementor-element elementor-element-bd3357d\" data-id=\"bd3357d\" data-element_type=\"column\" data-e-type=\"column\">\n\t\t\t<div class=\"elementor-widget-wrap elementor-element-populated\">\n\t\t\t\t\t\t<div class=\"elementor-element elementor-element-86bcebe elementor-align-justify elementor-widget elementor-widget-button\" data-id=\"86bcebe\" data-element_type=\"widget\" data-e-type=\"widget\" data-widget_type=\"button.default\">\n\t\t\t\t<div class=\"elementor-widget-container\">\n\t\t\t\t\t\t\t\t\t<div class=\"elementor-button-wrapper\">\n\t\t\t\t\t<a class=\"elementor-button elementor-button-link elementor-size-sm\" href=\"https:\/\/www.firstpeople.us\/FP-Html-Legends\/TheQuill-WorkGirlAndHerSevenBrothers-Cheyenne.html\" target=\"_blank\" rel=\"noopener\">\n\t\t\t\t\t\t<span class=\"elementor-button-content-wrapper\">\n\t\t\t\t\t\t\t\t\t<span class=\"elementor-button-text\">Wiki<\/span>\n\t\t\t\t\t<\/span>\n\t\t\t\t\t<\/a>\n\t\t\t\t<\/div>\n\t\t\t\t\t\t\t\t<\/div>\n\t\t\t\t<\/div>\n\t\t\t\t\t<\/div>\n\t\t<\/div>\n\t\t\t\t\t<\/div>\n\t\t<\/section>\n\t\t\t\t<section class=\"elementor-section elementor-top-section elementor-element elementor-element-401e2ed elementor-section-boxed elementor-section-height-default elementor-section-height-default\" data-id=\"401e2ed\" data-element_type=\"section\" data-e-type=\"section\">\n\t\t\t\t\t\t<div class=\"elementor-container elementor-column-gap-default\">\n\t\t\t\t\t<div class=\"elementor-column elementor-col-100 elementor-top-column elementor-element elementor-element-4026f15\" data-id=\"4026f15\" data-element_type=\"column\" data-e-type=\"column\">\n\t\t\t<div class=\"elementor-widget-wrap elementor-element-populated\">\n\t\t\t\t\t\t<div class=\"elementor-element elementor-element-17c3582 elementor-widget elementor-widget-text-editor\" data-id=\"17c3582\" data-element_type=\"widget\" data-e-type=\"widget\" data-widget_type=\"text-editor.default\">\n\t\t\t\t<div class=\"elementor-widget-container\">\n\t\t\t\t\t\t\t\t\t<p>los\u00a0<strong><a href=\"https:\/\/mythslegendes.com\/es\/cheyenne-arapaho-mitologia\/\">Cheyennes<\/a><\/strong> son una naci\u00f3n nativa americana de las Grandes Llanuras, aliados cercanos de los <a href=\"https:\/\/mythslegendes.com\/es\/cheyenne-arapaho-mitologia\/\">Arapahos<\/a> y generalmente aliados de los Lakotas (<a href=\"https:\/\/mythslegendes.com\/es\/mythes-et-legendes-siouans-2127\/\">siux<\/a>). Son una de las tribus m\u00e1s famosas e importantes de las Llanuras. Aqu\u00ed est\u00e1 su historia: La muchacha de la pluma y sus siete hermanos.<\/p><p><img decoding=\"async\" class=\"alignnone wp-image-9347 size-full\" src=\"http:\/\/mythslegendes.com\/wp-content\/uploads\/2020\/09\/cropped-AlphaOmega-e1602613368367.png\" alt=\"La chica de la pluma y sus siete hermanos\" width=\"25\" height=\"25\" title=\"\"><\/p>\t\t\t\t\t\t\t\t<\/div>\n\t\t\t\t<\/div>\n\t\t\t\t\t<\/div>\n\t\t<\/div>\n\t\t\t\t\t<\/div>\n\t\t<\/section>\n\t\t\t\t<section class=\"elementor-section elementor-top-section elementor-element elementor-element-3acf635 elementor-section-boxed elementor-section-height-default elementor-section-height-default\" data-id=\"3acf635\" data-element_type=\"section\" data-e-type=\"section\">\n\t\t\t\t\t\t<div class=\"elementor-container elementor-column-gap-default\">\n\t\t\t\t\t<div class=\"elementor-column elementor-col-100 elementor-top-column elementor-element elementor-element-89f42a6\" data-id=\"89f42a6\" data-element_type=\"column\" data-e-type=\"column\">\n\t\t\t<div class=\"elementor-widget-wrap elementor-element-populated\">\n\t\t\t\t\t\t<div class=\"elementor-element elementor-element-56c751c elementor-widget elementor-widget-heading\" data-id=\"56c751c\" data-element_type=\"widget\" data-e-type=\"widget\" data-widget_type=\"heading.default\">\n\t\t\t\t<div class=\"elementor-widget-container\">\n\t\t\t\t\t<div id=\"ez-toc-container\" class=\"ez-toc-v2_0_82_2 counter-hierarchy ez-toc-counter ez-toc-grey ez-toc-container-direction\">\n<div class=\"ez-toc-title-container\">\n<p class=\"ez-toc-title\" style=\"cursor:inherit\">Contenido<\/p>\n<span class=\"ez-toc-title-toggle\"><a href=\"#\" class=\"ez-toc-pull-right ez-toc-btn ez-toc-btn-xs ez-toc-btn-default ez-toc-toggle\" aria-label=\"Alternar tabla de contenidos\"><span class=\"ez-toc-js-icon-con\"><span class=\"\"><span class=\"eztoc-hide\" style=\"display:none;\">Palanca<\/span><span class=\"ez-toc-icon-toggle-span\"><svg style=\"fill: #999;color:#999\" xmlns=\"http:\/\/www.w3.org\/2000\/svg\" class=\"list-377408\" width=\"20px\" height=\"20px\" viewbox=\"0 0 24 24\" fill=\"none\"><path d=\"M6 6H4v2h2V6zm14 0H8v2h12V6zM4 11h2v2H4v-2zm16 0H8v2h12v-2zM4 16h2v2H4v-2zm16 0H8v2h12v-2z\" fill=\"currentColor\"><\/path><\/svg><svg style=\"fill: #999;color:#999\" class=\"arrow-unsorted-368013\" xmlns=\"http:\/\/www.w3.org\/2000\/svg\" width=\"10px\" height=\"10px\" viewbox=\"0 0 24 24\" version=\"1.2\" baseprofile=\"tiny\"><path d=\"M18.2 9.3l-6.2-6.3-6.2 6.3c-.2.2-.3.4-.3.7s.1.5.3.7c.2.2.4.3.7.3h11c.3 0 .5-.1.7-.3.2-.2.3-.5.3-.7s-.1-.5-.3-.7zM5.8 14.7l6.2 6.3 6.2-6.3c.2-.2.3-.5.3-.7s-.1-.5-.3-.7c-.2-.2-.4-.3-.7-.3h-11c-.3 0-.5.1-.7.3-.2.2-.3.5-.3.7s.1.5.3.7z\"\/><\/svg><\/span><\/span><\/span><\/a><\/span><\/div>\n<nav><ul class='ez-toc-list ez-toc-list-level-1' ><li class='ez-toc-page-1 ez-toc-heading-level-2'><a class=\"ez-toc-link ez-toc-heading-1\" href=\"https:\/\/mythslegendes.com\/es\/cheyenne-arapaho-mitologia\/cuento-cheyenne-pluma-trabajo-chica\/#The-Quill-Work-Girl-and-her-Seven-Brothers\" >La chica de la pluma y sus siete hermanos<\/a><\/li><\/ul><\/nav><\/div>\n<h2 class=\"elementor-heading-title elementor-size-default\"><span class=\"ez-toc-section\" id=\"The-Quill-Work-Girl-and-her-Seven-Brothers\"><\/span>La chica de la pluma y sus siete hermanos<span class=\"ez-toc-section-end\"><\/span><\/h2>\t\t\t\t<\/div>\n\t\t\t\t<\/div>\n\t\t\t\t\t<\/div>\n\t\t<\/div>\n\t\t\t\t\t<\/div>\n\t\t<\/section>\n\t\t\t\t<section class=\"elementor-section elementor-top-section elementor-element elementor-element-5aa7af6 elementor-section-boxed elementor-section-height-default elementor-section-height-default\" data-id=\"5aa7af6\" data-element_type=\"section\" data-e-type=\"section\">\n\t\t\t\t\t\t<div class=\"elementor-container elementor-column-gap-default\">\n\t\t\t\t\t<div class=\"elementor-column elementor-col-100 elementor-top-column elementor-element elementor-element-1070a7e\" data-id=\"1070a7e\" data-element_type=\"column\" data-e-type=\"column\">\n\t\t\t<div class=\"elementor-widget-wrap elementor-element-populated\">\n\t\t\t\t\t\t<div class=\"elementor-element elementor-element-8e97718 elementor-widget elementor-widget-text-editor\" data-id=\"8e97718\" data-element_type=\"widget\" data-e-type=\"widget\" data-widget_type=\"text-editor.default\">\n\t\t\t\t<div class=\"elementor-widget-container\">\n\t\t\t\t\t\t\t\t\t<p>Hace cientos de a\u00f1os hab\u00eda una ni\u00f1a que era muy buena con la pluma.<br \/>trabajo, la chica que trabajaba con plumas, tan buena que era la mejor entre todas las tribus de todas partes.<br \/>Sus dise\u00f1os estaban radiantes de color y pod\u00eda decorar cualquier cosa.<br \/>ropa, bolsas, carcaj e incluso tipis.<\/p><p>Un d\u00eda, esta chica que trabajaba con plumas se sent\u00f3 en la caba\u00f1a de sus padres y comenz\u00f3 a hacer<br \/>un traje masculino de ante blanco: camisa de guerra, calzas, mocasines,<br \/>guanteletes, todo. Le tom\u00f3 semanas bordarlos con<br \/>exquisito trabajo con pluma y flecos de pelo de b\u00fafalo maravillosos de ver<br \/>en. Aunque su madre no dijo nada, ella se pregunt\u00f3. la chica no tenia<br \/>hermanos, ni ning\u00fan joven la cortejaba, entonces, \u00bfpor qu\u00e9 estaba haciendo<br \/>\u00bfun traje de hombre?<\/p><p>Como si la vida no fuera lo suficientemente extra\u00f1a, apenas termin\u00f3 el<br \/>primer conjunto, comenz\u00f3 a trabajar en un segundo y luego en un tercero.<br \/>La chica que trabajaba con plumas trabaj\u00f3 todo el a\u00f1o hasta hacer y decorar siete<br \/>conjuntos de ropa de hombre, este \u00faltimo muy peque\u00f1o. la madre solo<br \/>Observ\u00e9 y segu\u00ed pregunt\u00e1ndome. Por fin, despu\u00e9s de que la chica de la pluma hubo terminado<br \/>El s\u00e9ptimo conjunto, habl\u00f3 con su madre. \u201cEn alg\u00fan lugar, muchos<br \/>A unos d\u00edas de aqu\u00ed viven siete hermanos\u201d, dijo. &quot;Alg\u00fan d\u00eda<br \/>todo el mundo los admirar\u00e1. Como soy hijo \u00fanico, quiero<br \/>para llevarlos para mis hermanos, y esta ropa es para ellos. \u00bb<\/p><p>\u201cEst\u00e1 bien, hija m\u00eda\u201d, dijo su madre. &quot;Lo har\u00e9<br \/>ir contigo. \u00bb<\/p><p>&quot;Esto es demasiado lejos para que puedas caminar&quot;, dijo la ni\u00f1a.<\/p><p>\u201cEntonces recorrer\u00e9 parte del camino\u201d, dijo su madre.<\/p><p>Cargaron a sus perros m\u00e1s fuertes con los siete fardos y los pusieron<br \/>hacia el norte. \u201cParece que conoces el camino\u201d, dijo la madre.<\/p><p>\u201cS\u00ed, no s\u00e9 por qu\u00e9, pero lo s\u00e9\u201d, respondi\u00f3 la hija.<\/p><p>\u201cY parece que sabes todo acerca de estos siete j\u00f3venes y<br \/>lo que los distingue de los humanos comunes. \u00bb<\/p><p>&quot;S\u00e9 acerca de ellos&quot;, dijo la chica que trabajaba con la pluma, &quot;aunque no<br \/>Saber c\u00f3mo. \u00bb<\/p><p>As\u00ed caminaban, la muchacha parec\u00eda segura de s\u00ed misma. Por fin el<br \/>La madre dijo: \u201cHasta aqu\u00ed puedo llegar. \u00bb Se dividieron<br \/>los perros, la muchacha se qued\u00f3 con dos para el viaje, y se despidi\u00f3 de<br \/>entre s\u00ed. Luego la madre se dirigi\u00f3 hacia el sur, de regreso a su aldea y<br \/>su marido, mientras su hija segu\u00eda caminando hacia el norte.<\/p><p>Por fin la hija lleg\u00f3 a un tipi solitario, pintado y muy grande.<br \/>que estaba cerca de un ancho arroyo. El arroyo era poco profundo y ella vade\u00f3<br \/>a trav\u00e9s de \u00e9l, gritando: \u201cSoy yo, la joven que busca hermanos,<br \/>trayendo regalos. \u00bb<\/p><p>En ese momento, un ni\u00f1o peque\u00f1o de unos diez a\u00f1os sali\u00f3 del tipi. &quot;I<br \/>Soy el menor de siete hermanos\u201d, le dijo a la ni\u00f1a. &quot; T\u00e9<br \/>otros est\u00e1n cazando b\u00fafalos, pero volver\u00e1n despu\u00e9s de un tiempo.<br \/>Te he estado esperando. Pero ser\u00e1s una sorpresa para mis hermanos,<br \/>porque no tienen mis dones especiales de &#039;No Touch&#039;. \u00bb<\/p><p>\u201c\u00bfCu\u00e1l es el don de no tocar?\u201d \u00bb pregunt\u00f3 la ni\u00f1a.<\/p><p>\u201cEn alg\u00fan momento lo descubrir\u00e1s. Bueno, entra al tipi. \u00bb<\/p><p>La chica que trabajaba con plumas le dio al ni\u00f1o el traje m\u00e1s peque\u00f1o, que le quedaba perfecto.<br \/>y lo deleit\u00f3 con su hermoso trabajo con pluma.<\/p><p>\u201cLos tomar\u00e9 a todos como mis hermanos\u201d, le dijo la ni\u00f1a.<\/p><p>\u201cY me alegro de tenerte como hermana\u201d, respondi\u00f3 el ni\u00f1o.<\/p><p>La ni\u00f1a tom\u00f3 todos los dem\u00e1s bultos de los lomos de sus dos perros y<br \/>les dijo que volvieran con sus padres, y en seguida los perros empezaron<br \/>trotando hacia el sur.<\/p><p>Dentro del tipi hab\u00eda siete camas de ramas de sauce y salvia. T\u00e9<br \/>La muchacha desempac\u00f3 sus bultos y se puso una camisa de guerra, un par de calzas,<br \/>un par de mocasines y un par de guanteletes en cada uno de los mayores<br \/>camas de hermanos. Luego recogi\u00f3 le\u00f1a y encendi\u00f3 un fuego. De ella<br \/>tom\u00f3 carne seca, cerezas asfixiadas y grasa de ri\u00f1\u00f3n, y cocin\u00f3<br \/>una comida para ocho.<\/p><p>Al anochecer, justo cuando la comida estaba lista, los seis hermanos mayores<br \/>Apareci\u00f3 cargado de carne de b\u00fafalo. El ni\u00f1o sali\u00f3 corriendo<br \/>Lodge y cabriolas, pataleando con los talones y saltando arriba y abajo, mostrando<br \/>de su traje de ante acolchado.<\/p><p>&quot;\u00bfDe d\u00f3nde sacaste esta ropa tan fina?&quot; \u00bb preguntaron los hermanos.<\/p><p>\u201cTenemos una nueva hermana\u201d, dijo el ni\u00f1o. &quot;Ella est\u00e1 esperando<br \/>adentro, y ella tambi\u00e9n tiene ropa para ti. Ella hace lo m\u00e1s maravilloso.<br \/>trabajo de pluma en el mundo. \u00a1Y ella misma es hermosa! \u00bb<\/p><p>Los hermanos saludaron alegremente a la ni\u00f1a. Quedaron maravillados<br \/>a los trajes de ante blanco que les hab\u00eda tra\u00eddo como regalo.<br \/>Estaban tan contentos de tener una hermana a quien cuidar como ella de tener<br \/>hermanos a <a href=\"https:\/\/mythslegendes.com\/es\/cocinera-mitologia\/\">cocinero<\/a> y hacer ropa para. As\u00ed vivieron felices.<\/p><p>Un d\u00eda despu\u00e9s de que los hermanos mayores hab\u00edan salido a cazar, un hombre de color claro<br \/>Un ternero de b\u00fafalo apareci\u00f3 en el tipi y rasc\u00f3 y golpe\u00f3 con<br \/>su casco contra la trampilla de entrada. El ni\u00f1o sali\u00f3 y pregunt\u00f3.<br \/>Lo que el queria.<\/p><p>\u201cSoy enviado por la naci\u00f3n b\u00fafalo\u201d, dijo el ternero. &quot;Nosotros<br \/>He o\u00eddo hablar de tu hermosa hermana y la queremos para nosotros. \u00bb<\/p><p>\u201cNo puedes tenerla\u201d, respondi\u00f3 el ni\u00f1o. &quot;Irse. \u00bb<\/p><p>&quot;Oh, bueno, entonces vendr\u00e1 alguien m\u00e1s grande que yo&quot;, dijo.<br \/>el ternero y sali\u00f3 corriendo saltando y pataleando.<\/p><p>Al d\u00eda siguiente, cuando el ni\u00f1o y la hermana estaban solos otra vez, un joven<br \/>Lleg\u00f3 la novilla, mugiendo y resoplando, haciendo sonar la trampilla de entrada.<br \/>del tipi.<\/p><p>Una vez m\u00e1s la ni\u00f1a sali\u00f3 a preguntar qu\u00e9 quer\u00eda.<\/p><p>&quot;Soy enviado por la naci\u00f3n b\u00fafalo&quot;, dijo la novilla. &quot;Nosotros<br \/>Queremos a tu hermosa hermana para nosotros. \u00bb<\/p><p>&quot;No puedes tenerla&quot;, dijo el ni\u00f1o. &quot;\u00a1Irse!&quot; \u00bb<\/p><p>\u201cEntonces vendr\u00e1 alguien m\u00e1s grande que yo\u201d, dijo la novilla,<br \/>galopando como el ternero delante de ella.<\/p><p>Al tercer d\u00eda apareci\u00f3 una gran b\u00fafala, gru\u00f1endo ruidosamente.<br \/>en el albergue. El ni\u00f1o sali\u00f3 y pregunt\u00f3: &quot;Gran b\u00fafalo,<br \/>\u00bfqu\u00e9 deseas? \u00bb<\/p><p>&quot;Me env\u00eda la naci\u00f3n b\u00fafalo&quot;, dijo la vaca. &quot;I<br \/>He venido a llevarme a tu hermosa hermana. La queremos. \u00bb<\/p><p>&quot;No puedes tenerla&quot;, dijo el ni\u00f1o. &quot;\u00a1Irse!&quot; \u00bb<\/p><p>\u201cAlguien muy grande vendr\u00e1 a por m\u00ed\u201d, dijo el b\u00fafalo.<br \/>vaca, \u201cy no vendr\u00e1 solo. \u00c9l te matar\u00e1 si no lo haces<br \/>dale a tu hermana. \u00bb Con estas palabras la vaca se alej\u00f3 al trote.<\/p><p>Al cuarto d\u00eda los hermanos mayores se quedaron en casa para proteger la<br \/>chica. La tierra empez\u00f3 a temblar un poco, luego a balancearse y agitarse.<br \/>Por fin apareci\u00f3 el toro b\u00fafalo m\u00e1s gigantesco del mundo, muy<br \/>m\u00e1s grande que cualquiera que veas ahora. Detr\u00e1s de \u00e9l ven\u00eda toda la naci\u00f3n de los b\u00fafalos,<br \/>haciendo estremecer la tierra. Pateando el suelo, el enorme toro resopl\u00f3.<br \/>y bram\u00f3 como un trueno. Los seis hermanos mayores, mirando a trav\u00e9s de<br \/>el agujero de entrada, tuvieron mucho miedo, pero el ni\u00f1o se adelant\u00f3<br \/>audazmente afuera. \u201cGran toro b\u00fafalo de gran tama\u00f1o, \u00bfqu\u00e9 quieres?<br \/>\u00bfde nosotros? &quot; pregunt\u00f3.<\/p><p>\u201cQuiero a tu hermana\u201d, dijo el b\u00fafalo gigante. &quot;Tejo<br \/>Si no me la das, los matar\u00e9 a todos. \u00bb<\/p><p>El ni\u00f1o llam\u00f3 a su hermana y a sus hermanos mayores para que salieran. Aterrorizado,<br \/>as\u00ed lo hicieron.<\/p><p>&quot;La llevar\u00e9 ahora&quot;, gru\u00f1\u00f3 el enorme toro.<\/p><p>\u201cNo\u201d, dijo el ni\u00f1o, \u201cella no quiere que se la lleven\u201d.<br \/>No puedes tenerla. \u00a1Irse! \u00bb<\/p><p>\u201cEn ese caso te matar\u00e9 ahora\u201d, rugi\u00f3 el toro gigante.<br \/>&quot;\u00a1Ya voy!&quot; \u00bb<\/p><p>&quot;\u00a1R\u00e1pido, hermano, usa tu medicina especial!&quot; &quot; el seis<br \/>Los hermanos mayores le gritaron al menor.<\/p><p>\u201cLo estoy usando\u201d, dijo. \u201cAhora todos ustedes, agarren<br \/>agarrarse de las ramas de este \u00e1rbol. \u00a1Apurarse! \u00bb Se\u00f1al\u00f3 un<br \/>\u00e1rbol que crece junto al tipi. La ni\u00f1a y los seis hermanos saltaron.<br \/>en sus ramas. El ni\u00f1o tom\u00f3 su arco y r\u00e1pidamente dispar\u00f3 una flecha.<br \/>en el tronco del \u00e1rbol, luego apriete el tronco con fuerza \u00e9l mismo. En<br \/>una vez que el \u00e1rbol comenz\u00f3 a crecer, dispar\u00e1ndose hacia el cielo en poco tiempo<br \/>en absoluto. Todo sucedi\u00f3 mucho, mucho m\u00e1s r\u00e1pido de lo que se puede contar.<\/p><p>Los hermanos y la ni\u00f1a fueron alzados en las ramas de los \u00e1rboles,<br \/>fuera del alcance del b\u00fafalo. Observaron la manada de animales enojados.<br \/>gru\u00f1endo y resoplando, dando vueltas alrededor del \u00e1rbol muy abajo.<\/p><p>\u201c\u00a1Cortar\u00e9 el \u00e1rbol con mis cuernos!\u201d \u00bb rugi\u00f3 el gigante<br \/>b\u00fafalo. Carg\u00f3 contra el \u00e1rbol, que se sacudi\u00f3 como un sauce y se balance\u00f3<br \/>de ida y vuelta. Tratando de no caerse, la ni\u00f1a y los hermanos<br \/>se aferr\u00f3 a las ramas. El gran toro hab\u00eda arrancado un gran trozo de<br \/>madera del tronco.<\/p><p>El ni\u00f1o dijo: &quot;Ser\u00e1 mejor que use una flecha m\u00e1s&quot;. \u00bb<br \/>Dispar\u00f3 otra flecha hacia lo alto de la copa del \u00e1rbol, y nuevamente el \u00e1rbol<br \/>creci\u00f3, dispar\u00e1ndose otros trescientos metros m\u00e1s o menos, mientras los siete hermanos<br \/>y la muchacha se levant\u00f3 con \u00e9l.<\/p><p>El toro b\u00fafalo gigante hizo su segunda embestida. De nuevo sus cuernos<br \/>Apu\u00f1al\u00f3 el \u00e1rbol y astill\u00f3 la madera por todas partes. la herida<br \/>en el maletero se hab\u00eda hecho m\u00e1s grande.<\/p><p>El ni\u00f1o dijo: \u201cDebo disparar otra flecha. \u00bb Lo hizo, golpeando<br \/>Volvi\u00f3 a subir a la copa del \u00e1rbol y, r\u00e1pidamente, como un rel\u00e1mpago, el \u00e1rbol se elev\u00f3 otros trescientos metros.<\/p><p>A la tercera, el toro embisti\u00f3, meciendo el \u00e1rbol, haci\u00e9ndolo oscilar.<br \/>de lado a lado de modo que los hermanos y la ni\u00f1a casi cayeron<br \/>fuera de sus ramas. Le gritaron al ni\u00f1o que los salvara. El ni\u00f1o<br \/>Dispar\u00f3 una cuarta flecha al \u00e1rbol, que se elev\u00f3 de nuevo de modo que el<br \/>Siete j\u00f3venes y la ni\u00f1a desaparecieron entre las nubes. la herida<br \/>en el tronco del \u00e1rbol se hab\u00eda vuelto peligrosamente grande.<\/p><p>&quot;Cuando ese toro ataque de nuevo, destrozar\u00e1 este \u00e1rbol&quot;.<br \/>dijo la ni\u00f1a. &quot;\u00a1Hermanito, ay\u00fadanos!&quot; \u00bb<\/p><p>Justo cuando el toro embisti\u00f3 por cuarta vez, el ni\u00f1o perdi\u00f3<br \/>Una sola flecha le qued\u00f3 y el \u00e1rbol se elev\u00f3 por encima de las nubes.<\/p><p>\u201cR\u00e1pido, sal directamente a las nubes. \u00a1Apurarse! \u00bb grit\u00f3 el<br \/>ni\u00f1ito. &quot; \u00a1No tengas miedo! \u00bb<\/p><p>La cabeza del toro golpea el tronco del \u00e1rbol con un impacto aterrador. sus cuernos<br \/>cort\u00f3 el tronco en dos, pero justo cuando el \u00e1rbol comenz\u00f3 a caer lentamente,<br \/>Los siete hermanos y la ni\u00f1a bajaron de sus ramas y se dirigieron al cielo.<\/p><p>All\u00ed estaban los ocho. \u201cHermanito, \u00bfqu\u00e9 pasar\u00e1?<br \/>\u00bfSer\u00e1 de nosotros ahora? Nunca podremos regresar a la tierra; Estamos demasiado alto.<br \/>\u00bfQu\u00e9 haremos? \u00bb<\/p><p>&quot;No te aflijas&quot;, dijo el ni\u00f1o, &quot;me volver\u00e9<br \/>nosotros en estrellas. \u00bb<\/p><p>Al instante los siete hermanos y la muchacha quedaron ba\u00f1ados en radiante<br \/>luz. Formaron lo que los hombres blancos llaman el Gran<br \/>Cazo. Puedes verlos all\u00ed ahora. La estrella m\u00e1s brillante es la hermosa.<br \/>chica, que est\u00e1 llenando el cielo con brillantes plumas, y la<br \/>La estrella que brilla al final del mango del Dipper es la peque\u00f1a<br \/>chico. \u00bfPuedes verlo?<\/p>\t\t\t\t\t\t\t\t<\/div>\n\t\t\t\t<\/div>\n\t\t\t\t\t<\/div>\n\t\t<\/div>\n\t\t\t\t\t<\/div>\n\t\t<\/section>\n\t\t\t\t<\/div>","protected":false},"excerpt":{"rendered":"<p>Cheyenne-Arapaho Mythology Wiki Los Cheyennes son una naci\u00f3n nativa americana de las Grandes Llanuras, aliados cercanos de los Arapahos y en general aliados de los Lakotas... <\/p>","protected":false},"author":1,"featured_media":0,"parent":3895,"menu_order":0,"comment_status":"closed","ping_status":"closed","template":"","meta":{"footnotes":""},"class_list":["post-22100","page","type-page","status-publish","hentry"],"amp_enabled":true,"_links":{"self":[{"href":"https:\/\/mythslegendes.com\/es\/wp-json\/wp\/v2\/pages\/22100","targetHints":{"allow":["GET"]}}],"collection":[{"href":"https:\/\/mythslegendes.com\/es\/wp-json\/wp\/v2\/pages"}],"about":[{"href":"https:\/\/mythslegendes.com\/es\/wp-json\/wp\/v2\/types\/page"}],"author":[{"embeddable":true,"href":"https:\/\/mythslegendes.com\/es\/wp-json\/wp\/v2\/users\/1"}],"replies":[{"embeddable":true,"href":"https:\/\/mythslegendes.com\/es\/wp-json\/wp\/v2\/comments?post=22100"}],"version-history":[{"count":3,"href":"https:\/\/mythslegendes.com\/es\/wp-json\/wp\/v2\/pages\/22100\/revisions"}],"predecessor-version":[{"id":22104,"href":"https:\/\/mythslegendes.com\/es\/wp-json\/wp\/v2\/pages\/22100\/revisions\/22104"}],"up":[{"embeddable":true,"href":"https:\/\/mythslegendes.com\/es\/wp-json\/wp\/v2\/pages\/3895"}],"wp:attachment":[{"href":"https:\/\/mythslegendes.com\/es\/wp-json\/wp\/v2\/media?parent=22100"}],"curies":[{"name":"wp","href":"https:\/\/api.w.org\/{rel}","templated":true}]}}