{"id":22105,"date":"2022-08-04T00:48:15","date_gmt":"2022-08-04T00:48:15","guid":{"rendered":"https:\/\/mythslegendes.com\/?page_id=22105"},"modified":"2022-08-04T00:50:40","modified_gmt":"2022-08-04T00:50:40","slug":"conte-cheyenne-the-rolling-head","status":"publish","type":"page","link":"https:\/\/mythslegendes.com\/es\/cheyenne-arapaho-mitologia\/tale-cheyenne-the-rolling-head\/","title":{"rendered":"Cuento de Cheyenne: La cabeza rodante"},"content":{"rendered":"<div data-elementor-type=\"wp-page\" data-elementor-id=\"22105\" class=\"elementor elementor-22105\">\n\t\t\t\t\t\t<section class=\"elementor-section elementor-top-section elementor-element elementor-element-cf5cb54 elementor-section-boxed elementor-section-height-default elementor-section-height-default\" data-id=\"cf5cb54\" data-element_type=\"section\" data-e-type=\"section\">\n\t\t\t\t\t\t<div class=\"elementor-container elementor-column-gap-default\">\n\t\t\t\t\t<div class=\"elementor-column elementor-col-50 elementor-top-column elementor-element elementor-element-7f1feff\" data-id=\"7f1feff\" data-element_type=\"column\" data-e-type=\"column\">\n\t\t\t<div class=\"elementor-widget-wrap elementor-element-populated\">\n\t\t\t\t\t\t<div class=\"elementor-element elementor-element-6b7a45e elementor-align-justify elementor-widget elementor-widget-button\" data-id=\"6b7a45e\" data-element_type=\"widget\" data-e-type=\"widget\" data-widget_type=\"button.default\">\n\t\t\t\t<div class=\"elementor-widget-container\">\n\t\t\t\t\t\t\t\t\t<div class=\"elementor-button-wrapper\">\n\t\t\t\t\t<a class=\"elementor-button elementor-button-link elementor-size-sm\" href=\"https:\/\/mythslegendes.com\/es\/cheyenne-arapaho-mitologia\/\">\n\t\t\t\t\t\t<span class=\"elementor-button-content-wrapper\">\n\t\t\t\t\t\t\t\t\t<span class=\"elementor-button-text\">Mitolog\u00eda Cheyenne-Arapaho<\/span>\n\t\t\t\t\t<\/span>\n\t\t\t\t\t<\/a>\n\t\t\t\t<\/div>\n\t\t\t\t\t\t\t\t<\/div>\n\t\t\t\t<\/div>\n\t\t\t\t\t<\/div>\n\t\t<\/div>\n\t\t\t\t<div class=\"elementor-column elementor-col-50 elementor-top-column elementor-element elementor-element-6a401fb\" data-id=\"6a401fb\" data-element_type=\"column\" data-e-type=\"column\">\n\t\t\t<div class=\"elementor-widget-wrap elementor-element-populated\">\n\t\t\t\t\t\t<div class=\"elementor-element elementor-element-194d6aa elementor-align-justify elementor-widget elementor-widget-button\" data-id=\"194d6aa\" data-element_type=\"widget\" data-e-type=\"widget\" data-widget_type=\"button.default\">\n\t\t\t\t<div class=\"elementor-widget-container\">\n\t\t\t\t\t\t\t\t\t<div class=\"elementor-button-wrapper\">\n\t\t\t\t\t<a class=\"elementor-button elementor-button-link elementor-size-sm\" href=\"https:\/\/www.firstpeople.us\/FP-Html-Legends\/TheRollingHead-Cheyenne.html\" target=\"_blank\" rel=\"noopener\">\n\t\t\t\t\t\t<span class=\"elementor-button-content-wrapper\">\n\t\t\t\t\t\t\t\t\t<span class=\"elementor-button-text\">Wiki<\/span>\n\t\t\t\t\t<\/span>\n\t\t\t\t\t<\/a>\n\t\t\t\t<\/div>\n\t\t\t\t\t\t\t\t<\/div>\n\t\t\t\t<\/div>\n\t\t\t\t\t<\/div>\n\t\t<\/div>\n\t\t\t\t\t<\/div>\n\t\t<\/section>\n\t\t\t\t<section class=\"elementor-section elementor-top-section elementor-element elementor-element-b0669cc elementor-section-boxed elementor-section-height-default elementor-section-height-default\" data-id=\"b0669cc\" data-element_type=\"section\" data-e-type=\"section\">\n\t\t\t\t\t\t<div class=\"elementor-container elementor-column-gap-default\">\n\t\t\t\t\t<div class=\"elementor-column elementor-col-100 elementor-top-column elementor-element elementor-element-5c13084\" data-id=\"5c13084\" data-element_type=\"column\" data-e-type=\"column\">\n\t\t\t<div class=\"elementor-widget-wrap elementor-element-populated\">\n\t\t\t\t\t\t<div class=\"elementor-element elementor-element-e1a29c1 elementor-widget elementor-widget-text-editor\" data-id=\"e1a29c1\" data-element_type=\"widget\" data-e-type=\"widget\" data-widget_type=\"text-editor.default\">\n\t\t\t\t<div class=\"elementor-widget-container\">\n\t\t\t\t\t\t\t\t\t<p>los\u00a0<strong><a href=\"https:\/\/mythslegendes.com\/es\/cheyenne-arapaho-mitologia\/\">Cheyennes<\/a><\/strong> son una naci\u00f3n nativa americana de las Grandes Llanuras, aliados cercanos de los <a href=\"https:\/\/mythslegendes.com\/es\/cheyenne-arapaho-mitologia\/\">Arapahos<\/a> y generalmente aliados de los Lakotas (<a href=\"https:\/\/mythslegendes.com\/es\/mythes-et-legendes-siouans-2127\/\">siux<\/a>). Son una de las tribus de las Llanuras m\u00e1s famosas e importantes. Aqu\u00ed est\u00e1 su texto: The Rolling Head.<\/p><p><img decoding=\"async\" class=\"alignnone wp-image-9347 size-full\" src=\"http:\/\/mythslegendes.com\/wp-content\/uploads\/2020\/09\/cropped-AlphaOmega-e1602613368367.png\" alt=\"La cabeza rodante\" width=\"25\" height=\"25\" title=\"\"><\/p>\t\t\t\t\t\t\t\t<\/div>\n\t\t\t\t<\/div>\n\t\t\t\t\t<\/div>\n\t\t<\/div>\n\t\t\t\t\t<\/div>\n\t\t<\/section>\n\t\t\t\t<section class=\"elementor-section elementor-top-section elementor-element elementor-element-42b309d elementor-section-boxed elementor-section-height-default elementor-section-height-default\" data-id=\"42b309d\" data-element_type=\"section\" data-e-type=\"section\">\n\t\t\t\t\t\t<div class=\"elementor-container elementor-column-gap-default\">\n\t\t\t\t\t<div class=\"elementor-column elementor-col-100 elementor-top-column elementor-element elementor-element-036b701\" data-id=\"036b701\" data-element_type=\"column\" data-e-type=\"column\">\n\t\t\t<div class=\"elementor-widget-wrap elementor-element-populated\">\n\t\t\t\t\t\t<div class=\"elementor-element elementor-element-3fd800f elementor-widget elementor-widget-heading\" data-id=\"3fd800f\" data-element_type=\"widget\" data-e-type=\"widget\" data-widget_type=\"heading.default\">\n\t\t\t\t<div class=\"elementor-widget-container\">\n\t\t\t\t\t<div id=\"ez-toc-container\" class=\"ez-toc-v2_0_82_2 counter-hierarchy ez-toc-counter ez-toc-grey ez-toc-container-direction\">\n<div class=\"ez-toc-title-container\">\n<p class=\"ez-toc-title\" style=\"cursor:inherit\">Contenido<\/p>\n<span class=\"ez-toc-title-toggle\"><a href=\"#\" class=\"ez-toc-pull-right ez-toc-btn ez-toc-btn-xs ez-toc-btn-default ez-toc-toggle\" aria-label=\"Alternar tabla de contenidos\"><span class=\"ez-toc-js-icon-con\"><span class=\"\"><span class=\"eztoc-hide\" style=\"display:none;\">Palanca<\/span><span class=\"ez-toc-icon-toggle-span\"><svg style=\"fill: #999;color:#999\" xmlns=\"http:\/\/www.w3.org\/2000\/svg\" class=\"list-377408\" width=\"20px\" height=\"20px\" viewbox=\"0 0 24 24\" fill=\"none\"><path d=\"M6 6H4v2h2V6zm14 0H8v2h12V6zM4 11h2v2H4v-2zm16 0H8v2h12v-2zM4 16h2v2H4v-2zm16 0H8v2h12v-2z\" fill=\"currentColor\"><\/path><\/svg><svg style=\"fill: #999;color:#999\" class=\"arrow-unsorted-368013\" xmlns=\"http:\/\/www.w3.org\/2000\/svg\" width=\"10px\" height=\"10px\" viewbox=\"0 0 24 24\" version=\"1.2\" baseprofile=\"tiny\"><path d=\"M18.2 9.3l-6.2-6.3-6.2 6.3c-.2.2-.3.4-.3.7s.1.5.3.7c.2.2.4.3.7.3h11c.3 0 .5-.1.7-.3.2-.2.3-.5.3-.7s-.1-.5-.3-.7zM5.8 14.7l6.2 6.3 6.2-6.3c.2-.2.3-.5.3-.7s-.1-.5-.3-.7c-.2-.2-.4-.3-.7-.3h-11c-.3 0-.5.1-.7.3-.2.2-.3.5-.3.7s.1.5.3.7z\"\/><\/svg><\/span><\/span><\/span><\/a><\/span><\/div>\n<nav><ul class='ez-toc-list ez-toc-list-level-1' ><li class='ez-toc-page-1 ez-toc-heading-level-2'><a class=\"ez-toc-link ez-toc-heading-1\" href=\"https:\/\/mythslegendes.com\/es\/cheyenne-arapaho-mitologia\/tale-cheyenne-the-rolling-head\/#The-Rolling-Head\" >La cabeza rodante<\/a><\/li><\/ul><\/nav><\/div>\n<h2 class=\"elementor-heading-title elementor-size-default\"><span class=\"ez-toc-section\" id=\"The-Rolling-Head\"><\/span>La cabeza rodante<span class=\"ez-toc-section-end\"><\/span><\/h2>\t\t\t\t<\/div>\n\t\t\t\t<\/div>\n\t\t\t\t\t<\/div>\n\t\t<\/div>\n\t\t\t\t\t<\/div>\n\t\t<\/section>\n\t\t\t\t<section class=\"elementor-section elementor-top-section elementor-element elementor-element-e0dfe9a elementor-section-boxed elementor-section-height-default elementor-section-height-default\" data-id=\"e0dfe9a\" data-element_type=\"section\" data-e-type=\"section\">\n\t\t\t\t\t\t<div class=\"elementor-container elementor-column-gap-default\">\n\t\t\t\t\t<div class=\"elementor-column elementor-col-100 elementor-top-column elementor-element elementor-element-ce6fa84\" data-id=\"ce6fa84\" data-element_type=\"column\" data-e-type=\"column\">\n\t\t\t<div class=\"elementor-widget-wrap elementor-element-populated\">\n\t\t\t\t\t\t<div class=\"elementor-element elementor-element-7151c6b elementor-widget elementor-widget-text-editor\" data-id=\"7151c6b\" data-element_type=\"widget\" data-e-type=\"widget\" data-widget_type=\"text-editor.default\">\n\t\t\t\t<div class=\"elementor-widget-container\">\n\t\t\t\t\t\t\t\t\t<p>En una tienda solitaria viv\u00eda una familia solitaria: un hombre, su esposa y dos hijos. Cuando el hombre sal\u00eda a cazar, siempre pintaba la cara y el cuerpo de su esposa antes de empezar por la ma\u00f1ana. Su esposa fue a buscar agua a un lago cercano.<\/p>\n<p>Ella siempre iba al mismo lugar; y cuando lleg\u00f3 al lago, se quit\u00f3 la ropa, como para ba\u00f1arse. Entonces una gran serpiente sali\u00f3 del lago, despu\u00e9s de que la mujer le habl\u00f3 y le dijo que apareciera. La serpiente le pidi\u00f3 que saliera a \u00e9l, ya que su esposo se hab\u00eda ido a cazar. La mujer hizo lo que dijo la serpiente. Todas las ma\u00f1anas iba al lago.<\/p>\n<p>Su esposo trajo carne, y ella y los ni\u00f1os se alegraron. El hombre no supo lo que pas\u00f3. No sab\u00eda que su esposa fue en busca de agua al lago y se encontr\u00f3 con una gran serpiente. Pero un d\u00eda \u00e9l le pregunt\u00f3 qu\u00e9 hac\u00eda que se le saliera la pintura. Dijo que se ba\u00f1\u00f3. A la ma\u00f1ana siguiente sali\u00f3 como si fuera a cazar; pero cav\u00f3 un escondite cerca del lago para ver lo que hac\u00eda su esposa. Lleg\u00f3 a la orilla y llam\u00f3 a la serpiente: &quot;Ven, te estoy esperando&quot;. Luego vio una gran serpiente vieja que sal\u00eda del agua y le pregunt\u00f3 si su esposo hab\u00eda ido a cazar. Ella respondi\u00f3: &quot;S\u00ed, voy&quot;. Se quit\u00f3 la ropa y entr\u00f3 en el lago, y la serpiente pronto la rode\u00f3.<\/p>\n<p>El hombre los hab\u00eda observado, y ahora, partiendo. su escondite, salt\u00f3 sobre la serpiente, y con un cuchillo grande la cort\u00f3 en pedazos y finalmente la mat\u00f3. Luego atrap\u00f3 a su esposa y la mat\u00f3. La cort\u00f3 en pedazos, se llev\u00f3 su carne a casa y se la dio a sus hijos. Cocin\u00f3 a su esposa y los ni\u00f1os, sin saberlo, se comieron a su madre.<\/p>\n<p>Entonces el hombre les dijo: &quot;D\u00edganle a su madre cuando llegue a casa que fui a buscar m\u00e1s carne que dej\u00e9 colgada en un \u00e1rbol para que los lobos no la alcancen&quot;. Y se fue. El ni\u00f1o m\u00e1s peque\u00f1o dijo: &quot;Nuestra madre simplemente se est\u00e1 burlando de nosotros al mantenerse alejado&quot;. Pero la ni\u00f1a mayor respondi\u00f3: &quot;No digas nada en contra de nuestra madre&quot;. Entonces la cabeza de su madre vino rodando hacia ellos; y dijo: &quot;Siento mucho que mis hijos me hayan comido&quot;.<\/p>\n<p>Los dos ni\u00f1os huyeron, pero la cabeza los persigui\u00f3. Por fin estaban agotados, pero la correa de su madre segu\u00eda rodando tras ellos. Entonces la ni\u00f1a mayor dibuj\u00f3 una l\u00ednea o marca en el suelo y abri\u00f3 un agujero tan profundo que la cabeza no pudo cruzar. La ni\u00f1a m\u00e1s joven ten\u00eda mucha hambre. Ella le dijo a su hermana: &quot;Mira ese venado&quot;. La ni\u00f1a mayor mir\u00f3 al venado, y cay\u00f3 muerto como si le hubieran disparado. As\u00ed que comieron de \u00e9l. Entonces alguien fue amable con ellos y los ayud\u00f3, y vivieron en una gran caba\u00f1a y ten\u00edan mucha comida de varias clases para comer. Dos grandes panteras y dos grandes osos negros los proteg\u00edan contra todos los animales y personas salvajes.<\/p>\n<p>Un campamento de personas se estaba muriendo de hambre. No se pudo encontrar b\u00fafalo ni caza menor. El pueblo oy\u00f3 que los ni\u00f1os ten\u00edan abundancia de alimentos de todo tipo, y todos se trasladaron a ellos. Cuando llegaron, los ni\u00f1os los invitaron, y las diversas compa\u00f1\u00edas vinieron y comieron con ellos. Finalmente todos volvieron a salir; solo el padre de los ni\u00f1os ahora se qued\u00f3 con ellos nuevamente. Pero se arrepintieron de lo que les hab\u00eda hecho. Entonces hicieron que los leones saltaran sobre su padre, y lo mataron.<\/p>\t\t\t\t\t\t\t\t<\/div>\n\t\t\t\t<\/div>\n\t\t\t\t\t<\/div>\n\t\t<\/div>\n\t\t\t\t\t<\/div>\n\t\t<\/section>\n\t\t\t\t<\/div>","protected":false},"excerpt":{"rendered":"<p>Cheyenne-Arapaho Mythology Wiki Los Cheyennes son una naci\u00f3n nativa americana de las Grandes Llanuras, aliados cercanos de los Arapahos y en general aliados de los Lakotas... <\/p>","protected":false},"author":1,"featured_media":0,"parent":3895,"menu_order":0,"comment_status":"closed","ping_status":"closed","template":"","meta":{"footnotes":""},"class_list":["post-22105","page","type-page","status-publish","hentry"],"amp_enabled":true,"_links":{"self":[{"href":"https:\/\/mythslegendes.com\/es\/wp-json\/wp\/v2\/pages\/22105","targetHints":{"allow":["GET"]}}],"collection":[{"href":"https:\/\/mythslegendes.com\/es\/wp-json\/wp\/v2\/pages"}],"about":[{"href":"https:\/\/mythslegendes.com\/es\/wp-json\/wp\/v2\/types\/page"}],"author":[{"embeddable":true,"href":"https:\/\/mythslegendes.com\/es\/wp-json\/wp\/v2\/users\/1"}],"replies":[{"embeddable":true,"href":"https:\/\/mythslegendes.com\/es\/wp-json\/wp\/v2\/comments?post=22105"}],"version-history":[{"count":3,"href":"https:\/\/mythslegendes.com\/es\/wp-json\/wp\/v2\/pages\/22105\/revisions"}],"predecessor-version":[{"id":22109,"href":"https:\/\/mythslegendes.com\/es\/wp-json\/wp\/v2\/pages\/22105\/revisions\/22109"}],"up":[{"embeddable":true,"href":"https:\/\/mythslegendes.com\/es\/wp-json\/wp\/v2\/pages\/3895"}],"wp:attachment":[{"href":"https:\/\/mythslegendes.com\/es\/wp-json\/wp\/v2\/media?parent=22105"}],"curies":[{"name":"wp","href":"https:\/\/api.w.org\/{rel}","templated":true}]}}