{"id":22118,"date":"2022-08-04T00:54:23","date_gmt":"2022-08-04T00:54:23","guid":{"rendered":"https:\/\/mythslegendes.com\/?page_id=22118"},"modified":"2022-08-04T00:56:40","modified_gmt":"2022-08-04T00:56:40","slug":"conte-cheyenne-the-great-flood","status":"publish","type":"page","link":"https:\/\/mythslegendes.com\/es\/cheyenne-arapaho-mitologia\/cuento-cheyenne-la-gran-inundacion\/","title":{"rendered":"Cuento de Cheyenne: La gran inundaci\u00f3n"},"content":{"rendered":"<div data-elementor-type=\"wp-page\" data-elementor-id=\"22118\" class=\"elementor elementor-22118\">\n\t\t\t\t\t\t<section class=\"elementor-section elementor-top-section elementor-element elementor-element-c01e925 elementor-section-boxed elementor-section-height-default elementor-section-height-default\" data-id=\"c01e925\" data-element_type=\"section\" data-e-type=\"section\">\n\t\t\t\t\t\t<div class=\"elementor-container elementor-column-gap-default\">\n\t\t\t\t\t<div class=\"elementor-column elementor-col-50 elementor-top-column elementor-element elementor-element-1c053e0\" data-id=\"1c053e0\" data-element_type=\"column\" data-e-type=\"column\">\n\t\t\t<div class=\"elementor-widget-wrap elementor-element-populated\">\n\t\t\t\t\t\t<div class=\"elementor-element elementor-element-2afe9c5 elementor-align-justify elementor-widget elementor-widget-button\" data-id=\"2afe9c5\" data-element_type=\"widget\" data-e-type=\"widget\" data-widget_type=\"button.default\">\n\t\t\t\t<div class=\"elementor-widget-container\">\n\t\t\t\t\t\t\t\t\t<div class=\"elementor-button-wrapper\">\n\t\t\t\t\t<a class=\"elementor-button elementor-button-link elementor-size-sm\" href=\"https:\/\/mythslegendes.com\/es\/cheyenne-arapaho-mitologia\/\">\n\t\t\t\t\t\t<span class=\"elementor-button-content-wrapper\">\n\t\t\t\t\t\t\t\t\t<span class=\"elementor-button-text\">Mitolog\u00eda Cheyenne-Arapaho<\/span>\n\t\t\t\t\t<\/span>\n\t\t\t\t\t<\/a>\n\t\t\t\t<\/div>\n\t\t\t\t\t\t\t\t<\/div>\n\t\t\t\t<\/div>\n\t\t\t\t\t<\/div>\n\t\t<\/div>\n\t\t\t\t<div class=\"elementor-column elementor-col-50 elementor-top-column elementor-element elementor-element-4ca1d32\" data-id=\"4ca1d32\" data-element_type=\"column\" data-e-type=\"column\">\n\t\t\t<div class=\"elementor-widget-wrap elementor-element-populated\">\n\t\t\t\t\t\t<div class=\"elementor-element elementor-element-5279161 elementor-align-justify elementor-widget elementor-widget-button\" data-id=\"5279161\" data-element_type=\"widget\" data-e-type=\"widget\" data-widget_type=\"button.default\">\n\t\t\t\t<div class=\"elementor-widget-container\">\n\t\t\t\t\t\t\t\t\t<div class=\"elementor-button-wrapper\">\n\t\t\t\t\t<a class=\"elementor-button elementor-button-link elementor-size-sm\" href=\"https:\/\/www.firstpeople.us\/FP-Html-Legends\/YellowstoneValleyandtheGreatFlood-Cheyenne.html\" target=\"_blank\" rel=\"noopener\">\n\t\t\t\t\t\t<span class=\"elementor-button-content-wrapper\">\n\t\t\t\t\t\t\t\t\t<span class=\"elementor-button-text\">Wiki<\/span>\n\t\t\t\t\t<\/span>\n\t\t\t\t\t<\/a>\n\t\t\t\t<\/div>\n\t\t\t\t\t\t\t\t<\/div>\n\t\t\t\t<\/div>\n\t\t\t\t\t<\/div>\n\t\t<\/div>\n\t\t\t\t\t<\/div>\n\t\t<\/section>\n\t\t\t\t<section class=\"elementor-section elementor-top-section elementor-element elementor-element-1fc8753 elementor-section-boxed elementor-section-height-default elementor-section-height-default\" data-id=\"1fc8753\" data-element_type=\"section\" data-e-type=\"section\">\n\t\t\t\t\t\t<div class=\"elementor-container elementor-column-gap-default\">\n\t\t\t\t\t<div class=\"elementor-column elementor-col-100 elementor-top-column elementor-element elementor-element-7d22ef6\" data-id=\"7d22ef6\" data-element_type=\"column\" data-e-type=\"column\">\n\t\t\t<div class=\"elementor-widget-wrap elementor-element-populated\">\n\t\t\t\t\t\t<div class=\"elementor-element elementor-element-5693646 elementor-widget elementor-widget-text-editor\" data-id=\"5693646\" data-element_type=\"widget\" data-e-type=\"widget\" data-widget_type=\"text-editor.default\">\n\t\t\t\t<div class=\"elementor-widget-container\">\n\t\t\t\t\t\t\t\t\t<p>los\u00a0<strong><a href=\"https:\/\/mythslegendes.com\/es\/cheyenne-arapaho-mitologia\/\">Cheyennes<\/a><\/strong> son una naci\u00f3n nativa americana de las Grandes Llanuras, aliados cercanos de los <a href=\"https:\/\/mythslegendes.com\/es\/cheyenne-arapaho-mitologia\/\">Arapahos<\/a> y generalmente aliados de los Lakotas (<a href=\"https:\/\/mythslegendes.com\/es\/mythes-et-legendes-siouans-2127\/\">siux<\/a>). Son una de las tribus de las Llanuras m\u00e1s famosas e importantes. Aqu\u00ed est\u00e1 su historia: el valle de Yellowstone y la gran inundaci\u00f3n.<\/p><p><img decoding=\"async\" class=\"alignnone wp-image-9347 size-full\" src=\"http:\/\/mythslegendes.com\/wp-content\/uploads\/2020\/09\/cropped-AlphaOmega-e1602613368367.png\" alt=\"Valle de Yellowstone y la Gran Inundaci\u00f3n\" width=\"25\" height=\"25\" title=\"\"><\/p>\t\t\t\t\t\t\t\t<\/div>\n\t\t\t\t<\/div>\n\t\t\t\t\t<\/div>\n\t\t<\/div>\n\t\t\t\t\t<\/div>\n\t\t<\/section>\n\t\t\t\t<section class=\"elementor-section elementor-top-section elementor-element elementor-element-6b716cd elementor-section-boxed elementor-section-height-default elementor-section-height-default\" data-id=\"6b716cd\" data-element_type=\"section\" data-e-type=\"section\">\n\t\t\t\t\t\t<div class=\"elementor-container elementor-column-gap-default\">\n\t\t\t\t\t<div class=\"elementor-column elementor-col-100 elementor-top-column elementor-element elementor-element-6aa1f6a\" data-id=\"6aa1f6a\" data-element_type=\"column\" data-e-type=\"column\">\n\t\t\t<div class=\"elementor-widget-wrap elementor-element-populated\">\n\t\t\t\t\t\t<div class=\"elementor-element elementor-element-60ad4ac elementor-widget elementor-widget-heading\" data-id=\"60ad4ac\" data-element_type=\"widget\" data-e-type=\"widget\" data-widget_type=\"heading.default\">\n\t\t\t\t<div class=\"elementor-widget-container\">\n\t\t\t\t\t<div id=\"ez-toc-container\" class=\"ez-toc-v2_0_82_2 counter-hierarchy ez-toc-counter ez-toc-grey ez-toc-container-direction\">\n<div class=\"ez-toc-title-container\">\n<p class=\"ez-toc-title\" style=\"cursor:inherit\">Contenido<\/p>\n<span class=\"ez-toc-title-toggle\"><a href=\"#\" class=\"ez-toc-pull-right ez-toc-btn ez-toc-btn-xs ez-toc-btn-default ez-toc-toggle\" aria-label=\"Alternar tabla de contenidos\"><span class=\"ez-toc-js-icon-con\"><span class=\"\"><span class=\"eztoc-hide\" style=\"display:none;\">Palanca<\/span><span class=\"ez-toc-icon-toggle-span\"><svg style=\"fill: #999;color:#999\" xmlns=\"http:\/\/www.w3.org\/2000\/svg\" class=\"list-377408\" width=\"20px\" height=\"20px\" viewbox=\"0 0 24 24\" fill=\"none\"><path d=\"M6 6H4v2h2V6zm14 0H8v2h12V6zM4 11h2v2H4v-2zm16 0H8v2h12v-2zM4 16h2v2H4v-2zm16 0H8v2h12v-2z\" fill=\"currentColor\"><\/path><\/svg><svg style=\"fill: #999;color:#999\" class=\"arrow-unsorted-368013\" xmlns=\"http:\/\/www.w3.org\/2000\/svg\" width=\"10px\" height=\"10px\" viewbox=\"0 0 24 24\" version=\"1.2\" baseprofile=\"tiny\"><path d=\"M18.2 9.3l-6.2-6.3-6.2 6.3c-.2.2-.3.4-.3.7s.1.5.3.7c.2.2.4.3.7.3h11c.3 0 .5-.1.7-.3.2-.2.3-.5.3-.7s-.1-.5-.3-.7zM5.8 14.7l6.2 6.3 6.2-6.3c.2-.2.3-.5.3-.7s-.1-.5-.3-.7c-.2-.2-.4-.3-.7-.3h-11c-.3 0-.5.1-.7.3-.2.2-.3.5-.3.7s.1.5.3.7z\"\/><\/svg><\/span><\/span><\/span><\/a><\/span><\/div>\n<nav><ul class='ez-toc-list ez-toc-list-level-1' ><li class='ez-toc-page-1 ez-toc-heading-level-2'><a class=\"ez-toc-link ez-toc-heading-1\" href=\"https:\/\/mythslegendes.com\/es\/cheyenne-arapaho-mitologia\/cuento-cheyenne-la-gran-inundacion\/#Yellowstone-Valley-and-The-Great-Flood\" >Valle de Yellowstone y la Gran Inundaci\u00f3n<\/a><\/li><\/ul><\/nav><\/div>\n<h2 class=\"elementor-heading-title elementor-size-default\"><span class=\"ez-toc-section\" id=\"Yellowstone-Valley-and-The-Great-Flood\"><\/span>Valle de Yellowstone y la Gran Inundaci\u00f3n<span class=\"ez-toc-section-end\"><\/span><\/h2>\t\t\t\t<\/div>\n\t\t\t\t<\/div>\n\t\t\t\t\t<\/div>\n\t\t<\/div>\n\t\t\t\t\t<\/div>\n\t\t<\/section>\n\t\t\t\t<section class=\"elementor-section elementor-top-section elementor-element elementor-element-5b7d9ce elementor-section-boxed elementor-section-height-default elementor-section-height-default\" data-id=\"5b7d9ce\" data-element_type=\"section\" data-e-type=\"section\">\n\t\t\t\t\t\t<div class=\"elementor-container elementor-column-gap-default\">\n\t\t\t\t\t<div class=\"elementor-column elementor-col-100 elementor-top-column elementor-element elementor-element-daa6f19\" data-id=\"daa6f19\" data-element_type=\"column\" data-e-type=\"column\">\n\t\t\t<div class=\"elementor-widget-wrap elementor-element-populated\">\n\t\t\t\t\t\t<div class=\"elementor-element elementor-element-f21abee elementor-widget elementor-widget-text-editor\" data-id=\"f21abee\" data-element_type=\"widget\" data-e-type=\"widget\" data-widget_type=\"text-editor.default\">\n\t\t\t\t<div class=\"elementor-widget-container\">\n\t\t\t\t\t\t\t\t\t<p>Era un indio viejo. Su rostro estaba curtido por el clima, pero sus ojos a\u00fan brillaban. Nunca supe de qu\u00e9 tribu era, aunque pod\u00eda adivinarlo. Sin embargo, otros de la tribu con los que habl\u00e9 m\u00e1s tarde nunca hab\u00edan o\u00eddo su historia.<\/p>\n<p>Hab\u00edamos estado hablando de las visiones de los j\u00f3venes. Se sent\u00f3 durante mucho tiempo, contemplando el valle de Yellowstone a trav\u00e9s de la lluvia torrencial, antes de hablar. &quot;Est\u00e1n empezando a volver&quot;, dijo.<\/p>\n<p>&quot;\u00bfQui\u00e9n va a volver?&quot; Yo pregunt\u00e9.<\/p>\n<p>&quot;Los animales&quot;, dijo. Ha sucedido antes.<\/p>\n<p>&quot;Cu\u00e9ntame sobre eso.&quot;<\/p>\n<p>Pens\u00f3 durante un largo rato antes de levantar las manos y los ojos. &quot;El Gran Esp\u00edritu sonri\u00f3 en esta tierra cuando la cre\u00f3. Hab\u00eda monta\u00f1as y llanuras, bosques y praderas. Hab\u00eda animales de muchas clases... y hombres&quot;.<\/p>\n<p>Las manos del anciano se mov\u00edan suavemente, contando la historia con m\u00e1s claridad que su voz.<\/p>\n<p>El Gran Esp\u00edritu le dijo a la gente: &quot;Estos animales son tus hermanos. Comparte la tierra con ellos. Ellos te dar\u00e1n comida y ropa. Vive con ellos y prot\u00e9gelos&quot;.<\/p>\n<p>&quot;Protege especialmente al b\u00fafalo, porque el b\u00fafalo te dar\u00e1 alimento y cobijo. La piel del b\u00fafalo te proteger\u00e1 del fr\u00edo, del calor y de la lluvia. Mientras tengas el b\u00fafalo, nunca necesitar\u00e1s sufrir.&quot;<\/p>\n<p>Durante muchos inviernos la gente vivi\u00f3 en paz con los animales y con la tierra. Cuando mataron un b\u00fafalo, agradecieron al Gran Esp\u00edritu y usaron cada parte del b\u00fafalo. Se ocup\u00f3 de cada necesidad.<\/p>\n<p>Luego vinieron otras personas. No pensaban en los animales como hermanos. Mataron, incluso cuando no necesitaban comida. Quemaron y talaron los bosques, y los animales murieron. Dispararon al b\u00fafalo y lo llamaron deporte. Mataron los peces en los arroyos.<\/p>\n<p>Cuando el Gran Esp\u00edritu mir\u00f3 hacia abajo, estaba triste. Dej\u00f3 que el humo de los fuegos yaciera en los valles. La gente tosi\u00f3 y se atragant\u00f3. Pero aun as\u00ed quemaron y mataron.<\/p>\n<p>Entonces el Gran Esp\u00edritu envi\u00f3 lluvias para apagar los fuegos y destruir a la gente.<\/p>\n<p>Cayeron las lluvias y subieron las aguas. La gente se mud\u00f3 de los valles inundados a las tierras altas.<\/p>\n<p>Spotted Bear, el curandero, reuni\u00f3 a su gente. \u00c9l les dijo: &quot;El Gran Esp\u00edritu nos ha dicho que mientras tengamos b\u00fafalos estaremos a salvo del calor, el fr\u00edo y la lluvia. Pero ya no hay b\u00fafalos. A menos que podamos encontrar b\u00fafalos y vivir en paz con la naturaleza&quot;. , todos moriremos&quot;.<\/p>\n<p>Todav\u00eda cayeron las lluvias y subieron las aguas. La gente se mud\u00f3 de las llanuras inundadas a las colinas.<\/p>\n<p>Los j\u00f3venes salieron y cazaron el b\u00fafalo. Mientras iban iban apagando los fuegos. Se hicieron amigos de los animales una vez m\u00e1s. Limpiaron los arroyos.<\/p>\n<p>Todav\u00eda cayeron las lluvias y subieron las aguas. La gente se mud\u00f3 de las colinas inundadas a las monta\u00f1as.<\/p>\n<p>Dos j\u00f3venes llegaron a Spotted Bear. &quot;Hemos encontrado el b\u00fafalo&quot;, dijeron. &quot;Hab\u00eda una vaca, un ternero y un gran toro blanco. La vaca y el ternero subieron a la seguridad de las monta\u00f1as. Deber\u00edan estar de vuelta cuando pare la lluvia. Pero la orilla cedi\u00f3 y el toro fue arrastrado por las aguas de la inundaci\u00f3n. Lo seguimos y lo llevamos a la orilla, pero se hab\u00eda ahogado. Te hemos tra\u00eddo su piel.<\/p>\n<p>Desplegaron una enorme piel de b\u00fafalo blanca.<\/p>\n<p>Oso Manchado tom\u00f3 la piel de b\u00fafalo blanco. &quot;Muchas personas han estado borrachas&quot;, dijo. &quot;Nuestra comida se ha llevado. Pero nuestros j\u00f3venes ya no est\u00e1n destruyendo el mundo que fue creado para ellos. Han encontrado el b\u00fafalo blanco. Salvar\u00e1 a los que quedan&quot;.<\/p>\n<p>Todav\u00eda cayeron las lluvias y subieron las aguas. La gente se mud\u00f3 de las monta\u00f1as inundadas a los picos m\u00e1s altos.<\/p>\n<p>Oso manchado extendi\u00f3 la piel de b\u00fafalo blanco en el suelo. \u00c9l y los otros curanderos lo rasparon y lo estiraron, y lo rasparon y lo estiraron.<\/p>\n<p>Todav\u00eda las lluvias ca\u00edan. Como todo cuero sin curtir, la piel de b\u00fafalo se estiraba cuando estaba mojada. Oso Manchado lo extendi\u00f3 sobre el pueblo. Toda la gente que hab\u00eda quedado se amonton\u00f3 debajo de ella.<\/p>\n<p>Mientras ca\u00edan las lluvias, los curanderos estiraban la piel de b\u00fafalo por las monta\u00f1as. Cada d\u00eda lo estiraban m\u00e1s.<\/p>\n<p>Luego Spotted Bear at\u00f3 una esquina a la cima de las monta\u00f1as Big Horn. Ese lado, lo sujet\u00f3 a los Pryor. La siguiente esquina la at\u00f3 a las monta\u00f1as Bear Tooth. Cruzando el valle de Yellowstone, at\u00f3 una esquina a Crazy Mountains y la otra a Signal Butte en Bull Mountains.<\/p>\n<p>Todo el valle de Yellowstone estaba cubierto por la piel de b\u00fafalo blanco. Aunque las lluvias todav\u00eda ca\u00edan arriba, no ca\u00edan en el valle de Yellowstone.<\/p>\n<p>Las aguas se hundieron. Los animales del exterior se trasladaron al valle, bajo la piel blanca de b\u00fafalo. La gente comparti\u00f3 el valle con ellos.<\/p>\n<p>Todav\u00eda las lluvias ca\u00edan sobre la piel de b\u00fafalo. La piel se estir\u00f3 y comenz\u00f3 a ceder.<\/p>\n<p>Spotted Bear se par\u00f3 en las monta\u00f1as Bridger y levant\u00f3 el extremo oeste de la piel de b\u00fafalo para atrapar el viento del oeste. El Viento del Oeste se precipit\u00f3 y qued\u00f3 atrapado bajo la piel de b\u00fafalo. El viento levant\u00f3 la piel hasta formar una gran c\u00fapula sobre el valle.<\/p>\n<p>El Gran Esp\u00edritu vio que la gente viv\u00eda en paz con la tierra. Las lluvias cesaron y el sol brill\u00f3. A medida que el sol brillaba sobre la piel de b\u00fafalo blanco, brillaba con colores rojo, amarillo y azul.<\/p>\n<p>A medida que el sol brillaba sobre el cuero sin curtir, comenz\u00f3 a encogerse. Los extremos de la c\u00fapula se encogieron hasta que todo lo que qued\u00f3 fue un gran arco a trav\u00e9s del valle.<\/p>\n<p>La voz del anciano se desvaneci\u00f3; pero sus manos dijeron &quot;Mira&quot;, y sus brazos se movieron hacia el valle.<\/p>\n<p>La lluvia hab\u00eda cesado y un arco iris se arqueaba sobre el valle de Yellowstone. Una cr\u00eda de b\u00fafalo y su madre pastaban debajo.<\/p>\t\t\t\t\t\t\t\t<\/div>\n\t\t\t\t<\/div>\n\t\t\t\t\t<\/div>\n\t\t<\/div>\n\t\t\t\t\t<\/div>\n\t\t<\/section>\n\t\t\t\t<\/div>","protected":false},"excerpt":{"rendered":"<p>Cheyenne-Arapaho Mythology Wiki Los Cheyennes son una naci\u00f3n nativa americana de las Grandes Llanuras, aliados cercanos de los Arapahos y en general aliados de los Lakotas... <\/p>","protected":false},"author":1,"featured_media":0,"parent":3895,"menu_order":0,"comment_status":"closed","ping_status":"closed","template":"","meta":{"footnotes":""},"class_list":["post-22118","page","type-page","status-publish","hentry"],"amp_enabled":true,"_links":{"self":[{"href":"https:\/\/mythslegendes.com\/es\/wp-json\/wp\/v2\/pages\/22118","targetHints":{"allow":["GET"]}}],"collection":[{"href":"https:\/\/mythslegendes.com\/es\/wp-json\/wp\/v2\/pages"}],"about":[{"href":"https:\/\/mythslegendes.com\/es\/wp-json\/wp\/v2\/types\/page"}],"author":[{"embeddable":true,"href":"https:\/\/mythslegendes.com\/es\/wp-json\/wp\/v2\/users\/1"}],"replies":[{"embeddable":true,"href":"https:\/\/mythslegendes.com\/es\/wp-json\/wp\/v2\/comments?post=22118"}],"version-history":[{"count":3,"href":"https:\/\/mythslegendes.com\/es\/wp-json\/wp\/v2\/pages\/22118\/revisions"}],"predecessor-version":[{"id":22125,"href":"https:\/\/mythslegendes.com\/es\/wp-json\/wp\/v2\/pages\/22118\/revisions\/22125"}],"up":[{"embeddable":true,"href":"https:\/\/mythslegendes.com\/es\/wp-json\/wp\/v2\/pages\/3895"}],"wp:attachment":[{"href":"https:\/\/mythslegendes.com\/es\/wp-json\/wp\/v2\/media?parent=22118"}],"curies":[{"name":"wp","href":"https:\/\/api.w.org\/{rel}","templated":true}]}}