{"id":22142,"date":"2022-08-04T01:14:10","date_gmt":"2022-08-04T01:14:10","guid":{"rendered":"https:\/\/mythslegendes.com\/?page_id=22142"},"modified":"2022-08-04T01:21:51","modified_gmt":"2022-08-04T01:21:51","slug":"conte-basque-errua","status":"publish","type":"page","link":"https:\/\/mythslegendes.com\/es\/mitologia-vasca\/cuento-vasco-errua\/","title":{"rendered":"Cuento Vasco: Errua"},"content":{"rendered":"<div data-elementor-type=\"wp-page\" data-elementor-id=\"22142\" class=\"elementor elementor-22142\">\n\t\t\t\t\t\t<section class=\"elementor-section elementor-top-section elementor-element elementor-element-93facf3 elementor-section-boxed elementor-section-height-default elementor-section-height-default\" data-id=\"93facf3\" data-element_type=\"section\" data-e-type=\"section\">\n\t\t\t\t\t\t<div class=\"elementor-container elementor-column-gap-default\">\n\t\t\t\t\t<div class=\"elementor-column elementor-col-50 elementor-top-column elementor-element elementor-element-a71809f\" data-id=\"a71809f\" data-element_type=\"column\" data-e-type=\"column\">\n\t\t\t<div class=\"elementor-widget-wrap elementor-element-populated\">\n\t\t\t\t\t\t<div class=\"elementor-element elementor-element-d0d82c8 elementor-align-justify elementor-widget elementor-widget-button\" data-id=\"d0d82c8\" data-element_type=\"widget\" data-e-type=\"widget\" data-widget_type=\"button.default\">\n\t\t\t\t<div class=\"elementor-widget-container\">\n\t\t\t\t\t\t\t\t\t<div class=\"elementor-button-wrapper\">\n\t\t\t\t\t<a class=\"elementor-button elementor-button-link elementor-size-sm\" href=\"https:\/\/mythslegendes.com\/es\/mitologia-vasca\/\">\n\t\t\t\t\t\t<span class=\"elementor-button-content-wrapper\">\n\t\t\t\t\t\t\t\t\t<span class=\"elementor-button-text\">Mitolog\u00eda vasca<\/span>\n\t\t\t\t\t<\/span>\n\t\t\t\t\t<\/a>\n\t\t\t\t<\/div>\n\t\t\t\t\t\t\t\t<\/div>\n\t\t\t\t<\/div>\n\t\t\t\t\t<\/div>\n\t\t<\/div>\n\t\t\t\t<div class=\"elementor-column elementor-col-50 elementor-top-column elementor-element elementor-element-d141c3c\" data-id=\"d141c3c\" data-element_type=\"column\" data-e-type=\"column\">\n\t\t\t<div class=\"elementor-widget-wrap elementor-element-populated\">\n\t\t\t\t\t\t<div class=\"elementor-element elementor-element-0cc4385 elementor-align-justify elementor-widget elementor-widget-button\" data-id=\"0cc4385\" data-element_type=\"widget\" data-e-type=\"widget\" data-widget_type=\"button.default\">\n\t\t\t\t<div class=\"elementor-widget-container\">\n\t\t\t\t\t\t\t\t\t<div class=\"elementor-button-wrapper\">\n\t\t\t\t\t<a class=\"elementor-button elementor-button-link elementor-size-sm\" href=\"https:\/\/www.sacred-texts.com\/neu\/basque\/bl\/index.htm\" target=\"_blank\" rel=\"noopener\">\n\t\t\t\t\t\t<span class=\"elementor-button-content-wrapper\">\n\t\t\t\t\t\t\t\t\t<span class=\"elementor-button-text\">Wiki<\/span>\n\t\t\t\t\t<\/span>\n\t\t\t\t\t<\/a>\n\t\t\t\t<\/div>\n\t\t\t\t\t\t\t\t<\/div>\n\t\t\t\t<\/div>\n\t\t\t\t\t<\/div>\n\t\t<\/div>\n\t\t\t\t\t<\/div>\n\t\t<\/section>\n\t\t\t\t<section class=\"elementor-section elementor-top-section elementor-element elementor-element-4b9621b elementor-section-boxed elementor-section-height-default elementor-section-height-default\" data-id=\"4b9621b\" data-element_type=\"section\" data-e-type=\"section\">\n\t\t\t\t\t\t<div class=\"elementor-container elementor-column-gap-default\">\n\t\t\t\t\t<div class=\"elementor-column elementor-col-100 elementor-top-column elementor-element elementor-element-6834017\" data-id=\"6834017\" data-element_type=\"column\" data-e-type=\"column\">\n\t\t\t<div class=\"elementor-widget-wrap elementor-element-populated\">\n\t\t\t\t\t\t<div class=\"elementor-element elementor-element-b163ab2 elementor-widget elementor-widget-text-editor\" data-id=\"b163ab2\" data-element_type=\"widget\" data-e-type=\"widget\" data-widget_type=\"text-editor.default\">\n\t\t\t\t<div class=\"elementor-widget-container\">\n\t\t\t\t\t\t\t\t\t<p>Errua significa culpar, fallar, reprochar en <a href=\"https:\/\/mythslegendes.com\/es\/mitologia-vasca\/\">vasco<\/a>. Esta es la historia de Errua, el loco.<\/p><p><img decoding=\"async\" class=\"alignnone wp-image-9347 size-full\" src=\"http:\/\/mythslegendes.com\/wp-content\/uploads\/2020\/09\/cropped-AlphaOmega-e1602613368367.png\" alt=\"Err\u00faa\" width=\"25\" height=\"25\" title=\"\"><\/p>\t\t\t\t\t\t\t\t<\/div>\n\t\t\t\t<\/div>\n\t\t\t\t\t<\/div>\n\t\t<\/div>\n\t\t\t\t\t<\/div>\n\t\t<\/section>\n\t\t\t\t<section class=\"elementor-section elementor-top-section elementor-element elementor-element-9b19622 elementor-section-boxed elementor-section-height-default elementor-section-height-default\" data-id=\"9b19622\" data-element_type=\"section\" data-e-type=\"section\">\n\t\t\t\t\t\t<div class=\"elementor-container elementor-column-gap-default\">\n\t\t\t\t\t<div class=\"elementor-column elementor-col-100 elementor-top-column elementor-element elementor-element-2dfda31\" data-id=\"2dfda31\" data-element_type=\"column\" data-e-type=\"column\">\n\t\t\t<div class=\"elementor-widget-wrap elementor-element-populated\">\n\t\t\t\t\t\t<div class=\"elementor-element elementor-element-33abe30 elementor-widget elementor-widget-heading\" data-id=\"33abe30\" data-element_type=\"widget\" data-e-type=\"widget\" data-widget_type=\"heading.default\">\n\t\t\t\t<div class=\"elementor-widget-container\">\n\t\t\t\t\t<div id=\"ez-toc-container\" class=\"ez-toc-v2_0_82_2 counter-hierarchy ez-toc-counter ez-toc-grey ez-toc-container-direction\">\n<div class=\"ez-toc-title-container\">\n<p class=\"ez-toc-title\" style=\"cursor:inherit\">Contenido<\/p>\n<span class=\"ez-toc-title-toggle\"><a href=\"#\" class=\"ez-toc-pull-right ez-toc-btn ez-toc-btn-xs ez-toc-btn-default ez-toc-toggle\" aria-label=\"Alternar tabla de contenidos\"><span class=\"ez-toc-js-icon-con\"><span class=\"\"><span class=\"eztoc-hide\" style=\"display:none;\">Palanca<\/span><span class=\"ez-toc-icon-toggle-span\"><svg style=\"fill: #999;color:#999\" xmlns=\"http:\/\/www.w3.org\/2000\/svg\" class=\"list-377408\" width=\"20px\" height=\"20px\" viewbox=\"0 0 24 24\" fill=\"none\"><path d=\"M6 6H4v2h2V6zm14 0H8v2h12V6zM4 11h2v2H4v-2zm16 0H8v2h12v-2zM4 16h2v2H4v-2zm16 0H8v2h12v-2z\" fill=\"currentColor\"><\/path><\/svg><svg style=\"fill: #999;color:#999\" class=\"arrow-unsorted-368013\" xmlns=\"http:\/\/www.w3.org\/2000\/svg\" width=\"10px\" height=\"10px\" viewbox=\"0 0 24 24\" version=\"1.2\" baseprofile=\"tiny\"><path d=\"M18.2 9.3l-6.2-6.3-6.2 6.3c-.2.2-.3.4-.3.7s.1.5.3.7c.2.2.4.3.7.3h11c.3 0 .5-.1.7-.3.2-.2.3-.5.3-.7s-.1-.5-.3-.7zM5.8 14.7l6.2 6.3 6.2-6.3c.2-.2.3-.5.3-.7s-.1-.5-.3-.7c-.2-.2-.4-.3-.7-.3h-11c-.3 0-.5.1-.7.3-.2.2-.3.5-.3.7s.1.5.3.7z\"\/><\/svg><\/span><\/span><\/span><\/a><\/span><\/div>\n<nav><ul class='ez-toc-list ez-toc-list-level-1' ><li class='ez-toc-page-1 ez-toc-heading-level-2'><a class=\"ez-toc-link ez-toc-heading-1\" href=\"https:\/\/mythslegendes.com\/es\/mitologia-vasca\/cuento-vasco-errua\/#Errua-le-Fou\" >Err\u00faa, el Loco<\/a><\/li><\/ul><\/nav><\/div>\n<h2 class=\"elementor-heading-title elementor-size-default\"><span class=\"ez-toc-section\" id=\"Errua-le-Fou\"><\/span>Err\u00faa, el Loco<span class=\"ez-toc-section-end\"><\/span><\/h2>\t\t\t\t<\/div>\n\t\t\t\t<\/div>\n\t\t\t\t\t<\/div>\n\t\t<\/div>\n\t\t\t\t\t<\/div>\n\t\t<\/section>\n\t\t\t\t<section class=\"elementor-section elementor-top-section elementor-element elementor-element-3fa3e74 elementor-section-boxed elementor-section-height-default elementor-section-height-default\" data-id=\"3fa3e74\" data-element_type=\"section\" data-e-type=\"section\">\n\t\t\t\t\t\t<div class=\"elementor-container elementor-column-gap-default\">\n\t\t\t\t\t<div class=\"elementor-column elementor-col-100 elementor-top-column elementor-element elementor-element-a30ae66\" data-id=\"a30ae66\" data-element_type=\"column\" data-e-type=\"column\">\n\t\t\t<div class=\"elementor-widget-wrap elementor-element-populated\">\n\t\t\t\t\t\t<div class=\"elementor-element elementor-element-5115879 elementor-widget elementor-widget-text-editor\" data-id=\"5115879\" data-element_type=\"widget\" data-e-type=\"widget\" data-widget_type=\"text-editor.default\">\n\t\t\t\t<div class=\"elementor-widget-container\">\n\t\t\t\t\t\t\t\t\t<p>Como muchos otros en el mundo, hab\u00eda un hombre y una mujer que ten\u00edan uno. hijo. Era muy malvado, y solo hac\u00eda el mal, y era de un car\u00e1cter completamente depravado. Los padres decidieron que ten\u00edan que enviarlo de regreso y el ni\u00f1o estaba dispuesto a irse.<\/p><p>Luego se va, y se va lejos, lejos, muy lejos. Llega a un pueblo y pregunta si quieren un sirviente. Quer\u00edan uno en una (cierta) casa. Va. Fijan sus t\u00e9rminos en tanto al mes, y el que no est\u00e9 satisfecho debe arrancarle la piel de la espalda al otro.<\/p><p>El amo env\u00eda a su sirviente al bosque para recuperar las piezas de madera m\u00e1s retorcidas que pueda encontrar. Cerca del bosque hab\u00eda un vi\u00f1edo. \u00bfQu\u00e9 hace el sirviente sino cortar todo y llev\u00e1rselo a casa? El maestro le pregunta d\u00f3nde est\u00e1 la madera. \u00c9l le muestra la madera de vid cortada. El maestro no le dijo nada, pero \u00e9l no estaba contento.<\/p><p>Al d\u00eda siguiente, el maestro le dijo: \u201cLleva las vacas a tal o cual campo y no perfores ning\u00fan agujero en la cerca.<\/p><p>\u00bfQu\u00e9 est\u00e1 haciendo el chico? Corta todas las vacas en pedazos peque\u00f1os y los arroja gradualmente al campo. El maestro estaba a\u00fan m\u00e1s enojado; pero no pudo decir nada, por miedo a que le arrancaran la piel. Entonces, \u00bfqu\u00e9 est\u00e1 haciendo? Compra una manada de cerdos y env\u00eda a su sirviente a la monta\u00f1a con la manada.<\/p><p>El maestro sab\u00eda muy bien que hab\u00eda un t\u00e1rtaro en esta monta\u00f1a, pero lo envi\u00f3 de todos modos.<\/p><p>Nuestro loco camina, camina, camina. Llega a una peque\u00f1a choza. La casa de Tartar estaba bastante cerca de la suya. Los Cerdos del T\u00e1rtaro y los del loco salieron juntos. El t\u00e1rtaro le dijo un d\u00eda:<\/p><p>\u201c\u00bfQuieres apostar a qui\u00e9n tirar\u00e1 la piedra m\u00e1s lejos? \u00bb<\/p><p>Acept\u00f3 la apuesta. Esa noche, nuestro tonto estaba muy triste. Mientras oraba, se le apareci\u00f3 una anciana y le pregunt\u00f3:<\/p><p>&quot; Que te pasa ? \u00bfPor qu\u00e9 est\u00e1s tan triste?<\/p><p>\u00c9l le cuenta sobre la apuesta que hizo con Tartarus. La anciana le dijo:<\/p><p>&quot;Si es solo eso, no es nada&quot;<\/p><p>Entonces ella le da un p\u00e1jaro y le dice:<\/p><p>\u201cEn lugar de una piedra, tira este p\u00e1jaro. \u00bb<\/p><p>El loco estaba muy contento. Al d\u00eda siguiente, hace lo que le dijo la anciana. La Piedra del T\u00e1rtaro ha ido enormemente lejos, pero al fin ha ca\u00eddo; pero el p\u00e1jaro del tonto nunca baj\u00f3 en absoluto.<\/p><p>Tartarus se pregunt\u00f3 si hab\u00eda perdido su apuesta, e hicieron otra, cu\u00e1l de los dos arrojar\u00eda una barra de hierro m\u00e1s lejos. El loco acept\u00f3 de nuevo. Estaba tristemente en su casita orando. La anciana reaparece. ella le pregunta-<\/p><p>&quot; \u00bfCual es tu problema? \u00bb<\/p><p>&quot;He vuelto a hacer una apuesta, cu\u00e1l de los dos tirar\u00e1 m\u00e1s lejos la barra de hierro, y lo siento mucho. \u00bb<\/p><p>\u201cSi es s\u00f3lo eso, no es nada. Cuando agarres la barra de hierro, di: &#039;Lev\u00e1ntate, barra de hierro, aqu\u00ed y Salamanca&#039;. (Altchaala palenka, hemen eta Salamanka.) 1<\/p><p>Al d\u00eda siguiente, Tartarus toma su terrible barra de hierro y la lanza terriblemente lejos. El joven apenas pod\u00eda levantar una extremidad, y dijo:<\/p><p>\u201cLev\u00e1ntate, barra de hierro, aqu\u00ed y Salamanca. \u00bb<\/p><p>Cuando Tartarus escuch\u00f3 esto (grit\u00f3) \u2013<\/p><p>\u201cRenuncio a la apuesta, has ganado\u201d, y le quita la barra de hierro. \u201cMi padre y mi madre viven en Salamanca; no tires, te lo ruego, te lo ruego, los aplastar\u00e1s.<\/p><p>Nuestro tonto se va muy feliz.<\/p><p>Tartarus le dijo de nuevo:<\/p><p>\u201cArrancar\u00e9 el roble m\u00e1s grande del bosque y t\u00fa arrancar\u00e1s otro. \u00bb<\/p><p>\u00c9l dice: \u201cS\u00ed. Y cuanto m\u00e1s tarde se puso, m\u00e1s triste se puso. Estaba en sus oraciones. La anciana vuelve a \u00e9l y le dice:<\/p><p>&quot; \u00bfCual es tu problema? \u00bb<\/p><p>\u00c9l le cuenta sobre la apuesta que hizo con Tartarus y c\u00f3mo va a arrancar un roble. La anciana le da tres ovillos de hilo y le dice que empiece y los ate a todos los robles del bosque. 1<\/p><p>Al d\u00eda siguiente, el t\u00e1rtaro arranc\u00f3 de ra\u00edz su roble, enorme, enormemente grande; y el loco empieza a atar, atar, atar.<\/p><p>El t\u00e1rtaro le pregunta:<\/p><p>&quot; Por qu\u00e9 haces eso ? \u00bb<\/p><p>\u201cT\u00fa (disparaste) a uno, pero a m\u00ed todos estos. \u00bb<\/p><p>Tartarus responde,<\/p><p>&quot; No ! No ! No ! \u00bfQu\u00e9 har\u00e9 para engordar mis cerdos sin bellotas? Hab\u00e9is ganado ; has ganado la apuesta. \u00bb<\/p><p>El t\u00e1rtaro no supo qu\u00e9 pensar al respecto, y vio que hab\u00eda encontrado a uno m\u00e1s inteligente que \u00e9l, as\u00ed que le pregunt\u00f3 si vendr\u00eda a pasar la noche en su casa.<\/p><p>El loco dice: &quot;S\u00ed&quot;.<\/p><p>Luego se acuesta con Tartarus. Pero sab\u00eda que hab\u00eda un cad\u00e1ver debajo de la cama. Cuando Tartarus durmi\u00f3, \u00bfqu\u00e9 hizo el loco? Coloca al muerto junto al T\u00e1rtaro y se mete debajo de la cama. En medio de la noche, el T\u00e1rtaro se levanta, toma su terrible barra de hierro y llueve golpe tras golpe, ping bang, ping bang, tan largo y fuerte como puede dar.<\/p><p>El t\u00e1rtaro se levanta como de costumbre, y va a ver a sus cerdos, y el Loco tambi\u00e9n sale de debajo de la cama; y tambi\u00e9n va a ver los cerdos. El t\u00e1rtaro se asombra al verlo venir y no sabe qu\u00e9 pensar de \u00e9l. Se dice a s\u00ed mismo que est\u00e1 tratando con alguien m\u00e1s inteligente que \u00e9l; pero le pregunta si durmi\u00f3 bien.<\/p><p>\u00c9l responde: \u201cS\u00ed, muy bien; solo sent\u00ed algunas picaduras de pulgas.<\/p><p>Sus puercos se hab\u00edan mezclado, y como estaban gordos, tuvo que separarlos para ir con los suyos. El t\u00e1rtaro le pregunt\u00f3 al Loco qu\u00e9 marca ten\u00edan sus cerdos.<\/p><p>El Loco le dijo: &quot;Los m\u00edos tienen algunos de ellos un punto, algunos de ellos dos puntos&quot;. \u00bb<\/p><p>Se pusieron a trabajar mir\u00e1ndolos, y todos ten\u00edan estas mismas marcas.<\/p><p>Nuestro tonto luego se va con todos los cerdos. Camina, camina, camina, con todos sus cerdos. Llega a un pueblo donde justo era d\u00eda de mercado, y los vende todos menos dos, conservando sin embargo todos los rabos, que se mete en los bolsillos. Como puedes imaginar, siempre le tuvo miedo al T\u00e1rtaro. Lo ve bajar de la monta\u00f1a.\u00a0<\/p><p>Mata a uno de sus cerdos y pone las entra\u00f1as en su propio seno debajo de su chaleco. Hab\u00eda un grupo de hombres cerca de la carretera. Al pasar junto a ellos, sac\u00f3 su cuchillo, lo clav\u00f3 en el cofre y extrajo las entra\u00f1as del cerdo, y nuestro loco comenz\u00f3 a correr mucho m\u00e1s r\u00e1pido que antes, con su cerdo frente a \u00e9l.<\/p><p>Cuando Tartarus se acerca a estos hombres, les pregunta si han visto a un hombre as\u00ed.<\/p><p>\u201cS\u00ed, s\u00ed, corr\u00eda r\u00e1pido, y para ir m\u00e1s r\u00e1pido aqu\u00ed mismo, se apu\u00f1al\u00f3 y tir\u00f3 sus entra\u00f1as, y aun as\u00ed sigui\u00f3 yendo m\u00e1s r\u00e1pido. \u00bb<\/p><p>El t\u00e1rtaro tambi\u00e9n, para ir m\u00e1s r\u00e1pido, clava su cuchillo en el cuerpo y cae muerto. 1<\/p><p>El loco va a su amo. Cerca de la casa hab\u00eda un pantano bastante fangoso. \u00c9l pone su cerdo vivo en \u00e9l, y todas las colas tambi\u00e9n. Entra en la casa y le dice al amo que est\u00e1 all\u00ed con sus cerdos. El maestro se sorprende al verlo.<\/p><p>\u00c9l le pregunta: &quot;\u00bfD\u00f3nde est\u00e1n los cerdos, entonces?&quot; \u00bb<\/p><p>\u00c9l le dijo: \u201cPasaron por el barro, estaban muy cansados. \u00bb<\/p><p>Salen los dos, y empiezan a sacar el cerdo de verdad, y entre medio lo sacan muy bien. Intentan hacer lo mismo con los dem\u00e1s; pero solo tiraron colas.<\/p><p>El loco dice: &quot;Ya ves qu\u00e9 grandes son, por eso las colas se salen solas&quot;. \u00bb<\/p><p>Env\u00eda al sirviente a buscar la pala y la azada. En lugar de traerlos, comienza a golpear a la amante, \u00a1maldita sea! \u00a1batir! y le grita al maestro: \u201c\u00bfUno o los dos?<\/p><p>El maestro le dijo: \u201cAmbos, ambos. \u00bb<\/p><p>Y luego golpea a la criada casi en pedazos. Entonces va donde el amo, llev\u00e1ndose consigo la pala y el azad\u00f3n, y comienza a golpearlo con la pala y el azad\u00f3n, hasta que ya no puede defenderse, entonces le arranca la piel de la espalda y le quita la cerdo y va con su padre y su madre; y como vivi\u00f3 bien, tambi\u00e9n muri\u00f3 bien.<\/p>\t\t\t\t\t\t\t\t<\/div>\n\t\t\t\t<\/div>\n\t\t\t\t\t<\/div>\n\t\t<\/div>\n\t\t\t\t\t<\/div>\n\t\t<\/section>\n\t\t\t\t<\/div>","protected":false},"excerpt":{"rendered":"<p>Mythologie Basque Wiki Errua signifie bl\u00e2me, faire faillite, reprocher en basque. Voici l&rsquo;histoire d&rsquo;Errua, l&rsquo;homme fou. Errua, le Fou Comme &hellip; <\/p>","protected":false},"author":1,"featured_media":0,"parent":1004,"menu_order":0,"comment_status":"closed","ping_status":"closed","template":"","meta":{"footnotes":""},"class_list":["post-22142","page","type-page","status-publish","hentry"],"amp_enabled":true,"_links":{"self":[{"href":"https:\/\/mythslegendes.com\/es\/wp-json\/wp\/v2\/pages\/22142","targetHints":{"allow":["GET"]}}],"collection":[{"href":"https:\/\/mythslegendes.com\/es\/wp-json\/wp\/v2\/pages"}],"about":[{"href":"https:\/\/mythslegendes.com\/es\/wp-json\/wp\/v2\/types\/page"}],"author":[{"embeddable":true,"href":"https:\/\/mythslegendes.com\/es\/wp-json\/wp\/v2\/users\/1"}],"replies":[{"embeddable":true,"href":"https:\/\/mythslegendes.com\/es\/wp-json\/wp\/v2\/comments?post=22142"}],"version-history":[{"count":3,"href":"https:\/\/mythslegendes.com\/es\/wp-json\/wp\/v2\/pages\/22142\/revisions"}],"predecessor-version":[{"id":22150,"href":"https:\/\/mythslegendes.com\/es\/wp-json\/wp\/v2\/pages\/22142\/revisions\/22150"}],"up":[{"embeddable":true,"href":"https:\/\/mythslegendes.com\/es\/wp-json\/wp\/v2\/pages\/1004"}],"wp:attachment":[{"href":"https:\/\/mythslegendes.com\/es\/wp-json\/wp\/v2\/media?parent=22142"}],"curies":[{"name":"wp","href":"https:\/\/api.w.org\/{rel}","templated":true}]}}