{"id":22151,"date":"2022-08-04T01:23:16","date_gmt":"2022-08-04T01:23:16","guid":{"rendered":"https:\/\/mythslegendes.com\/?page_id=22151"},"modified":"2022-08-04T01:27:57","modified_gmt":"2022-08-04T01:27:57","slug":"conte-basque-les-trois-freres","status":"publish","type":"page","link":"https:\/\/mythslegendes.com\/es\/mitologia-vasca\/cuento-vasco-los-tres-hermanos\/","title":{"rendered":"Cuento vasco: los tres hermanos"},"content":{"rendered":"<div data-elementor-type=\"wp-page\" data-elementor-id=\"22151\" class=\"elementor elementor-22151\">\n\t\t\t\t\t\t<section class=\"elementor-section elementor-top-section elementor-element elementor-element-e5e69b6 elementor-section-boxed elementor-section-height-default elementor-section-height-default\" data-id=\"e5e69b6\" data-element_type=\"section\" data-e-type=\"section\">\n\t\t\t\t\t\t<div class=\"elementor-container elementor-column-gap-default\">\n\t\t\t\t\t<div class=\"elementor-column elementor-col-50 elementor-top-column elementor-element elementor-element-ff95b19\" data-id=\"ff95b19\" data-element_type=\"column\" data-e-type=\"column\">\n\t\t\t<div class=\"elementor-widget-wrap elementor-element-populated\">\n\t\t\t\t\t\t<div class=\"elementor-element elementor-element-6384ed6 elementor-align-justify elementor-widget elementor-widget-button\" data-id=\"6384ed6\" data-element_type=\"widget\" data-e-type=\"widget\" data-widget_type=\"button.default\">\n\t\t\t\t<div class=\"elementor-widget-container\">\n\t\t\t\t\t\t\t\t\t<div class=\"elementor-button-wrapper\">\n\t\t\t\t\t<a class=\"elementor-button elementor-button-link elementor-size-sm\" href=\"https:\/\/mythslegendes.com\/es\/mitologia-vasca\/\">\n\t\t\t\t\t\t<span class=\"elementor-button-content-wrapper\">\n\t\t\t\t\t\t\t\t\t<span class=\"elementor-button-text\">Mitolog\u00eda vasca<\/span>\n\t\t\t\t\t<\/span>\n\t\t\t\t\t<\/a>\n\t\t\t\t<\/div>\n\t\t\t\t\t\t\t\t<\/div>\n\t\t\t\t<\/div>\n\t\t\t\t\t<\/div>\n\t\t<\/div>\n\t\t\t\t<div class=\"elementor-column elementor-col-50 elementor-top-column elementor-element elementor-element-7565bad\" data-id=\"7565bad\" data-element_type=\"column\" data-e-type=\"column\">\n\t\t\t<div class=\"elementor-widget-wrap elementor-element-populated\">\n\t\t\t\t\t\t<div class=\"elementor-element elementor-element-528493b elementor-align-justify elementor-widget elementor-widget-button\" data-id=\"528493b\" data-element_type=\"widget\" data-e-type=\"widget\" data-widget_type=\"button.default\">\n\t\t\t\t<div class=\"elementor-widget-container\">\n\t\t\t\t\t\t\t\t\t<div class=\"elementor-button-wrapper\">\n\t\t\t\t\t<a class=\"elementor-button elementor-button-link elementor-size-sm\" href=\"https:\/\/www.sacred-texts.com\/neu\/basque\/bl\/index.htm\" target=\"_blank\" rel=\"noopener\">\n\t\t\t\t\t\t<span class=\"elementor-button-content-wrapper\">\n\t\t\t\t\t\t\t\t\t<span class=\"elementor-button-text\">Wiki<\/span>\n\t\t\t\t\t<\/span>\n\t\t\t\t\t<\/a>\n\t\t\t\t<\/div>\n\t\t\t\t\t\t\t\t<\/div>\n\t\t\t\t<\/div>\n\t\t\t\t\t<\/div>\n\t\t<\/div>\n\t\t\t\t\t<\/div>\n\t\t<\/section>\n\t\t\t\t<section class=\"elementor-section elementor-top-section elementor-element elementor-element-04debcf elementor-section-boxed elementor-section-height-default elementor-section-height-default\" data-id=\"04debcf\" data-element_type=\"section\" data-e-type=\"section\">\n\t\t\t\t\t\t<div class=\"elementor-container elementor-column-gap-default\">\n\t\t\t\t\t<div class=\"elementor-column elementor-col-100 elementor-top-column elementor-element elementor-element-756cd0b\" data-id=\"756cd0b\" data-element_type=\"column\" data-e-type=\"column\">\n\t\t\t<div class=\"elementor-widget-wrap elementor-element-populated\">\n\t\t\t\t\t\t<div class=\"elementor-element elementor-element-5b6d045 elementor-widget elementor-widget-text-editor\" data-id=\"5b6d045\" data-element_type=\"widget\" data-e-type=\"widget\" data-widget_type=\"text-editor.default\">\n\t\t\t\t<div class=\"elementor-widget-container\">\n\t\t\t\t\t\t\t\t\t<p>Como muchos otros en el mundo, all\u00ed viv\u00eda una madre con sus tres hijos. Los tres hermanos no eran ricos, pero viv\u00edan de su trabajo. El hijo mayor le dijo una vez a su madre...<\/p><p><img decoding=\"async\" class=\"alignnone wp-image-9347 size-full\" src=\"http:\/\/mythslegendes.com\/wp-content\/uploads\/2020\/09\/cropped-AlphaOmega-e1602613368367.png\" alt=\"tres hermanos\" width=\"25\" height=\"25\" title=\"\"><\/p>\t\t\t\t\t\t\t\t<\/div>\n\t\t\t\t<\/div>\n\t\t\t\t\t<\/div>\n\t\t<\/div>\n\t\t\t\t\t<\/div>\n\t\t<\/section>\n\t\t\t\t<section class=\"elementor-section elementor-top-section elementor-element elementor-element-4d3acc0 elementor-section-boxed elementor-section-height-default elementor-section-height-default\" data-id=\"4d3acc0\" data-element_type=\"section\" data-e-type=\"section\">\n\t\t\t\t\t\t<div class=\"elementor-container elementor-column-gap-default\">\n\t\t\t\t\t<div class=\"elementor-column elementor-col-100 elementor-top-column elementor-element elementor-element-23972cf\" data-id=\"23972cf\" data-element_type=\"column\" data-e-type=\"column\">\n\t\t\t<div class=\"elementor-widget-wrap elementor-element-populated\">\n\t\t\t\t\t\t<div class=\"elementor-element elementor-element-44cafa5 elementor-widget elementor-widget-heading\" data-id=\"44cafa5\" data-element_type=\"widget\" data-e-type=\"widget\" data-widget_type=\"heading.default\">\n\t\t\t\t<div class=\"elementor-widget-container\">\n\t\t\t\t\t<div id=\"ez-toc-container\" class=\"ez-toc-v2_0_82_2 counter-hierarchy ez-toc-counter ez-toc-grey ez-toc-container-direction\">\n<div class=\"ez-toc-title-container\">\n<p class=\"ez-toc-title\" style=\"cursor:inherit\">Contenido<\/p>\n<span class=\"ez-toc-title-toggle\"><a href=\"#\" class=\"ez-toc-pull-right ez-toc-btn ez-toc-btn-xs ez-toc-btn-default ez-toc-toggle\" aria-label=\"Alternar tabla de contenidos\"><span class=\"ez-toc-js-icon-con\"><span class=\"\"><span class=\"eztoc-hide\" style=\"display:none;\">Palanca<\/span><span class=\"ez-toc-icon-toggle-span\"><svg style=\"fill: #999;color:#999\" xmlns=\"http:\/\/www.w3.org\/2000\/svg\" class=\"list-377408\" width=\"20px\" height=\"20px\" viewbox=\"0 0 24 24\" fill=\"none\"><path d=\"M6 6H4v2h2V6zm14 0H8v2h12V6zM4 11h2v2H4v-2zm16 0H8v2h12v-2zM4 16h2v2H4v-2zm16 0H8v2h12v-2z\" fill=\"currentColor\"><\/path><\/svg><svg style=\"fill: #999;color:#999\" class=\"arrow-unsorted-368013\" xmlns=\"http:\/\/www.w3.org\/2000\/svg\" width=\"10px\" height=\"10px\" viewbox=\"0 0 24 24\" version=\"1.2\" baseprofile=\"tiny\"><path d=\"M18.2 9.3l-6.2-6.3-6.2 6.3c-.2.2-.3.4-.3.7s.1.5.3.7c.2.2.4.3.7.3h11c.3 0 .5-.1.7-.3.2-.2.3-.5.3-.7s-.1-.5-.3-.7zM5.8 14.7l6.2 6.3 6.2-6.3c.2-.2.3-.5.3-.7s-.1-.5-.3-.7c-.2-.2-.4-.3-.7-.3h-11c-.3 0-.5.1-.7.3-.2.2-.3.5-.3.7s.1.5.3.7z\"\/><\/svg><\/span><\/span><\/span><\/a><\/span><\/div>\n<nav><ul class='ez-toc-list ez-toc-list-level-1' ><li class='ez-toc-page-1 ez-toc-heading-level-2'><a class=\"ez-toc-link ez-toc-heading-1\" href=\"https:\/\/mythslegendes.com\/es\/mitologia-vasca\/cuento-vasco-los-tres-hermanos\/#Les-trois-freres-le-maitre-cruel-et-le-Tartare\" >Los tres hermanos, el amo cruel y el t\u00e1rtaro<\/a><\/li><\/ul><\/nav><\/div>\n<h2 class=\"elementor-heading-title elementor-size-default\"><span class=\"ez-toc-section\" id=\"Les-trois-freres-le-maitre-cruel-et-le-Tartare\"><\/span>Los tres hermanos, el amo cruel y el t\u00e1rtaro<span class=\"ez-toc-section-end\"><\/span><\/h2>\t\t\t\t<\/div>\n\t\t\t\t<\/div>\n\t\t\t\t\t<\/div>\n\t\t<\/div>\n\t\t\t\t\t<\/div>\n\t\t<\/section>\n\t\t\t\t<section class=\"elementor-section elementor-top-section elementor-element elementor-element-1662385 elementor-section-boxed elementor-section-height-default elementor-section-height-default\" data-id=\"1662385\" data-element_type=\"section\" data-e-type=\"section\">\n\t\t\t\t\t\t<div class=\"elementor-container elementor-column-gap-default\">\n\t\t\t\t\t<div class=\"elementor-column elementor-col-100 elementor-top-column elementor-element elementor-element-ac85278\" data-id=\"ac85278\" data-element_type=\"column\" data-e-type=\"column\">\n\t\t\t<div class=\"elementor-widget-wrap elementor-element-populated\">\n\t\t\t\t\t\t<div class=\"elementor-element elementor-element-cdc530e elementor-widget elementor-widget-text-editor\" data-id=\"cdc530e\" data-element_type=\"widget\" data-e-type=\"widget\" data-widget_type=\"text-editor.default\">\n\t\t\t\t<div class=\"elementor-widget-container\">\n\t\t\t\t\t\t\t\t\t<p>\u201cSer\u00eda mejor para nosotros si tuviera que ir al servicio. \u00bb<\/p><p>A la madre no le gust\u00f3, pero finalmente lo dej\u00f3 ir. Se va, muy, muy lejos, y llega a una casa, y pregunta si quieren un sirviente. Dicen \u201cS\u00ed\u201d y hacen su trato.<\/p><p>El maestro tuvo que dar un salario muy alto, 100.000 francos, pero el. sirviente ten\u00eda que hacer todo lo que el amo le ordenara hacer, y si no lo hac\u00eda, el amo ten\u00eda que arrancarle la piel de la espalda al final del a\u00f1o y despedirlo sin goce de sueldo.<\/p><p>El sirviente le dijo:<\/p><p>\u201cEst\u00e1 bien, soy fuerte y voy a trabajar. \u00bb<\/p><p>Al d\u00eda siguiente, el maestro le da mucho trabajo, pero lo hace con facilidad. Los \u00faltimos meses del a\u00f1o, el amo lo presiona mucho m\u00e1s, y un d\u00eda lo manda a un campo a sembrar catorce fanegas de trigo al d\u00eda. El ni\u00f1o se va triste, llev\u00e1ndose una yunta de bueyes. Llega a casa muy tarde por la noche. El maestro le dijo:<\/p><p>\u201c\u00bfHiciste tu trabajo<\/p><p>El dijo no&quot;.<\/p><p>\u201c\u00bfRecuerdas el trato que hicimos? Tengo que arrancarte la piel de la espalda: es tu sueldo.<\/p><p>Le arranca la piel, como dijo, y lo manda a casa sin nada. Su madre estaba muy apenada de verlo volver a casa tan delgado y d\u00e9bil y sin dinero.<\/p><p>\u00c9l cuenta lo que pas\u00f3, y el segundo hermano desea irse de inmediato, diciendo que es fuerte y que trabajar\u00e1 m\u00e1s. A la madre no le gust\u00f3, pero tuvo que dejarlo ir.<\/p><p>Va a la misma casa que su hermano y pasa las mismas condiciones con el amo. Cuando casi hab\u00eda terminado su a\u00f1o, su amo lo envi\u00f3 tambi\u00e9n a sembrar catorce fanegas de trigo. Sale muy de ma\u00f1ana, con dos yuntas de bueyes; pero lleg\u00f3 la noche antes de que hubiera sembrado todo. El maestro estaba muy feliz al ver esto. Tambi\u00e9n le arranca la piel de la espalda y lo devuelve sin dinero. Piensa en la molestia de esta madre al ver a sus dos hijos regresar as\u00ed.<\/p><p>El tercero quiere irse de inmediato. Le asegura a su madre que le devolver\u00e1 tanto el dinero como la piel de su espalda. \u00c9l va a este mismo se\u00f1or. Tambi\u00e9n le dice que le dar\u00e1 un gran salario, siempre que haga todo lo que le dice que haga, de lo contrario, le arrancar\u00e1n la piel de la espalda y lo enviar\u00e1n de regreso sin nada, hasta fin de a\u00f1o.<\/p><p>Lo hab\u00eda hecho trabajar duro y bien durante diez meses, luego quiso probarlo. Lo envi\u00f3 al campo y le dijo que sembrara catorce fanegas de trigo antes del anochecer. \u00c9l responde \u201cS\u00ed\u201d.<\/p><p>Toma dos yuntas de bueyes y se va al campo. Cava un surco alrededor del campo y echa en \u00e9l sus catorce fanegas de trigo. Luego hace otro surco para cubrirlo y por la noche regresa a casa. El maestro se sorprende. Le pregunta si lo sembr\u00f3.<\/p><p>\u201cS\u00ed, todo es subterr\u00e1neo; puedes estar seguro. \u00bb<\/p><p>El maestro no estaba contento; ten\u00eda sus miedos.<\/p><p>Al d\u00eda siguiente lo envi\u00f3 con diecis\u00e9is cabezas de ganado a tal campo, y le dijo:<\/p><p>\u201cTienes que sacar todo ese ganado al campo sin abrir la puerta ni romperla. \u00bb<\/p><p>Nuestro chico toma un hacha, una azada y un tenedor. Se va, y cuando llega al campo, los mata a todos, uno por uno. Los corta con el hacha y los arroja con el tenedor al campo.<\/p><p>Regresa a casa al anochecer, y le dice a su amo que todo el ganado est\u00e1 en el campo como le hab\u00eda dicho. El maestro no estaba contento, pero no dijo nada.<\/p><p>Al d\u00eda siguiente le dijo que fuera a un bosque as\u00ed y trajera una carga de madera, pero todos los palos muy, muy rectos. Nuestro muchacho va y corta en la espesura de los casta\u00f1os todos los casta\u00f1os j\u00f3venes que hab\u00eda plantado su amo, y que eran muy hermosos; y se va a casa. Cuando el maestro vio esto, no se alegr\u00f3 y le dijo:<\/p><p>\u201cMa\u00f1ana partir\u00e1s con los bueyes; y traer\u00e1s una carga de le\u00f1a toda torcida, toda torcida si solo traes una derecha, muy mal por ti.<\/p><p>El ni\u00f1o va y saca una hermosa vid. Despu\u00e9s de cargar su carro, regresa a casa. Cuando el maestro vio esto, no pudo decir nada; pero no sab\u00eda qu\u00e9 pensar al respecto.<\/p><p>\u00c9l la env\u00eda a un bosque. All\u00ed hab\u00eda un t\u00e1rtaro; y a toda la gente, y a todos los animales que iban all\u00ed, se los comi\u00f3 a todos. El amo le da diez cerdos, y tambi\u00e9n comida para diez d\u00edas, dici\u00e9ndole que los cerdos engordar\u00e1n bien all\u00ed, porque hay muchas bellotas, y que debe volver despu\u00e9s de diez d\u00edas.<\/p><p>Nuestro chico empieza, y va, y va, y va. Se encuentra con una anciana que le dice:<\/p><p>&quot;\u00bfAd\u00f3nde vas, chico? \u00bb<\/p><p>\u201cEn tal bosque, para engordar estos cerdos. \u00bb<\/p><p>La mujer le dijo:<\/p><p>\u201cSi no eres est\u00fapido, no ir\u00e1s all\u00ed. Este horrible t\u00e1rtaro te comer\u00e1.<\/p><p>Esta mujer llevaba una canasta de nueces sobre su cabeza, y \u00e9l le dijo:<\/p><p>\u201cSi me das dos de estas nueces, derrotar\u00e9 a Tartarus. \u00bb<\/p><p>Ella con mucho gusto se los da, y \u00e9l sigue y sigue. Se encuentra con otra anciana, que estaba enrollando hilo. Le dice :<\/p><p>&quot;\u00bfAd\u00f3nde vas, chico?<\/p><p>\u201cEn tal bosque. \u00bb<\/p><p>&quot; No te vayas. All\u00ed hay un horrible t\u00e1rtaro que seguramente te comer\u00e1 a ti y a tus cerdos. \u00bb<\/p><p>\u201cDebo ir de todos modos, y lo derrotar\u00e9, si me das dos de tus ovillos de hilo.<\/p><p>Ella se los da de buena gana; y va m\u00e1s all\u00e1, y encuentra un herrero, y \u00e9l tambi\u00e9n, le pregunta a d\u00f3nde va. Y \u00e9l responde: \u201cEn tal bosque, para engordar mis puercos.<\/p><p>\u201cBien podr\u00eda volver. Ah\u00ed hay un t\u00e1rtaro terrible que seguro te comer\u00e1.<\/p><p>\u201cSi me das un broche, lo golpear\u00e9. \u00bb<\/p><p>\u201cTe lo dar\u00e9 de buena gana\u201d, y \u00e9l se lo da con benevolencia.<\/p><p>Nuestro chico sigue su camino y llega a este bosque. Corta las colas de todos sus cerdos y los esconde en un lugar seguro. Tartarus aparece y le dice:<\/p><p>&quot;\u00bfComo viniste aqui?&quot; Te voy a comer.<\/p><p>El ni\u00f1o le dijo:<\/p><p>\u201cC\u00f3mete un puerco si quieres, pero no me toques. \u00bb<\/p><p>Toma sus dos avellanas y las frota una contra la otra. \u201cTengo dos balas aqu\u00ed, y si una de ellas te da, est\u00e1s muerto. \u00bb<\/p><p>El T\u00e1rtaro tiene miedo y se va en silencio. Despu\u00e9s de comerse un puerco, vuelve otra vez y le dice:<\/p><p>\u201cTenemos que hacer una apuesta, \u00bfcu\u00e1l de los dos har\u00e1 la mayor pila de madera?<\/p><p>Tartarus comienza a cortar y cortar. Nuestro chico lo deja solo, y cuando ha hecho un. mont\u00f3n terrible, se pone a dar vueltas por todos los \u00e1rboles con sus ovillos, y le dice.<\/p><p>\u201cT\u00fa, eso; pero yo, todo eso; y contin\u00faa atando y atando. Tartarus cede y dice que &quot;es m\u00e1s inteligente que \u00e9l&quot;. Como hab\u00eda terminado sus diez d\u00edas, hizo un gran fuego en la noche e hizo que su saliva se enrojeciera all\u00ed, y mientras el t\u00e1rtaro dorm\u00eda, hundi\u00f3 esta saliva en su \u00fanico ojo. Despu\u00e9s de tomar las colas de sus cerdos, se aleja del bosque sin cerdos, porque el T\u00e1rtaro se hab\u00eda comido uno todos los d\u00edas.\u00a0<\/p><p>Cerca de la casa de su amo, hab\u00eda &quot;un pozo de hadas&quot;. Nuestro chico mete las colas de todos menos uno de sus cerdos en \u00e9l lo mejor que puede. Entonces correr\u00e1 hacia su amo, dici\u00e9ndole que todos los cerdos volv\u00edan muy alegres, y que ten\u00edan tanto calor que ven\u00edan tan deprisa que hab\u00edan pasado todos bajo el lodo. \u201cQuer\u00eda sacar uno, pero solo se me sali\u00f3 la cola, aqu\u00ed est\u00e1. \u00bb<\/p><p>Luego se va con el maestro a este pantano; pero el maestro no se atrevi\u00f3 a entrar para sacarlos. Se va tristemente con su sirviente en casa, sin saber qu\u00e9 pensar al respecto. All\u00ed, cuenta sus 100.000 francos y regresa orgulloso con su madre y sus hermanos. All\u00ed viv\u00edan felices y su amo se encontr\u00f3 con 100.000 francos menos. Vali\u00f3 la pena tener tantos.<\/p>\t\t\t\t\t\t\t\t<\/div>\n\t\t\t\t<\/div>\n\t\t\t\t\t<\/div>\n\t\t<\/div>\n\t\t\t\t\t<\/div>\n\t\t<\/section>\n\t\t\t\t<\/div>","protected":false},"excerpt":{"rendered":"<p>Mythologie Basque Wiki Comme beaucoup d&rsquo;autres dans le monde, y vivait une m\u00e8re avec ses trois fils. Les trois fr\u00e8res &hellip; <\/p>","protected":false},"author":1,"featured_media":0,"parent":1004,"menu_order":0,"comment_status":"closed","ping_status":"closed","template":"","meta":{"footnotes":""},"class_list":["post-22151","page","type-page","status-publish","hentry"],"amp_enabled":true,"_links":{"self":[{"href":"https:\/\/mythslegendes.com\/es\/wp-json\/wp\/v2\/pages\/22151","targetHints":{"allow":["GET"]}}],"collection":[{"href":"https:\/\/mythslegendes.com\/es\/wp-json\/wp\/v2\/pages"}],"about":[{"href":"https:\/\/mythslegendes.com\/es\/wp-json\/wp\/v2\/types\/page"}],"author":[{"embeddable":true,"href":"https:\/\/mythslegendes.com\/es\/wp-json\/wp\/v2\/users\/1"}],"replies":[{"embeddable":true,"href":"https:\/\/mythslegendes.com\/es\/wp-json\/wp\/v2\/comments?post=22151"}],"version-history":[{"count":3,"href":"https:\/\/mythslegendes.com\/es\/wp-json\/wp\/v2\/pages\/22151\/revisions"}],"predecessor-version":[{"id":22161,"href":"https:\/\/mythslegendes.com\/es\/wp-json\/wp\/v2\/pages\/22151\/revisions\/22161"}],"up":[{"embeddable":true,"href":"https:\/\/mythslegendes.com\/es\/wp-json\/wp\/v2\/pages\/1004"}],"wp:attachment":[{"href":"https:\/\/mythslegendes.com\/es\/wp-json\/wp\/v2\/media?parent=22151"}],"curies":[{"name":"wp","href":"https:\/\/api.w.org\/{rel}","templated":true}]}}