{"id":22162,"date":"2022-08-04T01:29:00","date_gmt":"2022-08-04T01:29:00","guid":{"rendered":"https:\/\/mythslegendes.com\/?page_id=22162"},"modified":"2022-08-04T12:41:06","modified_gmt":"2022-08-04T12:41:06","slug":"tartare-et-petit-perroquet","status":"publish","type":"page","link":"https:\/\/mythslegendes.com\/es\/mitologia-vasca\/sarro-y-lorito\/","title":{"rendered":"El t\u00e1rtaro y el lorito"},"content":{"rendered":"<div data-elementor-type=\"wp-page\" data-elementor-id=\"22162\" class=\"elementor elementor-22162\">\n\t\t\t\t\t\t<section class=\"elementor-section elementor-top-section elementor-element elementor-element-8ab0dfe elementor-section-boxed elementor-section-height-default elementor-section-height-default\" data-id=\"8ab0dfe\" data-element_type=\"section\" data-e-type=\"section\">\n\t\t\t\t\t\t<div class=\"elementor-container elementor-column-gap-default\">\n\t\t\t\t\t<div class=\"elementor-column elementor-col-50 elementor-top-column elementor-element elementor-element-549aef8\" data-id=\"549aef8\" data-element_type=\"column\" data-e-type=\"column\">\n\t\t\t<div class=\"elementor-widget-wrap elementor-element-populated\">\n\t\t\t\t\t\t<div class=\"elementor-element elementor-element-c234778 elementor-align-justify elementor-widget elementor-widget-button\" data-id=\"c234778\" data-element_type=\"widget\" data-e-type=\"widget\" data-widget_type=\"button.default\">\n\t\t\t\t<div class=\"elementor-widget-container\">\n\t\t\t\t\t\t\t\t\t<div class=\"elementor-button-wrapper\">\n\t\t\t\t\t<a class=\"elementor-button elementor-button-link elementor-size-sm\" href=\"https:\/\/mythslegendes.com\/es\/mitologia-vasca\/\">\n\t\t\t\t\t\t<span class=\"elementor-button-content-wrapper\">\n\t\t\t\t\t\t\t\t\t<span class=\"elementor-button-text\">Mitolog\u00eda vasca<\/span>\n\t\t\t\t\t<\/span>\n\t\t\t\t\t<\/a>\n\t\t\t\t<\/div>\n\t\t\t\t\t\t\t\t<\/div>\n\t\t\t\t<\/div>\n\t\t\t\t\t<\/div>\n\t\t<\/div>\n\t\t\t\t<div class=\"elementor-column elementor-col-50 elementor-top-column elementor-element elementor-element-969c569\" data-id=\"969c569\" data-element_type=\"column\" data-e-type=\"column\">\n\t\t\t<div class=\"elementor-widget-wrap elementor-element-populated\">\n\t\t\t\t\t\t<div class=\"elementor-element elementor-element-0c23154 elementor-align-justify elementor-widget elementor-widget-button\" data-id=\"0c23154\" data-element_type=\"widget\" data-e-type=\"widget\" data-widget_type=\"button.default\">\n\t\t\t\t<div class=\"elementor-widget-container\">\n\t\t\t\t\t\t\t\t\t<div class=\"elementor-button-wrapper\">\n\t\t\t\t\t<a class=\"elementor-button elementor-button-link elementor-size-sm\" href=\"https:\/\/www.sacred-texts.com\/neu\/basque\/bl\/index.htm\" target=\"_blank\" rel=\"noopener\">\n\t\t\t\t\t\t<span class=\"elementor-button-content-wrapper\">\n\t\t\t\t\t\t\t\t\t<span class=\"elementor-button-text\">Wiki<\/span>\n\t\t\t\t\t<\/span>\n\t\t\t\t\t<\/a>\n\t\t\t\t<\/div>\n\t\t\t\t\t\t\t\t<\/div>\n\t\t\t\t<\/div>\n\t\t\t\t\t<\/div>\n\t\t<\/div>\n\t\t\t\t\t<\/div>\n\t\t<\/section>\n\t\t\t\t<section class=\"elementor-section elementor-top-section elementor-element elementor-element-4c8d691 elementor-section-boxed elementor-section-height-default elementor-section-height-default\" data-id=\"4c8d691\" data-element_type=\"section\" data-e-type=\"section\">\n\t\t\t\t\t\t<div class=\"elementor-container elementor-column-gap-default\">\n\t\t\t\t\t<div class=\"elementor-column elementor-col-100 elementor-top-column elementor-element elementor-element-e0b94ec\" data-id=\"e0b94ec\" data-element_type=\"column\" data-e-type=\"column\">\n\t\t\t<div class=\"elementor-widget-wrap elementor-element-populated\">\n\t\t\t\t\t\t<div class=\"elementor-element elementor-element-20b95d1 elementor-widget elementor-widget-text-editor\" data-id=\"20b95d1\" data-element_type=\"widget\" data-e-type=\"widget\" data-widget_type=\"text-editor.default\">\n\t\t\t\t<div class=\"elementor-widget-container\">\n\t\t\t\t\t\t\t\t\t<p>Aqu\u00ed est\u00e1 la famosa historia. <a href=\"https:\/\/mythslegendes.com\/es\/mitologia-vasca\/\">vasco<\/a> Tartar y Lorito.<\/p><p><img decoding=\"async\" class=\"alignnone wp-image-9347 size-full\" src=\"http:\/\/mythslegendes.com\/wp-content\/uploads\/2020\/09\/cropped-AlphaOmega-e1602613368367.png\" alt=\"El t\u00e1rtaro y el lorito\" width=\"25\" height=\"25\" title=\"\"><\/p>\t\t\t\t\t\t\t\t<\/div>\n\t\t\t\t<\/div>\n\t\t\t\t\t<\/div>\n\t\t<\/div>\n\t\t\t\t\t<\/div>\n\t\t<\/section>\n\t\t\t\t<section class=\"elementor-section elementor-top-section elementor-element elementor-element-2ef02a3 elementor-section-boxed elementor-section-height-default elementor-section-height-default\" data-id=\"2ef02a3\" data-element_type=\"section\" data-e-type=\"section\">\n\t\t\t\t\t\t<div class=\"elementor-container elementor-column-gap-default\">\n\t\t\t\t\t<div class=\"elementor-column elementor-col-100 elementor-top-column elementor-element elementor-element-101cd25\" data-id=\"101cd25\" data-element_type=\"column\" data-e-type=\"column\">\n\t\t\t<div class=\"elementor-widget-wrap elementor-element-populated\">\n\t\t\t\t\t\t<div class=\"elementor-element elementor-element-c62c31f elementor-widget elementor-widget-heading\" data-id=\"c62c31f\" data-element_type=\"widget\" data-e-type=\"widget\" data-widget_type=\"heading.default\">\n\t\t\t\t<div class=\"elementor-widget-container\">\n\t\t\t\t\t<div id=\"ez-toc-container\" class=\"ez-toc-v2_0_82_2 counter-hierarchy ez-toc-counter ez-toc-grey ez-toc-container-direction\">\n<div class=\"ez-toc-title-container\">\n<p class=\"ez-toc-title\" style=\"cursor:inherit\">Contenido<\/p>\n<span class=\"ez-toc-title-toggle\"><a href=\"#\" class=\"ez-toc-pull-right ez-toc-btn ez-toc-btn-xs ez-toc-btn-default ez-toc-toggle\" aria-label=\"Alternar tabla de contenidos\"><span class=\"ez-toc-js-icon-con\"><span class=\"\"><span class=\"eztoc-hide\" style=\"display:none;\">Palanca<\/span><span class=\"ez-toc-icon-toggle-span\"><svg style=\"fill: #999;color:#999\" xmlns=\"http:\/\/www.w3.org\/2000\/svg\" class=\"list-377408\" width=\"20px\" height=\"20px\" viewbox=\"0 0 24 24\" fill=\"none\"><path d=\"M6 6H4v2h2V6zm14 0H8v2h12V6zM4 11h2v2H4v-2zm16 0H8v2h12v-2zM4 16h2v2H4v-2zm16 0H8v2h12v-2z\" fill=\"currentColor\"><\/path><\/svg><svg style=\"fill: #999;color:#999\" class=\"arrow-unsorted-368013\" xmlns=\"http:\/\/www.w3.org\/2000\/svg\" width=\"10px\" height=\"10px\" viewbox=\"0 0 24 24\" version=\"1.2\" baseprofile=\"tiny\"><path d=\"M18.2 9.3l-6.2-6.3-6.2 6.3c-.2.2-.3.4-.3.7s.1.5.3.7c.2.2.4.3.7.3h11c.3 0 .5-.1.7-.3.2-.2.3-.5.3-.7s-.1-.5-.3-.7zM5.8 14.7l6.2 6.3 6.2-6.3c.2-.2.3-.5.3-.7s-.1-.5-.3-.7c-.2-.2-.4-.3-.7-.3h-11c-.3 0-.5.1-.7.3-.2.2-.3.5-.3.7s.1.5.3.7z\"\/><\/svg><\/span><\/span><\/span><\/a><\/span><\/div>\n<nav><ul class='ez-toc-list ez-toc-list-level-1' ><li class='ez-toc-page-1 ez-toc-heading-level-2'><a class=\"ez-toc-link ez-toc-heading-1\" href=\"https:\/\/mythslegendes.com\/es\/mitologia-vasca\/sarro-y-lorito\/#Tartare-et-Petit-Perroquet\" >El t\u00e1rtaro y el lorito<\/a><\/li><\/ul><\/nav><\/div>\n<h2 class=\"elementor-heading-title elementor-size-default\"><span class=\"ez-toc-section\" id=\"Tartare-et-Petit-Perroquet\"><\/span>El t\u00e1rtaro y el lorito<span class=\"ez-toc-section-end\"><\/span><\/h2>\t\t\t\t<\/div>\n\t\t\t\t<\/div>\n\t\t\t\t\t<\/div>\n\t\t<\/div>\n\t\t\t\t\t<\/div>\n\t\t<\/section>\n\t\t\t\t<section class=\"elementor-section elementor-top-section elementor-element elementor-element-01478ba elementor-section-boxed elementor-section-height-default elementor-section-height-default\" data-id=\"01478ba\" data-element_type=\"section\" data-e-type=\"section\">\n\t\t\t\t\t\t<div class=\"elementor-container elementor-column-gap-default\">\n\t\t\t\t\t<div class=\"elementor-column elementor-col-100 elementor-top-column elementor-element elementor-element-d790278\" data-id=\"d790278\" data-element_type=\"column\" data-e-type=\"column\">\n\t\t\t<div class=\"elementor-widget-wrap elementor-element-populated\">\n\t\t\t\t\t\t<div class=\"elementor-element elementor-element-58bf691 elementor-widget elementor-widget-text-editor\" data-id=\"58bf691\" data-element_type=\"widget\" data-e-type=\"widget\" data-widget_type=\"text-editor.default\">\n\t\t\t\t<div class=\"elementor-widget-container\">\n\t\t\t\t\t\t\t\t\t<p>Como muchos otros en todo el mundo, all\u00ed estaban una madre y su hijo. Estaban muy descontentos. Un d\u00eda, el hijo le dijo a su madre que ten\u00eda que irse, a ver si pod\u00eda hacer algo. Llega lejos, lejos, muy lejos. Atraviesa muchos pa\u00edses y sigue y sigue. As\u00ed comienza la historia de Tartarus y Little Parrot.<\/p><p>Llega a una gran ciudad y pregunta si conocen alg\u00fan lugar para un sirviente. Le dicen que hay uno en la casa del rey. All\u00ed le dicen que debe ser jardinero. Pero \u00e9l les dice que no sabe nada de usar la azada, pero que de todos modos aprender\u00eda con los dem\u00e1s. Era muy guapo. Pronto lo aprendi\u00f3 y fue querido por todos.<\/p><p>Este rey ten\u00eda una hija, y ella se fijaba a menudo en el Peque\u00f1o Loro, porque era cort\u00e9s con todos. En esta ciudad hab\u00eda un pr\u00edncipe que estaba cortejando a esta joven princesa y sinti\u00f3 aversi\u00f3n y celos por Little Parrot. Un d\u00eda este pr\u00edncipe fue a buscar al rey. \u00c9l le dijo,<\/p><p>\u201c\u00bfNo sabes lo que dice el Lorito?\u2026 que podr\u00eda traer el caballo de Tartarus aqu\u00ed.<\/p><p>El rey llama al Lorito y le dice:<\/p><p>\u201c\u00bfParece que dijiste que pod\u00edas traer el caballo del T\u00e1rtaro aqu\u00ed?\u201d<\/p><p>\u201cCiertamente no lo dije. \u00bb<\/p><p>\u201cS\u00ed, s\u00ed\u201d, dijo el rey, \u201ct\u00fa lo dijiste. \u00bb<\/p><p>\u201cSi me das todo lo que te pido, lo intentar\u00e9\u201d. \u00bb<\/p><p>Pide mucho dinero y se va. Viaja una y otra vez y tuvo que cruzar un r\u00edo ancho. Habla con el barquero, paga el dinero del pasaje y le dice que puede que tenga una pesada carga a su regreso, pero que le pagar\u00e1n bien.<\/p><p>Aterriza del otro lado; pero todav\u00eda le quedaba un largo camino por recorrer en el bosque, porque el t\u00e1rtaro viv\u00eda en un rinc\u00f3n de la monta\u00f1a. Finalmente llega y llama a la puerta. A . Una anciana se le acerca y le dice:<\/p><p>\u201cSal de aqu\u00ed lo m\u00e1s r\u00e1pido posible; mi hijo huele a cristiano a una legua de aqu\u00ed.<\/p><p>\u201cC\u00f3meme aqu\u00ed, o c\u00f3meme en otro lado, no me importa. \u00bb<\/p><p>Pero sale y se esconde debajo de un gran mont\u00f3n de helechos cortados. Apenas pas\u00f3 un momento cuando escuch\u00f3 una respiraci\u00f3n profunda y un crujir de dientes, que son\u00f3 como un trueno. Se detiene donde est\u00e1, temblando. El t\u00e1rtaro va a su casa y pregunta a su madre si no hay alg\u00fan cristiano escondido aqu\u00ed.<\/p><p>\u201cNo, no\u201d, dijo. &quot;Pero come, tu cena est\u00e1 lista&quot;. \u00bb<\/p><p>&quot; No no ! Primero tengo que comerme a este cristiano.<\/p><p>Sale a cazar, busca, mira por todos los rincones. Se acerca al mont\u00f3n de helechos y saca algunos para dejarlos a un lado; pero nuestro Lorito estaba en el fondo. El t\u00e1rtaro estuvo a punto de encontrarlo, pero se cans\u00f3, regres\u00f3 a su casa y comenz\u00f3 a comer y beber enormemente. Nuestro Peque\u00f1o Loro se libera de sus helechos y se dirige al establo. El caballo ten\u00eda una gran campana alrededor del cuello, pero la llen\u00f3 de helechos (esta campana era tan grande como la gran campana de la iglesia de San Juan de Luz).\u00a0<\/p><p>Se sube al lomo del caballo y muy r\u00e1pidamente llega al ferry, y el barquero viene a recibirlo. Juntos meten al caballo en el abrevadero lo mejor que pueden y cruzan. Le dio una bonita recompensa. En cuanto estuvo del otro lado apareci\u00f3 el t\u00e1rtaro, grit\u00e1ndole que le devolviera su caballo y que le dar\u00eda todo lo que pudiera desear. \u00c9l responde &quot;No&quot; y se marcha al galope. Cuando lleg\u00f3 cerca del palacio del rey, quit\u00f3 el helecho de la campana y todos corrieron hacia las puertas o ventanas. Todos se sorprendieron al ver regresar al Peque\u00f1o Loro.<\/p><p>El rey estaba en \u00e9xtasis. No sab\u00eda qu\u00e9 decir, pero la amaba a\u00fan m\u00e1s que antes, y a la princesa tambi\u00e9n. El otro pr\u00edncipe no est\u00e1 nada contento y empieza a pensar en otro complot. Va al rey y le dice:<\/p><p>\u201c\u00bfNo sabes que Little Parrot dice que podr\u00eda traer el diamante del T\u00e1rtaro?<\/p><p>El rey llama al Lorito y le dice:<\/p><p>\u201c\u00bfParece que est\u00e1s diciendo que puedes conseguir el Diamante T\u00e1rtaro?\u201d \u00bb<\/p><p>\u201cCiertamente no dije tal cosa. \u00bb<\/p><p>\u201cS\u00ed, s\u00ed, lo dijiste. \u00bb<\/p><p>&quot; \u00a1No no! No lo dije; pero lo intentar\u00e9, si me das todo lo que te pido. \u00bb<\/p><p>Y pide mucho dinero.<\/p><p>Se marcha, llega al ferry, paga bien al barquero y se adentra muy, muy, muy lejos en el bosque, hasta llegar a casa del t\u00e1rtaro. La anciana le dice que se vaya de all\u00ed; y se esconder\u00e1 nuevamente entre los helechos. Y ah\u00ed se detiene hasta que llega el t\u00e1rtaro a la casa, como hizo la primera vez. Vuelca casi todos los helechos y lo deja apenas cubierto.\u00a0<\/p><p>Se detiene all\u00ed tranquilamente todo el tiempo mientras el t\u00e1rtaro cena su gran cena, y cuando cree que ha terminado y est\u00e1 durmiendo la siesta, sale muy, muy suavemente. El t\u00e1rtaro siempre pone su diamante debajo de la almohada, se lo quita sin despertarlo y escapa corriendo con tanta rapidez que se rompe los pies. El contrabandista est\u00e1 all\u00ed, lo recibe y le paga bien. El t\u00e1rtaro aparece de nuevo al otro lado y lo llama dici\u00e9ndole que le devuelva su diamante y que le dar\u00e1 todo lo que pueda desear. \u00c9l responde: &quot;\u00a1No, no!&quot; \u00bb y corre hacia la casa del rey.<\/p><p>Al llegar all\u00ed, el rey no sab\u00eda qu\u00e9 hacer. Uno lo entreten\u00eda, el otro lo entreten\u00eda, y todos lo cuidaban, y todos lo amaban cada vez m\u00e1s, y la princesa como las dem\u00e1s. El malvado pr\u00edncipe no sab\u00eda qu\u00e9 pensar. Devorado por los celos, pens\u00f3 en otra cosa y dijo al rey:<\/p><p>\u201cEl peque\u00f1o loro dice que \u00e9l mismo puede traer al T\u00e1rtaro. \u00bb<\/p><p>El rey llama a Little Parrot y le dice<\/p><p>\u201cParece que dijiste que traer\u00edas al propio Tartarus aqu\u00ed. \u00bb<\/p><p>\u201cNo, no, no, no dije nada de eso en absoluto; pero si me das todo lo que te pido lo intentar\u00e9. Debes tener un carro de hierro, de medio metro de espesor, tres caballos para tirarlo y mucho dinero. Cuando todo est\u00e9 listo, me ir\u00e9.<\/p><p>Tambi\u00e9n pide un barril de miel, otro de plumas y dos cuernos, y hojas.<\/p><p>Cuando llega al ferry, no es f\u00e1cil subir el coche al barco. Cuando ha llegado al otro lado, se mete primero en el barril de miel, luego en el barril de plumas, se fija los cuernos a la cabeza y luego trepa como una saliva. Luego llega a la casa de Tartarus, y justo en ese momento se encuentra en su casa. El peque\u00f1o loro llama a la puerta. El propio t\u00e1rtaro viene a abrir la puerta y pregunta:<\/p><p>&quot; Qui\u00e9n eres ? T\u00fa !<\/p><p>&quot; A m\u00ed !! \u2013 Soy el mayor de todos los demonios del infierno. \u00bb<\/p><p>\u00c9l le abre la puerta y le dice:<\/p><p>&quot;Entra all\u00ed.<\/p><p>El t\u00e1rtaro se embarca y el Lorito, muy contento, parte y llega al ferry. Cruza, como puede, con su coche y sus caballos. Paga generosamente al barquero y llega al palacio del rey. Todos quedaron aterrorizados al ver que all\u00ed estaba el T\u00e1rtaro. Intentaron dispararle con ca\u00f1\u00f3n, pero \u00e9l atrap\u00f3 las balas y las lanz\u00f3 hacia atr\u00e1s como si fueran pelotas de juguete. No pudieron matarlo de esa manera, as\u00ed que lo remataron con otras armas.<\/p><p>Como Little Parrot lo hab\u00eda ganado, le dieron a la princesa en matrimonio. Mand\u00f3 llamar a su madre a la corte, y como viv\u00edan bien, murieron felices. Era la historia de Tartare y Little Parrot.<\/p>\t\t\t\t\t\t\t\t<\/div>\n\t\t\t\t<\/div>\n\t\t\t\t\t<\/div>\n\t\t<\/div>\n\t\t\t\t\t<\/div>\n\t\t<\/section>\n\t\t\t\t<\/div>","protected":false},"excerpt":{"rendered":"<p>Mythologie Basque Wiki Voici la c\u00e9l\u00e8bre histoire basque du Tartare et Petit Perroquet. Tartare et Petit Perroquet Comme beaucoup d&rsquo;autres &hellip; <\/p>","protected":false},"author":1,"featured_media":0,"parent":1004,"menu_order":0,"comment_status":"closed","ping_status":"closed","template":"","meta":{"footnotes":""},"class_list":["post-22162","page","type-page","status-publish","hentry"],"amp_enabled":true,"_links":{"self":[{"href":"https:\/\/mythslegendes.com\/es\/wp-json\/wp\/v2\/pages\/22162","targetHints":{"allow":["GET"]}}],"collection":[{"href":"https:\/\/mythslegendes.com\/es\/wp-json\/wp\/v2\/pages"}],"about":[{"href":"https:\/\/mythslegendes.com\/es\/wp-json\/wp\/v2\/types\/page"}],"author":[{"embeddable":true,"href":"https:\/\/mythslegendes.com\/es\/wp-json\/wp\/v2\/users\/1"}],"replies":[{"embeddable":true,"href":"https:\/\/mythslegendes.com\/es\/wp-json\/wp\/v2\/comments?post=22162"}],"version-history":[{"count":3,"href":"https:\/\/mythslegendes.com\/es\/wp-json\/wp\/v2\/pages\/22162\/revisions"}],"predecessor-version":[{"id":22172,"href":"https:\/\/mythslegendes.com\/es\/wp-json\/wp\/v2\/pages\/22162\/revisions\/22172"}],"up":[{"embeddable":true,"href":"https:\/\/mythslegendes.com\/es\/wp-json\/wp\/v2\/pages\/1004"}],"wp:attachment":[{"href":"https:\/\/mythslegendes.com\/es\/wp-json\/wp\/v2\/media?parent=22162"}],"curies":[{"name":"wp","href":"https:\/\/api.w.org\/{rel}","templated":true}]}}