{"id":22191,"date":"2022-08-04T11:53:14","date_gmt":"2022-08-04T11:53:14","guid":{"rendered":"https:\/\/mythslegendes.com\/?page_id=22191"},"modified":"2022-08-04T12:40:32","modified_gmt":"2022-08-04T12:40:32","slug":"conte-basque-le-serpent-a-sept-tetes","status":"publish","type":"page","link":"https:\/\/mythslegendes.com\/es\/mitologia-vasca\/cuento-vasco-la-serpiente-de-siete-cabezas\/","title":{"rendered":"La serpiente de siete cabezas"},"content":{"rendered":"<div data-elementor-type=\"wp-page\" data-elementor-id=\"22191\" class=\"elementor elementor-22191\">\n\t\t\t\t\t\t<section class=\"elementor-section elementor-top-section elementor-element elementor-element-07148d7 elementor-section-boxed elementor-section-height-default elementor-section-height-default\" data-id=\"07148d7\" data-element_type=\"section\" data-e-type=\"section\">\n\t\t\t\t\t\t<div class=\"elementor-container elementor-column-gap-default\">\n\t\t\t\t\t<div class=\"elementor-column elementor-col-50 elementor-top-column elementor-element elementor-element-c5985bc\" data-id=\"c5985bc\" data-element_type=\"column\" data-e-type=\"column\">\n\t\t\t<div class=\"elementor-widget-wrap elementor-element-populated\">\n\t\t\t\t\t\t<div class=\"elementor-element elementor-element-a906c6a elementor-align-justify elementor-widget elementor-widget-button\" data-id=\"a906c6a\" data-element_type=\"widget\" data-e-type=\"widget\" data-widget_type=\"button.default\">\n\t\t\t\t<div class=\"elementor-widget-container\">\n\t\t\t\t\t\t\t\t\t<div class=\"elementor-button-wrapper\">\n\t\t\t\t\t<a class=\"elementor-button elementor-button-link elementor-size-sm\" href=\"https:\/\/mythslegendes.com\/es\/mitologia-vasca\/\">\n\t\t\t\t\t\t<span class=\"elementor-button-content-wrapper\">\n\t\t\t\t\t\t\t\t\t<span class=\"elementor-button-text\">Mitolog\u00eda vasca<\/span>\n\t\t\t\t\t<\/span>\n\t\t\t\t\t<\/a>\n\t\t\t\t<\/div>\n\t\t\t\t\t\t\t\t<\/div>\n\t\t\t\t<\/div>\n\t\t\t\t\t<\/div>\n\t\t<\/div>\n\t\t\t\t<div class=\"elementor-column elementor-col-50 elementor-top-column elementor-element elementor-element-73fb6f6\" data-id=\"73fb6f6\" data-element_type=\"column\" data-e-type=\"column\">\n\t\t\t<div class=\"elementor-widget-wrap elementor-element-populated\">\n\t\t\t\t\t\t<div class=\"elementor-element elementor-element-59a4dd0 elementor-align-justify elementor-widget elementor-widget-button\" data-id=\"59a4dd0\" data-element_type=\"widget\" data-e-type=\"widget\" data-widget_type=\"button.default\">\n\t\t\t\t<div class=\"elementor-widget-container\">\n\t\t\t\t\t\t\t\t\t<div class=\"elementor-button-wrapper\">\n\t\t\t\t\t<a class=\"elementor-button elementor-button-link elementor-size-sm\" href=\"https:\/\/www.sacred-texts.com\/neu\/basque\/bl\/index.htm\" target=\"_blank\" rel=\"noopener\">\n\t\t\t\t\t\t<span class=\"elementor-button-content-wrapper\">\n\t\t\t\t\t\t\t\t\t<span class=\"elementor-button-text\">Wiki<\/span>\n\t\t\t\t\t<\/span>\n\t\t\t\t\t<\/a>\n\t\t\t\t<\/div>\n\t\t\t\t\t\t\t\t<\/div>\n\t\t\t\t<\/div>\n\t\t\t\t\t<\/div>\n\t\t<\/div>\n\t\t\t\t\t<\/div>\n\t\t<\/section>\n\t\t\t\t<section class=\"elementor-section elementor-top-section elementor-element elementor-element-b1a2af8 elementor-section-boxed elementor-section-height-default elementor-section-height-default\" data-id=\"b1a2af8\" data-element_type=\"section\" data-e-type=\"section\">\n\t\t\t\t\t\t<div class=\"elementor-container elementor-column-gap-default\">\n\t\t\t\t\t<div class=\"elementor-column elementor-col-100 elementor-top-column elementor-element elementor-element-c24b2eb\" data-id=\"c24b2eb\" data-element_type=\"column\" data-e-type=\"column\">\n\t\t\t<div class=\"elementor-widget-wrap elementor-element-populated\">\n\t\t\t\t\t\t<div class=\"elementor-element elementor-element-5843e65 elementor-widget elementor-widget-text-editor\" data-id=\"5843e65\" data-element_type=\"widget\" data-e-type=\"widget\" data-widget_type=\"text-editor.default\">\n\t\t\t\t<div class=\"elementor-widget-container\">\n\t\t\t\t\t\t\t\t\t<p>aqu\u00ed est\u00e1 <a href=\"https:\/\/mythslegendes.com\/es\/\">leyenda<\/a> de Heren-Suge, la serpiente de siete cabezas.<\/p><p><img decoding=\"async\" class=\"alignnone wp-image-9347 size-full\" src=\"http:\/\/mythslegendes.com\/wp-content\/uploads\/2020\/09\/cropped-AlphaOmega-e1602613368367.png\" alt=\"la serpiente de siete cabezas\" width=\"25\" height=\"25\" title=\"\"><\/p>\t\t\t\t\t\t\t\t<\/div>\n\t\t\t\t<\/div>\n\t\t\t\t\t<\/div>\n\t\t<\/div>\n\t\t\t\t\t<\/div>\n\t\t<\/section>\n\t\t\t\t<section class=\"elementor-section elementor-top-section elementor-element elementor-element-59475fd elementor-section-boxed elementor-section-height-default elementor-section-height-default\" data-id=\"59475fd\" data-element_type=\"section\" data-e-type=\"section\">\n\t\t\t\t\t\t<div class=\"elementor-container elementor-column-gap-default\">\n\t\t\t\t\t<div class=\"elementor-column elementor-col-100 elementor-top-column elementor-element elementor-element-8d163a7\" data-id=\"8d163a7\" data-element_type=\"column\" data-e-type=\"column\">\n\t\t\t<div class=\"elementor-widget-wrap elementor-element-populated\">\n\t\t\t\t\t\t<div class=\"elementor-element elementor-element-c8ba7c3 elementor-widget elementor-widget-heading\" data-id=\"c8ba7c3\" data-element_type=\"widget\" data-e-type=\"widget\" data-widget_type=\"heading.default\">\n\t\t\t\t<div class=\"elementor-widget-container\">\n\t\t\t\t\t<div id=\"ez-toc-container\" class=\"ez-toc-v2_0_82_2 counter-hierarchy ez-toc-counter ez-toc-grey ez-toc-container-direction\">\n<div class=\"ez-toc-title-container\">\n<p class=\"ez-toc-title\" style=\"cursor:inherit\">Contenido<\/p>\n<span class=\"ez-toc-title-toggle\"><a href=\"#\" class=\"ez-toc-pull-right ez-toc-btn ez-toc-btn-xs ez-toc-btn-default ez-toc-toggle\" aria-label=\"Alternar tabla de contenidos\"><span class=\"ez-toc-js-icon-con\"><span class=\"\"><span class=\"eztoc-hide\" style=\"display:none;\">Palanca<\/span><span class=\"ez-toc-icon-toggle-span\"><svg style=\"fill: #999;color:#999\" xmlns=\"http:\/\/www.w3.org\/2000\/svg\" class=\"list-377408\" width=\"20px\" height=\"20px\" viewbox=\"0 0 24 24\" fill=\"none\"><path d=\"M6 6H4v2h2V6zm14 0H8v2h12V6zM4 11h2v2H4v-2zm16 0H8v2h12v-2zM4 16h2v2H4v-2zm16 0H8v2h12v-2z\" fill=\"currentColor\"><\/path><\/svg><svg style=\"fill: #999;color:#999\" class=\"arrow-unsorted-368013\" xmlns=\"http:\/\/www.w3.org\/2000\/svg\" width=\"10px\" height=\"10px\" viewbox=\"0 0 24 24\" version=\"1.2\" baseprofile=\"tiny\"><path d=\"M18.2 9.3l-6.2-6.3-6.2 6.3c-.2.2-.3.4-.3.7s.1.5.3.7c.2.2.4.3.7.3h11c.3 0 .5-.1.7-.3.2-.2.3-.5.3-.7s-.1-.5-.3-.7zM5.8 14.7l6.2 6.3 6.2-6.3c.2-.2.3-.5.3-.7s-.1-.5-.3-.7c-.2-.2-.4-.3-.7-.3h-11c-.3 0-.5.1-.7.3-.2.2-.3.5-.3.7s.1.5.3.7z\"\/><\/svg><\/span><\/span><\/span><\/a><\/span><\/div>\n<nav><ul class='ez-toc-list ez-toc-list-level-1' ><li class='ez-toc-page-1 ez-toc-heading-level-2'><a class=\"ez-toc-link ez-toc-heading-1\" href=\"https:\/\/mythslegendes.com\/es\/mitologia-vasca\/cuento-vasco-la-serpiente-de-siete-cabezas\/#Heren-Suge-le-Serpent-a-Sept-Tetes\" >Heren-Suge, la serpiente de siete cabezas<\/a><\/li><\/ul><\/nav><\/div>\n<h2 class=\"elementor-heading-title elementor-size-default\"><span class=\"ez-toc-section\" id=\"Heren-Suge-le-Serpent-a-Sept-Tetes\"><\/span>Heren-Suge, la serpiente de siete cabezas<span class=\"ez-toc-section-end\"><\/span><\/h2>\t\t\t\t<\/div>\n\t\t\t\t<\/div>\n\t\t\t\t\t<\/div>\n\t\t<\/div>\n\t\t\t\t\t<\/div>\n\t\t<\/section>\n\t\t\t\t<section class=\"elementor-section elementor-top-section elementor-element elementor-element-12103f2 elementor-section-boxed elementor-section-height-default elementor-section-height-default\" data-id=\"12103f2\" data-element_type=\"section\" data-e-type=\"section\">\n\t\t\t\t\t\t<div class=\"elementor-container elementor-column-gap-default\">\n\t\t\t\t\t<div class=\"elementor-column elementor-col-100 elementor-top-column elementor-element elementor-element-5d936e0\" data-id=\"5d936e0\" data-element_type=\"column\" data-e-type=\"column\">\n\t\t\t<div class=\"elementor-widget-wrap elementor-element-populated\">\n\t\t\t\t\t\t<div class=\"elementor-element elementor-element-fa5b5b6 elementor-widget elementor-widget-text-editor\" data-id=\"fa5b5b6\" data-element_type=\"widget\" data-e-type=\"widget\" data-widget_type=\"text-editor.default\">\n\t\t\t\t<div class=\"elementor-widget-container\">\n\t\t\t\t\t\t\t\t\t<p>COMO muchos otros en el mundo, hab\u00eda una madre con sus tres hijos. El mayor le dijo que quer\u00eda ir de pa\u00eds en pa\u00eds, hasta encontrar trabajo como sirviente, y ella le dio un pastel.<\/p><p>\u00c9l se pone en marcha. Mientras cruza un bosque, se encuentra con una anciana que le pide un trozo de su pastel. \u00c9l le dijo: \u201c\u00a1No! que preferir\u00eda tirarlo en la arcilla fangosa. Y el ni\u00f1o le pregunta si conoce la casa de un sirviente. Ella dice &quot;No&quot;. Va de bosque en bosque, hasta que la noche lo alcanza. Un oso se le acerca. \u00c9l le dijo,<\/p><p>\u201c\u00a1Hormiga de tierra! \u00bfQui\u00e9n te dio permiso para venir aqu\u00ed?<\/p><p>\u201c\u00bfQui\u00e9n me lo va a dar? Yo mismo lo tom\u00e9.<\/p><p>Y el oso lo devora.<\/p><p>El segundo hijo le pide a su madre que le d\u00e9 un pastel, porque desea irse como sirviente, como su hermano. Ella le da uno y \u00e9l se va como su hermano. Se encuentra con una anciana que le dice:<\/p><p>\u201cDame un poco de tu pastel. \u00bb<\/p><p>&quot;Prefiero tirarlo en esta arcilla fangosa que d\u00e1rtelo&quot;. \u00bb<\/p><p>\u00c9l le pregunta si conoce el lugar de un sirviente. Ella responde \u201cNo\u201d. Y sigue, sigue, sigue, sigue, sigue, m\u00e1s adentro del bosque. Se encuentra con un oso enorme. \u00c9l le dijo,<\/p><p>\u201c\u00a1Hormiga de tierra! \u00bfQui\u00e9n te dio permiso para venir aqu\u00ed?<\/p><p>\u201c\u00bfQui\u00e9n me lo va a dar? Yo mismo lo tom\u00e9.<\/p><p>Y el oso lo devora.<\/p><p>El tercer hijo le pide a su madre que le d\u00e9 un pastel, porque quiere irse como sus hermanos. Se pone en marcha y camina una y otra vez. Y encuentra a una anciana. ella le pregunta,<\/p><p>&quot; \u00bfA donde va usted? \u00bb<\/p><p>\u201cQuiero un trabajo dom\u00e9stico. \u00bb<\/p><p>\u201cDame un poco de tu pastel. \u00bb<\/p><p>&quot; Aqu\u00ed ! T\u00f3malo tambi\u00e9n, si quieres.<\/p><p>&quot; No no ! Un poco es suficiente para m\u00ed.<\/p><p>Y \u00e9l le pregunta si conoce la casa de un sirviente. Le dice,<\/p><p>&quot; S\u00ed; lo encontrar\u00e1s mucho m\u00e1s all\u00e1 del bosque. Pero te encontrar\u00e1s con un enemigo aqu\u00ed; pero te dar\u00e9 un palo, con cuyo toque podr\u00e1s matarlo. \u00bb 1<\/p><p>Contin\u00faa una y otra vez. Un oso se le acerca y le dice:<\/p><p>\u201c\u00a1Hormiga de tierra! \u00bfQui\u00e9n te dio permiso para venir aqu\u00ed?<\/p><p>&quot;\u00bfQui\u00e9n me lo dio?&quot; Yo mismo lo tom\u00e9.<\/p><p>El ni\u00f1o lo empuja con su bast\u00f3n y el oso chilla...<\/p><p>\u201c\u00a1Ay, ay, ay! - \u00a1perdona mi vida! \u00a1Ay, ay, ay! - \u00a1perdona mi vida! \u00bb<\/p><p>Pero \u00e9l le dijo,<\/p><p>\u201cDime, \u00bfcu\u00e1ntos sois donde viv\u00eds?<\/p><p>&quot; Siete. &quot;<\/p><p>Le da otro golpe y cae completamente muerto.<\/p><p>Sigue, sigue, hasta que encuentra un palacio. Entra y pregunta:<\/p><p>\u201c\u00bfQuieres un sirviente? \u00bb<\/p><p>ellos le dicen,<\/p><p>&quot; Si si; nuestro pastor se ha ido, y queremos uno. \u00bb<\/p><p>Lo mandan a la cama; y al d\u00eda siguiente le dieron un buen reba\u00f1o de ovejas, y le dijeron que no fuera al monte, que est\u00e1 lleno de animales grandes y salvajes, y que tuviera mucho cuidado, que las ovejas siempre quieren ir all\u00e1. Al d\u00eda siguiente se fue con sus ovejas, y todas huyeron a este monte, porque all\u00ed la hierba era muy buena. Nuestro pastor afortunadamente no se hab\u00eda olvidado de su bast\u00f3n, porque en ese momento se le apareci\u00f3 un terrible oso.<\/p><p>\u00bfQui\u00e9n te dio permiso para venir aqu\u00ed? \u00bb<\/p><p>\u201cLo tom\u00e9 yo mismo. \u00bb<\/p><p>\u201cTengo que comerte. \u00bb<\/p><p>Se acerca, pero nuestro pastor le da un golpecito con su bast\u00f3n, y comienza a gritar:<\/p><p>\u201c\u00a1Ay, ay, ay! - \u00a1perdona mi vida! \u00bb<\/p><p>\u201cDime, \u00bfcu\u00e1ntos sois donde viv\u00eds?<\/p><p>\u201cAyer \u00e9ramos siete, pero hoy solo somos seis, conmigo. \u00bb<\/p><p>Le da otro golpe y cae completamente muerto. Y el pastor lo esconde lo mejor que puede en un seto, luego se va a casa con sus ovejas, bien satisfecho. Esa noche, las ovejas le dieron mucha leche y con ella hizo finos quesos. El amo y la se\u00f1ora estaban encantados de tener un sirviente as\u00ed. Al d\u00eda siguiente se va.\u00a0<\/p><p>Tan pronto como abri\u00f3 la puerta del granero, las ovejas comenzaron a correr hacia el buen pasto y la hermosa hierba, y las mismas cosas (recurrieron). Despu\u00e9s de un rato aparece un oso y le pregunta por qu\u00e9 viene aqu\u00ed. Nuestro pastor, con su vara, le da un golpecito en el cuello, y el oso empieza a llorar,<\/p><p>&quot;\u00a1Ay ay ay! , \u00a1perdona mi vida!<\/p><p>Le pide,<\/p><p>\u201c\u00bfCu\u00e1ntos sois donde viv\u00eds? \u00bb<\/p><p>\u201c\u00c9ramos siete, pero ahora somos cinco conmigo. \u00bb<\/p><p>Y lo patea, y cae r\u00edgido y muerto. Y en cinco d\u00edas mata a todos los osos de la misma manera; y cuando vio la \u00faltima venida, tuvo miedo de ver una bestia tan inmensa y espantosa, que ven\u00eda arrastr\u00e1ndose, de tan viejo era \u00e9l. \u00c9l le dijo,<\/p><p>&quot;\u00bfPor qu\u00e9 viniste aqu\u00ed? \u00bb<\/p><p>Y al mismo tiempo el pastor le da un empujoncito. \u00c9l comienza a gritarle que le perdone la vida, que le dar\u00e1 una gran riqueza y hermosos apartamentos, y que deber\u00edan vivir juntos. Le perdona la vida y env\u00eda a la manada a casa. Cruzan setos y setos, y &quot;a trav\u00e9s de los agujeros de hadas&quot;, y finalmente llegan a un hermoso palacio.\u00a0<\/p><p>All\u00ed encuentran la mesa puesta con todo tipo de comida y bebida. Tambi\u00e9n hab\u00eda sirvientes para cuidarlos, y tambi\u00e9n hab\u00eda caballos ensillados y con arneses de oro y plata. All\u00ed s\u00f3lo hab\u00eda riquezas. Despu\u00e9s de haber pasado all\u00ed unos d\u00edas as\u00ed, nuestro pastor se dijo a s\u00ed mismo que m\u00e1s le val\u00eda ser due\u00f1o y due\u00f1o de toda esta fortuna. As\u00ed que patea al oso y lo mata por completo.<\/p><p>Despu\u00e9s de vestirse hermosamente, monta un caballo, y va de pa\u00eds en pa\u00eds, y llega a una ciudad, y escucha las campanas sonando, dilin-don, dilin-don, y todos est\u00e1n en una conmoci\u00f3n. \u00c9l pregunta: \u201c\u00bfCu\u00e1l es el problema? Le dicen que hay una serpiente de siete cabezas en la monta\u00f1a, y que se le debe dar una persona cada d\u00eda. Esta serpiente tiene siete cabezas.\u00a0<\/p><p>Echan a suertes para saber qui\u00e9n debe ser entregado a la serpiente. La suerte hab\u00eda ca\u00eddo sobre la hija del rey, y todos estaban en dolor y angustia, y todos iban, con el rey a la cabeza, para acompa\u00f1arla a la monta\u00f1a. La dejaron al pie de la monta\u00f1a y ella sigui\u00f3 subiendo sola hasta la cima. Este joven la persigue y le dice:<\/p><p>&quot; Yo te acompa\u00f1ar\u00e9. \u00bb<\/p><p>La hija del rey le dijo:<\/p><p>\u201cRegresa, te lo ruego. No quiero que arriesgues tu vida por mi culpa. \u00bb<\/p><p>\u00c9l le dijo,<\/p><p>\u201cNo tengas miedo por m\u00ed. Tengo un hechizo de poder. \u00bb<\/p><p>Al mismo tiempo, escuchan un ruido y un siseo extraordinarios, y \u00e9l ve que la serpiente se acerca como un rayo. Como nuestro hombre lleva consigo su bast\u00f3n, le da un golpecito en una de sus cabezas, y una a una caen las siete cabezas, y se salva nuestra princesa.<\/p><p>Para ir a las monta\u00f1as, se visti\u00f3 con sus vestidos m\u00e1s hermosos. Ella vest\u00eda siete, tom\u00f3 un pedacito de cada una de las siete t\u00fanicas, y tambi\u00e9n tom\u00f3 la lengua de cada una de las cabezas, y las puso en estos pedacitos de seda. Luego toma a la hija del rey en su caballo y desciende de la monta\u00f1a. La ni\u00f1a vuelve con su padre y nuestro caballero con el oso.\u00a0<\/p><p>La noticia de la muerte de la Serpiente de Siete Cabezas se difunde r\u00e1pidamente. El rey hab\u00eda prometido a su hija y la mitad de su reino al hombre que deber\u00eda haberlo matado. La serpiente fue muerta, como dijimos. Tres carboneros, pasando sobre la monta\u00f1a, ven la serpiente, y toman las siete cabezas, y van al rey, pidiendo una recompensa. Pero, como eran tres, estaban en dificultad; y fueron despedidos hasta que se reuni\u00f3 el consejo, y para ver si ven\u00eda alguien m\u00e1s.\u00a0<\/p><p>Como no apareci\u00f3 nadie, iban a echar a suertes qui\u00e9n hab\u00eda de ser el marido de la hija del rey. Hubo gran conmoci\u00f3n ese d\u00eda, y tambi\u00e9n hubo gran conmoci\u00f3n cuando este joven lleg\u00f3 al pueblo. \u00c9l pregunta qu\u00e9 es. Le dicen lo que es. Estaba bellamente vestido y ten\u00eda un magn\u00edfico caballo. Pide ver al rey y, como iba elegantemente vestido, es recibido de inmediato.<\/p><p>\u00c9l pregunta si las siete cabezas de la serpiente ten\u00edan siete lenguas en ellas; y no pueden encontrarlos. Luego muestra los siete idiomas. Tambi\u00e9n manda a buscar los siete vestidos de la princesa, y muestra las siete piezas que faltan, as\u00ed como los siete idiomas. Cuando ven esto, todos exclaman...<\/p><p>&quot;\u00a1\u00c9l es el verdadero salvador de la hija del rey!&quot; \u00bb<\/p><p>Y est\u00e1n casados.<\/p><p>Los tres carboneros, tras ser cubiertos con un manto de azufre, fueron quemados vivos en medio de la plaza p\u00fablica.<\/p><p>Nuestro caballero y nuestra se\u00f1ora viv\u00edan muy felices, a veces con su padre, a veces con su propio oso; y como hab\u00edan vivido bien, murieron felices. As\u00ed que estuve all\u00ed y ahora estoy aqu\u00ed.<\/p>\t\t\t\t\t\t\t\t<\/div>\n\t\t\t\t<\/div>\n\t\t\t\t\t<\/div>\n\t\t<\/div>\n\t\t\t\t\t<\/div>\n\t\t<\/section>\n\t\t\t\t<\/div>","protected":false},"excerpt":{"rendered":"<p>Mythologie Basque Wiki Voici la l\u00e9gende du Heren-Suge, le Serpent \u00e0 Sept T\u00eates. Heren-Suge, le Serpent \u00e0 Sept T\u00eates COMME &hellip; <\/p>","protected":false},"author":1,"featured_media":0,"parent":1004,"menu_order":0,"comment_status":"closed","ping_status":"closed","template":"","meta":{"footnotes":""},"class_list":["post-22191","page","type-page","status-publish","hentry"],"amp_enabled":true,"_links":{"self":[{"href":"https:\/\/mythslegendes.com\/es\/wp-json\/wp\/v2\/pages\/22191","targetHints":{"allow":["GET"]}}],"collection":[{"href":"https:\/\/mythslegendes.com\/es\/wp-json\/wp\/v2\/pages"}],"about":[{"href":"https:\/\/mythslegendes.com\/es\/wp-json\/wp\/v2\/types\/page"}],"author":[{"embeddable":true,"href":"https:\/\/mythslegendes.com\/es\/wp-json\/wp\/v2\/users\/1"}],"replies":[{"embeddable":true,"href":"https:\/\/mythslegendes.com\/es\/wp-json\/wp\/v2\/comments?post=22191"}],"version-history":[{"count":3,"href":"https:\/\/mythslegendes.com\/es\/wp-json\/wp\/v2\/pages\/22191\/revisions"}],"predecessor-version":[{"id":22213,"href":"https:\/\/mythslegendes.com\/es\/wp-json\/wp\/v2\/pages\/22191\/revisions\/22213"}],"up":[{"embeddable":true,"href":"https:\/\/mythslegendes.com\/es\/wp-json\/wp\/v2\/pages\/1004"}],"wp:attachment":[{"href":"https:\/\/mythslegendes.com\/es\/wp-json\/wp\/v2\/media?parent=22191"}],"curies":[{"name":"wp","href":"https:\/\/api.w.org\/{rel}","templated":true}]}}