{"id":22196,"date":"2022-08-04T11:58:59","date_gmt":"2022-08-04T11:58:59","guid":{"rendered":"https:\/\/mythslegendes.com\/?page_id=22196"},"modified":"2022-08-04T12:40:21","modified_gmt":"2022-08-04T12:40:21","slug":"conte-basque-le-serpent-dans-le-bois","status":"publish","type":"page","link":"https:\/\/mythslegendes.com\/es\/mitologia-vasca\/cuento-vasco-la-serpiente-en-el-bosque\/","title":{"rendered":"La serpiente en la madera"},"content":{"rendered":"<div data-elementor-type=\"wp-page\" data-elementor-id=\"22196\" class=\"elementor elementor-22196\">\n\t\t\t\t\t\t<section class=\"elementor-section elementor-top-section elementor-element elementor-element-61a3606 elementor-section-boxed elementor-section-height-default elementor-section-height-default\" data-id=\"61a3606\" data-element_type=\"section\" data-e-type=\"section\">\n\t\t\t\t\t\t<div class=\"elementor-container elementor-column-gap-default\">\n\t\t\t\t\t<div class=\"elementor-column elementor-col-50 elementor-top-column elementor-element elementor-element-c173adb\" data-id=\"c173adb\" data-element_type=\"column\" data-e-type=\"column\">\n\t\t\t<div class=\"elementor-widget-wrap elementor-element-populated\">\n\t\t\t\t\t\t<div class=\"elementor-element elementor-element-166a2a5 elementor-align-justify elementor-widget elementor-widget-button\" data-id=\"166a2a5\" data-element_type=\"widget\" data-e-type=\"widget\" data-widget_type=\"button.default\">\n\t\t\t\t<div class=\"elementor-widget-container\">\n\t\t\t\t\t\t\t\t\t<div class=\"elementor-button-wrapper\">\n\t\t\t\t\t<a class=\"elementor-button elementor-button-link elementor-size-sm\" href=\"https:\/\/mythslegendes.com\/es\/mitologia-vasca\/\">\n\t\t\t\t\t\t<span class=\"elementor-button-content-wrapper\">\n\t\t\t\t\t\t\t\t\t<span class=\"elementor-button-text\">Mitolog\u00eda vasca<\/span>\n\t\t\t\t\t<\/span>\n\t\t\t\t\t<\/a>\n\t\t\t\t<\/div>\n\t\t\t\t\t\t\t\t<\/div>\n\t\t\t\t<\/div>\n\t\t\t\t\t<\/div>\n\t\t<\/div>\n\t\t\t\t<div class=\"elementor-column elementor-col-50 elementor-top-column elementor-element elementor-element-05c8e74\" data-id=\"05c8e74\" data-element_type=\"column\" data-e-type=\"column\">\n\t\t\t<div class=\"elementor-widget-wrap elementor-element-populated\">\n\t\t\t\t\t\t<div class=\"elementor-element elementor-element-c57c0f5 elementor-align-justify elementor-widget elementor-widget-button\" data-id=\"c57c0f5\" data-element_type=\"widget\" data-e-type=\"widget\" data-widget_type=\"button.default\">\n\t\t\t\t<div class=\"elementor-widget-container\">\n\t\t\t\t\t\t\t\t\t<div class=\"elementor-button-wrapper\">\n\t\t\t\t\t<a class=\"elementor-button elementor-button-link elementor-size-sm\" href=\"https:\/\/www.sacred-texts.com\/neu\/basque\/bl\/index.htm\" target=\"_blank\" rel=\"noopener\">\n\t\t\t\t\t\t<span class=\"elementor-button-content-wrapper\">\n\t\t\t\t\t\t\t\t\t<span class=\"elementor-button-text\">Wiki<\/span>\n\t\t\t\t\t<\/span>\n\t\t\t\t\t<\/a>\n\t\t\t\t<\/div>\n\t\t\t\t\t\t\t\t<\/div>\n\t\t\t\t<\/div>\n\t\t\t\t\t<\/div>\n\t\t<\/div>\n\t\t\t\t\t<\/div>\n\t\t<\/section>\n\t\t\t\t<section class=\"elementor-section elementor-top-section elementor-element elementor-element-60f92fd elementor-section-boxed elementor-section-height-default elementor-section-height-default\" data-id=\"60f92fd\" data-element_type=\"section\" data-e-type=\"section\">\n\t\t\t\t\t\t<div class=\"elementor-container elementor-column-gap-default\">\n\t\t\t\t\t<div class=\"elementor-column elementor-col-100 elementor-top-column elementor-element elementor-element-1d3db26\" data-id=\"1d3db26\" data-element_type=\"column\" data-e-type=\"column\">\n\t\t\t<div class=\"elementor-widget-wrap elementor-element-populated\">\n\t\t\t\t\t\t<div class=\"elementor-element elementor-element-bfb9ef8 elementor-widget elementor-widget-text-editor\" data-id=\"bfb9ef8\" data-element_type=\"widget\" data-e-type=\"widget\" data-widget_type=\"text-editor.default\">\n\t\t\t\t<div class=\"elementor-widget-container\">\n\t\t\t\t\t\t\t\t\t<p>aqu\u00ed est\u00e1 <a href=\"https:\/\/mythslegendes.com\/es\/\">leyenda<\/a> <a href=\"https:\/\/mythslegendes.com\/es\/mitologia-vasca\/\">vasco<\/a> de la Serpiente en el Bosque.<\/p><p><img decoding=\"async\" class=\"alignnone wp-image-9347 size-full\" src=\"http:\/\/mythslegendes.com\/wp-content\/uploads\/2020\/09\/cropped-AlphaOmega-e1602613368367.png\" alt=\"serpiente en la madera\" width=\"25\" height=\"25\" title=\"\"><\/p>\t\t\t\t\t\t\t\t<\/div>\n\t\t\t\t<\/div>\n\t\t\t\t\t<\/div>\n\t\t<\/div>\n\t\t\t\t\t<\/div>\n\t\t<\/section>\n\t\t\t\t<section class=\"elementor-section elementor-top-section elementor-element elementor-element-41a0862 elementor-section-boxed elementor-section-height-default elementor-section-height-default\" data-id=\"41a0862\" data-element_type=\"section\" data-e-type=\"section\">\n\t\t\t\t\t\t<div class=\"elementor-container elementor-column-gap-default\">\n\t\t\t\t\t<div class=\"elementor-column elementor-col-100 elementor-top-column elementor-element elementor-element-0370ef5\" data-id=\"0370ef5\" data-element_type=\"column\" data-e-type=\"column\">\n\t\t\t<div class=\"elementor-widget-wrap elementor-element-populated\">\n\t\t\t\t\t\t<div class=\"elementor-element elementor-element-6f616e5 elementor-widget elementor-widget-heading\" data-id=\"6f616e5\" data-element_type=\"widget\" data-e-type=\"widget\" data-widget_type=\"heading.default\">\n\t\t\t\t<div class=\"elementor-widget-container\">\n\t\t\t\t\t<div id=\"ez-toc-container\" class=\"ez-toc-v2_0_82_2 counter-hierarchy ez-toc-counter ez-toc-grey ez-toc-container-direction\">\n<div class=\"ez-toc-title-container\">\n<p class=\"ez-toc-title\" style=\"cursor:inherit\">Contenido<\/p>\n<span class=\"ez-toc-title-toggle\"><a href=\"#\" class=\"ez-toc-pull-right ez-toc-btn ez-toc-btn-xs ez-toc-btn-default ez-toc-toggle\" aria-label=\"Alternar tabla de contenidos\"><span class=\"ez-toc-js-icon-con\"><span class=\"\"><span class=\"eztoc-hide\" style=\"display:none;\">Palanca<\/span><span class=\"ez-toc-icon-toggle-span\"><svg style=\"fill: #999;color:#999\" xmlns=\"http:\/\/www.w3.org\/2000\/svg\" class=\"list-377408\" width=\"20px\" height=\"20px\" viewbox=\"0 0 24 24\" fill=\"none\"><path d=\"M6 6H4v2h2V6zm14 0H8v2h12V6zM4 11h2v2H4v-2zm16 0H8v2h12v-2zM4 16h2v2H4v-2zm16 0H8v2h12v-2z\" fill=\"currentColor\"><\/path><\/svg><svg style=\"fill: #999;color:#999\" class=\"arrow-unsorted-368013\" xmlns=\"http:\/\/www.w3.org\/2000\/svg\" width=\"10px\" height=\"10px\" viewbox=\"0 0 24 24\" version=\"1.2\" baseprofile=\"tiny\"><path d=\"M18.2 9.3l-6.2-6.3-6.2 6.3c-.2.2-.3.4-.3.7s.1.5.3.7c.2.2.4.3.7.3h11c.3 0 .5-.1.7-.3.2-.2.3-.5.3-.7s-.1-.5-.3-.7zM5.8 14.7l6.2 6.3 6.2-6.3c.2-.2.3-.5.3-.7s-.1-.5-.3-.7c-.2-.2-.4-.3-.7-.3h-11c-.3 0-.5.1-.7.3-.2.2-.3.5-.3.7s.1.5.3.7z\"\/><\/svg><\/span><\/span><\/span><\/a><\/span><\/div>\n<nav><ul class='ez-toc-list ez-toc-list-level-1' ><li class='ez-toc-page-1 ez-toc-heading-level-2'><a class=\"ez-toc-link ez-toc-heading-1\" href=\"https:\/\/mythslegendes.com\/es\/mitologia-vasca\/cuento-vasco-la-serpiente-en-el-bosque\/#Le-Serpent-dans-le-Bois\" >La serpiente en la madera<\/a><\/li><\/ul><\/nav><\/div>\n<h2 class=\"elementor-heading-title elementor-size-default\"><span class=\"ez-toc-section\" id=\"Le-Serpent-dans-le-Bois\"><\/span>La serpiente en la madera<span class=\"ez-toc-section-end\"><\/span><\/h2>\t\t\t\t<\/div>\n\t\t\t\t<\/div>\n\t\t\t\t\t<\/div>\n\t\t<\/div>\n\t\t\t\t\t<\/div>\n\t\t<\/section>\n\t\t\t\t<section class=\"elementor-section elementor-top-section elementor-element elementor-element-0c4c0ed elementor-section-boxed elementor-section-height-default elementor-section-height-default\" data-id=\"0c4c0ed\" data-element_type=\"section\" data-e-type=\"section\">\n\t\t\t\t\t\t<div class=\"elementor-container elementor-column-gap-default\">\n\t\t\t\t\t<div class=\"elementor-column elementor-col-100 elementor-top-column elementor-element elementor-element-a8d4c15\" data-id=\"a8d4c15\" data-element_type=\"column\" data-e-type=\"column\">\n\t\t\t<div class=\"elementor-widget-wrap elementor-element-populated\">\n\t\t\t\t\t\t<div class=\"elementor-element elementor-element-295aa11 elementor-widget elementor-widget-text-editor\" data-id=\"295aa11\" data-element_type=\"widget\" data-e-type=\"widget\" data-widget_type=\"text-editor.default\">\n\t\t\t\t<div class=\"elementor-widget-container\">\n\t\t\t\t\t\t\t\t\t<p>COMO muchos otros en el mundo, hab\u00eda un viudo que ten\u00eda tres hijas. Un d\u00eda, la mayor le dijo a su padre que ten\u00eda que ir a conocer el campo. Camin\u00f3 durante dos horas y vio hombres cortando aulagas y otros segando heno.<\/p><p>Regres\u00f3 a su casa, sorprendida de haber visto cosas tan hermosas. Ella le cont\u00f3 a su padre las cosas maravillosas que hab\u00eda visto, y su padre respondi\u00f3:<\/p><p>&quot;\u00a1Hombres cortando aulagas!&quot; \u00a1Hombres segando heno! \u00bb<\/p><p>La segunda ni\u00f1a tambi\u00e9n pide ir como su hermana y regresa despu\u00e9s de ver las mismas cosas. Y la tercera chica dijo que ella tambi\u00e9n ten\u00eda que irse.<\/p><p>\u201cNi\u00f1a, \u00bfqu\u00e9 ver\u00e1s? \u00bb<\/p><p>\u201cYo, como mis hermanas, una cosa u otra. \u00bb<\/p><p>Ella tom\u00f3 el mismo camino que los dem\u00e1s; y ella, como los dem\u00e1s, vio hombres cortando aulagas y hombres segando heno. Fue m\u00e1s lejos y vio lavanderas; y ella avanz\u00f3 un poco m\u00e1s hasta que hab\u00eda caminado durante tres horas, y vio le\u00f1adores cortando le\u00f1a.\u00a0<\/p><p>Ella les pregunt\u00f3 si deber\u00eda ver algo m\u00e1s si iba un poco m\u00e1s lejos. Le dijeron que ver\u00eda a otros madereros cortando le\u00f1a.<\/p><p>Se adentr\u00f3 mucho m\u00e1s en el bosque, y una serpiente la atrap\u00f3 y la mantuvo prisionera. Se qued\u00f3 all\u00ed llorando y sin poder comer nada; y qued\u00f3 as\u00ed ocho d\u00edas, muy triste; luego empez\u00f3 a resignarse, y se qued\u00f3 all\u00ed tres a\u00f1os. Despu\u00e9s de tres a\u00f1os, empez\u00f3 a desear volver a casa.\u00a0<\/p><p>La serpiente le dijo que volviera despu\u00e9s de dos d\u00edas; que su tiempo estaba por terminar, y que era hijo de un rey condenado a cuatro a\u00f1os (por ser serpiente). Le dio una rueca y un huso de plata dorada y un pa\u00f1uelo de seda. \u00c9l le dijo :<\/p><p>&quot;Si no me encuentras aqu\u00ed cuando regreses, tendr\u00e1s que usar siete pares de zapatos, seis de cuero y un par de hierro (antes de que puedas encontrarme). \u00bb<\/p><p>Cuando regres\u00f3 a casa, su padre no la dej\u00f3 volver a la casa donde hab\u00eda pasado tanto tiempo con el hijo de un rey, condenado a ser una serpiente. Dijo que se le acababa el tiempo y que en agradecimiento deb\u00eda volver; que dijo que se casar\u00eda con ella. El padre la hizo meter en la c\u00e1rcel, encerrada en un cuarto muy alto.\u00a0<\/p><p>Al cuarto d\u00eda escap\u00f3 y fue al lugar, pero no encontr\u00f3 al hijo del rey. Ya ten\u00eda zapatos en los pies. Casi los hab\u00eda agotado. Despu\u00e9s de eso, compr\u00f3 otro par. Sigui\u00f3 viajando y preguntando si estaba lejos, y le dijeron que estaba muy lejos. Compr\u00f3 otro par de zapatos, y estos tambi\u00e9n se desgastaron en el camino. Compr\u00f3 un quinto par, y despu\u00e9s de ellos tambi\u00e9n el sexto.<\/p><p>Luego pregunt\u00f3 si todav\u00eda estaba cerca y le dijeron que todav\u00eda estaba muy lejos. Luego compr\u00f3 el s\u00e9ptimo par de zapatos, hechos de hierro. Y cuando hubo andado un poco en esos zapatos, pregunt\u00f3 si estaba lejos de all\u00ed el hijo del rey. El s\u00e9ptimo par de zapatos estaba casi gastado cuando lleg\u00f3 a un pueblo y escuch\u00f3 m\u00fasica. Ella pregunt\u00f3 qu\u00e9 estaba pasando en la ciudad.<\/p><p>\u201cEl hijo de tal rey se casa hoy. \u00bb<\/p><p>Se fue a su casa y llam\u00f3 a la puerta. Lleg\u00f3 un sirviente.<\/p><p>&quot; \u00bfQu\u00e9 quieres? \u00bb<\/p><p>Ella pregunt\u00f3 si hab\u00eda trabajo para hilar, y lo hiri\u00f3.<\/p><p>Y el criado fue y se lo dijo a la se\u00f1ora. La dama orden\u00f3 a la criada que la dejara entrar. Ella la dej\u00f3 entrar. Y cuando estuvo en la cocina, mostr\u00f3 el pa\u00f1uelo de seda que le hab\u00eda dado el hijo del rey; y empez\u00f3 a sonarse la nariz con \u00e9l.\u00a0<\/p><p>La se\u00f1ora qued\u00f3 bastante at\u00f3nita al ver a la joven sonarse la nariz con un pa\u00f1uelo tan hermoso, como si nada, cuando su hijo ten\u00eda uno as\u00ed para el d\u00eda de su boda. Entonces le cont\u00f3 a su hijo, cuando volvi\u00f3 de la iglesia, que ten\u00eda una hija anciana que ven\u00eda de muy lejos, y le dijo:<\/p><p>\u00a1Tiene un pa\u00f1uelo de seda como el tuyo!<\/p><p>Y el hijo del rey dijo a su madre:<\/p><p>\u201cYo tambi\u00e9n necesito ver a esa solterona que tienes ah\u00ed. Y empez\u00f3 a ir.<\/p><p>Y su madre le dijo:<\/p><p>\u201c\u00bfPero por qu\u00e9 tienes que verla?<\/p><p>&quot;Quiero verla. \u00bb<\/p><p>Fue a la cocina y en su presencia ella us\u00f3 su pa\u00f1uelo de seda.<\/p><p>\u00c9l le dijo,<\/p><p>&quot; Muestrame eso. \u00bb<\/p><p>Le dice,<\/p><p>&quot;Est\u00e1 demasiado sucio para ponerlo en sus manos, se\u00f1or&quot;. \u00bb<\/p><p>El se\u00f1or le dijo:<\/p><p>\u201cQuiero verlo y mostr\u00e1rmelo. \u00bb<\/p><p>(Entonces) reconoci\u00f3 a la ni\u00f1a. Ella le mostr\u00f3 (tambi\u00e9n) la rueca y el huso.<\/p><p>En la mesa, cuando todos contaban historias, este rey dijo:<\/p><p>\u201cYo tambi\u00e9n tengo una historia que contar. \u00bb<\/p><p>Todos se callaron y voltearon a mirarlo y \u00e9l dijo:<\/p><p>\u201cAntes ten\u00eda la llave de una c\u00f3moda, la perd\u00ed y mand\u00e9 hacer una nueva. (Despu\u00e9s de eso, encontr\u00e9 el viejo)\u201d.<\/p><p>Y se volvi\u00f3 hacia su mujer:<\/p><p>\u201c\u00bfDebo usar el viejo o el nuevo? \u00bb<\/p><p>Y ella respondi\u00f3:<\/p><p>\u201cSi el primero fue bueno, \u00bfpor qu\u00e9 deber\u00edas usar el nuevo? \u00bb<\/p><p>Entonces \u00e9l le dio esta respuesta.<\/p><p>\u201cAntes ten\u00eda una esposa y ahora te tom\u00e9 a ti. Te dejo, y me llevo el viejo. As\u00ed que vete a casa. \u00bb<\/p><p>Era la historia de la serpiente en el bosque.<\/p>\t\t\t\t\t\t\t\t<\/div>\n\t\t\t\t<\/div>\n\t\t\t\t\t<\/div>\n\t\t<\/div>\n\t\t\t\t\t<\/div>\n\t\t<\/section>\n\t\t\t\t<\/div>","protected":false},"excerpt":{"rendered":"<p>Wiki Mitolog\u00eda Vasca Esta es la leyenda vasca de la Serpiente en el Bosque. La Serpiente en el Bosque COMO muchos otros... <\/p>","protected":false},"author":1,"featured_media":0,"parent":1004,"menu_order":0,"comment_status":"closed","ping_status":"closed","template":"","meta":{"footnotes":""},"class_list":["post-22196","page","type-page","status-publish","hentry"],"amp_enabled":true,"_links":{"self":[{"href":"https:\/\/mythslegendes.com\/es\/wp-json\/wp\/v2\/pages\/22196","targetHints":{"allow":["GET"]}}],"collection":[{"href":"https:\/\/mythslegendes.com\/es\/wp-json\/wp\/v2\/pages"}],"about":[{"href":"https:\/\/mythslegendes.com\/es\/wp-json\/wp\/v2\/types\/page"}],"author":[{"embeddable":true,"href":"https:\/\/mythslegendes.com\/es\/wp-json\/wp\/v2\/users\/1"}],"replies":[{"embeddable":true,"href":"https:\/\/mythslegendes.com\/es\/wp-json\/wp\/v2\/comments?post=22196"}],"version-history":[{"count":3,"href":"https:\/\/mythslegendes.com\/es\/wp-json\/wp\/v2\/pages\/22196\/revisions"}],"predecessor-version":[{"id":22212,"href":"https:\/\/mythslegendes.com\/es\/wp-json\/wp\/v2\/pages\/22196\/revisions\/22212"}],"up":[{"embeddable":true,"href":"https:\/\/mythslegendes.com\/es\/wp-json\/wp\/v2\/pages\/1004"}],"wp:attachment":[{"href":"https:\/\/mythslegendes.com\/es\/wp-json\/wp\/v2\/media?parent=22196"}],"curies":[{"name":"wp","href":"https:\/\/api.w.org\/{rel}","templated":true}]}}