{"id":2220,"date":"2020-07-10T11:14:57","date_gmt":"2020-07-10T10:14:57","guid":{"rendered":"https:\/\/mythslegendes.com\/?page_id=2220"},"modified":"2021-04-11T09:39:30","modified_gmt":"2021-04-11T09:39:30","slug":"la-cite-de-tartessos","status":"publish","type":"page","link":"https:\/\/mythslegendes.com\/es\/mitologia-iberica\/la-ciudad-de-tartessos\/","title":{"rendered":"La ciudad de Tartessos"},"content":{"rendered":"<div data-elementor-type=\"wp-page\" data-elementor-id=\"2220\" class=\"elementor elementor-2220\">\n\t\t\t\t\t\t<section class=\"elementor-section elementor-top-section elementor-element elementor-element-a42e78c elementor-section-boxed elementor-section-height-default elementor-section-height-default\" data-id=\"a42e78c\" data-element_type=\"section\" data-e-type=\"section\">\n\t\t\t\t\t\t<div class=\"elementor-container elementor-column-gap-default\">\n\t\t\t\t\t<div class=\"elementor-column elementor-col-50 elementor-top-column elementor-element elementor-element-d9e2182\" data-id=\"d9e2182\" data-element_type=\"column\" data-e-type=\"column\">\n\t\t\t<div class=\"elementor-widget-wrap elementor-element-populated\">\n\t\t\t\t\t\t<div class=\"elementor-element elementor-element-ea843f1 elementor-align-justify elementor-widget elementor-widget-button\" data-id=\"ea843f1\" data-element_type=\"widget\" data-e-type=\"widget\" data-widget_type=\"button.default\">\n\t\t\t\t<div class=\"elementor-widget-container\">\n\t\t\t\t\t\t\t\t\t<div class=\"elementor-button-wrapper\">\n\t\t\t\t\t<a class=\"elementor-button elementor-button-link elementor-size-sm\" href=\"https:\/\/mythslegendes.com\/es\/mitologia-iberica\/\">\n\t\t\t\t\t\t<span class=\"elementor-button-content-wrapper\">\n\t\t\t\t\t\t\t\t\t<span class=\"elementor-button-text\">Mitolog\u00eda ib\u00e9rica<\/span>\n\t\t\t\t\t<\/span>\n\t\t\t\t\t<\/a>\n\t\t\t\t<\/div>\n\t\t\t\t\t\t\t\t<\/div>\n\t\t\t\t<\/div>\n\t\t\t\t\t<\/div>\n\t\t<\/div>\n\t\t\t\t<div class=\"elementor-column elementor-col-50 elementor-top-column elementor-element elementor-element-2070656\" data-id=\"2070656\" data-element_type=\"column\" data-e-type=\"column\">\n\t\t\t<div class=\"elementor-widget-wrap elementor-element-populated\">\n\t\t\t\t\t\t<div class=\"elementor-element elementor-element-ff830ab elementor-align-justify elementor-widget elementor-widget-button\" data-id=\"ff830ab\" data-element_type=\"widget\" data-e-type=\"widget\" data-widget_type=\"button.default\">\n\t\t\t\t<div class=\"elementor-widget-container\">\n\t\t\t\t\t\t\t\t\t<div class=\"elementor-button-wrapper\">\n\t\t\t\t\t<a class=\"elementor-button elementor-button-link elementor-size-sm\" href=\"https:\/\/en.wikipedia.org\/wiki\/Spanish_mythology\" target=\"_blank\" rel=\"noopener\">\n\t\t\t\t\t\t<span class=\"elementor-button-content-wrapper\">\n\t\t\t\t\t\t\t\t\t<span class=\"elementor-button-text\">Wiki<\/span>\n\t\t\t\t\t<\/span>\n\t\t\t\t\t<\/a>\n\t\t\t\t<\/div>\n\t\t\t\t\t\t\t\t<\/div>\n\t\t\t\t<\/div>\n\t\t\t\t\t<\/div>\n\t\t<\/div>\n\t\t\t\t\t<\/div>\n\t\t<\/section>\n\t\t\t\t<section class=\"elementor-section elementor-top-section elementor-element elementor-element-63d85d6b elementor-section-boxed elementor-section-height-default elementor-section-height-default\" data-id=\"63d85d6b\" data-element_type=\"section\" data-e-type=\"section\">\n\t\t\t\t\t\t<div class=\"elementor-container elementor-column-gap-default\">\n\t\t\t\t\t<div class=\"elementor-column elementor-col-100 elementor-top-column elementor-element elementor-element-425d0ba4\" data-id=\"425d0ba4\" data-element_type=\"column\" data-e-type=\"column\">\n\t\t\t<div class=\"elementor-widget-wrap elementor-element-populated\">\n\t\t\t\t\t\t<div class=\"elementor-element elementor-element-56a0b94b elementor-widget elementor-widget-text-editor\" data-id=\"56a0b94b\" data-element_type=\"widget\" data-e-type=\"widget\" data-widget_type=\"text-editor.default\">\n\t\t\t\t<div class=\"elementor-widget-container\">\n\t\t\t\t\t\t\t\t\t<p><\/p>\n<p>Tartessos es el nombre de la primera civilizaci\u00f3n occidental conocida por el <a href=\"https:\/\/mythslegendes.com\/es\/mythes-et-legendes-grecques-1664\/\">griegos<\/a>. Esta civilizaci\u00f3n se form\u00f3 en el a\u00f1o 600 aC alrededor del r\u00edo Guadalquivir (llamado Tartessos en ese momento) y las ciudades actuales de Huelva, Sevilla y San Fernando cerca de la costa suroeste de Espa\u00f1a. La civilizaci\u00f3n de Tartessos (que se habr\u00eda originado en el norte de \u00c1frica), tuvo su propia lengua y su propia escritura antes de ver su cultura influenciada por los pueblos fenicio y egipcio.<\/p>\n<div id=\"ez-toc-container\" class=\"ez-toc-v2_0_82_2 counter-hierarchy ez-toc-counter ez-toc-grey ez-toc-container-direction\">\n<div class=\"ez-toc-title-container\">\n<p class=\"ez-toc-title\" style=\"cursor:inherit\">Contenido<\/p>\n<span class=\"ez-toc-title-toggle\"><a href=\"#\" class=\"ez-toc-pull-right ez-toc-btn ez-toc-btn-xs ez-toc-btn-default ez-toc-toggle\" aria-label=\"Alternar tabla de contenidos\"><span class=\"ez-toc-js-icon-con\"><span class=\"\"><span class=\"eztoc-hide\" style=\"display:none;\">Palanca<\/span><span class=\"ez-toc-icon-toggle-span\"><svg style=\"fill: #999;color:#999\" xmlns=\"http:\/\/www.w3.org\/2000\/svg\" class=\"list-377408\" width=\"20px\" height=\"20px\" viewbox=\"0 0 24 24\" fill=\"none\"><path d=\"M6 6H4v2h2V6zm14 0H8v2h12V6zM4 11h2v2H4v-2zm16 0H8v2h12v-2zM4 16h2v2H4v-2zm16 0H8v2h12v-2z\" fill=\"currentColor\"><\/path><\/svg><svg style=\"fill: #999;color:#999\" class=\"arrow-unsorted-368013\" xmlns=\"http:\/\/www.w3.org\/2000\/svg\" width=\"10px\" height=\"10px\" viewbox=\"0 0 24 24\" version=\"1.2\" baseprofile=\"tiny\"><path d=\"M18.2 9.3l-6.2-6.3-6.2 6.3c-.2.2-.3.4-.3.7s.1.5.3.7c.2.2.4.3.7.3h11c.3 0 .5-.1.7-.3.2-.2.3-.5.3-.7s-.1-.5-.3-.7zM5.8 14.7l6.2 6.3 6.2-6.3c.2-.2.3-.5.3-.7s-.1-.5-.3-.7c-.2-.2-.4-.3-.7-.3h-11c-.3 0-.5.1-.7.3-.2.2-.3.5-.3.7s.1.5.3.7z\"\/><\/svg><\/span><\/span><\/span><\/a><\/span><\/div>\n<nav><ul class='ez-toc-list ez-toc-list-level-1' ><li class='ez-toc-page-1 ez-toc-heading-level-2'><a class=\"ez-toc-link ez-toc-heading-1\" href=\"https:\/\/mythslegendes.com\/es\/mitologia-iberica\/la-ciudad-de-tartessos\/#Tartessos\" >Tartessos<\/a><\/li><\/ul><\/nav><\/div>\n<h2><span class=\"ez-toc-section\" id=\"Tartessos\"><\/span>Tartessos<span class=\"ez-toc-section-end\"><\/span><\/h2>\n<p>El pueblo <a href=\"https:\/\/mythslegendes.com\/es\/mitologia-punica-fenicia-cartaginesa\/\">fenicio<\/a> incluso se hab\u00eda asentado en una peque\u00f1a parte de esta comarca (la actual ciudad de C\u00e1diz), lo que tuvo como efecto estimular el comercio entre los tartesos, cuyas tierras eran ricas en cobre y plata, y la navegaci\u00f3n a otras tierras. Los tartesios se convirtieron as\u00ed posteriormente en los principales productores de bronce y plata del Mediterr\u00e1neo.<br \/><br \/>No disponemos de datos del pueblo de Tartessos posterior al a\u00f1o 500 d.C., lo que se explicar\u00eda porque este pueblo habr\u00eda sido barrido por la gente de la Ciudad de <a href=\"https:\/\/mythslegendes.com\/es\/mitologia-punica-fenicia-cartaginesa\/\">Cartago<\/a> por su alianza con los griegos. Se habr\u00eda reconstruido una ciudad, y el pueblo romano tambi\u00e9n tom\u00f3 el nombre de Tartessos en sus mapas, pero finalmente no qued\u00f3 ni rastro de este reino.<br \/><br \/>Sin embargo, no es seguro que existiera incluso antes una Ciudad de Tartessos en sentido propio, pero es probable que la capital del pueblo de Tartessos fuera Turpa (la actual Santa Mar\u00eda). Los griegos de Elis y Olimpia afirmaban, sin embargo, que Tartessos, el r\u00edo en tierra ib\u00e9rica que desemboca en el mar por dos bocas, englobar\u00eda entre estas dos bocas una ciudad del mismo nombre. Esta ciudad tambi\u00e9n se menciona en la Biblia con el nombre de Tarsis.<br \/><br \/>Este misterio en torno a una existencia real de una Ciudad de Tartessos refuerza la posibilidad de que pueda ser un pretendiente al t\u00edtulo de la famosa civilizaci\u00f3n perdida de la Atl\u00e1ntida. En efecto, su posici\u00f3n en relaci\u00f3n con el r\u00edo Tartessos, hac\u00eda que la ciudad pudiera ser invadida por una repentina crecida de agua. Por lo tanto, los cimientos de esta ciudad estar\u00edan actualmente enterrados bajo las arenas movedizas de la regi\u00f3n.<\/p>\n<p><\/p>\n<p><\/p>\n<figure class=\"wp-block-image\"><img fetchpriority=\"high\" decoding=\"async\" class=\"alignnone\" src=\"https:\/\/upload.wikimedia.org\/wikipedia\/commons\/thumb\/c\/ca\/Tartessos.png\/800px-Tartessos.png\" alt=\"Tartessos\" width=\"800\" height=\"476\" title=\"\"><\/figure>\n<p><\/p>\t\t\t\t\t\t\t\t<\/div>\n\t\t\t\t<\/div>\n\t\t\t\t\t<\/div>\n\t\t<\/div>\n\t\t\t\t\t<\/div>\n\t\t<\/section>\n\t\t\t\t<\/div>","protected":false},"excerpt":{"rendered":"<p>Wiki Mitolog\u00eda Ib\u00e9rica Tartessos es el nombre de la primera civilizaci\u00f3n occidental conocida por los griegos. Esta civilizaci\u00f3n se form\u00f3... <\/p>","protected":false},"author":1,"featured_media":0,"parent":2187,"menu_order":0,"comment_status":"closed","ping_status":"closed","template":"","meta":{"footnotes":""},"class_list":["post-2220","page","type-page","status-publish","hentry"],"amp_enabled":true,"_links":{"self":[{"href":"https:\/\/mythslegendes.com\/es\/wp-json\/wp\/v2\/pages\/2220","targetHints":{"allow":["GET"]}}],"collection":[{"href":"https:\/\/mythslegendes.com\/es\/wp-json\/wp\/v2\/pages"}],"about":[{"href":"https:\/\/mythslegendes.com\/es\/wp-json\/wp\/v2\/types\/page"}],"author":[{"embeddable":true,"href":"https:\/\/mythslegendes.com\/es\/wp-json\/wp\/v2\/users\/1"}],"replies":[{"embeddable":true,"href":"https:\/\/mythslegendes.com\/es\/wp-json\/wp\/v2\/comments?post=2220"}],"version-history":[{"count":0,"href":"https:\/\/mythslegendes.com\/es\/wp-json\/wp\/v2\/pages\/2220\/revisions"}],"up":[{"embeddable":true,"href":"https:\/\/mythslegendes.com\/es\/wp-json\/wp\/v2\/pages\/2187"}],"wp:attachment":[{"href":"https:\/\/mythslegendes.com\/es\/wp-json\/wp\/v2\/media?parent=2220"}],"curies":[{"name":"wp","href":"https:\/\/api.w.org\/{rel}","templated":true}]}}