{"id":22204,"date":"2022-08-04T12:31:24","date_gmt":"2022-08-04T12:31:24","guid":{"rendered":"https:\/\/mythslegendes.com\/?page_id=22204"},"modified":"2022-08-04T12:40:53","modified_gmt":"2022-08-04T12:40:53","slug":"conte-basque-acheria-le-renard","status":"publish","type":"page","link":"https:\/\/mythslegendes.com\/es\/mitologia-vasca\/cuento-vasco-acheria-el-zorro\/","title":{"rendered":"Acheria el zorro"},"content":{"rendered":"<div data-elementor-type=\"wp-page\" data-elementor-id=\"22204\" class=\"elementor elementor-22204\">\n\t\t\t\t\t\t<section class=\"elementor-section elementor-top-section elementor-element elementor-element-93387c1 elementor-section-boxed elementor-section-height-default elementor-section-height-default\" data-id=\"93387c1\" data-element_type=\"section\" data-e-type=\"section\">\n\t\t\t\t\t\t<div class=\"elementor-container elementor-column-gap-default\">\n\t\t\t\t\t<div class=\"elementor-column elementor-col-50 elementor-top-column elementor-element elementor-element-e06a23c\" data-id=\"e06a23c\" data-element_type=\"column\" data-e-type=\"column\">\n\t\t\t<div class=\"elementor-widget-wrap elementor-element-populated\">\n\t\t\t\t\t\t<div class=\"elementor-element elementor-element-701adf4 elementor-align-justify elementor-widget elementor-widget-button\" data-id=\"701adf4\" data-element_type=\"widget\" data-e-type=\"widget\" data-widget_type=\"button.default\">\n\t\t\t\t<div class=\"elementor-widget-container\">\n\t\t\t\t\t\t\t\t\t<div class=\"elementor-button-wrapper\">\n\t\t\t\t\t<a class=\"elementor-button elementor-button-link elementor-size-sm\" href=\"https:\/\/mythslegendes.com\/es\/mitologia-vasca\/\">\n\t\t\t\t\t\t<span class=\"elementor-button-content-wrapper\">\n\t\t\t\t\t\t\t\t\t<span class=\"elementor-button-text\">Mitolog\u00eda vasca<\/span>\n\t\t\t\t\t<\/span>\n\t\t\t\t\t<\/a>\n\t\t\t\t<\/div>\n\t\t\t\t\t\t\t\t<\/div>\n\t\t\t\t<\/div>\n\t\t\t\t\t<\/div>\n\t\t<\/div>\n\t\t\t\t<div class=\"elementor-column elementor-col-50 elementor-top-column elementor-element elementor-element-a9948fb\" data-id=\"a9948fb\" data-element_type=\"column\" data-e-type=\"column\">\n\t\t\t<div class=\"elementor-widget-wrap elementor-element-populated\">\n\t\t\t\t\t\t<div class=\"elementor-element elementor-element-17e215a elementor-align-justify elementor-widget elementor-widget-button\" data-id=\"17e215a\" data-element_type=\"widget\" data-e-type=\"widget\" data-widget_type=\"button.default\">\n\t\t\t\t<div class=\"elementor-widget-container\">\n\t\t\t\t\t\t\t\t\t<div class=\"elementor-button-wrapper\">\n\t\t\t\t\t<a class=\"elementor-button elementor-button-link elementor-size-sm\" href=\"https:\/\/www.sacred-texts.com\/neu\/basque\/bl\/index.htm\" target=\"_blank\" rel=\"noopener\">\n\t\t\t\t\t\t<span class=\"elementor-button-content-wrapper\">\n\t\t\t\t\t\t\t\t\t<span class=\"elementor-button-text\">Wiki<\/span>\n\t\t\t\t\t<\/span>\n\t\t\t\t\t<\/a>\n\t\t\t\t<\/div>\n\t\t\t\t\t\t\t\t<\/div>\n\t\t\t\t<\/div>\n\t\t\t\t\t<\/div>\n\t\t<\/div>\n\t\t\t\t\t<\/div>\n\t\t<\/section>\n\t\t\t\t<section class=\"elementor-section elementor-top-section elementor-element elementor-element-a2ccea6 elementor-section-boxed elementor-section-height-default elementor-section-height-default\" data-id=\"a2ccea6\" data-element_type=\"section\" data-e-type=\"section\">\n\t\t\t\t\t\t<div class=\"elementor-container elementor-column-gap-default\">\n\t\t\t\t\t<div class=\"elementor-column elementor-col-100 elementor-top-column elementor-element elementor-element-e857239\" data-id=\"e857239\" data-element_type=\"column\" data-e-type=\"column\">\n\t\t\t<div class=\"elementor-widget-wrap elementor-element-populated\">\n\t\t\t\t\t\t<div class=\"elementor-element elementor-element-7524c67 elementor-widget elementor-widget-text-editor\" data-id=\"7524c67\" data-element_type=\"widget\" data-e-type=\"widget\" data-widget_type=\"text-editor.default\">\n\t\t\t\t<div class=\"elementor-widget-container\">\n\t\t\t\t\t\t\t\t\t<p>aqu\u00ed est\u00e1 el cuento <a href=\"https:\/\/mythslegendes.com\/es\/mitologia-vasca\/\">vasco<\/a> en Acheria el Zorro.<\/p><p><img decoding=\"async\" class=\"alignnone wp-image-9347 size-full\" src=\"http:\/\/mythslegendes.com\/wp-content\/uploads\/2020\/09\/cropped-AlphaOmega-e1602613368367.png\" alt=\"Acheria el zorro\" width=\"25\" height=\"25\" title=\"\"><\/p>\t\t\t\t\t\t\t\t<\/div>\n\t\t\t\t<\/div>\n\t\t\t\t\t<\/div>\n\t\t<\/div>\n\t\t\t\t\t<\/div>\n\t\t<\/section>\n\t\t\t\t<section class=\"elementor-section elementor-top-section elementor-element elementor-element-0e8e3d1 elementor-section-boxed elementor-section-height-default elementor-section-height-default\" data-id=\"0e8e3d1\" data-element_type=\"section\" data-e-type=\"section\">\n\t\t\t\t\t\t<div class=\"elementor-container elementor-column-gap-default\">\n\t\t\t\t\t<div class=\"elementor-column elementor-col-100 elementor-top-column elementor-element elementor-element-35354d9\" data-id=\"35354d9\" data-element_type=\"column\" data-e-type=\"column\">\n\t\t\t<div class=\"elementor-widget-wrap elementor-element-populated\">\n\t\t\t\t\t\t<div class=\"elementor-element elementor-element-56b566d elementor-widget elementor-widget-heading\" data-id=\"56b566d\" data-element_type=\"widget\" data-e-type=\"widget\" data-widget_type=\"heading.default\">\n\t\t\t\t<div class=\"elementor-widget-container\">\n\t\t\t\t\t<div id=\"ez-toc-container\" class=\"ez-toc-v2_0_82_2 counter-hierarchy ez-toc-counter ez-toc-grey ez-toc-container-direction\">\n<div class=\"ez-toc-title-container\">\n<p class=\"ez-toc-title\" style=\"cursor:inherit\">Contenido<\/p>\n<span class=\"ez-toc-title-toggle\"><a href=\"#\" class=\"ez-toc-pull-right ez-toc-btn ez-toc-btn-xs ez-toc-btn-default ez-toc-toggle\" aria-label=\"Alternar tabla de contenidos\"><span class=\"ez-toc-js-icon-con\"><span class=\"\"><span class=\"eztoc-hide\" style=\"display:none;\">Palanca<\/span><span class=\"ez-toc-icon-toggle-span\"><svg style=\"fill: #999;color:#999\" xmlns=\"http:\/\/www.w3.org\/2000\/svg\" class=\"list-377408\" width=\"20px\" height=\"20px\" viewbox=\"0 0 24 24\" fill=\"none\"><path d=\"M6 6H4v2h2V6zm14 0H8v2h12V6zM4 11h2v2H4v-2zm16 0H8v2h12v-2zM4 16h2v2H4v-2zm16 0H8v2h12v-2z\" fill=\"currentColor\"><\/path><\/svg><svg style=\"fill: #999;color:#999\" class=\"arrow-unsorted-368013\" xmlns=\"http:\/\/www.w3.org\/2000\/svg\" width=\"10px\" height=\"10px\" viewbox=\"0 0 24 24\" version=\"1.2\" baseprofile=\"tiny\"><path d=\"M18.2 9.3l-6.2-6.3-6.2 6.3c-.2.2-.3.4-.3.7s.1.5.3.7c.2.2.4.3.7.3h11c.3 0 .5-.1.7-.3.2-.2.3-.5.3-.7s-.1-.5-.3-.7zM5.8 14.7l6.2 6.3 6.2-6.3c.2-.2.3-.5.3-.7s-.1-.5-.3-.7c-.2-.2-.4-.3-.7-.3h-11c-.3 0-.5.1-.7.3-.2.2-.3.5-.3.7s.1.5.3.7z\"\/><\/svg><\/span><\/span><\/span><\/a><\/span><\/div>\n<nav><ul class='ez-toc-list ez-toc-list-level-1' ><li class='ez-toc-page-1 ez-toc-heading-level-2'><a class=\"ez-toc-link ez-toc-heading-1\" href=\"https:\/\/mythslegendes.com\/es\/mitologia-vasca\/cuento-vasco-acheria-el-zorro\/#Acheria-le-Renard\" >Acheria el zorro<\/a><\/li><\/ul><\/nav><\/div>\n<h2 class=\"elementor-heading-title elementor-size-default\"><span class=\"ez-toc-section\" id=\"Acheria-le-Renard\"><\/span>Acheria el zorro<span class=\"ez-toc-section-end\"><\/span><\/h2>\t\t\t\t<\/div>\n\t\t\t\t<\/div>\n\t\t\t\t\t<\/div>\n\t\t<\/div>\n\t\t\t\t\t<\/div>\n\t\t<\/section>\n\t\t\t\t<section class=\"elementor-section elementor-top-section elementor-element elementor-element-135530a elementor-section-boxed elementor-section-height-default elementor-section-height-default\" data-id=\"135530a\" data-element_type=\"section\" data-e-type=\"section\">\n\t\t\t\t\t\t<div class=\"elementor-container elementor-column-gap-default\">\n\t\t\t\t\t<div class=\"elementor-column elementor-col-100 elementor-top-column elementor-element elementor-element-1eb0483\" data-id=\"1eb0483\" data-element_type=\"column\" data-e-type=\"column\">\n\t\t\t<div class=\"elementor-widget-wrap elementor-element-populated\">\n\t\t\t\t\t\t<div class=\"elementor-element elementor-element-1628223 elementor-widget elementor-widget-text-editor\" data-id=\"1628223\" data-element_type=\"widget\" data-e-type=\"widget\" data-widget_type=\"text-editor.default\">\n\t\t\t\t<div class=\"elementor-widget-container\">\n\t\t\t\t\t\t\t\t\t<p>Un d\u00eda un zorro ten\u00eda hambre. No sab\u00eda qu\u00e9 pensar. Ve\u00eda pasar todos los d\u00edas a un pastor con su reba\u00f1o, y se dec\u00eda a s\u00ed mismo que deb\u00eda robarle su leche y su queso, y hacer un buen fest\u00edn; pero necesitaba a alguien que lo ayudara a hacer cualquier cosa. As\u00ed que va en busca de un lobo y le dice:<\/p><p>\u201c\u00a1Lobo, lobo! deber\u00edamos darnos un fest\u00edn con esa leche y ese queso de pastor. T\u00fa, ir\u00e1s donde pastan los reba\u00f1os, y de lejos tendr\u00e1s que aullar: &#039;Uhur, uhur, uhur&#039;. El hombre, despu\u00e9s de orde\u00f1ar sus ovejas, las lleva al campo, con su perro, temprano en la ma\u00f1ana, y se detiene en su casa para hacer su trabajo, y luego hace su queso; y, cuando empieces a aullar, &#039;Uhur, uhur&#039;, y el perro ladre, el pastor dejar\u00e1 todo lo dem\u00e1s y se ir\u00e1. Mientras tanto, robar\u00e9 la leche y la compartiremos cuando vengas a m\u00ed.<\/p><p>El lobo accedi\u00f3 a hacer un fest\u00edn y se fue. Hizo exactamente lo que le dijo el zorro. El perro empez\u00f3 a ladrar cuando el lobo se acerc\u00f3. Y cuando el hombre oy\u00f3 esto, se fue, dej\u00e1ndolo todo, y nuestra zorra se fue y rob\u00f3 el florero en que estaba la cuajada. \u00bfQu\u00e9 hace entonces, antes de que llegue el lobo? Remueve suavemente, suavemente la crema, finamente, finamente, y se come todo el contenido de la jarra.\u00a0<\/p><p>Despu\u00e9s de haber comido todo, lo llena de tierra, y vuelve a ponerle la crema, y espera al lobo en el lugar que le hab\u00eda indicado. El zorro le dice, ya que es \u00e9l quien debe hacer la divisi\u00f3n, que como el de arriba es mucho mejor que el de abajo, el que elija esto tendr\u00e1 s\u00f3lo eso, y el otro todo lo dem\u00e1s. \u201cAhora elige lo que te gustar\u00eda. \u00bb<\/p><p>El lobo le dijo:<\/p><p>\u201cNo quiero lo de arriba, prefiero lo de abajo. \u00bb<\/p><p>Luego, el zorro toma el control y le da al pobre lobo el jarr\u00f3n lleno de tierra. 1 Al ver esto, el lobo se enoj\u00f3; pero el zorro le dijo:<\/p><p>&quot; No es mi culpa. Aparentemente, al pastor le gusta eso. \u00bb<\/p><p>Y el zorro va lleno.<\/p><p>Otro d\u00eda, volvi\u00f3 a tener mucha hambre y no sab\u00eda qu\u00e9 hacer. Todos los d\u00edas ve\u00eda pasar a un ni\u00f1o por el camino con la cena de su padre. Le dice a un mirlo,<\/p><p>&quot;Merle, \u00bfno sabes lo que tenemos que hacer?&quot; Deber\u00edamos cenar. Un ni\u00f1o pasar\u00e1 justo por aqu\u00ed. Ir\u00e1s delante de \u00e9l, y cuando el chico te alcance, ir\u00e1s un poco m\u00e1s lejos, cojeando, y cuando hayas hecho eso un poco, el chico se impacientar\u00e1, y dejar\u00e1 su canasta. para atraparte m\u00e1s r\u00e1pido. Tomar\u00e9 la canasta e ir\u00e9 a un lugar as\u00ed, la compartiremos y tendremos una buena cena. \u00bb<\/p><p>El mirlo le dice: &quot;S\u00ed&quot;.<\/p><p>Cuando pasa el ni\u00f1o, el mirlo pasa al ni\u00f1o cojeando, cojeando. Cuando el ni\u00f1o se agacha (para atraparlo), el mirlo escapa un poco m\u00e1s. Finalmente el camarero, impaciente, deja su cesta en el suelo, para ir m\u00e1s deprisa tras el mirlo. El zorro, que estaba pendiente para apoderarse del cesto, va con \u00e9l, no al lugar convenido, sino a su madriguera, y all\u00ed se atiborra, comiendo la parte del mirlo al mismo tiempo que la suya. .<\/p><p>Entonces se dijo a s\u00ed mismo,<\/p><p>\u201cNo har\u00e9 nada para detenerme aqu\u00ed. El lobo es mi enemigo, y el mirlo tambi\u00e9n. Algo me pasar\u00e1 si me quedo aqu\u00ed. Tengo que ir al otro lado del agua.<\/p><p>\u00c9l va y se para al borde del agua. Por casualidad pas\u00f3 un barquero, y le dijo:<\/p><p>&quot;\u00a1Guau! hombre, oye! \u00bfQuieres cruzar esta agua por m\u00ed? Te dir\u00e9 tres verdades. \u00bb<\/p><p>El hombre dijo: \u201cS\u00ed. \u00bb<\/p><p>El zorro salta (a la barca), y comienza a decir:<\/p><p>\u201cLa gente dice que el pan de ma\u00edz es tan bueno como el pan de trigo. Es una mentira. El pan de trigo es mejor. Es la verdad. \u00bb<\/p><p>Cuando estaba en medio del r\u00edo, dijo:<\/p><p>\u201cLa gente tambi\u00e9n dice: &#039;\u00a1Qu\u00e9 hermosa noche, es tan claro como el d\u00eda!&#039; Es una mentira. El d\u00eda es siempre m\u00e1s brillante. Esta es la segunda verdad.<\/p><p>Y le dijo el tercero mientras se acercaban al banco.<\/p><p>&quot; \u00a1Vaya! amigo, amigo, tienes malos pantalones, y van a empeorar si no superas a las personas que te pagan m\u00e1s que a m\u00ed. \u00bb<\/p><p>\u201cEso es muy cierto,\u201d dijo el hombre; y el zorro salt\u00f3 hacia abajo.<\/p><p>As\u00ed que estaba junto al r\u00edo y aprend\u00ed estas tres verdades, y nunca las he olvidado desde entonces.<\/p>\t\t\t\t\t\t\t\t<\/div>\n\t\t\t\t<\/div>\n\t\t\t\t\t<\/div>\n\t\t<\/div>\n\t\t\t\t\t<\/div>\n\t\t<\/section>\n\t\t\t\t<\/div>","protected":false},"excerpt":{"rendered":"<p>Mythologie Basque Wiki Voici le conte basque sur Acheria le Renard. Acheria le Renard NE jour un renard avait faim. &hellip; <\/p>","protected":false},"author":1,"featured_media":0,"parent":1004,"menu_order":0,"comment_status":"closed","ping_status":"closed","template":"","meta":{"footnotes":""},"class_list":["post-22204","page","type-page","status-publish","hentry"],"amp_enabled":true,"_links":{"self":[{"href":"https:\/\/mythslegendes.com\/es\/wp-json\/wp\/v2\/pages\/22204","targetHints":{"allow":["GET"]}}],"collection":[{"href":"https:\/\/mythslegendes.com\/es\/wp-json\/wp\/v2\/pages"}],"about":[{"href":"https:\/\/mythslegendes.com\/es\/wp-json\/wp\/v2\/types\/page"}],"author":[{"embeddable":true,"href":"https:\/\/mythslegendes.com\/es\/wp-json\/wp\/v2\/users\/1"}],"replies":[{"embeddable":true,"href":"https:\/\/mythslegendes.com\/es\/wp-json\/wp\/v2\/comments?post=22204"}],"version-history":[{"count":3,"href":"https:\/\/mythslegendes.com\/es\/wp-json\/wp\/v2\/pages\/22204\/revisions"}],"predecessor-version":[{"id":22211,"href":"https:\/\/mythslegendes.com\/es\/wp-json\/wp\/v2\/pages\/22204\/revisions\/22211"}],"up":[{"embeddable":true,"href":"https:\/\/mythslegendes.com\/es\/wp-json\/wp\/v2\/pages\/1004"}],"wp:attachment":[{"href":"https:\/\/mythslegendes.com\/es\/wp-json\/wp\/v2\/media?parent=22204"}],"curies":[{"name":"wp","href":"https:\/\/api.w.org\/{rel}","templated":true}]}}