{"id":2227,"date":"2020-07-10T11:31:26","date_gmt":"2020-07-10T10:31:26","guid":{"rendered":"https:\/\/mythslegendes.com\/?page_id=2227"},"modified":"2022-12-03T22:07:06","modified_gmt":"2022-12-03T22:07:06","slug":"les-contes-de-lalhambra","status":"publish","type":"page","link":"https:\/\/mythslegendes.com\/es\/mitologia-iberica\/los-cuentos-de-lalhambra\/","title":{"rendered":"Cuentos de la Alhambra"},"content":{"rendered":"<div data-elementor-type=\"wp-page\" data-elementor-id=\"2227\" class=\"elementor elementor-2227\">\n\t\t\t\t\t\t<section class=\"elementor-section elementor-top-section elementor-element elementor-element-5b1036f elementor-section-boxed elementor-section-height-default elementor-section-height-default\" data-id=\"5b1036f\" data-element_type=\"section\" data-e-type=\"section\">\n\t\t\t\t\t\t<div class=\"elementor-container elementor-column-gap-default\">\n\t\t\t\t\t<div class=\"elementor-column elementor-col-50 elementor-top-column elementor-element elementor-element-b7ed884\" data-id=\"b7ed884\" data-element_type=\"column\" data-e-type=\"column\">\n\t\t\t<div class=\"elementor-widget-wrap elementor-element-populated\">\n\t\t\t\t\t\t<div class=\"elementor-element elementor-element-ae6e285 elementor-align-justify elementor-widget elementor-widget-button\" data-id=\"ae6e285\" data-element_type=\"widget\" data-e-type=\"widget\" data-widget_type=\"button.default\">\n\t\t\t\t<div class=\"elementor-widget-container\">\n\t\t\t\t\t\t\t\t\t<div class=\"elementor-button-wrapper\">\n\t\t\t\t\t<a class=\"elementor-button elementor-button-link elementor-size-sm\" href=\"https:\/\/mythslegendes.com\/es\/mitologia-iberica\/\">\n\t\t\t\t\t\t<span class=\"elementor-button-content-wrapper\">\n\t\t\t\t\t\t\t\t\t<span class=\"elementor-button-text\">Mitolog\u00eda ib\u00e9rica<\/span>\n\t\t\t\t\t<\/span>\n\t\t\t\t\t<\/a>\n\t\t\t\t<\/div>\n\t\t\t\t\t\t\t\t<\/div>\n\t\t\t\t<\/div>\n\t\t\t\t\t<\/div>\n\t\t<\/div>\n\t\t\t\t<div class=\"elementor-column elementor-col-50 elementor-top-column elementor-element elementor-element-8e606ef\" data-id=\"8e606ef\" data-element_type=\"column\" data-e-type=\"column\">\n\t\t\t<div class=\"elementor-widget-wrap elementor-element-populated\">\n\t\t\t\t\t\t<div class=\"elementor-element elementor-element-9b0d8fa elementor-align-justify elementor-widget elementor-widget-button\" data-id=\"9b0d8fa\" data-element_type=\"widget\" data-e-type=\"widget\" data-widget_type=\"button.default\">\n\t\t\t\t<div class=\"elementor-widget-container\">\n\t\t\t\t\t\t\t\t\t<div class=\"elementor-button-wrapper\">\n\t\t\t\t\t<a class=\"elementor-button elementor-button-link elementor-size-sm\" href=\"https:\/\/en.wikipedia.org\/wiki\/Spanish_mythology\" target=\"_blank\" rel=\"noopener\">\n\t\t\t\t\t\t<span class=\"elementor-button-content-wrapper\">\n\t\t\t\t\t\t\t\t\t<span class=\"elementor-button-text\">Wiki<\/span>\n\t\t\t\t\t<\/span>\n\t\t\t\t\t<\/a>\n\t\t\t\t<\/div>\n\t\t\t\t\t\t\t\t<\/div>\n\t\t\t\t<\/div>\n\t\t\t\t\t<\/div>\n\t\t<\/div>\n\t\t\t\t\t<\/div>\n\t\t<\/section>\n\t\t\t\t<section class=\"elementor-section elementor-top-section elementor-element elementor-element-64a72751 elementor-section-boxed elementor-section-height-default elementor-section-height-default\" data-id=\"64a72751\" data-element_type=\"section\" data-e-type=\"section\">\n\t\t\t\t\t\t<div class=\"elementor-container elementor-column-gap-default\">\n\t\t\t\t\t<div class=\"elementor-column elementor-col-100 elementor-top-column elementor-element elementor-element-3c20e88f\" data-id=\"3c20e88f\" data-element_type=\"column\" data-e-type=\"column\">\n\t\t\t<div class=\"elementor-widget-wrap elementor-element-populated\">\n\t\t\t\t\t\t<div class=\"elementor-element elementor-element-22ad87b4 elementor-widget elementor-widget-text-editor\" data-id=\"22ad87b4\" data-element_type=\"widget\" data-e-type=\"widget\" data-widget_type=\"text-editor.default\">\n\t\t\t\t<div class=\"elementor-widget-container\">\n\t\t\t\t\t\t\t\t\t<p><\/p>\n<p>En 1832, Washington Irving, un talentoso escritor estadounidense a quien debemos\u00a0<em>Sleepy Hollow: El <a href=\"https:\/\/mythslegendes.com\/es\/\">Leyenda<\/a> jinete sin cabeza<\/em>, publicar\u00a0<em>Cuentos de la Alhambra<\/em>. El novelista, ensayista y bi\u00f3grafo retrata los rasgos de Granada, su ambiente rom\u00e1ntico, sus tradiciones, pero tambi\u00e9n su <a href=\"https:\/\/mythslegendes.com\/es\/\">leyendas<\/a> los alrededores de la Alhambra donde \u00e9l mismo vivi\u00f3 unos a\u00f1os.<\/p>\n<p><img decoding=\"async\" class=\"alignnone wp-image-5284 size-full\" src=\"https:\/\/mythslegendes.com\/wp-content\/uploads\/2020\/09\/AlphaOmega-e1602613368367.png\" alt=\"Los cuentos de la Alhambra\" width=\"25\" height=\"26\" title=\"\"><\/p>\n<div id=\"ez-toc-container\" class=\"ez-toc-v2_0_82_2 counter-hierarchy ez-toc-counter ez-toc-grey ez-toc-container-direction\">\n<div class=\"ez-toc-title-container\">\n<p class=\"ez-toc-title\" style=\"cursor:inherit\">Contenido<\/p>\n<span class=\"ez-toc-title-toggle\"><a href=\"#\" class=\"ez-toc-pull-right ez-toc-btn ez-toc-btn-xs ez-toc-btn-default ez-toc-toggle\" aria-label=\"Alternar tabla de contenidos\"><span class=\"ez-toc-js-icon-con\"><span class=\"\"><span class=\"eztoc-hide\" style=\"display:none;\">Palanca<\/span><span class=\"ez-toc-icon-toggle-span\"><svg style=\"fill: #999;color:#999\" xmlns=\"http:\/\/www.w3.org\/2000\/svg\" class=\"list-377408\" width=\"20px\" height=\"20px\" viewbox=\"0 0 24 24\" fill=\"none\"><path d=\"M6 6H4v2h2V6zm14 0H8v2h12V6zM4 11h2v2H4v-2zm16 0H8v2h12v-2zM4 16h2v2H4v-2zm16 0H8v2h12v-2z\" fill=\"currentColor\"><\/path><\/svg><svg style=\"fill: #999;color:#999\" class=\"arrow-unsorted-368013\" xmlns=\"http:\/\/www.w3.org\/2000\/svg\" width=\"10px\" height=\"10px\" viewbox=\"0 0 24 24\" version=\"1.2\" baseprofile=\"tiny\"><path d=\"M18.2 9.3l-6.2-6.3-6.2 6.3c-.2.2-.3.4-.3.7s.1.5.3.7c.2.2.4.3.7.3h11c.3 0 .5-.1.7-.3.2-.2.3-.5.3-.7s-.1-.5-.3-.7zM5.8 14.7l6.2 6.3 6.2-6.3c.2-.2.3-.5.3-.7s-.1-.5-.3-.7c-.2-.2-.4-.3-.7-.3h-11c-.3 0-.5.1-.7.3-.2.2-.3.5-.3.7s.1.5.3.7z\"\/><\/svg><\/span><\/span><\/span><\/a><\/span><\/div>\n<nav><ul class='ez-toc-list ez-toc-list-level-1' ><li class='ez-toc-page-1 ez-toc-heading-level-2'><a class=\"ez-toc-link ez-toc-heading-1\" href=\"https:\/\/mythslegendes.com\/es\/mitologia-iberica\/los-cuentos-de-lalhambra\/#Les-Contes-de-lAlhambra\" >Cuentos de la Alhambra<\/a><\/li><li class='ez-toc-page-1 ez-toc-heading-level-2'><a class=\"ez-toc-link ez-toc-heading-2\" href=\"https:\/\/mythslegendes.com\/es\/mitologia-iberica\/los-cuentos-de-lalhambra\/#Legende-de-la-salle-des-Abencerrajes\" >Leyenda de la sala de los Abencerrajes<\/a><\/li><li class='ez-toc-page-1 ez-toc-heading-level-2'><a class=\"ez-toc-link ez-toc-heading-3\" href=\"https:\/\/mythslegendes.com\/es\/mitologia-iberica\/los-cuentos-de-lalhambra\/#Legende-de-la-Porte-de-la-Justice\" >Leyenda de la Puerta de la Justicia<\/a><\/li><li class='ez-toc-page-1 ez-toc-heading-level-2'><a class=\"ez-toc-link ez-toc-heading-4\" href=\"https:\/\/mythslegendes.com\/es\/mitologia-iberica\/los-cuentos-de-lalhambra\/#Legende-de-la-Chaise-du-Maure\" >Leyenda de la Silla del Moro<\/a><\/li><\/ul><\/nav><\/div>\n<h2><span class=\"ez-toc-section\" id=\"Les-Contes-de-lAlhambra\"><\/span><em>Cuentos de la Alhambra<\/em><span class=\"ez-toc-section-end\"><\/span><\/h2>\n<p>Una placa conmemorativa y una estatua rinden homenaje a Irving.\u00a0<em>&quot;Esa fuerte mezcla de sarraceno y g\u00f3tico, que data de la \u00e9poca de los moros, y el car\u00e1cter particular de ciertas escenas callejeras que nos recordaban pasajes de Las mil y una noches&quot;<\/em>, escribe sobre esta obra maestra arquitect\u00f3nica. Pero echemos un vistazo m\u00e1s de cerca a estos mitos mencionados por el autor.<\/p>\n<p><\/p>\n<p><\/p>\n<h2 class=\"wp-block-heading\"><span class=\"ez-toc-section\" id=\"Legende-de-la-salle-des-Abencerrajes\"><\/span>Leyenda de la sala de los Abencerrajes<span class=\"ez-toc-section-end\"><\/span><\/h2>\n<p><\/p>\n<p><\/p>\n<p>Una familia de la nobleza musulmana que una vez vivi\u00f3 en la Alhambra, los Abencerrajes (o Abencerrajes) habr\u00edan sufrido la ira de los Zenetes, sus rivales pol\u00edticos. Cuenta la historia que estos \u00faltimos inventaron una relaci\u00f3n amorosa entre su Sultana y uno de los Abencerrajes, lo que tuvo el efecto de enfurecer al Sult\u00e1n Boabdil, el \u00faltimo emir nazar\u00ed de Granada.<\/p>\n<p><\/p>\n<p><\/p>\n<p>Seg\u00fan la leyenda, entonces organiz\u00f3 una fiesta durante la cual<a href=\"https:\/\/www.buzzerie.com\/people\/lily-allen-etat-islamique\" target=\"_blank\" rel=\"noopener\"> decapitar<\/a> 36 jinetes y miembros de la familia Abencerrajes en el sal\u00f3n sur del Patio de los Leones que hoy lleva su nombre. El color rojizo de la piedra de la fuente vendr\u00eda de esta sangrienta masacre. Pero seg\u00fan Washington Irving estos hechos no ser\u00edan reales y emanar\u00edan de una confusi\u00f3n hist\u00f3rica con los antiguos emires nazar\u00edes.<\/p>\n<p><\/p>\n<p><\/p>\n<h2 class=\"wp-block-heading\"><span class=\"ez-toc-section\" id=\"Legende-de-la-Porte-de-la-Justice\"><\/span>Leyenda de la Puerta de la Justicia<span class=\"ez-toc-section-end\"><\/span><\/h2>\n<p><\/p>\n<p><\/p>\n<p>En la puerta de la Torre de la Justicia, una de las principales entradas a la Alhambra, se representa en el arco interior una llave. El arco exterior est\u00e1 adornado con una mano cuyos dedos simbolizan los cinco pilares del Islam (creencia en un solo Dios, las cinco oraciones diarias, limosna, ayuno y peregrinaci\u00f3n a La Meca). Dice la leyenda que el d\u00eda en que se juntar\u00e1n esta llave y esta mano, es decir, en que se derrumbar\u00e1 la Alhambra, coincidir\u00e1 con el fin del mundo.<\/p>\n<p><\/p>\n<p><\/p>\n<h2 class=\"wp-block-heading\"><span class=\"ez-toc-section\" id=\"Legende-de-la-Chaise-du-Maure\"><\/span>Leyenda de la Silla del Moro<span class=\"ez-toc-section-end\"><\/span><\/h2>\n<p><\/p>\n<p><\/p>\n<p>M\u00e1s arriba en la colina de la Sabika, donde se encuentra la Alhambra, hay una silla muy especial. Fue en este mismo lugar donde Boabdil el Moro vio impotente durante su reinado c\u00f3mo crec\u00eda la revuelta en su ciudad de Granada. Desde all\u00ed arriba, pudo contemplar el alcance de los da\u00f1os causados por esta insurrecci\u00f3n en los palacios nazar\u00edes y en toda la ciudad andaluza.<\/p>\n<p><\/p>\t\t\t\t\t\t\t\t<\/div>\n\t\t\t\t<\/div>\n\t\t\t\t\t<\/div>\n\t\t<\/div>\n\t\t\t\t\t<\/div>\n\t\t<\/section>\n\t\t\t\t<\/div>","protected":false},"excerpt":{"rendered":"<p>Wiki Mitolog\u00eda Ib\u00e9rica En 1832, Washington Irving, un talentoso escritor estadounidense a quien le debemos Sleepy Hollow: La Leyenda de \u2026 <\/p>","protected":false},"author":1,"featured_media":0,"parent":2187,"menu_order":0,"comment_status":"closed","ping_status":"closed","template":"","meta":{"footnotes":""},"class_list":["post-2227","page","type-page","status-publish","hentry"],"amp_enabled":true,"_links":{"self":[{"href":"https:\/\/mythslegendes.com\/es\/wp-json\/wp\/v2\/pages\/2227","targetHints":{"allow":["GET"]}}],"collection":[{"href":"https:\/\/mythslegendes.com\/es\/wp-json\/wp\/v2\/pages"}],"about":[{"href":"https:\/\/mythslegendes.com\/es\/wp-json\/wp\/v2\/types\/page"}],"author":[{"embeddable":true,"href":"https:\/\/mythslegendes.com\/es\/wp-json\/wp\/v2\/users\/1"}],"replies":[{"embeddable":true,"href":"https:\/\/mythslegendes.com\/es\/wp-json\/wp\/v2\/comments?post=2227"}],"version-history":[{"count":1,"href":"https:\/\/mythslegendes.com\/es\/wp-json\/wp\/v2\/pages\/2227\/revisions"}],"predecessor-version":[{"id":24744,"href":"https:\/\/mythslegendes.com\/es\/wp-json\/wp\/v2\/pages\/2227\/revisions\/24744"}],"up":[{"embeddable":true,"href":"https:\/\/mythslegendes.com\/es\/wp-json\/wp\/v2\/pages\/2187"}],"wp:attachment":[{"href":"https:\/\/mythslegendes.com\/es\/wp-json\/wp\/v2\/media?parent=2227"}],"curies":[{"name":"wp","href":"https:\/\/api.w.org\/{rel}","templated":true}]}}