{"id":22275,"date":"2022-08-07T15:11:57","date_gmt":"2022-08-07T15:11:57","guid":{"rendered":"https:\/\/mythslegendes.com\/?page_id=22275"},"modified":"2022-08-07T15:14:24","modified_gmt":"2022-08-07T15:14:24","slug":"conte-kiowa-bears-lodge","status":"publish","type":"page","link":"https:\/\/mythslegendes.com\/es\/mitologia-kiowa-comanche\/tale-kiowa-bears-lodge\/","title":{"rendered":"Historia de Kiowa: Bears Lodge"},"content":{"rendered":"<div data-elementor-type=\"wp-page\" data-elementor-id=\"22275\" class=\"elementor elementor-22275\">\n\t\t\t\t\t\t<section class=\"elementor-section elementor-top-section elementor-element elementor-element-7c9a36f elementor-section-boxed elementor-section-height-default elementor-section-height-default\" data-id=\"7c9a36f\" data-element_type=\"section\" data-e-type=\"section\">\n\t\t\t\t\t\t<div class=\"elementor-container elementor-column-gap-default\">\n\t\t\t\t\t<div class=\"elementor-column elementor-col-50 elementor-top-column elementor-element elementor-element-4cfecaa\" data-id=\"4cfecaa\" data-element_type=\"column\" data-e-type=\"column\">\n\t\t\t<div class=\"elementor-widget-wrap elementor-element-populated\">\n\t\t\t\t\t\t<div class=\"elementor-element elementor-element-dee6d4e elementor-align-justify elementor-widget elementor-widget-button\" data-id=\"dee6d4e\" data-element_type=\"widget\" data-e-type=\"widget\" data-widget_type=\"button.default\">\n\t\t\t\t<div class=\"elementor-widget-container\">\n\t\t\t\t\t\t\t\t\t<div class=\"elementor-button-wrapper\">\n\t\t\t\t\t<a class=\"elementor-button elementor-button-link elementor-size-sm\" href=\"https:\/\/mythslegendes.com\/es\/mitologia-kiowa-comanche\/\">\n\t\t\t\t\t\t<span class=\"elementor-button-content-wrapper\">\n\t\t\t\t\t\t\t\t\t<span class=\"elementor-button-text\">Mitolog\u00eda Kiowa-Comanche<\/span>\n\t\t\t\t\t<\/span>\n\t\t\t\t\t<\/a>\n\t\t\t\t<\/div>\n\t\t\t\t\t\t\t\t<\/div>\n\t\t\t\t<\/div>\n\t\t\t\t\t<\/div>\n\t\t<\/div>\n\t\t\t\t<div class=\"elementor-column elementor-col-50 elementor-top-column elementor-element elementor-element-12fcd44\" data-id=\"12fcd44\" data-element_type=\"column\" data-e-type=\"column\">\n\t\t\t<div class=\"elementor-widget-wrap elementor-element-populated\">\n\t\t\t\t\t\t<div class=\"elementor-element elementor-element-64d6e0c elementor-align-justify elementor-widget elementor-widget-button\" data-id=\"64d6e0c\" data-element_type=\"widget\" data-e-type=\"widget\" data-widget_type=\"button.default\">\n\t\t\t\t<div class=\"elementor-widget-container\">\n\t\t\t\t\t\t\t\t\t<div class=\"elementor-button-wrapper\">\n\t\t\t\t\t<a class=\"elementor-button elementor-button-link elementor-size-sm\" href=\"https:\/\/www.firstpeople.us\/FP-Html-Legends\/BearsLodge-Kiowa.html\" target=\"_blank\" rel=\"noopener\">\n\t\t\t\t\t\t<span class=\"elementor-button-content-wrapper\">\n\t\t\t\t\t\t\t\t\t<span class=\"elementor-button-text\">Wiki<\/span>\n\t\t\t\t\t<\/span>\n\t\t\t\t\t<\/a>\n\t\t\t\t<\/div>\n\t\t\t\t\t\t\t\t<\/div>\n\t\t\t\t<\/div>\n\t\t\t\t\t<\/div>\n\t\t<\/div>\n\t\t\t\t\t<\/div>\n\t\t<\/section>\n\t\t\t\t<section class=\"elementor-section elementor-top-section elementor-element elementor-element-d242de5 elementor-section-boxed elementor-section-height-default elementor-section-height-default\" data-id=\"d242de5\" data-element_type=\"section\" data-e-type=\"section\">\n\t\t\t\t\t\t<div class=\"elementor-container elementor-column-gap-default\">\n\t\t\t\t\t<div class=\"elementor-column elementor-col-100 elementor-top-column elementor-element elementor-element-3f1060e\" data-id=\"3f1060e\" data-element_type=\"column\" data-e-type=\"column\">\n\t\t\t<div class=\"elementor-widget-wrap elementor-element-populated\">\n\t\t\t\t\t\t<div class=\"elementor-element elementor-element-77bb1b3 elementor-widget elementor-widget-text-editor\" data-id=\"77bb1b3\" data-element_type=\"widget\" data-e-type=\"widget\" data-widget_type=\"text-editor.default\">\n\t\t\t\t<div class=\"elementor-widget-container\">\n\t\t\t\t\t\t\t\t\t<p>los\u00a0<strong><a href=\"https:\/\/mythslegendes.com\/es\/mitologia-kiowa-comanche\/\">Kiowas<\/a><\/strong> son una naci\u00f3n nativa americana que vivi\u00f3 principalmente en las llanuras del oeste <a href=\"https:\/\/mythslegendes.com\/es\/mythes-et-legendes-muskogeens-2136\/\">Texas<\/a>, Oklahoma y el este de Nuevo M\u00e9xico en el momento de la llegada de los europeos. Aqu\u00ed est\u00e1 su historia: Bears Lodge.<\/p><p><img decoding=\"async\" class=\"alignnone wp-image-9347 size-full\" src=\"http:\/\/mythslegendes.com\/wp-content\/uploads\/2020\/09\/cropped-AlphaOmega-e1602613368367.png\" alt=\"Lodge de osos\" width=\"25\" height=\"25\" title=\"\"><\/p>\t\t\t\t\t\t\t\t<\/div>\n\t\t\t\t<\/div>\n\t\t\t\t\t<\/div>\n\t\t<\/div>\n\t\t\t\t\t<\/div>\n\t\t<\/section>\n\t\t\t\t<section class=\"elementor-section elementor-top-section elementor-element elementor-element-26b50cb elementor-section-boxed elementor-section-height-default elementor-section-height-default\" data-id=\"26b50cb\" data-element_type=\"section\" data-e-type=\"section\">\n\t\t\t\t\t\t<div class=\"elementor-container elementor-column-gap-default\">\n\t\t\t\t\t<div class=\"elementor-column elementor-col-100 elementor-top-column elementor-element elementor-element-7e33eea\" data-id=\"7e33eea\" data-element_type=\"column\" data-e-type=\"column\">\n\t\t\t<div class=\"elementor-widget-wrap elementor-element-populated\">\n\t\t\t\t\t\t<div class=\"elementor-element elementor-element-e5adfd7 elementor-widget elementor-widget-heading\" data-id=\"e5adfd7\" data-element_type=\"widget\" data-e-type=\"widget\" data-widget_type=\"heading.default\">\n\t\t\t\t<div class=\"elementor-widget-container\">\n\t\t\t\t\t<div id=\"ez-toc-container\" class=\"ez-toc-v2_0_82_2 counter-hierarchy ez-toc-counter ez-toc-grey ez-toc-container-direction\">\n<div class=\"ez-toc-title-container\">\n<p class=\"ez-toc-title\" style=\"cursor:inherit\">Contenido<\/p>\n<span class=\"ez-toc-title-toggle\"><a href=\"#\" class=\"ez-toc-pull-right ez-toc-btn ez-toc-btn-xs ez-toc-btn-default ez-toc-toggle\" aria-label=\"Alternar tabla de contenidos\"><span class=\"ez-toc-js-icon-con\"><span class=\"\"><span class=\"eztoc-hide\" style=\"display:none;\">Palanca<\/span><span class=\"ez-toc-icon-toggle-span\"><svg style=\"fill: #999;color:#999\" xmlns=\"http:\/\/www.w3.org\/2000\/svg\" class=\"list-377408\" width=\"20px\" height=\"20px\" viewbox=\"0 0 24 24\" fill=\"none\"><path d=\"M6 6H4v2h2V6zm14 0H8v2h12V6zM4 11h2v2H4v-2zm16 0H8v2h12v-2zM4 16h2v2H4v-2zm16 0H8v2h12v-2z\" fill=\"currentColor\"><\/path><\/svg><svg style=\"fill: #999;color:#999\" class=\"arrow-unsorted-368013\" xmlns=\"http:\/\/www.w3.org\/2000\/svg\" width=\"10px\" height=\"10px\" viewbox=\"0 0 24 24\" version=\"1.2\" baseprofile=\"tiny\"><path d=\"M18.2 9.3l-6.2-6.3-6.2 6.3c-.2.2-.3.4-.3.7s.1.5.3.7c.2.2.4.3.7.3h11c.3 0 .5-.1.7-.3.2-.2.3-.5.3-.7s-.1-.5-.3-.7zM5.8 14.7l6.2 6.3 6.2-6.3c.2-.2.3-.5.3-.7s-.1-.5-.3-.7c-.2-.2-.4-.3-.7-.3h-11c-.3 0-.5.1-.7.3-.2.2-.3.5-.3.7s.1.5.3.7z\"\/><\/svg><\/span><\/span><\/span><\/a><\/span><\/div>\n<nav><ul class='ez-toc-list ez-toc-list-level-1' ><li class='ez-toc-page-1 ez-toc-heading-level-2'><a class=\"ez-toc-link ez-toc-heading-1\" href=\"https:\/\/mythslegendes.com\/es\/mitologia-kiowa-comanche\/tale-kiowa-bears-lodge\/#Bears-Lodge\" >Lodge de osos<\/a><\/li><\/ul><\/nav><\/div>\n<h2 class=\"elementor-heading-title elementor-size-default\"><span class=\"ez-toc-section\" id=\"Bears-Lodge\"><\/span>Lodge de osos<span class=\"ez-toc-section-end\"><\/span><\/h2>\t\t\t\t<\/div>\n\t\t\t\t<\/div>\n\t\t\t\t\t<\/div>\n\t\t<\/div>\n\t\t\t\t\t<\/div>\n\t\t<\/section>\n\t\t\t\t<section class=\"elementor-section elementor-top-section elementor-element elementor-element-9a9815f elementor-section-boxed elementor-section-height-default elementor-section-height-default\" data-id=\"9a9815f\" data-element_type=\"section\" data-e-type=\"section\">\n\t\t\t\t\t\t<div class=\"elementor-container elementor-column-gap-default\">\n\t\t\t\t\t<div class=\"elementor-column elementor-col-100 elementor-top-column elementor-element elementor-element-996c330\" data-id=\"996c330\" data-element_type=\"column\" data-e-type=\"column\">\n\t\t\t<div class=\"elementor-widget-wrap elementor-element-populated\">\n\t\t\t\t\t\t<div class=\"elementor-element elementor-element-ebd499d elementor-widget elementor-widget-text-editor\" data-id=\"ebd499d\" data-element_type=\"widget\" data-e-type=\"widget\" data-widget_type=\"text-editor.default\">\n\t\t\t\t<div class=\"elementor-widget-container\">\n\t\t\t\t\t\t\t\t\t<p>Hace mucho tiempo, un grupo de viajeros del <a href=\"https:\/\/mythslegendes.com\/es\/mitologia-kiowa-comanche\/\">Kiowa<\/a> La gente cruzaba la gran pradera y acamparon junto a un arroyo. Muchos del Pueblo Oso viv\u00edan cerca y ol\u00edan al Pueblo Kiowa. El Pueblo Oso ten\u00eda hambre y algunos de los guerreros osos salieron a cazar al Pueblo Kiowa.<\/p>\n<p>Siete j\u00f3venes del campamento de Kiowa estaban recogiendo bayas a lo largo del arroyo, lejos del campamento. Los osos se les acercaron y gru\u00f1eron para atacar. Las ni\u00f1as corrieron y corrieron, a trav\u00e9s de la pradera abierta, hasta que llegaron a una gran roca gris. Subieron a la roca, pero los osos tambi\u00e9n comenzaron a subir a la roca.<\/p>\n<p>Las chicas comenzaron a cantar una oraci\u00f3n a la roca, pidi\u00e9ndole que las protegiera de la Gente Oso. Nadie hab\u00eda honrado a la roca antes, y la roca accedi\u00f3 a ayudarlos. La roca, que hab\u00eda permanecido en silencio durante siglos, comenz\u00f3 a levantarse y alcanzar el cielo. Las chicas subieron m\u00e1s y m\u00e1s alto mientras la roca se ergu\u00eda. Los guerreros osos comenzaron a cantar a los dioses osos, y los osos se hicieron m\u00e1s altos a medida que se elevaba la roca.<\/p>\n<p>Los osos intentaron y trataron de escalar la roca a medida que se hac\u00eda m\u00e1s empinada y m\u00e1s alta, pero sus enormes garras solo partieron la pared de la roca en miles de tiras a medida que la roca crec\u00eda fuera de su alcance. Pedazos de roca fueron raspados y cortados por miles y cayeron en montones al pie de la roca. La roca estaba cortada y llena de cicatrices en todos sus lados mientras los osos luchaban por escalarla.<\/p>\n<p>Finalmente, los osos abandonaron la caza y se dieron la vuelta para regresar a sus propias casas. Lentamente volvieron a los tama\u00f1os originales. Cuando los enormes osos regresaron a trav\u00e9s de la pradera, haci\u00e9ndose cada vez m\u00e1s peque\u00f1os, los kiowas los vieron y levantaron el campamento. Huyeron atemorizados y, mirando hacia atr\u00e1s, a la imponente monta\u00f1a de roca, supusieron que deb\u00eda ser el albergue de estos osos gigantes. &quot;Tso&#039; Ai&#039;&quot;, dicen algunas personas hoy en d\u00eda, o &quot;Bears&#039; Lodge&quot;.<\/p>\n<p>Las chicas Kiowa ten\u00edan miedo, en lo alto de la roca, y vieron a su Gente levantar el campamento y dejarlos all\u00ed, pensando que los osos ya se hab\u00edan comido a todas las chicas.<\/p>\n<p>Las chicas volvieron a cantar, esta vez a las estrellas. Las estrellas estaban felices de escuchar su canci\u00f3n, y las estrellas bajaron y se llevaron a las siete ni\u00f1as al cielo, las Siete Hermanas, y cada noche pasan por Bears&#039; Lodge y sonr\u00eden en agradecimiento al esp\u00edritu de la roca.<\/p>\t\t\t\t\t\t\t\t<\/div>\n\t\t\t\t<\/div>\n\t\t\t\t\t<\/div>\n\t\t<\/div>\n\t\t\t\t\t<\/div>\n\t\t<\/section>\n\t\t\t\t<\/div>","protected":false},"excerpt":{"rendered":"<p>Kiowa-Comanche Mythology Wiki Los Kiowas son una naci\u00f3n nativa americana que viv\u00eda principalmente en las llanuras del oeste de Texas, Oklahoma... <\/p>","protected":false},"author":1,"featured_media":0,"parent":3983,"menu_order":0,"comment_status":"closed","ping_status":"closed","template":"","meta":{"footnotes":""},"class_list":["post-22275","page","type-page","status-publish","hentry"],"amp_enabled":true,"_links":{"self":[{"href":"https:\/\/mythslegendes.com\/es\/wp-json\/wp\/v2\/pages\/22275","targetHints":{"allow":["GET"]}}],"collection":[{"href":"https:\/\/mythslegendes.com\/es\/wp-json\/wp\/v2\/pages"}],"about":[{"href":"https:\/\/mythslegendes.com\/es\/wp-json\/wp\/v2\/types\/page"}],"author":[{"embeddable":true,"href":"https:\/\/mythslegendes.com\/es\/wp-json\/wp\/v2\/users\/1"}],"replies":[{"embeddable":true,"href":"https:\/\/mythslegendes.com\/es\/wp-json\/wp\/v2\/comments?post=22275"}],"version-history":[{"count":3,"href":"https:\/\/mythslegendes.com\/es\/wp-json\/wp\/v2\/pages\/22275\/revisions"}],"predecessor-version":[{"id":22279,"href":"https:\/\/mythslegendes.com\/es\/wp-json\/wp\/v2\/pages\/22275\/revisions\/22279"}],"up":[{"embeddable":true,"href":"https:\/\/mythslegendes.com\/es\/wp-json\/wp\/v2\/pages\/3983"}],"wp:attachment":[{"href":"https:\/\/mythslegendes.com\/es\/wp-json\/wp\/v2\/media?parent=22275"}],"curies":[{"name":"wp","href":"https:\/\/api.w.org\/{rel}","templated":true}]}}