{"id":22280,"date":"2022-08-07T15:15:00","date_gmt":"2022-08-07T15:15:00","guid":{"rendered":"https:\/\/mythslegendes.com\/?page_id=22280"},"modified":"2022-08-07T15:17:29","modified_gmt":"2022-08-07T15:17:29","slug":"conte-kiowa-coming-home","status":"publish","type":"page","link":"https:\/\/mythslegendes.com\/es\/mitologia-kiowa-comanche\/historia-kiowa-volviendo-a-casa\/","title":{"rendered":"Historia de Kiowa: Volviendo a casa"},"content":{"rendered":"<div data-elementor-type=\"wp-page\" data-elementor-id=\"22280\" class=\"elementor elementor-22280\">\n\t\t\t\t\t\t<section class=\"elementor-section elementor-top-section elementor-element elementor-element-adc3ea0 elementor-section-boxed elementor-section-height-default elementor-section-height-default\" data-id=\"adc3ea0\" data-element_type=\"section\" data-e-type=\"section\">\n\t\t\t\t\t\t<div class=\"elementor-container elementor-column-gap-default\">\n\t\t\t\t\t<div class=\"elementor-column elementor-col-50 elementor-top-column elementor-element elementor-element-49c94de\" data-id=\"49c94de\" data-element_type=\"column\" data-e-type=\"column\">\n\t\t\t<div class=\"elementor-widget-wrap elementor-element-populated\">\n\t\t\t\t\t\t<div class=\"elementor-element elementor-element-f202b9e elementor-align-justify elementor-widget elementor-widget-button\" data-id=\"f202b9e\" data-element_type=\"widget\" data-e-type=\"widget\" data-widget_type=\"button.default\">\n\t\t\t\t<div class=\"elementor-widget-container\">\n\t\t\t\t\t\t\t\t\t<div class=\"elementor-button-wrapper\">\n\t\t\t\t\t<a class=\"elementor-button elementor-button-link elementor-size-sm\" href=\"https:\/\/mythslegendes.com\/es\/mitologia-kiowa-comanche\/\">\n\t\t\t\t\t\t<span class=\"elementor-button-content-wrapper\">\n\t\t\t\t\t\t\t\t\t<span class=\"elementor-button-text\">Mitolog\u00eda Kiowa-Comanche<\/span>\n\t\t\t\t\t<\/span>\n\t\t\t\t\t<\/a>\n\t\t\t\t<\/div>\n\t\t\t\t\t\t\t\t<\/div>\n\t\t\t\t<\/div>\n\t\t\t\t\t<\/div>\n\t\t<\/div>\n\t\t\t\t<div class=\"elementor-column elementor-col-50 elementor-top-column elementor-element elementor-element-40501f4\" data-id=\"40501f4\" data-element_type=\"column\" data-e-type=\"column\">\n\t\t\t<div class=\"elementor-widget-wrap elementor-element-populated\">\n\t\t\t\t\t\t<div class=\"elementor-element elementor-element-eafbaf2 elementor-align-justify elementor-widget elementor-widget-button\" data-id=\"eafbaf2\" data-element_type=\"widget\" data-e-type=\"widget\" data-widget_type=\"button.default\">\n\t\t\t\t<div class=\"elementor-widget-container\">\n\t\t\t\t\t\t\t\t\t<div class=\"elementor-button-wrapper\">\n\t\t\t\t\t<a class=\"elementor-button elementor-button-link elementor-size-sm\" href=\"https:\/\/www.firstpeople.us\/FP-Html-Legends\/ComingHome-Kiowa.html\" target=\"_blank\" rel=\"noopener\">\n\t\t\t\t\t\t<span class=\"elementor-button-content-wrapper\">\n\t\t\t\t\t\t\t\t\t<span class=\"elementor-button-text\">Wiki<\/span>\n\t\t\t\t\t<\/span>\n\t\t\t\t\t<\/a>\n\t\t\t\t<\/div>\n\t\t\t\t\t\t\t\t<\/div>\n\t\t\t\t<\/div>\n\t\t\t\t\t<\/div>\n\t\t<\/div>\n\t\t\t\t\t<\/div>\n\t\t<\/section>\n\t\t\t\t<section class=\"elementor-section elementor-top-section elementor-element elementor-element-69374aa elementor-section-boxed elementor-section-height-default elementor-section-height-default\" data-id=\"69374aa\" data-element_type=\"section\" data-e-type=\"section\">\n\t\t\t\t\t\t<div class=\"elementor-container elementor-column-gap-default\">\n\t\t\t\t\t<div class=\"elementor-column elementor-col-100 elementor-top-column elementor-element elementor-element-ddb390c\" data-id=\"ddb390c\" data-element_type=\"column\" data-e-type=\"column\">\n\t\t\t<div class=\"elementor-widget-wrap elementor-element-populated\">\n\t\t\t\t\t\t<div class=\"elementor-element elementor-element-d32e8ac elementor-widget elementor-widget-text-editor\" data-id=\"d32e8ac\" data-element_type=\"widget\" data-e-type=\"widget\" data-widget_type=\"text-editor.default\">\n\t\t\t\t<div class=\"elementor-widget-container\">\n\t\t\t\t\t\t\t\t\t<p>los\u00a0<strong><a href=\"https:\/\/mythslegendes.com\/es\/mitologia-kiowa-comanche\/\">Kiowas<\/a><\/strong> son una naci\u00f3n nativa americana que vivi\u00f3 principalmente en las llanuras del oeste <a href=\"https:\/\/mythslegendes.com\/es\/mythes-et-legendes-muskogeens-2136\/\">Texas<\/a>, Oklahoma y el este de Nuevo M\u00e9xico en el momento del asentamiento europeo. Esta es su historia: Regresando a casa.<\/p><p><img decoding=\"async\" class=\"alignnone wp-image-9347 size-full\" src=\"http:\/\/mythslegendes.com\/wp-content\/uploads\/2020\/09\/cropped-AlphaOmega-e1602613368367.png\" alt=\"Regresando a casa\" width=\"25\" height=\"25\" title=\"\"><\/p>\t\t\t\t\t\t\t\t<\/div>\n\t\t\t\t<\/div>\n\t\t\t\t\t<\/div>\n\t\t<\/div>\n\t\t\t\t\t<\/div>\n\t\t<\/section>\n\t\t\t\t<section class=\"elementor-section elementor-top-section elementor-element elementor-element-42d7635 elementor-section-boxed elementor-section-height-default elementor-section-height-default\" data-id=\"42d7635\" data-element_type=\"section\" data-e-type=\"section\">\n\t\t\t\t\t\t<div class=\"elementor-container elementor-column-gap-default\">\n\t\t\t\t\t<div class=\"elementor-column elementor-col-100 elementor-top-column elementor-element elementor-element-af8287a\" data-id=\"af8287a\" data-element_type=\"column\" data-e-type=\"column\">\n\t\t\t<div class=\"elementor-widget-wrap elementor-element-populated\">\n\t\t\t\t\t\t<div class=\"elementor-element elementor-element-6024191 elementor-widget elementor-widget-heading\" data-id=\"6024191\" data-element_type=\"widget\" data-e-type=\"widget\" data-widget_type=\"heading.default\">\n\t\t\t\t<div class=\"elementor-widget-container\">\n\t\t\t\t\t<div id=\"ez-toc-container\" class=\"ez-toc-v2_0_82_2 counter-hierarchy ez-toc-counter ez-toc-grey ez-toc-container-direction\">\n<div class=\"ez-toc-title-container\">\n<p class=\"ez-toc-title\" style=\"cursor:inherit\">Contenido<\/p>\n<span class=\"ez-toc-title-toggle\"><a href=\"#\" class=\"ez-toc-pull-right ez-toc-btn ez-toc-btn-xs ez-toc-btn-default ez-toc-toggle\" aria-label=\"Alternar tabla de contenidos\"><span class=\"ez-toc-js-icon-con\"><span class=\"\"><span class=\"eztoc-hide\" style=\"display:none;\">Palanca<\/span><span class=\"ez-toc-icon-toggle-span\"><svg style=\"fill: #999;color:#999\" xmlns=\"http:\/\/www.w3.org\/2000\/svg\" class=\"list-377408\" width=\"20px\" height=\"20px\" viewbox=\"0 0 24 24\" fill=\"none\"><path d=\"M6 6H4v2h2V6zm14 0H8v2h12V6zM4 11h2v2H4v-2zm16 0H8v2h12v-2zM4 16h2v2H4v-2zm16 0H8v2h12v-2z\" fill=\"currentColor\"><\/path><\/svg><svg style=\"fill: #999;color:#999\" class=\"arrow-unsorted-368013\" xmlns=\"http:\/\/www.w3.org\/2000\/svg\" width=\"10px\" height=\"10px\" viewbox=\"0 0 24 24\" version=\"1.2\" baseprofile=\"tiny\"><path d=\"M18.2 9.3l-6.2-6.3-6.2 6.3c-.2.2-.3.4-.3.7s.1.5.3.7c.2.2.4.3.7.3h11c.3 0 .5-.1.7-.3.2-.2.3-.5.3-.7s-.1-.5-.3-.7zM5.8 14.7l6.2 6.3 6.2-6.3c.2-.2.3-.5.3-.7s-.1-.5-.3-.7c-.2-.2-.4-.3-.7-.3h-11c-.3 0-.5.1-.7.3-.2.2-.3.5-.3.7s.1.5.3.7z\"\/><\/svg><\/span><\/span><\/span><\/a><\/span><\/div>\n<nav><ul class='ez-toc-list ez-toc-list-level-1' ><li class='ez-toc-page-1 ez-toc-heading-level-2'><a class=\"ez-toc-link ez-toc-heading-1\" href=\"https:\/\/mythslegendes.com\/es\/mitologia-kiowa-comanche\/historia-kiowa-volviendo-a-casa\/#Coming-Home\" >Regresando a casa<\/a><\/li><\/ul><\/nav><\/div>\n<h2 class=\"elementor-heading-title elementor-size-default\"><span class=\"ez-toc-section\" id=\"Coming-Home\"><\/span>Regresando a casa<span class=\"ez-toc-section-end\"><\/span><\/h2>\t\t\t\t<\/div>\n\t\t\t\t<\/div>\n\t\t\t\t\t<\/div>\n\t\t<\/div>\n\t\t\t\t\t<\/div>\n\t\t<\/section>\n\t\t\t\t<section class=\"elementor-section elementor-top-section elementor-element elementor-element-f7d2e0a elementor-section-boxed elementor-section-height-default elementor-section-height-default\" data-id=\"f7d2e0a\" data-element_type=\"section\" data-e-type=\"section\">\n\t\t\t\t\t\t<div class=\"elementor-container elementor-column-gap-default\">\n\t\t\t\t\t<div class=\"elementor-column elementor-col-100 elementor-top-column elementor-element elementor-element-7f3c249\" data-id=\"7f3c249\" data-element_type=\"column\" data-e-type=\"column\">\n\t\t\t<div class=\"elementor-widget-wrap elementor-element-populated\">\n\t\t\t\t\t\t<div class=\"elementor-element elementor-element-015ca71 elementor-widget elementor-widget-text-editor\" data-id=\"015ca71\" data-element_type=\"widget\" data-e-type=\"widget\" data-widget_type=\"text-editor.default\">\n\t\t\t\t<div class=\"elementor-widget-container\">\n\t\t\t\t\t\t\t\t\t<p>Hace mucho tiempo antes de la <a href=\"https:\/\/mythslegendes.com\/es\/mitologia-kiowa-comanche\/\">Comanche<\/a> ten\u00eda el caballo o la pistola, el invierno era<br \/>muy duro con la gente. Las nieves profundas escondieron las huellas de los animales.<br \/>y dificult\u00f3 el viaje de los cazadores. fue especialmente duro<br \/>cuando las nieves llegaron temprano.<\/p><p>As\u00ed que fue el invierno que las nieves llegaron antes de que las hojas hubieran<br \/>ca\u00eddo de los \u00e1rboles. La gente a\u00fan no ten\u00eda suficientes tiendas.<br \/>colocados, y los ancianos solo sacud\u00edan la cabeza cuando se les preguntaba<br \/>Cual era la tarea asignada. Pronto se hizo evidente que muchos no sobrevivir\u00edan<br \/>para ver la primavera.<\/p><p>Todos los d\u00edas los cazadores saldr\u00edan en la oscuridad de la madrugada.<br \/>ma\u00f1ana. Y tarde cada noche volv\u00edan con las manos vac\u00edas;<br \/>medio congelados y exhaustos de abrirse paso a travs de los siempre<br \/>nieve profunda. Yatenah`te siempre fue el primer cazador en irse<br \/>y el \u00faltimo en volver. Siendo el m\u00e1s joven y fuerte de los<br \/>cazadores, se empuj\u00f3 a s\u00ed mismo a ir m\u00e1s lejos y permanecer m\u00e1s tiempo<br \/>que ning\u00fan otro.<\/p><p>Al principio, Yahtenah`te caz\u00f3 en las llanuras que rodeaban el campamento. Entonces<br \/>viaj\u00f3 a las colinas. Y finalmente entr\u00f3 en las monta\u00f1as de Wichita<br \/>en su b\u00fasqueda de caza para alimentar a su pueblo. Y as\u00ed fue que \u00e9l<br \/>se perdi\u00f3.<\/p><p>Yahtenah`te trat\u00f3 de volver sobre sus pasos, pero el viento y la nieve hab\u00edan<br \/>cubri\u00f3 sus huellas. Intent\u00f3 viajar al Norte, Sur, Este y Oeste<br \/>con la esperanza de encontrar un punto de referencia que lo llevara de regreso al pueblo.<br \/>Pero no importaba en qu\u00e9 direcci\u00f3n fuera, segu\u00eda perdido. D\u00edas convertidos en<br \/>semanas y semanas en temporadas. Con el paso de los a\u00f1os el recuerdo de<br \/>su pueblo nunca lo abandon\u00f3, y busc\u00f3 primero un valle y<br \/>luego otro con la esperanza de encontrar el camino de regreso.<\/p><p>Un d\u00eda, Yahtenah`te se sent\u00f3 junto a un arroyo mirando su reflejo.<br \/>Su cabello ahora se hab\u00eda vuelto delgado y blanco y su rostro curtido estaba<br \/>arrugado con la edad. Mientras pensaba en su vida sola, not\u00f3<br \/>para su asombro que las l\u00edneas y arrugas en su rostro coincid\u00edan<br \/>las colinas y los valles de la monta\u00f1a. Busc\u00f3 los surcos alrededor<br \/>sus ojos y vio el rango de verano del ciervo mulo.\u00a0<\/p><p>en los pliegues<br \/>de su barbilla vio los escarpados acantilados de la cordillera central, donde<br \/>hab\u00eda atra\u00eddo a muchos bisontes a la muerte por comida y pieles. Entonces<br \/>not\u00f3 una l\u00ednea que no reconoci\u00f3 del terreno. preguntarse<br \/>si este era un lugar que nunca hab\u00eda visto antes, recogi\u00f3 sus armas<br \/>y parti\u00f3.<\/p><p>Temprano a la ma\u00f1ana siguiente lleg\u00f3 a la boca de un ancho y poco profundo<br \/>barranco que nunca hab\u00eda visto antes. Mientras lo segu\u00eda, pudo<br \/>escuchar voces lejanas. Y en el viento estaba seguro de poder oler<br \/>el humo de un <a href=\"https:\/\/mythslegendes.com\/es\/cocinera-mitologia\/\">cocinero<\/a> fuego. Al doblar una curva en el barranco vio su<br \/>pueblo en la distancia. Tipis pintados. Ni\u00f1os corriendo y riendo.<br \/>Hombres cuidando y reparando sus armas. Mujeres preparando comida. Ey<br \/>sab\u00eda en su coraz\u00f3n que este era su pueblo.<\/p><p>Yahtenah`te hizo una pausa. Pens\u00f3 en sus a\u00f1os solo. de sus viajes<br \/>en las monta\u00f1as. De c\u00f3mo las Huellas Dactilares del Creador est\u00e1n sobre<br \/>todos nosotros. Y c\u00f3mo a cada uno de nosotros se nos dan todos los dones que necesitamos en este<br \/>vida. Alzando los brazos al cielo, dio gracias al Creador.<br \/>Y regres\u00f3 a Casa.<\/p><p>Esta fue la historia de Kiowa Coming Home.<\/p>\t\t\t\t\t\t\t\t<\/div>\n\t\t\t\t<\/div>\n\t\t\t\t\t<\/div>\n\t\t<\/div>\n\t\t\t\t\t<\/div>\n\t\t<\/section>\n\t\t\t\t<\/div>","protected":false},"excerpt":{"rendered":"<p>Kiowa-Comanche Mythology Wiki Los Kiowas son una naci\u00f3n nativa americana que viv\u00eda principalmente en las llanuras del oeste de Texas, Oklahoma... <\/p>","protected":false},"author":1,"featured_media":0,"parent":3983,"menu_order":0,"comment_status":"closed","ping_status":"closed","template":"","meta":{"footnotes":""},"class_list":["post-22280","page","type-page","status-publish","hentry"],"amp_enabled":true,"_links":{"self":[{"href":"https:\/\/mythslegendes.com\/es\/wp-json\/wp\/v2\/pages\/22280","targetHints":{"allow":["GET"]}}],"collection":[{"href":"https:\/\/mythslegendes.com\/es\/wp-json\/wp\/v2\/pages"}],"about":[{"href":"https:\/\/mythslegendes.com\/es\/wp-json\/wp\/v2\/types\/page"}],"author":[{"embeddable":true,"href":"https:\/\/mythslegendes.com\/es\/wp-json\/wp\/v2\/users\/1"}],"replies":[{"embeddable":true,"href":"https:\/\/mythslegendes.com\/es\/wp-json\/wp\/v2\/comments?post=22280"}],"version-history":[{"count":3,"href":"https:\/\/mythslegendes.com\/es\/wp-json\/wp\/v2\/pages\/22280\/revisions"}],"predecessor-version":[{"id":22284,"href":"https:\/\/mythslegendes.com\/es\/wp-json\/wp\/v2\/pages\/22280\/revisions\/22284"}],"up":[{"embeddable":true,"href":"https:\/\/mythslegendes.com\/es\/wp-json\/wp\/v2\/pages\/3983"}],"wp:attachment":[{"href":"https:\/\/mythslegendes.com\/es\/wp-json\/wp\/v2\/media?parent=22280"}],"curies":[{"name":"wp","href":"https:\/\/api.w.org\/{rel}","templated":true}]}}