{"id":22285,"date":"2022-08-07T15:18:02","date_gmt":"2022-08-07T15:18:02","guid":{"rendered":"https:\/\/mythslegendes.com\/?page_id=22285"},"modified":"2022-08-07T15:22:58","modified_gmt":"2022-08-07T15:22:58","slug":"conte-kiowa-wolf-boy","status":"publish","type":"page","link":"https:\/\/mythslegendes.com\/es\/mitologia-kiowa-comanche\/cuento-del-nino-lobo-kiowa\/","title":{"rendered":"Cuento Kiowa: El ni\u00f1o lobo"},"content":{"rendered":"<div data-elementor-type=\"wp-page\" data-elementor-id=\"22285\" class=\"elementor elementor-22285\">\n\t\t\t\t\t\t<section class=\"elementor-section elementor-top-section elementor-element elementor-element-c4e4413 elementor-section-boxed elementor-section-height-default elementor-section-height-default\" data-id=\"c4e4413\" data-element_type=\"section\" data-e-type=\"section\">\n\t\t\t\t\t\t<div class=\"elementor-container elementor-column-gap-default\">\n\t\t\t\t\t<div class=\"elementor-column elementor-col-50 elementor-top-column elementor-element elementor-element-f50f4bb\" data-id=\"f50f4bb\" data-element_type=\"column\" data-e-type=\"column\">\n\t\t\t<div class=\"elementor-widget-wrap elementor-element-populated\">\n\t\t\t\t\t\t<div class=\"elementor-element elementor-element-84c0e6c elementor-align-justify elementor-widget elementor-widget-button\" data-id=\"84c0e6c\" data-element_type=\"widget\" data-e-type=\"widget\" data-widget_type=\"button.default\">\n\t\t\t\t<div class=\"elementor-widget-container\">\n\t\t\t\t\t\t\t\t\t<div class=\"elementor-button-wrapper\">\n\t\t\t\t\t<a class=\"elementor-button elementor-button-link elementor-size-sm\" href=\"https:\/\/mythslegendes.com\/es\/mitologia-kiowa-comanche\/\">\n\t\t\t\t\t\t<span class=\"elementor-button-content-wrapper\">\n\t\t\t\t\t\t\t\t\t<span class=\"elementor-button-text\">Mitolog\u00eda Kiowa-Comanche<\/span>\n\t\t\t\t\t<\/span>\n\t\t\t\t\t<\/a>\n\t\t\t\t<\/div>\n\t\t\t\t\t\t\t\t<\/div>\n\t\t\t\t<\/div>\n\t\t\t\t\t<\/div>\n\t\t<\/div>\n\t\t\t\t<div class=\"elementor-column elementor-col-50 elementor-top-column elementor-element elementor-element-d0d32bc\" data-id=\"d0d32bc\" data-element_type=\"column\" data-e-type=\"column\">\n\t\t\t<div class=\"elementor-widget-wrap elementor-element-populated\">\n\t\t\t\t\t\t<div class=\"elementor-element elementor-element-e46bcfc elementor-align-justify elementor-widget elementor-widget-button\" data-id=\"e46bcfc\" data-element_type=\"widget\" data-e-type=\"widget\" data-widget_type=\"button.default\">\n\t\t\t\t<div class=\"elementor-widget-container\">\n\t\t\t\t\t\t\t\t\t<div class=\"elementor-button-wrapper\">\n\t\t\t\t\t<a class=\"elementor-button elementor-button-link elementor-size-sm\" href=\"https:\/\/www.firstpeople.us\/FP-Html-Legends\/LegendOfWolfBoy-Kiowa.html\" target=\"_blank\" rel=\"noopener\">\n\t\t\t\t\t\t<span class=\"elementor-button-content-wrapper\">\n\t\t\t\t\t\t\t\t\t<span class=\"elementor-button-text\">Wiki<\/span>\n\t\t\t\t\t<\/span>\n\t\t\t\t\t<\/a>\n\t\t\t\t<\/div>\n\t\t\t\t\t\t\t\t<\/div>\n\t\t\t\t<\/div>\n\t\t\t\t\t<\/div>\n\t\t<\/div>\n\t\t\t\t\t<\/div>\n\t\t<\/section>\n\t\t\t\t<section class=\"elementor-section elementor-top-section elementor-element elementor-element-47ba745 elementor-section-boxed elementor-section-height-default elementor-section-height-default\" data-id=\"47ba745\" data-element_type=\"section\" data-e-type=\"section\">\n\t\t\t\t\t\t<div class=\"elementor-container elementor-column-gap-default\">\n\t\t\t\t\t<div class=\"elementor-column elementor-col-100 elementor-top-column elementor-element elementor-element-d5ae643\" data-id=\"d5ae643\" data-element_type=\"column\" data-e-type=\"column\">\n\t\t\t<div class=\"elementor-widget-wrap elementor-element-populated\">\n\t\t\t\t\t\t<div class=\"elementor-element elementor-element-f10678c elementor-widget elementor-widget-text-editor\" data-id=\"f10678c\" data-element_type=\"widget\" data-e-type=\"widget\" data-widget_type=\"text-editor.default\">\n\t\t\t\t<div class=\"elementor-widget-container\">\n\t\t\t\t\t\t\t\t\t<p>los\u00a0<strong><a href=\"https:\/\/mythslegendes.com\/es\/mitologia-kiowa-comanche\/\">Kiowas<\/a><\/strong> son una naci\u00f3n nativa americana que vivi\u00f3 principalmente en las llanuras del oeste <a href=\"https:\/\/mythslegendes.com\/es\/mythes-et-legendes-muskogeens-2136\/\">Texas<\/a>, Oklahoma y el este de Nuevo M\u00e9xico en el momento de la llegada de los europeos. Aqu\u00ed est\u00e1 su historia: La leyenda del ni\u00f1o lobo.<\/p><p><img decoding=\"async\" class=\"alignnone wp-image-9347 size-full\" src=\"http:\/\/mythslegendes.com\/wp-content\/uploads\/2020\/09\/cropped-AlphaOmega-e1602613368367.png\" alt=\"La leyenda del ni\u00f1o lobo\" width=\"25\" height=\"25\" title=\"\"><\/p>\t\t\t\t\t\t\t\t<\/div>\n\t\t\t\t<\/div>\n\t\t\t\t\t<\/div>\n\t\t<\/div>\n\t\t\t\t\t<\/div>\n\t\t<\/section>\n\t\t\t\t<section class=\"elementor-section elementor-top-section elementor-element elementor-element-884a8cb elementor-section-boxed elementor-section-height-default elementor-section-height-default\" data-id=\"884a8cb\" data-element_type=\"section\" data-e-type=\"section\">\n\t\t\t\t\t\t<div class=\"elementor-container elementor-column-gap-default\">\n\t\t\t\t\t<div class=\"elementor-column elementor-col-100 elementor-top-column elementor-element elementor-element-f05ddeb\" data-id=\"f05ddeb\" data-element_type=\"column\" data-e-type=\"column\">\n\t\t\t<div class=\"elementor-widget-wrap elementor-element-populated\">\n\t\t\t\t\t\t<div class=\"elementor-element elementor-element-518d825 elementor-widget elementor-widget-heading\" data-id=\"518d825\" data-element_type=\"widget\" data-e-type=\"widget\" data-widget_type=\"heading.default\">\n\t\t\t\t<div class=\"elementor-widget-container\">\n\t\t\t\t\t<div id=\"ez-toc-container\" class=\"ez-toc-v2_0_82_2 counter-hierarchy ez-toc-counter ez-toc-grey ez-toc-container-direction\">\n<div class=\"ez-toc-title-container\">\n<p class=\"ez-toc-title\" style=\"cursor:inherit\">Contenido<\/p>\n<span class=\"ez-toc-title-toggle\"><a href=\"#\" class=\"ez-toc-pull-right ez-toc-btn ez-toc-btn-xs ez-toc-btn-default ez-toc-toggle\" aria-label=\"Alternar tabla de contenidos\"><span class=\"ez-toc-js-icon-con\"><span class=\"\"><span class=\"eztoc-hide\" style=\"display:none;\">Palanca<\/span><span class=\"ez-toc-icon-toggle-span\"><svg style=\"fill: #999;color:#999\" xmlns=\"http:\/\/www.w3.org\/2000\/svg\" class=\"list-377408\" width=\"20px\" height=\"20px\" viewbox=\"0 0 24 24\" fill=\"none\"><path d=\"M6 6H4v2h2V6zm14 0H8v2h12V6zM4 11h2v2H4v-2zm16 0H8v2h12v-2zM4 16h2v2H4v-2zm16 0H8v2h12v-2z\" fill=\"currentColor\"><\/path><\/svg><svg style=\"fill: #999;color:#999\" class=\"arrow-unsorted-368013\" xmlns=\"http:\/\/www.w3.org\/2000\/svg\" width=\"10px\" height=\"10px\" viewbox=\"0 0 24 24\" version=\"1.2\" baseprofile=\"tiny\"><path d=\"M18.2 9.3l-6.2-6.3-6.2 6.3c-.2.2-.3.4-.3.7s.1.5.3.7c.2.2.4.3.7.3h11c.3 0 .5-.1.7-.3.2-.2.3-.5.3-.7s-.1-.5-.3-.7zM5.8 14.7l6.2 6.3 6.2-6.3c.2-.2.3-.5.3-.7s-.1-.5-.3-.7c-.2-.2-.4-.3-.7-.3h-11c-.3 0-.5.1-.7.3-.2.2-.3.5-.3.7s.1.5.3.7z\"\/><\/svg><\/span><\/span><\/span><\/a><\/span><\/div>\n<nav><ul class='ez-toc-list ez-toc-list-level-1' ><li class='ez-toc-page-1 ez-toc-heading-level-2'><a class=\"ez-toc-link ez-toc-heading-1\" href=\"https:\/\/mythslegendes.com\/es\/mitologia-kiowa-comanche\/cuento-del-nino-lobo-kiowa\/#The-Legend-of-Wolf-Boy\" >La leyenda del ni\u00f1o lobo<\/a><\/li><\/ul><\/nav><\/div>\n<h2 class=\"elementor-heading-title elementor-size-default\"><span class=\"ez-toc-section\" id=\"The-Legend-of-Wolf-Boy\"><\/span>La leyenda del ni\u00f1o lobo<span class=\"ez-toc-section-end\"><\/span><\/h2>\t\t\t\t<\/div>\n\t\t\t\t<\/div>\n\t\t\t\t\t<\/div>\n\t\t<\/div>\n\t\t\t\t\t<\/div>\n\t\t<\/section>\n\t\t\t\t<section class=\"elementor-section elementor-top-section elementor-element elementor-element-61e380c elementor-section-boxed elementor-section-height-default elementor-section-height-default\" data-id=\"61e380c\" data-element_type=\"section\" data-e-type=\"section\">\n\t\t\t\t\t\t<div class=\"elementor-container elementor-column-gap-default\">\n\t\t\t\t\t<div class=\"elementor-column elementor-col-100 elementor-top-column elementor-element elementor-element-c94a6df\" data-id=\"c94a6df\" data-element_type=\"column\" data-e-type=\"column\">\n\t\t\t<div class=\"elementor-widget-wrap elementor-element-populated\">\n\t\t\t\t\t\t<div class=\"elementor-element elementor-element-f15856b elementor-widget elementor-widget-text-editor\" data-id=\"f15856b\" data-element_type=\"widget\" data-e-type=\"widget\" data-widget_type=\"text-editor.default\">\n\t\t\t\t<div class=\"elementor-widget-container\">\n\t\t\t\t\t\t\t\t\t<p>Hab\u00eda un campamento de <a href=\"https:\/\/mythslegendes.com\/es\/mitologia-kiowa-comanche\/\">Kiowa<\/a>. Hab\u00eda un joven, su esposa y<br \/>su hermano. Salieron solos a buscar presas. Este joven<br \/>El hombre dejar\u00eda a su hermano menor y a su esposa en el campamento y se ir\u00eda.<br \/>salir a buscar juego. Cada vez que su hermano se iba, el ni\u00f1o<br \/>iba a una colina alta cercana y se sentaba all\u00ed todo el d\u00eda hasta que su hermano<br \/>regres\u00f3.\u00a0<\/p><p>Una vez, antes de que el ni\u00f1o fuera como de costumbre a la colina, su<br \/>La cu\u00f1ada dijo: &quot;\u00bfPor qu\u00e9 te sientes tan sola?&quot; &quot; Nos deja<br \/>sean novios. \u201cEl ni\u00f1o respondi\u00f3: \u201cNo, amo a mi hermano.<br \/>y no quisiera hacer eso. \u00bb Ella dijo: \u201cTu hermano<br \/>no sabr\u00eda. S\u00f3lo t\u00fa y yo lo sabr\u00edamos. \u00c9l no se enterar\u00eda. \u00bb<br \/>\u201cNo, pienso mucho en mi hermano. No quisiera hacer eso. \u00bb<\/p><p>Una noche mientras todos se iban a dormir la joven fue hacia donde<br \/>el ni\u00f1o sol\u00eda sentarse en la colina. Ella empez\u00f3 a cavar. Ella cav\u00f3 un hoyo<br \/>lo suficientemente profundo como para que nadie pudiera escucharlo. Ella lo cubri\u00f3 con<br \/>colocando una piel sobre el agujero, y ella hizo que pareciera tan natural que<br \/>nadie lo notar\u00eda. Regres\u00f3 al campamento y se acost\u00f3.<br \/>Al d\u00eda siguiente el hermano mayor fue a cazar y el hermano menor<br \/>Fue a donde sol\u00eda sentarse.\u00a0<\/p><p>La joven lo mir\u00f3 y vio<br \/>\u00e9l se pierde de vista. Subi\u00f3 la colina y mir\u00f3 hacia el<br \/>pit y dijo: &quot;Supongo que quieres hacer el amor ahora&quot;. Si usted es<br \/>dispuesta a ser mi amor te dejar\u00e9 salir. Si no, lo har\u00e1s<br \/>Tienes que quedarte ah\u00ed hasta que mueras. \u00bb El ni\u00f1o dijo: \u201cYo<br \/>no lo har\u00e1. \u00bb Despu\u00e9s de que el joven regres\u00f3 a su casa, le pregunt\u00f3<br \/>esposa donde estaba su hermano peque\u00f1o. Ella dijo: &quot;No he visto<br \/>\u00e9l desde que te fuiste, pero subi\u00f3 a la colina. \u00bb<\/p><p>Esa noche, mientras se acostaban, el joven le dijo a su esposa que<br \/>Le pareci\u00f3 o\u00edr una voz en alguna parte. Ella dijo: &quot;Es s\u00f3lo<br \/>los lobos que oyes. \u00bb El joven no durmi\u00f3 en todo<br \/>noche. Le dijo a su esposa: \u201cDebes haberlo rega\u00f1ado para que hiciera<br \/>el va; es posible que haya regresado a casa. \u00bb No dije nada<br \/>a \u00e9l.\u00a0<\/p><p>Todos los d\u00edas, cuando vas a cazar, \u00e9l va a ese cerro. \u00bb<br \/>Al d\u00eda siguiente levantaron el campamento y regresaron al campamento principal para ver si<br \/>\u00c9l estaba ah\u00ed. \u00c9l no estaba all\u00ed. Llegaron a la conclusi\u00f3n de que hab\u00eda muerto.<br \/>Su padre y su madre lloraron por \u00e9l.<\/p><p>El ni\u00f1o que estaba en el hoyo estaba llorando; estaba hambriento. \u00c9l mir\u00f3<br \/>Me levant\u00e9 y vi algo. Un lobo estaba arrancando la vieja piel. El lobo<br \/>dijo: \u201c\u00bfPor qu\u00e9 est\u00e1s ah\u00ed abajo?\u201d \u00bb El ni\u00f1o le dijo lo que<br \/>Sucedi\u00f3 que la mujer hizo que \u00e9l estuviera all\u00ed. El lobo dijo,<br \/>\u201cTe sacar\u00e9. Si te saco, ser\u00e1s mi hijo. \u00bb<br \/>Escuch\u00f3 al lobo aullar.\u00a0<\/p><p>Cuando volvi\u00f3 a mirar hacia arriba, hab\u00eda una<br \/>Manada de lobos. Comenzaron a cavar en el costado del pozo hasta<br \/>Lo alcanzaron y pudo salir arrastr\u00e1ndose. Era muy fr\u00edo. como la noche<br \/>Continu\u00f3, los lobos yac\u00edan a su alrededor y encima de \u00e9l para mantenerlo caliente.<\/p><p>A la ma\u00f1ana siguiente los Lobos le preguntaron qu\u00e9 com\u00eda. dijo que comi\u00f3<br \/>carne. Entonces los lobos salieron, encontraron a Buffalo y mataron un ternero.<br \/>y se lo trajo. El chico no ten\u00eda nada con qu\u00e9 descuartizarlo, as\u00ed que<br \/>el Lobo despedaza el becerro para que el ni\u00f1o saque lo que<br \/>buscado. El ni\u00f1o comi\u00f3 hasta saciarse.\u00a0<\/p><p>Pregunt\u00f3 el lobo que lo sac\u00f3.<br \/>los dem\u00e1s si supieran d\u00f3nde hab\u00eda un cuchillo de pedernal. Uno dijo<br \/>que hab\u00eda visto uno en alguna parte. Le dijo que lo consiguiera. Despu\u00e9s,<br \/>cuando los lobos mataran por \u00e9l, \u00e9l mismo lo matar\u00eda.<\/p><p>Alg\u00fan tiempo despu\u00e9s, un hombre del campamento estaba cazando y<br \/>Observ\u00f3 una manada de lobos y entre ellos un hombre. \u00c9l cabalg\u00f3 hasta<br \/>ver si pod\u00eda reconocer a este hombre. Obtuvo casi lo suficiente s\u00f3lo para ver<br \/>que era un hombre. Regres\u00f3 al campamento y le dijo a la gente que no ten\u00eda<br \/>He visto a un hombre con algunos lobos.\u00a0<\/p><p>Consideraron que podr\u00eda ser el<br \/>joven que se hab\u00eda perdido hac\u00eda alg\u00fan tiempo. El campo hab\u00eda matado<br \/>de todos los Buffalo. Algunos j\u00f3venes despu\u00e9s de la matanza se hab\u00edan ido a<br \/>matar lobos (como lo hicieron despu\u00e9s de matar a Buffalo). Se dieron cuenta<br \/>joven con una manada de lobos. Los lobos vieron a los hombres y<br \/>sali\u00f3 corriendo. El joven se fue con ellos.<\/p><p>Al d\u00eda siguiente todo el campamento sali\u00f3 a ver qui\u00e9n era el joven.<br \/>Vieron a los lobos y al joven con ellos. Ellos persiguieron el<br \/>hombre joven. Lo alcanzaron y lo atraparon. Los mordi\u00f3 como un<br \/>Lobo. Despu\u00e9s de atraparlo, oyeron a los lobos aullar en el<br \/>distancia. El joven le dijo a su padre y a su hermano que lo liberaran.<br \/>para poder escuchar lo que dec\u00edan los Lobos. Dijeron que si<br \/>Lo perd\u00ed, no volver\u00eda. Sin embargo lo perdieron<br \/>y sali\u00f3 y se encontr\u00f3 con los lobos. Luego regres\u00f3 al campamento.<\/p><p>\u201c\u00bfC\u00f3mo llegaste a estar entre ellos? \u00bb pregunt\u00f3 el padre<br \/>y hermano. Cont\u00f3 c\u00f3mo su cu\u00f1ada hab\u00eda cavado el hoyo y<br \/>cay\u00f3 dentro, y los lobos lo sacaron, y \u00e9l hab\u00eda vivido<br \/>con ellos desde entonces.<\/p><p>El Lobo le hab\u00eda ayudado a que alguien viniera en su lugar, que<br \/>deb\u00edan enrollar tripas de b\u00fafalo alrededor de la joven y enviarla.<br \/>El padre y la madre de la joven descubrieron lo que hab\u00eda hecho<br \/>al chico. Le dijeron a su marido que hab\u00eda hecho mal y<br \/>que \u00e9l hiciera lo que el Lobo le hab\u00eda ordenado y la llevara con \u00e9l y la dejara<br \/>\u00e9l se la come. Entonces el marido de la joven la tom\u00f3 y la hiri\u00f3.<br \/>Las tripas la rodearon y la llevaron a donde el Lobo hab\u00eda dirigido.<\/p><p>Todo el campamento fue a ver y el ni\u00f1o lobo dijo: &quot;D\u00e9jame<br \/>Ll\u00e9vala con mi padre Lobo. \u00bb Luego la tom\u00f3 y se detuvo en<br \/>desde lejos y aull\u00f3 como un lobo, y vieron a los lobos venir<br \/>De todas partes. Le dijo a su padre Lobo: &quot;Aqu\u00ed est\u00e1 el que<br \/>ibas a tener en mi lugar. \u00bb Vinieron los lobos y la destrozaron.<\/p>\t\t\t\t\t\t\t\t<\/div>\n\t\t\t\t<\/div>\n\t\t\t\t\t<\/div>\n\t\t<\/div>\n\t\t\t\t\t<\/div>\n\t\t<\/section>\n\t\t\t\t<\/div>","protected":false},"excerpt":{"rendered":"<p>Kiowa-Comanche Mythology Wiki Los Kiowas son una naci\u00f3n nativa americana que viv\u00eda principalmente en las llanuras del oeste de Texas, Oklahoma... <\/p>","protected":false},"author":1,"featured_media":0,"parent":3983,"menu_order":0,"comment_status":"closed","ping_status":"closed","template":"","meta":{"footnotes":""},"class_list":["post-22285","page","type-page","status-publish","hentry"],"amp_enabled":true,"_links":{"self":[{"href":"https:\/\/mythslegendes.com\/es\/wp-json\/wp\/v2\/pages\/22285","targetHints":{"allow":["GET"]}}],"collection":[{"href":"https:\/\/mythslegendes.com\/es\/wp-json\/wp\/v2\/pages"}],"about":[{"href":"https:\/\/mythslegendes.com\/es\/wp-json\/wp\/v2\/types\/page"}],"author":[{"embeddable":true,"href":"https:\/\/mythslegendes.com\/es\/wp-json\/wp\/v2\/users\/1"}],"replies":[{"embeddable":true,"href":"https:\/\/mythslegendes.com\/es\/wp-json\/wp\/v2\/comments?post=22285"}],"version-history":[{"count":3,"href":"https:\/\/mythslegendes.com\/es\/wp-json\/wp\/v2\/pages\/22285\/revisions"}],"predecessor-version":[{"id":22290,"href":"https:\/\/mythslegendes.com\/es\/wp-json\/wp\/v2\/pages\/22285\/revisions\/22290"}],"up":[{"embeddable":true,"href":"https:\/\/mythslegendes.com\/es\/wp-json\/wp\/v2\/pages\/3983"}],"wp:attachment":[{"href":"https:\/\/mythslegendes.com\/es\/wp-json\/wp\/v2\/media?parent=22285"}],"curies":[{"name":"wp","href":"https:\/\/api.w.org\/{rel}","templated":true}]}}