{"id":22291,"date":"2022-08-07T15:23:43","date_gmt":"2022-08-07T15:23:43","guid":{"rendered":"https:\/\/mythslegendes.com\/?page_id=22291"},"modified":"2022-08-07T15:26:21","modified_gmt":"2022-08-07T15:26:21","slug":"conte-kiowa-sendeh","status":"publish","type":"page","link":"https:\/\/mythslegendes.com\/es\/mitologia-kiowa-comanche\/historia-kiowa-sendeh\/","title":{"rendered":"Historia Kiowa: Sendeh"},"content":{"rendered":"<div data-elementor-type=\"wp-page\" data-elementor-id=\"22291\" class=\"elementor elementor-22291\">\n\t\t\t\t\t\t<section class=\"elementor-section elementor-top-section elementor-element elementor-element-8505b5d elementor-section-boxed elementor-section-height-default elementor-section-height-default\" data-id=\"8505b5d\" data-element_type=\"section\" data-e-type=\"section\">\n\t\t\t\t\t\t<div class=\"elementor-container elementor-column-gap-default\">\n\t\t\t\t\t<div class=\"elementor-column elementor-col-50 elementor-top-column elementor-element elementor-element-89dc124\" data-id=\"89dc124\" data-element_type=\"column\" data-e-type=\"column\">\n\t\t\t<div class=\"elementor-widget-wrap elementor-element-populated\">\n\t\t\t\t\t\t<div class=\"elementor-element elementor-element-51dcc10 elementor-align-justify elementor-widget elementor-widget-button\" data-id=\"51dcc10\" data-element_type=\"widget\" data-e-type=\"widget\" data-widget_type=\"button.default\">\n\t\t\t\t<div class=\"elementor-widget-container\">\n\t\t\t\t\t\t\t\t\t<div class=\"elementor-button-wrapper\">\n\t\t\t\t\t<a class=\"elementor-button elementor-button-link elementor-size-sm\" href=\"https:\/\/mythslegendes.com\/es\/mitologia-kiowa-comanche\/\">\n\t\t\t\t\t\t<span class=\"elementor-button-content-wrapper\">\n\t\t\t\t\t\t\t\t\t<span class=\"elementor-button-text\">Mitolog\u00eda Kiowa-Comanche<\/span>\n\t\t\t\t\t<\/span>\n\t\t\t\t\t<\/a>\n\t\t\t\t<\/div>\n\t\t\t\t\t\t\t\t<\/div>\n\t\t\t\t<\/div>\n\t\t\t\t\t<\/div>\n\t\t<\/div>\n\t\t\t\t<div class=\"elementor-column elementor-col-50 elementor-top-column elementor-element elementor-element-28579a4\" data-id=\"28579a4\" data-element_type=\"column\" data-e-type=\"column\">\n\t\t\t<div class=\"elementor-widget-wrap elementor-element-populated\">\n\t\t\t\t\t\t<div class=\"elementor-element elementor-element-604bd50 elementor-align-justify elementor-widget elementor-widget-button\" data-id=\"604bd50\" data-element_type=\"widget\" data-e-type=\"widget\" data-widget_type=\"button.default\">\n\t\t\t\t<div class=\"elementor-widget-container\">\n\t\t\t\t\t\t\t\t\t<div class=\"elementor-button-wrapper\">\n\t\t\t\t\t<a class=\"elementor-button elementor-button-link elementor-size-sm\" href=\"https:\/\/www.firstpeople.us\/FP-Html-Legends\/SendehCheatsTheSoldier-Kiowa.html\" target=\"_blank\" rel=\"noopener\">\n\t\t\t\t\t\t<span class=\"elementor-button-content-wrapper\">\n\t\t\t\t\t\t\t\t\t<span class=\"elementor-button-text\">Wiki<\/span>\n\t\t\t\t\t<\/span>\n\t\t\t\t\t<\/a>\n\t\t\t\t<\/div>\n\t\t\t\t\t\t\t\t<\/div>\n\t\t\t\t<\/div>\n\t\t\t\t\t<\/div>\n\t\t<\/div>\n\t\t\t\t\t<\/div>\n\t\t<\/section>\n\t\t\t\t<section class=\"elementor-section elementor-top-section elementor-element elementor-element-e52a33b elementor-section-boxed elementor-section-height-default elementor-section-height-default\" data-id=\"e52a33b\" data-element_type=\"section\" data-e-type=\"section\">\n\t\t\t\t\t\t<div class=\"elementor-container elementor-column-gap-default\">\n\t\t\t\t\t<div class=\"elementor-column elementor-col-100 elementor-top-column elementor-element elementor-element-36aaa71\" data-id=\"36aaa71\" data-element_type=\"column\" data-e-type=\"column\">\n\t\t\t<div class=\"elementor-widget-wrap elementor-element-populated\">\n\t\t\t\t\t\t<div class=\"elementor-element elementor-element-5751810 elementor-widget elementor-widget-text-editor\" data-id=\"5751810\" data-element_type=\"widget\" data-e-type=\"widget\" data-widget_type=\"text-editor.default\">\n\t\t\t\t<div class=\"elementor-widget-container\">\n\t\t\t\t\t\t\t\t\t<p>los\u00a0<strong><a href=\"https:\/\/mythslegendes.com\/es\/mitologia-kiowa-comanche\/\">Kiowas<\/a><\/strong> son una naci\u00f3n nativa americana que vivi\u00f3 principalmente en las llanuras del oeste <a href=\"https:\/\/mythslegendes.com\/es\/mythes-et-legendes-muskogeens-2136\/\">Texas<\/a>, Oklahoma y el este de Nuevo M\u00e9xico en el momento del asentamiento europeo. Esta es su historia: Sendeh enga\u00f1a al soldado.<\/p><p><img decoding=\"async\" class=\"alignnone wp-image-9347 size-full\" src=\"http:\/\/mythslegendes.com\/wp-content\/uploads\/2020\/09\/cropped-AlphaOmega-e1602613368367.png\" alt=\"Sendeh enga\u00f1a al soldado\" width=\"25\" height=\"25\" title=\"\"><\/p>\t\t\t\t\t\t\t\t<\/div>\n\t\t\t\t<\/div>\n\t\t\t\t\t<\/div>\n\t\t<\/div>\n\t\t\t\t\t<\/div>\n\t\t<\/section>\n\t\t\t\t<section class=\"elementor-section elementor-top-section elementor-element elementor-element-e320584 elementor-section-boxed elementor-section-height-default elementor-section-height-default\" data-id=\"e320584\" data-element_type=\"section\" data-e-type=\"section\">\n\t\t\t\t\t\t<div class=\"elementor-container elementor-column-gap-default\">\n\t\t\t\t\t<div class=\"elementor-column elementor-col-100 elementor-top-column elementor-element elementor-element-f03dbb0\" data-id=\"f03dbb0\" data-element_type=\"column\" data-e-type=\"column\">\n\t\t\t<div class=\"elementor-widget-wrap elementor-element-populated\">\n\t\t\t\t\t\t<div class=\"elementor-element elementor-element-48cb02b elementor-widget elementor-widget-heading\" data-id=\"48cb02b\" data-element_type=\"widget\" data-e-type=\"widget\" data-widget_type=\"heading.default\">\n\t\t\t\t<div class=\"elementor-widget-container\">\n\t\t\t\t\t<div id=\"ez-toc-container\" class=\"ez-toc-v2_0_82_2 counter-hierarchy ez-toc-counter ez-toc-grey ez-toc-container-direction\">\n<div class=\"ez-toc-title-container\">\n<p class=\"ez-toc-title\" style=\"cursor:inherit\">Contenido<\/p>\n<span class=\"ez-toc-title-toggle\"><a href=\"#\" class=\"ez-toc-pull-right ez-toc-btn ez-toc-btn-xs ez-toc-btn-default ez-toc-toggle\" aria-label=\"Alternar tabla de contenidos\"><span class=\"ez-toc-js-icon-con\"><span class=\"\"><span class=\"eztoc-hide\" style=\"display:none;\">Palanca<\/span><span class=\"ez-toc-icon-toggle-span\"><svg style=\"fill: #999;color:#999\" xmlns=\"http:\/\/www.w3.org\/2000\/svg\" class=\"list-377408\" width=\"20px\" height=\"20px\" viewbox=\"0 0 24 24\" fill=\"none\"><path d=\"M6 6H4v2h2V6zm14 0H8v2h12V6zM4 11h2v2H4v-2zm16 0H8v2h12v-2zM4 16h2v2H4v-2zm16 0H8v2h12v-2z\" fill=\"currentColor\"><\/path><\/svg><svg style=\"fill: #999;color:#999\" class=\"arrow-unsorted-368013\" xmlns=\"http:\/\/www.w3.org\/2000\/svg\" width=\"10px\" height=\"10px\" viewbox=\"0 0 24 24\" version=\"1.2\" baseprofile=\"tiny\"><path d=\"M18.2 9.3l-6.2-6.3-6.2 6.3c-.2.2-.3.4-.3.7s.1.5.3.7c.2.2.4.3.7.3h11c.3 0 .5-.1.7-.3.2-.2.3-.5.3-.7s-.1-.5-.3-.7zM5.8 14.7l6.2 6.3 6.2-6.3c.2-.2.3-.5.3-.7s-.1-.5-.3-.7c-.2-.2-.4-.3-.7-.3h-11c-.3 0-.5.1-.7.3-.2.2-.3.5-.3.7s.1.5.3.7z\"\/><\/svg><\/span><\/span><\/span><\/a><\/span><\/div>\n<nav><ul class='ez-toc-list ez-toc-list-level-1' ><li class='ez-toc-page-1 ez-toc-heading-level-2'><a class=\"ez-toc-link ez-toc-heading-1\" href=\"https:\/\/mythslegendes.com\/es\/mitologia-kiowa-comanche\/historia-kiowa-sendeh\/#Sendeh-cheats-the-soldier\" >Sendeh enga\u00f1a al soldado<\/a><\/li><\/ul><\/nav><\/div>\n<h2 class=\"elementor-heading-title elementor-size-default\"><span class=\"ez-toc-section\" id=\"Sendeh-cheats-the-soldier\"><\/span>Sendeh enga\u00f1a al soldado<span class=\"ez-toc-section-end\"><\/span><\/h2>\t\t\t\t<\/div>\n\t\t\t\t<\/div>\n\t\t\t\t\t<\/div>\n\t\t<\/div>\n\t\t\t\t\t<\/div>\n\t\t<\/section>\n\t\t\t\t<section class=\"elementor-section elementor-top-section elementor-element elementor-element-d68988b elementor-section-boxed elementor-section-height-default elementor-section-height-default\" data-id=\"d68988b\" data-element_type=\"section\" data-e-type=\"section\">\n\t\t\t\t\t\t<div class=\"elementor-container elementor-column-gap-default\">\n\t\t\t\t\t<div class=\"elementor-column elementor-col-100 elementor-top-column elementor-element elementor-element-6699ece\" data-id=\"6699ece\" data-element_type=\"column\" data-e-type=\"column\">\n\t\t\t<div class=\"elementor-widget-wrap elementor-element-populated\">\n\t\t\t\t\t\t<div class=\"elementor-element elementor-element-409bb3e elementor-widget elementor-widget-text-editor\" data-id=\"409bb3e\" data-element_type=\"widget\" data-e-type=\"widget\" data-widget_type=\"text-editor.default\">\n\t\t\t\t<div class=\"elementor-widget-container\">\n\t\t\t\t\t\t\t\t\t<p>Sendeh lo acompa\u00f1aba. \u00c9l pone a alguien que nunca hab\u00eda visto antes.<br \/>Ambos se detuvieron y Sendeh lo salud\u00f3. \u00c9l dijo: &quot;Yo no<br \/>Te conozco, pero creo que he o\u00eddo hablar de ti. tu eres el hombre que enga\u00f1a<br \/>todos. Sendeh respondi\u00f3: &quot;S\u00ed, yo soy el que enga\u00f1a,<br \/>pero he dejado mi Medicina en casa, como a cuatro colinas de distancia. Ser<br \/>no te puede enga\u00f1ar. El hombre dijo: \u201cEso no hace ninguna diferencia.<\/p><p>Si t\u00fa eres el que enga\u00f1a, puedes enga\u00f1arme sin tu Medicina. \u00bb<br \/>No puedo enga\u00f1arte sin mi Medicina, ojal\u00e1 la tuviera, lo har\u00eda.<br \/>Enga\u00f1arte. Sendeh le dijo al soldado: &quot;Si me quieres<br \/>para enga\u00f1arte, prestame tu caballo e ir\u00e9 a buscar mi Medicina<br \/>y volver y enga\u00f1arte. As\u00ed que el soldado dijo: \u201cTodos<br \/>bien, te prestar\u00e9 mi caballo, pero debes volver enseguida con<br \/>tu Medicina. Entonces Sendeh se mont\u00f3 en el caballo. Mientras cabalgaba<br \/>lo golpe\u00f3 en secreto para que se resistiera. Sendeh dijo: \u201cEste caballo<br \/>no ir\u00e1 Tal vez me tiene miedo. Pr\u00e9stame tu sombrero. \u00bb\u00a0<\/p><p>El soldado le dio el sombrero. Sendeh lo golpe\u00f3 de nuevo, el caballo se resisti\u00f3.<br \/>\u201cEste caballo me tiene miedo. Pr\u00e9stame tu abrigo. \u00bb Send\u00e9<br \/>subi\u00f3 al caballo. Lo golpe\u00f3 en secreto otra vez y se volvi\u00f3.<br \/>y le dijo al soldado que bien podr\u00eda dejarle su manta.<br \/>\u201cCreo que ser\u00eda bueno que me dieras tu cuartillo. &quot; &quot; Todo<br \/>bien, aqu\u00ed est\u00e1 el quirt, tambi\u00e9n. Date prisa, toma tu Medicina y<br \/>Vuelve y mu\u00e9strame que puedes enga\u00f1arme. El caballo se adelant\u00f3.<br \/>Sendeh mir\u00f3 hacia atr\u00e1s y dijo: &quot;Soldado, ya he hecho trampa&quot;.<br \/>t\u00fa. tengo todas tus cosas No tengo Medicina. Ahora sigue tu<br \/>camino, y yo ir\u00e9 por el m\u00edo. \u00bb<\/p>\t\t\t\t\t\t\t\t<\/div>\n\t\t\t\t<\/div>\n\t\t\t\t\t<\/div>\n\t\t<\/div>\n\t\t\t\t\t<\/div>\n\t\t<\/section>\n\t\t\t\t<\/div>","protected":false},"excerpt":{"rendered":"<p>Kiowa-Comanche Mythology Wiki Los Kiowas son una naci\u00f3n nativa americana que viv\u00eda principalmente en las llanuras del oeste de Texas, Oklahoma... <\/p>","protected":false},"author":1,"featured_media":0,"parent":3983,"menu_order":0,"comment_status":"closed","ping_status":"closed","template":"","meta":{"footnotes":""},"class_list":["post-22291","page","type-page","status-publish","hentry"],"amp_enabled":true,"_links":{"self":[{"href":"https:\/\/mythslegendes.com\/es\/wp-json\/wp\/v2\/pages\/22291","targetHints":{"allow":["GET"]}}],"collection":[{"href":"https:\/\/mythslegendes.com\/es\/wp-json\/wp\/v2\/pages"}],"about":[{"href":"https:\/\/mythslegendes.com\/es\/wp-json\/wp\/v2\/types\/page"}],"author":[{"embeddable":true,"href":"https:\/\/mythslegendes.com\/es\/wp-json\/wp\/v2\/users\/1"}],"replies":[{"embeddable":true,"href":"https:\/\/mythslegendes.com\/es\/wp-json\/wp\/v2\/comments?post=22291"}],"version-history":[{"count":3,"href":"https:\/\/mythslegendes.com\/es\/wp-json\/wp\/v2\/pages\/22291\/revisions"}],"predecessor-version":[{"id":22298,"href":"https:\/\/mythslegendes.com\/es\/wp-json\/wp\/v2\/pages\/22291\/revisions\/22298"}],"up":[{"embeddable":true,"href":"https:\/\/mythslegendes.com\/es\/wp-json\/wp\/v2\/pages\/3983"}],"wp:attachment":[{"href":"https:\/\/mythslegendes.com\/es\/wp-json\/wp\/v2\/media?parent=22291"}],"curies":[{"name":"wp","href":"https:\/\/api.w.org\/{rel}","templated":true}]}}