{"id":223,"date":"2019-10-17T12:43:32","date_gmt":"2019-10-17T11:43:32","guid":{"rendered":"https:\/\/mythslegendes.com\/?page_id=223"},"modified":"2022-12-03T22:06:50","modified_gmt":"2022-12-03T22:06:50","slug":"perronik-lidiot","status":"publish","type":"page","link":"https:\/\/mythslegendes.com\/es\/mitologia-bretona\/perronik-lidiot\/","title":{"rendered":"Perronik el idiota"},"content":{"rendered":"<div data-elementor-type=\"wp-page\" data-elementor-id=\"223\" class=\"elementor elementor-223\">\n\t\t\t\t\t\t<section class=\"elementor-section elementor-top-section elementor-element elementor-element-ca2a0c6 elementor-section-boxed elementor-section-height-default elementor-section-height-default\" data-id=\"ca2a0c6\" data-element_type=\"section\" data-e-type=\"section\">\n\t\t\t\t\t\t<div class=\"elementor-container elementor-column-gap-default\">\n\t\t\t\t\t<div class=\"elementor-column elementor-col-50 elementor-top-column elementor-element elementor-element-1be10ef\" data-id=\"1be10ef\" data-element_type=\"column\" data-e-type=\"column\">\n\t\t\t<div class=\"elementor-widget-wrap elementor-element-populated\">\n\t\t\t\t\t\t<div class=\"elementor-element elementor-element-b6de2ed elementor-align-justify elementor-widget elementor-widget-button\" data-id=\"b6de2ed\" data-element_type=\"widget\" data-e-type=\"widget\" data-widget_type=\"button.default\">\n\t\t\t\t<div class=\"elementor-widget-container\">\n\t\t\t\t\t\t\t\t\t<div class=\"elementor-button-wrapper\">\n\t\t\t\t\t<a class=\"elementor-button elementor-button-link elementor-size-sm\" href=\"https:\/\/mythslegendes.com\/es\/mitologia-bretona\/\">\n\t\t\t\t\t\t<span class=\"elementor-button-content-wrapper\">\n\t\t\t\t\t\t\t\t\t<span class=\"elementor-button-text\">Mitolog\u00eda bretona<\/span>\n\t\t\t\t\t<\/span>\n\t\t\t\t\t<\/a>\n\t\t\t\t<\/div>\n\t\t\t\t\t\t\t\t<\/div>\n\t\t\t\t<\/div>\n\t\t\t\t\t<\/div>\n\t\t<\/div>\n\t\t\t\t<div class=\"elementor-column elementor-col-50 elementor-top-column elementor-element elementor-element-1f15107\" data-id=\"1f15107\" data-element_type=\"column\" data-e-type=\"column\">\n\t\t\t<div class=\"elementor-widget-wrap elementor-element-populated\">\n\t\t\t\t\t\t<div class=\"elementor-element elementor-element-1fe33e7 elementor-align-justify elementor-widget elementor-widget-button\" data-id=\"1fe33e7\" data-element_type=\"widget\" data-e-type=\"widget\" data-widget_type=\"button.default\">\n\t\t\t\t<div class=\"elementor-widget-container\">\n\t\t\t\t\t\t\t\t\t<div class=\"elementor-button-wrapper\">\n\t\t\t\t\t<a class=\"elementor-button elementor-button-link elementor-size-sm\" href=\"https:\/\/fr.wikipedia.org\/wiki\/Mythologie_bretonne\" target=\"_blank\" rel=\"noopener\">\n\t\t\t\t\t\t<span class=\"elementor-button-content-wrapper\">\n\t\t\t\t\t\t\t\t\t<span class=\"elementor-button-text\">Wiki<\/span>\n\t\t\t\t\t<\/span>\n\t\t\t\t\t<\/a>\n\t\t\t\t<\/div>\n\t\t\t\t\t\t\t\t<\/div>\n\t\t\t\t<\/div>\n\t\t\t\t\t<\/div>\n\t\t<\/div>\n\t\t\t\t\t<\/div>\n\t\t<\/section>\n\t\t\t\t<section class=\"elementor-section elementor-top-section elementor-element elementor-element-1195b216 elementor-section-boxed elementor-section-height-default elementor-section-height-default\" data-id=\"1195b216\" data-element_type=\"section\" data-e-type=\"section\">\n\t\t\t\t\t\t<div class=\"elementor-container elementor-column-gap-default\">\n\t\t\t\t\t<div class=\"elementor-column elementor-col-100 elementor-top-column elementor-element elementor-element-6dbc21c8\" data-id=\"6dbc21c8\" data-element_type=\"column\" data-e-type=\"column\">\n\t\t\t<div class=\"elementor-widget-wrap elementor-element-populated\">\n\t\t\t\t\t\t<div class=\"elementor-element elementor-element-439e929f elementor-widget elementor-widget-text-editor\" data-id=\"439e929f\" data-element_type=\"widget\" data-e-type=\"widget\" data-widget_type=\"text-editor.default\">\n\t\t\t\t<div class=\"elementor-widget-container\">\n\t\t\t\t\t\t\t\t\t<p><\/p>\n<p class=\"has-text-align-justify\">Aqu\u00ed est\u00e1 la historia de Perronik el idiota. Salieron as\u00ed de la llanura y se encontraron frente a una arboleda compuesta por las plantas m\u00e1s hermosas. Hab\u00eda rosas de todos los colores, retama espa\u00f1ola, madreselva roja, y sobre todo, una flor misteriosa que re\u00eda; pero un le\u00f3n con la melena de una v\u00edbora corr\u00eda por la arboleda, poniendo los ojos en blanco y rechinando los dientes como dos piedras de molino reci\u00e9n trasplantadas.<\/p>\n<p><img decoding=\"async\" class=\"alignnone wp-image-5284 size-full\" src=\"https:\/\/mythslegendes.com\/wp-content\/uploads\/2020\/09\/AlphaOmega-e1602613368367.png\" alt=\"Perronik el idiota\" width=\"25\" height=\"26\" title=\"\"><\/p>\n<div id=\"ez-toc-container\" class=\"ez-toc-v2_0_82_2 counter-hierarchy ez-toc-counter ez-toc-grey ez-toc-container-direction\">\n<div class=\"ez-toc-title-container\">\n<p class=\"ez-toc-title\" style=\"cursor:inherit\">Contenido<\/p>\n<span class=\"ez-toc-title-toggle\"><a href=\"#\" class=\"ez-toc-pull-right ez-toc-btn ez-toc-btn-xs ez-toc-btn-default ez-toc-toggle\" aria-label=\"Alternar tabla de contenidos\"><span class=\"ez-toc-js-icon-con\"><span class=\"\"><span class=\"eztoc-hide\" style=\"display:none;\">Palanca<\/span><span class=\"ez-toc-icon-toggle-span\"><svg style=\"fill: #999;color:#999\" xmlns=\"http:\/\/www.w3.org\/2000\/svg\" class=\"list-377408\" width=\"20px\" height=\"20px\" viewbox=\"0 0 24 24\" fill=\"none\"><path d=\"M6 6H4v2h2V6zm14 0H8v2h12V6zM4 11h2v2H4v-2zm16 0H8v2h12v-2zM4 16h2v2H4v-2zm16 0H8v2h12v-2z\" fill=\"currentColor\"><\/path><\/svg><svg style=\"fill: #999;color:#999\" class=\"arrow-unsorted-368013\" xmlns=\"http:\/\/www.w3.org\/2000\/svg\" width=\"10px\" height=\"10px\" viewbox=\"0 0 24 24\" version=\"1.2\" baseprofile=\"tiny\"><path d=\"M18.2 9.3l-6.2-6.3-6.2 6.3c-.2.2-.3.4-.3.7s.1.5.3.7c.2.2.4.3.7.3h11c.3 0 .5-.1.7-.3.2-.2.3-.5.3-.7s-.1-.5-.3-.7zM5.8 14.7l6.2 6.3 6.2-6.3c.2-.2.3-.5.3-.7s-.1-.5-.3-.7c-.2-.2-.4-.3-.7-.3h-11c-.3 0-.5.1-.7.3-.2.2-.3.5-.3.7s.1.5.3.7z\"\/><\/svg><\/span><\/span><\/span><\/a><\/span><\/div>\n<nav><ul class='ez-toc-list ez-toc-list-level-1' ><li class='ez-toc-page-1 ez-toc-heading-level-2'><a class=\"ez-toc-link ez-toc-heading-1\" href=\"https:\/\/mythslegendes.com\/es\/mitologia-bretona\/perronik-lidiot\/#Perronik-lidiot\" >Perronik el idiota<\/a><\/li><\/ul><\/nav><\/div>\n<h2><span class=\"ez-toc-section\" id=\"Perronik-lidiot\"><\/span>Perronik el idiota<span class=\"ez-toc-section-end\"><\/span><\/h2>\n<p>Peronnik se detuvo y volvi\u00f3 a inclinarse, porque sab\u00eda que frente a los poderosos un gorro era menos \u00fatil en la cabeza que en la mano. Le dese\u00f3 lo mejor al le\u00f3n y a su familia y le pregunt\u00f3 si estaba de camino a Kerglas.<\/p>\n<p>- \u00bfY qu\u00e9 le vas a hacer a Kerglas? Grit\u00f3 el feroz animal con aire terrible.<\/p>\n<p>\u2014Con todo respeto \u2014respondi\u00f3 t\u00edmidamente el idiota\u2014, estoy al servicio de una dama que es amiga de Lord Rog\u00e9ar y que le env\u00eda, como regalo, lo suficiente para hacer una tarta de alondra.<\/p>\n<p>&#039;Alondra&#039;, repiti\u00f3 el le\u00f3n, pas\u00e1ndose la lengua por el bigote, &#039;no las he comido en un siglo. \u00bfTraes mucho?<\/p>\n<p>Cualquier cosa que pueda contener ese saco, milord, respondi\u00f3 Peronnik, se\u00f1alando el bolsillo de lona que hab\u00eda llenado de plumas y pegamento.<\/p>\n<p>Y, para hacer creer lo que dec\u00eda, empez\u00f3 a falsificar el gorjeo de las alondras.<\/p>\n<p>Esta canci\u00f3n aument\u00f3 el apetito del le\u00f3n.<\/p>\n<p>&quot;Veamos&quot;, continu\u00f3, acerc\u00e1ndose, &quot;ens\u00e9\u00f1ame tus p\u00e1jaros; Quiero saber si son lo suficientemente grandes como para que se las sirvan a nuestro amo.<\/p>\n<p>&quot;No pedir\u00eda nada mejor&quot;, respondi\u00f3 el idiota; pero si los saco de la bolsa, temo que se vayan volando.<\/p>\n<p>&quot;\u00c1brelo s\u00f3lo para que yo lo mire&quot;, respondi\u00f3 la feroz bestia.<\/p>\n<p>Esto era exactamente lo que esperaba Peronnik; le present\u00f3 el bolsillo de lona al le\u00f3n, quien meti\u00f3 la cabeza en \u00e9l para agarrar las alondras, y se encontr\u00f3 atrapado en las plumas y en la cola. El idiota apret\u00f3 r\u00e1pidamente el cord\u00f3n de la bolsa alrededor de su cuello, hizo la se\u00f1al de la cruz en el nudo para hacerlo indestructible; luego, corriendo hacia la flor risue\u00f1a, la arranc\u00f3 y parti\u00f3 de nuevo a toda la velocidad de su potrillo.<\/p>\n<p>Pero no tard\u00f3 en encontrarse con el lago de los dragones, que hab\u00eda que atravesar nadando, y nada m\u00e1s entrar en \u00e9l, ven\u00edan corriendo de todos lados para devorarlo.<\/p>\n<p>Esta vez, Peronnik no se divirti\u00f3 poni\u00e9ndose la gorra; pero empez\u00f3 a arrojarles las cuentas de su rosario como se arroja trigo sarraceno a los patos, y con cada grano tragado, uno de los dragones rod\u00f3 sobre su lomo y muri\u00f3, de modo que el idiota pudo ganar la otra orilla sin ning\u00fan da\u00f1o.<\/p>\n<p>Faltaba cruzar el valle custodiado por el negro. Peronnik pronto lo vio en la entrada, encadenado a la roca por el pie, y sosteniendo en la mano una bola de hierro que, tras dar en la porter\u00eda, le regres\u00f3 por s\u00ed sola. Ten\u00eda seis ojos alrededor de la cabeza, que generalmente miraban uno tras otro; pero en ese momento ten\u00eda los seis abiertos.<\/p>\n<p>Peronnik sabiendo que, si lo ve\u00edan, la bola de hierro lo alcanzar\u00eda antes de que pudiera hablar, decidi\u00f3 deslizarse por la espesura. Entonces lleg\u00f3, escondi\u00e9ndose detr\u00e1s de los arbustos, a unos pasos del negro. Acababa de sentarse y dos de sus ojos se hab\u00edan cerrado para descansar. Peronnik, juzgando que ten\u00eda sue\u00f1o, comenz\u00f3 a cantar el comienzo de la misa alta en voz baja. El negro pareci\u00f3 al principio sorprendido; levant\u00f3 la cabeza; luego, mientras la canci\u00f3n actuaba sobre \u00e9l, cerr\u00f3 un tercer ojo.<\/p>\n<p>Peronnik enton\u00f3 luego el Kyrie eleison en el tono de los sacerdotes que est\u00e1n pose\u00eddos por el demonio dormido. El negro cerr\u00f3 su cuarto ojo y la mitad del quinto. Peronnik inici\u00f3 v\u00edsperas; pero, antes de llegar al Magnificat, el negro estaba dormido.<\/p>\n<p>Entonces el joven tom\u00f3 al potrillo por las riendas para hacerlo caminar suavemente por los lugares cubiertos de musgo y, pasando cerca del cuidador, entr\u00f3 en el valle de los placeres.<\/p>\n<p>Aqu\u00ed estaba el lugar m\u00e1s dif\u00edcil, porque ya no se trataba de evitar el peligro, sino de huir de una tentaci\u00f3n. Peronnik llam\u00f3 a todos los santos de la <a href=\"https:\/\/mythslegendes.com\/es\/mitologia-bretona\/\">Breta\u00f1a<\/a> en su ayuda.<\/p>\n<p>El valle que atraves\u00f3 era como un jard\u00edn lleno de frutas, flores y fuentes pero las fuentes eran de deliciosos vinos y licores, las flores cantaban con voces dulces como los querubines en el para\u00edso, y los frutos ven\u00edan a ofrenda de ellos mismos. Luego, en cada vuelta del pasillo, Peronnik vio grandes mesas servidas como para reyes; oli\u00f3 el buen olor de los pasteles sacados del horno, vio sirvientes que parec\u00edan esperarlo; mientras, m\u00e1s adelante, hermosas jovencitas, saliendo del ba\u00f1o y bailando sobre la hierba, la llamaban por su nombre y la invitaban a dirigir el baile.<\/p>\n<p>En vano hizo el idiota la se\u00f1al de la cruz, afloj\u00f3 imperceptiblemente el paso del pollino; levant\u00f3 la nariz al viento para oler mejor el humo de los platos y ver mejor a los ba\u00f1istas; tal vez iba a detenerse y todo hab\u00eda terminado para \u00e9l, si el recuerdo de la palangana de oro y la lanza de diamantes no hubiera cruzado repentinamente por su mente; de inmediato empez\u00f3 a silbar su silbido de sa\u00faco para no o\u00edr las dulces voces, a comerse su pan untado con tocino rancio para no oler la comida, ya mirar las orejas de su caballo para no ver a los bailarines.<\/p>\n<p>De esta manera, lleg\u00f3 al final del jard\u00edn, sin contratiempos, y finalmente vio el castillo de Kerglas.<\/p>\n<p>Pero todav\u00eda estaba separado de ella por el r\u00edo del que le hab\u00edan hablado y que ten\u00eda un solo vado. Afortunadamente, el potro lo conoc\u00eda y entr\u00f3 al agua en el lugar correcto.<\/p>\n<p>Entonces Peronnik mir\u00f3 a su alrededor si no ve\u00eda a la dama que deb\u00eda llevar al castillo, y la vio sentada en una roca; vest\u00eda de raso negro y su rostro era amarillo como el de un moro.<\/p>\n<p>El idiota volvi\u00f3 a sacar su gorra y le pregunt\u00f3 si no quer\u00eda cruzar el r\u00edo.<\/p>\n<p>&quot;Te estaba esperando para eso&quot;, respondi\u00f3 la se\u00f1ora; ac\u00e9rcate para que pueda sentarme detr\u00e1s de ti.<\/p>\n<p>Peronnik se acerc\u00f3, la llev\u00f3 detr\u00e1s y comenz\u00f3 a cruzar el vado. Estaba en medio del pasillo cuando la se\u00f1ora le dijo:<\/p>\n<p>- \u00bfSabes qui\u00e9n soy, pobre inocente?<\/p>\n<p>&quot;Disculpe&quot;, respondi\u00f3 Peronnik; pero, por tu ropa, puedo ver que eres una persona noble y poderosa.<\/p>\n<p>-Por noble, debo serlo, prosigui\u00f3 la dama, porque mi origen se remonta al primer pecado; y yo soy valiente, porque todas las naciones se rinden ante m\u00ed.<\/p>\n<p>- \u00bfY cu\u00e1l es su nombre, por favor, se\u00f1ora? pregunt\u00f3 Peronnik.<\/p>\n<p>&quot;Me llaman la Plaga&quot;, respondi\u00f3 la mujer amarilla.<\/p>\n<p>El idiota se subi\u00f3 a su caballo y quiso tirarse al r\u00edo, pero la Plaga le dijo:<\/p>\n<p>- Descansa, pobre inocente, no tienes nada que temer de m\u00ed, y yo por el contrario puedo servirte.<\/p>\n<p>- \u00bfEs realmente posible que tenga esta amabilidad, se\u00f1ora Plague? dijo Peronnik, esta vez tirando de su gorra para no volver a pon\u00e9rsela; Por cierto, ahora recuerdo que depende de ti ense\u00f1arme c\u00f3mo puedo deshacerme del mago Rogear.<\/p>\n<p>- \u00a1El mago debe morir! dijo la dama amarilla<\/p>\n<p>\u201cNo podr\u00eda pedir nada mejor\u201d, respondi\u00f3 Peronnik, \u201cpero es inmortal.<\/p>\n<p>&quot;Escuche y trate de entender&quot;, dijo la plaga. El manzano que guarda el \u00e1rbol korigan es un corte del \u00e1rbol del bien y del mal, plantado en el para\u00edso terrenal por Dios mismo. Su fruto, como el que comieron Ad\u00e1n y Eva, hace que los inmortales sean susceptibles a la muerte. As\u00ed que intenta que el mago pruebe la manzana, y luego solo tendr\u00e9 que tocarlo para que deje de vivir.<\/p>\n<p>&quot;Lo intentar\u00e9&quot;, dijo Peronnik; pero si tengo \u00e9xito, \u00bfc\u00f3mo podr\u00eda tener la palangana de oro y la lanza de diamantes, ya que est\u00e1n escondidas en una cueva oscura que ninguna llave forjada puede abrir?<\/p>\n<p>La flor que r\u00ede abre todas las puertas, respondi\u00f3 la peste, y se enciende todas las noches.<\/p>\n<p>Cuando termin\u00f3 estas palabras llegaron al otro lado y el idiota camin\u00f3 hacia el castillo.<\/p>\n<p>Frente a la entrada hab\u00eda un gran toldo similar al dosel bajo el cual camina el obispo de Vannes en la procesi\u00f3n del Sant\u00edsimo Sacramento. All\u00ed estaba el gigante al abrigo del sol, con las piernas cruzadas una sobre otra, como un due\u00f1o que ha tra\u00eddo sus granos, y fumando un cuerno de tabaco de oro virgen. Al ver el potrillo en el que estaba Peronnik y la dama vestida de sat\u00e9n negro, levant\u00f3 la cabeza y dijo, con una voz que son\u00f3 como un trueno.<\/p>\n<p>- \u00a1Por Belceb\u00fa, nuestro maestro! \u00a1Este idiota est\u00e1 montando mi potrillo de trece meses!<\/p>\n<p>&quot;\u00c9l mismo, oh el m\u00e1s grande de los magos&quot;, respondi\u00f3 Peronnik.<\/p>\n<p>- \u00bfY c\u00f3mo te las arreglaste para hacerte con \u00e9l? respondi\u00f3 Rogear.<\/p>\n<p>&quot;Repet\u00ed lo que me ense\u00f1\u00f3 tu hermano Bryak&quot;, respondi\u00f3 el idiota. Al llegar al borde del bosque, dije:<\/p>\n<p>Potro sin patas, potro sin dientes,<\/p>\n<p>Potro, aqu\u00ed estoy, ven r\u00e1pido, te estoy esperando<\/p>\n<p>y el caballito lleg\u00f3 inmediatamente.<\/p>\n<p>- \u00bfEntonces conoces a mi hermano? prosigui\u00f3 el gigante.<\/p>\n<p>&quot;Como conoces a tu maestro&quot;, respondi\u00f3 el chico.<\/p>\n<p>- \u00bfY por qu\u00e9 te env\u00eda aqu\u00ed?<\/p>\n<p>- Para traerte de presente dos rarezas que acaba de recibir de la tierra de los moros: la manzana de la alegr\u00eda aqu\u00ed, y la mujer de sumisi\u00f3n que ves. Si comes primero, tu coraz\u00f3n siempre estar\u00e1 tan feliz como un pobre que encontrar\u00eda una bolsa de cien coronas en su casco; y si lleva el segundo a su servicio, no tendr\u00e1 nada m\u00e1s que desear en el mundo.<\/p>\n<p>&quot;Entonces da la manzana y env\u00eda al moro&quot;, respondi\u00f3 Rog\u00e9ar.<\/p>\n<p>El idiota obedece; pero en cuanto el gigante mordi\u00f3 la fruta, la se\u00f1ora amarilla lo toc\u00f3 y cay\u00f3 al suelo como un buey al que matan.<\/p>\n<p>Peronnik entr\u00f3 de inmediato en el palacio con la Flor de la Risa en la mano. Atraves\u00f3 sucesivamente m\u00e1s de cincuenta habitaciones y finalmente lleg\u00f3 frente al pasaje subterr\u00e1neo con una puerta plateada. Este se abri\u00f3 por s\u00ed solo frente a la flor que ilumin\u00f3 al idiota y le permiti\u00f3 alcanzar la palangana dorada y la lanza de diamantes.<\/p>\n<p>Pero apenas los hab\u00eda agarrado, la tierra tembl\u00f3 bajo sus pies; se escuch\u00f3 un estallido terrible, el palacio desapareci\u00f3, y Peronnik se encontr\u00f3 en medio del bosque, provisto de los dos talismanes, con los que camin\u00f3 hacia la corte del rey de Breta\u00f1a. Solo se ocup\u00f3, mientras pasaba por Vannes, de comprar el traje m\u00e1s rico que pudo encontrar y el caballo m\u00e1s hermoso que estaba a la venta en el obispado de trigo blanco.<\/p>\n<p>Sin embargo, cuando lleg\u00f3 a Nantes, esta ciudad fue asediada por los franceses, que hab\u00edan devastado tanto el campo a su alrededor que solo quedaban \u00e1rboles para que una cabra pudiera pastar. Adem\u00e1s, hab\u00eda hambre en la ciudad, y los soldados que no murieron a causa de sus heridas, murieron por falta de pan. Adem\u00e1s, el mismo d\u00eda que lleg\u00f3 Peronnik, son\u00f3 una trompeta en todas las encrucijadas que el rey de Breta\u00f1a prometi\u00f3 adoptar como heredero a quien pudiera entregar la ciudad y expulsar a los franceses del pa\u00eds.<\/p>\n<p>Al escuchar esta promesa, el idiota dijo a la trompeta:<\/p>\n<p>- No llores m\u00e1s y ll\u00e9vame al rey, porque puedo hacer lo que me pide.<\/p>\n<p>- T\u00fa, dijo la trompeta (que lo vio tan joven - y tan peque\u00f1o), sigue tu camino, hermoso jilguero; el rey no tiene tiempo de sacar pajaritos de los techos de paja.<\/p>\n<p>En respuesta, Peronnik roz\u00f3 al soldado con su lanza y al instante cay\u00f3 muerto, para consternaci\u00f3n de la multitud que miraba y quer\u00eda huir; pero el idiota grit\u00f3:<\/p>\n<p>- Acabas de ver lo que puedo hacer contra mis enemigos; ahora s\u00e9 lo que puedo hacer por mis amigos.<\/p>\n<p>Y, habiendo llevado la palangana m\u00e1gica a los labios del muerto, inmediatamente volvi\u00f3 a la vida.<\/p>\n<p>El rey, informado de esta maravilla, dio a Peronnik el mando de los soldados que le quedaban; y, como con su lanza de diamante el idiota mat\u00f3 a miles de franceses, mientras con la jofaina de oro resucit\u00f3 a todos los <a href=\"https:\/\/mythslegendes.com\/es\/mitologia-bretona\/\">Bretones<\/a> que hab\u00eda muerto, se deshizo del ej\u00e9rcito enemigo en pocos d\u00edas y se apoder\u00f3 de todo lo que hab\u00eda en sus campamentos.<\/p>\n<p>Luego propuso conquistar pa\u00edses vecinos como Anjou, Poitou y Normand\u00eda, que le costaron pocos problemas; finalmente, cuando hubo entregado todo al rey, declar\u00f3 que quer\u00eda partir para entregar Tierra Santa y se embarc\u00f3 en Nantes, en grandes barcos, con la primera nobleza del pa\u00eds.<\/p>\n<p>Llegado a Palestina, destruy\u00f3 todos los ej\u00e9rcitos que se enviaron contra \u00e9l, oblig\u00f3 a bautizar al Emperador de los Sarracenos, y se cas\u00f3 con su hija, con la que tuvo cien hijos, a cada uno de los cuales entreg\u00f3 un reino. Incluso hay quienes dicen que \u00e9l y sus hijos a\u00fan viven, gracias a la cuenca y que reinan en este pa\u00eds; pero otros aseguran que el hermano de Rog\u00e9ar, el mago Bryak, ha logrado recuperar los dos talismanes, y que quien los quiera s\u00f3lo tiene que buscarlos.<\/p>\n<p><\/p>\t\t\t\t\t\t\t\t<\/div>\n\t\t\t\t<\/div>\n\t\t\t\t\t<\/div>\n\t\t<\/div>\n\t\t\t\t\t<\/div>\n\t\t<\/section>\n\t\t\t\t<\/div>","protected":false},"excerpt":{"rendered":"<p>Mythologie Bretonne Wiki Voici l&rsquo;histoire de Perronik l&rsquo;idiot. Ils sortirent ainsi de la plaine, et se trouv\u00e8rent en face d&rsquo;un &hellip; <\/p>","protected":false},"author":1,"featured_media":0,"parent":96,"menu_order":0,"comment_status":"closed","ping_status":"closed","template":"","meta":{"footnotes":""},"class_list":["post-223","page","type-page","status-publish","hentry"],"amp_enabled":true,"_links":{"self":[{"href":"https:\/\/mythslegendes.com\/es\/wp-json\/wp\/v2\/pages\/223","targetHints":{"allow":["GET"]}}],"collection":[{"href":"https:\/\/mythslegendes.com\/es\/wp-json\/wp\/v2\/pages"}],"about":[{"href":"https:\/\/mythslegendes.com\/es\/wp-json\/wp\/v2\/types\/page"}],"author":[{"embeddable":true,"href":"https:\/\/mythslegendes.com\/es\/wp-json\/wp\/v2\/users\/1"}],"replies":[{"embeddable":true,"href":"https:\/\/mythslegendes.com\/es\/wp-json\/wp\/v2\/comments?post=223"}],"version-history":[{"count":1,"href":"https:\/\/mythslegendes.com\/es\/wp-json\/wp\/v2\/pages\/223\/revisions"}],"predecessor-version":[{"id":24481,"href":"https:\/\/mythslegendes.com\/es\/wp-json\/wp\/v2\/pages\/223\/revisions\/24481"}],"up":[{"embeddable":true,"href":"https:\/\/mythslegendes.com\/es\/wp-json\/wp\/v2\/pages\/96"}],"wp:attachment":[{"href":"https:\/\/mythslegendes.com\/es\/wp-json\/wp\/v2\/media?parent=223"}],"curies":[{"name":"wp","href":"https:\/\/api.w.org\/{rel}","templated":true}]}}