{"id":22304,"date":"2022-08-07T15:29:52","date_gmt":"2022-08-07T15:29:52","guid":{"rendered":"https:\/\/mythslegendes.com\/?page_id=22304"},"modified":"2022-08-07T15:32:14","modified_gmt":"2022-08-07T15:32:14","slug":"conte-kiowa-passing-of-the-buffalo","status":"publish","type":"page","link":"https:\/\/mythslegendes.com\/es\/mitologia-kiowa-comanche\/cuento-kiowa-paso-del-bufalo\/","title":{"rendered":"Historia de Kiowa: muerte del b\u00fafalo"},"content":{"rendered":"<div data-elementor-type=\"wp-page\" data-elementor-id=\"22304\" class=\"elementor elementor-22304\">\n\t\t\t\t\t\t<section class=\"elementor-section elementor-top-section elementor-element elementor-element-bbccc53 elementor-section-boxed elementor-section-height-default elementor-section-height-default\" data-id=\"bbccc53\" data-element_type=\"section\" data-e-type=\"section\">\n\t\t\t\t\t\t<div class=\"elementor-container elementor-column-gap-default\">\n\t\t\t\t\t<div class=\"elementor-column elementor-col-50 elementor-top-column elementor-element elementor-element-8350def\" data-id=\"8350def\" data-element_type=\"column\" data-e-type=\"column\">\n\t\t\t<div class=\"elementor-widget-wrap elementor-element-populated\">\n\t\t\t\t\t\t<div class=\"elementor-element elementor-element-5bc9e33 elementor-align-justify elementor-widget elementor-widget-button\" data-id=\"5bc9e33\" data-element_type=\"widget\" data-e-type=\"widget\" data-widget_type=\"button.default\">\n\t\t\t\t<div class=\"elementor-widget-container\">\n\t\t\t\t\t\t\t\t\t<div class=\"elementor-button-wrapper\">\n\t\t\t\t\t<a class=\"elementor-button elementor-button-link elementor-size-sm\" href=\"https:\/\/mythslegendes.com\/es\/mitologia-kiowa-comanche\/\">\n\t\t\t\t\t\t<span class=\"elementor-button-content-wrapper\">\n\t\t\t\t\t\t\t\t\t<span class=\"elementor-button-text\">Mitolog\u00eda Kiowa-Comanche<\/span>\n\t\t\t\t\t<\/span>\n\t\t\t\t\t<\/a>\n\t\t\t\t<\/div>\n\t\t\t\t\t\t\t\t<\/div>\n\t\t\t\t<\/div>\n\t\t\t\t\t<\/div>\n\t\t<\/div>\n\t\t\t\t<div class=\"elementor-column elementor-col-50 elementor-top-column elementor-element elementor-element-b5f5391\" data-id=\"b5f5391\" data-element_type=\"column\" data-e-type=\"column\">\n\t\t\t<div class=\"elementor-widget-wrap elementor-element-populated\">\n\t\t\t\t\t\t<div class=\"elementor-element elementor-element-c32698b elementor-align-justify elementor-widget elementor-widget-button\" data-id=\"c32698b\" data-element_type=\"widget\" data-e-type=\"widget\" data-widget_type=\"button.default\">\n\t\t\t\t<div class=\"elementor-widget-container\">\n\t\t\t\t\t\t\t\t\t<div class=\"elementor-button-wrapper\">\n\t\t\t\t\t<a class=\"elementor-button elementor-button-link elementor-size-sm\" href=\"https:\/\/www.firstpeople.us\/FP-Html-Legends\/ThePassingoftheBuffalo-Kiowa.html\" target=\"_blank\" rel=\"noopener\">\n\t\t\t\t\t\t<span class=\"elementor-button-content-wrapper\">\n\t\t\t\t\t\t\t\t\t<span class=\"elementor-button-text\">Wiki<\/span>\n\t\t\t\t\t<\/span>\n\t\t\t\t\t<\/a>\n\t\t\t\t<\/div>\n\t\t\t\t\t\t\t\t<\/div>\n\t\t\t\t<\/div>\n\t\t\t\t\t<\/div>\n\t\t<\/div>\n\t\t\t\t\t<\/div>\n\t\t<\/section>\n\t\t\t\t<section class=\"elementor-section elementor-top-section elementor-element elementor-element-46440d8 elementor-section-boxed elementor-section-height-default elementor-section-height-default\" data-id=\"46440d8\" data-element_type=\"section\" data-e-type=\"section\">\n\t\t\t\t\t\t<div class=\"elementor-container elementor-column-gap-default\">\n\t\t\t\t\t<div class=\"elementor-column elementor-col-100 elementor-top-column elementor-element elementor-element-2c38e25\" data-id=\"2c38e25\" data-element_type=\"column\" data-e-type=\"column\">\n\t\t\t<div class=\"elementor-widget-wrap elementor-element-populated\">\n\t\t\t\t\t\t<div class=\"elementor-element elementor-element-7a2f442 elementor-widget elementor-widget-text-editor\" data-id=\"7a2f442\" data-element_type=\"widget\" data-e-type=\"widget\" data-widget_type=\"text-editor.default\">\n\t\t\t\t<div class=\"elementor-widget-container\">\n\t\t\t\t\t\t\t\t\t<p>los\u00a0<strong><a href=\"https:\/\/mythslegendes.com\/es\/mitologia-kiowa-comanche\/\">Kiowas<\/a><\/strong> son una naci\u00f3n nativa americana que vivi\u00f3 principalmente en las llanuras del oeste <a href=\"https:\/\/mythslegendes.com\/es\/mythes-et-legendes-muskogeens-2136\/\">Texas<\/a>, Oklahoma y el este de Nuevo M\u00e9xico en el momento del asentamiento europeo. Aqu\u00ed est\u00e1 su historia: El fallecimiento del b\u00fafalo.<\/p><p><img decoding=\"async\" class=\"alignnone wp-image-9347 size-full\" src=\"http:\/\/mythslegendes.com\/wp-content\/uploads\/2020\/09\/cropped-AlphaOmega-e1602613368367.png\" alt=\"El paso del b\u00fafalo\" width=\"25\" height=\"25\" title=\"\"><\/p>\t\t\t\t\t\t\t\t<\/div>\n\t\t\t\t<\/div>\n\t\t\t\t\t<\/div>\n\t\t<\/div>\n\t\t\t\t\t<\/div>\n\t\t<\/section>\n\t\t\t\t<section class=\"elementor-section elementor-top-section elementor-element elementor-element-83bb903 elementor-section-boxed elementor-section-height-default elementor-section-height-default\" data-id=\"83bb903\" data-element_type=\"section\" data-e-type=\"section\">\n\t\t\t\t\t\t<div class=\"elementor-container elementor-column-gap-default\">\n\t\t\t\t\t<div class=\"elementor-column elementor-col-100 elementor-top-column elementor-element elementor-element-320878a\" data-id=\"320878a\" data-element_type=\"column\" data-e-type=\"column\">\n\t\t\t<div class=\"elementor-widget-wrap elementor-element-populated\">\n\t\t\t\t\t\t<div class=\"elementor-element elementor-element-9523ae4 elementor-widget elementor-widget-heading\" data-id=\"9523ae4\" data-element_type=\"widget\" data-e-type=\"widget\" data-widget_type=\"heading.default\">\n\t\t\t\t<div class=\"elementor-widget-container\">\n\t\t\t\t\t<div id=\"ez-toc-container\" class=\"ez-toc-v2_0_82_2 counter-hierarchy ez-toc-counter ez-toc-grey ez-toc-container-direction\">\n<div class=\"ez-toc-title-container\">\n<p class=\"ez-toc-title\" style=\"cursor:inherit\">Contenido<\/p>\n<span class=\"ez-toc-title-toggle\"><a href=\"#\" class=\"ez-toc-pull-right ez-toc-btn ez-toc-btn-xs ez-toc-btn-default ez-toc-toggle\" aria-label=\"Alternar tabla de contenidos\"><span class=\"ez-toc-js-icon-con\"><span class=\"\"><span class=\"eztoc-hide\" style=\"display:none;\">Palanca<\/span><span class=\"ez-toc-icon-toggle-span\"><svg style=\"fill: #999;color:#999\" xmlns=\"http:\/\/www.w3.org\/2000\/svg\" class=\"list-377408\" width=\"20px\" height=\"20px\" viewbox=\"0 0 24 24\" fill=\"none\"><path d=\"M6 6H4v2h2V6zm14 0H8v2h12V6zM4 11h2v2H4v-2zm16 0H8v2h12v-2zM4 16h2v2H4v-2zm16 0H8v2h12v-2z\" fill=\"currentColor\"><\/path><\/svg><svg style=\"fill: #999;color:#999\" class=\"arrow-unsorted-368013\" xmlns=\"http:\/\/www.w3.org\/2000\/svg\" width=\"10px\" height=\"10px\" viewbox=\"0 0 24 24\" version=\"1.2\" baseprofile=\"tiny\"><path d=\"M18.2 9.3l-6.2-6.3-6.2 6.3c-.2.2-.3.4-.3.7s.1.5.3.7c.2.2.4.3.7.3h11c.3 0 .5-.1.7-.3.2-.2.3-.5.3-.7s-.1-.5-.3-.7zM5.8 14.7l6.2 6.3 6.2-6.3c.2-.2.3-.5.3-.7s-.1-.5-.3-.7c-.2-.2-.4-.3-.7-.3h-11c-.3 0-.5.1-.7.3-.2.2-.3.5-.3.7s.1.5.3.7z\"\/><\/svg><\/span><\/span><\/span><\/a><\/span><\/div>\n<nav><ul class='ez-toc-list ez-toc-list-level-1' ><li class='ez-toc-page-1 ez-toc-heading-level-2'><a class=\"ez-toc-link ez-toc-heading-1\" href=\"https:\/\/mythslegendes.com\/es\/mitologia-kiowa-comanche\/cuento-kiowa-paso-del-bufalo\/#The-Passing-of-the-Buffalo\" >El paso del b\u00fafalo<\/a><\/li><\/ul><\/nav><\/div>\n<h2 class=\"elementor-heading-title elementor-size-default\"><span class=\"ez-toc-section\" id=\"The-Passing-of-the-Buffalo\"><\/span>El paso del b\u00fafalo<span class=\"ez-toc-section-end\"><\/span><\/h2>\t\t\t\t<\/div>\n\t\t\t\t<\/div>\n\t\t\t\t\t<\/div>\n\t\t<\/div>\n\t\t\t\t\t<\/div>\n\t\t<\/section>\n\t\t\t\t<section class=\"elementor-section elementor-top-section elementor-element elementor-element-f9cc8db elementor-section-boxed elementor-section-height-default elementor-section-height-default\" data-id=\"f9cc8db\" data-element_type=\"section\" data-e-type=\"section\">\n\t\t\t\t\t\t<div class=\"elementor-container elementor-column-gap-default\">\n\t\t\t\t\t<div class=\"elementor-column elementor-col-100 elementor-top-column elementor-element elementor-element-fec5536\" data-id=\"fec5536\" data-element_type=\"column\" data-e-type=\"column\">\n\t\t\t<div class=\"elementor-widget-wrap elementor-element-populated\">\n\t\t\t\t\t\t<div class=\"elementor-element elementor-element-b559676 elementor-widget elementor-widget-text-editor\" data-id=\"b559676\" data-element_type=\"widget\" data-e-type=\"widget\" data-widget_type=\"text-editor.default\">\n\t\t\t\t<div class=\"elementor-widget-container\">\n\t\t\t\t\t\t\t\t\t<p>Una vez, no hace mucho tiempo, los b\u00fafalos estaban por todas partes. Dondequiera que la gente<br \/>estaban, estaban los b\u00fafalos. Amaban a la gente y a la gente.<br \/>Me encant\u00f3 el b\u00fafalo. Cuando la gente mat\u00f3 un b\u00fafalo, lo hicieron.<br \/>con reverencia Dieron gracias al esp\u00edritu del b\u00fafalo. Usaron<br \/>cada parte del b\u00fafalo que mataron. La carne era su alimento.<br \/>Las pieles serv\u00edan para vestirse y para cubrir sus tipis.\u00a0<\/p><p>El pelo rellenaba sus almohadones y alforjas. Los tendones se convirtieron en su<br \/>cuerdas de arco De los cascos, hicieron pegamento. Llevaron agua<br \/>en las vejigas y est\u00f3magos. Para darle honor al b\u00fafalo, pintaron<br \/>el cr\u00e1neo y lo coloc\u00f3 de cara al sol naciente.<\/p><p>Luego vinieron los blancos. Eran personas nuevas, tan bellas y tan<br \/>mortal como la ara\u00f1a negra. Los blancos tomaron las tierras del pueblo.<br \/>Construyeron el ferrocarril para cortar las tierras de la gente por la mitad.<br \/>Hizo la vida dif\u00edcil para la gente y por eso el b\u00fafalo luch\u00f3 contra el ferrocarril.<br \/>El b\u00fafalo destroz\u00f3 las v\u00edas del tren. Ahuyentaron al ganado<br \/>de los blancos\u00a0<\/p><p>El b\u00fafalo amaba a la gente y trat\u00f3 de proteger<br \/>su forma de vida. As\u00ed que el ej\u00e9rcito fue enviado a matar al b\u00fafalo. Objetivo,<br \/>ni siquiera los soldados pudieron contener al b\u00fafalo. Entonces el ejercito<br \/>cazadores contratados. Los cazadores vinieron y mataron y mataron. Pronto el<br \/>huesos de b\u00fafalo cubrieron la tierra hasta la altura de un hombre alto.<br \/>El b\u00fafalo vio que ya no pod\u00edan luchar.<\/p><p>Una ma\u00f1ana, un <a href=\"https:\/\/mythslegendes.com\/es\/mitologia-kiowa-comanche\/\">Kiowa<\/a> mujer cuya familia hu\u00eda del ej\u00e9rcito<br \/>se levantaron temprano de su campamento en lo profundo de las colinas. Ella baj\u00f3 a la<br \/>manantial cerca de la ladera de la monta\u00f1a para obtener agua. Ella fue en silencio, alerta<br \/>para los enemigos La niebla de la ma\u00f1ana era espesa, pero cuando se inclin\u00f3 para llenar<br \/>su balde, vio algo. Era algo que se mov\u00eda en la niebla.<\/p><p>Mientras miraba, la niebla se abri\u00f3 y de ella sali\u00f3 un viejo b\u00fafalo.<br \/>vaca. Era una de las ancianas b\u00fafalas, que siempre dirig\u00eda las manadas.<br \/>Detr\u00e1s de ella ven\u00edan los \u00faltimos j\u00f3venes guerreros b\u00fafalo, sus cuernos<br \/>marcados por los combates, algunos de ellos heridos. Entre ellos se encontraban algunos<br \/>terneros y vacas j\u00f3venes.<\/p><p>Directamente hacia la ladera de la monta\u00f1a, la vieja vaca b\u00fafalo conduc\u00eda<br \/>ese \u00faltimo reba\u00f1o. Mientras la mujer Kiowa observaba, la monta\u00f1a se abri\u00f3<br \/>frente a ellos y el b\u00fafalo camin\u00f3 hacia la monta\u00f1a. Dentro<br \/>la monta\u00f1a, la tierra era verde y nueva. El sol brillaba y el<br \/>las alondras cantaban. Era como hab\u00eda sido antes de los blancos<br \/>leva. Entonces la monta\u00f1a se cerr\u00f3 detr\u00e1s de ellos.<\/p><p>Los b\u00fafalos se hab\u00edan ido.<\/p>\t\t\t\t\t\t\t\t<\/div>\n\t\t\t\t<\/div>\n\t\t\t\t\t<\/div>\n\t\t<\/div>\n\t\t\t\t\t<\/div>\n\t\t<\/section>\n\t\t\t\t<\/div>","protected":false},"excerpt":{"rendered":"<p>Kiowa-Comanche Mythology Wiki Los Kiowas son una naci\u00f3n nativa americana que viv\u00eda principalmente en las llanuras del oeste de Texas, Oklahoma... <\/p>","protected":false},"author":1,"featured_media":0,"parent":3983,"menu_order":0,"comment_status":"closed","ping_status":"closed","template":"","meta":{"footnotes":""},"class_list":["post-22304","page","type-page","status-publish","hentry"],"amp_enabled":true,"_links":{"self":[{"href":"https:\/\/mythslegendes.com\/es\/wp-json\/wp\/v2\/pages\/22304","targetHints":{"allow":["GET"]}}],"collection":[{"href":"https:\/\/mythslegendes.com\/es\/wp-json\/wp\/v2\/pages"}],"about":[{"href":"https:\/\/mythslegendes.com\/es\/wp-json\/wp\/v2\/types\/page"}],"author":[{"embeddable":true,"href":"https:\/\/mythslegendes.com\/es\/wp-json\/wp\/v2\/users\/1"}],"replies":[{"embeddable":true,"href":"https:\/\/mythslegendes.com\/es\/wp-json\/wp\/v2\/comments?post=22304"}],"version-history":[{"count":3,"href":"https:\/\/mythslegendes.com\/es\/wp-json\/wp\/v2\/pages\/22304\/revisions"}],"predecessor-version":[{"id":22308,"href":"https:\/\/mythslegendes.com\/es\/wp-json\/wp\/v2\/pages\/22304\/revisions\/22308"}],"up":[{"embeddable":true,"href":"https:\/\/mythslegendes.com\/es\/wp-json\/wp\/v2\/pages\/3983"}],"wp:attachment":[{"href":"https:\/\/mythslegendes.com\/es\/wp-json\/wp\/v2\/media?parent=22304"}],"curies":[{"name":"wp","href":"https:\/\/api.w.org\/{rel}","templated":true}]}}