{"id":2231,"date":"2020-07-10T12:08:29","date_gmt":"2020-07-10T11:08:29","guid":{"rendered":"https:\/\/mythslegendes.com\/?page_id=2231"},"modified":"2022-12-03T22:07:06","modified_gmt":"2022-12-03T22:07:06","slug":"le-cuelebre","status":"publish","type":"page","link":"https:\/\/mythslegendes.com\/es\/mitologia-iberica\/el-cuelebre\/","title":{"rendered":"La celebridad"},"content":{"rendered":"<div data-elementor-type=\"wp-page\" data-elementor-id=\"2231\" class=\"elementor elementor-2231\">\n\t\t\t\t\t\t<section class=\"elementor-section elementor-top-section elementor-element elementor-element-ba27c02 elementor-section-boxed elementor-section-height-default elementor-section-height-default\" data-id=\"ba27c02\" data-element_type=\"section\" data-e-type=\"section\">\n\t\t\t\t\t\t<div class=\"elementor-container elementor-column-gap-default\">\n\t\t\t\t\t<div class=\"elementor-column elementor-col-50 elementor-top-column elementor-element elementor-element-149dab6\" data-id=\"149dab6\" data-element_type=\"column\" data-e-type=\"column\">\n\t\t\t<div class=\"elementor-widget-wrap elementor-element-populated\">\n\t\t\t\t\t\t<div class=\"elementor-element elementor-element-a618f11 elementor-align-justify elementor-widget elementor-widget-button\" data-id=\"a618f11\" data-element_type=\"widget\" data-e-type=\"widget\" data-widget_type=\"button.default\">\n\t\t\t\t<div class=\"elementor-widget-container\">\n\t\t\t\t\t\t\t\t\t<div class=\"elementor-button-wrapper\">\n\t\t\t\t\t<a class=\"elementor-button elementor-button-link elementor-size-sm\" href=\"https:\/\/mythslegendes.com\/es\/mitologia-iberica\/\">\n\t\t\t\t\t\t<span class=\"elementor-button-content-wrapper\">\n\t\t\t\t\t\t\t\t\t<span class=\"elementor-button-text\">Mitolog\u00eda ib\u00e9rica<\/span>\n\t\t\t\t\t<\/span>\n\t\t\t\t\t<\/a>\n\t\t\t\t<\/div>\n\t\t\t\t\t\t\t\t<\/div>\n\t\t\t\t<\/div>\n\t\t\t\t\t<\/div>\n\t\t<\/div>\n\t\t\t\t<div class=\"elementor-column elementor-col-50 elementor-top-column elementor-element elementor-element-0a32d53\" data-id=\"0a32d53\" data-element_type=\"column\" data-e-type=\"column\">\n\t\t\t<div class=\"elementor-widget-wrap elementor-element-populated\">\n\t\t\t\t\t\t<div class=\"elementor-element elementor-element-0028e81 elementor-align-justify elementor-widget elementor-widget-button\" data-id=\"0028e81\" data-element_type=\"widget\" data-e-type=\"widget\" data-widget_type=\"button.default\">\n\t\t\t\t<div class=\"elementor-widget-container\">\n\t\t\t\t\t\t\t\t\t<div class=\"elementor-button-wrapper\">\n\t\t\t\t\t<a class=\"elementor-button elementor-button-link elementor-size-sm\" href=\"https:\/\/en.wikipedia.org\/wiki\/Spanish_mythology\" target=\"_blank\" rel=\"noopener\">\n\t\t\t\t\t\t<span class=\"elementor-button-content-wrapper\">\n\t\t\t\t\t\t\t\t\t<span class=\"elementor-button-text\">Wiki<\/span>\n\t\t\t\t\t<\/span>\n\t\t\t\t\t<\/a>\n\t\t\t\t<\/div>\n\t\t\t\t\t\t\t\t<\/div>\n\t\t\t\t<\/div>\n\t\t\t\t\t<\/div>\n\t\t<\/div>\n\t\t\t\t\t<\/div>\n\t\t<\/section>\n\t\t\t\t<section class=\"elementor-section elementor-top-section elementor-element elementor-element-79e765ae elementor-section-boxed elementor-section-height-default elementor-section-height-default\" data-id=\"79e765ae\" data-element_type=\"section\" data-e-type=\"section\">\n\t\t\t\t\t\t<div class=\"elementor-container elementor-column-gap-default\">\n\t\t\t\t\t<div class=\"elementor-column elementor-col-100 elementor-top-column elementor-element elementor-element-5fea4dc6\" data-id=\"5fea4dc6\" data-element_type=\"column\" data-e-type=\"column\">\n\t\t\t<div class=\"elementor-widget-wrap elementor-element-populated\">\n\t\t\t\t\t\t<div class=\"elementor-element elementor-element-71e49dad elementor-widget elementor-widget-text-editor\" data-id=\"71e49dad\" data-element_type=\"widget\" data-e-type=\"widget\" data-widget_type=\"text-editor.default\">\n\t\t\t\t<div class=\"elementor-widget-container\">\n\t\t\t\t\t\t\t\t\t\n<p>El cuelebre o el culebre es una criatura del <a href=\"https:\/\/mythslegendes.com\/es\/\">leyenda<\/a> Mitolog\u00eda de las regiones celtas de Asturias, Galicia y Cantabria.<\/p>\n<p><img decoding=\"async\" class=\"alignnone wp-image-5284 size-full\" src=\"https:\/\/mythslegendes.com\/wp-content\/uploads\/2020\/09\/AlphaOmega-e1602613368367.png\" alt=\"El Cuelebre\" width=\"25\" height=\"26\" title=\"\"><\/p>\n<div id=\"ez-toc-container\" class=\"ez-toc-v2_0_82_2 counter-hierarchy ez-toc-counter ez-toc-grey ez-toc-container-direction\">\n<div class=\"ez-toc-title-container\">\n<p class=\"ez-toc-title\" style=\"cursor:inherit\">Contenido<\/p>\n<span class=\"ez-toc-title-toggle\"><a href=\"#\" class=\"ez-toc-pull-right ez-toc-btn ez-toc-btn-xs ez-toc-btn-default ez-toc-toggle\" aria-label=\"Alternar tabla de contenidos\"><span class=\"ez-toc-js-icon-con\"><span class=\"\"><span class=\"eztoc-hide\" style=\"display:none;\">Palanca<\/span><span class=\"ez-toc-icon-toggle-span\"><svg style=\"fill: #999;color:#999\" xmlns=\"http:\/\/www.w3.org\/2000\/svg\" class=\"list-377408\" width=\"20px\" height=\"20px\" viewbox=\"0 0 24 24\" fill=\"none\"><path d=\"M6 6H4v2h2V6zm14 0H8v2h12V6zM4 11h2v2H4v-2zm16 0H8v2h12v-2zM4 16h2v2H4v-2zm16 0H8v2h12v-2z\" fill=\"currentColor\"><\/path><\/svg><svg style=\"fill: #999;color:#999\" class=\"arrow-unsorted-368013\" xmlns=\"http:\/\/www.w3.org\/2000\/svg\" width=\"10px\" height=\"10px\" viewbox=\"0 0 24 24\" version=\"1.2\" baseprofile=\"tiny\"><path d=\"M18.2 9.3l-6.2-6.3-6.2 6.3c-.2.2-.3.4-.3.7s.1.5.3.7c.2.2.4.3.7.3h11c.3 0 .5-.1.7-.3.2-.2.3-.5.3-.7s-.1-.5-.3-.7zM5.8 14.7l6.2 6.3 6.2-6.3c.2-.2.3-.5.3-.7s-.1-.5-.3-.7c-.2-.2-.4-.3-.7-.3h-11c-.3 0-.5.1-.7.3-.2.2-.3.5-.3.7s.1.5.3.7z\"\/><\/svg><\/span><\/span><\/span><\/a><\/span><\/div>\n<nav><ul class='ez-toc-list ez-toc-list-level-1' ><li class='ez-toc-page-1 ez-toc-heading-level-2'><a class=\"ez-toc-link ez-toc-heading-1\" href=\"https:\/\/mythslegendes.com\/es\/mitologia-iberica\/el-cuelebre\/#Le-Cuelebre\" >El Cuelebre<\/a><\/li><\/ul><\/nav><\/div>\n<h2><span class=\"ez-toc-section\" id=\"Le-Cuelebre\"><\/span>El Cuelebre<span class=\"ez-toc-section-end\"><\/span><\/h2>\n\n<p>El cu\u00e9lebre se describe generalmente con la forma de un drag\u00f3n o una gran serpiente alada, con un cuerpo escamoso de color verde y rojo y duro como el hierro.<\/p>\n\n<p>Se dice que una de sus principales funciones es la de custodiar los tesoros, ya que en Asturias existen numerosas referencias a estos tesoros compuestos por monedas de oro generalmente de gran valor.<\/p>\n\n<p>La celebre suele esconderse en una cueva, en un bosque o en una fuente.<\/p>\n\n<p>Desafortunadamente, la celebre tiene la costumbre de ser molestada por los humanos que a menudo viven cerca de su escondite.<\/p>\n\n<p>S\u00f3lo que la comida favorita de los famosos son los seres humanos muertos, pero tambi\u00e9n a veces los seres humanos vivos para aquellos que tienen la audacia de acercarse demasiado a sus caba\u00f1as.<\/p>\n\n<p>Se dice que su punto d\u00e9bil es la garganta porque el resto del cuerpo est\u00e1 lleno de escamas duras que los hacen pr\u00e1cticamente invulnerables.<\/p>\n\n<p>Hoy en d\u00eda existen varias historias sobre la celebre.<\/p>\n\n<p>La primera ser\u00eda una leyenda que cuenta que una hermosa joven se niega a escuchar las advertencias de su familia y que va a menudo a admirar su reflejo en la superficie de un lago para peinarse.<\/p>\n\n<p>Lamentablemente una poderosa ninfa del agua del lago la observa y piensa que la joven est\u00e1 descuidando sus tareas diarias para perder el tiempo en esta actividad.<\/p>\n\n<p>Entonces la ninfa decide lanzarle un hechizo donde la joven se vuelve enorme, su cabello es reemplazado por crestas, su piel es reemplazada por escamas y le crecen alas.<\/p>\n\n<p>Pero para recuperar su apariencia original, tendr\u00e1 que conocer a un caballero que ser\u00e1 valiente, que no le tendr\u00e1 miedo y que tendr\u00e1 un coraz\u00f3n tan puro como para encontrarla hermosa.<\/p>\n\n<p>La segunda historia es la de los campesinos que lograron enga\u00f1arlo o los monjes cansados de alimentarlo para evitar que sacara los cad\u00e1veres de los conventos decidieron darle una barra de pan llena de alfileres que lo mat\u00f3.<\/p>\n\n<p>Otra historia cuenta que en la d\u00e9cada de 1960 la celebre fue vista en el pueblo de Felechosa donde un ganadero jur\u00f3 con sus propios ojos que hab\u00eda visto a esta criatura y que la acechaba.<\/p>\n\n<p>Otros dicen que tropezaron con su cola o olieron su aliento a trav\u00e9s de la maleza, lo que provoc\u00f3 la histeria en el pueblo y oblig\u00f3 a la Guardia Civil a realizar un barrido de la zona, especialmente en las inmediaciones de la cueva de Otero.<\/p>\n\n<p>Tambi\u00e9n se dice que cuando la celebre envejece y se acerca su tiempo, la criatura se hunde en el fondo del mar con sus tesoros para descansar.<\/p>\n\t\t\t\t\t\t\t\t<\/div>\n\t\t\t\t<\/div>\n\t\t\t\t\t<\/div>\n\t\t<\/div>\n\t\t\t\t\t<\/div>\n\t\t<\/section>\n\t\t\t\t<\/div>","protected":false},"excerpt":{"rendered":"<p>Wiki Mitolog\u00eda Ib\u00e9rica El culebre o culebre es una criatura de leyenda mitol\u00f3gica procedente de las regiones celtas de Asturias, \u2026 <\/p>","protected":false},"author":1,"featured_media":0,"parent":2187,"menu_order":0,"comment_status":"closed","ping_status":"closed","template":"","meta":{"footnotes":""},"class_list":["post-2231","page","type-page","status-publish","hentry"],"amp_enabled":true,"_links":{"self":[{"href":"https:\/\/mythslegendes.com\/es\/wp-json\/wp\/v2\/pages\/2231","targetHints":{"allow":["GET"]}}],"collection":[{"href":"https:\/\/mythslegendes.com\/es\/wp-json\/wp\/v2\/pages"}],"about":[{"href":"https:\/\/mythslegendes.com\/es\/wp-json\/wp\/v2\/types\/page"}],"author":[{"embeddable":true,"href":"https:\/\/mythslegendes.com\/es\/wp-json\/wp\/v2\/users\/1"}],"replies":[{"embeddable":true,"href":"https:\/\/mythslegendes.com\/es\/wp-json\/wp\/v2\/comments?post=2231"}],"version-history":[{"count":1,"href":"https:\/\/mythslegendes.com\/es\/wp-json\/wp\/v2\/pages\/2231\/revisions"}],"predecessor-version":[{"id":24745,"href":"https:\/\/mythslegendes.com\/es\/wp-json\/wp\/v2\/pages\/2231\/revisions\/24745"}],"up":[{"embeddable":true,"href":"https:\/\/mythslegendes.com\/es\/wp-json\/wp\/v2\/pages\/2187"}],"wp:attachment":[{"href":"https:\/\/mythslegendes.com\/es\/wp-json\/wp\/v2\/media?parent=2231"}],"curies":[{"name":"wp","href":"https:\/\/api.w.org\/{rel}","templated":true}]}}