{"id":22339,"date":"2022-08-07T15:45:00","date_gmt":"2022-08-07T15:45:00","guid":{"rendered":"https:\/\/mythslegendes.com\/?page_id=22339"},"modified":"2022-08-07T15:51:07","modified_gmt":"2022-08-07T15:51:07","slug":"conte-comanche-humpback","status":"publish","type":"page","link":"https:\/\/mythslegendes.com\/es\/mitologia-kiowa-comanche\/cuento-comanche-jorobado\/","title":{"rendered":"Cuento Comanche: Jorobado"},"content":{"rendered":"<div data-elementor-type=\"wp-page\" data-elementor-id=\"22339\" class=\"elementor elementor-22339\">\n\t\t\t\t\t\t<section class=\"elementor-section elementor-top-section elementor-element elementor-element-179aa48 elementor-section-boxed elementor-section-height-default elementor-section-height-default\" data-id=\"179aa48\" data-element_type=\"section\" data-e-type=\"section\">\n\t\t\t\t\t\t<div class=\"elementor-container elementor-column-gap-default\">\n\t\t\t\t\t<div class=\"elementor-column elementor-col-50 elementor-top-column elementor-element elementor-element-25f0642\" data-id=\"25f0642\" data-element_type=\"column\" data-e-type=\"column\">\n\t\t\t<div class=\"elementor-widget-wrap elementor-element-populated\">\n\t\t\t\t\t\t<div class=\"elementor-element elementor-element-0aa5381 elementor-align-justify elementor-widget elementor-widget-button\" data-id=\"0aa5381\" data-element_type=\"widget\" data-e-type=\"widget\" data-widget_type=\"button.default\">\n\t\t\t\t<div class=\"elementor-widget-container\">\n\t\t\t\t\t\t\t\t\t<div class=\"elementor-button-wrapper\">\n\t\t\t\t\t<a class=\"elementor-button elementor-button-link elementor-size-sm\" href=\"https:\/\/mythslegendes.com\/es\/mitologia-kiowa-comanche\/\">\n\t\t\t\t\t\t<span class=\"elementor-button-content-wrapper\">\n\t\t\t\t\t\t\t\t\t<span class=\"elementor-button-text\">Mitolog\u00eda Kiowa-Comanche<\/span>\n\t\t\t\t\t<\/span>\n\t\t\t\t\t<\/a>\n\t\t\t\t<\/div>\n\t\t\t\t\t\t\t\t<\/div>\n\t\t\t\t<\/div>\n\t\t\t\t\t<\/div>\n\t\t<\/div>\n\t\t\t\t<div class=\"elementor-column elementor-col-50 elementor-top-column elementor-element elementor-element-76653a8\" data-id=\"76653a8\" data-element_type=\"column\" data-e-type=\"column\">\n\t\t\t<div class=\"elementor-widget-wrap elementor-element-populated\">\n\t\t\t\t\t\t<div class=\"elementor-element elementor-element-f3fafc5 elementor-align-justify elementor-widget elementor-widget-button\" data-id=\"f3fafc5\" data-element_type=\"widget\" data-e-type=\"widget\" data-widget_type=\"button.default\">\n\t\t\t\t<div class=\"elementor-widget-container\">\n\t\t\t\t\t\t\t\t\t<div class=\"elementor-button-wrapper\">\n\t\t\t\t\t<a class=\"elementor-button elementor-button-link elementor-size-sm\" href=\"https:\/\/www.firstpeople.us\/FP-Html-Legends\/HowtheBuffaloWereReleasedonEarth-Comanche.html\" target=\"_blank\" rel=\"noopener\">\n\t\t\t\t\t\t<span class=\"elementor-button-content-wrapper\">\n\t\t\t\t\t\t\t\t\t<span class=\"elementor-button-text\">Wiki<\/span>\n\t\t\t\t\t<\/span>\n\t\t\t\t\t<\/a>\n\t\t\t\t<\/div>\n\t\t\t\t\t\t\t\t<\/div>\n\t\t\t\t<\/div>\n\t\t\t\t\t<\/div>\n\t\t<\/div>\n\t\t\t\t\t<\/div>\n\t\t<\/section>\n\t\t\t\t<section class=\"elementor-section elementor-top-section elementor-element elementor-element-38178a6 elementor-section-boxed elementor-section-height-default elementor-section-height-default\" data-id=\"38178a6\" data-element_type=\"section\" data-e-type=\"section\">\n\t\t\t\t\t\t<div class=\"elementor-container elementor-column-gap-default\">\n\t\t\t\t\t<div class=\"elementor-column elementor-col-100 elementor-top-column elementor-element elementor-element-46bb510\" data-id=\"46bb510\" data-element_type=\"column\" data-e-type=\"column\">\n\t\t\t<div class=\"elementor-widget-wrap elementor-element-populated\">\n\t\t\t\t\t\t<div class=\"elementor-element elementor-element-9d3ecdc elementor-widget elementor-widget-text-editor\" data-id=\"9d3ecdc\" data-element_type=\"widget\" data-e-type=\"widget\" data-widget_type=\"text-editor.default\">\n\t\t\t\t<div class=\"elementor-widget-container\">\n\t\t\t\t\t\t\t\t\t<p>los <a href=\"https:\/\/mythslegendes.com\/es\/mitologia-kiowa-comanche\/\">Kiowas<\/a> emigr\u00f3 a trav\u00e9s de la cuenca del r\u00edo Platte al \u00e1rea del r\u00edo Arkansas. All\u00ed se enfrentaron a la <strong><a href=\"https:\/\/mythslegendes.com\/es\/mitologia-kiowa-comanche\/\">Comanches<\/a>.\u00a0<\/strong>Aqu\u00ed est\u00e1 su historia: Humpback, c\u00f3mo los b\u00fafalos fueron liberados en la Tierra.<\/p><p><img decoding=\"async\" class=\"alignnone wp-image-9347 size-full\" src=\"http:\/\/mythslegendes.com\/wp-content\/uploads\/2020\/09\/cropped-AlphaOmega-e1602613368367.png\" alt=\"Humpback c\u00f3mo fueron liberados los b\u00fafalos en la Tierra\" width=\"25\" height=\"25\" title=\"\"><\/p>\t\t\t\t\t\t\t\t<\/div>\n\t\t\t\t<\/div>\n\t\t\t\t\t<\/div>\n\t\t<\/div>\n\t\t\t\t\t<\/div>\n\t\t<\/section>\n\t\t\t\t<section class=\"elementor-section elementor-top-section elementor-element elementor-element-5ebe039 elementor-section-boxed elementor-section-height-default elementor-section-height-default\" data-id=\"5ebe039\" data-element_type=\"section\" data-e-type=\"section\">\n\t\t\t\t\t\t<div class=\"elementor-container elementor-column-gap-default\">\n\t\t\t\t\t<div class=\"elementor-column elementor-col-100 elementor-top-column elementor-element elementor-element-fdb1435\" data-id=\"fdb1435\" data-element_type=\"column\" data-e-type=\"column\">\n\t\t\t<div class=\"elementor-widget-wrap elementor-element-populated\">\n\t\t\t\t\t\t<div class=\"elementor-element elementor-element-b038c82 elementor-widget elementor-widget-heading\" data-id=\"b038c82\" data-element_type=\"widget\" data-e-type=\"widget\" data-widget_type=\"heading.default\">\n\t\t\t\t<div class=\"elementor-widget-container\">\n\t\t\t\t\t<div id=\"ez-toc-container\" class=\"ez-toc-v2_0_82_2 counter-hierarchy ez-toc-counter ez-toc-grey ez-toc-container-direction\">\n<div class=\"ez-toc-title-container\">\n<p class=\"ez-toc-title\" style=\"cursor:inherit\">Contenido<\/p>\n<span class=\"ez-toc-title-toggle\"><a href=\"#\" class=\"ez-toc-pull-right ez-toc-btn ez-toc-btn-xs ez-toc-btn-default ez-toc-toggle\" aria-label=\"Alternar tabla de contenidos\"><span class=\"ez-toc-js-icon-con\"><span class=\"\"><span class=\"eztoc-hide\" style=\"display:none;\">Palanca<\/span><span class=\"ez-toc-icon-toggle-span\"><svg style=\"fill: #999;color:#999\" xmlns=\"http:\/\/www.w3.org\/2000\/svg\" class=\"list-377408\" width=\"20px\" height=\"20px\" viewbox=\"0 0 24 24\" fill=\"none\"><path d=\"M6 6H4v2h2V6zm14 0H8v2h12V6zM4 11h2v2H4v-2zm16 0H8v2h12v-2zM4 16h2v2H4v-2zm16 0H8v2h12v-2z\" fill=\"currentColor\"><\/path><\/svg><svg style=\"fill: #999;color:#999\" class=\"arrow-unsorted-368013\" xmlns=\"http:\/\/www.w3.org\/2000\/svg\" width=\"10px\" height=\"10px\" viewbox=\"0 0 24 24\" version=\"1.2\" baseprofile=\"tiny\"><path d=\"M18.2 9.3l-6.2-6.3-6.2 6.3c-.2.2-.3.4-.3.7s.1.5.3.7c.2.2.4.3.7.3h11c.3 0 .5-.1.7-.3.2-.2.3-.5.3-.7s-.1-.5-.3-.7zM5.8 14.7l6.2 6.3 6.2-6.3c.2-.2.3-.5.3-.7s-.1-.5-.3-.7c-.2-.2-.4-.3-.7-.3h-11c-.3 0-.5.1-.7.3-.2.2-.3.5-.3.7s.1.5.3.7z\"\/><\/svg><\/span><\/span><\/span><\/a><\/span><\/div>\n<nav><ul class='ez-toc-list ez-toc-list-level-1' ><li class='ez-toc-page-1 ez-toc-heading-level-2'><a class=\"ez-toc-link ez-toc-heading-1\" href=\"https:\/\/mythslegendes.com\/es\/mitologia-kiowa-comanche\/cuento-comanche-jorobado\/#Humpback-how-the-Buffalo-were-released-on-Earth\" >Jorobada, c\u00f3mo fueron liberados los b\u00fafalos en la Tierra<\/a><\/li><\/ul><\/nav><\/div>\n<h2 class=\"elementor-heading-title elementor-size-default\"><span class=\"ez-toc-section\" id=\"Humpback-how-the-Buffalo-were-released-on-Earth\"><\/span>Jorobada, c\u00f3mo fueron liberados los b\u00fafalos en la Tierra<span class=\"ez-toc-section-end\"><\/span><\/h2>\t\t\t\t<\/div>\n\t\t\t\t<\/div>\n\t\t\t\t\t<\/div>\n\t\t<\/div>\n\t\t\t\t\t<\/div>\n\t\t<\/section>\n\t\t\t\t<section class=\"elementor-section elementor-top-section elementor-element elementor-element-24b4367 elementor-section-boxed elementor-section-height-default elementor-section-height-default\" data-id=\"24b4367\" data-element_type=\"section\" data-e-type=\"section\">\n\t\t\t\t\t\t<div class=\"elementor-container elementor-column-gap-default\">\n\t\t\t\t\t<div class=\"elementor-column elementor-col-100 elementor-top-column elementor-element elementor-element-9e40462\" data-id=\"9e40462\" data-element_type=\"column\" data-e-type=\"column\">\n\t\t\t<div class=\"elementor-widget-wrap elementor-element-populated\">\n\t\t\t\t\t\t<div class=\"elementor-element elementor-element-439fe1f elementor-widget elementor-widget-text-editor\" data-id=\"439fe1f\" data-element_type=\"widget\" data-e-type=\"widget\" data-widget_type=\"text-editor.default\">\n\t\t\t\t<div class=\"elementor-widget-container\">\n\t\t\t\t\t\t\t\t\t<p>En los primeros d\u00edas un poderoso ser llamado Humpback pose\u00eda todos los b\u00fafalos. Los mantuvo en un corral en las monta\u00f1as al norte de San Juan, donde viv\u00eda con su hijo peque\u00f1o.<\/p>\n<p>Ning\u00fan b\u00fafalo jorobado soltar\u00eda para la gente de la Tierra, ni compartir\u00eda carne con los que viv\u00edan cerca de \u00e9l.<\/p>\n<p>Coyote decidi\u00f3 que se deb\u00eda hacer algo para liberar al b\u00fafalo del corral de Humpback. Llam\u00f3 al pueblo a un concilio. &quot;La jorobada no nos dar\u00e1 ning\u00fan b\u00fafalo&quot;, dijo Coyote. Vayamos todos a su corral y hagamos un plan para liberarlos.<\/p>\n<p>Acamparon en las monta\u00f1as cerca del lugar de Humpback, y despu\u00e9s del anochecer hicieron una inspecci\u00f3n cuidadosa de su recinto de b\u00fafalos. Los muros de piedra eran demasiado altos para escalarlos y la \u00fanica entrada era a trav\u00e9s de la puerta trasera de la casa de Humpback.<\/p>\n<p>Despu\u00e9s de cuatro d\u00edas, Coyote convoc\u00f3 a la gente a otro consejo y les pidi\u00f3 que ofrecieran sugerencias para liberar al b\u00fafalo. &quot;No hay manera&quot;, dijo un hombre. &quot;Para liberar al b\u00fafalo, debemos ir a la casa de Humpback, y \u00e9l es un ser demasiado poderoso para que hagamos eso&quot;.<\/p>\n<p>&quot;Tengo un plan&quot;, dijo Coyote. &quot;Durante cuatro d\u00edas hemos observado en secreto a Humpback y su hijo peque\u00f1o realizar sus actividades diarias. \u00bfNo has observado que el ni\u00f1o no tiene mascota de ning\u00fan tipo?&quot;<\/p>\n<p>La gente no entend\u00eda qu\u00e9 ten\u00eda que ver esto con la liberaci\u00f3n del b\u00fafalo, pero sab\u00edan que Coyote era un gran intrigante y esperaron a que les explicara. &quot;Me convertir\u00e9 en un asesino&quot;, dijo Coyote. &quot;En la ma\u00f1ana, cuando el hijo de Humpback baje al manantial para conseguir agua, encontrar\u00e1 un ciervo asesino con un ala rota. Querr\u00e1 este p\u00e1jaro como mascota y lo llevar\u00e1 de regreso a la casa. Una vez que est\u00e9 en la casa, pueden volar al corral, y los gritos de un ciervo asesino asustar\u00e1n a los b\u00fafalos en una estampida. Vendr\u00e1n corriendo a trav\u00e9s de la casa de Humpback y ser\u00e1n liberados sobre la Tierra &quot;.<\/p>\n<p>La gente pens\u00f3 que era un buen plan y, a la ma\u00f1ana siguiente, cuando Humpback baj\u00f3 por el camino hacia el manantial, encontr\u00f3 un ciervo asesino con un ala tullida. Como hab\u00eda previsto Coyote, el ni\u00f1o recogi\u00f3 el p\u00e1jaro y lo llev\u00f3 a la casa.<\/p>\n<p>&quot;Mira aqu\u00ed&quot;, grit\u00f3 el ni\u00f1o. &quot;\u00a1Este es un p\u00e1jaro muy bueno!&quot;<\/p>\n<p>&quot;\u00a1No sirve para nada!&quot; Jorobado grit\u00f3. &quot;Todos los p\u00e1jaros, los animales y las personas son sinverg\u00fcenzas e intrigantes&quot;. Sobre su feroz nariz, Jorobado llevaba una m\u00e1scara azul, ya trav\u00e9s de sus rendijas brillaban sus ojos. Su tocado de canasta ten\u00eda forma de nube y estaba pintado de negro con una raya amarilla en zig-zag para representar un rayo. Los cuernos de b\u00fafalo sobresal\u00edan de los lados.<\/p>\n<p>&quot;Es un p\u00e1jaro muy bueno&quot;, repiti\u00f3 el ni\u00f1o.<\/p>\n<p>&quot;\u00a1Ll\u00e9vatelo donde lo encontraste!&quot; rugi\u00f3 Humpback, y su hijo asustado hizo lo que le dijo.<\/p>\n<p>Tan pronto como se solt\u00f3, el asesino regres\u00f3 a donde la gente estaba acampada y cambi\u00f3 de nuevo a Coyote. &quot;He fallado&quot;, dijo, &quot;pero eso no hace ninguna diferencia. Lo intentar\u00e9 de nuevo por la ma\u00f1ana. Tal vez un animal peque\u00f1o sea mejor que un p\u00e1jaro&quot;.<\/p>\n<p>A la ma\u00f1ana siguiente, cuando Humpback fue al manantial, encontr\u00f3 un peque\u00f1o perro all\u00ed, lamiendo el agua. El ni\u00f1o recogi\u00f3 al perro de inmediato y se apresur\u00f3 a regresar a la casa. &quot;\u00a1Mira aqu\u00ed!&quot; grit\u00f3. &quot;Qu\u00e9 linda mascota tengo&quot;.<\/p>\n<p>&quot;\u00a1Qu\u00e9 tonto eres, muchacho!&quot; Jorobado gru\u00f1\u00f3. &quot;Un perro no sirve para nada. Lo matar\u00e9 con mi garrote&quot;.<\/p>\n<p>El ni\u00f1o se aferr\u00f3 al perro y comenz\u00f3 a correr llorando.<\/p>\n<p>&quot;Oh, muy bien&quot;, dijo Humpback. &quot;Pero primero d\u00e9jame probar a ese animal para asegurarme de que es un perro. Todos los animales del mundo son intrigantes&quot;. Cogi\u00f3 una brasa del hogar y la acerc\u00f3 m\u00e1s y m\u00e1s a los ojos del perro hasta que emiti\u00f3 tres r\u00e1pidos ladridos. &quot;Es un perro de verdad&quot;, declar\u00f3 Humpback. &quot;Puedes tenerlo en el corral de los b\u00fafalos, pero no en la casa&quot;.<\/p>\n<p>Esto, por supuesto, era exactamente lo que quer\u00eda Coyote. Tan pronto como cay\u00f3 la noche y Jorobado y su hijo se fueron a dormir, Coyote abri\u00f3 la puerta trasera de la casa. Luego corri\u00f3 entre los b\u00fafalos, ladrando tan fuerte como pudo. Los b\u00fafalos estaban muy asustados porque nunca antes hab\u00edan o\u00eddo ladrar a un perro. Cuando Coyote corri\u00f3 pis\u00e1ndoles los talones, patearon hacia la casa de Humpback y entraron por la puerta trasera. El golpeteo de sus cascos despert\u00f3 a Jorobado, y aunque salt\u00f3 de la cama y trat\u00f3 de detenerlos, el b\u00fafalo derrib\u00f3 la puerta principal y escap\u00f3.<\/p>\n<p>Despu\u00e9s de que el \u00faltimo de los animales peludos se alej\u00f3 al galope, el hijo de Humpback no pudo encontrar a su peque\u00f1o perro. &quot;\u00bfD\u00f3nde est\u00e1 mi mascota?&quot; grit\u00f3. &quot;\u00bfD\u00f3nde est\u00e1 mi perrito?&quot;<\/p>\n<p>&quot;Ese no era un perro&quot;, dijo Humpback con tristeza. &quot;Ese era Coyote el Tramposo. Ha soltado a todos nuestros b\u00fafalos&quot;.<\/p>\n<p>As\u00ed fue que los b\u00fafalos que fueron soltados se esparcieron por toda la Tierra.<\/p>\t\t\t\t\t\t\t\t<\/div>\n\t\t\t\t<\/div>\n\t\t\t\t\t<\/div>\n\t\t<\/div>\n\t\t\t\t\t<\/div>\n\t\t<\/section>\n\t\t\t\t<\/div>","protected":false},"excerpt":{"rendered":"<p>Kiowa-Comanche Mythology Wiki Los Kiowas emigraron a trav\u00e9s de la cuenca del r\u00edo Platte al \u00e1rea del r\u00edo Arkansas. All\u00e1, \u2026 <\/p>","protected":false},"author":1,"featured_media":0,"parent":3983,"menu_order":0,"comment_status":"closed","ping_status":"closed","template":"","meta":{"footnotes":""},"class_list":["post-22339","page","type-page","status-publish","hentry"],"amp_enabled":true,"_links":{"self":[{"href":"https:\/\/mythslegendes.com\/es\/wp-json\/wp\/v2\/pages\/22339","targetHints":{"allow":["GET"]}}],"collection":[{"href":"https:\/\/mythslegendes.com\/es\/wp-json\/wp\/v2\/pages"}],"about":[{"href":"https:\/\/mythslegendes.com\/es\/wp-json\/wp\/v2\/types\/page"}],"author":[{"embeddable":true,"href":"https:\/\/mythslegendes.com\/es\/wp-json\/wp\/v2\/users\/1"}],"replies":[{"embeddable":true,"href":"https:\/\/mythslegendes.com\/es\/wp-json\/wp\/v2\/comments?post=22339"}],"version-history":[{"count":3,"href":"https:\/\/mythslegendes.com\/es\/wp-json\/wp\/v2\/pages\/22339\/revisions"}],"predecessor-version":[{"id":22347,"href":"https:\/\/mythslegendes.com\/es\/wp-json\/wp\/v2\/pages\/22339\/revisions\/22347"}],"up":[{"embeddable":true,"href":"https:\/\/mythslegendes.com\/es\/wp-json\/wp\/v2\/pages\/3983"}],"wp:attachment":[{"href":"https:\/\/mythslegendes.com\/es\/wp-json\/wp\/v2\/media?parent=22339"}],"curies":[{"name":"wp","href":"https:\/\/api.w.org\/{rel}","templated":true}]}}