{"id":2234,"date":"2020-07-10T12:43:25","date_gmt":"2020-07-10T11:43:25","guid":{"rendered":"https:\/\/mythslegendes.com\/?page_id=2234"},"modified":"2022-12-03T22:07:06","modified_gmt":"2022-12-03T22:07:06","slug":"la-sainte-compagne","status":"publish","type":"page","link":"https:\/\/mythslegendes.com\/es\/mitologia-iberica\/el-santo-companero\/","title":{"rendered":"El Santo Compa\u00f1ero"},"content":{"rendered":"<div data-elementor-type=\"wp-page\" data-elementor-id=\"2234\" class=\"elementor elementor-2234\">\n\t\t\t\t\t\t<section class=\"elementor-section elementor-top-section elementor-element elementor-element-2df5e80 elementor-section-boxed elementor-section-height-default elementor-section-height-default\" data-id=\"2df5e80\" data-element_type=\"section\" data-e-type=\"section\">\n\t\t\t\t\t\t<div class=\"elementor-container elementor-column-gap-default\">\n\t\t\t\t\t<div class=\"elementor-column elementor-col-50 elementor-top-column elementor-element elementor-element-181b54f\" data-id=\"181b54f\" data-element_type=\"column\" data-e-type=\"column\">\n\t\t\t<div class=\"elementor-widget-wrap elementor-element-populated\">\n\t\t\t\t\t\t<div class=\"elementor-element elementor-element-f6fcbe8 elementor-align-justify elementor-widget elementor-widget-button\" data-id=\"f6fcbe8\" data-element_type=\"widget\" data-e-type=\"widget\" data-widget_type=\"button.default\">\n\t\t\t\t<div class=\"elementor-widget-container\">\n\t\t\t\t\t\t\t\t\t<div class=\"elementor-button-wrapper\">\n\t\t\t\t\t<a class=\"elementor-button elementor-button-link elementor-size-sm\" href=\"https:\/\/mythslegendes.com\/es\/mitologia-iberica\/\">\n\t\t\t\t\t\t<span class=\"elementor-button-content-wrapper\">\n\t\t\t\t\t\t\t\t\t<span class=\"elementor-button-text\">Mitolog\u00eda ib\u00e9rica<\/span>\n\t\t\t\t\t<\/span>\n\t\t\t\t\t<\/a>\n\t\t\t\t<\/div>\n\t\t\t\t\t\t\t\t<\/div>\n\t\t\t\t<\/div>\n\t\t\t\t\t<\/div>\n\t\t<\/div>\n\t\t\t\t<div class=\"elementor-column elementor-col-50 elementor-top-column elementor-element elementor-element-37687c1\" data-id=\"37687c1\" data-element_type=\"column\" data-e-type=\"column\">\n\t\t\t<div class=\"elementor-widget-wrap elementor-element-populated\">\n\t\t\t\t\t\t<div class=\"elementor-element elementor-element-58af227 elementor-align-justify elementor-widget elementor-widget-button\" data-id=\"58af227\" data-element_type=\"widget\" data-e-type=\"widget\" data-widget_type=\"button.default\">\n\t\t\t\t<div class=\"elementor-widget-container\">\n\t\t\t\t\t\t\t\t\t<div class=\"elementor-button-wrapper\">\n\t\t\t\t\t<a class=\"elementor-button elementor-button-link elementor-size-sm\" href=\"https:\/\/en.wikipedia.org\/wiki\/Spanish_mythology\" target=\"_blank\" rel=\"noopener\">\n\t\t\t\t\t\t<span class=\"elementor-button-content-wrapper\">\n\t\t\t\t\t\t\t\t\t<span class=\"elementor-button-text\">Wiki<\/span>\n\t\t\t\t\t<\/span>\n\t\t\t\t\t<\/a>\n\t\t\t\t<\/div>\n\t\t\t\t\t\t\t\t<\/div>\n\t\t\t\t<\/div>\n\t\t\t\t\t<\/div>\n\t\t<\/div>\n\t\t\t\t\t<\/div>\n\t\t<\/section>\n\t\t\t\t<section class=\"elementor-section elementor-top-section elementor-element elementor-element-6f46e767 elementor-section-boxed elementor-section-height-default elementor-section-height-default\" data-id=\"6f46e767\" data-element_type=\"section\" data-e-type=\"section\">\n\t\t\t\t\t\t<div class=\"elementor-container elementor-column-gap-default\">\n\t\t\t\t\t<div class=\"elementor-column elementor-col-100 elementor-top-column elementor-element elementor-element-194c108c\" data-id=\"194c108c\" data-element_type=\"column\" data-e-type=\"column\">\n\t\t\t<div class=\"elementor-widget-wrap elementor-element-populated\">\n\t\t\t\t\t\t<div class=\"elementor-element elementor-element-72523d98 elementor-widget elementor-widget-text-editor\" data-id=\"72523d98\" data-element_type=\"widget\" data-e-type=\"widget\" data-widget_type=\"text-editor.default\">\n\t\t\t\t<div class=\"elementor-widget-container\">\n\t\t\t\t\t\t\t\t\t<p><\/p>\n<p>En el noreste de Espa\u00f1a se encuentra la comunidad aut\u00f3noma de Galicia, una tierra que tiene su propio <a href=\"https:\/\/mythslegendes.com\/es\/\">mitolog\u00eda<\/a> y el suyo <a href=\"https:\/\/mythslegendes.com\/es\/\">leyendas<\/a>. Entre ellos, el Santo Compa\u00f1ero es el m\u00e1s famoso. Data aproximadamente del siglo XVI y consiste en una procesi\u00f3n un tanto oscura porque est\u00e1 vinculada a las almas errantes y marca la frontera entre el mundo de los vivos y el de los muertos, asociado a un fuerte olor a cera.<\/p>\n<p><img decoding=\"async\" class=\"alignnone wp-image-5284 size-full\" src=\"https:\/\/mythslegendes.com\/wp-content\/uploads\/2020\/09\/AlphaOmega-e1602613368367.png\" alt=\"santo compa\u00f1ero\" width=\"25\" height=\"26\" title=\"\"><\/p>\n<p><\/p>\n<div id=\"ez-toc-container\" class=\"ez-toc-v2_0_82_2 counter-hierarchy ez-toc-counter ez-toc-grey ez-toc-container-direction\">\n<div class=\"ez-toc-title-container\">\n<p class=\"ez-toc-title\" style=\"cursor:inherit\">Contenido<\/p>\n<span class=\"ez-toc-title-toggle\"><a href=\"#\" class=\"ez-toc-pull-right ez-toc-btn ez-toc-btn-xs ez-toc-btn-default ez-toc-toggle\" aria-label=\"Alternar tabla de contenidos\"><span class=\"ez-toc-js-icon-con\"><span class=\"\"><span class=\"eztoc-hide\" style=\"display:none;\">Palanca<\/span><span class=\"ez-toc-icon-toggle-span\"><svg style=\"fill: #999;color:#999\" xmlns=\"http:\/\/www.w3.org\/2000\/svg\" class=\"list-377408\" width=\"20px\" height=\"20px\" viewbox=\"0 0 24 24\" fill=\"none\"><path d=\"M6 6H4v2h2V6zm14 0H8v2h12V6zM4 11h2v2H4v-2zm16 0H8v2h12v-2zM4 16h2v2H4v-2zm16 0H8v2h12v-2z\" fill=\"currentColor\"><\/path><\/svg><svg style=\"fill: #999;color:#999\" class=\"arrow-unsorted-368013\" xmlns=\"http:\/\/www.w3.org\/2000\/svg\" width=\"10px\" height=\"10px\" viewbox=\"0 0 24 24\" version=\"1.2\" baseprofile=\"tiny\"><path d=\"M18.2 9.3l-6.2-6.3-6.2 6.3c-.2.2-.3.4-.3.7s.1.5.3.7c.2.2.4.3.7.3h11c.3 0 .5-.1.7-.3.2-.2.3-.5.3-.7s-.1-.5-.3-.7zM5.8 14.7l6.2 6.3 6.2-6.3c.2-.2.3-.5.3-.7s-.1-.5-.3-.7c-.2-.2-.4-.3-.7-.3h-11c-.3 0-.5.1-.7.3-.2.2-.3.5-.3.7s.1.5.3.7z\"\/><\/svg><\/span><\/span><\/span><\/a><\/span><\/div>\n<nav><ul class='ez-toc-list ez-toc-list-level-1' ><li class='ez-toc-page-1 ez-toc-heading-level-2'><a class=\"ez-toc-link ez-toc-heading-1\" href=\"https:\/\/mythslegendes.com\/es\/mitologia-iberica\/el-santo-companero\/#La-Sainte-Compagne-bien-plus-quune-legende-galicienne\" >El Santo Compa\u00f1ero, mucho m\u00e1s que una leyenda gallega<\/a><\/li><li class='ez-toc-page-1 ez-toc-heading-level-2'><a class=\"ez-toc-link ez-toc-heading-2\" href=\"https:\/\/mythslegendes.com\/es\/mitologia-iberica\/el-santo-companero\/#Quest-ce-que-la-Sainte-Compagne\" >\u00bfQu\u00e9 es el Santo Compa\u00f1ero?<\/a><\/li><li class='ez-toc-page-1 ez-toc-heading-level-2'><a class=\"ez-toc-link ez-toc-heading-3\" href=\"https:\/\/mythslegendes.com\/es\/mitologia-iberica\/el-santo-companero\/#Le-message-amene-par-cette-legende-galicienne\" >El mensaje que trae esta leyenda gallega<\/a><\/li><li class='ez-toc-page-1 ez-toc-heading-level-2'><a class=\"ez-toc-link ez-toc-heading-4\" href=\"https:\/\/mythslegendes.com\/es\/mitologia-iberica\/el-santo-companero\/#Qui-peut-voir-la-Saint-Compagne\" >\u00bfQui\u00e9n puede ver al Santo Compa\u00f1ero?<\/a><\/li><li class='ez-toc-page-1 ez-toc-heading-level-2'><a class=\"ez-toc-link ez-toc-heading-5\" href=\"https:\/\/mythslegendes.com\/es\/mitologia-iberica\/el-santo-companero\/#Comment-se-proteger-de-la-Sainte-Compagne\" >\u00bfC\u00f3mo protegerse del Santo Compa\u00f1ero?<\/a><\/li><\/ul><\/nav><\/div>\n<h2 class=\"wp-block-heading\"><span class=\"ez-toc-section\" id=\"La-Sainte-Compagne-bien-plus-quune-legende-galicienne\"><\/span>El Santo Compa\u00f1ero, mucho m\u00e1s que una leyenda gallega<span class=\"ez-toc-section-end\"><\/span><\/h2>\n<p><\/p>\n<p>Aunque es en Galicia donde m\u00e1s arraigo tiene, es cierto que es, sin embargo, mucho m\u00e1s que una leyenda exclusivamente gallega. En otras partes de Espa\u00f1a existen historias similares, conocidas como la Vela, la Visi\u00f3n o la Aparici\u00f3n.<\/p>\n<p>En Asturias encontramos la &quot;G\u00fcestia&quot;, en Extremadura es la leyenda &quot;El Corteju de Genti de Muerti&quot; la que m\u00e1s se le acerca, la &quot;Estadea&quot; y la Comparsa de \u00c1nimas es lo que se conoce como un fen\u00f3meno similar en el reino de Le\u00f3n, e incluso en regiones influenciadas por religiones celtas como la <a href=\"https:\/\/mythslegendes.com\/es\/mitologia-galesa\/\">Gales<\/a> y el<a href=\"https:\/\/mythslegendes.com\/es\/mitologia-escocesa-2\/\">Escocia<\/a> Se encuentran leyendas similares.<\/p>\n<p><\/p>\n<h2 class=\"wp-block-heading\"><span class=\"ez-toc-section\" id=\"Quest-ce-que-la-Sainte-Compagne\"><\/span>\u00bfQu\u00e9 es el Santo Compa\u00f1ero?<span class=\"ez-toc-section-end\"><\/span><\/h2>\n<p><\/p>\n<p>Los relatos de la mitolog\u00eda gallega y sus leyendas se transmit\u00edan de forma oral, por lo que es dif\u00edcil dar una definici\u00f3n exacta de lo que es el Santo Compa\u00f1ero. En pocas palabras, podemos decir que es la procesi\u00f3n de almas errantes o almas del purgatorio que piden a los vivos rezar por su eterno descanso. As\u00ed, para satisfacer al Santo Compa\u00f1ero, se acostumbra interceder por estas almas durante una misa o rezar por ellas.<\/p>\n<p><\/p>\n<p>Otras fuentes indican que la Santa Compa\u00f1era aparece para anunciar la muerte de alguien o que su aparici\u00f3n nos hace saber que reclama el alma de ese difunto. Tambi\u00e9n puede representar el reproche hecho a la familia del difunto por errores cometidos por los miembros de esta familia durante la vida de la persona fallecida.<\/p>\n<p><\/p>\n<p>Habitualmente, los testigos que han visto al Santo Compa\u00f1ero lo describen como un cortejo f\u00fanebre donde los integrantes que lo componen caminan descalzos, visten t\u00fanicas largas y cuyo rostro se oculta bajo una capucha. Llevan velas en sus manos, despidiendo un fuerte olor a cera. A veces tambi\u00e9n llevan antorchas.<\/p>\n<p><\/p>\n<p>A la cabeza de la procesi\u00f3n va un personaje vivo, un habitante del lugar que lleva una cruz oa veces un caldero de agua bendita, una pila o cualquier otro signo de referencia cristiana; de ah\u00ed viene el adjetivo \u201cSanto\u201d aunque todo eso no tenga nada que ver con la santidad.<\/p>\n<p><\/p>\n<p>El n\u00famero de los integrantes del Santo Compa\u00f1ero tambi\u00e9n puede variar: algunos afirman que son seis o doce, pero en otros casos se menciona hasta cincuenta o sesenta participantes.<\/p>\n<p><\/p>\n<h2 class=\"wp-block-heading\"><span class=\"ez-toc-section\" id=\"Le-message-amene-par-cette-legende-galicienne\"><\/span>El mensaje que trae esta leyenda gallega<span class=\"ez-toc-section-end\"><\/span><\/h2>\n<p><\/p>\n<p>Seg\u00fan las leyendas gallegas, la persona que encabeza la procesi\u00f3n de la Santa Compa\u00f1era morir\u00e1 pronto: no descansa por la noche, y en lugar de dormir, sale de su casa sin que nadie la vea para encabezar este desfile: al d\u00eda siguiente, lo hace. no recuerdo nada. Esta persona s\u00f3lo se salvar\u00e1 de su destino f\u00fanebre si entrega la cruz que lleva a otra persona que lo sustituya.<\/p>\n<p><\/p>\n<p>Durante siglos, el mito de la Santa Compa\u00f1era ha sido muy popular en Galicia y, en teor\u00eda, podr\u00edas encontrarte con ella en tu camino en cualquier lugar oscuro despu\u00e9s del anochecer. Hoy en d\u00eda, debido al aumento de v\u00edas y alumbrado p\u00fablico, parece que este fen\u00f3meno es cada vez menos frecuente.<\/p>\n<p><\/p>\n<p>Si la Santa Compa\u00f1era pudo durar siglos, es tambi\u00e9n porque se benefici\u00f3 de cierta protecci\u00f3n eclesi\u00e1stica; si el p\u00e1rroco del pueblo no desminti\u00f3 esta leyenda, entonces sigui\u00f3 viva. Como dec\u00edamos, esta reuni\u00f3n de esp\u00edritus del purgatorio, envueltos en un aura de santidad y magia, era como una especie de transici\u00f3n donde estos esp\u00edritus inquietos regresan a la tierra para reclamar misas en su nombre.<\/p>\n<p>Estas misas estaban muy bien pagadas en su \u00e9poca y quiz\u00e1s por eso los sacerdotes no las rehusaban, aunque iba en contra de los principios b\u00e1sicos de las creencias cristianas. S\u00f3lo en el D\u00eda del Juicio, los muertos saldr\u00e1n de sus tumbas, como predijo San Juan.<\/p>\n<p><\/p>\n<h2 class=\"wp-block-heading\"><span class=\"ez-toc-section\" id=\"Qui-peut-voir-la-Saint-Compagne\"><\/span>\u00bfQui\u00e9n puede ver al Santo Compa\u00f1ero?<span class=\"ez-toc-section-end\"><\/span><\/h2>\n<p><\/p>\n<p>No todos pueden ver al Santo Compa\u00f1ero; algunos de los testigos que lo vieron dicen que vieron todas las almas, otros solo sintieron su presencia, aun otros afirman haber visto solo las velas y otros finalmente incluso dicen que supieron que la procesi\u00f3n pasaba simplemente porque oli\u00f3 el fuerte olor de cera. Tambi\u00e9n se dice que algunos ni\u00f1os pueden verlo si, durante su bautismo, el sacerdote los bendijo con aceite de muertos en lugar de bendecirlos con agua bendita. \u00a0<\/p>\n<p><\/p>\n<p>Es interesante se\u00f1alar que este fen\u00f3meno est\u00e1 tan arraigado en la cultura popular y rural de Galicia que cada comarca tiene su propio pa\u00eds, con unas caracter\u00edsticas propias que la diferencian de otros municipios vecinos. Ainsi, dans certaines r\u00e9gions, l&#039;on ne fait pas r\u00e9f\u00e9rence \u00e0 des bougies mais \u00e0 des \u00e2mes circulant avec des torches allum\u00e9es et, qu&#039;en plus du p\u00e9nitent qui porterait la croix, se trouverait une autre personne portant un \u00e9tendard et une autre portant una campana. \u00a0<\/p>\n<p><\/p>\n<h2 class=\"wp-block-heading\"><span class=\"ez-toc-section\" id=\"Comment-se-proteger-de-la-Sainte-Compagne\"><\/span>\u00bfC\u00f3mo protegerse del Santo Compa\u00f1ero?<span class=\"ez-toc-section-end\"><\/span><\/h2>\n<p><\/p>\n<p>Si en tu camino te encuentras con el Santo Compa\u00f1ero, debes protegerte para que no te entreguen la cruz que abre la procesi\u00f3n. Puedes hacerlo de diferentes formas: la protecci\u00f3n m\u00e1s com\u00fan es dibujar un c\u00edrculo en el suelo con un trozo de madera (preferentemente de olivo bendito) y posicionarte en este c\u00edrculo. Otros aconsejan tumbarse en el suelo, boca abajo, para no encontrarse con la mirada de las almas errantes. Tambi\u00e9n puedes protegerte teniendo algo en tus manos, como comer algo o jugar con un trozo de madera...<\/p>\n<p><\/p>\n<p>Como te querremos ofrecer una cruz si te encuentras con el Santo Compa\u00f1ero, puedes cruzarte de brazos y pronunciar el nombre de Jesucristo o responder: &quot;Ya tengo una cruz&quot; cuando el vivo al frente de la procesi\u00f3n querr\u00e1 para darte lo suyo. Esta persona a veces est\u00e1 al final de la procesi\u00f3n, e incluso sucede que a veces no se ve a ninguna persona viva en la procesi\u00f3n. Algunos finalmente dicen que puedes ahuyentar este desfile haciendo una se\u00f1al de los cuernos.<\/p>\n<p><\/p>\t\t\t\t\t\t\t\t<\/div>\n\t\t\t\t<\/div>\n\t\t\t\t\t<\/div>\n\t\t<\/div>\n\t\t\t\t\t<\/div>\n\t\t<\/section>\n\t\t\t\t<\/div>","protected":false},"excerpt":{"rendered":"<p>Wiki Mitolog\u00eda Ib\u00e9rica En el noreste de Espa\u00f1a se encuentra la comunidad aut\u00f3noma de Galicia, una tierra que tiene su propia \u2026 <\/p>","protected":false},"author":1,"featured_media":0,"parent":2187,"menu_order":0,"comment_status":"closed","ping_status":"closed","template":"","meta":{"footnotes":""},"class_list":["post-2234","page","type-page","status-publish","hentry"],"amp_enabled":true,"_links":{"self":[{"href":"https:\/\/mythslegendes.com\/es\/wp-json\/wp\/v2\/pages\/2234","targetHints":{"allow":["GET"]}}],"collection":[{"href":"https:\/\/mythslegendes.com\/es\/wp-json\/wp\/v2\/pages"}],"about":[{"href":"https:\/\/mythslegendes.com\/es\/wp-json\/wp\/v2\/types\/page"}],"author":[{"embeddable":true,"href":"https:\/\/mythslegendes.com\/es\/wp-json\/wp\/v2\/users\/1"}],"replies":[{"embeddable":true,"href":"https:\/\/mythslegendes.com\/es\/wp-json\/wp\/v2\/comments?post=2234"}],"version-history":[{"count":1,"href":"https:\/\/mythslegendes.com\/es\/wp-json\/wp\/v2\/pages\/2234\/revisions"}],"predecessor-version":[{"id":24746,"href":"https:\/\/mythslegendes.com\/es\/wp-json\/wp\/v2\/pages\/2234\/revisions\/24746"}],"up":[{"embeddable":true,"href":"https:\/\/mythslegendes.com\/es\/wp-json\/wp\/v2\/pages\/2187"}],"wp:attachment":[{"href":"https:\/\/mythslegendes.com\/es\/wp-json\/wp\/v2\/media?parent=2234"}],"curies":[{"name":"wp","href":"https:\/\/api.w.org\/{rel}","templated":true}]}}