{"id":22348,"date":"2022-08-07T15:51:55","date_gmt":"2022-08-07T15:51:55","guid":{"rendered":"https:\/\/mythslegendes.com\/?page_id=22348"},"modified":"2022-08-07T15:54:13","modified_gmt":"2022-08-07T15:54:13","slug":"conte-comanche-manitous-springs","status":"publish","type":"page","link":"https:\/\/mythslegendes.com\/es\/mitologia-kiowa-comanche\/cuento-comanche-manitous-springs\/","title":{"rendered":"Cuento comanche: Manitous Springs"},"content":{"rendered":"<div data-elementor-type=\"wp-page\" data-elementor-id=\"22348\" class=\"elementor elementor-22348\">\n\t\t\t\t\t\t<section class=\"elementor-section elementor-top-section elementor-element elementor-element-21e5898 elementor-section-boxed elementor-section-height-default elementor-section-height-default\" data-id=\"21e5898\" data-element_type=\"section\" data-e-type=\"section\">\n\t\t\t\t\t\t<div class=\"elementor-container elementor-column-gap-default\">\n\t\t\t\t\t<div class=\"elementor-column elementor-col-50 elementor-top-column elementor-element elementor-element-b762b48\" data-id=\"b762b48\" data-element_type=\"column\" data-e-type=\"column\">\n\t\t\t<div class=\"elementor-widget-wrap elementor-element-populated\">\n\t\t\t\t\t\t<div class=\"elementor-element elementor-element-5fde62e elementor-align-justify elementor-widget elementor-widget-button\" data-id=\"5fde62e\" data-element_type=\"widget\" data-e-type=\"widget\" data-widget_type=\"button.default\">\n\t\t\t\t<div class=\"elementor-widget-container\">\n\t\t\t\t\t\t\t\t\t<div class=\"elementor-button-wrapper\">\n\t\t\t\t\t<a class=\"elementor-button elementor-button-link elementor-size-sm\" href=\"https:\/\/mythslegendes.com\/es\/mitologia-kiowa-comanche\/\">\n\t\t\t\t\t\t<span class=\"elementor-button-content-wrapper\">\n\t\t\t\t\t\t\t\t\t<span class=\"elementor-button-text\">Mitolog\u00eda Kiowa-Comanche<\/span>\n\t\t\t\t\t<\/span>\n\t\t\t\t\t<\/a>\n\t\t\t\t<\/div>\n\t\t\t\t\t\t\t\t<\/div>\n\t\t\t\t<\/div>\n\t\t\t\t\t<\/div>\n\t\t<\/div>\n\t\t\t\t<div class=\"elementor-column elementor-col-50 elementor-top-column elementor-element elementor-element-81f48a2\" data-id=\"81f48a2\" data-element_type=\"column\" data-e-type=\"column\">\n\t\t\t<div class=\"elementor-widget-wrap elementor-element-populated\">\n\t\t\t\t\t\t<div class=\"elementor-element elementor-element-0f6f835 elementor-align-justify elementor-widget elementor-widget-button\" data-id=\"0f6f835\" data-element_type=\"widget\" data-e-type=\"widget\" data-widget_type=\"button.default\">\n\t\t\t\t<div class=\"elementor-widget-container\">\n\t\t\t\t\t\t\t\t\t<div class=\"elementor-button-wrapper\">\n\t\t\t\t\t<a class=\"elementor-button elementor-button-link elementor-size-sm\" href=\"https:\/\/www.firstpeople.us\/FP-Html-Legends\/TheLegendofManitousSprings-Comanche.html\" target=\"_blank\" rel=\"noopener\">\n\t\t\t\t\t\t<span class=\"elementor-button-content-wrapper\">\n\t\t\t\t\t\t\t\t\t<span class=\"elementor-button-text\">Wiki<\/span>\n\t\t\t\t\t<\/span>\n\t\t\t\t\t<\/a>\n\t\t\t\t<\/div>\n\t\t\t\t\t\t\t\t<\/div>\n\t\t\t\t<\/div>\n\t\t\t\t\t<\/div>\n\t\t<\/div>\n\t\t\t\t\t<\/div>\n\t\t<\/section>\n\t\t\t\t<section class=\"elementor-section elementor-top-section elementor-element elementor-element-305db61 elementor-section-boxed elementor-section-height-default elementor-section-height-default\" data-id=\"305db61\" data-element_type=\"section\" data-e-type=\"section\">\n\t\t\t\t\t\t<div class=\"elementor-container elementor-column-gap-default\">\n\t\t\t\t\t<div class=\"elementor-column elementor-col-100 elementor-top-column elementor-element elementor-element-3ddb5a7\" data-id=\"3ddb5a7\" data-element_type=\"column\" data-e-type=\"column\">\n\t\t\t<div class=\"elementor-widget-wrap elementor-element-populated\">\n\t\t\t\t\t\t<div class=\"elementor-element elementor-element-89ce6d0 elementor-widget elementor-widget-text-editor\" data-id=\"89ce6d0\" data-element_type=\"widget\" data-e-type=\"widget\" data-widget_type=\"text-editor.default\">\n\t\t\t\t<div class=\"elementor-widget-container\">\n\t\t\t\t\t\t\t\t\t<p>Los Kiowas emigraron a trav\u00e9s de la cuenca del r\u00edo Platte al \u00e1rea del r\u00edo Arkansas. All\u00ed se enfrentaron a la\u00a0<strong><a href=\"https:\/\/mythslegendes.com\/es\/mitologia-kiowa-comanche\/\">Comanches<\/a>.\u00a0<\/strong>Aqu\u00ed est\u00e1 su historia: la Leyenda de Manitous Springs.<\/p><p><img decoding=\"async\" class=\"alignnone wp-image-9347 size-full\" src=\"http:\/\/mythslegendes.com\/wp-content\/uploads\/2020\/09\/cropped-AlphaOmega-e1602613368367.png\" alt=\"la Leyenda de Manitous Springs\" width=\"25\" height=\"25\" title=\"\"><\/p>\t\t\t\t\t\t\t\t<\/div>\n\t\t\t\t<\/div>\n\t\t\t\t\t<\/div>\n\t\t<\/div>\n\t\t\t\t\t<\/div>\n\t\t<\/section>\n\t\t\t\t<section class=\"elementor-section elementor-top-section elementor-element elementor-element-e89e2bd elementor-section-boxed elementor-section-height-default elementor-section-height-default\" data-id=\"e89e2bd\" data-element_type=\"section\" data-e-type=\"section\">\n\t\t\t\t\t\t<div class=\"elementor-container elementor-column-gap-default\">\n\t\t\t\t\t<div class=\"elementor-column elementor-col-100 elementor-top-column elementor-element elementor-element-5cd0c27\" data-id=\"5cd0c27\" data-element_type=\"column\" data-e-type=\"column\">\n\t\t\t<div class=\"elementor-widget-wrap elementor-element-populated\">\n\t\t\t\t\t\t<div class=\"elementor-element elementor-element-f70c928 elementor-widget elementor-widget-heading\" data-id=\"f70c928\" data-element_type=\"widget\" data-e-type=\"widget\" data-widget_type=\"heading.default\">\n\t\t\t\t<div class=\"elementor-widget-container\">\n\t\t\t\t\t<div id=\"ez-toc-container\" class=\"ez-toc-v2_0_82_2 counter-hierarchy ez-toc-counter ez-toc-grey ez-toc-container-direction\">\n<div class=\"ez-toc-title-container\">\n<p class=\"ez-toc-title\" style=\"cursor:inherit\">Contenido<\/p>\n<span class=\"ez-toc-title-toggle\"><a href=\"#\" class=\"ez-toc-pull-right ez-toc-btn ez-toc-btn-xs ez-toc-btn-default ez-toc-toggle\" aria-label=\"Alternar tabla de contenidos\"><span class=\"ez-toc-js-icon-con\"><span class=\"\"><span class=\"eztoc-hide\" style=\"display:none;\">Palanca<\/span><span class=\"ez-toc-icon-toggle-span\"><svg style=\"fill: #999;color:#999\" xmlns=\"http:\/\/www.w3.org\/2000\/svg\" class=\"list-377408\" width=\"20px\" height=\"20px\" viewbox=\"0 0 24 24\" fill=\"none\"><path d=\"M6 6H4v2h2V6zm14 0H8v2h12V6zM4 11h2v2H4v-2zm16 0H8v2h12v-2zM4 16h2v2H4v-2zm16 0H8v2h12v-2z\" fill=\"currentColor\"><\/path><\/svg><svg style=\"fill: #999;color:#999\" class=\"arrow-unsorted-368013\" xmlns=\"http:\/\/www.w3.org\/2000\/svg\" width=\"10px\" height=\"10px\" viewbox=\"0 0 24 24\" version=\"1.2\" baseprofile=\"tiny\"><path d=\"M18.2 9.3l-6.2-6.3-6.2 6.3c-.2.2-.3.4-.3.7s.1.5.3.7c.2.2.4.3.7.3h11c.3 0 .5-.1.7-.3.2-.2.3-.5.3-.7s-.1-.5-.3-.7zM5.8 14.7l6.2 6.3 6.2-6.3c.2-.2.3-.5.3-.7s-.1-.5-.3-.7c-.2-.2-.4-.3-.7-.3h-11c-.3 0-.5.1-.7.3-.2.2-.3.5-.3.7s.1.5.3.7z\"\/><\/svg><\/span><\/span><\/span><\/a><\/span><\/div>\n<nav><ul class='ez-toc-list ez-toc-list-level-1' ><li class='ez-toc-page-1 ez-toc-heading-level-2'><a class=\"ez-toc-link ez-toc-heading-1\" href=\"https:\/\/mythslegendes.com\/es\/mitologia-kiowa-comanche\/cuento-comanche-manitous-springs\/#The-Legend-of-Manitous-Springs\" >La leyenda de Manitous Springs<\/a><\/li><\/ul><\/nav><\/div>\n<h2 class=\"elementor-heading-title elementor-size-default\"><span class=\"ez-toc-section\" id=\"The-Legend-of-Manitous-Springs\"><\/span>La leyenda de Manitous Springs<span class=\"ez-toc-section-end\"><\/span><\/h2>\t\t\t\t<\/div>\n\t\t\t\t<\/div>\n\t\t\t\t\t<\/div>\n\t\t<\/div>\n\t\t\t\t\t<\/div>\n\t\t<\/section>\n\t\t\t\t<section class=\"elementor-section elementor-top-section elementor-element elementor-element-14ca782 elementor-section-boxed elementor-section-height-default elementor-section-height-default\" data-id=\"14ca782\" data-element_type=\"section\" data-e-type=\"section\">\n\t\t\t\t\t\t<div class=\"elementor-container elementor-column-gap-default\">\n\t\t\t\t\t<div class=\"elementor-column elementor-col-100 elementor-top-column elementor-element elementor-element-4bf63b5\" data-id=\"4bf63b5\" data-element_type=\"column\" data-e-type=\"column\">\n\t\t\t<div class=\"elementor-widget-wrap elementor-element-populated\">\n\t\t\t\t\t\t<div class=\"elementor-element elementor-element-35690ed elementor-widget elementor-widget-text-editor\" data-id=\"35690ed\" data-element_type=\"widget\" data-e-type=\"widget\" data-widget_type=\"text-editor.default\">\n\t\t\t\t<div class=\"elementor-widget-container\">\n\t\t\t\t\t\t\t\t\t<p>T\u00e9 <a href=\"https:\/\/mythslegendes.com\/es\/mitologia-digital-norte-y-oeste\/\">Serpientes<\/a>, al igual que todos los indios, poseen leyendas hereditarias para explicar todos los fen\u00f3menos naturales o cualquier suceso extraordinario que est\u00e9 m\u00e1s all\u00e1 de su comprensi\u00f3n.<\/p>\n<p>Por supuesto, tienen su versi\u00f3n legendaria de las causas que crearon en medio de sus cotos de caza estos dos manantiales de agua dulce y amarga; que tambi\u00e9n est\u00e1n \u00edntimamente relacionados con la causa de la separaci\u00f3n entre las tribus de &quot;Comanche&quot; y la &quot;Serpiente&quot;.<\/p>\n<p>As\u00ed corre la leyenda:<\/p>\n<p>Hace muchos cientos de inviernos, cuando los \u00e1lamos del R\u00edo Grande no eran m\u00e1s altos que una flecha, y los hombres rojos que cazaban b\u00fafalos en las llanuras hablaban todos el mismo idioma, y la pipa de la paz respiraba su nube social de Kinnik- Kinnick cada vez que dos partes de cazadores se encontraban en las llanuras sin l\u00edmites, donde, con cotos de caza y caza de todo tipo en la mayor abundancia, ninguna naci\u00f3n desenterr\u00f3 el hacha con otra porque uno de sus cazadores persigui\u00f3 la caza hasta sus l\u00edmites, pero, en por el contrario, carg\u00f3 para \u00e9l su espalda con la mejor y m\u00e1s grasa carne, y siempre le ofreci\u00f3 la pipa tranquilizadora antes de que el extra\u00f1o, con el vientre bien lleno, abandonara el pueblo.<\/p>\n<p>Sucedi\u00f3 que dos cazadores de diferentes naciones se encontraron un d\u00eda en un peque\u00f1o r\u00edo donde ambos hab\u00edan reparado para saciar su sed. Un peque\u00f1o chorro de agua, que brotaba de un manantial en una roca a unos pocos pies de la orilla, se desliz\u00f3 sobre ella y cay\u00f3 chapoteando en el r\u00edo. A esto repararon los cazadores; y mientras uno buscaba el manantial mismo, donde el agua, fr\u00eda y clara, reflejaba en su superficie la imagen del paisaje circundante, el otro, cansado por los esfuerzos de la persecuci\u00f3n, se arroj\u00f3 de inmediato al suelo y hundi\u00f3 su rostro. en la corriente corriente.<\/p>\n<p>Este \u00faltimo hab\u00eda fracasado en la cacer\u00eda, y tal vez su mala fortuna y la visi\u00f3n del corzo gordo que el otro cazador le arroj\u00f3 de la espalda antes de beber del manantial de cristal, hizo que un sentimiento de celos y mal humor se apoderara de su cuerpo. mente. El otro, por el contrario, antes de saciar su sed, levant\u00f3 en el hueco de su mano una porci\u00f3n de agua, y alz\u00e1ndola hacia el sol, invirti\u00f3 su mano y la dej\u00f3 caer al suelo: una libaci\u00f3n al Gran Esp\u00edritu. Manitou que le hab\u00eda concedido una caza exitosa y la bendici\u00f3n del agua refrescante con la que estaba a punto de saciar su sed.<\/p>\n<p>Al ver esto, y record\u00e1ndose que hab\u00eda descuidado la ofrenda habitual, no hizo m\u00e1s que aumentar el sentimiento de envidia y fastidio que el cazador fracasado permiti\u00f3 que se apoderara de su coraz\u00f3n; y el Esp\u00edritu Maligno en ese momento entrando en su cuerpo, su temperamento se disip\u00f3 y busc\u00f3 alg\u00fan pretexto para provocar una pelea con el indio extranjero en el manantial.<\/p>\n<p>&quot;\u00bfPor qu\u00e9 un extra\u00f1o&quot;, pregunt\u00f3, levant\u00e1ndose del arroyo al mismo tiempo, &quot;bebe en el manantial, cuando uno a quien pertenece la fuente se contenta con el agua que corre de ella?&quot;<\/p>\n<p>&quot;El Gran Esp\u00edritu Manitou coloca el agua fresca en el manantial&quot;, respondi\u00f3 el otro cazador, &quot;para que sus hijos puedan beberla pura e inmaculada. El agua corriente es para las bestias que recorren las llanuras. Au-sa-qua es un jefe de El <a href=\"https:\/\/mythslegendes.com\/es\/mitologia-digital-norte-y-oeste\/\">Shoshone<\/a>; bebe en la cabecera&quot;.<\/p>\n<p>&quot;Los Shoshone no son m\u00e1s que una tribu de los <a href=\"https:\/\/mythslegendes.com\/es\/mitologia-kiowa-comanche\/\">Comanche<\/a>&quot;, respondi\u00f3 el otro:&quot; Wacomish lidera la gran naci\u00f3n. \u00bfPor qu\u00e9 un Shoshone se atreve a beber por encima de \u00e9l?&quot;<\/p>\n<p>&quot;\u00c9l lo ha dicho. Los Shoshone beben en el manantial; otras naciones del arroyo que corre hacia los campos. Au-sa-qua es el jefe de su naci\u00f3n. Los comanches son hermanos. Que ambos beban de la misma agua.&quot;<\/p>\n<p>&quot;Los Shoshone rinden tributo a los comanches. Waco-mish lleva a esa naci\u00f3n a la guerra. Waco-mish es el jefe de los Shoshone como lo es de su propio pueblo&quot;.<\/p>\n<p>mentiras de Waco-mish; su lengua es b\u00edfida como la de la serpiente de cascabel; su coraz\u00f3n es negro como el Misho-tunga (esp\u00edritu malo). Cuando el Manitou engendr\u00f3 a sus hijos, fueran Shoshone o Comanche, Arapahoe, Shian o Paine, les dio de comer b\u00fafalos y el agua pura de la fuente para saciar su sed. No dijo a uno, bebe aqu\u00ed, ya otro bebe all\u00e1; pero dio el manantial de cristal a todos para que todos pudieran beber &quot;.<\/p>\n<p>&quot;Waco-mish casi estall\u00f3 de ira cuando el otro habl\u00f3; pero solo su cobarde coraz\u00f3n le impidi\u00f3 provocar un encuentro con el tranquilo Shoshone. Le dio sed por las palabras que hab\u00eda dicho, porque el hombre rojo siempre ahorra su lengua. ,\u2013 se agach\u00f3 de nuevo hasta el manantial para saciar su sed, cuando el sutil guerrero de los comanches se arroj\u00f3 repentinamente sobre el cazador arrodillado y, metiendo su cabeza en el agua burbujeante, lo sujet\u00f3 con todas sus fuerzas hasta que su v\u00edctima ya no se debati\u00f3. , sus miembros r\u00edgidos se relajaron y cay\u00f3 hacia adelante sobre el manantial, ahogado y muerto.<\/p>\n<p>Sobre el cuerpo estaba el asesino, y tan pronto como se consumi\u00f3 el acto de sangre, un amargo remordimiento se apoder\u00f3 de su mente donde antes hab\u00eda reinado la pasi\u00f3n m\u00e1s feroz y el odio vengativo. Con las manos juntas en la frente, se qued\u00f3 paralizado por el horror, mirando fijamente a su v\u00edctima, cuya cabeza a\u00fan permanec\u00eda sumergida en la fuente. Mec\u00e1nicamente arrastr\u00f3 el cuerpo unos pasos fuera del agua, que, en cuanto sacaron la cabeza del indio muerto, el comanche vio repentina y extra\u00f1amente turbado. Las burbujas brotaron del fondo y, al subir a la superficie, escaparon en forma de gas sibilante.<\/p>\n<p>Una fina nube vaporosa se elev\u00f3 y disolvi\u00e9ndose poco a poco, mostr\u00f3 a los ojos del tembloroso asesino la figura de un anciano indio cuya larga cabellera n\u00edvea y venerable barba, apartada por un suave aire de su pecho, descubri\u00f3 el conocido t\u00f3tem del el gran Wau-kau-aga, el padre de la naci\u00f3n comanche y shoshone a quien la tradici\u00f3n de la tribu, transmitida por h\u00e1biles jerogl\u00edficos, casi deificaba por las buenas acciones y haza\u00f1as de valent\u00eda que este famoso guerrero hab\u00eda realizado cuando estuvo en la Tierra.<\/p>\n<p>Extendiendo un garrote de guerra hacia el asesino, la figura se dirigi\u00f3 a \u00e9l de esta manera: &quot;\u00a1Maldito de mi tribu! Hoy has cortado el v\u00ednculo entre las naciones m\u00e1s poderosas del mundo, mientras que la sangre de los valientes Shoshone clama a los Manitou por venganza. Que el agua de tu tribu sea f\u00e9tida y amarga en sus gargantas&quot;.<\/p>\n<p>Diciendo esto, y balanceando su pesado garrote de guerra (hecho de cuerno de alce) alrededor de su cabeza, le arranc\u00f3 los sesos al comanche, que cay\u00f3 de cabeza en el manantial, que desde ese d\u00eda hasta el presente permanece repugnante y nauseabundo, as\u00ed que que ni aun estando medio muerto de sed, se puede beber del agua sucia de aquel manantial.<\/p>\n<p>El buen Wau-kau-aga, sin embargo, para perpetuar la memoria del guerrero Shoshone, que era famoso en su tribu por su valor y nobleza de coraz\u00f3n, golpe\u00f3 con el mismo garrote vengador una roca dura y plana que sobresal\u00eda del riachuelo, justo afuera. de vista de esta escena de sangre; e inmediatamente, la roca se abri\u00f3 en una palangana redonda y clara que instant\u00e1neamente se llen\u00f3 de agua burbujeante y chispeante, que ning\u00fan cazador sediento jam\u00e1s bebi\u00f3 un sorbo m\u00e1s dulce o m\u00e1s fresco.<\/p>\n<p>As\u00ed quedan los dos manantiales, recuerdo imperecedero del vil asesinato del valiente Shoshone y la severa justicia del buen Wau-kau-aga; y desde ese d\u00eda, dos poderosas tribus de los shoshones y los comanches han permanecido separadas y separadas; aunque una larga y sangrienta guerra sigui\u00f3 al traicionero asesinato del jefe shoshone, y muchas cabelleras arrancadas de la cabeza de los comanches pagaron la pena de su muerte.<\/p>\n<p>Los tramperos americanos y canadienses afirman que los numerosos manantiales que, bajo la denominaci\u00f3n de cerveza, soda, barco de vapor, manantiales, etc., abundan en las Monta\u00f1as Rocosas, son los lugares donde su sat\u00e1nica majestad sale de su cocina para respirar el dulce, aire fresco, que sin duda debe ser refrescante para su merced despu\u00e9s de unas horas dedicadas a supervisar el proceso culinario que se desarrollaba abajo.<\/p>\t\t\t\t\t\t\t\t<\/div>\n\t\t\t\t<\/div>\n\t\t\t\t\t<\/div>\n\t\t<\/div>\n\t\t\t\t\t<\/div>\n\t\t<\/section>\n\t\t\t\t<\/div>","protected":false},"excerpt":{"rendered":"<p>Kiowa-Comanche Mythology Wiki Los Kiowas emigraron a trav\u00e9s de la cuenca del r\u00edo Platte al \u00e1rea del r\u00edo Arkansas. All\u00ed se enfrentaron con los comanches. Aqu\u00ed est\u00e1 \u2026 <\/p>","protected":false},"author":1,"featured_media":0,"parent":3983,"menu_order":0,"comment_status":"closed","ping_status":"closed","template":"","meta":{"footnotes":""},"class_list":["post-22348","page","type-page","status-publish","hentry"],"amp_enabled":true,"_links":{"self":[{"href":"https:\/\/mythslegendes.com\/es\/wp-json\/wp\/v2\/pages\/22348","targetHints":{"allow":["GET"]}}],"collection":[{"href":"https:\/\/mythslegendes.com\/es\/wp-json\/wp\/v2\/pages"}],"about":[{"href":"https:\/\/mythslegendes.com\/es\/wp-json\/wp\/v2\/types\/page"}],"author":[{"embeddable":true,"href":"https:\/\/mythslegendes.com\/es\/wp-json\/wp\/v2\/users\/1"}],"replies":[{"embeddable":true,"href":"https:\/\/mythslegendes.com\/es\/wp-json\/wp\/v2\/comments?post=22348"}],"version-history":[{"count":3,"href":"https:\/\/mythslegendes.com\/es\/wp-json\/wp\/v2\/pages\/22348\/revisions"}],"predecessor-version":[{"id":22353,"href":"https:\/\/mythslegendes.com\/es\/wp-json\/wp\/v2\/pages\/22348\/revisions\/22353"}],"up":[{"embeddable":true,"href":"https:\/\/mythslegendes.com\/es\/wp-json\/wp\/v2\/pages\/3983"}],"wp:attachment":[{"href":"https:\/\/mythslegendes.com\/es\/wp-json\/wp\/v2\/media?parent=22348"}],"curies":[{"name":"wp","href":"https:\/\/api.w.org\/{rel}","templated":true}]}}