{"id":22354,"date":"2022-08-07T15:54:57","date_gmt":"2022-08-07T15:54:57","guid":{"rendered":"https:\/\/mythslegendes.com\/?page_id=22354"},"modified":"2022-08-07T15:57:09","modified_gmt":"2022-08-07T15:57:09","slug":"conte-comanche-the-release-of-the-wild-animals","status":"publish","type":"page","link":"https:\/\/mythslegendes.com\/es\/mitologia-kiowa-comanche\/cuento-comanche-la-liberacion-de-los-animales-salvajes\/","title":{"rendered":"Cuento comanche: la liberaci\u00f3n de los animales salvajes"},"content":{"rendered":"<div data-elementor-type=\"wp-page\" data-elementor-id=\"22354\" class=\"elementor elementor-22354\">\n\t\t\t\t\t\t<section class=\"elementor-section elementor-top-section elementor-element elementor-element-884cb64 elementor-section-boxed elementor-section-height-default elementor-section-height-default\" data-id=\"884cb64\" data-element_type=\"section\" data-e-type=\"section\">\n\t\t\t\t\t\t<div class=\"elementor-container elementor-column-gap-default\">\n\t\t\t\t\t<div class=\"elementor-column elementor-col-50 elementor-top-column elementor-element elementor-element-1b2f106\" data-id=\"1b2f106\" data-element_type=\"column\" data-e-type=\"column\">\n\t\t\t<div class=\"elementor-widget-wrap elementor-element-populated\">\n\t\t\t\t\t\t<div class=\"elementor-element elementor-element-afeae1e elementor-align-justify elementor-widget elementor-widget-button\" data-id=\"afeae1e\" data-element_type=\"widget\" data-e-type=\"widget\" data-widget_type=\"button.default\">\n\t\t\t\t<div class=\"elementor-widget-container\">\n\t\t\t\t\t\t\t\t\t<div class=\"elementor-button-wrapper\">\n\t\t\t\t\t<a class=\"elementor-button elementor-button-link elementor-size-sm\" href=\"https:\/\/mythslegendes.com\/es\/mitologia-kiowa-comanche\/\">\n\t\t\t\t\t\t<span class=\"elementor-button-content-wrapper\">\n\t\t\t\t\t\t\t\t\t<span class=\"elementor-button-text\">Mitolog\u00eda Kiowa-Comanche<\/span>\n\t\t\t\t\t<\/span>\n\t\t\t\t\t<\/a>\n\t\t\t\t<\/div>\n\t\t\t\t\t\t\t\t<\/div>\n\t\t\t\t<\/div>\n\t\t\t\t\t<\/div>\n\t\t<\/div>\n\t\t\t\t<div class=\"elementor-column elementor-col-50 elementor-top-column elementor-element elementor-element-c2cbd4a\" data-id=\"c2cbd4a\" data-element_type=\"column\" data-e-type=\"column\">\n\t\t\t<div class=\"elementor-widget-wrap elementor-element-populated\">\n\t\t\t\t\t\t<div class=\"elementor-element elementor-element-6e41a0f elementor-align-justify elementor-widget elementor-widget-button\" data-id=\"6e41a0f\" data-element_type=\"widget\" data-e-type=\"widget\" data-widget_type=\"button.default\">\n\t\t\t\t<div class=\"elementor-widget-container\">\n\t\t\t\t\t\t\t\t\t<div class=\"elementor-button-wrapper\">\n\t\t\t\t\t<a class=\"elementor-button elementor-button-link elementor-size-sm\" href=\"https:\/\/www.firstpeople.us\/FP-Html-Legends\/TheReleaseoftheWildAnimals-Comanche.html\" target=\"_blank\" rel=\"noopener\">\n\t\t\t\t\t\t<span class=\"elementor-button-content-wrapper\">\n\t\t\t\t\t\t\t\t\t<span class=\"elementor-button-text\">Wiki<\/span>\n\t\t\t\t\t<\/span>\n\t\t\t\t\t<\/a>\n\t\t\t\t<\/div>\n\t\t\t\t\t\t\t\t<\/div>\n\t\t\t\t<\/div>\n\t\t\t\t\t<\/div>\n\t\t<\/div>\n\t\t\t\t\t<\/div>\n\t\t<\/section>\n\t\t\t\t<section class=\"elementor-section elementor-top-section elementor-element elementor-element-f5d2bd1 elementor-section-boxed elementor-section-height-default elementor-section-height-default\" data-id=\"f5d2bd1\" data-element_type=\"section\" data-e-type=\"section\">\n\t\t\t\t\t\t<div class=\"elementor-container elementor-column-gap-default\">\n\t\t\t\t\t<div class=\"elementor-column elementor-col-100 elementor-top-column elementor-element elementor-element-da82b47\" data-id=\"da82b47\" data-element_type=\"column\" data-e-type=\"column\">\n\t\t\t<div class=\"elementor-widget-wrap elementor-element-populated\">\n\t\t\t\t\t\t<div class=\"elementor-element elementor-element-49b76cc elementor-widget elementor-widget-text-editor\" data-id=\"49b76cc\" data-element_type=\"widget\" data-e-type=\"widget\" data-widget_type=\"text-editor.default\">\n\t\t\t\t<div class=\"elementor-widget-container\">\n\t\t\t\t\t\t\t\t\t<p>los <a href=\"https:\/\/mythslegendes.com\/es\/mitologia-kiowa-comanche\/\">Kiowas<\/a> emigr\u00f3 a trav\u00e9s de la cuenca del r\u00edo Platte al \u00e1rea del r\u00edo Arkansas. All\u00ed se enfrentaron a la <strong><a href=\"https:\/\/mythslegendes.com\/es\/mitologia-kiowa-comanche\/\">Comanches<\/a>.\u00a0<\/strong>Aqu\u00ed est\u00e1 su historia: La liberaci\u00f3n de los animales salvajes.<\/p><p><img decoding=\"async\" class=\"alignnone wp-image-9347 size-full\" src=\"http:\/\/mythslegendes.com\/wp-content\/uploads\/2020\/09\/cropped-AlphaOmega-e1602613368367.png\" alt=\"La liberaci\u00f3n de los animales salvajes\" width=\"25\" height=\"25\" title=\"\"><\/p>\t\t\t\t\t\t\t\t<\/div>\n\t\t\t\t<\/div>\n\t\t\t\t\t<\/div>\n\t\t<\/div>\n\t\t\t\t\t<\/div>\n\t\t<\/section>\n\t\t\t\t<section class=\"elementor-section elementor-top-section elementor-element elementor-element-a160c28 elementor-section-boxed elementor-section-height-default elementor-section-height-default\" data-id=\"a160c28\" data-element_type=\"section\" data-e-type=\"section\">\n\t\t\t\t\t\t<div class=\"elementor-container elementor-column-gap-default\">\n\t\t\t\t\t<div class=\"elementor-column elementor-col-100 elementor-top-column elementor-element elementor-element-31f28e7\" data-id=\"31f28e7\" data-element_type=\"column\" data-e-type=\"column\">\n\t\t\t<div class=\"elementor-widget-wrap elementor-element-populated\">\n\t\t\t\t\t\t<div class=\"elementor-element elementor-element-f98e2ed elementor-widget elementor-widget-heading\" data-id=\"f98e2ed\" data-element_type=\"widget\" data-e-type=\"widget\" data-widget_type=\"heading.default\">\n\t\t\t\t<div class=\"elementor-widget-container\">\n\t\t\t\t\t<div id=\"ez-toc-container\" class=\"ez-toc-v2_0_82_2 counter-hierarchy ez-toc-counter ez-toc-grey ez-toc-container-direction\">\n<div class=\"ez-toc-title-container\">\n<p class=\"ez-toc-title\" style=\"cursor:inherit\">Contenido<\/p>\n<span class=\"ez-toc-title-toggle\"><a href=\"#\" class=\"ez-toc-pull-right ez-toc-btn ez-toc-btn-xs ez-toc-btn-default ez-toc-toggle\" aria-label=\"Alternar tabla de contenidos\"><span class=\"ez-toc-js-icon-con\"><span class=\"\"><span class=\"eztoc-hide\" style=\"display:none;\">Palanca<\/span><span class=\"ez-toc-icon-toggle-span\"><svg style=\"fill: #999;color:#999\" xmlns=\"http:\/\/www.w3.org\/2000\/svg\" class=\"list-377408\" width=\"20px\" height=\"20px\" viewbox=\"0 0 24 24\" fill=\"none\"><path d=\"M6 6H4v2h2V6zm14 0H8v2h12V6zM4 11h2v2H4v-2zm16 0H8v2h12v-2zM4 16h2v2H4v-2zm16 0H8v2h12v-2z\" fill=\"currentColor\"><\/path><\/svg><svg style=\"fill: #999;color:#999\" class=\"arrow-unsorted-368013\" xmlns=\"http:\/\/www.w3.org\/2000\/svg\" width=\"10px\" height=\"10px\" viewbox=\"0 0 24 24\" version=\"1.2\" baseprofile=\"tiny\"><path d=\"M18.2 9.3l-6.2-6.3-6.2 6.3c-.2.2-.3.4-.3.7s.1.5.3.7c.2.2.4.3.7.3h11c.3 0 .5-.1.7-.3.2-.2.3-.5.3-.7s-.1-.5-.3-.7zM5.8 14.7l6.2 6.3 6.2-6.3c.2-.2.3-.5.3-.7s-.1-.5-.3-.7c-.2-.2-.4-.3-.7-.3h-11c-.3 0-.5.1-.7.3-.2.2-.3.5-.3.7s.1.5.3.7z\"\/><\/svg><\/span><\/span><\/span><\/a><\/span><\/div>\n<nav><ul class='ez-toc-list ez-toc-list-level-1' ><li class='ez-toc-page-1 ez-toc-heading-level-2'><a class=\"ez-toc-link ez-toc-heading-1\" href=\"https:\/\/mythslegendes.com\/es\/mitologia-kiowa-comanche\/cuento-comanche-la-liberacion-de-los-animales-salvajes\/#The-release-of-the-Wild-Animals\" >La liberaci\u00f3n de los animales salvajes<\/a><\/li><\/ul><\/nav><\/div>\n<h2 class=\"elementor-heading-title elementor-size-default\"><span class=\"ez-toc-section\" id=\"The-release-of-the-Wild-Animals\"><\/span>La liberaci\u00f3n de los animales salvajes<span class=\"ez-toc-section-end\"><\/span><\/h2>\t\t\t\t<\/div>\n\t\t\t\t<\/div>\n\t\t\t\t\t<\/div>\n\t\t<\/div>\n\t\t\t\t\t<\/div>\n\t\t<\/section>\n\t\t\t\t<section class=\"elementor-section elementor-top-section elementor-element elementor-element-f5cfca4 elementor-section-boxed elementor-section-height-default elementor-section-height-default\" data-id=\"f5cfca4\" data-element_type=\"section\" data-e-type=\"section\">\n\t\t\t\t\t\t<div class=\"elementor-container elementor-column-gap-default\">\n\t\t\t\t\t<div class=\"elementor-column elementor-col-100 elementor-top-column elementor-element elementor-element-64cfed7\" data-id=\"64cfed7\" data-element_type=\"column\" data-e-type=\"column\">\n\t\t\t<div class=\"elementor-widget-wrap elementor-element-populated\">\n\t\t\t\t\t\t<div class=\"elementor-element elementor-element-3f33ff5 elementor-widget elementor-widget-text-editor\" data-id=\"3f33ff5\" data-element_type=\"widget\" data-e-type=\"widget\" data-widget_type=\"text-editor.default\">\n\t\t\t\t<div class=\"elementor-widget-container\">\n\t\t\t\t\t\t\t\t\t<p>Hace mucho tiempo, dos personas eran due\u00f1as de todos los b\u00fafalos. Eran una anciana y su prima joven. Los mantuvieron encerrados en las monta\u00f1as, para que no pudieran salir. Coyote vino a estas personas.<\/p>\n<p>Convoc\u00f3 a los indios a un consejo. &quot;Esa anciana no nos dar\u00e1 nada. Cuando lleguemos all\u00ed, planearemos c\u00f3mo liberar al b\u00fafalo&quot;.<\/p>\n<p>Todos se movieron cerca del recinto de los b\u00fafalos. &quot;Despu\u00e9s de cuatro noches&quot;, dijo Coyote, &quot;volveremos a tener un consejo sobre c\u00f3mo podemos liberar al b\u00fafalo. Un animal muy peque\u00f1o ir\u00e1 donde la anciana saca su agua. Cuando el ni\u00f1o tenga agua, se la llevar\u00e1 a casa&quot;. como mascota. La anciana objetar\u00e1; pero el ni\u00f1o pensar\u00e1 tanto en el animal, que comenzar\u00e1 a llorar y se le permitir\u00e1 tenerlo. El animal se escapar\u00e1 al amanecer, y el b\u00fafalo se echar\u00e1 a llorar. su pluma y huir&quot;.<\/p>\n<p>El primer animal que sienten fall\u00f3. Entonces huelen el Kill-dee.<\/p>\n<p>Cuando el ni\u00f1o fue por agua, encontr\u00f3 el Kill-dee y se lo llev\u00f3 a casa. &quot;\u00a1Mira aqu\u00ed!&quot; le dijo a su prima, &quot;este animalito m\u00edo es muy bueno&quot;.<\/p>\n<p>La anciana respondi\u00f3: &quot;\u00a1Oh, no sirve para nada! No hay nada viviente en la tierra que no sea un sinverg\u00fcenza o intrigante&quot;.<\/p>\n<p>El ni\u00f1o no le prest\u00f3 atenci\u00f3n.<\/p>\n<p>&quot;Ll\u00e9vatelo donde lo conseguiste&quot;, dijo la mujer. \u00c9l obedeci\u00f3. El Kill-dee regres\u00f3.<\/p>\n<p>El pueblo tuvo otro concilio. &quot;Bueno, ella ha vencido a estos dos. Han fallado&quot;, dijo Coyote; &quot;pero eso no hace ninguna diferencia. Tal vez podamos soltarlos, tal vez fracasemos. Esta es la tercera vez ahora. Enviaremos un peque\u00f1o animal all\u00ed. Si la anciana accede a tomarlo, liberar\u00e1 a esos b\u00fafalos; es un gran intrigante&quot;.<\/p>\n<p>As\u00ed se sienten el tercer animal. Coyote dijo: &quot;Si ella rechaza este, seguramente no podremos liberar el juego&quot;.<\/p>\n<p>El animal fue al manantial y fue recogido por el ni\u00f1o, a quien le tom\u00f3 mucho cari\u00f1o. &quot;\u00a1Mira! \u00a1Qu\u00e9 linda mascota tengo!&quot;<\/p>\n<p>La anciana respondi\u00f3: &quot;\u00a1Oh, qu\u00e9 tonto eres! No sirve para nada. Todos los animales del mundo son intrigantes. Lo matar\u00e9 con un garrote&quot;.<\/p>\n<p>El ni\u00f1o lo tom\u00f3 en sus brazos y sali\u00f3 corriendo llorando. Pensaba demasiado en su mascota. &quot;\u00a1No! Este animal es demasiado peque\u00f1o&quot;, grit\u00f3.<\/p>\n<p>Cuando el animal no hab\u00eda regresado al caer la noche, Coyote se fue entre la gente, diciendo: &quot;Bueno, este animal a\u00fan no ha regresado; me atrevo a decir que la anciana ha consentido en qued\u00e1rselo. No se inquieten, nuestro b\u00fafalo ser\u00e1 liberado&quot;. .&quot; Entonces orden\u00f3 a todo el pueblo que se preparara justo al amanecer. &quot;Nuestro b\u00fafalo ser\u00e1 liberado. Monten todos ustedes en sus caballos&quot;.<\/p>\n<p>Mientras tanto, el animal, siguiendo sus instrucciones, se desliz\u00f3 hacia el corral y comenz\u00f3 a aullar. Los b\u00fafalos lo oyeron y se aterrorizaron. Corrieron hacia la puerta, la derribaron y escaparon. La anciana, al o\u00edr el ruido, se despert\u00f3.<\/p>\n<p>El ni\u00f1o pregunt\u00f3: &quot;\u00bfD\u00f3nde est\u00e1 mi mascota?&quot; No lo encontr\u00f3.<\/p>\n<p>La anciana dijo: &quot;Te lo dije. Ahora ves que el animal es malo, nos ha privado de nuestro juego&quot;. Trat\u00f3 en vano de contener al b\u00fafalo.<\/p>\n<p>Al amanecer subieron todos los indios a sus caballos, porque ten\u00edan confianza en Coyote. As\u00ed vino el b\u00fafalo a vivir en esta tierra. Coyote era un gran intrigante.<\/p>\t\t\t\t\t\t\t\t<\/div>\n\t\t\t\t<\/div>\n\t\t\t\t\t<\/div>\n\t\t<\/div>\n\t\t\t\t\t<\/div>\n\t\t<\/section>\n\t\t\t\t<\/div>","protected":false},"excerpt":{"rendered":"<p>Kiowa-Comanche Mythology Wiki Los Kiowas emigraron a trav\u00e9s de la cuenca del r\u00edo Platte al \u00e1rea del r\u00edo Arkansas. All\u00e1, \u2026 <\/p>","protected":false},"author":1,"featured_media":0,"parent":3983,"menu_order":0,"comment_status":"closed","ping_status":"closed","template":"","meta":{"footnotes":""},"class_list":["post-22354","page","type-page","status-publish","hentry"],"amp_enabled":true,"_links":{"self":[{"href":"https:\/\/mythslegendes.com\/es\/wp-json\/wp\/v2\/pages\/22354","targetHints":{"allow":["GET"]}}],"collection":[{"href":"https:\/\/mythslegendes.com\/es\/wp-json\/wp\/v2\/pages"}],"about":[{"href":"https:\/\/mythslegendes.com\/es\/wp-json\/wp\/v2\/types\/page"}],"author":[{"embeddable":true,"href":"https:\/\/mythslegendes.com\/es\/wp-json\/wp\/v2\/users\/1"}],"replies":[{"embeddable":true,"href":"https:\/\/mythslegendes.com\/es\/wp-json\/wp\/v2\/comments?post=22354"}],"version-history":[{"count":3,"href":"https:\/\/mythslegendes.com\/es\/wp-json\/wp\/v2\/pages\/22354\/revisions"}],"predecessor-version":[{"id":22358,"href":"https:\/\/mythslegendes.com\/es\/wp-json\/wp\/v2\/pages\/22354\/revisions\/22358"}],"up":[{"embeddable":true,"href":"https:\/\/mythslegendes.com\/es\/wp-json\/wp\/v2\/pages\/3983"}],"wp:attachment":[{"href":"https:\/\/mythslegendes.com\/es\/wp-json\/wp\/v2\/media?parent=22354"}],"curies":[{"name":"wp","href":"https:\/\/api.w.org\/{rel}","templated":true}]}}