{"id":22359,"date":"2022-08-07T15:58:04","date_gmt":"2022-08-07T15:58:04","guid":{"rendered":"https:\/\/mythslegendes.com\/?page_id=22359"},"modified":"2022-08-07T16:01:11","modified_gmt":"2022-08-07T16:01:11","slug":"conte-comanche-skunk-outwits-coyote","status":"publish","type":"page","link":"https:\/\/mythslegendes.com\/es\/mitologia-kiowa-comanche\/cuento-comanche-mofeta-burla-coyote\/","title":{"rendered":"Cuento comanche: la mofeta se burla del coyote"},"content":{"rendered":"<div data-elementor-type=\"wp-page\" data-elementor-id=\"22359\" class=\"elementor elementor-22359\">\n\t\t\t\t\t\t<section class=\"elementor-section elementor-top-section elementor-element elementor-element-0b54411 elementor-section-boxed elementor-section-height-default elementor-section-height-default\" data-id=\"0b54411\" data-element_type=\"section\" data-e-type=\"section\">\n\t\t\t\t\t\t<div class=\"elementor-container elementor-column-gap-default\">\n\t\t\t\t\t<div class=\"elementor-column elementor-col-50 elementor-top-column elementor-element elementor-element-812b95b\" data-id=\"812b95b\" data-element_type=\"column\" data-e-type=\"column\">\n\t\t\t<div class=\"elementor-widget-wrap elementor-element-populated\">\n\t\t\t\t\t\t<div class=\"elementor-element elementor-element-c75aa7e elementor-align-justify elementor-widget elementor-widget-button\" data-id=\"c75aa7e\" data-element_type=\"widget\" data-e-type=\"widget\" data-widget_type=\"button.default\">\n\t\t\t\t<div class=\"elementor-widget-container\">\n\t\t\t\t\t\t\t\t\t<div class=\"elementor-button-wrapper\">\n\t\t\t\t\t<a class=\"elementor-button elementor-button-link elementor-size-sm\" href=\"https:\/\/mythslegendes.com\/es\/mitologia-kiowa-comanche\/\">\n\t\t\t\t\t\t<span class=\"elementor-button-content-wrapper\">\n\t\t\t\t\t\t\t\t\t<span class=\"elementor-button-text\">Mitolog\u00eda Kiowa-Comanche<\/span>\n\t\t\t\t\t<\/span>\n\t\t\t\t\t<\/a>\n\t\t\t\t<\/div>\n\t\t\t\t\t\t\t\t<\/div>\n\t\t\t\t<\/div>\n\t\t\t\t\t<\/div>\n\t\t<\/div>\n\t\t\t\t<div class=\"elementor-column elementor-col-50 elementor-top-column elementor-element elementor-element-26c1a15\" data-id=\"26c1a15\" data-element_type=\"column\" data-e-type=\"column\">\n\t\t\t<div class=\"elementor-widget-wrap elementor-element-populated\">\n\t\t\t\t\t\t<div class=\"elementor-element elementor-element-ffb1f0f elementor-align-justify elementor-widget elementor-widget-button\" data-id=\"ffb1f0f\" data-element_type=\"widget\" data-e-type=\"widget\" data-widget_type=\"button.default\">\n\t\t\t\t<div class=\"elementor-widget-container\">\n\t\t\t\t\t\t\t\t\t<div class=\"elementor-button-wrapper\">\n\t\t\t\t\t<a class=\"elementor-button elementor-button-link elementor-size-sm\" href=\"http:\/\/www.indigenouspeople.net\/skunkout.htm\" target=\"_blank\" rel=\"noopener\">\n\t\t\t\t\t\t<span class=\"elementor-button-content-wrapper\">\n\t\t\t\t\t\t\t\t\t<span class=\"elementor-button-text\">Wiki<\/span>\n\t\t\t\t\t<\/span>\n\t\t\t\t\t<\/a>\n\t\t\t\t<\/div>\n\t\t\t\t\t\t\t\t<\/div>\n\t\t\t\t<\/div>\n\t\t\t\t\t<\/div>\n\t\t<\/div>\n\t\t\t\t\t<\/div>\n\t\t<\/section>\n\t\t\t\t<section class=\"elementor-section elementor-top-section elementor-element elementor-element-2a60e5a elementor-section-boxed elementor-section-height-default elementor-section-height-default\" data-id=\"2a60e5a\" data-element_type=\"section\" data-e-type=\"section\">\n\t\t\t\t\t\t<div class=\"elementor-container elementor-column-gap-default\">\n\t\t\t\t\t<div class=\"elementor-column elementor-col-100 elementor-top-column elementor-element elementor-element-5e61b6e\" data-id=\"5e61b6e\" data-element_type=\"column\" data-e-type=\"column\">\n\t\t\t<div class=\"elementor-widget-wrap elementor-element-populated\">\n\t\t\t\t\t\t<div class=\"elementor-element elementor-element-5d71665 elementor-widget elementor-widget-text-editor\" data-id=\"5d71665\" data-element_type=\"widget\" data-e-type=\"widget\" data-widget_type=\"text-editor.default\">\n\t\t\t\t<div class=\"elementor-widget-container\">\n\t\t\t\t\t\t\t\t\t<p>los <a href=\"https:\/\/mythslegendes.com\/es\/mitologia-kiowa-comanche\/\">Kiowas<\/a> emigr\u00f3 a trav\u00e9s de la cuenca del r\u00edo Platte al \u00e1rea del r\u00edo Arkansas. All\u00ed se enfrentaron a la\u00a0<strong><a href=\"https:\/\/mythslegendes.com\/es\/mitologia-kiowa-comanche\/\">Comanches<\/a>.\u00a0<\/strong>Esta es su historia: Skunk supera al coyote.<\/p><p><img decoding=\"async\" class=\"alignnone wp-image-9347 size-full\" src=\"http:\/\/mythslegendes.com\/wp-content\/uploads\/2020\/09\/cropped-AlphaOmega-e1602613368367.png\" alt=\"Skunk burla a Coyote\" width=\"25\" height=\"25\" title=\"\"><\/p>\t\t\t\t\t\t\t\t<\/div>\n\t\t\t\t<\/div>\n\t\t\t\t\t<\/div>\n\t\t<\/div>\n\t\t\t\t\t<\/div>\n\t\t<\/section>\n\t\t\t\t<section class=\"elementor-section elementor-top-section elementor-element elementor-element-9fd24be elementor-section-boxed elementor-section-height-default elementor-section-height-default\" data-id=\"9fd24be\" data-element_type=\"section\" data-e-type=\"section\">\n\t\t\t\t\t\t<div class=\"elementor-container elementor-column-gap-default\">\n\t\t\t\t\t<div class=\"elementor-column elementor-col-100 elementor-top-column elementor-element elementor-element-9716967\" data-id=\"9716967\" data-element_type=\"column\" data-e-type=\"column\">\n\t\t\t<div class=\"elementor-widget-wrap elementor-element-populated\">\n\t\t\t\t\t\t<div class=\"elementor-element elementor-element-452f6e9 elementor-widget elementor-widget-heading\" data-id=\"452f6e9\" data-element_type=\"widget\" data-e-type=\"widget\" data-widget_type=\"heading.default\">\n\t\t\t\t<div class=\"elementor-widget-container\">\n\t\t\t\t\t<div id=\"ez-toc-container\" class=\"ez-toc-v2_0_82_2 counter-hierarchy ez-toc-counter ez-toc-grey ez-toc-container-direction\">\n<div class=\"ez-toc-title-container\">\n<p class=\"ez-toc-title\" style=\"cursor:inherit\">Contenido<\/p>\n<span class=\"ez-toc-title-toggle\"><a href=\"#\" class=\"ez-toc-pull-right ez-toc-btn ez-toc-btn-xs ez-toc-btn-default ez-toc-toggle\" aria-label=\"Alternar tabla de contenidos\"><span class=\"ez-toc-js-icon-con\"><span class=\"\"><span class=\"eztoc-hide\" style=\"display:none;\">Palanca<\/span><span class=\"ez-toc-icon-toggle-span\"><svg style=\"fill: #999;color:#999\" xmlns=\"http:\/\/www.w3.org\/2000\/svg\" class=\"list-377408\" width=\"20px\" height=\"20px\" viewbox=\"0 0 24 24\" fill=\"none\"><path d=\"M6 6H4v2h2V6zm14 0H8v2h12V6zM4 11h2v2H4v-2zm16 0H8v2h12v-2zM4 16h2v2H4v-2zm16 0H8v2h12v-2z\" fill=\"currentColor\"><\/path><\/svg><svg style=\"fill: #999;color:#999\" class=\"arrow-unsorted-368013\" xmlns=\"http:\/\/www.w3.org\/2000\/svg\" width=\"10px\" height=\"10px\" viewbox=\"0 0 24 24\" version=\"1.2\" baseprofile=\"tiny\"><path d=\"M18.2 9.3l-6.2-6.3-6.2 6.3c-.2.2-.3.4-.3.7s.1.5.3.7c.2.2.4.3.7.3h11c.3 0 .5-.1.7-.3.2-.2.3-.5.3-.7s-.1-.5-.3-.7zM5.8 14.7l6.2 6.3 6.2-6.3c.2-.2.3-.5.3-.7s-.1-.5-.3-.7c-.2-.2-.4-.3-.7-.3h-11c-.3 0-.5.1-.7.3-.2.2-.3.5-.3.7s.1.5.3.7z\"\/><\/svg><\/span><\/span><\/span><\/a><\/span><\/div>\n<nav><ul class='ez-toc-list ez-toc-list-level-1' ><li class='ez-toc-page-1 ez-toc-heading-level-2'><a class=\"ez-toc-link ez-toc-heading-1\" href=\"https:\/\/mythslegendes.com\/es\/mitologia-kiowa-comanche\/cuento-comanche-mofeta-burla-coyote\/#Skunk-Outwits-Coyote\" >Skunk burla a Coyote<\/a><\/li><\/ul><\/nav><\/div>\n<h2 class=\"elementor-heading-title elementor-size-default\"><span class=\"ez-toc-section\" id=\"Skunk-Outwits-Coyote\"><\/span>Skunk burla a Coyote<span class=\"ez-toc-section-end\"><\/span><\/h2>\t\t\t\t<\/div>\n\t\t\t\t<\/div>\n\t\t\t\t\t<\/div>\n\t\t<\/div>\n\t\t\t\t\t<\/div>\n\t\t<\/section>\n\t\t\t\t<section class=\"elementor-section elementor-top-section elementor-element elementor-element-e0efe25 elementor-section-boxed elementor-section-height-default elementor-section-height-default\" data-id=\"e0efe25\" data-element_type=\"section\" data-e-type=\"section\">\n\t\t\t\t\t\t<div class=\"elementor-container elementor-column-gap-default\">\n\t\t\t\t\t<div class=\"elementor-column elementor-col-100 elementor-top-column elementor-element elementor-element-ff164b2\" data-id=\"ff164b2\" data-element_type=\"column\" data-e-type=\"column\">\n\t\t\t<div class=\"elementor-widget-wrap elementor-element-populated\">\n\t\t\t\t\t\t<div class=\"elementor-element elementor-element-bc9af54 elementor-widget elementor-widget-text-editor\" data-id=\"bc9af54\" data-element_type=\"widget\" data-e-type=\"widget\" data-widget_type=\"text-editor.default\">\n\t\t\t\t<div class=\"elementor-widget-container\">\n\t\t\t\t\t\t\t\t\t<p>D\u00e9jame decirte c\u00f3mo Skunk burla a Coyote.<\/p><p>Coyote iba un d\u00eda con mucha hambre cuando se encontr\u00f3 con Skunk. \u201cHola, hermano\u201d, lo salud\u00f3 Coyote. &quot;Pareces hambriento y yo tambi\u00e9n. Si dirijo el camino, \u00bfte unir\u00e1s a m\u00ed en un truco para conseguir algo de comer?&quot; \u00bb<\/p><p>\u201cHar\u00e9 lo que me propongas\u201d, dijo Skunk.<\/p><p>\u201cUn pueblo de perros de la pradera est\u00e1 justo sobre esa colina. Ve all\u00ed, acu\u00e9state y hazte el muerto. Ir\u00e9 m\u00e1s tarde y les dir\u00e9 a los perritos de la pradera: &#039;Vengan, bailemos sobre el cuerpo de nuestro enemigo muerto&#039;. &quot;\u00a0<\/p><p>Skunk se pregunt\u00f3 c\u00f3mo conseguir\u00edan algo para comer haci\u00e9ndose los muertos y bailando. &quot;\u00bfPor qu\u00e9 deber\u00eda hacer esto? pregunt\u00f3.<\/p><p>\u201cAdelante\u201d, dijo Coyote. \u201cInflate y hazte el muerto. \u00bb<\/p><p>Skunk fue a la aldea de los perritos de la pradera y fingi\u00f3 estar muerta. Despu\u00e9s de un rato, Coyote lleg\u00f3 y vio varios perritos de las praderas jugando fuera de sus madrigueras. Estaban manteniendo una distancia entre ellos y Skunk.<\/p><p>\u201cOh, mira\u201d, grit\u00f3 Coyote, \u201cnuestro enemigo yace muerto ante nosotros. Ven, tendremos un baile para celebrar. Deje que todos salgan y luego tape los agujeros de las madrigueras. \u00bb<\/p><p>Los tontos perros de la pradera hicieron lo que les dijo. \u201cAhora\u201d, dijo Coyote, \u201cpar\u00e9monos todos en un gran c\u00edrculo y bailemos con los ojos cerrados. Si alguien abre los ojos para mirar, se convertir\u00e1 en algo malo. \u00bb<\/p><p>Tan pronto como los perros de la pradera comenzaron a bailar con los ojos cerrados, Coyote mat\u00f3 a uno de ellos. \u201cBueno, ahora\u201d, grit\u00f3, \u201cabramos todos los ojos. Los perritos de la pradera lo hicieron y se sorprendieron al ver a uno muerto. \u201cOh, querido\u201d, dijo Coyote, \u201cmira a este pobre hombre. Abri\u00f3 los ojos y muri\u00f3. Ahora, todos ustedes, cierren los ojos y bailen de nuevo. No mires, o t\u00fa tambi\u00e9n morir\u00e1s. \u00bb<\/p><p>Comenzaron a bailar una vez m\u00e1s, y uno por uno, Coyote los sac\u00f3 del c\u00edrculo de baile y los mat\u00f3. Por fin, uno de los perros de la pradera sospech\u00f3 y abri\u00f3 los ojos. \u201c\u00a1Oh, Coyote nos est\u00e1 matando! grit\u00f3, y todos los sobrevivientes corrieron a destapar sus agujeros y buscar seguridad en las madrigueras.<\/p><p>Skunk luego se puso de pie, ri\u00e9ndose de la facilidad con la que Coyote hab\u00eda hecho su truco. Ayud\u00f3 a recoger un poco de le\u00f1a seca y comenzaron a asar los perritos de las praderas que Coyote hab\u00eda matado.<\/p><p>La carne cocinada ol\u00eda tan bien que Coyote decidi\u00f3 que \u00e9l mismo quer\u00eda comer lo mejor. &quot;Hagamos una carrera&quot;, dijo. \u201cEl que gane podr\u00e1 elegir entre los perritos de la pradera m\u00e1s deliciosos. \u00bb<\/p><p>\u201cNo\u201d, respondi\u00f3 Skunk, \u201ceres demasiado r\u00e1pido. Soy un corredor lento y nunca puedo vencerte. \u00bb<\/p><p>\u201cBueno, me atar\u00e9 una piedra al pie\u201d, dijo Coyote.<\/p><p>\u201cSi te atas en una gran roca, te har\u00e9 una carrera. \u00bb<\/p><p>Decidieron correr alrededor de la parte inferior de la colina. \u201cMientras estoy atando esta piedra a mi pie\u201d, dijo Coyote, \u201csigue adelante. Te dar\u00e9 un comienzo y luego te alcanzar\u00e9. \u00bb<\/p><p>Skunk comenz\u00f3 a correr y pronto se perdi\u00f3 de vista alrededor de la colina. Coyote at\u00f3 una piedra a su pie y lo sigui\u00f3, lentamente al principio, pero pronto solt\u00f3 la piedra con una patada y duplic\u00f3 su velocidad. En el camino, sin embargo, Skunk hab\u00eda encontrado un mont\u00f3n de maleza, se precipit\u00f3 all\u00ed y se escondi\u00f3.<\/p><p>Tan pronto como vio a Coyote pasar corriendo, Skunk se volvi\u00f3 hacia el fuego. Sac\u00f3 todos los perritos de las praderas asados de las brasas, excepto dos peque\u00f1os y huesudos que no quer\u00eda. Luego cort\u00f3 las colas y las volvi\u00f3 a meter en las cenizas, y llev\u00f3 la carne a la pila de maleza.<\/p><p>Mientras tanto, Coyote segu\u00eda trotando alrededor de la colina, seguro de que Skunk corr\u00eda justo delante de \u00e9l. Mientras corr\u00eda, se dijo a s\u00ed mismo: \u201cMe pregunto d\u00f3nde est\u00e1 ese tonto de Skunk. No sab\u00eda que pod\u00eda correr tan r\u00e1pido. Pronto dio la vuelta al fuego para cocinar y vio las colas de perrito de las praderas sobresaliendo de las cenizas. Agarr\u00f3 uno y se le escap\u00f3. Prob\u00f3 con otro. \u201cOh, pero est\u00e1n bien cocinados\u201d, dijo. Prob\u00f3 con otro. Entonces sospech\u00f3 que algo andaba mal.<\/p><p>Tomando un palo, Coyote rastrill\u00f3 las brasas, pero solo encontr\u00f3 los dos perritos huesudos de las praderas que Skunk hab\u00eda rechazado. &quot;Alguien debe haber robado nuestra carne&quot;, dijo, y luego se comi\u00f3 los dos peque\u00f1os e ins\u00edpidos.<\/p><p>Skunk, que en ese momento se hab\u00eda dado un fest\u00edn con la deliciosa carne, se hab\u00eda deslizado hasta la cima de la colina y estaba mirando a Coyote. Cuando Coyote comenz\u00f3 a buscar por todos lados para ver qui\u00e9n podr\u00eda haber robado la carne, Skunk le arroj\u00f3 algunos huesos de perrito de las praderas.<\/p><p>Coyote mir\u00f3 hacia arriba y lo vio. &quot;\u00a1Te llevaste todos los perritos de la pradera deliciosos!&quot; grit\u00f3. \u201cDame algunos de ellos. \u00bb<\/p><p>\u201cNo\u201d, respondi\u00f3 Mofeta. \u201cCorrimos una carrera por ellos. te gan\u00e9 Me los voy a comer todos. \u00bb<\/p><p>Coyote rog\u00f3 y rog\u00f3 por algunos de los deliciosos perritos de la pradera, pero mientras a\u00fan suplicaba, Skunk se trag\u00f3 el \u00faltimo bocado de carne. Era mejor tramposo que Coyote.<\/p><p>\u00a1Esta fue la historia de Skunk Outwits Coyote!<\/p>\t\t\t\t\t\t\t\t<\/div>\n\t\t\t\t<\/div>\n\t\t\t\t\t<\/div>\n\t\t<\/div>\n\t\t\t\t\t<\/div>\n\t\t<\/section>\n\t\t\t\t<\/div>","protected":false},"excerpt":{"rendered":"<p>Kiowa-Comanche Mythology Wiki Los Kiowas emigraron a trav\u00e9s de la cuenca del r\u00edo Platte al \u00e1rea del r\u00edo Arkansas. All\u00ed se enfrentaron con los comanches. Aqu\u00ed est\u00e1 \u2026 <\/p>","protected":false},"author":1,"featured_media":0,"parent":3983,"menu_order":0,"comment_status":"closed","ping_status":"closed","template":"","meta":{"footnotes":""},"class_list":["post-22359","page","type-page","status-publish","hentry"],"amp_enabled":true,"_links":{"self":[{"href":"https:\/\/mythslegendes.com\/es\/wp-json\/wp\/v2\/pages\/22359","targetHints":{"allow":["GET"]}}],"collection":[{"href":"https:\/\/mythslegendes.com\/es\/wp-json\/wp\/v2\/pages"}],"about":[{"href":"https:\/\/mythslegendes.com\/es\/wp-json\/wp\/v2\/types\/page"}],"author":[{"embeddable":true,"href":"https:\/\/mythslegendes.com\/es\/wp-json\/wp\/v2\/users\/1"}],"replies":[{"embeddable":true,"href":"https:\/\/mythslegendes.com\/es\/wp-json\/wp\/v2\/comments?post=22359"}],"version-history":[{"count":3,"href":"https:\/\/mythslegendes.com\/es\/wp-json\/wp\/v2\/pages\/22359\/revisions"}],"predecessor-version":[{"id":22366,"href":"https:\/\/mythslegendes.com\/es\/wp-json\/wp\/v2\/pages\/22359\/revisions\/22366"}],"up":[{"embeddable":true,"href":"https:\/\/mythslegendes.com\/es\/wp-json\/wp\/v2\/pages\/3983"}],"wp:attachment":[{"href":"https:\/\/mythslegendes.com\/es\/wp-json\/wp\/v2\/media?parent=22359"}],"curies":[{"name":"wp","href":"https:\/\/api.w.org\/{rel}","templated":true}]}}